{"id":11463,"date":"2024-11-26T08:44:38","date_gmt":"2024-11-26T11:44:38","guid":{"rendered":"https:\/\/deputadotaveirajr.com.br\/index.php\/ministro-da-casa-civil-diz-que-governo-repassou-dinheiro-para-exercito-manter-operacao-carro-pipa\/"},"modified":"2024-11-26T08:44:38","modified_gmt":"2024-11-26T11:44:38","slug":"ministro-da-casa-civil-diz-que-governo-repassou-dinheiro-para-exercito-manter-operacao-carro-pipa","status":"publish","type":"page","link":"https:\/\/deputadotaveirajr.com.br\/index.php\/ministro-da-casa-civil-diz-que-governo-repassou-dinheiro-para-exercito-manter-operacao-carro-pipa\/","title":{"rendered":"Ministro da Casa Civil diz que governo repassou dinheiro para Ex\u00e9rcito manter Opera\u00e7\u00e3o Carro-Pipa"},"content":{"rendered":"<p>     Declara\u00e7\u00e3o de Rui Costa foi feita no Rio Grande do Norte, onde ministro vai participar de reuni\u00e3o com governo e prefeitos sobre o Novo PAC. Ministro Rui Costa em entrevista ao Bom Dia RN<br \/>\nInter TV Cabugi<br \/>\nEm visita ao Rio Grande do Norte nesta ter\u00e7a-feira (26), o ministro da Casa Civil, Rui Costa, afirmou que o governo federal repassou recursos ao Ex\u00e9rcito para garantir o funcionamento da opera\u00e7\u00e3o de carros-pipa at\u00e9 o fim do ano.<br \/>\nSegundo o ministro, a transfer\u00eancia de recursos aconteceu ainda na segunda (25) e a situa\u00e7\u00e3o dever\u00e1 ser regularizada ao longo do dia.<br \/>\n&#8220;O ministro da integra\u00e7\u00e3o inclusive veio comigo, ontem mesmo ele j\u00e1 resolveu esse problema burocr\u00e1tico, houve a transfer\u00eancia de recurso para o Ex\u00e9rcito e a partir de hoje a situa\u00e7\u00e3o ser\u00e1 totalmente regularizada. Foi transferido um montante de recurso, portanto os recursos est\u00e3o garantidos at\u00e9 o final do ano e em janeiro com o novo or\u00e7amento&#8221;, declarou em entrevista ao Bom Dia RN.<br \/>\nA declara\u00e7\u00e3o do ministro foi dada ap\u00f3s o Ex\u00e9rcito confirmar a suspens\u00e3o da opera\u00e7\u00e3o carro-pipa nesta segunda-feira (25). O servi\u00e7o leva \u00e1gua pot\u00e1vel a \u00e1reas sem o abastecimento de \u00e1gua regular na regi\u00e3o Nordeste e em parte de Minas Gerais.<br \/>\nPAC<br \/>\nO ministro est\u00e1 no Rio Grande do Norte para participar de reuni\u00e3o com o governo do estado e prefeitos dos munic\u00edpios potiguares sobre o Novo Programa de Acelera\u00e7\u00e3o do Crescimento (PAC). O estado tem 244 projetos aprovados no programa.<br \/>\nGoverno detalha 8 projetos do RN inclu\u00eddos no Novo PAC; confira<br \/>\nRN tem 222 obras e equipamentos previstos em investimento do Novo PAC Sele\u00e7\u00f5es; veja quais<br \/>\n&#8220;N\u00f3s temos obras como a duplica\u00e7\u00e3o da BR-304 aqui, toda a sua extens\u00e3o, uma parte j\u00e1 est\u00e1 em obra e outra parte concluindo o projeto executivo. Temos obras como o novo hospital metropolitano, que o governo do estado deve licitar agora em dezembro, uma nova maternidade, uma policl\u00ednica, dezenas de postos de sa\u00fade que ser\u00e3o executados pelo munic\u00edpio, escolas de tempo integral, creches, enfim, muitas obras de cunho social, como tamb\u00e9m do ponto de vista da infraestrutura&#8221;, afirmou.<br \/>\nO ministro ainda citou a constru\u00e7\u00e3o da barragem de Oiticica, disse que o barramento deve ficar pronto at\u00e9 janeiro e que o governo enviou pouco mais de R$ 100 milh\u00f5es para obras complementares, como remanejamento de rede el\u00e9trica, de habita\u00e7\u00f5es e estradas.<br \/>\nOutra obra citada pelo ministro \u00e9 a constru\u00e7\u00e3o do Ramal do Apodi, com investimentos de R$ 1,5 bilh\u00e3o, que ele classificou como &#8220;uma das obras de melhor execu\u00e7\u00e3o no pa\u00eds&#8221; e que deve ser entregue at\u00e9 o final de 2025.<br \/>\nRui Costa ainda afirmou que o governo federal deve receber at\u00e9 janeiro o resultado de um estudo solicitado ao Banco Nacional de Desenvolvimento Econ\u00f4mico e Social (BNDES) sobre a moderniza\u00e7\u00e3o do sistema de trens que atende a regi\u00e3o metropolitana de Natal.<br \/>\nVeja os v\u00eddeos mais assistidos no g1 RN<\/p>","protected":false},"excerpt":{"rendered":"<p>Declara\u00e7\u00e3o de Rui Costa foi feita no Rio Grande do Norte, onde ministro vai participar de reuni\u00e3o com governo e prefeitos sobre o Novo PAC. Ministro Rui Costa em entrevista &#8230;<\/p>\n","protected":false},"author":0,"featured_media":11464,"parent":0,"menu_order":0,"comment_status":"closed","ping_status":"closed","template":"","meta":{"footnotes":""},"class_list":["post-11463","page","type-page","status-publish","has-post-thumbnail","hentry"],"yoast_head":"<!-- This site is optimized with the Yoast SEO plugin v27.1.1 - https:\/\/yoast.com\/product\/yoast-seo-wordpress\/ -->\n<title>Ministro da Casa Civil diz que governo repassou dinheiro para Ex\u00e9rcito manter Opera\u00e7\u00e3o Carro-Pipa - Taveira Jr<\/title>\n<meta name=\"robots\" content=\"index, follow, max-snippet:-1, max-image-preview:large, max-video-preview:-1\" \/>\n<link rel=\"canonical\" href=\"https:\/\/deputadotaveirajr.com.br\/index.php\/ministro-da-casa-civil-diz-que-governo-repassou-dinheiro-para-exercito-manter-operacao-carro-pipa\/\" \/>\n<meta property=\"og:locale\" content=\"pt_BR\" \/>\n<meta property=\"og:type\" content=\"article\" \/>\n<meta property=\"og:title\" content=\"Ministro da Casa Civil diz que governo repassou dinheiro para Ex\u00e9rcito manter Opera\u00e7\u00e3o Carro-Pipa - Taveira Jr\" \/>\n<meta property=\"og:description\" content=\"Declara\u00e7\u00e3o de Rui Costa foi feita no Rio Grande do Norte, onde ministro vai participar de reuni\u00e3o com governo e prefeitos sobre o Novo PAC. Ministro Rui Costa em entrevista ...\" \/>\n<meta property=\"og:url\" content=\"https:\/\/deputadotaveirajr.com.br\/index.php\/ministro-da-casa-civil-diz-que-governo-repassou-dinheiro-para-exercito-manter-operacao-carro-pipa\/\" \/>\n<meta property=\"og:site_name\" content=\"Taveira Jr\" \/>\n<meta name=\"twitter:card\" content=\"summary_large_image\" \/>\n<meta name=\"twitter:label1\" content=\"Est. tempo de leitura\" \/>\n\t<meta name=\"twitter:data1\" content=\"3 minutos\" \/>\n<script type=\"application\/ld+json\" class=\"yoast-schema-graph\">{\"@context\":\"https:\/\/schema.org\",\"@graph\":[{\"@type\":\"WebPage\",\"@id\":\"https:\/\/deputadotaveirajr.com.br\/index.php\/ministro-da-casa-civil-diz-que-governo-repassou-dinheiro-para-exercito-manter-operacao-carro-pipa\/\",\"url\":\"https:\/\/deputadotaveirajr.com.br\/index.php\/ministro-da-casa-civil-diz-que-governo-repassou-dinheiro-para-exercito-manter-operacao-carro-pipa\/\",\"name\":\"Ministro da Casa Civil diz que governo repassou dinheiro para Ex\u00e9rcito manter Opera\u00e7\u00e3o Carro-Pipa - Taveira Jr\",\"isPartOf\":{\"@id\":\"https:\/\/deputadotaveirajr.com.br\/#website\"},\"primaryImageOfPage\":{\"@id\":\"https:\/\/deputadotaveirajr.com.br\/index.php\/ministro-da-casa-civil-diz-que-governo-repassou-dinheiro-para-exercito-manter-operacao-carro-pipa\/#primaryimage\"},\"image\":{\"@id\":\"https:\/\/deputadotaveirajr.com.br\/index.php\/ministro-da-casa-civil-diz-que-governo-repassou-dinheiro-para-exercito-manter-operacao-carro-pipa\/#primaryimage\"},\"thumbnailUrl\":\"https:\/\/deputadotaveirajr.com.br\/wp-content\/uploads\/2024\/11\/rui-costa-zxiN3D.jpeg\",\"datePublished\":\"2024-11-26T11:44:38+00:00\",\"breadcrumb\":{\"@id\":\"https:\/\/deputadotaveirajr.com.br\/index.php\/ministro-da-casa-civil-diz-que-governo-repassou-dinheiro-para-exercito-manter-operacao-carro-pipa\/#breadcrumb\"},\"inLanguage\":\"pt-BR\",\"potentialAction\":[{\"@type\":\"ReadAction\",\"target\":[\"https:\/\/deputadotaveirajr.com.br\/index.php\/ministro-da-casa-civil-diz-que-governo-repassou-dinheiro-para-exercito-manter-operacao-carro-pipa\/\"]}]},{\"@type\":\"ImageObject\",\"inLanguage\":\"pt-BR\",\"@id\":\"https:\/\/deputadotaveirajr.com.br\/index.php\/ministro-da-casa-civil-diz-que-governo-repassou-dinheiro-para-exercito-manter-operacao-carro-pipa\/#primaryimage\",\"url\":\"https:\/\/deputadotaveirajr.com.br\/wp-content\/uploads\/2024\/11\/rui-costa-zxiN3D.jpeg\",\"contentUrl\":\"https:\/\/deputadotaveirajr.com.br\/wp-content\/uploads\/2024\/11\/rui-costa-zxiN3D.jpeg\",\"width\":1356,\"height\":768},{\"@type\":\"BreadcrumbList\",\"@id\":\"https:\/\/deputadotaveirajr.com.br\/index.php\/ministro-da-casa-civil-diz-que-governo-repassou-dinheiro-para-exercito-manter-operacao-carro-pipa\/#breadcrumb\",\"itemListElement\":[{\"@type\":\"ListItem\",\"position\":1,\"name\":\"In\u00edcio\",\"item\":\"https:\/\/deputadotaveirajr.com.br\/\"},{\"@type\":\"ListItem\",\"position\":2,\"name\":\"Ministro da Casa Civil diz que governo repassou dinheiro para Ex\u00e9rcito manter Opera\u00e7\u00e3o Carro-Pipa\"}]},{\"@type\":\"WebSite\",\"@id\":\"https:\/\/deputadotaveirajr.com.br\/#website\",\"url\":\"https:\/\/deputadotaveirajr.com.br\/\",\"name\":\"Taveira Jr\",\"description\":\"Deputado Estadual\",\"publisher\":{\"@id\":\"https:\/\/deputadotaveirajr.com.br\/#organization\"},\"potentialAction\":[{\"@type\":\"SearchAction\",\"target\":{\"@type\":\"EntryPoint\",\"urlTemplate\":\"https:\/\/deputadotaveirajr.com.br\/?s={search_term_string}\"},\"query-input\":{\"@type\":\"PropertyValueSpecification\",\"valueRequired\":true,\"valueName\":\"search_term_string\"}}],\"inLanguage\":\"pt-BR\"},{\"@type\":\"Organization\",\"@id\":\"https:\/\/deputadotaveirajr.com.br\/#organization\",\"name\":\"Taveira Jr\",\"url\":\"https:\/\/deputadotaveirajr.com.br\/\",\"logo\":{\"@type\":\"ImageObject\",\"inLanguage\":\"pt-BR\",\"@id\":\"https:\/\/deputadotaveirajr.com.br\/#\/schema\/logo\/image\/\",\"url\":\"https:\/\/deputadotaveirajr.com.br\/wp-content\/uploads\/2026\/01\/logolow2a.png\",\"contentUrl\":\"https:\/\/deputadotaveirajr.com.br\/wp-content\/uploads\/2026\/01\/logolow2a.png\",\"width\":290,\"height\":80,\"caption\":\"Taveira Jr\"},\"image\":{\"@id\":\"https:\/\/deputadotaveirajr.com.br\/#\/schema\/logo\/image\/\"}}]}<\/script>\n<!-- \/ Yoast SEO plugin. -->","yoast_head_json":{"title":"Ministro da Casa Civil diz que governo repassou dinheiro para Ex\u00e9rcito manter Opera\u00e7\u00e3o Carro-Pipa - Taveira Jr","robots":{"index":"index","follow":"follow","max-snippet":"max-snippet:-1","max-image-preview":"max-image-preview:large","max-video-preview":"max-video-preview:-1"},"canonical":"https:\/\/deputadotaveirajr.com.br\/index.php\/ministro-da-casa-civil-diz-que-governo-repassou-dinheiro-para-exercito-manter-operacao-carro-pipa\/","og_locale":"pt_BR","og_type":"article","og_title":"Ministro da Casa Civil diz que governo repassou dinheiro para Ex\u00e9rcito manter Opera\u00e7\u00e3o Carro-Pipa - Taveira Jr","og_description":"Declara\u00e7\u00e3o de Rui Costa foi feita no Rio Grande do Norte, onde ministro vai participar de reuni\u00e3o com governo e prefeitos sobre o Novo PAC. Ministro Rui Costa em entrevista ...","og_url":"https:\/\/deputadotaveirajr.com.br\/index.php\/ministro-da-casa-civil-diz-que-governo-repassou-dinheiro-para-exercito-manter-operacao-carro-pipa\/","og_site_name":"Taveira Jr","twitter_card":"summary_large_image","twitter_misc":{"Est. tempo de leitura":"3 minutos"},"schema":{"@context":"https:\/\/schema.org","@graph":[{"@type":"WebPage","@id":"https:\/\/deputadotaveirajr.com.br\/index.php\/ministro-da-casa-civil-diz-que-governo-repassou-dinheiro-para-exercito-manter-operacao-carro-pipa\/","url":"https:\/\/deputadotaveirajr.com.br\/index.php\/ministro-da-casa-civil-diz-que-governo-repassou-dinheiro-para-exercito-manter-operacao-carro-pipa\/","name":"Ministro da Casa Civil diz que governo repassou dinheiro para Ex\u00e9rcito manter Opera\u00e7\u00e3o Carro-Pipa - Taveira Jr","isPartOf":{"@id":"https:\/\/deputadotaveirajr.com.br\/#website"},"primaryImageOfPage":{"@id":"https:\/\/deputadotaveirajr.com.br\/index.php\/ministro-da-casa-civil-diz-que-governo-repassou-dinheiro-para-exercito-manter-operacao-carro-pipa\/#primaryimage"},"image":{"@id":"https:\/\/deputadotaveirajr.com.br\/index.php\/ministro-da-casa-civil-diz-que-governo-repassou-dinheiro-para-exercito-manter-operacao-carro-pipa\/#primaryimage"},"thumbnailUrl":"https:\/\/deputadotaveirajr.com.br\/wp-content\/uploads\/2024\/11\/rui-costa-zxiN3D.jpeg","datePublished":"2024-11-26T11:44:38+00:00","breadcrumb":{"@id":"https:\/\/deputadotaveirajr.com.br\/index.php\/ministro-da-casa-civil-diz-que-governo-repassou-dinheiro-para-exercito-manter-operacao-carro-pipa\/#breadcrumb"},"inLanguage":"pt-BR","potentialAction":[{"@type":"ReadAction","target":["https:\/\/deputadotaveirajr.com.br\/index.php\/ministro-da-casa-civil-diz-que-governo-repassou-dinheiro-para-exercito-manter-operacao-carro-pipa\/"]}]},{"@type":"ImageObject","inLanguage":"pt-BR","@id":"https:\/\/deputadotaveirajr.com.br\/index.php\/ministro-da-casa-civil-diz-que-governo-repassou-dinheiro-para-exercito-manter-operacao-carro-pipa\/#primaryimage","url":"https:\/\/deputadotaveirajr.com.br\/wp-content\/uploads\/2024\/11\/rui-costa-zxiN3D.jpeg","contentUrl":"https:\/\/deputadotaveirajr.com.br\/wp-content\/uploads\/2024\/11\/rui-costa-zxiN3D.jpeg","width":1356,"height":768},{"@type":"BreadcrumbList","@id":"https:\/\/deputadotaveirajr.com.br\/index.php\/ministro-da-casa-civil-diz-que-governo-repassou-dinheiro-para-exercito-manter-operacao-carro-pipa\/#breadcrumb","itemListElement":[{"@type":"ListItem","position":1,"name":"In\u00edcio","item":"https:\/\/deputadotaveirajr.com.br\/"},{"@type":"ListItem","position":2,"name":"Ministro da Casa Civil diz que governo repassou dinheiro para Ex\u00e9rcito manter Opera\u00e7\u00e3o Carro-Pipa"}]},{"@type":"WebSite","@id":"https:\/\/deputadotaveirajr.com.br\/#website","url":"https:\/\/deputadotaveirajr.com.br\/","name":"Taveira Jr","description":"Deputado Estadual","publisher":{"@id":"https:\/\/deputadotaveirajr.com.br\/#organization"},"potentialAction":[{"@type":"SearchAction","target":{"@type":"EntryPoint","urlTemplate":"https:\/\/deputadotaveirajr.com.br\/?s={search_term_string}"},"query-input":{"@type":"PropertyValueSpecification","valueRequired":true,"valueName":"search_term_string"}}],"inLanguage":"pt-BR"},{"@type":"Organization","@id":"https:\/\/deputadotaveirajr.com.br\/#organization","name":"Taveira Jr","url":"https:\/\/deputadotaveirajr.com.br\/","logo":{"@type":"ImageObject","inLanguage":"pt-BR","@id":"https:\/\/deputadotaveirajr.com.br\/#\/schema\/logo\/image\/","url":"https:\/\/deputadotaveirajr.com.br\/wp-content\/uploads\/2026\/01\/logolow2a.png","contentUrl":"https:\/\/deputadotaveirajr.com.br\/wp-content\/uploads\/2026\/01\/logolow2a.png","width":290,"height":80,"caption":"Taveira Jr"},"image":{"@id":"https:\/\/deputadotaveirajr.com.br\/#\/schema\/logo\/image\/"}}]}},"_links":{"self":[{"href":"https:\/\/deputadotaveirajr.com.br\/index.php\/wp-json\/wp\/v2\/pages\/11463","targetHints":{"allow":["GET"]}}],"collection":[{"href":"https:\/\/deputadotaveirajr.com.br\/index.php\/wp-json\/wp\/v2\/pages"}],"about":[{"href":"https:\/\/deputadotaveirajr.com.br\/index.php\/wp-json\/wp\/v2\/types\/page"}],"replies":[{"embeddable":true,"href":"https:\/\/deputadotaveirajr.com.br\/index.php\/wp-json\/wp\/v2\/comments?post=11463"}],"version-history":[{"count":0,"href":"https:\/\/deputadotaveirajr.com.br\/index.php\/wp-json\/wp\/v2\/pages\/11463\/revisions"}],"wp:featuredmedia":[{"embeddable":true,"href":"https:\/\/deputadotaveirajr.com.br\/index.php\/wp-json\/wp\/v2\/media\/11464"}],"wp:attachment":[{"href":"https:\/\/deputadotaveirajr.com.br\/index.php\/wp-json\/wp\/v2\/media?parent=11463"}],"curies":[{"name":"wp","href":"https:\/\/api.w.org\/{rel}","templated":true}]}}