{"id":11467,"date":"2024-11-26T12:54:37","date_gmt":"2024-11-26T15:54:37","guid":{"rendered":"https:\/\/deputadotaveirajr.com.br\/index.php\/senar-abre-inscricoes-para-225-vagas-em-cursos-tecnicos-gratuitos-no-rn\/"},"modified":"2024-11-26T12:54:37","modified_gmt":"2024-11-26T15:54:37","slug":"senar-abre-inscricoes-para-225-vagas-em-cursos-tecnicos-gratuitos-no-rn","status":"publish","type":"page","link":"https:\/\/deputadotaveirajr.com.br\/index.php\/senar-abre-inscricoes-para-225-vagas-em-cursos-tecnicos-gratuitos-no-rn\/","title":{"rendered":"Senar abre inscri\u00e7\u00f5es para 225 vagas em cursos t\u00e9cnicos gratuitos no RN"},"content":{"rendered":"<p>     Cursos s\u00e3o oferecidos em oito polos e acontecem na modalidade \u00e0 dist\u00e2ncia a partir do primeiro semestre de 2025.  Senar abre inscri\u00e7\u00e3o para cursos no RN<br \/>\nDivulga\u00e7\u00e3o<br \/>\nO Servi\u00e7o Nacional de Aprendizagem Rural (Senar) abriu nesta segunda-feira (25) as inscri\u00e7\u00f5es para 225 vagas em cursos t\u00e9cnicos de N\u00edvel M\u00e9dio na modalidade a dist\u00e2ncia, com in\u00edcio no primeiro semestre de 2025, no Rio Grande do Norte.<br \/>\nAs oportunidades est\u00e3o distribu\u00eddas em oito polos de ensino, nos cursos t\u00e9cnicos em Agropecu\u00e1ria, Agricultura, Fruticultura e em Zootecnia.<br \/>\n\ud83d\udcf3Participe do canal do g1 RN no WhatsApp<br \/>\nProdutores rurais, seus familiares e colaboradores t\u00eam prioridade na sele\u00e7\u00e3o e devem apresentar documento que comprove a atividade rural, al\u00e9m do hist\u00f3rico escolar, certificado de conclus\u00e3o do Ensino M\u00e9dio, RG e CPF.<br \/>\nO processo seletivo acontece em duas etapas, com an\u00e1lise de documenta\u00e7\u00e3o e classifica\u00e7\u00e3o dos inscritos. O candidato que estiver com matr\u00edcula ativa em qualquer curso de n\u00edvel m\u00e9dio do Senar n\u00e3o poder\u00e1 participar da sele\u00e7\u00e3o.<br \/>\nA lista dos candidatos classificados antes dos recursos ser\u00e1 divulgada no dia 31 de janeiro de 2025, e o resultado final estar\u00e1 dispon\u00edvel a partir do dia 5 de fevereiro no portal da Rede e-Tec do Senar.<br \/>\nAs inscri\u00e7\u00f5es podem ser feitas at\u00e9 o dia 17 de janeiro de 2025. Para ler o edital da sele\u00e7\u00e3o e fazer a inscri\u00e7\u00e3o, basta acessar o site da entidade (aqui).<br \/>\nVagas oferecidas no RN<br \/>\nT\u00e9cnico em Agropecu\u00e1ria<br \/>\nPolo Jucurutu \u2013 25 vagas<br \/>\nPolo Mossor\u00f3 \u2013 25 vagas<br \/>\nPolo Pau dos Ferros \u2013 25 vagas<br \/>\nPolo S\u00e3o Paulo do Potengi \u2013 25 vagas<br \/>\nT\u00e9cnico em Agricultura<br \/>\nPolo Jardim do Serid\u00f3 \u2013 25 vagas<br \/>\nT\u00e9cnico em Fruticultura<br \/>\nPolo Apodi \u2013 25 vagas<br \/>\nPolo Mossor\u00f3 \u2013 25 vagas<br \/>\nT\u00e9cnico em Zootecnia<br \/>\nPolo Lajes \u2013 25 vagas<br \/>\nPolo Santo Ant\u00f4nio \u2013 25 vagas<br \/>\nVeja os v\u00eddeos mais assistidos no g1 RN<\/p>","protected":false},"excerpt":{"rendered":"<p>Cursos s\u00e3o oferecidos em oito polos e acontecem na modalidade \u00e0 dist\u00e2ncia a partir do primeiro semestre de 2025. Senar abre inscri\u00e7\u00e3o para cursos no RN Divulga\u00e7\u00e3o O Servi\u00e7o Nacional &#8230;<\/p>\n","protected":false},"author":0,"featured_media":11468,"parent":0,"menu_order":0,"comment_status":"closed","ping_status":"closed","template":"","meta":{"footnotes":""},"class_list":["post-11467","page","type-page","status-publish","has-post-thumbnail","hentry"],"yoast_head":"<!-- This site is optimized with the Yoast SEO plugin v27.1.1 - https:\/\/yoast.com\/product\/yoast-seo-wordpress\/ -->\n<title>Senar abre inscri\u00e7\u00f5es para 225 vagas em cursos t\u00e9cnicos gratuitos no RN - Taveira Jr<\/title>\n<meta name=\"robots\" content=\"index, follow, max-snippet:-1, max-image-preview:large, max-video-preview:-1\" \/>\n<link rel=\"canonical\" href=\"https:\/\/deputadotaveirajr.com.br\/index.php\/senar-abre-inscricoes-para-225-vagas-em-cursos-tecnicos-gratuitos-no-rn\/\" \/>\n<meta property=\"og:locale\" content=\"pt_BR\" \/>\n<meta property=\"og:type\" content=\"article\" \/>\n<meta property=\"og:title\" content=\"Senar abre inscri\u00e7\u00f5es para 225 vagas em cursos t\u00e9cnicos gratuitos no RN - Taveira Jr\" \/>\n<meta property=\"og:description\" content=\"Cursos s\u00e3o oferecidos em oito polos e acontecem na modalidade \u00e0 dist\u00e2ncia a partir do primeiro semestre de 2025. Senar abre inscri\u00e7\u00e3o para cursos no RN Divulga\u00e7\u00e3o O Servi\u00e7o Nacional ...\" \/>\n<meta property=\"og:url\" content=\"https:\/\/deputadotaveirajr.com.br\/index.php\/senar-abre-inscricoes-para-225-vagas-em-cursos-tecnicos-gratuitos-no-rn\/\" \/>\n<meta property=\"og:site_name\" content=\"Taveira Jr\" \/>\n<meta name=\"twitter:card\" content=\"summary_large_image\" \/>\n<meta name=\"twitter:label1\" content=\"Est. tempo de leitura\" \/>\n\t<meta name=\"twitter:data1\" content=\"2 minutos\" \/>\n<script type=\"application\/ld+json\" class=\"yoast-schema-graph\">{\"@context\":\"https:\/\/schema.org\",\"@graph\":[{\"@type\":\"WebPage\",\"@id\":\"https:\/\/deputadotaveirajr.com.br\/index.php\/senar-abre-inscricoes-para-225-vagas-em-cursos-tecnicos-gratuitos-no-rn\/\",\"url\":\"https:\/\/deputadotaveirajr.com.br\/index.php\/senar-abre-inscricoes-para-225-vagas-em-cursos-tecnicos-gratuitos-no-rn\/\",\"name\":\"Senar abre inscri\u00e7\u00f5es para 225 vagas em cursos t\u00e9cnicos gratuitos no RN - Taveira Jr\",\"isPartOf\":{\"@id\":\"https:\/\/deputadotaveirajr.com.br\/#website\"},\"primaryImageOfPage\":{\"@id\":\"https:\/\/deputadotaveirajr.com.br\/index.php\/senar-abre-inscricoes-para-225-vagas-em-cursos-tecnicos-gratuitos-no-rn\/#primaryimage\"},\"image\":{\"@id\":\"https:\/\/deputadotaveirajr.com.br\/index.php\/senar-abre-inscricoes-para-225-vagas-em-cursos-tecnicos-gratuitos-no-rn\/#primaryimage\"},\"thumbnailUrl\":\"https:\/\/deputadotaveirajr.com.br\/wp-content\/uploads\/2024\/11\/whatsapp-image-2024-11-26-at-09.52.10-DahVLt.jpeg\",\"datePublished\":\"2024-11-26T15:54:37+00:00\",\"breadcrumb\":{\"@id\":\"https:\/\/deputadotaveirajr.com.br\/index.php\/senar-abre-inscricoes-para-225-vagas-em-cursos-tecnicos-gratuitos-no-rn\/#breadcrumb\"},\"inLanguage\":\"pt-BR\",\"potentialAction\":[{\"@type\":\"ReadAction\",\"target\":[\"https:\/\/deputadotaveirajr.com.br\/index.php\/senar-abre-inscricoes-para-225-vagas-em-cursos-tecnicos-gratuitos-no-rn\/\"]}]},{\"@type\":\"ImageObject\",\"inLanguage\":\"pt-BR\",\"@id\":\"https:\/\/deputadotaveirajr.com.br\/index.php\/senar-abre-inscricoes-para-225-vagas-em-cursos-tecnicos-gratuitos-no-rn\/#primaryimage\",\"url\":\"https:\/\/deputadotaveirajr.com.br\/wp-content\/uploads\/2024\/11\/whatsapp-image-2024-11-26-at-09.52.10-DahVLt.jpeg\",\"contentUrl\":\"https:\/\/deputadotaveirajr.com.br\/wp-content\/uploads\/2024\/11\/whatsapp-image-2024-11-26-at-09.52.10-DahVLt.jpeg\",\"width\":1600,\"height\":1200},{\"@type\":\"BreadcrumbList\",\"@id\":\"https:\/\/deputadotaveirajr.com.br\/index.php\/senar-abre-inscricoes-para-225-vagas-em-cursos-tecnicos-gratuitos-no-rn\/#breadcrumb\",\"itemListElement\":[{\"@type\":\"ListItem\",\"position\":1,\"name\":\"In\u00edcio\",\"item\":\"https:\/\/deputadotaveirajr.com.br\/\"},{\"@type\":\"ListItem\",\"position\":2,\"name\":\"Senar abre inscri\u00e7\u00f5es para 225 vagas em cursos t\u00e9cnicos gratuitos no RN\"}]},{\"@type\":\"WebSite\",\"@id\":\"https:\/\/deputadotaveirajr.com.br\/#website\",\"url\":\"https:\/\/deputadotaveirajr.com.br\/\",\"name\":\"Taveira Jr\",\"description\":\"Deputado Estadual\",\"publisher\":{\"@id\":\"https:\/\/deputadotaveirajr.com.br\/#organization\"},\"potentialAction\":[{\"@type\":\"SearchAction\",\"target\":{\"@type\":\"EntryPoint\",\"urlTemplate\":\"https:\/\/deputadotaveirajr.com.br\/?s={search_term_string}\"},\"query-input\":{\"@type\":\"PropertyValueSpecification\",\"valueRequired\":true,\"valueName\":\"search_term_string\"}}],\"inLanguage\":\"pt-BR\"},{\"@type\":\"Organization\",\"@id\":\"https:\/\/deputadotaveirajr.com.br\/#organization\",\"name\":\"Taveira Jr\",\"url\":\"https:\/\/deputadotaveirajr.com.br\/\",\"logo\":{\"@type\":\"ImageObject\",\"inLanguage\":\"pt-BR\",\"@id\":\"https:\/\/deputadotaveirajr.com.br\/#\/schema\/logo\/image\/\",\"url\":\"https:\/\/deputadotaveirajr.com.br\/wp-content\/uploads\/2026\/01\/logolow2a.png\",\"contentUrl\":\"https:\/\/deputadotaveirajr.com.br\/wp-content\/uploads\/2026\/01\/logolow2a.png\",\"width\":290,\"height\":80,\"caption\":\"Taveira Jr\"},\"image\":{\"@id\":\"https:\/\/deputadotaveirajr.com.br\/#\/schema\/logo\/image\/\"}}]}<\/script>\n<!-- \/ Yoast SEO plugin. -->","yoast_head_json":{"title":"Senar abre inscri\u00e7\u00f5es para 225 vagas em cursos t\u00e9cnicos gratuitos no RN - Taveira Jr","robots":{"index":"index","follow":"follow","max-snippet":"max-snippet:-1","max-image-preview":"max-image-preview:large","max-video-preview":"max-video-preview:-1"},"canonical":"https:\/\/deputadotaveirajr.com.br\/index.php\/senar-abre-inscricoes-para-225-vagas-em-cursos-tecnicos-gratuitos-no-rn\/","og_locale":"pt_BR","og_type":"article","og_title":"Senar abre inscri\u00e7\u00f5es para 225 vagas em cursos t\u00e9cnicos gratuitos no RN - Taveira Jr","og_description":"Cursos s\u00e3o oferecidos em oito polos e acontecem na modalidade \u00e0 dist\u00e2ncia a partir do primeiro semestre de 2025. Senar abre inscri\u00e7\u00e3o para cursos no RN Divulga\u00e7\u00e3o O Servi\u00e7o Nacional ...","og_url":"https:\/\/deputadotaveirajr.com.br\/index.php\/senar-abre-inscricoes-para-225-vagas-em-cursos-tecnicos-gratuitos-no-rn\/","og_site_name":"Taveira Jr","twitter_card":"summary_large_image","twitter_misc":{"Est. tempo de leitura":"2 minutos"},"schema":{"@context":"https:\/\/schema.org","@graph":[{"@type":"WebPage","@id":"https:\/\/deputadotaveirajr.com.br\/index.php\/senar-abre-inscricoes-para-225-vagas-em-cursos-tecnicos-gratuitos-no-rn\/","url":"https:\/\/deputadotaveirajr.com.br\/index.php\/senar-abre-inscricoes-para-225-vagas-em-cursos-tecnicos-gratuitos-no-rn\/","name":"Senar abre inscri\u00e7\u00f5es para 225 vagas em cursos t\u00e9cnicos gratuitos no RN - Taveira Jr","isPartOf":{"@id":"https:\/\/deputadotaveirajr.com.br\/#website"},"primaryImageOfPage":{"@id":"https:\/\/deputadotaveirajr.com.br\/index.php\/senar-abre-inscricoes-para-225-vagas-em-cursos-tecnicos-gratuitos-no-rn\/#primaryimage"},"image":{"@id":"https:\/\/deputadotaveirajr.com.br\/index.php\/senar-abre-inscricoes-para-225-vagas-em-cursos-tecnicos-gratuitos-no-rn\/#primaryimage"},"thumbnailUrl":"https:\/\/deputadotaveirajr.com.br\/wp-content\/uploads\/2024\/11\/whatsapp-image-2024-11-26-at-09.52.10-DahVLt.jpeg","datePublished":"2024-11-26T15:54:37+00:00","breadcrumb":{"@id":"https:\/\/deputadotaveirajr.com.br\/index.php\/senar-abre-inscricoes-para-225-vagas-em-cursos-tecnicos-gratuitos-no-rn\/#breadcrumb"},"inLanguage":"pt-BR","potentialAction":[{"@type":"ReadAction","target":["https:\/\/deputadotaveirajr.com.br\/index.php\/senar-abre-inscricoes-para-225-vagas-em-cursos-tecnicos-gratuitos-no-rn\/"]}]},{"@type":"ImageObject","inLanguage":"pt-BR","@id":"https:\/\/deputadotaveirajr.com.br\/index.php\/senar-abre-inscricoes-para-225-vagas-em-cursos-tecnicos-gratuitos-no-rn\/#primaryimage","url":"https:\/\/deputadotaveirajr.com.br\/wp-content\/uploads\/2024\/11\/whatsapp-image-2024-11-26-at-09.52.10-DahVLt.jpeg","contentUrl":"https:\/\/deputadotaveirajr.com.br\/wp-content\/uploads\/2024\/11\/whatsapp-image-2024-11-26-at-09.52.10-DahVLt.jpeg","width":1600,"height":1200},{"@type":"BreadcrumbList","@id":"https:\/\/deputadotaveirajr.com.br\/index.php\/senar-abre-inscricoes-para-225-vagas-em-cursos-tecnicos-gratuitos-no-rn\/#breadcrumb","itemListElement":[{"@type":"ListItem","position":1,"name":"In\u00edcio","item":"https:\/\/deputadotaveirajr.com.br\/"},{"@type":"ListItem","position":2,"name":"Senar abre inscri\u00e7\u00f5es para 225 vagas em cursos t\u00e9cnicos gratuitos no RN"}]},{"@type":"WebSite","@id":"https:\/\/deputadotaveirajr.com.br\/#website","url":"https:\/\/deputadotaveirajr.com.br\/","name":"Taveira Jr","description":"Deputado Estadual","publisher":{"@id":"https:\/\/deputadotaveirajr.com.br\/#organization"},"potentialAction":[{"@type":"SearchAction","target":{"@type":"EntryPoint","urlTemplate":"https:\/\/deputadotaveirajr.com.br\/?s={search_term_string}"},"query-input":{"@type":"PropertyValueSpecification","valueRequired":true,"valueName":"search_term_string"}}],"inLanguage":"pt-BR"},{"@type":"Organization","@id":"https:\/\/deputadotaveirajr.com.br\/#organization","name":"Taveira Jr","url":"https:\/\/deputadotaveirajr.com.br\/","logo":{"@type":"ImageObject","inLanguage":"pt-BR","@id":"https:\/\/deputadotaveirajr.com.br\/#\/schema\/logo\/image\/","url":"https:\/\/deputadotaveirajr.com.br\/wp-content\/uploads\/2026\/01\/logolow2a.png","contentUrl":"https:\/\/deputadotaveirajr.com.br\/wp-content\/uploads\/2026\/01\/logolow2a.png","width":290,"height":80,"caption":"Taveira Jr"},"image":{"@id":"https:\/\/deputadotaveirajr.com.br\/#\/schema\/logo\/image\/"}}]}},"_links":{"self":[{"href":"https:\/\/deputadotaveirajr.com.br\/index.php\/wp-json\/wp\/v2\/pages\/11467","targetHints":{"allow":["GET"]}}],"collection":[{"href":"https:\/\/deputadotaveirajr.com.br\/index.php\/wp-json\/wp\/v2\/pages"}],"about":[{"href":"https:\/\/deputadotaveirajr.com.br\/index.php\/wp-json\/wp\/v2\/types\/page"}],"replies":[{"embeddable":true,"href":"https:\/\/deputadotaveirajr.com.br\/index.php\/wp-json\/wp\/v2\/comments?post=11467"}],"version-history":[{"count":0,"href":"https:\/\/deputadotaveirajr.com.br\/index.php\/wp-json\/wp\/v2\/pages\/11467\/revisions"}],"wp:featuredmedia":[{"embeddable":true,"href":"https:\/\/deputadotaveirajr.com.br\/index.php\/wp-json\/wp\/v2\/media\/11468"}],"wp:attachment":[{"href":"https:\/\/deputadotaveirajr.com.br\/index.php\/wp-json\/wp\/v2\/media?parent=11467"}],"curies":[{"name":"wp","href":"https:\/\/api.w.org\/{rel}","templated":true}]}}