{"id":11469,"date":"2024-11-26T14:51:42","date_gmt":"2024-11-26T17:51:42","guid":{"rendered":"https:\/\/deputadotaveirajr.com.br\/index.php\/serido-potiguar-recebe-segunda-edicao-de-festival-de-cinema-e-literatura-veja-programacao\/"},"modified":"2024-11-26T14:51:42","modified_gmt":"2024-11-26T17:51:42","slug":"serido-potiguar-recebe-segunda-edicao-de-festival-de-cinema-e-literatura-veja-programacao","status":"publish","type":"page","link":"https:\/\/deputadotaveirajr.com.br\/index.php\/serido-potiguar-recebe-segunda-edicao-de-festival-de-cinema-e-literatura-veja-programacao\/","title":{"rendered":"Serid\u00f3 potiguar recebe segunda edi\u00e7\u00e3o de festival de cinema e literatura; veja programa\u00e7\u00e3o"},"content":{"rendered":"<p>     Evento homenageia o escritor Jos\u00e9 Bezerra Gomes e inclui atividades culturais no Serid\u00f3. Festival Jos\u00e9 Bezerra Gomes acontece em Currais Novos<br \/>\nDivulga\u00e7\u00e3o<br \/>\nEntre os dias 25 e 29 de novembro, Currais Novos sedia a segunda edi\u00e7\u00e3o do Festival Jos\u00e9 Bezerra Gomes, agora chamado de \u201cMia\u00earo\u201d em refer\u00eancia a um poema do autor. O evento, organizado pelo Grupo Casar\u00e3o de Poesia, tem como objetivo fomentar atividades culturais na regi\u00e3o do Serid\u00f3.<br \/>\nA programa\u00e7\u00e3o inclui oficinas de audiovisual, palestras, conta\u00e7\u00e3o de hist\u00f3rias, mostras de cinema e apresenta\u00e7\u00f5es art\u00edsticas.<br \/>\n\ud83d\udcf3Participe do canal do g1 RN no WhatsApp<br \/>\nNesta edi\u00e7\u00e3o, duas comunidades quilombolas recebem o festival: a Comunidade Macambira, em Lagoa Nova e a Comunidade Queimadas, em Currais Novos, que receber\u00e1 o cinema itinerante CineFlic.<br \/>\nO festival tamb\u00e9m promove a reedi\u00e7\u00e3o do livro \u201cSinopse do munic\u00edpio de Currais Novos\u201d, publicado originalmente em 1975. A nova edi\u00e7\u00e3o ser\u00e1 lan\u00e7ada durante o evento em parceria com o Sebo Vermelho.<br \/>\nConfira a programa\u00e7\u00e3o completa:<br \/>\nTer\u00e7a-feira (26)<br \/>\nOficina de Cinema e Poesia com Ad\u00e9lia Danielli<br \/>\nLocal: Escola Estadual Dr. S\u00edlvio Bezerra de Melo<br \/>\nHor\u00e1rio: 13h<br \/>\nOficina de Linguagem Audiovisual com Buca Dantas<br \/>\nLocal: Escola Estadual Manoel Salustino (Mina Breju\u00ed)<br \/>\nHor\u00e1rio: 14h<br \/>\nCineFlic (Cinema Itinerante)<br \/>\nLocal: Comunidade Quilombola Queimadas (Currais Novos)<br \/>\nHor\u00e1rio: 19h<br \/>\nQuarta-feira (27)<br \/>\nAtividade de incentivo \u00e0 leitura com Luma Carvalho<br \/>\nLocal: Casar\u00e3o de Poesia (Currais Novos)<br \/>\nHor\u00e1rio: 9h<br \/>\nOficina de Linguagem Audiovisual com Buca Dantas<br \/>\nLocal: Escola Estadual Manoel Salustino (Mina Breju\u00ed)<br \/>\nHor\u00e1rio: 14h<br \/>\nQuinta-feira (28)<br \/>\nPalha\u00e7aria com Palha\u00e7o Mingau \u2013 Mostra Infantil<br \/>\nLocal: Teatro Municipal Ubirajara Galv\u00e3o<br \/>\nHor\u00e1rio: 8h<br \/>\nMostra Fic\u00e7\u00e3o e Mostra Ambiental<br \/>\nPalestra: \u201cCultura e Meio Ambiente\u201d com Luiza de S\u00e1 (Projeto RN Lixo Zero)<br \/>\nLocal: Teatro Municipal Ubirajara Galv\u00e3o<br \/>\nHor\u00e1rio: 14h<br \/>\nMostra Document\u00e1rio e Mostra Cinema e Literatura<br \/>\nRoda de Conversa: \u201cOlhares sobre Jos\u00e9 Bezerra Gomes\u201d com Abimael Silva, Willian Pinheiro e Luma Carvalho<br \/>\nLan\u00e7amento do livro Sinopse do munic\u00edpio de Currais Novos<br \/>\nLocal: Teatro Municipal Ubirajara Galv\u00e3o<br \/>\nHor\u00e1rio: 19h<br \/>\nSexta-feira (29)<br \/>\nEncerramento Cultural\/ Atra\u00e7\u00f5es: Canto de Tr\u00eas, Poemas Beneditos, Lydias Brasileiras, Ritornellos<br \/>\nLocal: Largo do Tungst\u00eanio (Currais Novos)<br \/>\nHor\u00e1rio: 19h30<br \/>\nVeja os v\u00eddeos mais assistidos do g1 RN<\/p>","protected":false},"excerpt":{"rendered":"<p>Evento homenageia o escritor Jos\u00e9 Bezerra Gomes e inclui atividades culturais no Serid\u00f3. Festival Jos\u00e9 Bezerra Gomes acontece em Currais Novos Divulga\u00e7\u00e3o Entre os dias 25 e 29 de novembro, &#8230;<\/p>\n","protected":false},"author":0,"featured_media":11470,"parent":0,"menu_order":0,"comment_status":"closed","ping_status":"closed","template":"","meta":{"footnotes":""},"class_list":["post-11469","page","type-page","status-publish","has-post-thumbnail","hentry"],"yoast_head":"<!-- This site is optimized with the Yoast SEO plugin v27.1.1 - https:\/\/yoast.com\/product\/yoast-seo-wordpress\/ -->\n<title>Serid\u00f3 potiguar recebe segunda edi\u00e7\u00e3o de festival de cinema e literatura; veja programa\u00e7\u00e3o - Taveira Jr<\/title>\n<meta name=\"robots\" content=\"index, follow, max-snippet:-1, max-image-preview:large, max-video-preview:-1\" \/>\n<link rel=\"canonical\" href=\"https:\/\/deputadotaveirajr.com.br\/index.php\/serido-potiguar-recebe-segunda-edicao-de-festival-de-cinema-e-literatura-veja-programacao\/\" \/>\n<meta property=\"og:locale\" content=\"pt_BR\" \/>\n<meta property=\"og:type\" content=\"article\" \/>\n<meta property=\"og:title\" content=\"Serid\u00f3 potiguar recebe segunda edi\u00e7\u00e3o de festival de cinema e literatura; veja programa\u00e7\u00e3o - Taveira Jr\" \/>\n<meta property=\"og:description\" content=\"Evento homenageia o escritor Jos\u00e9 Bezerra Gomes e inclui atividades culturais no Serid\u00f3. Festival Jos\u00e9 Bezerra Gomes acontece em Currais Novos Divulga\u00e7\u00e3o Entre os dias 25 e 29 de novembro, ...\" \/>\n<meta property=\"og:url\" content=\"https:\/\/deputadotaveirajr.com.br\/index.php\/serido-potiguar-recebe-segunda-edicao-de-festival-de-cinema-e-literatura-veja-programacao\/\" \/>\n<meta property=\"og:site_name\" content=\"Taveira Jr\" \/>\n<meta name=\"twitter:card\" content=\"summary_large_image\" \/>\n<meta name=\"twitter:label1\" content=\"Est. tempo de leitura\" \/>\n\t<meta name=\"twitter:data1\" content=\"2 minutos\" \/>\n<script type=\"application\/ld+json\" class=\"yoast-schema-graph\">{\"@context\":\"https:\/\/schema.org\",\"@graph\":[{\"@type\":\"WebPage\",\"@id\":\"https:\/\/deputadotaveirajr.com.br\/index.php\/serido-potiguar-recebe-segunda-edicao-de-festival-de-cinema-e-literatura-veja-programacao\/\",\"url\":\"https:\/\/deputadotaveirajr.com.br\/index.php\/serido-potiguar-recebe-segunda-edicao-de-festival-de-cinema-e-literatura-veja-programacao\/\",\"name\":\"Serid\u00f3 potiguar recebe segunda edi\u00e7\u00e3o de festival de cinema e literatura; veja programa\u00e7\u00e3o - Taveira Jr\",\"isPartOf\":{\"@id\":\"https:\/\/deputadotaveirajr.com.br\/#website\"},\"primaryImageOfPage\":{\"@id\":\"https:\/\/deputadotaveirajr.com.br\/index.php\/serido-potiguar-recebe-segunda-edicao-de-festival-de-cinema-e-literatura-veja-programacao\/#primaryimage\"},\"image\":{\"@id\":\"https:\/\/deputadotaveirajr.com.br\/index.php\/serido-potiguar-recebe-segunda-edicao-de-festival-de-cinema-e-literatura-veja-programacao\/#primaryimage\"},\"thumbnailUrl\":\"https:\/\/deputadotaveirajr.com.br\/wp-content\/uploads\/2024\/11\/4c7ce7d7-d4fa-43c3-aaf8-5ccafe5c70f4-8CAgKD.jpeg\",\"datePublished\":\"2024-11-26T17:51:42+00:00\",\"breadcrumb\":{\"@id\":\"https:\/\/deputadotaveirajr.com.br\/index.php\/serido-potiguar-recebe-segunda-edicao-de-festival-de-cinema-e-literatura-veja-programacao\/#breadcrumb\"},\"inLanguage\":\"pt-BR\",\"potentialAction\":[{\"@type\":\"ReadAction\",\"target\":[\"https:\/\/deputadotaveirajr.com.br\/index.php\/serido-potiguar-recebe-segunda-edicao-de-festival-de-cinema-e-literatura-veja-programacao\/\"]}]},{\"@type\":\"ImageObject\",\"inLanguage\":\"pt-BR\",\"@id\":\"https:\/\/deputadotaveirajr.com.br\/index.php\/serido-potiguar-recebe-segunda-edicao-de-festival-de-cinema-e-literatura-veja-programacao\/#primaryimage\",\"url\":\"https:\/\/deputadotaveirajr.com.br\/wp-content\/uploads\/2024\/11\/4c7ce7d7-d4fa-43c3-aaf8-5ccafe5c70f4-8CAgKD.jpeg\",\"contentUrl\":\"https:\/\/deputadotaveirajr.com.br\/wp-content\/uploads\/2024\/11\/4c7ce7d7-d4fa-43c3-aaf8-5ccafe5c70f4-8CAgKD.jpeg\",\"width\":1080,\"height\":720},{\"@type\":\"BreadcrumbList\",\"@id\":\"https:\/\/deputadotaveirajr.com.br\/index.php\/serido-potiguar-recebe-segunda-edicao-de-festival-de-cinema-e-literatura-veja-programacao\/#breadcrumb\",\"itemListElement\":[{\"@type\":\"ListItem\",\"position\":1,\"name\":\"In\u00edcio\",\"item\":\"https:\/\/deputadotaveirajr.com.br\/\"},{\"@type\":\"ListItem\",\"position\":2,\"name\":\"Serid\u00f3 potiguar recebe segunda edi\u00e7\u00e3o de festival de cinema e literatura; veja programa\u00e7\u00e3o\"}]},{\"@type\":\"WebSite\",\"@id\":\"https:\/\/deputadotaveirajr.com.br\/#website\",\"url\":\"https:\/\/deputadotaveirajr.com.br\/\",\"name\":\"Taveira Jr\",\"description\":\"Deputado Estadual\",\"publisher\":{\"@id\":\"https:\/\/deputadotaveirajr.com.br\/#organization\"},\"potentialAction\":[{\"@type\":\"SearchAction\",\"target\":{\"@type\":\"EntryPoint\",\"urlTemplate\":\"https:\/\/deputadotaveirajr.com.br\/?s={search_term_string}\"},\"query-input\":{\"@type\":\"PropertyValueSpecification\",\"valueRequired\":true,\"valueName\":\"search_term_string\"}}],\"inLanguage\":\"pt-BR\"},{\"@type\":\"Organization\",\"@id\":\"https:\/\/deputadotaveirajr.com.br\/#organization\",\"name\":\"Taveira Jr\",\"url\":\"https:\/\/deputadotaveirajr.com.br\/\",\"logo\":{\"@type\":\"ImageObject\",\"inLanguage\":\"pt-BR\",\"@id\":\"https:\/\/deputadotaveirajr.com.br\/#\/schema\/logo\/image\/\",\"url\":\"https:\/\/deputadotaveirajr.com.br\/wp-content\/uploads\/2026\/01\/logolow2a.png\",\"contentUrl\":\"https:\/\/deputadotaveirajr.com.br\/wp-content\/uploads\/2026\/01\/logolow2a.png\",\"width\":290,\"height\":80,\"caption\":\"Taveira Jr\"},\"image\":{\"@id\":\"https:\/\/deputadotaveirajr.com.br\/#\/schema\/logo\/image\/\"}}]}<\/script>\n<!-- \/ Yoast SEO plugin. -->","yoast_head_json":{"title":"Serid\u00f3 potiguar recebe segunda edi\u00e7\u00e3o de festival de cinema e literatura; veja programa\u00e7\u00e3o - Taveira Jr","robots":{"index":"index","follow":"follow","max-snippet":"max-snippet:-1","max-image-preview":"max-image-preview:large","max-video-preview":"max-video-preview:-1"},"canonical":"https:\/\/deputadotaveirajr.com.br\/index.php\/serido-potiguar-recebe-segunda-edicao-de-festival-de-cinema-e-literatura-veja-programacao\/","og_locale":"pt_BR","og_type":"article","og_title":"Serid\u00f3 potiguar recebe segunda edi\u00e7\u00e3o de festival de cinema e literatura; veja programa\u00e7\u00e3o - Taveira Jr","og_description":"Evento homenageia o escritor Jos\u00e9 Bezerra Gomes e inclui atividades culturais no Serid\u00f3. Festival Jos\u00e9 Bezerra Gomes acontece em Currais Novos Divulga\u00e7\u00e3o Entre os dias 25 e 29 de novembro, ...","og_url":"https:\/\/deputadotaveirajr.com.br\/index.php\/serido-potiguar-recebe-segunda-edicao-de-festival-de-cinema-e-literatura-veja-programacao\/","og_site_name":"Taveira Jr","twitter_card":"summary_large_image","twitter_misc":{"Est. tempo de leitura":"2 minutos"},"schema":{"@context":"https:\/\/schema.org","@graph":[{"@type":"WebPage","@id":"https:\/\/deputadotaveirajr.com.br\/index.php\/serido-potiguar-recebe-segunda-edicao-de-festival-de-cinema-e-literatura-veja-programacao\/","url":"https:\/\/deputadotaveirajr.com.br\/index.php\/serido-potiguar-recebe-segunda-edicao-de-festival-de-cinema-e-literatura-veja-programacao\/","name":"Serid\u00f3 potiguar recebe segunda edi\u00e7\u00e3o de festival de cinema e literatura; veja programa\u00e7\u00e3o - Taveira Jr","isPartOf":{"@id":"https:\/\/deputadotaveirajr.com.br\/#website"},"primaryImageOfPage":{"@id":"https:\/\/deputadotaveirajr.com.br\/index.php\/serido-potiguar-recebe-segunda-edicao-de-festival-de-cinema-e-literatura-veja-programacao\/#primaryimage"},"image":{"@id":"https:\/\/deputadotaveirajr.com.br\/index.php\/serido-potiguar-recebe-segunda-edicao-de-festival-de-cinema-e-literatura-veja-programacao\/#primaryimage"},"thumbnailUrl":"https:\/\/deputadotaveirajr.com.br\/wp-content\/uploads\/2024\/11\/4c7ce7d7-d4fa-43c3-aaf8-5ccafe5c70f4-8CAgKD.jpeg","datePublished":"2024-11-26T17:51:42+00:00","breadcrumb":{"@id":"https:\/\/deputadotaveirajr.com.br\/index.php\/serido-potiguar-recebe-segunda-edicao-de-festival-de-cinema-e-literatura-veja-programacao\/#breadcrumb"},"inLanguage":"pt-BR","potentialAction":[{"@type":"ReadAction","target":["https:\/\/deputadotaveirajr.com.br\/index.php\/serido-potiguar-recebe-segunda-edicao-de-festival-de-cinema-e-literatura-veja-programacao\/"]}]},{"@type":"ImageObject","inLanguage":"pt-BR","@id":"https:\/\/deputadotaveirajr.com.br\/index.php\/serido-potiguar-recebe-segunda-edicao-de-festival-de-cinema-e-literatura-veja-programacao\/#primaryimage","url":"https:\/\/deputadotaveirajr.com.br\/wp-content\/uploads\/2024\/11\/4c7ce7d7-d4fa-43c3-aaf8-5ccafe5c70f4-8CAgKD.jpeg","contentUrl":"https:\/\/deputadotaveirajr.com.br\/wp-content\/uploads\/2024\/11\/4c7ce7d7-d4fa-43c3-aaf8-5ccafe5c70f4-8CAgKD.jpeg","width":1080,"height":720},{"@type":"BreadcrumbList","@id":"https:\/\/deputadotaveirajr.com.br\/index.php\/serido-potiguar-recebe-segunda-edicao-de-festival-de-cinema-e-literatura-veja-programacao\/#breadcrumb","itemListElement":[{"@type":"ListItem","position":1,"name":"In\u00edcio","item":"https:\/\/deputadotaveirajr.com.br\/"},{"@type":"ListItem","position":2,"name":"Serid\u00f3 potiguar recebe segunda edi\u00e7\u00e3o de festival de cinema e literatura; veja programa\u00e7\u00e3o"}]},{"@type":"WebSite","@id":"https:\/\/deputadotaveirajr.com.br\/#website","url":"https:\/\/deputadotaveirajr.com.br\/","name":"Taveira Jr","description":"Deputado Estadual","publisher":{"@id":"https:\/\/deputadotaveirajr.com.br\/#organization"},"potentialAction":[{"@type":"SearchAction","target":{"@type":"EntryPoint","urlTemplate":"https:\/\/deputadotaveirajr.com.br\/?s={search_term_string}"},"query-input":{"@type":"PropertyValueSpecification","valueRequired":true,"valueName":"search_term_string"}}],"inLanguage":"pt-BR"},{"@type":"Organization","@id":"https:\/\/deputadotaveirajr.com.br\/#organization","name":"Taveira Jr","url":"https:\/\/deputadotaveirajr.com.br\/","logo":{"@type":"ImageObject","inLanguage":"pt-BR","@id":"https:\/\/deputadotaveirajr.com.br\/#\/schema\/logo\/image\/","url":"https:\/\/deputadotaveirajr.com.br\/wp-content\/uploads\/2026\/01\/logolow2a.png","contentUrl":"https:\/\/deputadotaveirajr.com.br\/wp-content\/uploads\/2026\/01\/logolow2a.png","width":290,"height":80,"caption":"Taveira Jr"},"image":{"@id":"https:\/\/deputadotaveirajr.com.br\/#\/schema\/logo\/image\/"}}]}},"_links":{"self":[{"href":"https:\/\/deputadotaveirajr.com.br\/index.php\/wp-json\/wp\/v2\/pages\/11469","targetHints":{"allow":["GET"]}}],"collection":[{"href":"https:\/\/deputadotaveirajr.com.br\/index.php\/wp-json\/wp\/v2\/pages"}],"about":[{"href":"https:\/\/deputadotaveirajr.com.br\/index.php\/wp-json\/wp\/v2\/types\/page"}],"replies":[{"embeddable":true,"href":"https:\/\/deputadotaveirajr.com.br\/index.php\/wp-json\/wp\/v2\/comments?post=11469"}],"version-history":[{"count":0,"href":"https:\/\/deputadotaveirajr.com.br\/index.php\/wp-json\/wp\/v2\/pages\/11469\/revisions"}],"wp:featuredmedia":[{"embeddable":true,"href":"https:\/\/deputadotaveirajr.com.br\/index.php\/wp-json\/wp\/v2\/media\/11470"}],"wp:attachment":[{"href":"https:\/\/deputadotaveirajr.com.br\/index.php\/wp-json\/wp\/v2\/media?parent=11469"}],"curies":[{"name":"wp","href":"https:\/\/api.w.org\/{rel}","templated":true}]}}