{"id":11475,"date":"2024-11-26T19:02:02","date_gmt":"2024-11-26T22:02:02","guid":{"rendered":"https:\/\/deputadotaveirajr.com.br\/index.php\/incendio-atinge-area-de-mata-na-zona-sul-de-natal\/"},"modified":"2024-11-26T19:02:02","modified_gmt":"2024-11-26T22:02:02","slug":"incendio-atinge-area-de-mata-na-zona-sul-de-natal","status":"publish","type":"page","link":"https:\/\/deputadotaveirajr.com.br\/index.php\/incendio-atinge-area-de-mata-na-zona-sul-de-natal\/","title":{"rendered":"Inc\u00eandio atinge \u00e1rea de mata na Zona Sul de Natal"},"content":{"rendered":"<p>     Fogo se espalhou rapidamente em \u00e1rea com vegeta\u00e7\u00e3o seca; bombeiros conseguiram controlar as chamas antes que atingissem propriedades.  Inc\u00eandio atinge \u00e1rea de mata na Zona Sul de Natal<br \/>\nUm inc\u00eandio atingiu, na tarde desta ter\u00e7a-feira (26), uma \u00e1rea de mata pr\u00f3xima a um condom\u00ednio em Ponta Negra, na Zona Sul de Natal. De acordo com relatos de moradores, o fogo come\u00e7ou por volta das 15h30 e se espalhou rapidamente.<br \/>\nSegundo o seguran\u00e7a de uma empresa pr\u00f3xima a mata, Rom\u00e1rio Alves,  a situa\u00e7\u00e3o \u00e9 recorrente em per\u00edodos de altas temperaturas.<br \/>\n\ud83d\udcf3Participe do canal do g1 RN no WhatsApp<br \/>\n&#8220;Todos os anos passamos por isso, \u00e9 sempre a mesma coisa. O calor intenso e o mato seco contribuem para que o fogo se espalhe r\u00e1pido&#8221;, explicou.<br \/>\nEle informou que o inc\u00eandio se alastrou cerca de 50 metros at\u00e9 o final da tarde, quando o Corpo de Bombeiros chegou no local.<br \/>\nA fuma\u00e7a se espalhou e atingiu a casa de alguns moradores do condom\u00ednio vizinho. Al\u00e9m disso, o fogo tamb\u00e9m alcan\u00e7ou uma fia\u00e7\u00e3o el\u00e9trica.<br \/>\nInc\u00eandio na Zona Sul de Natal<br \/>\nReprodu\u00e7\u00e3o<br \/>\nO Corpo de Bombeiros segue no local realizando o rescaldo e monitorando poss\u00edveis novos focos de inc\u00eandio.<br \/>\nAt\u00e9 o fechamento desta mat\u00e9ria, n\u00e3o havia registros de feridos. A causa do inc\u00eandio est\u00e1 sendo investigada.<br \/>\nVeja os v\u00eddeos mais assistidos do g1 RN<\/p>","protected":false},"excerpt":{"rendered":"<p>Fogo se espalhou rapidamente em \u00e1rea com vegeta\u00e7\u00e3o seca; bombeiros conseguiram controlar as chamas antes que atingissem propriedades. Inc\u00eandio atinge \u00e1rea de mata na Zona Sul de Natal Um inc\u00eandio &#8230;<\/p>\n","protected":false},"author":0,"featured_media":11476,"parent":0,"menu_order":0,"comment_status":"closed","ping_status":"closed","template":"","meta":{"footnotes":""},"class_list":["post-11475","page","type-page","status-publish","has-post-thumbnail","hentry"],"yoast_head":"<!-- This site is optimized with the Yoast SEO plugin v27.1.1 - https:\/\/yoast.com\/product\/yoast-seo-wordpress\/ -->\n<title>Inc\u00eandio atinge \u00e1rea de mata na Zona Sul de Natal - Taveira Jr<\/title>\n<meta name=\"robots\" content=\"index, follow, max-snippet:-1, max-image-preview:large, max-video-preview:-1\" \/>\n<link rel=\"canonical\" href=\"https:\/\/deputadotaveirajr.com.br\/index.php\/incendio-atinge-area-de-mata-na-zona-sul-de-natal\/\" \/>\n<meta property=\"og:locale\" content=\"pt_BR\" \/>\n<meta property=\"og:type\" content=\"article\" \/>\n<meta property=\"og:title\" content=\"Inc\u00eandio atinge \u00e1rea de mata na Zona Sul de Natal - Taveira Jr\" \/>\n<meta property=\"og:description\" content=\"Fogo se espalhou rapidamente em \u00e1rea com vegeta\u00e7\u00e3o seca; bombeiros conseguiram controlar as chamas antes que atingissem propriedades. Inc\u00eandio atinge \u00e1rea de mata na Zona Sul de Natal Um inc\u00eandio ...\" \/>\n<meta property=\"og:url\" content=\"https:\/\/deputadotaveirajr.com.br\/index.php\/incendio-atinge-area-de-mata-na-zona-sul-de-natal\/\" \/>\n<meta property=\"og:site_name\" content=\"Taveira Jr\" \/>\n<meta name=\"twitter:card\" content=\"summary_large_image\" \/>\n<meta name=\"twitter:label1\" content=\"Est. tempo de leitura\" \/>\n\t<meta name=\"twitter:data1\" content=\"1 minuto\" \/>\n<script type=\"application\/ld+json\" class=\"yoast-schema-graph\">{\"@context\":\"https:\/\/schema.org\",\"@graph\":[{\"@type\":\"WebPage\",\"@id\":\"https:\/\/deputadotaveirajr.com.br\/index.php\/incendio-atinge-area-de-mata-na-zona-sul-de-natal\/\",\"url\":\"https:\/\/deputadotaveirajr.com.br\/index.php\/incendio-atinge-area-de-mata-na-zona-sul-de-natal\/\",\"name\":\"Inc\u00eandio atinge \u00e1rea de mata na Zona Sul de Natal - Taveira Jr\",\"isPartOf\":{\"@id\":\"https:\/\/deputadotaveirajr.com.br\/#website\"},\"primaryImageOfPage\":{\"@id\":\"https:\/\/deputadotaveirajr.com.br\/index.php\/incendio-atinge-area-de-mata-na-zona-sul-de-natal\/#primaryimage\"},\"image\":{\"@id\":\"https:\/\/deputadotaveirajr.com.br\/index.php\/incendio-atinge-area-de-mata-na-zona-sul-de-natal\/#primaryimage\"},\"thumbnailUrl\":\"https:\/\/deputadotaveirajr.com.br\/wp-content\/uploads\/2024\/11\/captura-de-tela-2024-11-26-185155-I3VyYr.jpeg\",\"datePublished\":\"2024-11-26T22:02:02+00:00\",\"breadcrumb\":{\"@id\":\"https:\/\/deputadotaveirajr.com.br\/index.php\/incendio-atinge-area-de-mata-na-zona-sul-de-natal\/#breadcrumb\"},\"inLanguage\":\"pt-BR\",\"potentialAction\":[{\"@type\":\"ReadAction\",\"target\":[\"https:\/\/deputadotaveirajr.com.br\/index.php\/incendio-atinge-area-de-mata-na-zona-sul-de-natal\/\"]}]},{\"@type\":\"ImageObject\",\"inLanguage\":\"pt-BR\",\"@id\":\"https:\/\/deputadotaveirajr.com.br\/index.php\/incendio-atinge-area-de-mata-na-zona-sul-de-natal\/#primaryimage\",\"url\":\"https:\/\/deputadotaveirajr.com.br\/wp-content\/uploads\/2024\/11\/captura-de-tela-2024-11-26-185155-I3VyYr.jpeg\",\"contentUrl\":\"https:\/\/deputadotaveirajr.com.br\/wp-content\/uploads\/2024\/11\/captura-de-tela-2024-11-26-185155-I3VyYr.jpeg\",\"width\":978,\"height\":537},{\"@type\":\"BreadcrumbList\",\"@id\":\"https:\/\/deputadotaveirajr.com.br\/index.php\/incendio-atinge-area-de-mata-na-zona-sul-de-natal\/#breadcrumb\",\"itemListElement\":[{\"@type\":\"ListItem\",\"position\":1,\"name\":\"In\u00edcio\",\"item\":\"https:\/\/deputadotaveirajr.com.br\/\"},{\"@type\":\"ListItem\",\"position\":2,\"name\":\"Inc\u00eandio atinge \u00e1rea de mata na Zona Sul de Natal\"}]},{\"@type\":\"WebSite\",\"@id\":\"https:\/\/deputadotaveirajr.com.br\/#website\",\"url\":\"https:\/\/deputadotaveirajr.com.br\/\",\"name\":\"Taveira Jr\",\"description\":\"Deputado Estadual\",\"publisher\":{\"@id\":\"https:\/\/deputadotaveirajr.com.br\/#organization\"},\"potentialAction\":[{\"@type\":\"SearchAction\",\"target\":{\"@type\":\"EntryPoint\",\"urlTemplate\":\"https:\/\/deputadotaveirajr.com.br\/?s={search_term_string}\"},\"query-input\":{\"@type\":\"PropertyValueSpecification\",\"valueRequired\":true,\"valueName\":\"search_term_string\"}}],\"inLanguage\":\"pt-BR\"},{\"@type\":\"Organization\",\"@id\":\"https:\/\/deputadotaveirajr.com.br\/#organization\",\"name\":\"Taveira Jr\",\"url\":\"https:\/\/deputadotaveirajr.com.br\/\",\"logo\":{\"@type\":\"ImageObject\",\"inLanguage\":\"pt-BR\",\"@id\":\"https:\/\/deputadotaveirajr.com.br\/#\/schema\/logo\/image\/\",\"url\":\"https:\/\/deputadotaveirajr.com.br\/wp-content\/uploads\/2026\/01\/logolow2a.png\",\"contentUrl\":\"https:\/\/deputadotaveirajr.com.br\/wp-content\/uploads\/2026\/01\/logolow2a.png\",\"width\":290,\"height\":80,\"caption\":\"Taveira Jr\"},\"image\":{\"@id\":\"https:\/\/deputadotaveirajr.com.br\/#\/schema\/logo\/image\/\"}}]}<\/script>\n<!-- \/ Yoast SEO plugin. -->","yoast_head_json":{"title":"Inc\u00eandio atinge \u00e1rea de mata na Zona Sul de Natal - Taveira Jr","robots":{"index":"index","follow":"follow","max-snippet":"max-snippet:-1","max-image-preview":"max-image-preview:large","max-video-preview":"max-video-preview:-1"},"canonical":"https:\/\/deputadotaveirajr.com.br\/index.php\/incendio-atinge-area-de-mata-na-zona-sul-de-natal\/","og_locale":"pt_BR","og_type":"article","og_title":"Inc\u00eandio atinge \u00e1rea de mata na Zona Sul de Natal - Taveira Jr","og_description":"Fogo se espalhou rapidamente em \u00e1rea com vegeta\u00e7\u00e3o seca; bombeiros conseguiram controlar as chamas antes que atingissem propriedades. Inc\u00eandio atinge \u00e1rea de mata na Zona Sul de Natal Um inc\u00eandio ...","og_url":"https:\/\/deputadotaveirajr.com.br\/index.php\/incendio-atinge-area-de-mata-na-zona-sul-de-natal\/","og_site_name":"Taveira Jr","twitter_card":"summary_large_image","twitter_misc":{"Est. tempo de leitura":"1 minuto"},"schema":{"@context":"https:\/\/schema.org","@graph":[{"@type":"WebPage","@id":"https:\/\/deputadotaveirajr.com.br\/index.php\/incendio-atinge-area-de-mata-na-zona-sul-de-natal\/","url":"https:\/\/deputadotaveirajr.com.br\/index.php\/incendio-atinge-area-de-mata-na-zona-sul-de-natal\/","name":"Inc\u00eandio atinge \u00e1rea de mata na Zona Sul de Natal - Taveira Jr","isPartOf":{"@id":"https:\/\/deputadotaveirajr.com.br\/#website"},"primaryImageOfPage":{"@id":"https:\/\/deputadotaveirajr.com.br\/index.php\/incendio-atinge-area-de-mata-na-zona-sul-de-natal\/#primaryimage"},"image":{"@id":"https:\/\/deputadotaveirajr.com.br\/index.php\/incendio-atinge-area-de-mata-na-zona-sul-de-natal\/#primaryimage"},"thumbnailUrl":"https:\/\/deputadotaveirajr.com.br\/wp-content\/uploads\/2024\/11\/captura-de-tela-2024-11-26-185155-I3VyYr.jpeg","datePublished":"2024-11-26T22:02:02+00:00","breadcrumb":{"@id":"https:\/\/deputadotaveirajr.com.br\/index.php\/incendio-atinge-area-de-mata-na-zona-sul-de-natal\/#breadcrumb"},"inLanguage":"pt-BR","potentialAction":[{"@type":"ReadAction","target":["https:\/\/deputadotaveirajr.com.br\/index.php\/incendio-atinge-area-de-mata-na-zona-sul-de-natal\/"]}]},{"@type":"ImageObject","inLanguage":"pt-BR","@id":"https:\/\/deputadotaveirajr.com.br\/index.php\/incendio-atinge-area-de-mata-na-zona-sul-de-natal\/#primaryimage","url":"https:\/\/deputadotaveirajr.com.br\/wp-content\/uploads\/2024\/11\/captura-de-tela-2024-11-26-185155-I3VyYr.jpeg","contentUrl":"https:\/\/deputadotaveirajr.com.br\/wp-content\/uploads\/2024\/11\/captura-de-tela-2024-11-26-185155-I3VyYr.jpeg","width":978,"height":537},{"@type":"BreadcrumbList","@id":"https:\/\/deputadotaveirajr.com.br\/index.php\/incendio-atinge-area-de-mata-na-zona-sul-de-natal\/#breadcrumb","itemListElement":[{"@type":"ListItem","position":1,"name":"In\u00edcio","item":"https:\/\/deputadotaveirajr.com.br\/"},{"@type":"ListItem","position":2,"name":"Inc\u00eandio atinge \u00e1rea de mata na Zona Sul de Natal"}]},{"@type":"WebSite","@id":"https:\/\/deputadotaveirajr.com.br\/#website","url":"https:\/\/deputadotaveirajr.com.br\/","name":"Taveira Jr","description":"Deputado Estadual","publisher":{"@id":"https:\/\/deputadotaveirajr.com.br\/#organization"},"potentialAction":[{"@type":"SearchAction","target":{"@type":"EntryPoint","urlTemplate":"https:\/\/deputadotaveirajr.com.br\/?s={search_term_string}"},"query-input":{"@type":"PropertyValueSpecification","valueRequired":true,"valueName":"search_term_string"}}],"inLanguage":"pt-BR"},{"@type":"Organization","@id":"https:\/\/deputadotaveirajr.com.br\/#organization","name":"Taveira Jr","url":"https:\/\/deputadotaveirajr.com.br\/","logo":{"@type":"ImageObject","inLanguage":"pt-BR","@id":"https:\/\/deputadotaveirajr.com.br\/#\/schema\/logo\/image\/","url":"https:\/\/deputadotaveirajr.com.br\/wp-content\/uploads\/2026\/01\/logolow2a.png","contentUrl":"https:\/\/deputadotaveirajr.com.br\/wp-content\/uploads\/2026\/01\/logolow2a.png","width":290,"height":80,"caption":"Taveira Jr"},"image":{"@id":"https:\/\/deputadotaveirajr.com.br\/#\/schema\/logo\/image\/"}}]}},"_links":{"self":[{"href":"https:\/\/deputadotaveirajr.com.br\/index.php\/wp-json\/wp\/v2\/pages\/11475","targetHints":{"allow":["GET"]}}],"collection":[{"href":"https:\/\/deputadotaveirajr.com.br\/index.php\/wp-json\/wp\/v2\/pages"}],"about":[{"href":"https:\/\/deputadotaveirajr.com.br\/index.php\/wp-json\/wp\/v2\/types\/page"}],"replies":[{"embeddable":true,"href":"https:\/\/deputadotaveirajr.com.br\/index.php\/wp-json\/wp\/v2\/comments?post=11475"}],"version-history":[{"count":0,"href":"https:\/\/deputadotaveirajr.com.br\/index.php\/wp-json\/wp\/v2\/pages\/11475\/revisions"}],"wp:featuredmedia":[{"embeddable":true,"href":"https:\/\/deputadotaveirajr.com.br\/index.php\/wp-json\/wp\/v2\/media\/11476"}],"wp:attachment":[{"href":"https:\/\/deputadotaveirajr.com.br\/index.php\/wp-json\/wp\/v2\/media?parent=11475"}],"curies":[{"name":"wp","href":"https:\/\/api.w.org\/{rel}","templated":true}]}}