{"id":11477,"date":"2024-11-26T20:01:52","date_gmt":"2024-11-26T23:01:52","guid":{"rendered":"https:\/\/deputadotaveirajr.com.br\/index.php\/prefeitura-e-camara-de-natal-acumulam-dividas-previdenciarias-de-servidores-aponta-tce-rn\/"},"modified":"2024-11-26T20:01:52","modified_gmt":"2024-11-26T23:01:52","slug":"prefeitura-e-camara-de-natal-acumulam-dividas-previdenciarias-de-servidores-aponta-tce-rn","status":"publish","type":"page","link":"https:\/\/deputadotaveirajr.com.br\/index.php\/prefeitura-e-camara-de-natal-acumulam-dividas-previdenciarias-de-servidores-aponta-tce-rn\/","title":{"rendered":"Prefeitura e C\u00e2mara de Natal acumulam d\u00edvidas previdenci\u00e1rias de servidores, aponta TCE-RN"},"content":{"rendered":"<p>     Relat\u00f3rio aponta pend\u00eancias de R$ 68,7 mil e aponta atrasos recorrentes nos repasses entre 2018 e 2023.  Pal\u00e1cio Felipe Camar\u00e3o, sede da Prefeitura de Natal<br \/>\nS\u00e9rgio Henrique Santos\/Inter TV Cabugi<br \/>\nUm relat\u00f3rio do Tribunal de Contas do Estado do Rio Grande do Norte (TCE-RN) identificou que a Prefeitura e a C\u00e2mara de Natal possuem d\u00edvidas em aberto devido a falta de repasses previdenci\u00e1rios dos servidores municipais.<br \/>\nO relat\u00f3rio do TCE analisou dados de janeiro de 2018 e dezembro de 2023, fornecidos pelo NatalPrev e pelo sistema de informa\u00e7\u00f5es dos regimes p\u00fablicos de previd\u00eancia social, o Cadprev.<br \/>\n\ud83d\udcf3Participe do canal do g1 RN no WhatsApp<br \/>\nDe acordo com o documento, existe um problema recorrente relacionado ao pagamento das contribui\u00e7\u00f5es previdenciarias devidas pela Prefeitura e pela C\u00e2mara Municipal. O relat\u00f3rio tamb\u00e9m indica que acordos de parcelamentos das d\u00edvidas foram firmados.<br \/>\nPor\u00e9m, mesmo com os acordos, a d\u00edvida ainda estava no valor de R$ 68,7 mil para ser negociada. A maior parte da d\u00edvida \u00e9 da C\u00e2mara de Natal, referente aos anos de 2019, 2020, 2022 e 2023.<br \/>\nO Instituto NatalPrev informou que as d\u00edvidas previdenci\u00e1rias identificadas do processo j\u00e1 foram parceladas com respaldo legal.<br \/>\nEm rela\u00e7\u00e3o ao valor que faltou ser negociado, o instituto afirmou que s\u00e3o de eventuais diverg\u00eancias nos relat\u00f3rios de folha de pagamento, que foram identificados posteriormente pelo pr\u00f3prio NatalPrev.<br \/>\nVeja os v\u00eddeos mais assistidos do g1 RN<\/p>","protected":false},"excerpt":{"rendered":"<p>Relat\u00f3rio aponta pend\u00eancias de R$ 68,7 mil e aponta atrasos recorrentes nos repasses entre 2018 e 2023. Pal\u00e1cio Felipe Camar\u00e3o, sede da Prefeitura de Natal S\u00e9rgio Henrique Santos\/Inter TV Cabugi &#8230;<\/p>\n","protected":false},"author":0,"featured_media":11478,"parent":0,"menu_order":0,"comment_status":"closed","ping_status":"closed","template":"","meta":{"footnotes":""},"class_list":["post-11477","page","type-page","status-publish","has-post-thumbnail","hentry"],"yoast_head":"<!-- This site is optimized with the Yoast SEO plugin v27.1.1 - https:\/\/yoast.com\/product\/yoast-seo-wordpress\/ -->\n<title>Prefeitura e C\u00e2mara de Natal acumulam d\u00edvidas previdenci\u00e1rias de servidores, aponta TCE-RN - Taveira Jr<\/title>\n<meta name=\"robots\" content=\"index, follow, max-snippet:-1, max-image-preview:large, max-video-preview:-1\" \/>\n<link rel=\"canonical\" href=\"https:\/\/deputadotaveirajr.com.br\/index.php\/prefeitura-e-camara-de-natal-acumulam-dividas-previdenciarias-de-servidores-aponta-tce-rn\/\" \/>\n<meta property=\"og:locale\" content=\"pt_BR\" \/>\n<meta property=\"og:type\" content=\"article\" \/>\n<meta property=\"og:title\" content=\"Prefeitura e C\u00e2mara de Natal acumulam d\u00edvidas previdenci\u00e1rias de servidores, aponta TCE-RN - Taveira Jr\" \/>\n<meta property=\"og:description\" content=\"Relat\u00f3rio aponta pend\u00eancias de R$ 68,7 mil e aponta atrasos recorrentes nos repasses entre 2018 e 2023. Pal\u00e1cio Felipe Camar\u00e3o, sede da Prefeitura de Natal S\u00e9rgio Henrique Santos\/Inter TV Cabugi ...\" \/>\n<meta property=\"og:url\" content=\"https:\/\/deputadotaveirajr.com.br\/index.php\/prefeitura-e-camara-de-natal-acumulam-dividas-previdenciarias-de-servidores-aponta-tce-rn\/\" \/>\n<meta property=\"og:site_name\" content=\"Taveira Jr\" \/>\n<meta name=\"twitter:card\" content=\"summary_large_image\" \/>\n<meta name=\"twitter:label1\" content=\"Est. tempo de leitura\" \/>\n\t<meta name=\"twitter:data1\" content=\"1 minuto\" \/>\n<script type=\"application\/ld+json\" class=\"yoast-schema-graph\">{\"@context\":\"https:\/\/schema.org\",\"@graph\":[{\"@type\":\"WebPage\",\"@id\":\"https:\/\/deputadotaveirajr.com.br\/index.php\/prefeitura-e-camara-de-natal-acumulam-dividas-previdenciarias-de-servidores-aponta-tce-rn\/\",\"url\":\"https:\/\/deputadotaveirajr.com.br\/index.php\/prefeitura-e-camara-de-natal-acumulam-dividas-previdenciarias-de-servidores-aponta-tce-rn\/\",\"name\":\"Prefeitura e C\u00e2mara de Natal acumulam d\u00edvidas previdenci\u00e1rias de servidores, aponta TCE-RN - Taveira Jr\",\"isPartOf\":{\"@id\":\"https:\/\/deputadotaveirajr.com.br\/#website\"},\"primaryImageOfPage\":{\"@id\":\"https:\/\/deputadotaveirajr.com.br\/index.php\/prefeitura-e-camara-de-natal-acumulam-dividas-previdenciarias-de-servidores-aponta-tce-rn\/#primaryimage\"},\"image\":{\"@id\":\"https:\/\/deputadotaveirajr.com.br\/index.php\/prefeitura-e-camara-de-natal-acumulam-dividas-previdenciarias-de-servidores-aponta-tce-rn\/#primaryimage\"},\"thumbnailUrl\":\"https:\/\/deputadotaveirajr.com.br\/wp-content\/uploads\/2024\/11\/prefeitura-h608yJ.jpeg\",\"datePublished\":\"2024-11-26T23:01:52+00:00\",\"breadcrumb\":{\"@id\":\"https:\/\/deputadotaveirajr.com.br\/index.php\/prefeitura-e-camara-de-natal-acumulam-dividas-previdenciarias-de-servidores-aponta-tce-rn\/#breadcrumb\"},\"inLanguage\":\"pt-BR\",\"potentialAction\":[{\"@type\":\"ReadAction\",\"target\":[\"https:\/\/deputadotaveirajr.com.br\/index.php\/prefeitura-e-camara-de-natal-acumulam-dividas-previdenciarias-de-servidores-aponta-tce-rn\/\"]}]},{\"@type\":\"ImageObject\",\"inLanguage\":\"pt-BR\",\"@id\":\"https:\/\/deputadotaveirajr.com.br\/index.php\/prefeitura-e-camara-de-natal-acumulam-dividas-previdenciarias-de-servidores-aponta-tce-rn\/#primaryimage\",\"url\":\"https:\/\/deputadotaveirajr.com.br\/wp-content\/uploads\/2024\/11\/prefeitura-h608yJ.jpeg\",\"contentUrl\":\"https:\/\/deputadotaveirajr.com.br\/wp-content\/uploads\/2024\/11\/prefeitura-h608yJ.jpeg\",\"width\":1600,\"height\":1394},{\"@type\":\"BreadcrumbList\",\"@id\":\"https:\/\/deputadotaveirajr.com.br\/index.php\/prefeitura-e-camara-de-natal-acumulam-dividas-previdenciarias-de-servidores-aponta-tce-rn\/#breadcrumb\",\"itemListElement\":[{\"@type\":\"ListItem\",\"position\":1,\"name\":\"In\u00edcio\",\"item\":\"https:\/\/deputadotaveirajr.com.br\/\"},{\"@type\":\"ListItem\",\"position\":2,\"name\":\"Prefeitura e C\u00e2mara de Natal acumulam d\u00edvidas previdenci\u00e1rias de servidores, aponta TCE-RN\"}]},{\"@type\":\"WebSite\",\"@id\":\"https:\/\/deputadotaveirajr.com.br\/#website\",\"url\":\"https:\/\/deputadotaveirajr.com.br\/\",\"name\":\"Taveira Jr\",\"description\":\"Deputado Estadual\",\"publisher\":{\"@id\":\"https:\/\/deputadotaveirajr.com.br\/#organization\"},\"potentialAction\":[{\"@type\":\"SearchAction\",\"target\":{\"@type\":\"EntryPoint\",\"urlTemplate\":\"https:\/\/deputadotaveirajr.com.br\/?s={search_term_string}\"},\"query-input\":{\"@type\":\"PropertyValueSpecification\",\"valueRequired\":true,\"valueName\":\"search_term_string\"}}],\"inLanguage\":\"pt-BR\"},{\"@type\":\"Organization\",\"@id\":\"https:\/\/deputadotaveirajr.com.br\/#organization\",\"name\":\"Taveira Jr\",\"url\":\"https:\/\/deputadotaveirajr.com.br\/\",\"logo\":{\"@type\":\"ImageObject\",\"inLanguage\":\"pt-BR\",\"@id\":\"https:\/\/deputadotaveirajr.com.br\/#\/schema\/logo\/image\/\",\"url\":\"https:\/\/deputadotaveirajr.com.br\/wp-content\/uploads\/2026\/01\/logolow2a.png\",\"contentUrl\":\"https:\/\/deputadotaveirajr.com.br\/wp-content\/uploads\/2026\/01\/logolow2a.png\",\"width\":290,\"height\":80,\"caption\":\"Taveira Jr\"},\"image\":{\"@id\":\"https:\/\/deputadotaveirajr.com.br\/#\/schema\/logo\/image\/\"}}]}<\/script>\n<!-- \/ Yoast SEO plugin. -->","yoast_head_json":{"title":"Prefeitura e C\u00e2mara de Natal acumulam d\u00edvidas previdenci\u00e1rias de servidores, aponta TCE-RN - Taveira Jr","robots":{"index":"index","follow":"follow","max-snippet":"max-snippet:-1","max-image-preview":"max-image-preview:large","max-video-preview":"max-video-preview:-1"},"canonical":"https:\/\/deputadotaveirajr.com.br\/index.php\/prefeitura-e-camara-de-natal-acumulam-dividas-previdenciarias-de-servidores-aponta-tce-rn\/","og_locale":"pt_BR","og_type":"article","og_title":"Prefeitura e C\u00e2mara de Natal acumulam d\u00edvidas previdenci\u00e1rias de servidores, aponta TCE-RN - Taveira Jr","og_description":"Relat\u00f3rio aponta pend\u00eancias de R$ 68,7 mil e aponta atrasos recorrentes nos repasses entre 2018 e 2023. Pal\u00e1cio Felipe Camar\u00e3o, sede da Prefeitura de Natal S\u00e9rgio Henrique Santos\/Inter TV Cabugi ...","og_url":"https:\/\/deputadotaveirajr.com.br\/index.php\/prefeitura-e-camara-de-natal-acumulam-dividas-previdenciarias-de-servidores-aponta-tce-rn\/","og_site_name":"Taveira Jr","twitter_card":"summary_large_image","twitter_misc":{"Est. tempo de leitura":"1 minuto"},"schema":{"@context":"https:\/\/schema.org","@graph":[{"@type":"WebPage","@id":"https:\/\/deputadotaveirajr.com.br\/index.php\/prefeitura-e-camara-de-natal-acumulam-dividas-previdenciarias-de-servidores-aponta-tce-rn\/","url":"https:\/\/deputadotaveirajr.com.br\/index.php\/prefeitura-e-camara-de-natal-acumulam-dividas-previdenciarias-de-servidores-aponta-tce-rn\/","name":"Prefeitura e C\u00e2mara de Natal acumulam d\u00edvidas previdenci\u00e1rias de servidores, aponta TCE-RN - Taveira Jr","isPartOf":{"@id":"https:\/\/deputadotaveirajr.com.br\/#website"},"primaryImageOfPage":{"@id":"https:\/\/deputadotaveirajr.com.br\/index.php\/prefeitura-e-camara-de-natal-acumulam-dividas-previdenciarias-de-servidores-aponta-tce-rn\/#primaryimage"},"image":{"@id":"https:\/\/deputadotaveirajr.com.br\/index.php\/prefeitura-e-camara-de-natal-acumulam-dividas-previdenciarias-de-servidores-aponta-tce-rn\/#primaryimage"},"thumbnailUrl":"https:\/\/deputadotaveirajr.com.br\/wp-content\/uploads\/2024\/11\/prefeitura-h608yJ.jpeg","datePublished":"2024-11-26T23:01:52+00:00","breadcrumb":{"@id":"https:\/\/deputadotaveirajr.com.br\/index.php\/prefeitura-e-camara-de-natal-acumulam-dividas-previdenciarias-de-servidores-aponta-tce-rn\/#breadcrumb"},"inLanguage":"pt-BR","potentialAction":[{"@type":"ReadAction","target":["https:\/\/deputadotaveirajr.com.br\/index.php\/prefeitura-e-camara-de-natal-acumulam-dividas-previdenciarias-de-servidores-aponta-tce-rn\/"]}]},{"@type":"ImageObject","inLanguage":"pt-BR","@id":"https:\/\/deputadotaveirajr.com.br\/index.php\/prefeitura-e-camara-de-natal-acumulam-dividas-previdenciarias-de-servidores-aponta-tce-rn\/#primaryimage","url":"https:\/\/deputadotaveirajr.com.br\/wp-content\/uploads\/2024\/11\/prefeitura-h608yJ.jpeg","contentUrl":"https:\/\/deputadotaveirajr.com.br\/wp-content\/uploads\/2024\/11\/prefeitura-h608yJ.jpeg","width":1600,"height":1394},{"@type":"BreadcrumbList","@id":"https:\/\/deputadotaveirajr.com.br\/index.php\/prefeitura-e-camara-de-natal-acumulam-dividas-previdenciarias-de-servidores-aponta-tce-rn\/#breadcrumb","itemListElement":[{"@type":"ListItem","position":1,"name":"In\u00edcio","item":"https:\/\/deputadotaveirajr.com.br\/"},{"@type":"ListItem","position":2,"name":"Prefeitura e C\u00e2mara de Natal acumulam d\u00edvidas previdenci\u00e1rias de servidores, aponta TCE-RN"}]},{"@type":"WebSite","@id":"https:\/\/deputadotaveirajr.com.br\/#website","url":"https:\/\/deputadotaveirajr.com.br\/","name":"Taveira Jr","description":"Deputado Estadual","publisher":{"@id":"https:\/\/deputadotaveirajr.com.br\/#organization"},"potentialAction":[{"@type":"SearchAction","target":{"@type":"EntryPoint","urlTemplate":"https:\/\/deputadotaveirajr.com.br\/?s={search_term_string}"},"query-input":{"@type":"PropertyValueSpecification","valueRequired":true,"valueName":"search_term_string"}}],"inLanguage":"pt-BR"},{"@type":"Organization","@id":"https:\/\/deputadotaveirajr.com.br\/#organization","name":"Taveira Jr","url":"https:\/\/deputadotaveirajr.com.br\/","logo":{"@type":"ImageObject","inLanguage":"pt-BR","@id":"https:\/\/deputadotaveirajr.com.br\/#\/schema\/logo\/image\/","url":"https:\/\/deputadotaveirajr.com.br\/wp-content\/uploads\/2026\/01\/logolow2a.png","contentUrl":"https:\/\/deputadotaveirajr.com.br\/wp-content\/uploads\/2026\/01\/logolow2a.png","width":290,"height":80,"caption":"Taveira Jr"},"image":{"@id":"https:\/\/deputadotaveirajr.com.br\/#\/schema\/logo\/image\/"}}]}},"_links":{"self":[{"href":"https:\/\/deputadotaveirajr.com.br\/index.php\/wp-json\/wp\/v2\/pages\/11477","targetHints":{"allow":["GET"]}}],"collection":[{"href":"https:\/\/deputadotaveirajr.com.br\/index.php\/wp-json\/wp\/v2\/pages"}],"about":[{"href":"https:\/\/deputadotaveirajr.com.br\/index.php\/wp-json\/wp\/v2\/types\/page"}],"replies":[{"embeddable":true,"href":"https:\/\/deputadotaveirajr.com.br\/index.php\/wp-json\/wp\/v2\/comments?post=11477"}],"version-history":[{"count":0,"href":"https:\/\/deputadotaveirajr.com.br\/index.php\/wp-json\/wp\/v2\/pages\/11477\/revisions"}],"wp:featuredmedia":[{"embeddable":true,"href":"https:\/\/deputadotaveirajr.com.br\/index.php\/wp-json\/wp\/v2\/media\/11478"}],"wp:attachment":[{"href":"https:\/\/deputadotaveirajr.com.br\/index.php\/wp-json\/wp\/v2\/media?parent=11477"}],"curies":[{"name":"wp","href":"https:\/\/api.w.org\/{rel}","templated":true}]}}