{"id":11481,"date":"2024-11-27T08:51:18","date_gmt":"2024-11-27T11:51:18","guid":{"rendered":"https:\/\/deputadotaveirajr.com.br\/index.php\/trabalhadores-sao-resgatados-por-helicoptero-no-alto-de-torre-eolica-apos-incendio-no-equipamento-no-rn\/"},"modified":"2024-11-27T08:51:18","modified_gmt":"2024-11-27T11:51:18","slug":"trabalhadores-sao-resgatados-por-helicoptero-no-alto-de-torre-eolica-apos-incendio-no-equipamento-no-rn","status":"publish","type":"page","link":"https:\/\/deputadotaveirajr.com.br\/index.php\/trabalhadores-sao-resgatados-por-helicoptero-no-alto-de-torre-eolica-apos-incendio-no-equipamento-no-rn\/","title":{"rendered":"Trabalhadores s\u00e3o resgatados por helic\u00f3ptero no alto de torre e\u00f3lica ap\u00f3s inc\u00eandio no equipamento no RN"},"content":{"rendered":"<p>     Caso aconteceu na tarde de ter\u00e7a-feira (26) em Areia Branca, no Oeste potiguar.  Trabalhadores s\u00e3o resgatados de torre e\u00f3lica por helic\u00f3ptero no RN<br \/>\nDois trabalhadores ficaram presos no alto de uma torre e\u00f3lica e foram resgatados por um helic\u00f3ptero ap\u00f3s um inc\u00eandio na estrutura, na tarde desta ter\u00e7a-feira (26), em Areia Branca, na regi\u00e3o Oeste potiguar.<br \/>\nO caso aconteceu em um dos aerogeradores do Parque E\u00f3lico Mel. Segundo a empresa propriet\u00e1ria do parque, a Neoenergia, o princ\u00edpio de inc\u00eandio foi controlado pela brigada de emerg\u00eancia da empresa.<br \/>\n\ud83d\udcf3Participe do canal do g1 RN no WhatsApp<br \/>\nPor\u00e9m, a equipe precisou do apoio do Centro Integrado de Opera\u00e7\u00f5es A\u00e9reas (Ciopaer) e do Corpo de Bombeiros Militar do Rio Grande do Norte para resgatar os dois colaboradores que faziam manuten\u00e7\u00e3o do equipamento.<br \/>\n&#8220;Os colaboradores foram resgatados com seguran\u00e7a, avaliados por uma equipe m\u00e9dica e passam bem. A Neoenergia est\u00e1 prestando todo o apoio aos colaboradores e apura as causas do incidente&#8221;, disse a empresa em nota.<br \/>\nSegundo o Ciopaer, a equipe foi acionada por volta das 15h45 e estava pronta para a opera\u00e7\u00e3o em cerca de cinco minutos.<br \/>\n&#8220;Prontamente a gente reuniu a equipe, informou ao diretor, debateu as condi\u00e7\u00f5es, porque \u00e9 uma opera\u00e7\u00e3o que n\u00e3o \u00e9 simples de realizar, e, no limite do tempo, a gente conseguiu decolar e dar o suporte ao Corpo de Bombeiros e ao Samu que estavam no local&#8221;, afirmou o piloto da aeronave, sargento Eridson.<br \/>\nHelic\u00f3ptero resgata trabalhadores presos em torre e\u00f3lica ap\u00f3s inc\u00eandio<br \/>\nReprodu\u00e7\u00e3o<br \/>\nSegundo o piloto, o cen\u00e1rio era adverso por causa da for\u00e7a do vento e da proximidade das p\u00e1s da torre e\u00f3lica, entre outros fatores.<br \/>\n&#8220;N\u00f3s t\u00ednhamos informa\u00e7\u00f5es que os elevadores tinham dado pane, t\u00ednhamos um aerogerador que estava h\u00e1 mais de 60 metros de altura e uma situa\u00e7\u00e3o adversa pelo estado emocional das v\u00edtimas, que poderia causar um desdobramento ruim&#8221;, declarou o comandante do Ciopaer, coronel Eduardo Franco, que parabenizou a equipe pela opera\u00e7\u00e3o.<br \/>\nVeja os v\u00eddeos mais assistidos no g1 RN<\/p>","protected":false},"excerpt":{"rendered":"<p>Caso aconteceu na tarde de ter\u00e7a-feira (26) em Areia Branca, no Oeste potiguar. Trabalhadores s\u00e3o resgatados de torre e\u00f3lica por helic\u00f3ptero no RN Dois trabalhadores ficaram presos no alto de &#8230;<\/p>\n","protected":false},"author":0,"featured_media":11482,"parent":0,"menu_order":0,"comment_status":"closed","ping_status":"closed","template":"","meta":{"footnotes":""},"class_list":["post-11481","page","type-page","status-publish","has-post-thumbnail","hentry"],"yoast_head":"<!-- This site is optimized with the Yoast SEO plugin v27.1.1 - https:\/\/yoast.com\/product\/yoast-seo-wordpress\/ -->\n<title>Trabalhadores s\u00e3o resgatados por helic\u00f3ptero no alto de torre e\u00f3lica ap\u00f3s inc\u00eandio no equipamento no RN - Taveira Jr<\/title>\n<meta name=\"robots\" content=\"index, follow, max-snippet:-1, max-image-preview:large, max-video-preview:-1\" \/>\n<link rel=\"canonical\" href=\"https:\/\/deputadotaveirajr.com.br\/index.php\/trabalhadores-sao-resgatados-por-helicoptero-no-alto-de-torre-eolica-apos-incendio-no-equipamento-no-rn\/\" \/>\n<meta property=\"og:locale\" content=\"pt_BR\" \/>\n<meta property=\"og:type\" content=\"article\" \/>\n<meta property=\"og:title\" content=\"Trabalhadores s\u00e3o resgatados por helic\u00f3ptero no alto de torre e\u00f3lica ap\u00f3s inc\u00eandio no equipamento no RN - Taveira Jr\" \/>\n<meta property=\"og:description\" content=\"Caso aconteceu na tarde de ter\u00e7a-feira (26) em Areia Branca, no Oeste potiguar. Trabalhadores s\u00e3o resgatados de torre e\u00f3lica por helic\u00f3ptero no RN Dois trabalhadores ficaram presos no alto de ...\" \/>\n<meta property=\"og:url\" content=\"https:\/\/deputadotaveirajr.com.br\/index.php\/trabalhadores-sao-resgatados-por-helicoptero-no-alto-de-torre-eolica-apos-incendio-no-equipamento-no-rn\/\" \/>\n<meta property=\"og:site_name\" content=\"Taveira Jr\" \/>\n<meta name=\"twitter:card\" content=\"summary_large_image\" \/>\n<meta name=\"twitter:label1\" content=\"Est. tempo de leitura\" \/>\n\t<meta name=\"twitter:data1\" content=\"2 minutos\" \/>\n<script type=\"application\/ld+json\" class=\"yoast-schema-graph\">{\"@context\":\"https:\/\/schema.org\",\"@graph\":[{\"@type\":\"WebPage\",\"@id\":\"https:\/\/deputadotaveirajr.com.br\/index.php\/trabalhadores-sao-resgatados-por-helicoptero-no-alto-de-torre-eolica-apos-incendio-no-equipamento-no-rn\/\",\"url\":\"https:\/\/deputadotaveirajr.com.br\/index.php\/trabalhadores-sao-resgatados-por-helicoptero-no-alto-de-torre-eolica-apos-incendio-no-equipamento-no-rn\/\",\"name\":\"Trabalhadores s\u00e3o resgatados por helic\u00f3ptero no alto de torre e\u00f3lica ap\u00f3s inc\u00eandio no equipamento no RN - Taveira Jr\",\"isPartOf\":{\"@id\":\"https:\/\/deputadotaveirajr.com.br\/#website\"},\"primaryImageOfPage\":{\"@id\":\"https:\/\/deputadotaveirajr.com.br\/index.php\/trabalhadores-sao-resgatados-por-helicoptero-no-alto-de-torre-eolica-apos-incendio-no-equipamento-no-rn\/#primaryimage\"},\"image\":{\"@id\":\"https:\/\/deputadotaveirajr.com.br\/index.php\/trabalhadores-sao-resgatados-por-helicoptero-no-alto-de-torre-eolica-apos-incendio-no-equipamento-no-rn\/#primaryimage\"},\"thumbnailUrl\":\"https:\/\/deputadotaveirajr.com.br\/wp-content\/uploads\/2024\/11\/areia-branca-WwJLnM.jpeg\",\"datePublished\":\"2024-11-27T11:51:18+00:00\",\"breadcrumb\":{\"@id\":\"https:\/\/deputadotaveirajr.com.br\/index.php\/trabalhadores-sao-resgatados-por-helicoptero-no-alto-de-torre-eolica-apos-incendio-no-equipamento-no-rn\/#breadcrumb\"},\"inLanguage\":\"pt-BR\",\"potentialAction\":[{\"@type\":\"ReadAction\",\"target\":[\"https:\/\/deputadotaveirajr.com.br\/index.php\/trabalhadores-sao-resgatados-por-helicoptero-no-alto-de-torre-eolica-apos-incendio-no-equipamento-no-rn\/\"]}]},{\"@type\":\"ImageObject\",\"inLanguage\":\"pt-BR\",\"@id\":\"https:\/\/deputadotaveirajr.com.br\/index.php\/trabalhadores-sao-resgatados-por-helicoptero-no-alto-de-torre-eolica-apos-incendio-no-equipamento-no-rn\/#primaryimage\",\"url\":\"https:\/\/deputadotaveirajr.com.br\/wp-content\/uploads\/2024\/11\/areia-branca-WwJLnM.jpeg\",\"contentUrl\":\"https:\/\/deputadotaveirajr.com.br\/wp-content\/uploads\/2024\/11\/areia-branca-WwJLnM.jpeg\",\"width\":650,\"height\":898},{\"@type\":\"BreadcrumbList\",\"@id\":\"https:\/\/deputadotaveirajr.com.br\/index.php\/trabalhadores-sao-resgatados-por-helicoptero-no-alto-de-torre-eolica-apos-incendio-no-equipamento-no-rn\/#breadcrumb\",\"itemListElement\":[{\"@type\":\"ListItem\",\"position\":1,\"name\":\"In\u00edcio\",\"item\":\"https:\/\/deputadotaveirajr.com.br\/\"},{\"@type\":\"ListItem\",\"position\":2,\"name\":\"Trabalhadores s\u00e3o resgatados por helic\u00f3ptero no alto de torre e\u00f3lica ap\u00f3s inc\u00eandio no equipamento no RN\"}]},{\"@type\":\"WebSite\",\"@id\":\"https:\/\/deputadotaveirajr.com.br\/#website\",\"url\":\"https:\/\/deputadotaveirajr.com.br\/\",\"name\":\"Taveira Jr\",\"description\":\"Deputado Estadual\",\"publisher\":{\"@id\":\"https:\/\/deputadotaveirajr.com.br\/#organization\"},\"potentialAction\":[{\"@type\":\"SearchAction\",\"target\":{\"@type\":\"EntryPoint\",\"urlTemplate\":\"https:\/\/deputadotaveirajr.com.br\/?s={search_term_string}\"},\"query-input\":{\"@type\":\"PropertyValueSpecification\",\"valueRequired\":true,\"valueName\":\"search_term_string\"}}],\"inLanguage\":\"pt-BR\"},{\"@type\":\"Organization\",\"@id\":\"https:\/\/deputadotaveirajr.com.br\/#organization\",\"name\":\"Taveira Jr\",\"url\":\"https:\/\/deputadotaveirajr.com.br\/\",\"logo\":{\"@type\":\"ImageObject\",\"inLanguage\":\"pt-BR\",\"@id\":\"https:\/\/deputadotaveirajr.com.br\/#\/schema\/logo\/image\/\",\"url\":\"https:\/\/deputadotaveirajr.com.br\/wp-content\/uploads\/2026\/01\/logolow2a.png\",\"contentUrl\":\"https:\/\/deputadotaveirajr.com.br\/wp-content\/uploads\/2026\/01\/logolow2a.png\",\"width\":290,\"height\":80,\"caption\":\"Taveira Jr\"},\"image\":{\"@id\":\"https:\/\/deputadotaveirajr.com.br\/#\/schema\/logo\/image\/\"}}]}<\/script>\n<!-- \/ Yoast SEO plugin. -->","yoast_head_json":{"title":"Trabalhadores s\u00e3o resgatados por helic\u00f3ptero no alto de torre e\u00f3lica ap\u00f3s inc\u00eandio no equipamento no RN - Taveira Jr","robots":{"index":"index","follow":"follow","max-snippet":"max-snippet:-1","max-image-preview":"max-image-preview:large","max-video-preview":"max-video-preview:-1"},"canonical":"https:\/\/deputadotaveirajr.com.br\/index.php\/trabalhadores-sao-resgatados-por-helicoptero-no-alto-de-torre-eolica-apos-incendio-no-equipamento-no-rn\/","og_locale":"pt_BR","og_type":"article","og_title":"Trabalhadores s\u00e3o resgatados por helic\u00f3ptero no alto de torre e\u00f3lica ap\u00f3s inc\u00eandio no equipamento no RN - Taveira Jr","og_description":"Caso aconteceu na tarde de ter\u00e7a-feira (26) em Areia Branca, no Oeste potiguar. Trabalhadores s\u00e3o resgatados de torre e\u00f3lica por helic\u00f3ptero no RN Dois trabalhadores ficaram presos no alto de ...","og_url":"https:\/\/deputadotaveirajr.com.br\/index.php\/trabalhadores-sao-resgatados-por-helicoptero-no-alto-de-torre-eolica-apos-incendio-no-equipamento-no-rn\/","og_site_name":"Taveira Jr","twitter_card":"summary_large_image","twitter_misc":{"Est. tempo de leitura":"2 minutos"},"schema":{"@context":"https:\/\/schema.org","@graph":[{"@type":"WebPage","@id":"https:\/\/deputadotaveirajr.com.br\/index.php\/trabalhadores-sao-resgatados-por-helicoptero-no-alto-de-torre-eolica-apos-incendio-no-equipamento-no-rn\/","url":"https:\/\/deputadotaveirajr.com.br\/index.php\/trabalhadores-sao-resgatados-por-helicoptero-no-alto-de-torre-eolica-apos-incendio-no-equipamento-no-rn\/","name":"Trabalhadores s\u00e3o resgatados por helic\u00f3ptero no alto de torre e\u00f3lica ap\u00f3s inc\u00eandio no equipamento no RN - Taveira Jr","isPartOf":{"@id":"https:\/\/deputadotaveirajr.com.br\/#website"},"primaryImageOfPage":{"@id":"https:\/\/deputadotaveirajr.com.br\/index.php\/trabalhadores-sao-resgatados-por-helicoptero-no-alto-de-torre-eolica-apos-incendio-no-equipamento-no-rn\/#primaryimage"},"image":{"@id":"https:\/\/deputadotaveirajr.com.br\/index.php\/trabalhadores-sao-resgatados-por-helicoptero-no-alto-de-torre-eolica-apos-incendio-no-equipamento-no-rn\/#primaryimage"},"thumbnailUrl":"https:\/\/deputadotaveirajr.com.br\/wp-content\/uploads\/2024\/11\/areia-branca-WwJLnM.jpeg","datePublished":"2024-11-27T11:51:18+00:00","breadcrumb":{"@id":"https:\/\/deputadotaveirajr.com.br\/index.php\/trabalhadores-sao-resgatados-por-helicoptero-no-alto-de-torre-eolica-apos-incendio-no-equipamento-no-rn\/#breadcrumb"},"inLanguage":"pt-BR","potentialAction":[{"@type":"ReadAction","target":["https:\/\/deputadotaveirajr.com.br\/index.php\/trabalhadores-sao-resgatados-por-helicoptero-no-alto-de-torre-eolica-apos-incendio-no-equipamento-no-rn\/"]}]},{"@type":"ImageObject","inLanguage":"pt-BR","@id":"https:\/\/deputadotaveirajr.com.br\/index.php\/trabalhadores-sao-resgatados-por-helicoptero-no-alto-de-torre-eolica-apos-incendio-no-equipamento-no-rn\/#primaryimage","url":"https:\/\/deputadotaveirajr.com.br\/wp-content\/uploads\/2024\/11\/areia-branca-WwJLnM.jpeg","contentUrl":"https:\/\/deputadotaveirajr.com.br\/wp-content\/uploads\/2024\/11\/areia-branca-WwJLnM.jpeg","width":650,"height":898},{"@type":"BreadcrumbList","@id":"https:\/\/deputadotaveirajr.com.br\/index.php\/trabalhadores-sao-resgatados-por-helicoptero-no-alto-de-torre-eolica-apos-incendio-no-equipamento-no-rn\/#breadcrumb","itemListElement":[{"@type":"ListItem","position":1,"name":"In\u00edcio","item":"https:\/\/deputadotaveirajr.com.br\/"},{"@type":"ListItem","position":2,"name":"Trabalhadores s\u00e3o resgatados por helic\u00f3ptero no alto de torre e\u00f3lica ap\u00f3s inc\u00eandio no equipamento no RN"}]},{"@type":"WebSite","@id":"https:\/\/deputadotaveirajr.com.br\/#website","url":"https:\/\/deputadotaveirajr.com.br\/","name":"Taveira Jr","description":"Deputado Estadual","publisher":{"@id":"https:\/\/deputadotaveirajr.com.br\/#organization"},"potentialAction":[{"@type":"SearchAction","target":{"@type":"EntryPoint","urlTemplate":"https:\/\/deputadotaveirajr.com.br\/?s={search_term_string}"},"query-input":{"@type":"PropertyValueSpecification","valueRequired":true,"valueName":"search_term_string"}}],"inLanguage":"pt-BR"},{"@type":"Organization","@id":"https:\/\/deputadotaveirajr.com.br\/#organization","name":"Taveira Jr","url":"https:\/\/deputadotaveirajr.com.br\/","logo":{"@type":"ImageObject","inLanguage":"pt-BR","@id":"https:\/\/deputadotaveirajr.com.br\/#\/schema\/logo\/image\/","url":"https:\/\/deputadotaveirajr.com.br\/wp-content\/uploads\/2026\/01\/logolow2a.png","contentUrl":"https:\/\/deputadotaveirajr.com.br\/wp-content\/uploads\/2026\/01\/logolow2a.png","width":290,"height":80,"caption":"Taveira Jr"},"image":{"@id":"https:\/\/deputadotaveirajr.com.br\/#\/schema\/logo\/image\/"}}]}},"_links":{"self":[{"href":"https:\/\/deputadotaveirajr.com.br\/index.php\/wp-json\/wp\/v2\/pages\/11481","targetHints":{"allow":["GET"]}}],"collection":[{"href":"https:\/\/deputadotaveirajr.com.br\/index.php\/wp-json\/wp\/v2\/pages"}],"about":[{"href":"https:\/\/deputadotaveirajr.com.br\/index.php\/wp-json\/wp\/v2\/types\/page"}],"replies":[{"embeddable":true,"href":"https:\/\/deputadotaveirajr.com.br\/index.php\/wp-json\/wp\/v2\/comments?post=11481"}],"version-history":[{"count":0,"href":"https:\/\/deputadotaveirajr.com.br\/index.php\/wp-json\/wp\/v2\/pages\/11481\/revisions"}],"wp:featuredmedia":[{"embeddable":true,"href":"https:\/\/deputadotaveirajr.com.br\/index.php\/wp-json\/wp\/v2\/media\/11482"}],"wp:attachment":[{"href":"https:\/\/deputadotaveirajr.com.br\/index.php\/wp-json\/wp\/v2\/media?parent=11481"}],"curies":[{"name":"wp","href":"https:\/\/api.w.org\/{rel}","templated":true}]}}