{"id":11483,"date":"2024-11-27T08:53:08","date_gmt":"2024-11-27T11:53:08","guid":{"rendered":"https:\/\/deputadotaveirajr.com.br\/index.php\/operacao-da-pf-combate-fraudes-bancarias-eletronicas-no-rn-e-outros-seis-estados\/"},"modified":"2024-11-27T08:53:08","modified_gmt":"2024-11-27T11:53:08","slug":"operacao-da-pf-combate-fraudes-bancarias-eletronicas-no-rn-e-outros-seis-estados","status":"publish","type":"page","link":"https:\/\/deputadotaveirajr.com.br\/index.php\/operacao-da-pf-combate-fraudes-bancarias-eletronicas-no-rn-e-outros-seis-estados\/","title":{"rendered":"Opera\u00e7\u00e3o da PF combate fraudes banc\u00e1rias eletr\u00f4nicas no RN e outros seis estados"},"content":{"rendered":"<p>     Policiais federais cumpriram mandados de busca e apreens\u00e3o em Minas Gerais, Bahia, Paran\u00e1, Rio Grande do Norte, Santa Catarina , Rio Grande do Sul e S\u00e3o Paulo. Opera\u00e7\u00e3o combate fraudes banc\u00e1rias eletr\u00f4nicas no RN e outros seis estados<br \/>\nPol\u00edcia Federal\/Divulga\u00e7\u00e3o<br \/>\nUma opera\u00e7\u00e3o da Pol\u00edcia Federal deflagrada nesta quarta (27) busca desarticular esquemas criminosos de fraudes banc\u00e1rias eletr\u00f4nicas no RN e outros seis estados. Foram cumpridos mandados de busca e apreens\u00e3o no RN, Minas Gerais, Bahia, Paran\u00e1, Santa Catarina, Rio Grande do Sul e S\u00e3o Paulo.<br \/>\nDe acordo com a Pol\u00edcia Federal, as investiga\u00e7\u00f5es detectaram nos \u00faltimos anos um aumento consider\u00e1vel da participa\u00e7\u00e3o consciente de pessoas f\u00edsicas em esquemas criminosos de fraudes banc\u00e1rias.<br \/>\n\ud83d\udcf3Participe do canal do g1 RN no WhatsApp<br \/>\nAinda segundo a PF, essas pessoas emprestam suas contas banc\u00e1rias para receber dinheiro de golpes e, em troca, recebem um pagamento. Tais pessoas s\u00e3o conhecidas popularmente como \u201claranjas\u201d.<br \/>\nNo Rio Grande do Norte foram cumpridos dois mandados de busca e apreens\u00e3o na cidade de S\u00e3o Gon\u00e7alo do Amarante, na Grande Natal.<br \/>\nLEIA MAIS:<br \/>\nUm em cada quatro potiguares perdeu dinheiro em golpes digitais nos \u00faltimos 12 meses<br \/>\nConfira os 5 golpes do PIX mais comuns feitos pelo celular<br \/>\nA opera\u00e7\u00e3o apura o envolvimento dos suspeitos em crimes de associa\u00e7\u00e3o criminosa, furto qualificado mediante fraude, uso de documento falso, lavagem de dinheiro e falsidade ideol\u00f3gica, cujas penas podem somar mais de 20 anos de pris\u00e3o.<br \/>\nA opera\u00e7\u00e3o denominada &#8216;N\u00e3o seja um laranja&#8217; contou com o apoio da Federa\u00e7\u00e3o Brasileira de Bancos (Febraban), da associa\u00e7\u00e3o Zetta e Associa\u00e7\u00e3o Brasileira de Internet (Abranet) e seus bancos e institui\u00e7\u00f5es filiadas.<br \/>\nSistema do BC permite que v\u00edtimas de golpes do PIX consigam recuperar preju\u00edzo<\/p>","protected":false},"excerpt":{"rendered":"<p>Policiais federais cumpriram mandados de busca e apreens\u00e3o em Minas Gerais, Bahia, Paran\u00e1, Rio Grande do Norte, Santa Catarina , Rio Grande do Sul e S\u00e3o Paulo. Opera\u00e7\u00e3o combate fraudes &#8230;<\/p>\n","protected":false},"author":0,"featured_media":11484,"parent":0,"menu_order":0,"comment_status":"closed","ping_status":"closed","template":"","meta":{"footnotes":""},"class_list":["post-11483","page","type-page","status-publish","has-post-thumbnail","hentry"],"yoast_head":"<!-- This site is optimized with the Yoast SEO plugin v27.1.1 - https:\/\/yoast.com\/product\/yoast-seo-wordpress\/ -->\n<title>Opera\u00e7\u00e3o da PF combate fraudes banc\u00e1rias eletr\u00f4nicas no RN e outros seis estados - Taveira Jr<\/title>\n<meta name=\"robots\" content=\"index, follow, max-snippet:-1, max-image-preview:large, max-video-preview:-1\" \/>\n<link rel=\"canonical\" href=\"https:\/\/deputadotaveirajr.com.br\/index.php\/operacao-da-pf-combate-fraudes-bancarias-eletronicas-no-rn-e-outros-seis-estados\/\" \/>\n<meta property=\"og:locale\" content=\"pt_BR\" \/>\n<meta property=\"og:type\" content=\"article\" \/>\n<meta property=\"og:title\" content=\"Opera\u00e7\u00e3o da PF combate fraudes banc\u00e1rias eletr\u00f4nicas no RN e outros seis estados - Taveira Jr\" \/>\n<meta property=\"og:description\" content=\"Policiais federais cumpriram mandados de busca e apreens\u00e3o em Minas Gerais, Bahia, Paran\u00e1, Rio Grande do Norte, Santa Catarina , Rio Grande do Sul e S\u00e3o Paulo. Opera\u00e7\u00e3o combate fraudes ...\" \/>\n<meta property=\"og:url\" content=\"https:\/\/deputadotaveirajr.com.br\/index.php\/operacao-da-pf-combate-fraudes-bancarias-eletronicas-no-rn-e-outros-seis-estados\/\" \/>\n<meta property=\"og:site_name\" content=\"Taveira Jr\" \/>\n<meta name=\"twitter:card\" content=\"summary_large_image\" \/>\n<meta name=\"twitter:label1\" content=\"Est. tempo de leitura\" \/>\n\t<meta name=\"twitter:data1\" content=\"2 minutos\" \/>\n<script type=\"application\/ld+json\" class=\"yoast-schema-graph\">{\"@context\":\"https:\/\/schema.org\",\"@graph\":[{\"@type\":\"WebPage\",\"@id\":\"https:\/\/deputadotaveirajr.com.br\/index.php\/operacao-da-pf-combate-fraudes-bancarias-eletronicas-no-rn-e-outros-seis-estados\/\",\"url\":\"https:\/\/deputadotaveirajr.com.br\/index.php\/operacao-da-pf-combate-fraudes-bancarias-eletronicas-no-rn-e-outros-seis-estados\/\",\"name\":\"Opera\u00e7\u00e3o da PF combate fraudes banc\u00e1rias eletr\u00f4nicas no RN e outros seis estados - Taveira Jr\",\"isPartOf\":{\"@id\":\"https:\/\/deputadotaveirajr.com.br\/#website\"},\"primaryImageOfPage\":{\"@id\":\"https:\/\/deputadotaveirajr.com.br\/index.php\/operacao-da-pf-combate-fraudes-bancarias-eletronicas-no-rn-e-outros-seis-estados\/#primaryimage\"},\"image\":{\"@id\":\"https:\/\/deputadotaveirajr.com.br\/index.php\/operacao-da-pf-combate-fraudes-bancarias-eletronicas-no-rn-e-outros-seis-estados\/#primaryimage\"},\"thumbnailUrl\":\"https:\/\/deputadotaveirajr.com.br\/wp-content\/uploads\/2024\/11\/whatsapp-image-2024-11-27-at-08.08.00-jul0Yg.jpeg\",\"datePublished\":\"2024-11-27T11:53:08+00:00\",\"breadcrumb\":{\"@id\":\"https:\/\/deputadotaveirajr.com.br\/index.php\/operacao-da-pf-combate-fraudes-bancarias-eletronicas-no-rn-e-outros-seis-estados\/#breadcrumb\"},\"inLanguage\":\"pt-BR\",\"potentialAction\":[{\"@type\":\"ReadAction\",\"target\":[\"https:\/\/deputadotaveirajr.com.br\/index.php\/operacao-da-pf-combate-fraudes-bancarias-eletronicas-no-rn-e-outros-seis-estados\/\"]}]},{\"@type\":\"ImageObject\",\"inLanguage\":\"pt-BR\",\"@id\":\"https:\/\/deputadotaveirajr.com.br\/index.php\/operacao-da-pf-combate-fraudes-bancarias-eletronicas-no-rn-e-outros-seis-estados\/#primaryimage\",\"url\":\"https:\/\/deputadotaveirajr.com.br\/wp-content\/uploads\/2024\/11\/whatsapp-image-2024-11-27-at-08.08.00-jul0Yg.jpeg\",\"contentUrl\":\"https:\/\/deputadotaveirajr.com.br\/wp-content\/uploads\/2024\/11\/whatsapp-image-2024-11-27-at-08.08.00-jul0Yg.jpeg\",\"width\":1280,\"height\":960},{\"@type\":\"BreadcrumbList\",\"@id\":\"https:\/\/deputadotaveirajr.com.br\/index.php\/operacao-da-pf-combate-fraudes-bancarias-eletronicas-no-rn-e-outros-seis-estados\/#breadcrumb\",\"itemListElement\":[{\"@type\":\"ListItem\",\"position\":1,\"name\":\"In\u00edcio\",\"item\":\"https:\/\/deputadotaveirajr.com.br\/\"},{\"@type\":\"ListItem\",\"position\":2,\"name\":\"Opera\u00e7\u00e3o da PF combate fraudes banc\u00e1rias eletr\u00f4nicas no RN e outros seis estados\"}]},{\"@type\":\"WebSite\",\"@id\":\"https:\/\/deputadotaveirajr.com.br\/#website\",\"url\":\"https:\/\/deputadotaveirajr.com.br\/\",\"name\":\"Taveira Jr\",\"description\":\"Deputado Estadual\",\"publisher\":{\"@id\":\"https:\/\/deputadotaveirajr.com.br\/#organization\"},\"potentialAction\":[{\"@type\":\"SearchAction\",\"target\":{\"@type\":\"EntryPoint\",\"urlTemplate\":\"https:\/\/deputadotaveirajr.com.br\/?s={search_term_string}\"},\"query-input\":{\"@type\":\"PropertyValueSpecification\",\"valueRequired\":true,\"valueName\":\"search_term_string\"}}],\"inLanguage\":\"pt-BR\"},{\"@type\":\"Organization\",\"@id\":\"https:\/\/deputadotaveirajr.com.br\/#organization\",\"name\":\"Taveira Jr\",\"url\":\"https:\/\/deputadotaveirajr.com.br\/\",\"logo\":{\"@type\":\"ImageObject\",\"inLanguage\":\"pt-BR\",\"@id\":\"https:\/\/deputadotaveirajr.com.br\/#\/schema\/logo\/image\/\",\"url\":\"https:\/\/deputadotaveirajr.com.br\/wp-content\/uploads\/2026\/01\/logolow2a.png\",\"contentUrl\":\"https:\/\/deputadotaveirajr.com.br\/wp-content\/uploads\/2026\/01\/logolow2a.png\",\"width\":290,\"height\":80,\"caption\":\"Taveira Jr\"},\"image\":{\"@id\":\"https:\/\/deputadotaveirajr.com.br\/#\/schema\/logo\/image\/\"}}]}<\/script>\n<!-- \/ Yoast SEO plugin. -->","yoast_head_json":{"title":"Opera\u00e7\u00e3o da PF combate fraudes banc\u00e1rias eletr\u00f4nicas no RN e outros seis estados - Taveira Jr","robots":{"index":"index","follow":"follow","max-snippet":"max-snippet:-1","max-image-preview":"max-image-preview:large","max-video-preview":"max-video-preview:-1"},"canonical":"https:\/\/deputadotaveirajr.com.br\/index.php\/operacao-da-pf-combate-fraudes-bancarias-eletronicas-no-rn-e-outros-seis-estados\/","og_locale":"pt_BR","og_type":"article","og_title":"Opera\u00e7\u00e3o da PF combate fraudes banc\u00e1rias eletr\u00f4nicas no RN e outros seis estados - Taveira Jr","og_description":"Policiais federais cumpriram mandados de busca e apreens\u00e3o em Minas Gerais, Bahia, Paran\u00e1, Rio Grande do Norte, Santa Catarina , Rio Grande do Sul e S\u00e3o Paulo. Opera\u00e7\u00e3o combate fraudes ...","og_url":"https:\/\/deputadotaveirajr.com.br\/index.php\/operacao-da-pf-combate-fraudes-bancarias-eletronicas-no-rn-e-outros-seis-estados\/","og_site_name":"Taveira Jr","twitter_card":"summary_large_image","twitter_misc":{"Est. tempo de leitura":"2 minutos"},"schema":{"@context":"https:\/\/schema.org","@graph":[{"@type":"WebPage","@id":"https:\/\/deputadotaveirajr.com.br\/index.php\/operacao-da-pf-combate-fraudes-bancarias-eletronicas-no-rn-e-outros-seis-estados\/","url":"https:\/\/deputadotaveirajr.com.br\/index.php\/operacao-da-pf-combate-fraudes-bancarias-eletronicas-no-rn-e-outros-seis-estados\/","name":"Opera\u00e7\u00e3o da PF combate fraudes banc\u00e1rias eletr\u00f4nicas no RN e outros seis estados - Taveira Jr","isPartOf":{"@id":"https:\/\/deputadotaveirajr.com.br\/#website"},"primaryImageOfPage":{"@id":"https:\/\/deputadotaveirajr.com.br\/index.php\/operacao-da-pf-combate-fraudes-bancarias-eletronicas-no-rn-e-outros-seis-estados\/#primaryimage"},"image":{"@id":"https:\/\/deputadotaveirajr.com.br\/index.php\/operacao-da-pf-combate-fraudes-bancarias-eletronicas-no-rn-e-outros-seis-estados\/#primaryimage"},"thumbnailUrl":"https:\/\/deputadotaveirajr.com.br\/wp-content\/uploads\/2024\/11\/whatsapp-image-2024-11-27-at-08.08.00-jul0Yg.jpeg","datePublished":"2024-11-27T11:53:08+00:00","breadcrumb":{"@id":"https:\/\/deputadotaveirajr.com.br\/index.php\/operacao-da-pf-combate-fraudes-bancarias-eletronicas-no-rn-e-outros-seis-estados\/#breadcrumb"},"inLanguage":"pt-BR","potentialAction":[{"@type":"ReadAction","target":["https:\/\/deputadotaveirajr.com.br\/index.php\/operacao-da-pf-combate-fraudes-bancarias-eletronicas-no-rn-e-outros-seis-estados\/"]}]},{"@type":"ImageObject","inLanguage":"pt-BR","@id":"https:\/\/deputadotaveirajr.com.br\/index.php\/operacao-da-pf-combate-fraudes-bancarias-eletronicas-no-rn-e-outros-seis-estados\/#primaryimage","url":"https:\/\/deputadotaveirajr.com.br\/wp-content\/uploads\/2024\/11\/whatsapp-image-2024-11-27-at-08.08.00-jul0Yg.jpeg","contentUrl":"https:\/\/deputadotaveirajr.com.br\/wp-content\/uploads\/2024\/11\/whatsapp-image-2024-11-27-at-08.08.00-jul0Yg.jpeg","width":1280,"height":960},{"@type":"BreadcrumbList","@id":"https:\/\/deputadotaveirajr.com.br\/index.php\/operacao-da-pf-combate-fraudes-bancarias-eletronicas-no-rn-e-outros-seis-estados\/#breadcrumb","itemListElement":[{"@type":"ListItem","position":1,"name":"In\u00edcio","item":"https:\/\/deputadotaveirajr.com.br\/"},{"@type":"ListItem","position":2,"name":"Opera\u00e7\u00e3o da PF combate fraudes banc\u00e1rias eletr\u00f4nicas no RN e outros seis estados"}]},{"@type":"WebSite","@id":"https:\/\/deputadotaveirajr.com.br\/#website","url":"https:\/\/deputadotaveirajr.com.br\/","name":"Taveira Jr","description":"Deputado Estadual","publisher":{"@id":"https:\/\/deputadotaveirajr.com.br\/#organization"},"potentialAction":[{"@type":"SearchAction","target":{"@type":"EntryPoint","urlTemplate":"https:\/\/deputadotaveirajr.com.br\/?s={search_term_string}"},"query-input":{"@type":"PropertyValueSpecification","valueRequired":true,"valueName":"search_term_string"}}],"inLanguage":"pt-BR"},{"@type":"Organization","@id":"https:\/\/deputadotaveirajr.com.br\/#organization","name":"Taveira Jr","url":"https:\/\/deputadotaveirajr.com.br\/","logo":{"@type":"ImageObject","inLanguage":"pt-BR","@id":"https:\/\/deputadotaveirajr.com.br\/#\/schema\/logo\/image\/","url":"https:\/\/deputadotaveirajr.com.br\/wp-content\/uploads\/2026\/01\/logolow2a.png","contentUrl":"https:\/\/deputadotaveirajr.com.br\/wp-content\/uploads\/2026\/01\/logolow2a.png","width":290,"height":80,"caption":"Taveira Jr"},"image":{"@id":"https:\/\/deputadotaveirajr.com.br\/#\/schema\/logo\/image\/"}}]}},"_links":{"self":[{"href":"https:\/\/deputadotaveirajr.com.br\/index.php\/wp-json\/wp\/v2\/pages\/11483","targetHints":{"allow":["GET"]}}],"collection":[{"href":"https:\/\/deputadotaveirajr.com.br\/index.php\/wp-json\/wp\/v2\/pages"}],"about":[{"href":"https:\/\/deputadotaveirajr.com.br\/index.php\/wp-json\/wp\/v2\/types\/page"}],"replies":[{"embeddable":true,"href":"https:\/\/deputadotaveirajr.com.br\/index.php\/wp-json\/wp\/v2\/comments?post=11483"}],"version-history":[{"count":0,"href":"https:\/\/deputadotaveirajr.com.br\/index.php\/wp-json\/wp\/v2\/pages\/11483\/revisions"}],"wp:featuredmedia":[{"embeddable":true,"href":"https:\/\/deputadotaveirajr.com.br\/index.php\/wp-json\/wp\/v2\/media\/11484"}],"wp:attachment":[{"href":"https:\/\/deputadotaveirajr.com.br\/index.php\/wp-json\/wp\/v2\/media?parent=11483"}],"curies":[{"name":"wp","href":"https:\/\/api.w.org\/{rel}","templated":true}]}}