{"id":11487,"date":"2024-11-27T11:28:27","date_gmt":"2024-11-27T14:28:27","guid":{"rendered":"https:\/\/deputadotaveirajr.com.br\/index.php\/prefeito-entrega-imagem-da-padroeira-de-natal-produzida-por-artista-potiguar-ao-papa-francisco\/"},"modified":"2024-11-27T11:28:27","modified_gmt":"2024-11-27T14:28:27","slug":"prefeito-entrega-imagem-da-padroeira-de-natal-produzida-por-artista-potiguar-ao-papa-francisco","status":"publish","type":"page","link":"https:\/\/deputadotaveirajr.com.br\/index.php\/prefeito-entrega-imagem-da-padroeira-de-natal-produzida-por-artista-potiguar-ao-papa-francisco\/","title":{"rendered":"Prefeito entrega imagem da padroeira de Natal produzida por artista potiguar ao Papa Francisco"},"content":{"rendered":"<p>     Imagem de Nossa Senhora da Apresenta\u00e7\u00e3o foi entregue durante visita de \u00c1lvaro Dias ao Vaticano.  Prefeito de Natal entrega imagem da padroeira da cidade, produzida por artista potiguar, ao Papa Francisco<br \/>\nReprodu\u00e7\u00e3o\/Redes sociais<br \/>\nO prefeito de Natal, \u00c1lvaro Dias (Republicanos) entregou uma imagem da padroeira da cidade ao Papa Francisco, nesta quarta-feira (27). Faltando pouco mais de um m\u00eas para o fim do seu segundo mandato, o gestor se afastou do cargo na semana passada para a viagem.<br \/>\nA imagem da Nossa Senhora da Apresenta\u00e7\u00e3o, entregue ao Papa, foi produzida pelo artista potiguar Ambr\u00f3sio C\u00f3rdula, de Acari, na regi\u00e3o Serid\u00f3 potiguar, segundo a publica\u00e7\u00e3o do prefeito.<br \/>\n\ud83d\udcf3Participe do canal do g1 RN no WhatsApp<br \/>\nNas redes sociais, Alvaro Dias afirmou que a entrega foi um dos momentos mais emocionantes de sua vida.<br \/>\n&#8220;Estive com o Papa Francisco, quando falei que era o prefeito da terra dos M\u00e1rtires no Brasil e entreguei a imagem de Nossa Senhora da Apresenta\u00e7\u00e3o, padroeira de Natal, \u00e0 Sua Santidade, o Papa&#8221;, escreveu na publica\u00e7\u00e3o.<br \/>\n&#8220;Ele olhou pra mim sorrindo e perguntou: &#8216;\u00c9 para mim?&#8217; &#8216;Sim&#8217;, respondi. &#8216;\u00c9 um presente para sua Santidade&#8217;. Ele mais uma vez sorriu, recebeu a imagem, olhou para ela sorrindo e nos aben\u00e7oou&#8221;, relatou o prefeito.<br \/>\nPapa Francisco com imagem de Nossa Senhora da Apresenta\u00e7\u00e3o recebida do prefeito de Natal<br \/>\nReprodu\u00e7\u00e3o\/Redes sociais<br \/>\nDevo\u00e7\u00e3o<br \/>\nA celebra\u00e7\u00e3o \u00e0 Nossa Senhora da Apresenta\u00e7\u00e3o aconteceu no dia 21 de novembro, feriado municipal em Natal. A tradi\u00e7\u00e3o inclui uma prociss\u00e3o pelo Rio Potengi, na capital potiguar.<br \/>\nSegundo a Arquidiocese de Natal, a tradi\u00e7\u00e3o oral a respeito da devo\u00e7\u00e3o na capital potiguar \u00e9 de que ela come\u00e7ou ap\u00f3s o encontro de uma imagem no rio. Na manh\u00e3 de 21 de novembro de 1753, pescadores encontraram na margem direita, perto da Igreja do Ros\u00e1rio, um caixote que estava encalhado numa pedra. A imagem da m\u00e3e de Jesus com um menino no colo estava dentro do caixote.<br \/>\nAvisado sobre a descoberta, o vig\u00e1rio da Par\u00f3quia, Pe. Manoel Correia Gomes Pressurroso conduziu a imagem para a Matriz, reconhecendo que se tratava de um \u00edcone de Nossa Senhora do Ros\u00e1rio.<br \/>\nPor\u00e9m, como 21 de novembro \u00e9 o dia em que se festeja a apresenta\u00e7\u00e3o da M\u00e3e de Jesus no Templo, deram o nome de Nossa Senhora da Apresenta\u00e7\u00e3o \u00e0 imagem.<br \/>\nAinda de acordo com a tradi\u00e7\u00e3o, o caixote que guardava a imagem de Nossa Senhora trazia escrito: \u201cNo ponto onde der este caix\u00e3o n\u00e3o haver\u00e1 nenhum perigo\u201d.<br \/>\nM\u00e1rtires<br \/>\nJ\u00e1 os m\u00e1rtires, citados pelo prefeito, foram canonizados pelo Papa Francisco em 2017 e s\u00e3o padroeiros do Rio Grande do Norte. Eles foram mortos pelos holandeses que invadiram o Nordeste nos massacres de Cunha\u00fa e Urua\u00e7u em 1645, na ent\u00e3o Capitania do Rio Grande.<br \/>\nEm terras potiguares, os holandeses foram liderados pelo alem\u00e3o Jacob Rabbi, que reuniu uma tropa formada por soldados e \u00edndios e atacou o engenho de Cunha\u00fa, no munic\u00edpio de Canguaretama. O ataque aconteceu na manh\u00e3 do domingo 16 de julho de 1645, dentro da Capela de Nossa Senhora das Candeias, onde era celebrada uma missa.<br \/>\nTr\u00eas meses depois, um novo ataque aconteceu em Urua\u00e7u, em S\u00e3o Gon\u00e7alo do Amarante, tamb\u00e9m na Grande Natal. Ao todo, 80 pessoas foram mortas.<\/p>","protected":false},"excerpt":{"rendered":"<p>Imagem de Nossa Senhora da Apresenta\u00e7\u00e3o foi entregue durante visita de \u00c1lvaro Dias ao Vaticano. Prefeito de Natal entrega imagem da padroeira da cidade, produzida por artista potiguar, ao Papa &#8230;<\/p>\n","protected":false},"author":0,"featured_media":11488,"parent":0,"menu_order":0,"comment_status":"closed","ping_status":"closed","template":"","meta":{"footnotes":""},"class_list":["post-11487","page","type-page","status-publish","has-post-thumbnail","hentry"],"yoast_head":"<!-- This site is optimized with the Yoast SEO plugin v27.1.1 - https:\/\/yoast.com\/product\/yoast-seo-wordpress\/ -->\n<title>Prefeito entrega imagem da padroeira de Natal produzida por artista potiguar ao Papa Francisco - Taveira Jr<\/title>\n<meta name=\"robots\" content=\"index, follow, max-snippet:-1, max-image-preview:large, max-video-preview:-1\" \/>\n<link rel=\"canonical\" href=\"https:\/\/deputadotaveirajr.com.br\/index.php\/prefeito-entrega-imagem-da-padroeira-de-natal-produzida-por-artista-potiguar-ao-papa-francisco\/\" \/>\n<meta property=\"og:locale\" content=\"pt_BR\" \/>\n<meta property=\"og:type\" content=\"article\" \/>\n<meta property=\"og:title\" content=\"Prefeito entrega imagem da padroeira de Natal produzida por artista potiguar ao Papa Francisco - Taveira Jr\" \/>\n<meta property=\"og:description\" content=\"Imagem de Nossa Senhora da Apresenta\u00e7\u00e3o foi entregue durante visita de \u00c1lvaro Dias ao Vaticano. Prefeito de Natal entrega imagem da padroeira da cidade, produzida por artista potiguar, ao Papa ...\" \/>\n<meta property=\"og:url\" content=\"https:\/\/deputadotaveirajr.com.br\/index.php\/prefeito-entrega-imagem-da-padroeira-de-natal-produzida-por-artista-potiguar-ao-papa-francisco\/\" \/>\n<meta property=\"og:site_name\" content=\"Taveira Jr\" \/>\n<meta name=\"twitter:card\" content=\"summary_large_image\" \/>\n<meta name=\"twitter:label1\" content=\"Est. tempo de leitura\" \/>\n\t<meta name=\"twitter:data1\" content=\"3 minutos\" \/>\n<script type=\"application\/ld+json\" class=\"yoast-schema-graph\">{\"@context\":\"https:\/\/schema.org\",\"@graph\":[{\"@type\":\"WebPage\",\"@id\":\"https:\/\/deputadotaveirajr.com.br\/index.php\/prefeito-entrega-imagem-da-padroeira-de-natal-produzida-por-artista-potiguar-ao-papa-francisco\/\",\"url\":\"https:\/\/deputadotaveirajr.com.br\/index.php\/prefeito-entrega-imagem-da-padroeira-de-natal-produzida-por-artista-potiguar-ao-papa-francisco\/\",\"name\":\"Prefeito entrega imagem da padroeira de Natal produzida por artista potiguar ao Papa Francisco - Taveira Jr\",\"isPartOf\":{\"@id\":\"https:\/\/deputadotaveirajr.com.br\/#website\"},\"primaryImageOfPage\":{\"@id\":\"https:\/\/deputadotaveirajr.com.br\/index.php\/prefeito-entrega-imagem-da-padroeira-de-natal-produzida-por-artista-potiguar-ao-papa-francisco\/#primaryimage\"},\"image\":{\"@id\":\"https:\/\/deputadotaveirajr.com.br\/index.php\/prefeito-entrega-imagem-da-padroeira-de-natal-produzida-por-artista-potiguar-ao-papa-francisco\/#primaryimage\"},\"thumbnailUrl\":\"https:\/\/deputadotaveirajr.com.br\/wp-content\/uploads\/2024\/11\/papa1-fEgKJS.jpeg\",\"datePublished\":\"2024-11-27T14:28:27+00:00\",\"breadcrumb\":{\"@id\":\"https:\/\/deputadotaveirajr.com.br\/index.php\/prefeito-entrega-imagem-da-padroeira-de-natal-produzida-por-artista-potiguar-ao-papa-francisco\/#breadcrumb\"},\"inLanguage\":\"pt-BR\",\"potentialAction\":[{\"@type\":\"ReadAction\",\"target\":[\"https:\/\/deputadotaveirajr.com.br\/index.php\/prefeito-entrega-imagem-da-padroeira-de-natal-produzida-por-artista-potiguar-ao-papa-francisco\/\"]}]},{\"@type\":\"ImageObject\",\"inLanguage\":\"pt-BR\",\"@id\":\"https:\/\/deputadotaveirajr.com.br\/index.php\/prefeito-entrega-imagem-da-padroeira-de-natal-produzida-por-artista-potiguar-ao-papa-francisco\/#primaryimage\",\"url\":\"https:\/\/deputadotaveirajr.com.br\/wp-content\/uploads\/2024\/11\/papa1-fEgKJS.jpeg\",\"contentUrl\":\"https:\/\/deputadotaveirajr.com.br\/wp-content\/uploads\/2024\/11\/papa1-fEgKJS.jpeg\",\"width\":1080,\"height\":1350},{\"@type\":\"BreadcrumbList\",\"@id\":\"https:\/\/deputadotaveirajr.com.br\/index.php\/prefeito-entrega-imagem-da-padroeira-de-natal-produzida-por-artista-potiguar-ao-papa-francisco\/#breadcrumb\",\"itemListElement\":[{\"@type\":\"ListItem\",\"position\":1,\"name\":\"In\u00edcio\",\"item\":\"https:\/\/deputadotaveirajr.com.br\/\"},{\"@type\":\"ListItem\",\"position\":2,\"name\":\"Prefeito entrega imagem da padroeira de Natal produzida por artista potiguar ao Papa Francisco\"}]},{\"@type\":\"WebSite\",\"@id\":\"https:\/\/deputadotaveirajr.com.br\/#website\",\"url\":\"https:\/\/deputadotaveirajr.com.br\/\",\"name\":\"Taveira Jr\",\"description\":\"Deputado Estadual\",\"publisher\":{\"@id\":\"https:\/\/deputadotaveirajr.com.br\/#organization\"},\"potentialAction\":[{\"@type\":\"SearchAction\",\"target\":{\"@type\":\"EntryPoint\",\"urlTemplate\":\"https:\/\/deputadotaveirajr.com.br\/?s={search_term_string}\"},\"query-input\":{\"@type\":\"PropertyValueSpecification\",\"valueRequired\":true,\"valueName\":\"search_term_string\"}}],\"inLanguage\":\"pt-BR\"},{\"@type\":\"Organization\",\"@id\":\"https:\/\/deputadotaveirajr.com.br\/#organization\",\"name\":\"Taveira Jr\",\"url\":\"https:\/\/deputadotaveirajr.com.br\/\",\"logo\":{\"@type\":\"ImageObject\",\"inLanguage\":\"pt-BR\",\"@id\":\"https:\/\/deputadotaveirajr.com.br\/#\/schema\/logo\/image\/\",\"url\":\"https:\/\/deputadotaveirajr.com.br\/wp-content\/uploads\/2026\/01\/logolow2a.png\",\"contentUrl\":\"https:\/\/deputadotaveirajr.com.br\/wp-content\/uploads\/2026\/01\/logolow2a.png\",\"width\":290,\"height\":80,\"caption\":\"Taveira Jr\"},\"image\":{\"@id\":\"https:\/\/deputadotaveirajr.com.br\/#\/schema\/logo\/image\/\"}}]}<\/script>\n<!-- \/ Yoast SEO plugin. -->","yoast_head_json":{"title":"Prefeito entrega imagem da padroeira de Natal produzida por artista potiguar ao Papa Francisco - Taveira Jr","robots":{"index":"index","follow":"follow","max-snippet":"max-snippet:-1","max-image-preview":"max-image-preview:large","max-video-preview":"max-video-preview:-1"},"canonical":"https:\/\/deputadotaveirajr.com.br\/index.php\/prefeito-entrega-imagem-da-padroeira-de-natal-produzida-por-artista-potiguar-ao-papa-francisco\/","og_locale":"pt_BR","og_type":"article","og_title":"Prefeito entrega imagem da padroeira de Natal produzida por artista potiguar ao Papa Francisco - Taveira Jr","og_description":"Imagem de Nossa Senhora da Apresenta\u00e7\u00e3o foi entregue durante visita de \u00c1lvaro Dias ao Vaticano. Prefeito de Natal entrega imagem da padroeira da cidade, produzida por artista potiguar, ao Papa ...","og_url":"https:\/\/deputadotaveirajr.com.br\/index.php\/prefeito-entrega-imagem-da-padroeira-de-natal-produzida-por-artista-potiguar-ao-papa-francisco\/","og_site_name":"Taveira Jr","twitter_card":"summary_large_image","twitter_misc":{"Est. tempo de leitura":"3 minutos"},"schema":{"@context":"https:\/\/schema.org","@graph":[{"@type":"WebPage","@id":"https:\/\/deputadotaveirajr.com.br\/index.php\/prefeito-entrega-imagem-da-padroeira-de-natal-produzida-por-artista-potiguar-ao-papa-francisco\/","url":"https:\/\/deputadotaveirajr.com.br\/index.php\/prefeito-entrega-imagem-da-padroeira-de-natal-produzida-por-artista-potiguar-ao-papa-francisco\/","name":"Prefeito entrega imagem da padroeira de Natal produzida por artista potiguar ao Papa Francisco - Taveira Jr","isPartOf":{"@id":"https:\/\/deputadotaveirajr.com.br\/#website"},"primaryImageOfPage":{"@id":"https:\/\/deputadotaveirajr.com.br\/index.php\/prefeito-entrega-imagem-da-padroeira-de-natal-produzida-por-artista-potiguar-ao-papa-francisco\/#primaryimage"},"image":{"@id":"https:\/\/deputadotaveirajr.com.br\/index.php\/prefeito-entrega-imagem-da-padroeira-de-natal-produzida-por-artista-potiguar-ao-papa-francisco\/#primaryimage"},"thumbnailUrl":"https:\/\/deputadotaveirajr.com.br\/wp-content\/uploads\/2024\/11\/papa1-fEgKJS.jpeg","datePublished":"2024-11-27T14:28:27+00:00","breadcrumb":{"@id":"https:\/\/deputadotaveirajr.com.br\/index.php\/prefeito-entrega-imagem-da-padroeira-de-natal-produzida-por-artista-potiguar-ao-papa-francisco\/#breadcrumb"},"inLanguage":"pt-BR","potentialAction":[{"@type":"ReadAction","target":["https:\/\/deputadotaveirajr.com.br\/index.php\/prefeito-entrega-imagem-da-padroeira-de-natal-produzida-por-artista-potiguar-ao-papa-francisco\/"]}]},{"@type":"ImageObject","inLanguage":"pt-BR","@id":"https:\/\/deputadotaveirajr.com.br\/index.php\/prefeito-entrega-imagem-da-padroeira-de-natal-produzida-por-artista-potiguar-ao-papa-francisco\/#primaryimage","url":"https:\/\/deputadotaveirajr.com.br\/wp-content\/uploads\/2024\/11\/papa1-fEgKJS.jpeg","contentUrl":"https:\/\/deputadotaveirajr.com.br\/wp-content\/uploads\/2024\/11\/papa1-fEgKJS.jpeg","width":1080,"height":1350},{"@type":"BreadcrumbList","@id":"https:\/\/deputadotaveirajr.com.br\/index.php\/prefeito-entrega-imagem-da-padroeira-de-natal-produzida-por-artista-potiguar-ao-papa-francisco\/#breadcrumb","itemListElement":[{"@type":"ListItem","position":1,"name":"In\u00edcio","item":"https:\/\/deputadotaveirajr.com.br\/"},{"@type":"ListItem","position":2,"name":"Prefeito entrega imagem da padroeira de Natal produzida por artista potiguar ao Papa Francisco"}]},{"@type":"WebSite","@id":"https:\/\/deputadotaveirajr.com.br\/#website","url":"https:\/\/deputadotaveirajr.com.br\/","name":"Taveira Jr","description":"Deputado Estadual","publisher":{"@id":"https:\/\/deputadotaveirajr.com.br\/#organization"},"potentialAction":[{"@type":"SearchAction","target":{"@type":"EntryPoint","urlTemplate":"https:\/\/deputadotaveirajr.com.br\/?s={search_term_string}"},"query-input":{"@type":"PropertyValueSpecification","valueRequired":true,"valueName":"search_term_string"}}],"inLanguage":"pt-BR"},{"@type":"Organization","@id":"https:\/\/deputadotaveirajr.com.br\/#organization","name":"Taveira Jr","url":"https:\/\/deputadotaveirajr.com.br\/","logo":{"@type":"ImageObject","inLanguage":"pt-BR","@id":"https:\/\/deputadotaveirajr.com.br\/#\/schema\/logo\/image\/","url":"https:\/\/deputadotaveirajr.com.br\/wp-content\/uploads\/2026\/01\/logolow2a.png","contentUrl":"https:\/\/deputadotaveirajr.com.br\/wp-content\/uploads\/2026\/01\/logolow2a.png","width":290,"height":80,"caption":"Taveira Jr"},"image":{"@id":"https:\/\/deputadotaveirajr.com.br\/#\/schema\/logo\/image\/"}}]}},"_links":{"self":[{"href":"https:\/\/deputadotaveirajr.com.br\/index.php\/wp-json\/wp\/v2\/pages\/11487","targetHints":{"allow":["GET"]}}],"collection":[{"href":"https:\/\/deputadotaveirajr.com.br\/index.php\/wp-json\/wp\/v2\/pages"}],"about":[{"href":"https:\/\/deputadotaveirajr.com.br\/index.php\/wp-json\/wp\/v2\/types\/page"}],"replies":[{"embeddable":true,"href":"https:\/\/deputadotaveirajr.com.br\/index.php\/wp-json\/wp\/v2\/comments?post=11487"}],"version-history":[{"count":0,"href":"https:\/\/deputadotaveirajr.com.br\/index.php\/wp-json\/wp\/v2\/pages\/11487\/revisions"}],"wp:featuredmedia":[{"embeddable":true,"href":"https:\/\/deputadotaveirajr.com.br\/index.php\/wp-json\/wp\/v2\/media\/11488"}],"wp:attachment":[{"href":"https:\/\/deputadotaveirajr.com.br\/index.php\/wp-json\/wp\/v2\/media?parent=11487"}],"curies":[{"name":"wp","href":"https:\/\/api.w.org\/{rel}","templated":true}]}}