{"id":11493,"date":"2024-11-27T17:39:49","date_gmt":"2024-11-27T20:39:49","guid":{"rendered":"https:\/\/deputadotaveirajr.com.br\/index.php\/interdicoes-de-vias-em-natal-alteram-transito-e-itinerarios-de-onibus-no-fim-de-semana-veja-trechos\/"},"modified":"2024-11-27T17:39:49","modified_gmt":"2024-11-27T20:39:49","slug":"interdicoes-de-vias-em-natal-alteram-transito-e-itinerarios-de-onibus-no-fim-de-semana-veja-trechos","status":"publish","type":"page","link":"https:\/\/deputadotaveirajr.com.br\/index.php\/interdicoes-de-vias-em-natal-alteram-transito-e-itinerarios-de-onibus-no-fim-de-semana-veja-trechos\/","title":{"rendered":"Interdi\u00e7\u00f5es de vias em Natal alteram tr\u00e2nsito e itiner\u00e1rios de \u00f4nibus no fim de semana; veja trechos"},"content":{"rendered":"<p>     Obras e eventos esportivos causam bloqueios em vias de diferentes regi\u00f5es. Interdi\u00e7\u00e3o na Rua dos Potiguares segue at\u00e9 5 de dezembro. Rua dos Potiguares ser\u00e1 interditada a partir desta quinta-feira (28)<br \/>\nGoogle<br \/>\nA Secretaria de Mobilidade Urbana (STTU) informou que em raz\u00e3o das obras realizadas pela Companhia de \u00c1guas e Esgotos do Rio Grande do Norte (Caern) e de eventos esportivos, ocorrer\u00e3o interven\u00e7\u00f5es em vias de Natal entre os dias 28 de novembro e 1\u00ba de dezembro, afetando o tr\u00e2nsito e os itiner\u00e1rios de linhas de \u00f4nibus.<br \/>\nOs bloqueios come\u00e7am nesta quinta-feira (28), na Rua dos Potiguares. A previs\u00e3o \u00e9 que a via seja liberada at\u00e9 5 de dezembro.<br \/>\n\ud83d\udcf3Participe do canal do g1 RN no WhatsApp<br \/>\nDurante o per\u00edodo, a linha O-40 (Planalto\/M\u00e3e Luiza) ter\u00e1 altera\u00e7\u00f5es no itiner\u00e1rio no sentido M\u00e3e Luiza, com desvio a partir da Avenida Capit\u00e3o Mor Gouveia, seguindo pelas avenidas Interventor M\u00e1rio C\u00e2mara e Lima e Silva, retornando \u00e0 Rua dos Potiguares antes de retomar o trajeto normal.<br \/>\nNo s\u00e1bado (30), a Avenida Prudente de Morais, entre a Rua Potengi e a Avenida Alexandrino de Alencar, ser\u00e1 bloqueada das 15h \u00e0s 20h para a realiza\u00e7\u00e3o da corrida promovida pelo Clube de Atletismo do Rio Grande do Norte (CARN).<br \/>\nCom isso, as linhas N-05, N-15, O-22, O-24, O-33, O-33A, N-35, L-37, O-39, O-40, O-41A, L-46, L-51, L-56, N-61, N-64, N-70 e N-84 ter\u00e3o desvios em seus itiner\u00e1rios.<br \/>\nJ\u00e1 no domingo (1\u00ba), a Corrida Soldados do Fogo bloquear\u00e1 novamente a Avenida Prudente de Morais, no mesmo trecho, entre as 3h e 8h.<br \/>\nAs linhas N-15, O-33, O-40, O-41A, N-64 e N-84 sofrer\u00e3o mudan\u00e7as em seus itiner\u00e1rios, seguindo desvios pelas ruas Ulisses Caldas, Deodoro da Fonseca, Potengi e Nilo Pe\u00e7anha antes de retomar os percursos normais.<br \/>\nA recomenda\u00e7\u00e3o da STTU \u00e9 que os condutores evitem os trechos interditados. Informa\u00e7\u00f5es ou d\u00favidas podem ser comunicadas pelos telefones (84) 3232-9107, 3232-9105, 98870-3862 ou 3232-9102.<br \/>\nVeja os v\u00eddeos mais assistidos do g1 RN<\/p>","protected":false},"excerpt":{"rendered":"<p>Obras e eventos esportivos causam bloqueios em vias de diferentes regi\u00f5es. Interdi\u00e7\u00e3o na Rua dos Potiguares segue at\u00e9 5 de dezembro. Rua dos Potiguares ser\u00e1 interditada a partir desta quinta-feira &#8230;<\/p>\n","protected":false},"author":0,"featured_media":11494,"parent":0,"menu_order":0,"comment_status":"closed","ping_status":"closed","template":"","meta":{"footnotes":""},"class_list":["post-11493","page","type-page","status-publish","has-post-thumbnail","hentry"],"yoast_head":"<!-- This site is optimized with the Yoast SEO plugin v27.1.1 - https:\/\/yoast.com\/product\/yoast-seo-wordpress\/ -->\n<title>Interdi\u00e7\u00f5es de vias em Natal alteram tr\u00e2nsito e itiner\u00e1rios de \u00f4nibus no fim de semana; veja trechos - Taveira Jr<\/title>\n<meta name=\"robots\" content=\"index, follow, max-snippet:-1, max-image-preview:large, max-video-preview:-1\" \/>\n<link rel=\"canonical\" href=\"https:\/\/deputadotaveirajr.com.br\/index.php\/interdicoes-de-vias-em-natal-alteram-transito-e-itinerarios-de-onibus-no-fim-de-semana-veja-trechos\/\" \/>\n<meta property=\"og:locale\" content=\"pt_BR\" \/>\n<meta property=\"og:type\" content=\"article\" \/>\n<meta property=\"og:title\" content=\"Interdi\u00e7\u00f5es de vias em Natal alteram tr\u00e2nsito e itiner\u00e1rios de \u00f4nibus no fim de semana; veja trechos - Taveira Jr\" \/>\n<meta property=\"og:description\" content=\"Obras e eventos esportivos causam bloqueios em vias de diferentes regi\u00f5es. Interdi\u00e7\u00e3o na Rua dos Potiguares segue at\u00e9 5 de dezembro. Rua dos Potiguares ser\u00e1 interditada a partir desta quinta-feira ...\" \/>\n<meta property=\"og:url\" content=\"https:\/\/deputadotaveirajr.com.br\/index.php\/interdicoes-de-vias-em-natal-alteram-transito-e-itinerarios-de-onibus-no-fim-de-semana-veja-trechos\/\" \/>\n<meta property=\"og:site_name\" content=\"Taveira Jr\" \/>\n<meta name=\"twitter:card\" content=\"summary_large_image\" \/>\n<meta name=\"twitter:label1\" content=\"Est. tempo de leitura\" \/>\n\t<meta name=\"twitter:data1\" content=\"2 minutos\" \/>\n<script type=\"application\/ld+json\" class=\"yoast-schema-graph\">{\"@context\":\"https:\/\/schema.org\",\"@graph\":[{\"@type\":\"WebPage\",\"@id\":\"https:\/\/deputadotaveirajr.com.br\/index.php\/interdicoes-de-vias-em-natal-alteram-transito-e-itinerarios-de-onibus-no-fim-de-semana-veja-trechos\/\",\"url\":\"https:\/\/deputadotaveirajr.com.br\/index.php\/interdicoes-de-vias-em-natal-alteram-transito-e-itinerarios-de-onibus-no-fim-de-semana-veja-trechos\/\",\"name\":\"Interdi\u00e7\u00f5es de vias em Natal alteram tr\u00e2nsito e itiner\u00e1rios de \u00f4nibus no fim de semana; veja trechos - Taveira Jr\",\"isPartOf\":{\"@id\":\"https:\/\/deputadotaveirajr.com.br\/#website\"},\"primaryImageOfPage\":{\"@id\":\"https:\/\/deputadotaveirajr.com.br\/index.php\/interdicoes-de-vias-em-natal-alteram-transito-e-itinerarios-de-onibus-no-fim-de-semana-veja-trechos\/#primaryimage\"},\"image\":{\"@id\":\"https:\/\/deputadotaveirajr.com.br\/index.php\/interdicoes-de-vias-em-natal-alteram-transito-e-itinerarios-de-onibus-no-fim-de-semana-veja-trechos\/#primaryimage\"},\"thumbnailUrl\":\"https:\/\/deputadotaveirajr.com.br\/wp-content\/uploads\/2024\/11\/potiguares-x-jeronimo-camara-genck6.jpeg\",\"datePublished\":\"2024-11-27T20:39:49+00:00\",\"breadcrumb\":{\"@id\":\"https:\/\/deputadotaveirajr.com.br\/index.php\/interdicoes-de-vias-em-natal-alteram-transito-e-itinerarios-de-onibus-no-fim-de-semana-veja-trechos\/#breadcrumb\"},\"inLanguage\":\"pt-BR\",\"potentialAction\":[{\"@type\":\"ReadAction\",\"target\":[\"https:\/\/deputadotaveirajr.com.br\/index.php\/interdicoes-de-vias-em-natal-alteram-transito-e-itinerarios-de-onibus-no-fim-de-semana-veja-trechos\/\"]}]},{\"@type\":\"ImageObject\",\"inLanguage\":\"pt-BR\",\"@id\":\"https:\/\/deputadotaveirajr.com.br\/index.php\/interdicoes-de-vias-em-natal-alteram-transito-e-itinerarios-de-onibus-no-fim-de-semana-veja-trechos\/#primaryimage\",\"url\":\"https:\/\/deputadotaveirajr.com.br\/wp-content\/uploads\/2024\/11\/potiguares-x-jeronimo-camara-genck6.jpeg\",\"contentUrl\":\"https:\/\/deputadotaveirajr.com.br\/wp-content\/uploads\/2024\/11\/potiguares-x-jeronimo-camara-genck6.jpeg\",\"width\":605,\"height\":396},{\"@type\":\"BreadcrumbList\",\"@id\":\"https:\/\/deputadotaveirajr.com.br\/index.php\/interdicoes-de-vias-em-natal-alteram-transito-e-itinerarios-de-onibus-no-fim-de-semana-veja-trechos\/#breadcrumb\",\"itemListElement\":[{\"@type\":\"ListItem\",\"position\":1,\"name\":\"In\u00edcio\",\"item\":\"https:\/\/deputadotaveirajr.com.br\/\"},{\"@type\":\"ListItem\",\"position\":2,\"name\":\"Interdi\u00e7\u00f5es de vias em Natal alteram tr\u00e2nsito e itiner\u00e1rios de \u00f4nibus no fim de semana; veja trechos\"}]},{\"@type\":\"WebSite\",\"@id\":\"https:\/\/deputadotaveirajr.com.br\/#website\",\"url\":\"https:\/\/deputadotaveirajr.com.br\/\",\"name\":\"Taveira Jr\",\"description\":\"Deputado Estadual\",\"publisher\":{\"@id\":\"https:\/\/deputadotaveirajr.com.br\/#organization\"},\"potentialAction\":[{\"@type\":\"SearchAction\",\"target\":{\"@type\":\"EntryPoint\",\"urlTemplate\":\"https:\/\/deputadotaveirajr.com.br\/?s={search_term_string}\"},\"query-input\":{\"@type\":\"PropertyValueSpecification\",\"valueRequired\":true,\"valueName\":\"search_term_string\"}}],\"inLanguage\":\"pt-BR\"},{\"@type\":\"Organization\",\"@id\":\"https:\/\/deputadotaveirajr.com.br\/#organization\",\"name\":\"Taveira Jr\",\"url\":\"https:\/\/deputadotaveirajr.com.br\/\",\"logo\":{\"@type\":\"ImageObject\",\"inLanguage\":\"pt-BR\",\"@id\":\"https:\/\/deputadotaveirajr.com.br\/#\/schema\/logo\/image\/\",\"url\":\"https:\/\/deputadotaveirajr.com.br\/wp-content\/uploads\/2026\/01\/logolow2a.png\",\"contentUrl\":\"https:\/\/deputadotaveirajr.com.br\/wp-content\/uploads\/2026\/01\/logolow2a.png\",\"width\":290,\"height\":80,\"caption\":\"Taveira Jr\"},\"image\":{\"@id\":\"https:\/\/deputadotaveirajr.com.br\/#\/schema\/logo\/image\/\"}}]}<\/script>\n<!-- \/ Yoast SEO plugin. -->","yoast_head_json":{"title":"Interdi\u00e7\u00f5es de vias em Natal alteram tr\u00e2nsito e itiner\u00e1rios de \u00f4nibus no fim de semana; veja trechos - Taveira Jr","robots":{"index":"index","follow":"follow","max-snippet":"max-snippet:-1","max-image-preview":"max-image-preview:large","max-video-preview":"max-video-preview:-1"},"canonical":"https:\/\/deputadotaveirajr.com.br\/index.php\/interdicoes-de-vias-em-natal-alteram-transito-e-itinerarios-de-onibus-no-fim-de-semana-veja-trechos\/","og_locale":"pt_BR","og_type":"article","og_title":"Interdi\u00e7\u00f5es de vias em Natal alteram tr\u00e2nsito e itiner\u00e1rios de \u00f4nibus no fim de semana; veja trechos - Taveira Jr","og_description":"Obras e eventos esportivos causam bloqueios em vias de diferentes regi\u00f5es. Interdi\u00e7\u00e3o na Rua dos Potiguares segue at\u00e9 5 de dezembro. Rua dos Potiguares ser\u00e1 interditada a partir desta quinta-feira ...","og_url":"https:\/\/deputadotaveirajr.com.br\/index.php\/interdicoes-de-vias-em-natal-alteram-transito-e-itinerarios-de-onibus-no-fim-de-semana-veja-trechos\/","og_site_name":"Taveira Jr","twitter_card":"summary_large_image","twitter_misc":{"Est. tempo de leitura":"2 minutos"},"schema":{"@context":"https:\/\/schema.org","@graph":[{"@type":"WebPage","@id":"https:\/\/deputadotaveirajr.com.br\/index.php\/interdicoes-de-vias-em-natal-alteram-transito-e-itinerarios-de-onibus-no-fim-de-semana-veja-trechos\/","url":"https:\/\/deputadotaveirajr.com.br\/index.php\/interdicoes-de-vias-em-natal-alteram-transito-e-itinerarios-de-onibus-no-fim-de-semana-veja-trechos\/","name":"Interdi\u00e7\u00f5es de vias em Natal alteram tr\u00e2nsito e itiner\u00e1rios de \u00f4nibus no fim de semana; veja trechos - Taveira Jr","isPartOf":{"@id":"https:\/\/deputadotaveirajr.com.br\/#website"},"primaryImageOfPage":{"@id":"https:\/\/deputadotaveirajr.com.br\/index.php\/interdicoes-de-vias-em-natal-alteram-transito-e-itinerarios-de-onibus-no-fim-de-semana-veja-trechos\/#primaryimage"},"image":{"@id":"https:\/\/deputadotaveirajr.com.br\/index.php\/interdicoes-de-vias-em-natal-alteram-transito-e-itinerarios-de-onibus-no-fim-de-semana-veja-trechos\/#primaryimage"},"thumbnailUrl":"https:\/\/deputadotaveirajr.com.br\/wp-content\/uploads\/2024\/11\/potiguares-x-jeronimo-camara-genck6.jpeg","datePublished":"2024-11-27T20:39:49+00:00","breadcrumb":{"@id":"https:\/\/deputadotaveirajr.com.br\/index.php\/interdicoes-de-vias-em-natal-alteram-transito-e-itinerarios-de-onibus-no-fim-de-semana-veja-trechos\/#breadcrumb"},"inLanguage":"pt-BR","potentialAction":[{"@type":"ReadAction","target":["https:\/\/deputadotaveirajr.com.br\/index.php\/interdicoes-de-vias-em-natal-alteram-transito-e-itinerarios-de-onibus-no-fim-de-semana-veja-trechos\/"]}]},{"@type":"ImageObject","inLanguage":"pt-BR","@id":"https:\/\/deputadotaveirajr.com.br\/index.php\/interdicoes-de-vias-em-natal-alteram-transito-e-itinerarios-de-onibus-no-fim-de-semana-veja-trechos\/#primaryimage","url":"https:\/\/deputadotaveirajr.com.br\/wp-content\/uploads\/2024\/11\/potiguares-x-jeronimo-camara-genck6.jpeg","contentUrl":"https:\/\/deputadotaveirajr.com.br\/wp-content\/uploads\/2024\/11\/potiguares-x-jeronimo-camara-genck6.jpeg","width":605,"height":396},{"@type":"BreadcrumbList","@id":"https:\/\/deputadotaveirajr.com.br\/index.php\/interdicoes-de-vias-em-natal-alteram-transito-e-itinerarios-de-onibus-no-fim-de-semana-veja-trechos\/#breadcrumb","itemListElement":[{"@type":"ListItem","position":1,"name":"In\u00edcio","item":"https:\/\/deputadotaveirajr.com.br\/"},{"@type":"ListItem","position":2,"name":"Interdi\u00e7\u00f5es de vias em Natal alteram tr\u00e2nsito e itiner\u00e1rios de \u00f4nibus no fim de semana; veja trechos"}]},{"@type":"WebSite","@id":"https:\/\/deputadotaveirajr.com.br\/#website","url":"https:\/\/deputadotaveirajr.com.br\/","name":"Taveira Jr","description":"Deputado Estadual","publisher":{"@id":"https:\/\/deputadotaveirajr.com.br\/#organization"},"potentialAction":[{"@type":"SearchAction","target":{"@type":"EntryPoint","urlTemplate":"https:\/\/deputadotaveirajr.com.br\/?s={search_term_string}"},"query-input":{"@type":"PropertyValueSpecification","valueRequired":true,"valueName":"search_term_string"}}],"inLanguage":"pt-BR"},{"@type":"Organization","@id":"https:\/\/deputadotaveirajr.com.br\/#organization","name":"Taveira Jr","url":"https:\/\/deputadotaveirajr.com.br\/","logo":{"@type":"ImageObject","inLanguage":"pt-BR","@id":"https:\/\/deputadotaveirajr.com.br\/#\/schema\/logo\/image\/","url":"https:\/\/deputadotaveirajr.com.br\/wp-content\/uploads\/2026\/01\/logolow2a.png","contentUrl":"https:\/\/deputadotaveirajr.com.br\/wp-content\/uploads\/2026\/01\/logolow2a.png","width":290,"height":80,"caption":"Taveira Jr"},"image":{"@id":"https:\/\/deputadotaveirajr.com.br\/#\/schema\/logo\/image\/"}}]}},"_links":{"self":[{"href":"https:\/\/deputadotaveirajr.com.br\/index.php\/wp-json\/wp\/v2\/pages\/11493","targetHints":{"allow":["GET"]}}],"collection":[{"href":"https:\/\/deputadotaveirajr.com.br\/index.php\/wp-json\/wp\/v2\/pages"}],"about":[{"href":"https:\/\/deputadotaveirajr.com.br\/index.php\/wp-json\/wp\/v2\/types\/page"}],"replies":[{"embeddable":true,"href":"https:\/\/deputadotaveirajr.com.br\/index.php\/wp-json\/wp\/v2\/comments?post=11493"}],"version-history":[{"count":0,"href":"https:\/\/deputadotaveirajr.com.br\/index.php\/wp-json\/wp\/v2\/pages\/11493\/revisions"}],"wp:featuredmedia":[{"embeddable":true,"href":"https:\/\/deputadotaveirajr.com.br\/index.php\/wp-json\/wp\/v2\/media\/11494"}],"wp:attachment":[{"href":"https:\/\/deputadotaveirajr.com.br\/index.php\/wp-json\/wp\/v2\/media?parent=11493"}],"curies":[{"name":"wp","href":"https:\/\/api.w.org\/{rel}","templated":true}]}}