{"id":11495,"date":"2024-11-27T18:57:51","date_gmt":"2024-11-27T21:57:51","guid":{"rendered":"https:\/\/deputadotaveirajr.com.br\/index.php\/suspeito-de-aplicar-golpe-de-mais-de-r-100-mil-em-pensionista-do-rn-e-preso\/"},"modified":"2024-11-27T18:57:51","modified_gmt":"2024-11-27T21:57:51","slug":"suspeito-de-aplicar-golpe-de-mais-de-r-100-mil-em-pensionista-do-rn-e-preso","status":"publish","type":"page","link":"https:\/\/deputadotaveirajr.com.br\/index.php\/suspeito-de-aplicar-golpe-de-mais-de-r-100-mil-em-pensionista-do-rn-e-preso\/","title":{"rendered":"Suspeito de aplicar golpe de mais de R$ 100 mil em pensionista do RN \u00e9 preso"},"content":{"rendered":"<p>     Homem foi detido na praia de Redinha Nova, em Extremoz, durante opera\u00e7\u00e3o da Pol\u00edcia Civil. Esquema fraudava limites para empr\u00e9stimos consignados. Pol\u00edcia Civil prendeu suspeito de aplicar golpe<br \/>\nDivulga\u00e7\u00e3o<br \/>\nUm homem de 46 anos, suspeito de integrar um esquema que gerou preju\u00edzo superior a R$ 100 mil a um pensionista estadual do Rio Grande do Norte, foi preso nesta quarta-feira (27) pela Pol\u00edcia Civil. A pris\u00e3o ocorreu na praia de Redinha Nova, em Extremoz, na Grande Natal.<br \/>\nDe acordo com as investiga\u00e7\u00f5es, o suspeito fazia parte de um esquema que criava margens de cr\u00e9dito falsas para contratar empr\u00e9stimos consignados em nome de servidores p\u00fablicos e pensionistas com limite de cr\u00e9dito j\u00e1 comprometido.<br \/>\n\ud83d\udcf3Participe do canal do g1 RN no WhatsApp<br \/>\nUma das v\u00edtimas, um pensionista estadual, sofreu um preju\u00edzo superior a R$ 100 mil e chegou a receber apenas centavos em sua conta durante meses, ap\u00f3s os criminosos realizarem um empr\u00e9stimo em seu nome.<br \/>\nO esquema permitia ao grupo comprometer integralmente os rendimentos das v\u00edtimas, causando preju\u00edzos a elas e \u00e0s institui\u00e7\u00f5es financeiras.<br \/>\nAp\u00f3s ser detido, o suspeito foi encaminhado \u00e0 delegacia para os procedimentos legais e, em seguida, ao sistema prisional, onde permanece \u00e0 disposi\u00e7\u00e3o da Justi\u00e7a.<br \/>\nA Pol\u00edcia Civil informou que as investiga\u00e7\u00f5es continuam para identificar outros envolvidos.<br \/>\nVeja os v\u00eddeos mais assistidos do g1 RN<\/p>","protected":false},"excerpt":{"rendered":"<p>Homem foi detido na praia de Redinha Nova, em Extremoz, durante opera\u00e7\u00e3o da Pol\u00edcia Civil. Esquema fraudava limites para empr\u00e9stimos consignados. Pol\u00edcia Civil prendeu suspeito de aplicar golpe Divulga\u00e7\u00e3o Um &#8230;<\/p>\n","protected":false},"author":0,"featured_media":11496,"parent":0,"menu_order":0,"comment_status":"closed","ping_status":"closed","template":"","meta":{"footnotes":""},"class_list":["post-11495","page","type-page","status-publish","has-post-thumbnail","hentry"],"yoast_head":"<!-- This site is optimized with the Yoast SEO plugin v27.1.1 - https:\/\/yoast.com\/product\/yoast-seo-wordpress\/ -->\n<title>Suspeito de aplicar golpe de mais de R$ 100 mil em pensionista do RN \u00e9 preso - Taveira Jr<\/title>\n<meta name=\"robots\" content=\"index, follow, max-snippet:-1, max-image-preview:large, max-video-preview:-1\" \/>\n<link rel=\"canonical\" href=\"https:\/\/deputadotaveirajr.com.br\/index.php\/suspeito-de-aplicar-golpe-de-mais-de-r-100-mil-em-pensionista-do-rn-e-preso\/\" \/>\n<meta property=\"og:locale\" content=\"pt_BR\" \/>\n<meta property=\"og:type\" content=\"article\" \/>\n<meta property=\"og:title\" content=\"Suspeito de aplicar golpe de mais de R$ 100 mil em pensionista do RN \u00e9 preso - Taveira Jr\" \/>\n<meta property=\"og:description\" content=\"Homem foi detido na praia de Redinha Nova, em Extremoz, durante opera\u00e7\u00e3o da Pol\u00edcia Civil. Esquema fraudava limites para empr\u00e9stimos consignados. Pol\u00edcia Civil prendeu suspeito de aplicar golpe Divulga\u00e7\u00e3o Um ...\" \/>\n<meta property=\"og:url\" content=\"https:\/\/deputadotaveirajr.com.br\/index.php\/suspeito-de-aplicar-golpe-de-mais-de-r-100-mil-em-pensionista-do-rn-e-preso\/\" \/>\n<meta property=\"og:site_name\" content=\"Taveira Jr\" \/>\n<meta name=\"twitter:card\" content=\"summary_large_image\" \/>\n<meta name=\"twitter:label1\" content=\"Est. tempo de leitura\" \/>\n\t<meta name=\"twitter:data1\" content=\"1 minuto\" \/>\n<script type=\"application\/ld+json\" class=\"yoast-schema-graph\">{\"@context\":\"https:\/\/schema.org\",\"@graph\":[{\"@type\":\"WebPage\",\"@id\":\"https:\/\/deputadotaveirajr.com.br\/index.php\/suspeito-de-aplicar-golpe-de-mais-de-r-100-mil-em-pensionista-do-rn-e-preso\/\",\"url\":\"https:\/\/deputadotaveirajr.com.br\/index.php\/suspeito-de-aplicar-golpe-de-mais-de-r-100-mil-em-pensionista-do-rn-e-preso\/\",\"name\":\"Suspeito de aplicar golpe de mais de R$ 100 mil em pensionista do RN \u00e9 preso - Taveira Jr\",\"isPartOf\":{\"@id\":\"https:\/\/deputadotaveirajr.com.br\/#website\"},\"primaryImageOfPage\":{\"@id\":\"https:\/\/deputadotaveirajr.com.br\/index.php\/suspeito-de-aplicar-golpe-de-mais-de-r-100-mil-em-pensionista-do-rn-e-preso\/#primaryimage\"},\"image\":{\"@id\":\"https:\/\/deputadotaveirajr.com.br\/index.php\/suspeito-de-aplicar-golpe-de-mais-de-r-100-mil-em-pensionista-do-rn-e-preso\/#primaryimage\"},\"thumbnailUrl\":\"https:\/\/deputadotaveirajr.com.br\/wp-content\/uploads\/2024\/11\/whatsapp-image-2024-04-05-at-11.32.05-5u2Izq.jpeg\",\"datePublished\":\"2024-11-27T21:57:51+00:00\",\"breadcrumb\":{\"@id\":\"https:\/\/deputadotaveirajr.com.br\/index.php\/suspeito-de-aplicar-golpe-de-mais-de-r-100-mil-em-pensionista-do-rn-e-preso\/#breadcrumb\"},\"inLanguage\":\"pt-BR\",\"potentialAction\":[{\"@type\":\"ReadAction\",\"target\":[\"https:\/\/deputadotaveirajr.com.br\/index.php\/suspeito-de-aplicar-golpe-de-mais-de-r-100-mil-em-pensionista-do-rn-e-preso\/\"]}]},{\"@type\":\"ImageObject\",\"inLanguage\":\"pt-BR\",\"@id\":\"https:\/\/deputadotaveirajr.com.br\/index.php\/suspeito-de-aplicar-golpe-de-mais-de-r-100-mil-em-pensionista-do-rn-e-preso\/#primaryimage\",\"url\":\"https:\/\/deputadotaveirajr.com.br\/wp-content\/uploads\/2024\/11\/whatsapp-image-2024-04-05-at-11.32.05-5u2Izq.jpeg\",\"contentUrl\":\"https:\/\/deputadotaveirajr.com.br\/wp-content\/uploads\/2024\/11\/whatsapp-image-2024-04-05-at-11.32.05-5u2Izq.jpeg\",\"width\":678,\"height\":452},{\"@type\":\"BreadcrumbList\",\"@id\":\"https:\/\/deputadotaveirajr.com.br\/index.php\/suspeito-de-aplicar-golpe-de-mais-de-r-100-mil-em-pensionista-do-rn-e-preso\/#breadcrumb\",\"itemListElement\":[{\"@type\":\"ListItem\",\"position\":1,\"name\":\"In\u00edcio\",\"item\":\"https:\/\/deputadotaveirajr.com.br\/\"},{\"@type\":\"ListItem\",\"position\":2,\"name\":\"Suspeito de aplicar golpe de mais de R$ 100 mil em pensionista do RN \u00e9 preso\"}]},{\"@type\":\"WebSite\",\"@id\":\"https:\/\/deputadotaveirajr.com.br\/#website\",\"url\":\"https:\/\/deputadotaveirajr.com.br\/\",\"name\":\"Taveira Jr\",\"description\":\"Deputado Estadual\",\"publisher\":{\"@id\":\"https:\/\/deputadotaveirajr.com.br\/#organization\"},\"potentialAction\":[{\"@type\":\"SearchAction\",\"target\":{\"@type\":\"EntryPoint\",\"urlTemplate\":\"https:\/\/deputadotaveirajr.com.br\/?s={search_term_string}\"},\"query-input\":{\"@type\":\"PropertyValueSpecification\",\"valueRequired\":true,\"valueName\":\"search_term_string\"}}],\"inLanguage\":\"pt-BR\"},{\"@type\":\"Organization\",\"@id\":\"https:\/\/deputadotaveirajr.com.br\/#organization\",\"name\":\"Taveira Jr\",\"url\":\"https:\/\/deputadotaveirajr.com.br\/\",\"logo\":{\"@type\":\"ImageObject\",\"inLanguage\":\"pt-BR\",\"@id\":\"https:\/\/deputadotaveirajr.com.br\/#\/schema\/logo\/image\/\",\"url\":\"https:\/\/deputadotaveirajr.com.br\/wp-content\/uploads\/2026\/01\/logolow2a.png\",\"contentUrl\":\"https:\/\/deputadotaveirajr.com.br\/wp-content\/uploads\/2026\/01\/logolow2a.png\",\"width\":290,\"height\":80,\"caption\":\"Taveira Jr\"},\"image\":{\"@id\":\"https:\/\/deputadotaveirajr.com.br\/#\/schema\/logo\/image\/\"}}]}<\/script>\n<!-- \/ Yoast SEO plugin. -->","yoast_head_json":{"title":"Suspeito de aplicar golpe de mais de R$ 100 mil em pensionista do RN \u00e9 preso - Taveira Jr","robots":{"index":"index","follow":"follow","max-snippet":"max-snippet:-1","max-image-preview":"max-image-preview:large","max-video-preview":"max-video-preview:-1"},"canonical":"https:\/\/deputadotaveirajr.com.br\/index.php\/suspeito-de-aplicar-golpe-de-mais-de-r-100-mil-em-pensionista-do-rn-e-preso\/","og_locale":"pt_BR","og_type":"article","og_title":"Suspeito de aplicar golpe de mais de R$ 100 mil em pensionista do RN \u00e9 preso - Taveira Jr","og_description":"Homem foi detido na praia de Redinha Nova, em Extremoz, durante opera\u00e7\u00e3o da Pol\u00edcia Civil. Esquema fraudava limites para empr\u00e9stimos consignados. Pol\u00edcia Civil prendeu suspeito de aplicar golpe Divulga\u00e7\u00e3o Um ...","og_url":"https:\/\/deputadotaveirajr.com.br\/index.php\/suspeito-de-aplicar-golpe-de-mais-de-r-100-mil-em-pensionista-do-rn-e-preso\/","og_site_name":"Taveira Jr","twitter_card":"summary_large_image","twitter_misc":{"Est. tempo de leitura":"1 minuto"},"schema":{"@context":"https:\/\/schema.org","@graph":[{"@type":"WebPage","@id":"https:\/\/deputadotaveirajr.com.br\/index.php\/suspeito-de-aplicar-golpe-de-mais-de-r-100-mil-em-pensionista-do-rn-e-preso\/","url":"https:\/\/deputadotaveirajr.com.br\/index.php\/suspeito-de-aplicar-golpe-de-mais-de-r-100-mil-em-pensionista-do-rn-e-preso\/","name":"Suspeito de aplicar golpe de mais de R$ 100 mil em pensionista do RN \u00e9 preso - Taveira Jr","isPartOf":{"@id":"https:\/\/deputadotaveirajr.com.br\/#website"},"primaryImageOfPage":{"@id":"https:\/\/deputadotaveirajr.com.br\/index.php\/suspeito-de-aplicar-golpe-de-mais-de-r-100-mil-em-pensionista-do-rn-e-preso\/#primaryimage"},"image":{"@id":"https:\/\/deputadotaveirajr.com.br\/index.php\/suspeito-de-aplicar-golpe-de-mais-de-r-100-mil-em-pensionista-do-rn-e-preso\/#primaryimage"},"thumbnailUrl":"https:\/\/deputadotaveirajr.com.br\/wp-content\/uploads\/2024\/11\/whatsapp-image-2024-04-05-at-11.32.05-5u2Izq.jpeg","datePublished":"2024-11-27T21:57:51+00:00","breadcrumb":{"@id":"https:\/\/deputadotaveirajr.com.br\/index.php\/suspeito-de-aplicar-golpe-de-mais-de-r-100-mil-em-pensionista-do-rn-e-preso\/#breadcrumb"},"inLanguage":"pt-BR","potentialAction":[{"@type":"ReadAction","target":["https:\/\/deputadotaveirajr.com.br\/index.php\/suspeito-de-aplicar-golpe-de-mais-de-r-100-mil-em-pensionista-do-rn-e-preso\/"]}]},{"@type":"ImageObject","inLanguage":"pt-BR","@id":"https:\/\/deputadotaveirajr.com.br\/index.php\/suspeito-de-aplicar-golpe-de-mais-de-r-100-mil-em-pensionista-do-rn-e-preso\/#primaryimage","url":"https:\/\/deputadotaveirajr.com.br\/wp-content\/uploads\/2024\/11\/whatsapp-image-2024-04-05-at-11.32.05-5u2Izq.jpeg","contentUrl":"https:\/\/deputadotaveirajr.com.br\/wp-content\/uploads\/2024\/11\/whatsapp-image-2024-04-05-at-11.32.05-5u2Izq.jpeg","width":678,"height":452},{"@type":"BreadcrumbList","@id":"https:\/\/deputadotaveirajr.com.br\/index.php\/suspeito-de-aplicar-golpe-de-mais-de-r-100-mil-em-pensionista-do-rn-e-preso\/#breadcrumb","itemListElement":[{"@type":"ListItem","position":1,"name":"In\u00edcio","item":"https:\/\/deputadotaveirajr.com.br\/"},{"@type":"ListItem","position":2,"name":"Suspeito de aplicar golpe de mais de R$ 100 mil em pensionista do RN \u00e9 preso"}]},{"@type":"WebSite","@id":"https:\/\/deputadotaveirajr.com.br\/#website","url":"https:\/\/deputadotaveirajr.com.br\/","name":"Taveira Jr","description":"Deputado Estadual","publisher":{"@id":"https:\/\/deputadotaveirajr.com.br\/#organization"},"potentialAction":[{"@type":"SearchAction","target":{"@type":"EntryPoint","urlTemplate":"https:\/\/deputadotaveirajr.com.br\/?s={search_term_string}"},"query-input":{"@type":"PropertyValueSpecification","valueRequired":true,"valueName":"search_term_string"}}],"inLanguage":"pt-BR"},{"@type":"Organization","@id":"https:\/\/deputadotaveirajr.com.br\/#organization","name":"Taveira Jr","url":"https:\/\/deputadotaveirajr.com.br\/","logo":{"@type":"ImageObject","inLanguage":"pt-BR","@id":"https:\/\/deputadotaveirajr.com.br\/#\/schema\/logo\/image\/","url":"https:\/\/deputadotaveirajr.com.br\/wp-content\/uploads\/2026\/01\/logolow2a.png","contentUrl":"https:\/\/deputadotaveirajr.com.br\/wp-content\/uploads\/2026\/01\/logolow2a.png","width":290,"height":80,"caption":"Taveira Jr"},"image":{"@id":"https:\/\/deputadotaveirajr.com.br\/#\/schema\/logo\/image\/"}}]}},"_links":{"self":[{"href":"https:\/\/deputadotaveirajr.com.br\/index.php\/wp-json\/wp\/v2\/pages\/11495","targetHints":{"allow":["GET"]}}],"collection":[{"href":"https:\/\/deputadotaveirajr.com.br\/index.php\/wp-json\/wp\/v2\/pages"}],"about":[{"href":"https:\/\/deputadotaveirajr.com.br\/index.php\/wp-json\/wp\/v2\/types\/page"}],"replies":[{"embeddable":true,"href":"https:\/\/deputadotaveirajr.com.br\/index.php\/wp-json\/wp\/v2\/comments?post=11495"}],"version-history":[{"count":0,"href":"https:\/\/deputadotaveirajr.com.br\/index.php\/wp-json\/wp\/v2\/pages\/11495\/revisions"}],"wp:featuredmedia":[{"embeddable":true,"href":"https:\/\/deputadotaveirajr.com.br\/index.php\/wp-json\/wp\/v2\/media\/11496"}],"wp:attachment":[{"href":"https:\/\/deputadotaveirajr.com.br\/index.php\/wp-json\/wp\/v2\/media?parent=11495"}],"curies":[{"name":"wp","href":"https:\/\/api.w.org\/{rel}","templated":true}]}}