{"id":11505,"date":"2024-11-28T08:13:38","date_gmt":"2024-11-28T11:13:38","guid":{"rendered":"https:\/\/deputadotaveirajr.com.br\/index.php\/idosa-fica-presa-a-ferragens-de-carro-apos-colisao-com-onibus-em-natal\/"},"modified":"2024-11-28T08:13:38","modified_gmt":"2024-11-28T11:13:38","slug":"idosa-fica-presa-a-ferragens-de-carro-apos-colisao-com-onibus-em-natal","status":"publish","type":"page","link":"https:\/\/deputadotaveirajr.com.br\/index.php\/idosa-fica-presa-a-ferragens-de-carro-apos-colisao-com-onibus-em-natal\/","title":{"rendered":"Idosa fica presa a ferragens de carro ap\u00f3s colis\u00e3o com \u00f4nibus em Natal"},"content":{"rendered":"<p>     Acidente aconteceu na manh\u00e3 desta quinta-feira (28) no bairro Lagoa Nova. Idosa foi retirada de carro pelo Corpo de Bombeiros. Colis\u00e3o entre carro e \u00f4nibus em Natal<br \/>\nPhilipe Salvador\/Inter TV Cabugi<br \/>\nUma mulher ficou presa \u00e0s ferragens do carro onde estava como passageira ap\u00f3s a colis\u00e3o com um \u00f4nibus, na manh\u00e3 desta quinta-feira (28) em Natal. Ela e o motorista do ve\u00edculo foram socorridos e levados para o Hospital Walfredo Gurgel.<br \/>\nO acidente aconteceu por volta das 5h50 no cruzamento da Avenida Rui Barbosa com a Avenida Antonio Bas\u00edlio, no bairro Lagoa Nova.<br \/>\n\ud83d\udcf3Participe do canal do g1 RN no WhatsApp<br \/>\nSegundo o motorista do \u00f4nibus, o carro teria ultrapassado o sinal vermelho na avenida Rui Barbosa, causando a colis\u00e3o. Ele disse que n\u00e3o conseguiu frear a tempo.<br \/>\nCarro e \u00f4nibus bateram em cruzamento no bairro Lagoa Nova em Natal<br \/>\nPhilipe Salvador\/Inter TV Cabugi<br \/>\nOs dois ocupantes do carro, um casal de idosos, ficaram feridos. A mulher ficou presa \u00e0s ferragens e o Corpo de Bombeiros foi acionada para retir\u00e1-la do ve\u00edculo. Os dois foram socorridos e levados para o hospital com um quadro est\u00e1vel.<br \/>\nNo \u00f4nibus, n\u00e3o houve feridos. De acordo com o motorista, cerca de 20 passageiros estavam no ve\u00edculo, no momento do acidente.<br \/>\nVeja os v\u00eddeos mais assistidos no g1 RN<\/p>","protected":false},"excerpt":{"rendered":"<p>Acidente aconteceu na manh\u00e3 desta quinta-feira (28) no bairro Lagoa Nova. Idosa foi retirada de carro pelo Corpo de Bombeiros. Colis\u00e3o entre carro e \u00f4nibus em Natal Philipe Salvador\/Inter TV &#8230;<\/p>\n","protected":false},"author":0,"featured_media":11506,"parent":0,"menu_order":0,"comment_status":"closed","ping_status":"closed","template":"","meta":{"footnotes":""},"class_list":["post-11505","page","type-page","status-publish","has-post-thumbnail","hentry"],"yoast_head":"<!-- This site is optimized with the Yoast SEO plugin v27.1.1 - https:\/\/yoast.com\/product\/yoast-seo-wordpress\/ -->\n<title>Idosa fica presa a ferragens de carro ap\u00f3s colis\u00e3o com \u00f4nibus em Natal - Taveira Jr<\/title>\n<meta name=\"robots\" content=\"index, follow, max-snippet:-1, max-image-preview:large, max-video-preview:-1\" \/>\n<link rel=\"canonical\" href=\"https:\/\/deputadotaveirajr.com.br\/index.php\/idosa-fica-presa-a-ferragens-de-carro-apos-colisao-com-onibus-em-natal\/\" \/>\n<meta property=\"og:locale\" content=\"pt_BR\" \/>\n<meta property=\"og:type\" content=\"article\" \/>\n<meta property=\"og:title\" content=\"Idosa fica presa a ferragens de carro ap\u00f3s colis\u00e3o com \u00f4nibus em Natal - Taveira Jr\" \/>\n<meta property=\"og:description\" content=\"Acidente aconteceu na manh\u00e3 desta quinta-feira (28) no bairro Lagoa Nova. Idosa foi retirada de carro pelo Corpo de Bombeiros. Colis\u00e3o entre carro e \u00f4nibus em Natal Philipe Salvador\/Inter TV ...\" \/>\n<meta property=\"og:url\" content=\"https:\/\/deputadotaveirajr.com.br\/index.php\/idosa-fica-presa-a-ferragens-de-carro-apos-colisao-com-onibus-em-natal\/\" \/>\n<meta property=\"og:site_name\" content=\"Taveira Jr\" \/>\n<meta name=\"twitter:card\" content=\"summary_large_image\" \/>\n<meta name=\"twitter:label1\" content=\"Est. tempo de leitura\" \/>\n\t<meta name=\"twitter:data1\" content=\"1 minuto\" \/>\n<script type=\"application\/ld+json\" class=\"yoast-schema-graph\">{\"@context\":\"https:\/\/schema.org\",\"@graph\":[{\"@type\":\"WebPage\",\"@id\":\"https:\/\/deputadotaveirajr.com.br\/index.php\/idosa-fica-presa-a-ferragens-de-carro-apos-colisao-com-onibus-em-natal\/\",\"url\":\"https:\/\/deputadotaveirajr.com.br\/index.php\/idosa-fica-presa-a-ferragens-de-carro-apos-colisao-com-onibus-em-natal\/\",\"name\":\"Idosa fica presa a ferragens de carro ap\u00f3s colis\u00e3o com \u00f4nibus em Natal - Taveira Jr\",\"isPartOf\":{\"@id\":\"https:\/\/deputadotaveirajr.com.br\/#website\"},\"primaryImageOfPage\":{\"@id\":\"https:\/\/deputadotaveirajr.com.br\/index.php\/idosa-fica-presa-a-ferragens-de-carro-apos-colisao-com-onibus-em-natal\/#primaryimage\"},\"image\":{\"@id\":\"https:\/\/deputadotaveirajr.com.br\/index.php\/idosa-fica-presa-a-ferragens-de-carro-apos-colisao-com-onibus-em-natal\/#primaryimage\"},\"thumbnailUrl\":\"https:\/\/deputadotaveirajr.com.br\/wp-content\/uploads\/2024\/11\/whatsapp-image-2024-11-28-at-06.56.59-vGYDbg.jpeg\",\"datePublished\":\"2024-11-28T11:13:38+00:00\",\"breadcrumb\":{\"@id\":\"https:\/\/deputadotaveirajr.com.br\/index.php\/idosa-fica-presa-a-ferragens-de-carro-apos-colisao-com-onibus-em-natal\/#breadcrumb\"},\"inLanguage\":\"pt-BR\",\"potentialAction\":[{\"@type\":\"ReadAction\",\"target\":[\"https:\/\/deputadotaveirajr.com.br\/index.php\/idosa-fica-presa-a-ferragens-de-carro-apos-colisao-com-onibus-em-natal\/\"]}]},{\"@type\":\"ImageObject\",\"inLanguage\":\"pt-BR\",\"@id\":\"https:\/\/deputadotaveirajr.com.br\/index.php\/idosa-fica-presa-a-ferragens-de-carro-apos-colisao-com-onibus-em-natal\/#primaryimage\",\"url\":\"https:\/\/deputadotaveirajr.com.br\/wp-content\/uploads\/2024\/11\/whatsapp-image-2024-11-28-at-06.56.59-vGYDbg.jpeg\",\"contentUrl\":\"https:\/\/deputadotaveirajr.com.br\/wp-content\/uploads\/2024\/11\/whatsapp-image-2024-11-28-at-06.56.59-vGYDbg.jpeg\",\"width\":1600,\"height\":1200},{\"@type\":\"BreadcrumbList\",\"@id\":\"https:\/\/deputadotaveirajr.com.br\/index.php\/idosa-fica-presa-a-ferragens-de-carro-apos-colisao-com-onibus-em-natal\/#breadcrumb\",\"itemListElement\":[{\"@type\":\"ListItem\",\"position\":1,\"name\":\"In\u00edcio\",\"item\":\"https:\/\/deputadotaveirajr.com.br\/\"},{\"@type\":\"ListItem\",\"position\":2,\"name\":\"Idosa fica presa a ferragens de carro ap\u00f3s colis\u00e3o com \u00f4nibus em Natal\"}]},{\"@type\":\"WebSite\",\"@id\":\"https:\/\/deputadotaveirajr.com.br\/#website\",\"url\":\"https:\/\/deputadotaveirajr.com.br\/\",\"name\":\"Taveira Jr\",\"description\":\"Deputado Estadual\",\"publisher\":{\"@id\":\"https:\/\/deputadotaveirajr.com.br\/#organization\"},\"potentialAction\":[{\"@type\":\"SearchAction\",\"target\":{\"@type\":\"EntryPoint\",\"urlTemplate\":\"https:\/\/deputadotaveirajr.com.br\/?s={search_term_string}\"},\"query-input\":{\"@type\":\"PropertyValueSpecification\",\"valueRequired\":true,\"valueName\":\"search_term_string\"}}],\"inLanguage\":\"pt-BR\"},{\"@type\":\"Organization\",\"@id\":\"https:\/\/deputadotaveirajr.com.br\/#organization\",\"name\":\"Taveira Jr\",\"url\":\"https:\/\/deputadotaveirajr.com.br\/\",\"logo\":{\"@type\":\"ImageObject\",\"inLanguage\":\"pt-BR\",\"@id\":\"https:\/\/deputadotaveirajr.com.br\/#\/schema\/logo\/image\/\",\"url\":\"https:\/\/deputadotaveirajr.com.br\/wp-content\/uploads\/2026\/01\/logolow2a.png\",\"contentUrl\":\"https:\/\/deputadotaveirajr.com.br\/wp-content\/uploads\/2026\/01\/logolow2a.png\",\"width\":290,\"height\":80,\"caption\":\"Taveira Jr\"},\"image\":{\"@id\":\"https:\/\/deputadotaveirajr.com.br\/#\/schema\/logo\/image\/\"}}]}<\/script>\n<!-- \/ Yoast SEO plugin. -->","yoast_head_json":{"title":"Idosa fica presa a ferragens de carro ap\u00f3s colis\u00e3o com \u00f4nibus em Natal - Taveira Jr","robots":{"index":"index","follow":"follow","max-snippet":"max-snippet:-1","max-image-preview":"max-image-preview:large","max-video-preview":"max-video-preview:-1"},"canonical":"https:\/\/deputadotaveirajr.com.br\/index.php\/idosa-fica-presa-a-ferragens-de-carro-apos-colisao-com-onibus-em-natal\/","og_locale":"pt_BR","og_type":"article","og_title":"Idosa fica presa a ferragens de carro ap\u00f3s colis\u00e3o com \u00f4nibus em Natal - Taveira Jr","og_description":"Acidente aconteceu na manh\u00e3 desta quinta-feira (28) no bairro Lagoa Nova. Idosa foi retirada de carro pelo Corpo de Bombeiros. Colis\u00e3o entre carro e \u00f4nibus em Natal Philipe Salvador\/Inter TV ...","og_url":"https:\/\/deputadotaveirajr.com.br\/index.php\/idosa-fica-presa-a-ferragens-de-carro-apos-colisao-com-onibus-em-natal\/","og_site_name":"Taveira Jr","twitter_card":"summary_large_image","twitter_misc":{"Est. tempo de leitura":"1 minuto"},"schema":{"@context":"https:\/\/schema.org","@graph":[{"@type":"WebPage","@id":"https:\/\/deputadotaveirajr.com.br\/index.php\/idosa-fica-presa-a-ferragens-de-carro-apos-colisao-com-onibus-em-natal\/","url":"https:\/\/deputadotaveirajr.com.br\/index.php\/idosa-fica-presa-a-ferragens-de-carro-apos-colisao-com-onibus-em-natal\/","name":"Idosa fica presa a ferragens de carro ap\u00f3s colis\u00e3o com \u00f4nibus em Natal - Taveira Jr","isPartOf":{"@id":"https:\/\/deputadotaveirajr.com.br\/#website"},"primaryImageOfPage":{"@id":"https:\/\/deputadotaveirajr.com.br\/index.php\/idosa-fica-presa-a-ferragens-de-carro-apos-colisao-com-onibus-em-natal\/#primaryimage"},"image":{"@id":"https:\/\/deputadotaveirajr.com.br\/index.php\/idosa-fica-presa-a-ferragens-de-carro-apos-colisao-com-onibus-em-natal\/#primaryimage"},"thumbnailUrl":"https:\/\/deputadotaveirajr.com.br\/wp-content\/uploads\/2024\/11\/whatsapp-image-2024-11-28-at-06.56.59-vGYDbg.jpeg","datePublished":"2024-11-28T11:13:38+00:00","breadcrumb":{"@id":"https:\/\/deputadotaveirajr.com.br\/index.php\/idosa-fica-presa-a-ferragens-de-carro-apos-colisao-com-onibus-em-natal\/#breadcrumb"},"inLanguage":"pt-BR","potentialAction":[{"@type":"ReadAction","target":["https:\/\/deputadotaveirajr.com.br\/index.php\/idosa-fica-presa-a-ferragens-de-carro-apos-colisao-com-onibus-em-natal\/"]}]},{"@type":"ImageObject","inLanguage":"pt-BR","@id":"https:\/\/deputadotaveirajr.com.br\/index.php\/idosa-fica-presa-a-ferragens-de-carro-apos-colisao-com-onibus-em-natal\/#primaryimage","url":"https:\/\/deputadotaveirajr.com.br\/wp-content\/uploads\/2024\/11\/whatsapp-image-2024-11-28-at-06.56.59-vGYDbg.jpeg","contentUrl":"https:\/\/deputadotaveirajr.com.br\/wp-content\/uploads\/2024\/11\/whatsapp-image-2024-11-28-at-06.56.59-vGYDbg.jpeg","width":1600,"height":1200},{"@type":"BreadcrumbList","@id":"https:\/\/deputadotaveirajr.com.br\/index.php\/idosa-fica-presa-a-ferragens-de-carro-apos-colisao-com-onibus-em-natal\/#breadcrumb","itemListElement":[{"@type":"ListItem","position":1,"name":"In\u00edcio","item":"https:\/\/deputadotaveirajr.com.br\/"},{"@type":"ListItem","position":2,"name":"Idosa fica presa a ferragens de carro ap\u00f3s colis\u00e3o com \u00f4nibus em Natal"}]},{"@type":"WebSite","@id":"https:\/\/deputadotaveirajr.com.br\/#website","url":"https:\/\/deputadotaveirajr.com.br\/","name":"Taveira Jr","description":"Deputado Estadual","publisher":{"@id":"https:\/\/deputadotaveirajr.com.br\/#organization"},"potentialAction":[{"@type":"SearchAction","target":{"@type":"EntryPoint","urlTemplate":"https:\/\/deputadotaveirajr.com.br\/?s={search_term_string}"},"query-input":{"@type":"PropertyValueSpecification","valueRequired":true,"valueName":"search_term_string"}}],"inLanguage":"pt-BR"},{"@type":"Organization","@id":"https:\/\/deputadotaveirajr.com.br\/#organization","name":"Taveira Jr","url":"https:\/\/deputadotaveirajr.com.br\/","logo":{"@type":"ImageObject","inLanguage":"pt-BR","@id":"https:\/\/deputadotaveirajr.com.br\/#\/schema\/logo\/image\/","url":"https:\/\/deputadotaveirajr.com.br\/wp-content\/uploads\/2026\/01\/logolow2a.png","contentUrl":"https:\/\/deputadotaveirajr.com.br\/wp-content\/uploads\/2026\/01\/logolow2a.png","width":290,"height":80,"caption":"Taveira Jr"},"image":{"@id":"https:\/\/deputadotaveirajr.com.br\/#\/schema\/logo\/image\/"}}]}},"_links":{"self":[{"href":"https:\/\/deputadotaveirajr.com.br\/index.php\/wp-json\/wp\/v2\/pages\/11505","targetHints":{"allow":["GET"]}}],"collection":[{"href":"https:\/\/deputadotaveirajr.com.br\/index.php\/wp-json\/wp\/v2\/pages"}],"about":[{"href":"https:\/\/deputadotaveirajr.com.br\/index.php\/wp-json\/wp\/v2\/types\/page"}],"replies":[{"embeddable":true,"href":"https:\/\/deputadotaveirajr.com.br\/index.php\/wp-json\/wp\/v2\/comments?post=11505"}],"version-history":[{"count":0,"href":"https:\/\/deputadotaveirajr.com.br\/index.php\/wp-json\/wp\/v2\/pages\/11505\/revisions"}],"wp:featuredmedia":[{"embeddable":true,"href":"https:\/\/deputadotaveirajr.com.br\/index.php\/wp-json\/wp\/v2\/media\/11506"}],"wp:attachment":[{"href":"https:\/\/deputadotaveirajr.com.br\/index.php\/wp-json\/wp\/v2\/media?parent=11505"}],"curies":[{"name":"wp","href":"https:\/\/api.w.org\/{rel}","templated":true}]}}