{"id":11512,"date":"2024-12-01T10:46:41","date_gmt":"2024-12-01T13:46:41","guid":{"rendered":"https:\/\/deputadotaveirajr.com.br\/index.php\/transito-e-interditado-na-subida-do-viaduto-da-redinha-para-obras-nesta-segunda-2\/"},"modified":"2024-12-01T10:46:41","modified_gmt":"2024-12-01T13:46:41","slug":"transito-e-interditado-na-subida-do-viaduto-da-redinha-para-obras-nesta-segunda-2","status":"publish","type":"page","link":"https:\/\/deputadotaveirajr.com.br\/index.php\/transito-e-interditado-na-subida-do-viaduto-da-redinha-para-obras-nesta-segunda-2\/","title":{"rendered":"Tr\u00e2nsito \u00e9 interditado na subida do Viaduto da Redinha para obras nesta segunda (2)"},"content":{"rendered":"<p>     Altera\u00e7\u00e3o no tr\u00e1fego impacta itiner\u00e1rios de \u00f4nibus; previs\u00e3o \u00e9 de libera\u00e7\u00e3o na sexta-feira (06).  Subida do Viaduto da Redinha sofre interdi\u00e7\u00e3o<br \/>\nSTTU\/Divulga\u00e7\u00e3o<br \/>\nA Secretaria de Mobilidade Urbana (STTU) informou que, devido \u00e0s obras realizadas pela Companhia de \u00c1guas e Esgotos do Rio Grande do Norte (Caern), o acesso ao Viaduto da Redinha no sentido Igap\u00f3 ser\u00e1 interditado nesta segunda-feira (2).<br \/>\nCom o bloqueio, as linhas de \u00f4nibus N-08 (Redinha\/Mirassol, via Rodovi\u00e1ria) e N-25 (Redinha\/Bairro Nordeste, via Alecrim) sofrer\u00e3o altera\u00e7\u00f5es nos itiner\u00e1rios.<br \/>\n\ud83d\udcf3Participe do canal do g1 RN no WhatsApp<br \/>\nDurante o per\u00edodo de obras, os \u00f4nibus sair\u00e3o do terminal na Redinha pelas ruas Tenente Everaldo Borges de Moura e Conselheiro Trist\u00e3o, acessando o Viaduto da Redinha antes de retomarem suas rotas habituais. No trajeto de retorno para a Redinha, n\u00e3o haver\u00e1 mudan\u00e7as.<br \/>\nSegundo a STTU, o tr\u00e1fego no local deve ser liberado at\u00e9 sexta-feira (6). A orienta\u00e7\u00e3o do \u00f3rg\u00e3o \u00e9 que os motoristas evitem a regi\u00e3o durante o per\u00edodo de interdi\u00e7\u00e3o.<br \/>\nVeja os v\u00eddeos mais assistidos do g1 RN<\/p>","protected":false},"excerpt":{"rendered":"<p>Altera\u00e7\u00e3o no tr\u00e1fego impacta itiner\u00e1rios de \u00f4nibus; previs\u00e3o \u00e9 de libera\u00e7\u00e3o na sexta-feira (06). Subida do Viaduto da Redinha sofre interdi\u00e7\u00e3o STTU\/Divulga\u00e7\u00e3o A Secretaria de Mobilidade Urbana (STTU) informou que, &#8230;<\/p>\n","protected":false},"author":0,"featured_media":11513,"parent":0,"menu_order":0,"comment_status":"closed","ping_status":"closed","template":"","meta":{"footnotes":""},"class_list":["post-11512","page","type-page","status-publish","has-post-thumbnail","hentry"],"yoast_head":"<!-- This site is optimized with the Yoast SEO plugin v27.1.1 - https:\/\/yoast.com\/product\/yoast-seo-wordpress\/ -->\n<title>Tr\u00e2nsito \u00e9 interditado na subida do Viaduto da Redinha para obras nesta segunda (2) - Taveira Jr<\/title>\n<meta name=\"robots\" content=\"index, follow, max-snippet:-1, max-image-preview:large, max-video-preview:-1\" \/>\n<link rel=\"canonical\" href=\"https:\/\/deputadotaveirajr.com.br\/index.php\/transito-e-interditado-na-subida-do-viaduto-da-redinha-para-obras-nesta-segunda-2\/\" \/>\n<meta property=\"og:locale\" content=\"pt_BR\" \/>\n<meta property=\"og:type\" content=\"article\" \/>\n<meta property=\"og:title\" content=\"Tr\u00e2nsito \u00e9 interditado na subida do Viaduto da Redinha para obras nesta segunda (2) - Taveira Jr\" \/>\n<meta property=\"og:description\" content=\"Altera\u00e7\u00e3o no tr\u00e1fego impacta itiner\u00e1rios de \u00f4nibus; previs\u00e3o \u00e9 de libera\u00e7\u00e3o na sexta-feira (06). Subida do Viaduto da Redinha sofre interdi\u00e7\u00e3o STTU\/Divulga\u00e7\u00e3o A Secretaria de Mobilidade Urbana (STTU) informou que, ...\" \/>\n<meta property=\"og:url\" content=\"https:\/\/deputadotaveirajr.com.br\/index.php\/transito-e-interditado-na-subida-do-viaduto-da-redinha-para-obras-nesta-segunda-2\/\" \/>\n<meta property=\"og:site_name\" content=\"Taveira Jr\" \/>\n<meta name=\"twitter:card\" content=\"summary_large_image\" \/>\n<meta name=\"twitter:label1\" content=\"Est. tempo de leitura\" \/>\n\t<meta name=\"twitter:data1\" content=\"1 minuto\" \/>\n<script type=\"application\/ld+json\" class=\"yoast-schema-graph\">{\"@context\":\"https:\/\/schema.org\",\"@graph\":[{\"@type\":\"WebPage\",\"@id\":\"https:\/\/deputadotaveirajr.com.br\/index.php\/transito-e-interditado-na-subida-do-viaduto-da-redinha-para-obras-nesta-segunda-2\/\",\"url\":\"https:\/\/deputadotaveirajr.com.br\/index.php\/transito-e-interditado-na-subida-do-viaduto-da-redinha-para-obras-nesta-segunda-2\/\",\"name\":\"Tr\u00e2nsito \u00e9 interditado na subida do Viaduto da Redinha para obras nesta segunda (2) - Taveira Jr\",\"isPartOf\":{\"@id\":\"https:\/\/deputadotaveirajr.com.br\/#website\"},\"primaryImageOfPage\":{\"@id\":\"https:\/\/deputadotaveirajr.com.br\/index.php\/transito-e-interditado-na-subida-do-viaduto-da-redinha-para-obras-nesta-segunda-2\/#primaryimage\"},\"image\":{\"@id\":\"https:\/\/deputadotaveirajr.com.br\/index.php\/transito-e-interditado-na-subida-do-viaduto-da-redinha-para-obras-nesta-segunda-2\/#primaryimage\"},\"thumbnailUrl\":\"https:\/\/deputadotaveirajr.com.br\/wp-content\/uploads\/2024\/12\/whatsapp-image-2024-02-07-at-08.59.23-70BqEX.jpeg\",\"datePublished\":\"2024-12-01T13:46:41+00:00\",\"breadcrumb\":{\"@id\":\"https:\/\/deputadotaveirajr.com.br\/index.php\/transito-e-interditado-na-subida-do-viaduto-da-redinha-para-obras-nesta-segunda-2\/#breadcrumb\"},\"inLanguage\":\"pt-BR\",\"potentialAction\":[{\"@type\":\"ReadAction\",\"target\":[\"https:\/\/deputadotaveirajr.com.br\/index.php\/transito-e-interditado-na-subida-do-viaduto-da-redinha-para-obras-nesta-segunda-2\/\"]}]},{\"@type\":\"ImageObject\",\"inLanguage\":\"pt-BR\",\"@id\":\"https:\/\/deputadotaveirajr.com.br\/index.php\/transito-e-interditado-na-subida-do-viaduto-da-redinha-para-obras-nesta-segunda-2\/#primaryimage\",\"url\":\"https:\/\/deputadotaveirajr.com.br\/wp-content\/uploads\/2024\/12\/whatsapp-image-2024-02-07-at-08.59.23-70BqEX.jpeg\",\"contentUrl\":\"https:\/\/deputadotaveirajr.com.br\/wp-content\/uploads\/2024\/12\/whatsapp-image-2024-02-07-at-08.59.23-70BqEX.jpeg\",\"width\":570,\"height\":380},{\"@type\":\"BreadcrumbList\",\"@id\":\"https:\/\/deputadotaveirajr.com.br\/index.php\/transito-e-interditado-na-subida-do-viaduto-da-redinha-para-obras-nesta-segunda-2\/#breadcrumb\",\"itemListElement\":[{\"@type\":\"ListItem\",\"position\":1,\"name\":\"In\u00edcio\",\"item\":\"https:\/\/deputadotaveirajr.com.br\/\"},{\"@type\":\"ListItem\",\"position\":2,\"name\":\"Tr\u00e2nsito \u00e9 interditado na subida do Viaduto da Redinha para obras nesta segunda (2)\"}]},{\"@type\":\"WebSite\",\"@id\":\"https:\/\/deputadotaveirajr.com.br\/#website\",\"url\":\"https:\/\/deputadotaveirajr.com.br\/\",\"name\":\"Taveira Jr\",\"description\":\"Deputado Estadual\",\"publisher\":{\"@id\":\"https:\/\/deputadotaveirajr.com.br\/#organization\"},\"potentialAction\":[{\"@type\":\"SearchAction\",\"target\":{\"@type\":\"EntryPoint\",\"urlTemplate\":\"https:\/\/deputadotaveirajr.com.br\/?s={search_term_string}\"},\"query-input\":{\"@type\":\"PropertyValueSpecification\",\"valueRequired\":true,\"valueName\":\"search_term_string\"}}],\"inLanguage\":\"pt-BR\"},{\"@type\":\"Organization\",\"@id\":\"https:\/\/deputadotaveirajr.com.br\/#organization\",\"name\":\"Taveira Jr\",\"url\":\"https:\/\/deputadotaveirajr.com.br\/\",\"logo\":{\"@type\":\"ImageObject\",\"inLanguage\":\"pt-BR\",\"@id\":\"https:\/\/deputadotaveirajr.com.br\/#\/schema\/logo\/image\/\",\"url\":\"https:\/\/deputadotaveirajr.com.br\/wp-content\/uploads\/2026\/01\/logolow2a.png\",\"contentUrl\":\"https:\/\/deputadotaveirajr.com.br\/wp-content\/uploads\/2026\/01\/logolow2a.png\",\"width\":290,\"height\":80,\"caption\":\"Taveira Jr\"},\"image\":{\"@id\":\"https:\/\/deputadotaveirajr.com.br\/#\/schema\/logo\/image\/\"}}]}<\/script>\n<!-- \/ Yoast SEO plugin. -->","yoast_head_json":{"title":"Tr\u00e2nsito \u00e9 interditado na subida do Viaduto da Redinha para obras nesta segunda (2) - Taveira Jr","robots":{"index":"index","follow":"follow","max-snippet":"max-snippet:-1","max-image-preview":"max-image-preview:large","max-video-preview":"max-video-preview:-1"},"canonical":"https:\/\/deputadotaveirajr.com.br\/index.php\/transito-e-interditado-na-subida-do-viaduto-da-redinha-para-obras-nesta-segunda-2\/","og_locale":"pt_BR","og_type":"article","og_title":"Tr\u00e2nsito \u00e9 interditado na subida do Viaduto da Redinha para obras nesta segunda (2) - Taveira Jr","og_description":"Altera\u00e7\u00e3o no tr\u00e1fego impacta itiner\u00e1rios de \u00f4nibus; previs\u00e3o \u00e9 de libera\u00e7\u00e3o na sexta-feira (06). Subida do Viaduto da Redinha sofre interdi\u00e7\u00e3o STTU\/Divulga\u00e7\u00e3o A Secretaria de Mobilidade Urbana (STTU) informou que, ...","og_url":"https:\/\/deputadotaveirajr.com.br\/index.php\/transito-e-interditado-na-subida-do-viaduto-da-redinha-para-obras-nesta-segunda-2\/","og_site_name":"Taveira Jr","twitter_card":"summary_large_image","twitter_misc":{"Est. tempo de leitura":"1 minuto"},"schema":{"@context":"https:\/\/schema.org","@graph":[{"@type":"WebPage","@id":"https:\/\/deputadotaveirajr.com.br\/index.php\/transito-e-interditado-na-subida-do-viaduto-da-redinha-para-obras-nesta-segunda-2\/","url":"https:\/\/deputadotaveirajr.com.br\/index.php\/transito-e-interditado-na-subida-do-viaduto-da-redinha-para-obras-nesta-segunda-2\/","name":"Tr\u00e2nsito \u00e9 interditado na subida do Viaduto da Redinha para obras nesta segunda (2) - Taveira Jr","isPartOf":{"@id":"https:\/\/deputadotaveirajr.com.br\/#website"},"primaryImageOfPage":{"@id":"https:\/\/deputadotaveirajr.com.br\/index.php\/transito-e-interditado-na-subida-do-viaduto-da-redinha-para-obras-nesta-segunda-2\/#primaryimage"},"image":{"@id":"https:\/\/deputadotaveirajr.com.br\/index.php\/transito-e-interditado-na-subida-do-viaduto-da-redinha-para-obras-nesta-segunda-2\/#primaryimage"},"thumbnailUrl":"https:\/\/deputadotaveirajr.com.br\/wp-content\/uploads\/2024\/12\/whatsapp-image-2024-02-07-at-08.59.23-70BqEX.jpeg","datePublished":"2024-12-01T13:46:41+00:00","breadcrumb":{"@id":"https:\/\/deputadotaveirajr.com.br\/index.php\/transito-e-interditado-na-subida-do-viaduto-da-redinha-para-obras-nesta-segunda-2\/#breadcrumb"},"inLanguage":"pt-BR","potentialAction":[{"@type":"ReadAction","target":["https:\/\/deputadotaveirajr.com.br\/index.php\/transito-e-interditado-na-subida-do-viaduto-da-redinha-para-obras-nesta-segunda-2\/"]}]},{"@type":"ImageObject","inLanguage":"pt-BR","@id":"https:\/\/deputadotaveirajr.com.br\/index.php\/transito-e-interditado-na-subida-do-viaduto-da-redinha-para-obras-nesta-segunda-2\/#primaryimage","url":"https:\/\/deputadotaveirajr.com.br\/wp-content\/uploads\/2024\/12\/whatsapp-image-2024-02-07-at-08.59.23-70BqEX.jpeg","contentUrl":"https:\/\/deputadotaveirajr.com.br\/wp-content\/uploads\/2024\/12\/whatsapp-image-2024-02-07-at-08.59.23-70BqEX.jpeg","width":570,"height":380},{"@type":"BreadcrumbList","@id":"https:\/\/deputadotaveirajr.com.br\/index.php\/transito-e-interditado-na-subida-do-viaduto-da-redinha-para-obras-nesta-segunda-2\/#breadcrumb","itemListElement":[{"@type":"ListItem","position":1,"name":"In\u00edcio","item":"https:\/\/deputadotaveirajr.com.br\/"},{"@type":"ListItem","position":2,"name":"Tr\u00e2nsito \u00e9 interditado na subida do Viaduto da Redinha para obras nesta segunda (2)"}]},{"@type":"WebSite","@id":"https:\/\/deputadotaveirajr.com.br\/#website","url":"https:\/\/deputadotaveirajr.com.br\/","name":"Taveira Jr","description":"Deputado Estadual","publisher":{"@id":"https:\/\/deputadotaveirajr.com.br\/#organization"},"potentialAction":[{"@type":"SearchAction","target":{"@type":"EntryPoint","urlTemplate":"https:\/\/deputadotaveirajr.com.br\/?s={search_term_string}"},"query-input":{"@type":"PropertyValueSpecification","valueRequired":true,"valueName":"search_term_string"}}],"inLanguage":"pt-BR"},{"@type":"Organization","@id":"https:\/\/deputadotaveirajr.com.br\/#organization","name":"Taveira Jr","url":"https:\/\/deputadotaveirajr.com.br\/","logo":{"@type":"ImageObject","inLanguage":"pt-BR","@id":"https:\/\/deputadotaveirajr.com.br\/#\/schema\/logo\/image\/","url":"https:\/\/deputadotaveirajr.com.br\/wp-content\/uploads\/2026\/01\/logolow2a.png","contentUrl":"https:\/\/deputadotaveirajr.com.br\/wp-content\/uploads\/2026\/01\/logolow2a.png","width":290,"height":80,"caption":"Taveira Jr"},"image":{"@id":"https:\/\/deputadotaveirajr.com.br\/#\/schema\/logo\/image\/"}}]}},"_links":{"self":[{"href":"https:\/\/deputadotaveirajr.com.br\/index.php\/wp-json\/wp\/v2\/pages\/11512","targetHints":{"allow":["GET"]}}],"collection":[{"href":"https:\/\/deputadotaveirajr.com.br\/index.php\/wp-json\/wp\/v2\/pages"}],"about":[{"href":"https:\/\/deputadotaveirajr.com.br\/index.php\/wp-json\/wp\/v2\/types\/page"}],"replies":[{"embeddable":true,"href":"https:\/\/deputadotaveirajr.com.br\/index.php\/wp-json\/wp\/v2\/comments?post=11512"}],"version-history":[{"count":0,"href":"https:\/\/deputadotaveirajr.com.br\/index.php\/wp-json\/wp\/v2\/pages\/11512\/revisions"}],"wp:featuredmedia":[{"embeddable":true,"href":"https:\/\/deputadotaveirajr.com.br\/index.php\/wp-json\/wp\/v2\/media\/11513"}],"wp:attachment":[{"href":"https:\/\/deputadotaveirajr.com.br\/index.php\/wp-json\/wp\/v2\/media?parent=11512"}],"curies":[{"name":"wp","href":"https:\/\/api.w.org\/{rel}","templated":true}]}}