{"id":11514,"date":"2024-12-01T09:06:22","date_gmt":"2024-12-01T12:06:22","guid":{"rendered":"https:\/\/deputadotaveirajr.com.br\/index.php\/setor-de-minerios-movimentou-mais-de-r3-bi-em-dez-anos-no-rn-aponta-sedec\/"},"modified":"2024-12-01T09:06:22","modified_gmt":"2024-12-01T12:06:22","slug":"setor-de-minerios-movimentou-mais-de-r3-bi-em-dez-anos-no-rn-aponta-sedec","status":"publish","type":"page","link":"https:\/\/deputadotaveirajr.com.br\/index.php\/setor-de-minerios-movimentou-mais-de-r3-bi-em-dez-anos-no-rn-aponta-sedec\/","title":{"rendered":"Setor de min\u00e9rios movimentou mais de R$3 bi em dez anos no RN, aponta Sedec"},"content":{"rendered":"<p>     Setor gera 10 mil empregos diretos e registra crescimento de 223% no per\u00edodo de 2013 e 2023. Setor de minera\u00e7\u00e3o movimentou mais de R$ 3 bilh\u00f5es em dez anos no RN<br \/>\nO setor de minera\u00e7\u00e3o no Rio Grande do Norte movimentou mais de R$ 3 bilh\u00f5es entre 2013 e 2023, segundo dados divulgados pela Secretaria de Desenvolvimento Econ\u00f4mico do Estado (Sedec).<br \/>\nDe acordo com  a Sedec, o setor gera cerca de 10 mil empregos diretos no RN. Al\u00e9m disso, o \u00f3rg\u00e3o aponta que nos \u00faltimos dez anos, o setor apresentou um crescimento de 222,93% no estado.<br \/>\n\ud83d\udcf3Participe do canal do g1 RN no WhatsApp<br \/>\nDurantes os dias 28 e 29 de novembro, Natal sediou o 5\u00ba  F\u00f3rum Estadual Mineral para debater sobre o setor. O secret\u00e1rio de desenvolvimento do RN, Silvio Torquato, refor\u00e7ou a import\u00e2ncia da \u00e1rea no estado.<br \/>\n&#8220;O Rio Grande do Norte \u00e9 um dos estados mais ricos do Nordeste, se n\u00e3o for o mais rico, na \u00e1rea mineral. Esse \u00e9 o 5\u00ba F\u00f3rum Mineral que estamos fazendo, n\u00f3s reativamos o setor mineral e marcamos uma a\u00e7\u00e3o forte na minera\u00e7\u00e3o no RN&#8221;, disse.<br \/>\nO crescimento do setor come\u00e7ou a se tornar mais relevante a partir de 2020, com o incremento na produ\u00e7\u00e3o de subst\u00e2ncias, como calc\u00e1rio e as rochas ornamentais.<br \/>\nSetor de min\u00e9rios teve crescimento de quase 223% no RN<br \/>\nInter TV Cabugi<br \/>\nVeja os v\u00eddeos mais assistidos do g1 RN<\/p>","protected":false},"excerpt":{"rendered":"<p>Setor gera 10 mil empregos diretos e registra crescimento de 223% no per\u00edodo de 2013 e 2023. Setor de minera\u00e7\u00e3o movimentou mais de R$ 3 bilh\u00f5es em dez anos no &#8230;<\/p>\n","protected":false},"author":0,"featured_media":11515,"parent":0,"menu_order":0,"comment_status":"closed","ping_status":"closed","template":"","meta":{"footnotes":""},"class_list":["post-11514","page","type-page","status-publish","has-post-thumbnail","hentry"],"yoast_head":"<!-- This site is optimized with the Yoast SEO plugin v27.1.1 - https:\/\/yoast.com\/product\/yoast-seo-wordpress\/ -->\n<title>Setor de min\u00e9rios movimentou mais de R$3 bi em dez anos no RN, aponta Sedec - Taveira Jr<\/title>\n<meta name=\"robots\" content=\"index, follow, max-snippet:-1, max-image-preview:large, max-video-preview:-1\" \/>\n<link rel=\"canonical\" href=\"https:\/\/deputadotaveirajr.com.br\/index.php\/setor-de-minerios-movimentou-mais-de-r3-bi-em-dez-anos-no-rn-aponta-sedec\/\" \/>\n<meta property=\"og:locale\" content=\"pt_BR\" \/>\n<meta property=\"og:type\" content=\"article\" \/>\n<meta property=\"og:title\" content=\"Setor de min\u00e9rios movimentou mais de R$3 bi em dez anos no RN, aponta Sedec - Taveira Jr\" \/>\n<meta property=\"og:description\" content=\"Setor gera 10 mil empregos diretos e registra crescimento de 223% no per\u00edodo de 2013 e 2023. Setor de minera\u00e7\u00e3o movimentou mais de R$ 3 bilh\u00f5es em dez anos no ...\" \/>\n<meta property=\"og:url\" content=\"https:\/\/deputadotaveirajr.com.br\/index.php\/setor-de-minerios-movimentou-mais-de-r3-bi-em-dez-anos-no-rn-aponta-sedec\/\" \/>\n<meta property=\"og:site_name\" content=\"Taveira Jr\" \/>\n<meta name=\"twitter:card\" content=\"summary_large_image\" \/>\n<meta name=\"twitter:label1\" content=\"Est. tempo de leitura\" \/>\n\t<meta name=\"twitter:data1\" content=\"1 minuto\" \/>\n<script type=\"application\/ld+json\" class=\"yoast-schema-graph\">{\"@context\":\"https:\/\/schema.org\",\"@graph\":[{\"@type\":\"WebPage\",\"@id\":\"https:\/\/deputadotaveirajr.com.br\/index.php\/setor-de-minerios-movimentou-mais-de-r3-bi-em-dez-anos-no-rn-aponta-sedec\/\",\"url\":\"https:\/\/deputadotaveirajr.com.br\/index.php\/setor-de-minerios-movimentou-mais-de-r3-bi-em-dez-anos-no-rn-aponta-sedec\/\",\"name\":\"Setor de min\u00e9rios movimentou mais de R$3 bi em dez anos no RN, aponta Sedec - Taveira Jr\",\"isPartOf\":{\"@id\":\"https:\/\/deputadotaveirajr.com.br\/#website\"},\"primaryImageOfPage\":{\"@id\":\"https:\/\/deputadotaveirajr.com.br\/index.php\/setor-de-minerios-movimentou-mais-de-r3-bi-em-dez-anos-no-rn-aponta-sedec\/#primaryimage\"},\"image\":{\"@id\":\"https:\/\/deputadotaveirajr.com.br\/index.php\/setor-de-minerios-movimentou-mais-de-r3-bi-em-dez-anos-no-rn-aponta-sedec\/#primaryimage\"},\"thumbnailUrl\":\"https:\/\/deputadotaveirajr.com.br\/wp-content\/uploads\/2024\/12\/minerios-NZcg2f.jpeg\",\"datePublished\":\"2024-12-01T12:06:22+00:00\",\"breadcrumb\":{\"@id\":\"https:\/\/deputadotaveirajr.com.br\/index.php\/setor-de-minerios-movimentou-mais-de-r3-bi-em-dez-anos-no-rn-aponta-sedec\/#breadcrumb\"},\"inLanguage\":\"pt-BR\",\"potentialAction\":[{\"@type\":\"ReadAction\",\"target\":[\"https:\/\/deputadotaveirajr.com.br\/index.php\/setor-de-minerios-movimentou-mais-de-r3-bi-em-dez-anos-no-rn-aponta-sedec\/\"]}]},{\"@type\":\"ImageObject\",\"inLanguage\":\"pt-BR\",\"@id\":\"https:\/\/deputadotaveirajr.com.br\/index.php\/setor-de-minerios-movimentou-mais-de-r3-bi-em-dez-anos-no-rn-aponta-sedec\/#primaryimage\",\"url\":\"https:\/\/deputadotaveirajr.com.br\/wp-content\/uploads\/2024\/12\/minerios-NZcg2f.jpeg\",\"contentUrl\":\"https:\/\/deputadotaveirajr.com.br\/wp-content\/uploads\/2024\/12\/minerios-NZcg2f.jpeg\",\"width\":811,\"height\":354},{\"@type\":\"BreadcrumbList\",\"@id\":\"https:\/\/deputadotaveirajr.com.br\/index.php\/setor-de-minerios-movimentou-mais-de-r3-bi-em-dez-anos-no-rn-aponta-sedec\/#breadcrumb\",\"itemListElement\":[{\"@type\":\"ListItem\",\"position\":1,\"name\":\"In\u00edcio\",\"item\":\"https:\/\/deputadotaveirajr.com.br\/\"},{\"@type\":\"ListItem\",\"position\":2,\"name\":\"Setor de min\u00e9rios movimentou mais de R$3 bi em dez anos no RN, aponta Sedec\"}]},{\"@type\":\"WebSite\",\"@id\":\"https:\/\/deputadotaveirajr.com.br\/#website\",\"url\":\"https:\/\/deputadotaveirajr.com.br\/\",\"name\":\"Taveira Jr\",\"description\":\"Deputado Estadual\",\"publisher\":{\"@id\":\"https:\/\/deputadotaveirajr.com.br\/#organization\"},\"potentialAction\":[{\"@type\":\"SearchAction\",\"target\":{\"@type\":\"EntryPoint\",\"urlTemplate\":\"https:\/\/deputadotaveirajr.com.br\/?s={search_term_string}\"},\"query-input\":{\"@type\":\"PropertyValueSpecification\",\"valueRequired\":true,\"valueName\":\"search_term_string\"}}],\"inLanguage\":\"pt-BR\"},{\"@type\":\"Organization\",\"@id\":\"https:\/\/deputadotaveirajr.com.br\/#organization\",\"name\":\"Taveira Jr\",\"url\":\"https:\/\/deputadotaveirajr.com.br\/\",\"logo\":{\"@type\":\"ImageObject\",\"inLanguage\":\"pt-BR\",\"@id\":\"https:\/\/deputadotaveirajr.com.br\/#\/schema\/logo\/image\/\",\"url\":\"https:\/\/deputadotaveirajr.com.br\/wp-content\/uploads\/2026\/01\/logolow2a.png\",\"contentUrl\":\"https:\/\/deputadotaveirajr.com.br\/wp-content\/uploads\/2026\/01\/logolow2a.png\",\"width\":290,\"height\":80,\"caption\":\"Taveira Jr\"},\"image\":{\"@id\":\"https:\/\/deputadotaveirajr.com.br\/#\/schema\/logo\/image\/\"}}]}<\/script>\n<!-- \/ Yoast SEO plugin. -->","yoast_head_json":{"title":"Setor de min\u00e9rios movimentou mais de R$3 bi em dez anos no RN, aponta Sedec - Taveira Jr","robots":{"index":"index","follow":"follow","max-snippet":"max-snippet:-1","max-image-preview":"max-image-preview:large","max-video-preview":"max-video-preview:-1"},"canonical":"https:\/\/deputadotaveirajr.com.br\/index.php\/setor-de-minerios-movimentou-mais-de-r3-bi-em-dez-anos-no-rn-aponta-sedec\/","og_locale":"pt_BR","og_type":"article","og_title":"Setor de min\u00e9rios movimentou mais de R$3 bi em dez anos no RN, aponta Sedec - Taveira Jr","og_description":"Setor gera 10 mil empregos diretos e registra crescimento de 223% no per\u00edodo de 2013 e 2023. Setor de minera\u00e7\u00e3o movimentou mais de R$ 3 bilh\u00f5es em dez anos no ...","og_url":"https:\/\/deputadotaveirajr.com.br\/index.php\/setor-de-minerios-movimentou-mais-de-r3-bi-em-dez-anos-no-rn-aponta-sedec\/","og_site_name":"Taveira Jr","twitter_card":"summary_large_image","twitter_misc":{"Est. tempo de leitura":"1 minuto"},"schema":{"@context":"https:\/\/schema.org","@graph":[{"@type":"WebPage","@id":"https:\/\/deputadotaveirajr.com.br\/index.php\/setor-de-minerios-movimentou-mais-de-r3-bi-em-dez-anos-no-rn-aponta-sedec\/","url":"https:\/\/deputadotaveirajr.com.br\/index.php\/setor-de-minerios-movimentou-mais-de-r3-bi-em-dez-anos-no-rn-aponta-sedec\/","name":"Setor de min\u00e9rios movimentou mais de R$3 bi em dez anos no RN, aponta Sedec - Taveira Jr","isPartOf":{"@id":"https:\/\/deputadotaveirajr.com.br\/#website"},"primaryImageOfPage":{"@id":"https:\/\/deputadotaveirajr.com.br\/index.php\/setor-de-minerios-movimentou-mais-de-r3-bi-em-dez-anos-no-rn-aponta-sedec\/#primaryimage"},"image":{"@id":"https:\/\/deputadotaveirajr.com.br\/index.php\/setor-de-minerios-movimentou-mais-de-r3-bi-em-dez-anos-no-rn-aponta-sedec\/#primaryimage"},"thumbnailUrl":"https:\/\/deputadotaveirajr.com.br\/wp-content\/uploads\/2024\/12\/minerios-NZcg2f.jpeg","datePublished":"2024-12-01T12:06:22+00:00","breadcrumb":{"@id":"https:\/\/deputadotaveirajr.com.br\/index.php\/setor-de-minerios-movimentou-mais-de-r3-bi-em-dez-anos-no-rn-aponta-sedec\/#breadcrumb"},"inLanguage":"pt-BR","potentialAction":[{"@type":"ReadAction","target":["https:\/\/deputadotaveirajr.com.br\/index.php\/setor-de-minerios-movimentou-mais-de-r3-bi-em-dez-anos-no-rn-aponta-sedec\/"]}]},{"@type":"ImageObject","inLanguage":"pt-BR","@id":"https:\/\/deputadotaveirajr.com.br\/index.php\/setor-de-minerios-movimentou-mais-de-r3-bi-em-dez-anos-no-rn-aponta-sedec\/#primaryimage","url":"https:\/\/deputadotaveirajr.com.br\/wp-content\/uploads\/2024\/12\/minerios-NZcg2f.jpeg","contentUrl":"https:\/\/deputadotaveirajr.com.br\/wp-content\/uploads\/2024\/12\/minerios-NZcg2f.jpeg","width":811,"height":354},{"@type":"BreadcrumbList","@id":"https:\/\/deputadotaveirajr.com.br\/index.php\/setor-de-minerios-movimentou-mais-de-r3-bi-em-dez-anos-no-rn-aponta-sedec\/#breadcrumb","itemListElement":[{"@type":"ListItem","position":1,"name":"In\u00edcio","item":"https:\/\/deputadotaveirajr.com.br\/"},{"@type":"ListItem","position":2,"name":"Setor de min\u00e9rios movimentou mais de R$3 bi em dez anos no RN, aponta Sedec"}]},{"@type":"WebSite","@id":"https:\/\/deputadotaveirajr.com.br\/#website","url":"https:\/\/deputadotaveirajr.com.br\/","name":"Taveira Jr","description":"Deputado Estadual","publisher":{"@id":"https:\/\/deputadotaveirajr.com.br\/#organization"},"potentialAction":[{"@type":"SearchAction","target":{"@type":"EntryPoint","urlTemplate":"https:\/\/deputadotaveirajr.com.br\/?s={search_term_string}"},"query-input":{"@type":"PropertyValueSpecification","valueRequired":true,"valueName":"search_term_string"}}],"inLanguage":"pt-BR"},{"@type":"Organization","@id":"https:\/\/deputadotaveirajr.com.br\/#organization","name":"Taveira Jr","url":"https:\/\/deputadotaveirajr.com.br\/","logo":{"@type":"ImageObject","inLanguage":"pt-BR","@id":"https:\/\/deputadotaveirajr.com.br\/#\/schema\/logo\/image\/","url":"https:\/\/deputadotaveirajr.com.br\/wp-content\/uploads\/2026\/01\/logolow2a.png","contentUrl":"https:\/\/deputadotaveirajr.com.br\/wp-content\/uploads\/2026\/01\/logolow2a.png","width":290,"height":80,"caption":"Taveira Jr"},"image":{"@id":"https:\/\/deputadotaveirajr.com.br\/#\/schema\/logo\/image\/"}}]}},"_links":{"self":[{"href":"https:\/\/deputadotaveirajr.com.br\/index.php\/wp-json\/wp\/v2\/pages\/11514","targetHints":{"allow":["GET"]}}],"collection":[{"href":"https:\/\/deputadotaveirajr.com.br\/index.php\/wp-json\/wp\/v2\/pages"}],"about":[{"href":"https:\/\/deputadotaveirajr.com.br\/index.php\/wp-json\/wp\/v2\/types\/page"}],"replies":[{"embeddable":true,"href":"https:\/\/deputadotaveirajr.com.br\/index.php\/wp-json\/wp\/v2\/comments?post=11514"}],"version-history":[{"count":0,"href":"https:\/\/deputadotaveirajr.com.br\/index.php\/wp-json\/wp\/v2\/pages\/11514\/revisions"}],"wp:featuredmedia":[{"embeddable":true,"href":"https:\/\/deputadotaveirajr.com.br\/index.php\/wp-json\/wp\/v2\/media\/11515"}],"wp:attachment":[{"href":"https:\/\/deputadotaveirajr.com.br\/index.php\/wp-json\/wp\/v2\/media?parent=11514"}],"curies":[{"name":"wp","href":"https:\/\/api.w.org\/{rel}","templated":true}]}}