{"id":11520,"date":"2024-11-30T09:27:28","date_gmt":"2024-11-30T12:27:28","guid":{"rendered":"https:\/\/deputadotaveirajr.com.br\/index.php\/torcedores-de-america-rn-e-abc-se-envolvem-em-confusao-durante-jogo-de-fut7-em-natal-e-carros-sao-depredados\/"},"modified":"2024-11-30T09:27:28","modified_gmt":"2024-11-30T12:27:28","slug":"torcedores-de-america-rn-e-abc-se-envolvem-em-confusao-durante-jogo-de-fut7-em-natal-e-carros-sao-depredados","status":"publish","type":"page","link":"https:\/\/deputadotaveirajr.com.br\/index.php\/torcedores-de-america-rn-e-abc-se-envolvem-em-confusao-durante-jogo-de-fut7-em-natal-e-carros-sao-depredados\/","title":{"rendered":"Torcedores de Am\u00e9rica-RN e ABC se envolvem em confus\u00e3o durante jogo de fut7 em Natal e carros s\u00e3o depredados"},"content":{"rendered":"<p>     Roj\u00f5es e pedras foram atirados em confronto, e jogo em arena localizada na Zona Sul da capital potiguar foi suspenso. Ningu\u00e9m foi detido. Torcedores de Am\u00e9rica-RN e ABC se envolvem em confus\u00e3o durante jogo de fut7 em Natal<br \/>\nTorcedores de Am\u00e9rica-RN e ABC entraram em confronto na noite de sexta-feira (29), durante uma partida v\u00e1lida pela semifinal da Copa Metropolitano de Futebol 7. Pedras, bombas caseiras e roj\u00f5es foram atirados durante a confus\u00e3o em uma arena de futebol society localizada no bairro Nova Descoberta, na Zona Sul de Natal. A partida foi suspensa.<br \/>\n\ud83d\udcf3Participe do canal do g1 RN no WhatsApp<br \/>\nTorcedores de Am\u00e9rica-RN e ABC se envolvem em confus\u00e3o em Natal<br \/>\nReprodu\u00e7\u00e3o<br \/>\nCarros que estavam estacionados na rua foram depredados e tiveram os para-brisas quebrados. N\u00e3o havia policiamento no local.<br \/>\nEm nota, a Pol\u00edcia Militar informou que, ao tomar conhecimento da ocorr\u00eancia, uma viatura foi \u00e0 arena e dispersou a confus\u00e3o. Ningu\u00e9m foi detido. Um homem que teve o rosto ferido foi atendido pelo socorrista da competi\u00e7\u00e3o.<br \/>\nCarros foram depredados durante confus\u00e3o entre torcedores de Am\u00e9rica-RN e ABC<br \/>\nRedes sociais<br \/>\nTorcedores de Am\u00e9rica-RN e ABC entram em confronto em Natal<br \/>\nSegundo o propriet\u00e1rio do espa\u00e7o e diretor da Liga Norte-rio-grandense de Futebol 7 (LNF7), a entrada da arena estava sendo controlada, com seguran\u00e7a particular.<br \/>\nNo local, havia mais torcedores do Am\u00e9rica, al\u00e9m das fam\u00edlias dos jogadores, com mulheres e crian\u00e7as.<br \/>\nA confus\u00e3o teria iniciado com a chegada de torcedores do ABC, com ataque de roj\u00f5es para a \u00e1rea interna da arena. Os torcedores do Am\u00e9rica se dirigiram ao port\u00e3o e revidaram com pedras. V\u00eddeos que circularam nas redes sociais mostram as cenas de vandalismo. O tumulto interrompeu o jogo &#8211; que estava 1 a 1.<br \/>\n&#8220;Foram cenas realmente de terror, mulheres passando mal, os atletas tentando proteger de todas as formas seus filhos para n\u00e3o se machucarem&#8221;, relatou um dos treinadores.<br \/>\nTorcedores de Am\u00e9rica-RN e ABC se envolvem em confus\u00e3o em Natal<br \/>\nS\u00e9rgio Henrique Santos\/Inter TV Cabugi<br \/>\nNa manh\u00e3 deste s\u00e1bado, moradores da regi\u00e3o relataram os momentos de p\u00e2nico vividos por conta da confus\u00e3o. &#8220;Cena de guerra&#8221;, contou um.<br \/>\nEm frente \u00e0 arena, foi poss\u00edvel encontrar na rua os estilha\u00e7os de vidro dos carros e os roj\u00f5es utilizados durante a briga das torcidas.<br \/>\nVeja os v\u00eddeos mais assistidos do g1 RN<br \/>\n&#8220;Foram cenas realmente de terror, mulheres passando mal, os atletas tentando proteger de todas as formas seus filhos para n\u00e3o se machucarem&#8221; .<\/p>","protected":false},"excerpt":{"rendered":"<p>Roj\u00f5es e pedras foram atirados em confronto, e jogo em arena localizada na Zona Sul da capital potiguar foi suspenso. Ningu\u00e9m foi detido. Torcedores de Am\u00e9rica-RN e ABC se envolvem &#8230;<\/p>\n","protected":false},"author":0,"featured_media":11521,"parent":0,"menu_order":0,"comment_status":"closed","ping_status":"closed","template":"","meta":{"footnotes":""},"class_list":["post-11520","page","type-page","status-publish","has-post-thumbnail","hentry"],"yoast_head":"<!-- This site is optimized with the Yoast SEO plugin v27.1.1 - https:\/\/yoast.com\/product\/yoast-seo-wordpress\/ -->\n<title>Torcedores de Am\u00e9rica-RN e ABC se envolvem em confus\u00e3o durante jogo de fut7 em Natal e carros s\u00e3o depredados - Taveira Jr<\/title>\n<meta name=\"robots\" content=\"index, follow, max-snippet:-1, max-image-preview:large, max-video-preview:-1\" \/>\n<link rel=\"canonical\" href=\"https:\/\/deputadotaveirajr.com.br\/index.php\/torcedores-de-america-rn-e-abc-se-envolvem-em-confusao-durante-jogo-de-fut7-em-natal-e-carros-sao-depredados\/\" \/>\n<meta property=\"og:locale\" content=\"pt_BR\" \/>\n<meta property=\"og:type\" content=\"article\" \/>\n<meta property=\"og:title\" content=\"Torcedores de Am\u00e9rica-RN e ABC se envolvem em confus\u00e3o durante jogo de fut7 em Natal e carros s\u00e3o depredados - Taveira Jr\" \/>\n<meta property=\"og:description\" content=\"Roj\u00f5es e pedras foram atirados em confronto, e jogo em arena localizada na Zona Sul da capital potiguar foi suspenso. Ningu\u00e9m foi detido. Torcedores de Am\u00e9rica-RN e ABC se envolvem ...\" \/>\n<meta property=\"og:url\" content=\"https:\/\/deputadotaveirajr.com.br\/index.php\/torcedores-de-america-rn-e-abc-se-envolvem-em-confusao-durante-jogo-de-fut7-em-natal-e-carros-sao-depredados\/\" \/>\n<meta property=\"og:site_name\" content=\"Taveira Jr\" \/>\n<meta name=\"twitter:card\" content=\"summary_large_image\" \/>\n<meta name=\"twitter:label1\" content=\"Est. tempo de leitura\" \/>\n\t<meta name=\"twitter:data1\" content=\"2 minutos\" \/>\n<script type=\"application\/ld+json\" class=\"yoast-schema-graph\">{\"@context\":\"https:\/\/schema.org\",\"@graph\":[{\"@type\":\"WebPage\",\"@id\":\"https:\/\/deputadotaveirajr.com.br\/index.php\/torcedores-de-america-rn-e-abc-se-envolvem-em-confusao-durante-jogo-de-fut7-em-natal-e-carros-sao-depredados\/\",\"url\":\"https:\/\/deputadotaveirajr.com.br\/index.php\/torcedores-de-america-rn-e-abc-se-envolvem-em-confusao-durante-jogo-de-fut7-em-natal-e-carros-sao-depredados\/\",\"name\":\"Torcedores de Am\u00e9rica-RN e ABC se envolvem em confus\u00e3o durante jogo de fut7 em Natal e carros s\u00e3o depredados - Taveira Jr\",\"isPartOf\":{\"@id\":\"https:\/\/deputadotaveirajr.com.br\/#website\"},\"primaryImageOfPage\":{\"@id\":\"https:\/\/deputadotaveirajr.com.br\/index.php\/torcedores-de-america-rn-e-abc-se-envolvem-em-confusao-durante-jogo-de-fut7-em-natal-e-carros-sao-depredados\/#primaryimage\"},\"image\":{\"@id\":\"https:\/\/deputadotaveirajr.com.br\/index.php\/torcedores-de-america-rn-e-abc-se-envolvem-em-confusao-durante-jogo-de-fut7-em-natal-e-carros-sao-depredados\/#primaryimage\"},\"thumbnailUrl\":\"https:\/\/deputadotaveirajr.com.br\/wp-content\/uploads\/2024\/11\/briga-de-torcidas-02-JsNUIK.jpeg\",\"datePublished\":\"2024-11-30T12:27:28+00:00\",\"breadcrumb\":{\"@id\":\"https:\/\/deputadotaveirajr.com.br\/index.php\/torcedores-de-america-rn-e-abc-se-envolvem-em-confusao-durante-jogo-de-fut7-em-natal-e-carros-sao-depredados\/#breadcrumb\"},\"inLanguage\":\"pt-BR\",\"potentialAction\":[{\"@type\":\"ReadAction\",\"target\":[\"https:\/\/deputadotaveirajr.com.br\/index.php\/torcedores-de-america-rn-e-abc-se-envolvem-em-confusao-durante-jogo-de-fut7-em-natal-e-carros-sao-depredados\/\"]}]},{\"@type\":\"ImageObject\",\"inLanguage\":\"pt-BR\",\"@id\":\"https:\/\/deputadotaveirajr.com.br\/index.php\/torcedores-de-america-rn-e-abc-se-envolvem-em-confusao-durante-jogo-de-fut7-em-natal-e-carros-sao-depredados\/#primaryimage\",\"url\":\"https:\/\/deputadotaveirajr.com.br\/wp-content\/uploads\/2024\/11\/briga-de-torcidas-02-JsNUIK.jpeg\",\"contentUrl\":\"https:\/\/deputadotaveirajr.com.br\/wp-content\/uploads\/2024\/11\/briga-de-torcidas-02-JsNUIK.jpeg\",\"width\":828,\"height\":542},{\"@type\":\"BreadcrumbList\",\"@id\":\"https:\/\/deputadotaveirajr.com.br\/index.php\/torcedores-de-america-rn-e-abc-se-envolvem-em-confusao-durante-jogo-de-fut7-em-natal-e-carros-sao-depredados\/#breadcrumb\",\"itemListElement\":[{\"@type\":\"ListItem\",\"position\":1,\"name\":\"In\u00edcio\",\"item\":\"https:\/\/deputadotaveirajr.com.br\/\"},{\"@type\":\"ListItem\",\"position\":2,\"name\":\"Torcedores de Am\u00e9rica-RN e ABC se envolvem em confus\u00e3o durante jogo de fut7 em Natal e carros s\u00e3o depredados\"}]},{\"@type\":\"WebSite\",\"@id\":\"https:\/\/deputadotaveirajr.com.br\/#website\",\"url\":\"https:\/\/deputadotaveirajr.com.br\/\",\"name\":\"Taveira Jr\",\"description\":\"Deputado Estadual\",\"publisher\":{\"@id\":\"https:\/\/deputadotaveirajr.com.br\/#organization\"},\"potentialAction\":[{\"@type\":\"SearchAction\",\"target\":{\"@type\":\"EntryPoint\",\"urlTemplate\":\"https:\/\/deputadotaveirajr.com.br\/?s={search_term_string}\"},\"query-input\":{\"@type\":\"PropertyValueSpecification\",\"valueRequired\":true,\"valueName\":\"search_term_string\"}}],\"inLanguage\":\"pt-BR\"},{\"@type\":\"Organization\",\"@id\":\"https:\/\/deputadotaveirajr.com.br\/#organization\",\"name\":\"Taveira Jr\",\"url\":\"https:\/\/deputadotaveirajr.com.br\/\",\"logo\":{\"@type\":\"ImageObject\",\"inLanguage\":\"pt-BR\",\"@id\":\"https:\/\/deputadotaveirajr.com.br\/#\/schema\/logo\/image\/\",\"url\":\"https:\/\/deputadotaveirajr.com.br\/wp-content\/uploads\/2026\/01\/logolow2a.png\",\"contentUrl\":\"https:\/\/deputadotaveirajr.com.br\/wp-content\/uploads\/2026\/01\/logolow2a.png\",\"width\":290,\"height\":80,\"caption\":\"Taveira Jr\"},\"image\":{\"@id\":\"https:\/\/deputadotaveirajr.com.br\/#\/schema\/logo\/image\/\"}}]}<\/script>\n<!-- \/ Yoast SEO plugin. -->","yoast_head_json":{"title":"Torcedores de Am\u00e9rica-RN e ABC se envolvem em confus\u00e3o durante jogo de fut7 em Natal e carros s\u00e3o depredados - Taveira Jr","robots":{"index":"index","follow":"follow","max-snippet":"max-snippet:-1","max-image-preview":"max-image-preview:large","max-video-preview":"max-video-preview:-1"},"canonical":"https:\/\/deputadotaveirajr.com.br\/index.php\/torcedores-de-america-rn-e-abc-se-envolvem-em-confusao-durante-jogo-de-fut7-em-natal-e-carros-sao-depredados\/","og_locale":"pt_BR","og_type":"article","og_title":"Torcedores de Am\u00e9rica-RN e ABC se envolvem em confus\u00e3o durante jogo de fut7 em Natal e carros s\u00e3o depredados - Taveira Jr","og_description":"Roj\u00f5es e pedras foram atirados em confronto, e jogo em arena localizada na Zona Sul da capital potiguar foi suspenso. Ningu\u00e9m foi detido. Torcedores de Am\u00e9rica-RN e ABC se envolvem ...","og_url":"https:\/\/deputadotaveirajr.com.br\/index.php\/torcedores-de-america-rn-e-abc-se-envolvem-em-confusao-durante-jogo-de-fut7-em-natal-e-carros-sao-depredados\/","og_site_name":"Taveira Jr","twitter_card":"summary_large_image","twitter_misc":{"Est. tempo de leitura":"2 minutos"},"schema":{"@context":"https:\/\/schema.org","@graph":[{"@type":"WebPage","@id":"https:\/\/deputadotaveirajr.com.br\/index.php\/torcedores-de-america-rn-e-abc-se-envolvem-em-confusao-durante-jogo-de-fut7-em-natal-e-carros-sao-depredados\/","url":"https:\/\/deputadotaveirajr.com.br\/index.php\/torcedores-de-america-rn-e-abc-se-envolvem-em-confusao-durante-jogo-de-fut7-em-natal-e-carros-sao-depredados\/","name":"Torcedores de Am\u00e9rica-RN e ABC se envolvem em confus\u00e3o durante jogo de fut7 em Natal e carros s\u00e3o depredados - Taveira Jr","isPartOf":{"@id":"https:\/\/deputadotaveirajr.com.br\/#website"},"primaryImageOfPage":{"@id":"https:\/\/deputadotaveirajr.com.br\/index.php\/torcedores-de-america-rn-e-abc-se-envolvem-em-confusao-durante-jogo-de-fut7-em-natal-e-carros-sao-depredados\/#primaryimage"},"image":{"@id":"https:\/\/deputadotaveirajr.com.br\/index.php\/torcedores-de-america-rn-e-abc-se-envolvem-em-confusao-durante-jogo-de-fut7-em-natal-e-carros-sao-depredados\/#primaryimage"},"thumbnailUrl":"https:\/\/deputadotaveirajr.com.br\/wp-content\/uploads\/2024\/11\/briga-de-torcidas-02-JsNUIK.jpeg","datePublished":"2024-11-30T12:27:28+00:00","breadcrumb":{"@id":"https:\/\/deputadotaveirajr.com.br\/index.php\/torcedores-de-america-rn-e-abc-se-envolvem-em-confusao-durante-jogo-de-fut7-em-natal-e-carros-sao-depredados\/#breadcrumb"},"inLanguage":"pt-BR","potentialAction":[{"@type":"ReadAction","target":["https:\/\/deputadotaveirajr.com.br\/index.php\/torcedores-de-america-rn-e-abc-se-envolvem-em-confusao-durante-jogo-de-fut7-em-natal-e-carros-sao-depredados\/"]}]},{"@type":"ImageObject","inLanguage":"pt-BR","@id":"https:\/\/deputadotaveirajr.com.br\/index.php\/torcedores-de-america-rn-e-abc-se-envolvem-em-confusao-durante-jogo-de-fut7-em-natal-e-carros-sao-depredados\/#primaryimage","url":"https:\/\/deputadotaveirajr.com.br\/wp-content\/uploads\/2024\/11\/briga-de-torcidas-02-JsNUIK.jpeg","contentUrl":"https:\/\/deputadotaveirajr.com.br\/wp-content\/uploads\/2024\/11\/briga-de-torcidas-02-JsNUIK.jpeg","width":828,"height":542},{"@type":"BreadcrumbList","@id":"https:\/\/deputadotaveirajr.com.br\/index.php\/torcedores-de-america-rn-e-abc-se-envolvem-em-confusao-durante-jogo-de-fut7-em-natal-e-carros-sao-depredados\/#breadcrumb","itemListElement":[{"@type":"ListItem","position":1,"name":"In\u00edcio","item":"https:\/\/deputadotaveirajr.com.br\/"},{"@type":"ListItem","position":2,"name":"Torcedores de Am\u00e9rica-RN e ABC se envolvem em confus\u00e3o durante jogo de fut7 em Natal e carros s\u00e3o depredados"}]},{"@type":"WebSite","@id":"https:\/\/deputadotaveirajr.com.br\/#website","url":"https:\/\/deputadotaveirajr.com.br\/","name":"Taveira Jr","description":"Deputado Estadual","publisher":{"@id":"https:\/\/deputadotaveirajr.com.br\/#organization"},"potentialAction":[{"@type":"SearchAction","target":{"@type":"EntryPoint","urlTemplate":"https:\/\/deputadotaveirajr.com.br\/?s={search_term_string}"},"query-input":{"@type":"PropertyValueSpecification","valueRequired":true,"valueName":"search_term_string"}}],"inLanguage":"pt-BR"},{"@type":"Organization","@id":"https:\/\/deputadotaveirajr.com.br\/#organization","name":"Taveira Jr","url":"https:\/\/deputadotaveirajr.com.br\/","logo":{"@type":"ImageObject","inLanguage":"pt-BR","@id":"https:\/\/deputadotaveirajr.com.br\/#\/schema\/logo\/image\/","url":"https:\/\/deputadotaveirajr.com.br\/wp-content\/uploads\/2026\/01\/logolow2a.png","contentUrl":"https:\/\/deputadotaveirajr.com.br\/wp-content\/uploads\/2026\/01\/logolow2a.png","width":290,"height":80,"caption":"Taveira Jr"},"image":{"@id":"https:\/\/deputadotaveirajr.com.br\/#\/schema\/logo\/image\/"}}]}},"_links":{"self":[{"href":"https:\/\/deputadotaveirajr.com.br\/index.php\/wp-json\/wp\/v2\/pages\/11520","targetHints":{"allow":["GET"]}}],"collection":[{"href":"https:\/\/deputadotaveirajr.com.br\/index.php\/wp-json\/wp\/v2\/pages"}],"about":[{"href":"https:\/\/deputadotaveirajr.com.br\/index.php\/wp-json\/wp\/v2\/types\/page"}],"replies":[{"embeddable":true,"href":"https:\/\/deputadotaveirajr.com.br\/index.php\/wp-json\/wp\/v2\/comments?post=11520"}],"version-history":[{"count":0,"href":"https:\/\/deputadotaveirajr.com.br\/index.php\/wp-json\/wp\/v2\/pages\/11520\/revisions"}],"wp:featuredmedia":[{"embeddable":true,"href":"https:\/\/deputadotaveirajr.com.br\/index.php\/wp-json\/wp\/v2\/media\/11521"}],"wp:attachment":[{"href":"https:\/\/deputadotaveirajr.com.br\/index.php\/wp-json\/wp\/v2\/media?parent=11520"}],"curies":[{"name":"wp","href":"https:\/\/api.w.org\/{rel}","templated":true}]}}