{"id":11524,"date":"2024-12-01T14:56:43","date_gmt":"2024-12-01T17:56:43","guid":{"rendered":"https:\/\/deputadotaveirajr.com.br\/index.php\/regata-encerra-temporada-2024-de-projetos-sociais-do-instituto-navegar-em-natal\/"},"modified":"2024-12-01T14:56:43","modified_gmt":"2024-12-01T17:56:43","slug":"regata-encerra-temporada-2024-de-projetos-sociais-do-instituto-navegar-em-natal","status":"publish","type":"page","link":"https:\/\/deputadotaveirajr.com.br\/index.php\/regata-encerra-temporada-2024-de-projetos-sociais-do-instituto-navegar-em-natal\/","title":{"rendered":"Regata encerra temporada 2024 de projetos sociais do Instituto Navegar em Natal"},"content":{"rendered":"<p>     Instituto utiliza a vela como ferramenta pedag\u00f3gica para jovens em vulnerabilidade socioecon\u00f4mica.  Regata aconteceu neste domingo (1), em Natal.<br \/>\nCedida<br \/>\nA Primeira Regata Esporte e Cidadania do Potengi foi realizada na manh\u00e3 deste domingo (1\u00ba) pelo Instituto Navegar, com largada no Iate Clube de Natal. O evento marcou o encerramento das atividades do Instituto em 2024, reunindo crian\u00e7as e adolescentes atendidos pelo projeto.<br \/>\n\ud83d\udcf3Participe do canal do g1 RN no WhatsApp<br \/>\nVinte crian\u00e7as participaram da regata, vivenciando na pr\u00e1tica os ensinamentos adquiridos na escolinha de vela, que atende semanalmente 32 jovens em situa\u00e7\u00e3o de vulnerabilidade socioecon\u00f4mica das margens do Rio Potengi.<br \/>\nInstituto Navegar<br \/>\nDesde 2017, o Instituto Navegar atua na promo\u00e7\u00e3o da inclus\u00e3o social de crian\u00e7as e adolescentes em situa\u00e7\u00e3o de vulnerabilidade socioecon\u00f4mica nas margens do Rio Potengi, em Natal.<br \/>\nA organiza\u00e7\u00e3o sem fins lucrativos utiliza o esporte, a educa\u00e7\u00e3o ambiental e o audiovisual como ferramentas para desenvolver compet\u00eancias como pensamento cr\u00edtico, colabora\u00e7\u00e3o e criatividade entre os jovens atendidos.<br \/>\nCom uma equipe composta por volunt\u00e1rios e profissionais especializados, o Instituto beneficia, em m\u00e9dia, 320 crian\u00e7as e adolescentes por ano. Entre as iniciativas, destaca-se a escolinha de vela.<br \/>\nVeja os v\u00eddeos mais assistidos do g1 RN<\/p>","protected":false},"excerpt":{"rendered":"<p>Instituto utiliza a vela como ferramenta pedag\u00f3gica para jovens em vulnerabilidade socioecon\u00f4mica. Regata aconteceu neste domingo (1), em Natal. Cedida A Primeira Regata Esporte e Cidadania do Potengi foi realizada &#8230;<\/p>\n","protected":false},"author":0,"featured_media":11525,"parent":0,"menu_order":0,"comment_status":"closed","ping_status":"closed","template":"","meta":{"footnotes":""},"class_list":["post-11524","page","type-page","status-publish","has-post-thumbnail","hentry"],"yoast_head":"<!-- This site is optimized with the Yoast SEO plugin v27.1.1 - https:\/\/yoast.com\/product\/yoast-seo-wordpress\/ -->\n<title>Regata encerra temporada 2024 de projetos sociais do Instituto Navegar em Natal - Taveira Jr<\/title>\n<meta name=\"robots\" content=\"index, follow, max-snippet:-1, max-image-preview:large, max-video-preview:-1\" \/>\n<link rel=\"canonical\" href=\"https:\/\/deputadotaveirajr.com.br\/index.php\/regata-encerra-temporada-2024-de-projetos-sociais-do-instituto-navegar-em-natal\/\" \/>\n<meta property=\"og:locale\" content=\"pt_BR\" \/>\n<meta property=\"og:type\" content=\"article\" \/>\n<meta property=\"og:title\" content=\"Regata encerra temporada 2024 de projetos sociais do Instituto Navegar em Natal - Taveira Jr\" \/>\n<meta property=\"og:description\" content=\"Instituto utiliza a vela como ferramenta pedag\u00f3gica para jovens em vulnerabilidade socioecon\u00f4mica. Regata aconteceu neste domingo (1), em Natal. Cedida A Primeira Regata Esporte e Cidadania do Potengi foi realizada ...\" \/>\n<meta property=\"og:url\" content=\"https:\/\/deputadotaveirajr.com.br\/index.php\/regata-encerra-temporada-2024-de-projetos-sociais-do-instituto-navegar-em-natal\/\" \/>\n<meta property=\"og:site_name\" content=\"Taveira Jr\" \/>\n<meta name=\"twitter:card\" content=\"summary_large_image\" \/>\n<meta name=\"twitter:label1\" content=\"Est. tempo de leitura\" \/>\n\t<meta name=\"twitter:data1\" content=\"1 minuto\" \/>\n<script type=\"application\/ld+json\" class=\"yoast-schema-graph\">{\"@context\":\"https:\/\/schema.org\",\"@graph\":[{\"@type\":\"WebPage\",\"@id\":\"https:\/\/deputadotaveirajr.com.br\/index.php\/regata-encerra-temporada-2024-de-projetos-sociais-do-instituto-navegar-em-natal\/\",\"url\":\"https:\/\/deputadotaveirajr.com.br\/index.php\/regata-encerra-temporada-2024-de-projetos-sociais-do-instituto-navegar-em-natal\/\",\"name\":\"Regata encerra temporada 2024 de projetos sociais do Instituto Navegar em Natal - Taveira Jr\",\"isPartOf\":{\"@id\":\"https:\/\/deputadotaveirajr.com.br\/#website\"},\"primaryImageOfPage\":{\"@id\":\"https:\/\/deputadotaveirajr.com.br\/index.php\/regata-encerra-temporada-2024-de-projetos-sociais-do-instituto-navegar-em-natal\/#primaryimage\"},\"image\":{\"@id\":\"https:\/\/deputadotaveirajr.com.br\/index.php\/regata-encerra-temporada-2024-de-projetos-sociais-do-instituto-navegar-em-natal\/#primaryimage\"},\"thumbnailUrl\":\"https:\/\/deputadotaveirajr.com.br\/wp-content\/uploads\/2024\/12\/whatsapp-image-2024-12-01-at-13.09.24-HfDBnd-scaled.jpeg\",\"datePublished\":\"2024-12-01T17:56:43+00:00\",\"breadcrumb\":{\"@id\":\"https:\/\/deputadotaveirajr.com.br\/index.php\/regata-encerra-temporada-2024-de-projetos-sociais-do-instituto-navegar-em-natal\/#breadcrumb\"},\"inLanguage\":\"pt-BR\",\"potentialAction\":[{\"@type\":\"ReadAction\",\"target\":[\"https:\/\/deputadotaveirajr.com.br\/index.php\/regata-encerra-temporada-2024-de-projetos-sociais-do-instituto-navegar-em-natal\/\"]}]},{\"@type\":\"ImageObject\",\"inLanguage\":\"pt-BR\",\"@id\":\"https:\/\/deputadotaveirajr.com.br\/index.php\/regata-encerra-temporada-2024-de-projetos-sociais-do-instituto-navegar-em-natal\/#primaryimage\",\"url\":\"https:\/\/deputadotaveirajr.com.br\/wp-content\/uploads\/2024\/12\/whatsapp-image-2024-12-01-at-13.09.24-HfDBnd-scaled.jpeg\",\"contentUrl\":\"https:\/\/deputadotaveirajr.com.br\/wp-content\/uploads\/2024\/12\/whatsapp-image-2024-12-01-at-13.09.24-HfDBnd-scaled.jpeg\",\"width\":1920,\"height\":2560},{\"@type\":\"BreadcrumbList\",\"@id\":\"https:\/\/deputadotaveirajr.com.br\/index.php\/regata-encerra-temporada-2024-de-projetos-sociais-do-instituto-navegar-em-natal\/#breadcrumb\",\"itemListElement\":[{\"@type\":\"ListItem\",\"position\":1,\"name\":\"In\u00edcio\",\"item\":\"https:\/\/deputadotaveirajr.com.br\/\"},{\"@type\":\"ListItem\",\"position\":2,\"name\":\"Regata encerra temporada 2024 de projetos sociais do Instituto Navegar em Natal\"}]},{\"@type\":\"WebSite\",\"@id\":\"https:\/\/deputadotaveirajr.com.br\/#website\",\"url\":\"https:\/\/deputadotaveirajr.com.br\/\",\"name\":\"Taveira Jr\",\"description\":\"Deputado Estadual\",\"publisher\":{\"@id\":\"https:\/\/deputadotaveirajr.com.br\/#organization\"},\"potentialAction\":[{\"@type\":\"SearchAction\",\"target\":{\"@type\":\"EntryPoint\",\"urlTemplate\":\"https:\/\/deputadotaveirajr.com.br\/?s={search_term_string}\"},\"query-input\":{\"@type\":\"PropertyValueSpecification\",\"valueRequired\":true,\"valueName\":\"search_term_string\"}}],\"inLanguage\":\"pt-BR\"},{\"@type\":\"Organization\",\"@id\":\"https:\/\/deputadotaveirajr.com.br\/#organization\",\"name\":\"Taveira Jr\",\"url\":\"https:\/\/deputadotaveirajr.com.br\/\",\"logo\":{\"@type\":\"ImageObject\",\"inLanguage\":\"pt-BR\",\"@id\":\"https:\/\/deputadotaveirajr.com.br\/#\/schema\/logo\/image\/\",\"url\":\"https:\/\/deputadotaveirajr.com.br\/wp-content\/uploads\/2026\/01\/logolow2a.png\",\"contentUrl\":\"https:\/\/deputadotaveirajr.com.br\/wp-content\/uploads\/2026\/01\/logolow2a.png\",\"width\":290,\"height\":80,\"caption\":\"Taveira Jr\"},\"image\":{\"@id\":\"https:\/\/deputadotaveirajr.com.br\/#\/schema\/logo\/image\/\"}}]}<\/script>\n<!-- \/ Yoast SEO plugin. -->","yoast_head_json":{"title":"Regata encerra temporada 2024 de projetos sociais do Instituto Navegar em Natal - Taveira Jr","robots":{"index":"index","follow":"follow","max-snippet":"max-snippet:-1","max-image-preview":"max-image-preview:large","max-video-preview":"max-video-preview:-1"},"canonical":"https:\/\/deputadotaveirajr.com.br\/index.php\/regata-encerra-temporada-2024-de-projetos-sociais-do-instituto-navegar-em-natal\/","og_locale":"pt_BR","og_type":"article","og_title":"Regata encerra temporada 2024 de projetos sociais do Instituto Navegar em Natal - Taveira Jr","og_description":"Instituto utiliza a vela como ferramenta pedag\u00f3gica para jovens em vulnerabilidade socioecon\u00f4mica. Regata aconteceu neste domingo (1), em Natal. Cedida A Primeira Regata Esporte e Cidadania do Potengi foi realizada ...","og_url":"https:\/\/deputadotaveirajr.com.br\/index.php\/regata-encerra-temporada-2024-de-projetos-sociais-do-instituto-navegar-em-natal\/","og_site_name":"Taveira Jr","twitter_card":"summary_large_image","twitter_misc":{"Est. tempo de leitura":"1 minuto"},"schema":{"@context":"https:\/\/schema.org","@graph":[{"@type":"WebPage","@id":"https:\/\/deputadotaveirajr.com.br\/index.php\/regata-encerra-temporada-2024-de-projetos-sociais-do-instituto-navegar-em-natal\/","url":"https:\/\/deputadotaveirajr.com.br\/index.php\/regata-encerra-temporada-2024-de-projetos-sociais-do-instituto-navegar-em-natal\/","name":"Regata encerra temporada 2024 de projetos sociais do Instituto Navegar em Natal - Taveira Jr","isPartOf":{"@id":"https:\/\/deputadotaveirajr.com.br\/#website"},"primaryImageOfPage":{"@id":"https:\/\/deputadotaveirajr.com.br\/index.php\/regata-encerra-temporada-2024-de-projetos-sociais-do-instituto-navegar-em-natal\/#primaryimage"},"image":{"@id":"https:\/\/deputadotaveirajr.com.br\/index.php\/regata-encerra-temporada-2024-de-projetos-sociais-do-instituto-navegar-em-natal\/#primaryimage"},"thumbnailUrl":"https:\/\/deputadotaveirajr.com.br\/wp-content\/uploads\/2024\/12\/whatsapp-image-2024-12-01-at-13.09.24-HfDBnd-scaled.jpeg","datePublished":"2024-12-01T17:56:43+00:00","breadcrumb":{"@id":"https:\/\/deputadotaveirajr.com.br\/index.php\/regata-encerra-temporada-2024-de-projetos-sociais-do-instituto-navegar-em-natal\/#breadcrumb"},"inLanguage":"pt-BR","potentialAction":[{"@type":"ReadAction","target":["https:\/\/deputadotaveirajr.com.br\/index.php\/regata-encerra-temporada-2024-de-projetos-sociais-do-instituto-navegar-em-natal\/"]}]},{"@type":"ImageObject","inLanguage":"pt-BR","@id":"https:\/\/deputadotaveirajr.com.br\/index.php\/regata-encerra-temporada-2024-de-projetos-sociais-do-instituto-navegar-em-natal\/#primaryimage","url":"https:\/\/deputadotaveirajr.com.br\/wp-content\/uploads\/2024\/12\/whatsapp-image-2024-12-01-at-13.09.24-HfDBnd-scaled.jpeg","contentUrl":"https:\/\/deputadotaveirajr.com.br\/wp-content\/uploads\/2024\/12\/whatsapp-image-2024-12-01-at-13.09.24-HfDBnd-scaled.jpeg","width":1920,"height":2560},{"@type":"BreadcrumbList","@id":"https:\/\/deputadotaveirajr.com.br\/index.php\/regata-encerra-temporada-2024-de-projetos-sociais-do-instituto-navegar-em-natal\/#breadcrumb","itemListElement":[{"@type":"ListItem","position":1,"name":"In\u00edcio","item":"https:\/\/deputadotaveirajr.com.br\/"},{"@type":"ListItem","position":2,"name":"Regata encerra temporada 2024 de projetos sociais do Instituto Navegar em Natal"}]},{"@type":"WebSite","@id":"https:\/\/deputadotaveirajr.com.br\/#website","url":"https:\/\/deputadotaveirajr.com.br\/","name":"Taveira Jr","description":"Deputado Estadual","publisher":{"@id":"https:\/\/deputadotaveirajr.com.br\/#organization"},"potentialAction":[{"@type":"SearchAction","target":{"@type":"EntryPoint","urlTemplate":"https:\/\/deputadotaveirajr.com.br\/?s={search_term_string}"},"query-input":{"@type":"PropertyValueSpecification","valueRequired":true,"valueName":"search_term_string"}}],"inLanguage":"pt-BR"},{"@type":"Organization","@id":"https:\/\/deputadotaveirajr.com.br\/#organization","name":"Taveira Jr","url":"https:\/\/deputadotaveirajr.com.br\/","logo":{"@type":"ImageObject","inLanguage":"pt-BR","@id":"https:\/\/deputadotaveirajr.com.br\/#\/schema\/logo\/image\/","url":"https:\/\/deputadotaveirajr.com.br\/wp-content\/uploads\/2026\/01\/logolow2a.png","contentUrl":"https:\/\/deputadotaveirajr.com.br\/wp-content\/uploads\/2026\/01\/logolow2a.png","width":290,"height":80,"caption":"Taveira Jr"},"image":{"@id":"https:\/\/deputadotaveirajr.com.br\/#\/schema\/logo\/image\/"}}]}},"_links":{"self":[{"href":"https:\/\/deputadotaveirajr.com.br\/index.php\/wp-json\/wp\/v2\/pages\/11524","targetHints":{"allow":["GET"]}}],"collection":[{"href":"https:\/\/deputadotaveirajr.com.br\/index.php\/wp-json\/wp\/v2\/pages"}],"about":[{"href":"https:\/\/deputadotaveirajr.com.br\/index.php\/wp-json\/wp\/v2\/types\/page"}],"replies":[{"embeddable":true,"href":"https:\/\/deputadotaveirajr.com.br\/index.php\/wp-json\/wp\/v2\/comments?post=11524"}],"version-history":[{"count":0,"href":"https:\/\/deputadotaveirajr.com.br\/index.php\/wp-json\/wp\/v2\/pages\/11524\/revisions"}],"wp:featuredmedia":[{"embeddable":true,"href":"https:\/\/deputadotaveirajr.com.br\/index.php\/wp-json\/wp\/v2\/media\/11525"}],"wp:attachment":[{"href":"https:\/\/deputadotaveirajr.com.br\/index.php\/wp-json\/wp\/v2\/media?parent=11524"}],"curies":[{"name":"wp","href":"https:\/\/api.w.org\/{rel}","templated":true}]}}