{"id":11526,"date":"2024-12-02T08:20:56","date_gmt":"2024-12-02T11:20:56","guid":{"rendered":"https:\/\/deputadotaveirajr.com.br\/index.php\/natal-em-natal-arvore-de-mirassol-sera-acesa-nesta-segunda-feira-2\/"},"modified":"2024-12-02T08:20:56","modified_gmt":"2024-12-02T11:20:56","slug":"natal-em-natal-arvore-de-mirassol-sera-acesa-nesta-segunda-feira-2","status":"publish","type":"page","link":"https:\/\/deputadotaveirajr.com.br\/index.php\/natal-em-natal-arvore-de-mirassol-sera-acesa-nesta-segunda-feira-2\/","title":{"rendered":"Natal em Natal: \u00c1rvore de Mirassol ser\u00e1 acesa nesta segunda-feira (2)"},"content":{"rendered":"<p>     Estrutura com 110 metros foi vista em testes durante o fim de semana. Prefeitura tamb\u00e9m vai inaugurar loja Natal Original, na Pra\u00e7a da \u00c1rvore. \u00c1rvore de Mirassol vista em teste durante o fim de semana em Natal. Imagens: Kleber Teixeira<br \/>\nO mais tradicional s\u00edmbolo do per\u00edodo natalino em Natal, a \u00c1rvore de Mirassol ser\u00e1 acesa nesta segunda-feira (2), segundo anunciou a Prefeitura de Natal.<br \/>\nA \u00e1rvore tem 110 metros e \u00e9 uma das maiores decora\u00e7\u00f5es do tipo no pa\u00eds. Ela \u00e9 acesa anualmente na pra\u00e7a de Mirassol, no bairro Capim Macio, na Zona Sul de Natal.<br \/>\n\ud83d\udcf3Participe do canal do g1 RN no WhatsApp<br \/>\nDe acordo com a prefeitura, o acendimento da \u00e1rvore dever\u00e1 acontecer \u00e0s 18h40, dentro da programa\u00e7\u00e3o do Natal em Natal 2024.<br \/>\n\u00c1rvore de Ponta Negra \u00e9 acesa e marca abertura do Natal em Natal 2024<br \/>\nPrefeitura de Natal anuncia shows de fim de ano e r\u00e9veillon; confira atra\u00e7\u00f5es<br \/>\nAntes, \u00e0s 16h, a prefeitura vai inaugurar a loja Natal Original, tamb\u00e9m na Pra\u00e7a da \u00c1rvore.<br \/>\nApesar de o acendimento oficial acontecer nesta segunda-feira (2), a \u00e1rvore foi vista acesa durante testes realizados no fim de semana.  Veja o v\u00eddeo acima.<br \/>\nAl\u00e9m da cor vermelha, moradores da regi\u00e3o viram a \u00e1rvore em cor azul e com efeito de cascata na cor branca.<br \/>\n\u00c1rvore de Mirassol acesa durante teste realizado no fim de semana em Natal<br \/>\nKleber Teixeira\/Inter TV Cabugi<br \/>\nVeja os v\u00eddeos mais assistidos no g1 RN<\/p>","protected":false},"excerpt":{"rendered":"<p>Estrutura com 110 metros foi vista em testes durante o fim de semana. Prefeitura tamb\u00e9m vai inaugurar loja Natal Original, na Pra\u00e7a da \u00c1rvore. \u00c1rvore de Mirassol vista em teste &#8230;<\/p>\n","protected":false},"author":0,"featured_media":11527,"parent":0,"menu_order":0,"comment_status":"closed","ping_status":"closed","template":"","meta":{"footnotes":""},"class_list":["post-11526","page","type-page","status-publish","has-post-thumbnail","hentry"],"yoast_head":"<!-- This site is optimized with the Yoast SEO plugin v27.1.1 - https:\/\/yoast.com\/product\/yoast-seo-wordpress\/ -->\n<title>Natal em Natal: \u00c1rvore de Mirassol ser\u00e1 acesa nesta segunda-feira (2) - Taveira Jr<\/title>\n<meta name=\"robots\" content=\"index, follow, max-snippet:-1, max-image-preview:large, max-video-preview:-1\" \/>\n<link rel=\"canonical\" href=\"https:\/\/deputadotaveirajr.com.br\/index.php\/natal-em-natal-arvore-de-mirassol-sera-acesa-nesta-segunda-feira-2\/\" \/>\n<meta property=\"og:locale\" content=\"pt_BR\" \/>\n<meta property=\"og:type\" content=\"article\" \/>\n<meta property=\"og:title\" content=\"Natal em Natal: \u00c1rvore de Mirassol ser\u00e1 acesa nesta segunda-feira (2) - Taveira Jr\" \/>\n<meta property=\"og:description\" content=\"Estrutura com 110 metros foi vista em testes durante o fim de semana. Prefeitura tamb\u00e9m vai inaugurar loja Natal Original, na Pra\u00e7a da \u00c1rvore. \u00c1rvore de Mirassol vista em teste ...\" \/>\n<meta property=\"og:url\" content=\"https:\/\/deputadotaveirajr.com.br\/index.php\/natal-em-natal-arvore-de-mirassol-sera-acesa-nesta-segunda-feira-2\/\" \/>\n<meta property=\"og:site_name\" content=\"Taveira Jr\" \/>\n<meta name=\"twitter:card\" content=\"summary_large_image\" \/>\n<meta name=\"twitter:label1\" content=\"Est. tempo de leitura\" \/>\n\t<meta name=\"twitter:data1\" content=\"1 minuto\" \/>\n<script type=\"application\/ld+json\" class=\"yoast-schema-graph\">{\"@context\":\"https:\/\/schema.org\",\"@graph\":[{\"@type\":\"WebPage\",\"@id\":\"https:\/\/deputadotaveirajr.com.br\/index.php\/natal-em-natal-arvore-de-mirassol-sera-acesa-nesta-segunda-feira-2\/\",\"url\":\"https:\/\/deputadotaveirajr.com.br\/index.php\/natal-em-natal-arvore-de-mirassol-sera-acesa-nesta-segunda-feira-2\/\",\"name\":\"Natal em Natal: \u00c1rvore de Mirassol ser\u00e1 acesa nesta segunda-feira (2) - Taveira Jr\",\"isPartOf\":{\"@id\":\"https:\/\/deputadotaveirajr.com.br\/#website\"},\"primaryImageOfPage\":{\"@id\":\"https:\/\/deputadotaveirajr.com.br\/index.php\/natal-em-natal-arvore-de-mirassol-sera-acesa-nesta-segunda-feira-2\/#primaryimage\"},\"image\":{\"@id\":\"https:\/\/deputadotaveirajr.com.br\/index.php\/natal-em-natal-arvore-de-mirassol-sera-acesa-nesta-segunda-feira-2\/#primaryimage\"},\"thumbnailUrl\":\"https:\/\/deputadotaveirajr.com.br\/wp-content\/uploads\/2024\/12\/arvore-de-mirassol-CXzV8E.jpeg\",\"datePublished\":\"2024-12-02T11:20:56+00:00\",\"breadcrumb\":{\"@id\":\"https:\/\/deputadotaveirajr.com.br\/index.php\/natal-em-natal-arvore-de-mirassol-sera-acesa-nesta-segunda-feira-2\/#breadcrumb\"},\"inLanguage\":\"pt-BR\",\"potentialAction\":[{\"@type\":\"ReadAction\",\"target\":[\"https:\/\/deputadotaveirajr.com.br\/index.php\/natal-em-natal-arvore-de-mirassol-sera-acesa-nesta-segunda-feira-2\/\"]}]},{\"@type\":\"ImageObject\",\"inLanguage\":\"pt-BR\",\"@id\":\"https:\/\/deputadotaveirajr.com.br\/index.php\/natal-em-natal-arvore-de-mirassol-sera-acesa-nesta-segunda-feira-2\/#primaryimage\",\"url\":\"https:\/\/deputadotaveirajr.com.br\/wp-content\/uploads\/2024\/12\/arvore-de-mirassol-CXzV8E.jpeg\",\"contentUrl\":\"https:\/\/deputadotaveirajr.com.br\/wp-content\/uploads\/2024\/12\/arvore-de-mirassol-CXzV8E.jpeg\",\"width\":1000,\"height\":621},{\"@type\":\"BreadcrumbList\",\"@id\":\"https:\/\/deputadotaveirajr.com.br\/index.php\/natal-em-natal-arvore-de-mirassol-sera-acesa-nesta-segunda-feira-2\/#breadcrumb\",\"itemListElement\":[{\"@type\":\"ListItem\",\"position\":1,\"name\":\"In\u00edcio\",\"item\":\"https:\/\/deputadotaveirajr.com.br\/\"},{\"@type\":\"ListItem\",\"position\":2,\"name\":\"Natal em Natal: \u00c1rvore de Mirassol ser\u00e1 acesa nesta segunda-feira (2)\"}]},{\"@type\":\"WebSite\",\"@id\":\"https:\/\/deputadotaveirajr.com.br\/#website\",\"url\":\"https:\/\/deputadotaveirajr.com.br\/\",\"name\":\"Taveira Jr\",\"description\":\"Deputado Estadual\",\"publisher\":{\"@id\":\"https:\/\/deputadotaveirajr.com.br\/#organization\"},\"potentialAction\":[{\"@type\":\"SearchAction\",\"target\":{\"@type\":\"EntryPoint\",\"urlTemplate\":\"https:\/\/deputadotaveirajr.com.br\/?s={search_term_string}\"},\"query-input\":{\"@type\":\"PropertyValueSpecification\",\"valueRequired\":true,\"valueName\":\"search_term_string\"}}],\"inLanguage\":\"pt-BR\"},{\"@type\":\"Organization\",\"@id\":\"https:\/\/deputadotaveirajr.com.br\/#organization\",\"name\":\"Taveira Jr\",\"url\":\"https:\/\/deputadotaveirajr.com.br\/\",\"logo\":{\"@type\":\"ImageObject\",\"inLanguage\":\"pt-BR\",\"@id\":\"https:\/\/deputadotaveirajr.com.br\/#\/schema\/logo\/image\/\",\"url\":\"https:\/\/deputadotaveirajr.com.br\/wp-content\/uploads\/2026\/01\/logolow2a.png\",\"contentUrl\":\"https:\/\/deputadotaveirajr.com.br\/wp-content\/uploads\/2026\/01\/logolow2a.png\",\"width\":290,\"height\":80,\"caption\":\"Taveira Jr\"},\"image\":{\"@id\":\"https:\/\/deputadotaveirajr.com.br\/#\/schema\/logo\/image\/\"}}]}<\/script>\n<!-- \/ Yoast SEO plugin. -->","yoast_head_json":{"title":"Natal em Natal: \u00c1rvore de Mirassol ser\u00e1 acesa nesta segunda-feira (2) - Taveira Jr","robots":{"index":"index","follow":"follow","max-snippet":"max-snippet:-1","max-image-preview":"max-image-preview:large","max-video-preview":"max-video-preview:-1"},"canonical":"https:\/\/deputadotaveirajr.com.br\/index.php\/natal-em-natal-arvore-de-mirassol-sera-acesa-nesta-segunda-feira-2\/","og_locale":"pt_BR","og_type":"article","og_title":"Natal em Natal: \u00c1rvore de Mirassol ser\u00e1 acesa nesta segunda-feira (2) - Taveira Jr","og_description":"Estrutura com 110 metros foi vista em testes durante o fim de semana. Prefeitura tamb\u00e9m vai inaugurar loja Natal Original, na Pra\u00e7a da \u00c1rvore. \u00c1rvore de Mirassol vista em teste ...","og_url":"https:\/\/deputadotaveirajr.com.br\/index.php\/natal-em-natal-arvore-de-mirassol-sera-acesa-nesta-segunda-feira-2\/","og_site_name":"Taveira Jr","twitter_card":"summary_large_image","twitter_misc":{"Est. tempo de leitura":"1 minuto"},"schema":{"@context":"https:\/\/schema.org","@graph":[{"@type":"WebPage","@id":"https:\/\/deputadotaveirajr.com.br\/index.php\/natal-em-natal-arvore-de-mirassol-sera-acesa-nesta-segunda-feira-2\/","url":"https:\/\/deputadotaveirajr.com.br\/index.php\/natal-em-natal-arvore-de-mirassol-sera-acesa-nesta-segunda-feira-2\/","name":"Natal em Natal: \u00c1rvore de Mirassol ser\u00e1 acesa nesta segunda-feira (2) - Taveira Jr","isPartOf":{"@id":"https:\/\/deputadotaveirajr.com.br\/#website"},"primaryImageOfPage":{"@id":"https:\/\/deputadotaveirajr.com.br\/index.php\/natal-em-natal-arvore-de-mirassol-sera-acesa-nesta-segunda-feira-2\/#primaryimage"},"image":{"@id":"https:\/\/deputadotaveirajr.com.br\/index.php\/natal-em-natal-arvore-de-mirassol-sera-acesa-nesta-segunda-feira-2\/#primaryimage"},"thumbnailUrl":"https:\/\/deputadotaveirajr.com.br\/wp-content\/uploads\/2024\/12\/arvore-de-mirassol-CXzV8E.jpeg","datePublished":"2024-12-02T11:20:56+00:00","breadcrumb":{"@id":"https:\/\/deputadotaveirajr.com.br\/index.php\/natal-em-natal-arvore-de-mirassol-sera-acesa-nesta-segunda-feira-2\/#breadcrumb"},"inLanguage":"pt-BR","potentialAction":[{"@type":"ReadAction","target":["https:\/\/deputadotaveirajr.com.br\/index.php\/natal-em-natal-arvore-de-mirassol-sera-acesa-nesta-segunda-feira-2\/"]}]},{"@type":"ImageObject","inLanguage":"pt-BR","@id":"https:\/\/deputadotaveirajr.com.br\/index.php\/natal-em-natal-arvore-de-mirassol-sera-acesa-nesta-segunda-feira-2\/#primaryimage","url":"https:\/\/deputadotaveirajr.com.br\/wp-content\/uploads\/2024\/12\/arvore-de-mirassol-CXzV8E.jpeg","contentUrl":"https:\/\/deputadotaveirajr.com.br\/wp-content\/uploads\/2024\/12\/arvore-de-mirassol-CXzV8E.jpeg","width":1000,"height":621},{"@type":"BreadcrumbList","@id":"https:\/\/deputadotaveirajr.com.br\/index.php\/natal-em-natal-arvore-de-mirassol-sera-acesa-nesta-segunda-feira-2\/#breadcrumb","itemListElement":[{"@type":"ListItem","position":1,"name":"In\u00edcio","item":"https:\/\/deputadotaveirajr.com.br\/"},{"@type":"ListItem","position":2,"name":"Natal em Natal: \u00c1rvore de Mirassol ser\u00e1 acesa nesta segunda-feira (2)"}]},{"@type":"WebSite","@id":"https:\/\/deputadotaveirajr.com.br\/#website","url":"https:\/\/deputadotaveirajr.com.br\/","name":"Taveira Jr","description":"Deputado Estadual","publisher":{"@id":"https:\/\/deputadotaveirajr.com.br\/#organization"},"potentialAction":[{"@type":"SearchAction","target":{"@type":"EntryPoint","urlTemplate":"https:\/\/deputadotaveirajr.com.br\/?s={search_term_string}"},"query-input":{"@type":"PropertyValueSpecification","valueRequired":true,"valueName":"search_term_string"}}],"inLanguage":"pt-BR"},{"@type":"Organization","@id":"https:\/\/deputadotaveirajr.com.br\/#organization","name":"Taveira Jr","url":"https:\/\/deputadotaveirajr.com.br\/","logo":{"@type":"ImageObject","inLanguage":"pt-BR","@id":"https:\/\/deputadotaveirajr.com.br\/#\/schema\/logo\/image\/","url":"https:\/\/deputadotaveirajr.com.br\/wp-content\/uploads\/2026\/01\/logolow2a.png","contentUrl":"https:\/\/deputadotaveirajr.com.br\/wp-content\/uploads\/2026\/01\/logolow2a.png","width":290,"height":80,"caption":"Taveira Jr"},"image":{"@id":"https:\/\/deputadotaveirajr.com.br\/#\/schema\/logo\/image\/"}}]}},"_links":{"self":[{"href":"https:\/\/deputadotaveirajr.com.br\/index.php\/wp-json\/wp\/v2\/pages\/11526","targetHints":{"allow":["GET"]}}],"collection":[{"href":"https:\/\/deputadotaveirajr.com.br\/index.php\/wp-json\/wp\/v2\/pages"}],"about":[{"href":"https:\/\/deputadotaveirajr.com.br\/index.php\/wp-json\/wp\/v2\/types\/page"}],"replies":[{"embeddable":true,"href":"https:\/\/deputadotaveirajr.com.br\/index.php\/wp-json\/wp\/v2\/comments?post=11526"}],"version-history":[{"count":0,"href":"https:\/\/deputadotaveirajr.com.br\/index.php\/wp-json\/wp\/v2\/pages\/11526\/revisions"}],"wp:featuredmedia":[{"embeddable":true,"href":"https:\/\/deputadotaveirajr.com.br\/index.php\/wp-json\/wp\/v2\/media\/11527"}],"wp:attachment":[{"href":"https:\/\/deputadotaveirajr.com.br\/index.php\/wp-json\/wp\/v2\/media?parent=11526"}],"curies":[{"name":"wp","href":"https:\/\/api.w.org\/{rel}","templated":true}]}}