{"id":11532,"date":"2024-12-02T12:32:58","date_gmt":"2024-12-02T15:32:58","guid":{"rendered":"https:\/\/deputadotaveirajr.com.br\/index.php\/homem-de-22-anos-e-preso-suspeito-de-matar-a-mae-e-passar-cola-nos-olhos-da-vitima\/"},"modified":"2024-12-02T12:32:58","modified_gmt":"2024-12-02T15:32:58","slug":"homem-de-22-anos-e-preso-suspeito-de-matar-a-mae-e-passar-cola-nos-olhos-da-vitima","status":"publish","type":"page","link":"https:\/\/deputadotaveirajr.com.br\/index.php\/homem-de-22-anos-e-preso-suspeito-de-matar-a-mae-e-passar-cola-nos-olhos-da-vitima\/","title":{"rendered":"Homem de 22 anos \u00e9 preso suspeito de matar a m\u00e3e e passar cola nos olhos da v\u00edtima"},"content":{"rendered":"<p>     Crime aconteceu no s\u00e1bado (30) em Tenente Ananias, na regi\u00e3o Oeste potiguar.  Policial conduz suspeito para dentro de delegacia no Oeste potiguar<br \/>\nReprodu\u00e7\u00e3o<br \/>\nUm homem de 22 anos foi preso na tarde deste domingo (1\u00ba) suspeito de matar a pr\u00f3pria m\u00e3e e colar os olhos da v\u00edtima na zona rural de Tenente Ananias, na regi\u00e3o Oeste potiguar.<br \/>\nAs investiga\u00e7\u00f5es sobre o crime come\u00e7aram na tarde do s\u00e1bado (30), quando a mulher de 44 anos foi encontrada morta com sinais de espancamento.<br \/>\n\ud83d\udcf3Participe do canal do g1 RN no WhatsApp<br \/>\n&#8220;O corpo dela estava cheio de hematomas al\u00e9m de ela ter tido seus olhos colados com uma cola de alta fixa\u00e7\u00e3o&#8221;, afirmou o delegado Carlos Michel, da 8\u00aa Delegacia Regional de Alexandria, respons\u00e1vel pelo caso.<br \/>\nAp\u00f3s a per\u00edcia no local e o retorno para a delegacia, os investigadores constaram que a v\u00edtima tinha se envolvido em uma ocorr\u00eancia policial recentemente, com vizinhos.<br \/>\nEles voltaram ao local do crime na manh\u00e3 do domingo (1\u00ba) e consultaram imagens de uma c\u00e2mera de seguran\u00e7a e identificaram que no dia do crime apenas tr\u00eas familiares visitaram a v\u00edtima: o filho, o pai e um irm\u00e3o.<br \/>\nOs tr\u00eas foram interrogados pelos policiais ao longo da tarde do domingo e novas provas foram colhidas no local.<br \/>\n&#8220;O pai dela deu a informa\u00e7\u00e3o que o filho da v\u00edtima, seu neto, teria ido a um com\u00e9rcio local e adquirido uma cola de alta fixa\u00e7\u00e3o. No local, num lixeiro, foram achados vest\u00edgios de cabelo da v\u00edtima contendo essa cola. E no quarto do filho da v\u00edtima existia uma mala cheia de roupas prontas para viagem, o que evidenciava que ele provavelmente iria fugir&#8221;, disse o delegado.<br \/>\nNa delegacia, o jovem confessou o crime. Segundo a pol\u00edcia, a principal suspeita \u00e9 de que ele tenha matado a m\u00e3e batendo a cabe\u00e7a dela contra o ch\u00e3o.<br \/>\nSegundo a Pol\u00edcia Civil, o jovem confessou o crime, mas a motiva\u00e7\u00e3o n\u00e3o foi informada. Familiares disseram aos investigadores que m\u00e3e e filho j\u00e1 tinham um hist\u00f3rico de intrigas.<br \/>\nA v\u00edtima seguia sem identifica\u00e7\u00e3o oficial do Instituto T\u00e9cnico-Cient\u00edfico de Per\u00edcia. A Pol\u00edcia Civil tamb\u00e9m n\u00e3o divulgou a identidade dela e do suspeito.<br \/>\nVeja os v\u00eddeos mais assistidos no g1 RN<\/p>","protected":false},"excerpt":{"rendered":"<p>Crime aconteceu no s\u00e1bado (30) em Tenente Ananias, na regi\u00e3o Oeste potiguar. Policial conduz suspeito para dentro de delegacia no Oeste potiguar Reprodu\u00e7\u00e3o Um homem de 22 anos foi preso &#8230;<\/p>\n","protected":false},"author":0,"featured_media":11533,"parent":0,"menu_order":0,"comment_status":"closed","ping_status":"closed","template":"","meta":{"footnotes":""},"class_list":["post-11532","page","type-page","status-publish","has-post-thumbnail","hentry"],"yoast_head":"<!-- This site is optimized with the Yoast SEO plugin v27.1.1 - https:\/\/yoast.com\/product\/yoast-seo-wordpress\/ -->\n<title>Homem de 22 anos \u00e9 preso suspeito de matar a m\u00e3e e passar cola nos olhos da v\u00edtima - Taveira Jr<\/title>\n<meta name=\"robots\" content=\"index, follow, max-snippet:-1, max-image-preview:large, max-video-preview:-1\" \/>\n<link rel=\"canonical\" href=\"https:\/\/deputadotaveirajr.com.br\/index.php\/homem-de-22-anos-e-preso-suspeito-de-matar-a-mae-e-passar-cola-nos-olhos-da-vitima\/\" \/>\n<meta property=\"og:locale\" content=\"pt_BR\" \/>\n<meta property=\"og:type\" content=\"article\" \/>\n<meta property=\"og:title\" content=\"Homem de 22 anos \u00e9 preso suspeito de matar a m\u00e3e e passar cola nos olhos da v\u00edtima - Taveira Jr\" \/>\n<meta property=\"og:description\" content=\"Crime aconteceu no s\u00e1bado (30) em Tenente Ananias, na regi\u00e3o Oeste potiguar. Policial conduz suspeito para dentro de delegacia no Oeste potiguar Reprodu\u00e7\u00e3o Um homem de 22 anos foi preso ...\" \/>\n<meta property=\"og:url\" content=\"https:\/\/deputadotaveirajr.com.br\/index.php\/homem-de-22-anos-e-preso-suspeito-de-matar-a-mae-e-passar-cola-nos-olhos-da-vitima\/\" \/>\n<meta property=\"og:site_name\" content=\"Taveira Jr\" \/>\n<meta name=\"twitter:card\" content=\"summary_large_image\" \/>\n<meta name=\"twitter:label1\" content=\"Est. tempo de leitura\" \/>\n\t<meta name=\"twitter:data1\" content=\"2 minutos\" \/>\n<script type=\"application\/ld+json\" class=\"yoast-schema-graph\">{\"@context\":\"https:\/\/schema.org\",\"@graph\":[{\"@type\":\"WebPage\",\"@id\":\"https:\/\/deputadotaveirajr.com.br\/index.php\/homem-de-22-anos-e-preso-suspeito-de-matar-a-mae-e-passar-cola-nos-olhos-da-vitima\/\",\"url\":\"https:\/\/deputadotaveirajr.com.br\/index.php\/homem-de-22-anos-e-preso-suspeito-de-matar-a-mae-e-passar-cola-nos-olhos-da-vitima\/\",\"name\":\"Homem de 22 anos \u00e9 preso suspeito de matar a m\u00e3e e passar cola nos olhos da v\u00edtima - Taveira Jr\",\"isPartOf\":{\"@id\":\"https:\/\/deputadotaveirajr.com.br\/#website\"},\"primaryImageOfPage\":{\"@id\":\"https:\/\/deputadotaveirajr.com.br\/index.php\/homem-de-22-anos-e-preso-suspeito-de-matar-a-mae-e-passar-cola-nos-olhos-da-vitima\/#primaryimage\"},\"image\":{\"@id\":\"https:\/\/deputadotaveirajr.com.br\/index.php\/homem-de-22-anos-e-preso-suspeito-de-matar-a-mae-e-passar-cola-nos-olhos-da-vitima\/#primaryimage\"},\"thumbnailUrl\":\"https:\/\/deputadotaveirajr.com.br\/wp-content\/uploads\/2024\/12\/policial-conduz-suspeito-para-dentro-de-delegacia-MxZdnL.jpeg\",\"datePublished\":\"2024-12-02T15:32:58+00:00\",\"breadcrumb\":{\"@id\":\"https:\/\/deputadotaveirajr.com.br\/index.php\/homem-de-22-anos-e-preso-suspeito-de-matar-a-mae-e-passar-cola-nos-olhos-da-vitima\/#breadcrumb\"},\"inLanguage\":\"pt-BR\",\"potentialAction\":[{\"@type\":\"ReadAction\",\"target\":[\"https:\/\/deputadotaveirajr.com.br\/index.php\/homem-de-22-anos-e-preso-suspeito-de-matar-a-mae-e-passar-cola-nos-olhos-da-vitima\/\"]}]},{\"@type\":\"ImageObject\",\"inLanguage\":\"pt-BR\",\"@id\":\"https:\/\/deputadotaveirajr.com.br\/index.php\/homem-de-22-anos-e-preso-suspeito-de-matar-a-mae-e-passar-cola-nos-olhos-da-vitima\/#primaryimage\",\"url\":\"https:\/\/deputadotaveirajr.com.br\/wp-content\/uploads\/2024\/12\/policial-conduz-suspeito-para-dentro-de-delegacia-MxZdnL.jpeg\",\"contentUrl\":\"https:\/\/deputadotaveirajr.com.br\/wp-content\/uploads\/2024\/12\/policial-conduz-suspeito-para-dentro-de-delegacia-MxZdnL.jpeg\",\"width\":800,\"height\":432},{\"@type\":\"BreadcrumbList\",\"@id\":\"https:\/\/deputadotaveirajr.com.br\/index.php\/homem-de-22-anos-e-preso-suspeito-de-matar-a-mae-e-passar-cola-nos-olhos-da-vitima\/#breadcrumb\",\"itemListElement\":[{\"@type\":\"ListItem\",\"position\":1,\"name\":\"In\u00edcio\",\"item\":\"https:\/\/deputadotaveirajr.com.br\/\"},{\"@type\":\"ListItem\",\"position\":2,\"name\":\"Homem de 22 anos \u00e9 preso suspeito de matar a m\u00e3e e passar cola nos olhos da v\u00edtima\"}]},{\"@type\":\"WebSite\",\"@id\":\"https:\/\/deputadotaveirajr.com.br\/#website\",\"url\":\"https:\/\/deputadotaveirajr.com.br\/\",\"name\":\"Taveira Jr\",\"description\":\"Deputado Estadual\",\"publisher\":{\"@id\":\"https:\/\/deputadotaveirajr.com.br\/#organization\"},\"potentialAction\":[{\"@type\":\"SearchAction\",\"target\":{\"@type\":\"EntryPoint\",\"urlTemplate\":\"https:\/\/deputadotaveirajr.com.br\/?s={search_term_string}\"},\"query-input\":{\"@type\":\"PropertyValueSpecification\",\"valueRequired\":true,\"valueName\":\"search_term_string\"}}],\"inLanguage\":\"pt-BR\"},{\"@type\":\"Organization\",\"@id\":\"https:\/\/deputadotaveirajr.com.br\/#organization\",\"name\":\"Taveira Jr\",\"url\":\"https:\/\/deputadotaveirajr.com.br\/\",\"logo\":{\"@type\":\"ImageObject\",\"inLanguage\":\"pt-BR\",\"@id\":\"https:\/\/deputadotaveirajr.com.br\/#\/schema\/logo\/image\/\",\"url\":\"https:\/\/deputadotaveirajr.com.br\/wp-content\/uploads\/2026\/01\/logolow2a.png\",\"contentUrl\":\"https:\/\/deputadotaveirajr.com.br\/wp-content\/uploads\/2026\/01\/logolow2a.png\",\"width\":290,\"height\":80,\"caption\":\"Taveira Jr\"},\"image\":{\"@id\":\"https:\/\/deputadotaveirajr.com.br\/#\/schema\/logo\/image\/\"}}]}<\/script>\n<!-- \/ Yoast SEO plugin. -->","yoast_head_json":{"title":"Homem de 22 anos \u00e9 preso suspeito de matar a m\u00e3e e passar cola nos olhos da v\u00edtima - Taveira Jr","robots":{"index":"index","follow":"follow","max-snippet":"max-snippet:-1","max-image-preview":"max-image-preview:large","max-video-preview":"max-video-preview:-1"},"canonical":"https:\/\/deputadotaveirajr.com.br\/index.php\/homem-de-22-anos-e-preso-suspeito-de-matar-a-mae-e-passar-cola-nos-olhos-da-vitima\/","og_locale":"pt_BR","og_type":"article","og_title":"Homem de 22 anos \u00e9 preso suspeito de matar a m\u00e3e e passar cola nos olhos da v\u00edtima - Taveira Jr","og_description":"Crime aconteceu no s\u00e1bado (30) em Tenente Ananias, na regi\u00e3o Oeste potiguar. Policial conduz suspeito para dentro de delegacia no Oeste potiguar Reprodu\u00e7\u00e3o Um homem de 22 anos foi preso ...","og_url":"https:\/\/deputadotaveirajr.com.br\/index.php\/homem-de-22-anos-e-preso-suspeito-de-matar-a-mae-e-passar-cola-nos-olhos-da-vitima\/","og_site_name":"Taveira Jr","twitter_card":"summary_large_image","twitter_misc":{"Est. tempo de leitura":"2 minutos"},"schema":{"@context":"https:\/\/schema.org","@graph":[{"@type":"WebPage","@id":"https:\/\/deputadotaveirajr.com.br\/index.php\/homem-de-22-anos-e-preso-suspeito-de-matar-a-mae-e-passar-cola-nos-olhos-da-vitima\/","url":"https:\/\/deputadotaveirajr.com.br\/index.php\/homem-de-22-anos-e-preso-suspeito-de-matar-a-mae-e-passar-cola-nos-olhos-da-vitima\/","name":"Homem de 22 anos \u00e9 preso suspeito de matar a m\u00e3e e passar cola nos olhos da v\u00edtima - Taveira Jr","isPartOf":{"@id":"https:\/\/deputadotaveirajr.com.br\/#website"},"primaryImageOfPage":{"@id":"https:\/\/deputadotaveirajr.com.br\/index.php\/homem-de-22-anos-e-preso-suspeito-de-matar-a-mae-e-passar-cola-nos-olhos-da-vitima\/#primaryimage"},"image":{"@id":"https:\/\/deputadotaveirajr.com.br\/index.php\/homem-de-22-anos-e-preso-suspeito-de-matar-a-mae-e-passar-cola-nos-olhos-da-vitima\/#primaryimage"},"thumbnailUrl":"https:\/\/deputadotaveirajr.com.br\/wp-content\/uploads\/2024\/12\/policial-conduz-suspeito-para-dentro-de-delegacia-MxZdnL.jpeg","datePublished":"2024-12-02T15:32:58+00:00","breadcrumb":{"@id":"https:\/\/deputadotaveirajr.com.br\/index.php\/homem-de-22-anos-e-preso-suspeito-de-matar-a-mae-e-passar-cola-nos-olhos-da-vitima\/#breadcrumb"},"inLanguage":"pt-BR","potentialAction":[{"@type":"ReadAction","target":["https:\/\/deputadotaveirajr.com.br\/index.php\/homem-de-22-anos-e-preso-suspeito-de-matar-a-mae-e-passar-cola-nos-olhos-da-vitima\/"]}]},{"@type":"ImageObject","inLanguage":"pt-BR","@id":"https:\/\/deputadotaveirajr.com.br\/index.php\/homem-de-22-anos-e-preso-suspeito-de-matar-a-mae-e-passar-cola-nos-olhos-da-vitima\/#primaryimage","url":"https:\/\/deputadotaveirajr.com.br\/wp-content\/uploads\/2024\/12\/policial-conduz-suspeito-para-dentro-de-delegacia-MxZdnL.jpeg","contentUrl":"https:\/\/deputadotaveirajr.com.br\/wp-content\/uploads\/2024\/12\/policial-conduz-suspeito-para-dentro-de-delegacia-MxZdnL.jpeg","width":800,"height":432},{"@type":"BreadcrumbList","@id":"https:\/\/deputadotaveirajr.com.br\/index.php\/homem-de-22-anos-e-preso-suspeito-de-matar-a-mae-e-passar-cola-nos-olhos-da-vitima\/#breadcrumb","itemListElement":[{"@type":"ListItem","position":1,"name":"In\u00edcio","item":"https:\/\/deputadotaveirajr.com.br\/"},{"@type":"ListItem","position":2,"name":"Homem de 22 anos \u00e9 preso suspeito de matar a m\u00e3e e passar cola nos olhos da v\u00edtima"}]},{"@type":"WebSite","@id":"https:\/\/deputadotaveirajr.com.br\/#website","url":"https:\/\/deputadotaveirajr.com.br\/","name":"Taveira Jr","description":"Deputado Estadual","publisher":{"@id":"https:\/\/deputadotaveirajr.com.br\/#organization"},"potentialAction":[{"@type":"SearchAction","target":{"@type":"EntryPoint","urlTemplate":"https:\/\/deputadotaveirajr.com.br\/?s={search_term_string}"},"query-input":{"@type":"PropertyValueSpecification","valueRequired":true,"valueName":"search_term_string"}}],"inLanguage":"pt-BR"},{"@type":"Organization","@id":"https:\/\/deputadotaveirajr.com.br\/#organization","name":"Taveira Jr","url":"https:\/\/deputadotaveirajr.com.br\/","logo":{"@type":"ImageObject","inLanguage":"pt-BR","@id":"https:\/\/deputadotaveirajr.com.br\/#\/schema\/logo\/image\/","url":"https:\/\/deputadotaveirajr.com.br\/wp-content\/uploads\/2026\/01\/logolow2a.png","contentUrl":"https:\/\/deputadotaveirajr.com.br\/wp-content\/uploads\/2026\/01\/logolow2a.png","width":290,"height":80,"caption":"Taveira Jr"},"image":{"@id":"https:\/\/deputadotaveirajr.com.br\/#\/schema\/logo\/image\/"}}]}},"_links":{"self":[{"href":"https:\/\/deputadotaveirajr.com.br\/index.php\/wp-json\/wp\/v2\/pages\/11532","targetHints":{"allow":["GET"]}}],"collection":[{"href":"https:\/\/deputadotaveirajr.com.br\/index.php\/wp-json\/wp\/v2\/pages"}],"about":[{"href":"https:\/\/deputadotaveirajr.com.br\/index.php\/wp-json\/wp\/v2\/types\/page"}],"replies":[{"embeddable":true,"href":"https:\/\/deputadotaveirajr.com.br\/index.php\/wp-json\/wp\/v2\/comments?post=11532"}],"version-history":[{"count":0,"href":"https:\/\/deputadotaveirajr.com.br\/index.php\/wp-json\/wp\/v2\/pages\/11532\/revisions"}],"wp:featuredmedia":[{"embeddable":true,"href":"https:\/\/deputadotaveirajr.com.br\/index.php\/wp-json\/wp\/v2\/media\/11533"}],"wp:attachment":[{"href":"https:\/\/deputadotaveirajr.com.br\/index.php\/wp-json\/wp\/v2\/media?parent=11532"}],"curies":[{"name":"wp","href":"https:\/\/api.w.org\/{rel}","templated":true}]}}