{"id":11540,"date":"2024-12-02T15:08:20","date_gmt":"2024-12-02T18:08:20","guid":{"rendered":"https:\/\/deputadotaveirajr.com.br\/index.php\/largo-dos-reis-traz-shows-gratuitos-e-energia-da-pipoca-ao-carnatal\/"},"modified":"2024-12-02T15:08:20","modified_gmt":"2024-12-02T18:08:20","slug":"largo-dos-reis-traz-shows-gratuitos-e-energia-da-pipoca-ao-carnatal","status":"publish","type":"page","link":"https:\/\/deputadotaveirajr.com.br\/index.php\/largo-dos-reis-traz-shows-gratuitos-e-energia-da-pipoca-ao-carnatal\/","title":{"rendered":"Largo dos Reis traz shows gratuitos e energia da pipoca ao Carnatal"},"content":{"rendered":"<p>     Retire seu voucher online com 2kg de alimento e curta atra\u00e7\u00f5es como Timbalada, Ricardo Chaves e Kiko Chicabana no Largo dos Reis. A &#8220;pipoca&#8221; vai voltar a brilhar no Carnatal. Em 2024, o Largo dos Reis ser\u00e1 a \u00e1rea exclusiva para se jogar na folia de forma gratuita e sem perder a energia dos trios el\u00e9tricos. Artistas de peso como Anitta, Bell Marques, L\u00e9o Santana e Ivete Sangalo estar\u00e3o ao alcance de todos, consolidando o evento como a maior micareta do Brasil.<br \/>\nO retorno da pipoca era um pedido antigo que agora ser\u00e1 atendido pela organiza\u00e7\u00e3o do Carnatal, em nova roupagem, com direito tamb\u00e9m a shows de atra\u00e7\u00f5es como Ricardo Chaves, Timbalada e Kiko Chicabana no Palco 360\u00ba.<br \/>\nRicardo Chaves volta ao Carnatal com show no Largo dos Reis<br \/>\nDivulga\u00e7\u00e3o<br \/>\n&#8220;O Largo dos Reis \u00e9 um espa\u00e7o especialmente desenhado para integrar toda energia que s\u00f3 a pipoca tem ao Corredor da Folia&#8221;, falou Felinto Filho, diretor da Clap Entretenimento e do Carnatal.<br \/>\n&#8220;Esta \u00e9 a grande novidade do Carnatal para esse ano. Vai bombar. A pipoca est\u00e1 de volta, a energia insuper\u00e1vel da pipoca animando e completando de forma brilhante o Corredor da Folia&#8221;, refor\u00e7ou.<br \/>\nFred Queiroz, respons\u00e1vel pela estrutura e produ\u00e7\u00e3o do Carnatal, conta que o Largo dos Reis provoca uma mudan\u00e7a no percurso dos blocos, fazendo com que os trios el\u00e9tricos passem tr\u00eas vezes em frente a este setor. &#8220;O novo espa\u00e7o do Carnatal resgata a verdadeira ess\u00eancia da pipoca. \u00c9 para o foli\u00e3o sentir a energia da folia de pertinho e aproveitar shows exclusivos&#8221;, disse.<br \/>\nO Largo dos Reis ter\u00e1 acesso gratuito, mas normatizado com retirada de voucher pelo site www.omeuevento.com.br, a partir de s\u00e1bado (30). O n\u00famero ser\u00e1 limitado por dia de evento<br \/>\n&#8220;N\u00f3s vamos ter, mediante \u00e0 troca de dois quilos de alimento n\u00e3o perec\u00edvel, uma camiseta de acesso a esse espa\u00e7o, onde, al\u00e9m de curtir todos os momentos da micareta, haver\u00e1 dois shows por noite&#8221;, destacou Felinto.<br \/>\nVeja o mapa de acessos do Carnatal 2024<br \/>\nDivulga\u00e7\u00e3o<br \/>\nAp\u00f3s o cadastro no site, o foli\u00e3o gera um QR Code e dever\u00e1 se dirigir ao Centro de Conven\u00e7\u00f5es de Natal para realizar a troca dos alimentos pela camisa, a partir do dia 5 de dezembro.<br \/>\nAl\u00e9m dos shows em um palco 360\u00ba, o Largo dos Reis tamb\u00e9m contar\u00e1 com infraestrutura de bares, esta\u00e7\u00f5es de alimentos e \u00e1reas instagram\u00e1veis e de conviv\u00eancia.<br \/>\nAtra\u00e7\u00f5es<br \/>\nUm dos entusiastas do Largo dos Reis, o cantor Ricardo Chaves tamb\u00e9m est\u00e1 de volta ao Carnatal. Ele participou do evento pela primeira vez em 1993, quando a micareta ainda era realizada nos bairros de Petr\u00f3polis e Tirol, e por muitos anos comandou a folia no bloco Bicho.<br \/>\n&#8220;Estar de volta ao evento da cidade que sempre me acolheu t\u00e3o bem \u00e9 motivo de alegria&#8221;, falou na noite de lan\u00e7amento do Carnatal. &#8220;Quem viver ver\u00e1 que a festa come\u00e7ou, n\u00e3o vai parar&#8221;, brincou com versos de um dos seus sucessos, &#8220;Deitar e Rolar\u201d.<br \/>\nA Timbalada tamb\u00e9m retorna \u00e0 micareta. \u201cA gente estava com muita saudade. Estamos preparando um repert\u00f3rio maravilhoso&#8221;, destacou o vocalista Denny Denan ao programa Rota Inter TV.<br \/>\nKiko Chicabana n\u00e3o esconde a ansiedade para reencontrar os f\u00e3s de Natal no Largo dos Reis. \u201cEsse momento \u00e9 muito especial, tanto pelo DVD que celebra minha trajet\u00f3ria quanto por fazer parte de um evento t\u00e3o grandioso e inovador no Carnatal&#8221;, conta.<br \/>\nSexta-feira (6 de dezembro) &#8211; Kiko Chicabana e Cheiro de Amor<br \/>\nS\u00e1bado ( 7 de dezembro) &#8211; Ricardo Chaves e Sergynho Pimenta<br \/>\nDomingo (8 de dezembro) &#8211; Timbalada e Banda Grafith<\/p>","protected":false},"excerpt":{"rendered":"<p>Retire seu voucher online com 2kg de alimento e curta atra\u00e7\u00f5es como Timbalada, Ricardo Chaves e Kiko Chicabana no Largo dos Reis. A &#8220;pipoca&#8221; vai voltar a brilhar no Carnatal. &#8230;<\/p>\n","protected":false},"author":0,"featured_media":11541,"parent":0,"menu_order":0,"comment_status":"closed","ping_status":"closed","template":"","meta":{"footnotes":""},"class_list":["post-11540","page","type-page","status-publish","has-post-thumbnail","hentry"],"yoast_head":"<!-- This site is optimized with the Yoast SEO plugin v27.1.1 - https:\/\/yoast.com\/product\/yoast-seo-wordpress\/ -->\n<title>Largo dos Reis traz shows gratuitos e energia da pipoca ao Carnatal - Taveira Jr<\/title>\n<meta name=\"robots\" content=\"index, follow, max-snippet:-1, max-image-preview:large, max-video-preview:-1\" \/>\n<link rel=\"canonical\" href=\"https:\/\/deputadotaveirajr.com.br\/index.php\/largo-dos-reis-traz-shows-gratuitos-e-energia-da-pipoca-ao-carnatal\/\" \/>\n<meta property=\"og:locale\" content=\"pt_BR\" \/>\n<meta property=\"og:type\" content=\"article\" \/>\n<meta property=\"og:title\" content=\"Largo dos Reis traz shows gratuitos e energia da pipoca ao Carnatal - Taveira Jr\" \/>\n<meta property=\"og:description\" content=\"Retire seu voucher online com 2kg de alimento e curta atra\u00e7\u00f5es como Timbalada, Ricardo Chaves e Kiko Chicabana no Largo dos Reis. A &#8220;pipoca&#8221; vai voltar a brilhar no Carnatal. ...\" \/>\n<meta property=\"og:url\" content=\"https:\/\/deputadotaveirajr.com.br\/index.php\/largo-dos-reis-traz-shows-gratuitos-e-energia-da-pipoca-ao-carnatal\/\" \/>\n<meta property=\"og:site_name\" content=\"Taveira Jr\" \/>\n<meta name=\"twitter:card\" content=\"summary_large_image\" \/>\n<meta name=\"twitter:label1\" content=\"Est. tempo de leitura\" \/>\n\t<meta name=\"twitter:data1\" content=\"3 minutos\" \/>\n<script type=\"application\/ld+json\" class=\"yoast-schema-graph\">{\"@context\":\"https:\/\/schema.org\",\"@graph\":[{\"@type\":\"WebPage\",\"@id\":\"https:\/\/deputadotaveirajr.com.br\/index.php\/largo-dos-reis-traz-shows-gratuitos-e-energia-da-pipoca-ao-carnatal\/\",\"url\":\"https:\/\/deputadotaveirajr.com.br\/index.php\/largo-dos-reis-traz-shows-gratuitos-e-energia-da-pipoca-ao-carnatal\/\",\"name\":\"Largo dos Reis traz shows gratuitos e energia da pipoca ao Carnatal - Taveira Jr\",\"isPartOf\":{\"@id\":\"https:\/\/deputadotaveirajr.com.br\/#website\"},\"primaryImageOfPage\":{\"@id\":\"https:\/\/deputadotaveirajr.com.br\/index.php\/largo-dos-reis-traz-shows-gratuitos-e-energia-da-pipoca-ao-carnatal\/#primaryimage\"},\"image\":{\"@id\":\"https:\/\/deputadotaveirajr.com.br\/index.php\/largo-dos-reis-traz-shows-gratuitos-e-energia-da-pipoca-ao-carnatal\/#primaryimage\"},\"thumbnailUrl\":\"https:\/\/deputadotaveirajr.com.br\/wp-content\/uploads\/2024\/12\/materia-4-foto-2-largo-dos-reis-cqXYmj.png\",\"datePublished\":\"2024-12-02T18:08:20+00:00\",\"breadcrumb\":{\"@id\":\"https:\/\/deputadotaveirajr.com.br\/index.php\/largo-dos-reis-traz-shows-gratuitos-e-energia-da-pipoca-ao-carnatal\/#breadcrumb\"},\"inLanguage\":\"pt-BR\",\"potentialAction\":[{\"@type\":\"ReadAction\",\"target\":[\"https:\/\/deputadotaveirajr.com.br\/index.php\/largo-dos-reis-traz-shows-gratuitos-e-energia-da-pipoca-ao-carnatal\/\"]}]},{\"@type\":\"ImageObject\",\"inLanguage\":\"pt-BR\",\"@id\":\"https:\/\/deputadotaveirajr.com.br\/index.php\/largo-dos-reis-traz-shows-gratuitos-e-energia-da-pipoca-ao-carnatal\/#primaryimage\",\"url\":\"https:\/\/deputadotaveirajr.com.br\/wp-content\/uploads\/2024\/12\/materia-4-foto-2-largo-dos-reis-cqXYmj.png\",\"contentUrl\":\"https:\/\/deputadotaveirajr.com.br\/wp-content\/uploads\/2024\/12\/materia-4-foto-2-largo-dos-reis-cqXYmj.png\",\"width\":1600,\"height\":1100},{\"@type\":\"BreadcrumbList\",\"@id\":\"https:\/\/deputadotaveirajr.com.br\/index.php\/largo-dos-reis-traz-shows-gratuitos-e-energia-da-pipoca-ao-carnatal\/#breadcrumb\",\"itemListElement\":[{\"@type\":\"ListItem\",\"position\":1,\"name\":\"In\u00edcio\",\"item\":\"https:\/\/deputadotaveirajr.com.br\/\"},{\"@type\":\"ListItem\",\"position\":2,\"name\":\"Largo dos Reis traz shows gratuitos e energia da pipoca ao Carnatal\"}]},{\"@type\":\"WebSite\",\"@id\":\"https:\/\/deputadotaveirajr.com.br\/#website\",\"url\":\"https:\/\/deputadotaveirajr.com.br\/\",\"name\":\"Taveira Jr\",\"description\":\"Deputado Estadual\",\"publisher\":{\"@id\":\"https:\/\/deputadotaveirajr.com.br\/#organization\"},\"potentialAction\":[{\"@type\":\"SearchAction\",\"target\":{\"@type\":\"EntryPoint\",\"urlTemplate\":\"https:\/\/deputadotaveirajr.com.br\/?s={search_term_string}\"},\"query-input\":{\"@type\":\"PropertyValueSpecification\",\"valueRequired\":true,\"valueName\":\"search_term_string\"}}],\"inLanguage\":\"pt-BR\"},{\"@type\":\"Organization\",\"@id\":\"https:\/\/deputadotaveirajr.com.br\/#organization\",\"name\":\"Taveira Jr\",\"url\":\"https:\/\/deputadotaveirajr.com.br\/\",\"logo\":{\"@type\":\"ImageObject\",\"inLanguage\":\"pt-BR\",\"@id\":\"https:\/\/deputadotaveirajr.com.br\/#\/schema\/logo\/image\/\",\"url\":\"https:\/\/deputadotaveirajr.com.br\/wp-content\/uploads\/2026\/01\/logolow2a.png\",\"contentUrl\":\"https:\/\/deputadotaveirajr.com.br\/wp-content\/uploads\/2026\/01\/logolow2a.png\",\"width\":290,\"height\":80,\"caption\":\"Taveira Jr\"},\"image\":{\"@id\":\"https:\/\/deputadotaveirajr.com.br\/#\/schema\/logo\/image\/\"}}]}<\/script>\n<!-- \/ Yoast SEO plugin. -->","yoast_head_json":{"title":"Largo dos Reis traz shows gratuitos e energia da pipoca ao Carnatal - Taveira Jr","robots":{"index":"index","follow":"follow","max-snippet":"max-snippet:-1","max-image-preview":"max-image-preview:large","max-video-preview":"max-video-preview:-1"},"canonical":"https:\/\/deputadotaveirajr.com.br\/index.php\/largo-dos-reis-traz-shows-gratuitos-e-energia-da-pipoca-ao-carnatal\/","og_locale":"pt_BR","og_type":"article","og_title":"Largo dos Reis traz shows gratuitos e energia da pipoca ao Carnatal - Taveira Jr","og_description":"Retire seu voucher online com 2kg de alimento e curta atra\u00e7\u00f5es como Timbalada, Ricardo Chaves e Kiko Chicabana no Largo dos Reis. A &#8220;pipoca&#8221; vai voltar a brilhar no Carnatal. ...","og_url":"https:\/\/deputadotaveirajr.com.br\/index.php\/largo-dos-reis-traz-shows-gratuitos-e-energia-da-pipoca-ao-carnatal\/","og_site_name":"Taveira Jr","twitter_card":"summary_large_image","twitter_misc":{"Est. tempo de leitura":"3 minutos"},"schema":{"@context":"https:\/\/schema.org","@graph":[{"@type":"WebPage","@id":"https:\/\/deputadotaveirajr.com.br\/index.php\/largo-dos-reis-traz-shows-gratuitos-e-energia-da-pipoca-ao-carnatal\/","url":"https:\/\/deputadotaveirajr.com.br\/index.php\/largo-dos-reis-traz-shows-gratuitos-e-energia-da-pipoca-ao-carnatal\/","name":"Largo dos Reis traz shows gratuitos e energia da pipoca ao Carnatal - Taveira Jr","isPartOf":{"@id":"https:\/\/deputadotaveirajr.com.br\/#website"},"primaryImageOfPage":{"@id":"https:\/\/deputadotaveirajr.com.br\/index.php\/largo-dos-reis-traz-shows-gratuitos-e-energia-da-pipoca-ao-carnatal\/#primaryimage"},"image":{"@id":"https:\/\/deputadotaveirajr.com.br\/index.php\/largo-dos-reis-traz-shows-gratuitos-e-energia-da-pipoca-ao-carnatal\/#primaryimage"},"thumbnailUrl":"https:\/\/deputadotaveirajr.com.br\/wp-content\/uploads\/2024\/12\/materia-4-foto-2-largo-dos-reis-cqXYmj.png","datePublished":"2024-12-02T18:08:20+00:00","breadcrumb":{"@id":"https:\/\/deputadotaveirajr.com.br\/index.php\/largo-dos-reis-traz-shows-gratuitos-e-energia-da-pipoca-ao-carnatal\/#breadcrumb"},"inLanguage":"pt-BR","potentialAction":[{"@type":"ReadAction","target":["https:\/\/deputadotaveirajr.com.br\/index.php\/largo-dos-reis-traz-shows-gratuitos-e-energia-da-pipoca-ao-carnatal\/"]}]},{"@type":"ImageObject","inLanguage":"pt-BR","@id":"https:\/\/deputadotaveirajr.com.br\/index.php\/largo-dos-reis-traz-shows-gratuitos-e-energia-da-pipoca-ao-carnatal\/#primaryimage","url":"https:\/\/deputadotaveirajr.com.br\/wp-content\/uploads\/2024\/12\/materia-4-foto-2-largo-dos-reis-cqXYmj.png","contentUrl":"https:\/\/deputadotaveirajr.com.br\/wp-content\/uploads\/2024\/12\/materia-4-foto-2-largo-dos-reis-cqXYmj.png","width":1600,"height":1100},{"@type":"BreadcrumbList","@id":"https:\/\/deputadotaveirajr.com.br\/index.php\/largo-dos-reis-traz-shows-gratuitos-e-energia-da-pipoca-ao-carnatal\/#breadcrumb","itemListElement":[{"@type":"ListItem","position":1,"name":"In\u00edcio","item":"https:\/\/deputadotaveirajr.com.br\/"},{"@type":"ListItem","position":2,"name":"Largo dos Reis traz shows gratuitos e energia da pipoca ao Carnatal"}]},{"@type":"WebSite","@id":"https:\/\/deputadotaveirajr.com.br\/#website","url":"https:\/\/deputadotaveirajr.com.br\/","name":"Taveira Jr","description":"Deputado Estadual","publisher":{"@id":"https:\/\/deputadotaveirajr.com.br\/#organization"},"potentialAction":[{"@type":"SearchAction","target":{"@type":"EntryPoint","urlTemplate":"https:\/\/deputadotaveirajr.com.br\/?s={search_term_string}"},"query-input":{"@type":"PropertyValueSpecification","valueRequired":true,"valueName":"search_term_string"}}],"inLanguage":"pt-BR"},{"@type":"Organization","@id":"https:\/\/deputadotaveirajr.com.br\/#organization","name":"Taveira Jr","url":"https:\/\/deputadotaveirajr.com.br\/","logo":{"@type":"ImageObject","inLanguage":"pt-BR","@id":"https:\/\/deputadotaveirajr.com.br\/#\/schema\/logo\/image\/","url":"https:\/\/deputadotaveirajr.com.br\/wp-content\/uploads\/2026\/01\/logolow2a.png","contentUrl":"https:\/\/deputadotaveirajr.com.br\/wp-content\/uploads\/2026\/01\/logolow2a.png","width":290,"height":80,"caption":"Taveira Jr"},"image":{"@id":"https:\/\/deputadotaveirajr.com.br\/#\/schema\/logo\/image\/"}}]}},"_links":{"self":[{"href":"https:\/\/deputadotaveirajr.com.br\/index.php\/wp-json\/wp\/v2\/pages\/11540","targetHints":{"allow":["GET"]}}],"collection":[{"href":"https:\/\/deputadotaveirajr.com.br\/index.php\/wp-json\/wp\/v2\/pages"}],"about":[{"href":"https:\/\/deputadotaveirajr.com.br\/index.php\/wp-json\/wp\/v2\/types\/page"}],"replies":[{"embeddable":true,"href":"https:\/\/deputadotaveirajr.com.br\/index.php\/wp-json\/wp\/v2\/comments?post=11540"}],"version-history":[{"count":0,"href":"https:\/\/deputadotaveirajr.com.br\/index.php\/wp-json\/wp\/v2\/pages\/11540\/revisions"}],"wp:featuredmedia":[{"embeddable":true,"href":"https:\/\/deputadotaveirajr.com.br\/index.php\/wp-json\/wp\/v2\/media\/11541"}],"wp:attachment":[{"href":"https:\/\/deputadotaveirajr.com.br\/index.php\/wp-json\/wp\/v2\/media?parent=11540"}],"curies":[{"name":"wp","href":"https:\/\/api.w.org\/{rel}","templated":true}]}}