{"id":11542,"date":"2024-12-02T15:01:10","date_gmt":"2024-12-02T18:01:10","guid":{"rendered":"https:\/\/deputadotaveirajr.com.br\/index.php\/sustentabilidade-no-carnatal-2024-destaque-para-acoes-de-esg\/"},"modified":"2024-12-02T15:01:10","modified_gmt":"2024-12-02T18:01:10","slug":"sustentabilidade-no-carnatal-2024-destaque-para-acoes-de-esg","status":"publish","type":"page","link":"https:\/\/deputadotaveirajr.com.br\/index.php\/sustentabilidade-no-carnatal-2024-destaque-para-acoes-de-esg\/","title":{"rendered":"Sustentabilidade no Carnatal 2024: destaque para a\u00e7\u00f5es de ESG"},"content":{"rendered":"<p>     Com iniciativas ambientais, sociais e acess\u00edveis, o evento reduz impactos, apoia a comunidade e promove uma festa inclusiva para todos. Felinto Filho e os s\u00f3cios da Clap durante lan\u00e7amento da edi\u00e7\u00e3o 2024<br \/>\nLuana Tayze<br \/>\nEm 2024, o Carnatal d\u00e1 um passo importante ao refor\u00e7ar seu compromisso com pr\u00e1ticas de ESG (Environmental, Social and Governance). O maior carnaval fora de \u00e9poca do pa\u00eds foca na ado\u00e7\u00e3o de a\u00e7\u00f5es que promovem o respeito ao meio ambiente, o bem-estar social e a governan\u00e7a respons\u00e1vel, tornando-se modelo de como grandes festivais podem contribuir positivamente para o futuro do planeta e da sociedade.<br \/>\nEntre as principais iniciativas chama aten\u00e7\u00e3o o reaproveitamento das lonas que ser\u00e3o utilizadas nesta edi\u00e7\u00e3o da micareta.<br \/>\n\u201cGrandes eventos produzem uma grande demanda de res\u00edduos. E o Carnatal 2024 vai ser completamente respons\u00e1vel em n\u00e3o fazer isso. N\u00f3s vamos aproveitar mais de 2 mil metros de lonas que seriam descartadas para transform\u00e1-las em estojos escolares para crian\u00e7as da rede p\u00fablica de ensino&#8221;, conta Danielle Mafra, Head ESG do Carnatal.<br \/>\n\u201cEm 2025, daremos in\u00edcio a um novo programa do Carnatal, o &#8216;Carnatal nas Escolas\u2019, onde faremos a doa\u00e7\u00e3o dos estojos e a\u00e7\u00f5es complementares para os estudantes da rede de ensino p\u00fablico&#8221;, completa Antonio Torres, diretor de marketing da Clap Entretenimento, que realiza a micareta em parceria com a Vybbe e a RB Entretenimento.<br \/>\nA cria\u00e7\u00e3o do Largo dos Reis, uma \u00e1rea com acesso gratuito, com ingressos sociais, tamb\u00e9m faz parte deste compromisso assumido pelo Carnatal. Esta volta da \u201cpipoca\u201d \u00e9 um abra\u00e7o \u00e0 comunidade local.<br \/>\nEm 2023, a micareta arrecadou 30 toneladas de alimentos com os ingressos solid\u00e1rios, que proporcionam descontos na compra de abad\u00e1s e camarotes. O Armaz\u00e9m da Caridade foi a institui\u00e7\u00e3o respons\u00e1vel por repassar os itens a outras 20 entidades, beneficiando diretamente mais de 12 mil pessoas nas quatro zonas de Natal. A expectativa \u00e9 que este n\u00famero aumente nesta edi\u00e7\u00e3o.<br \/>\nA acessibilidade total \u00e9 outra prioridade no evento. Os acessos a todos os setores de camarotes e trios s\u00e3o adaptados para receber pessoas com defici\u00eancia.<br \/>\n\u201cO compromisso com pr\u00e1ticas ESG em 2024 promete transformar o Carnatal em uma refer\u00eancia de sustentabilidade e inclus\u00e3o, elevando o patamar de como grandes eventos devem ser organizados\u201d, diz Felinto Filho, diretor da Clap Entretenimento, produtora do Carnatal, destacando pr\u00e1ticas similares \u00e0s adotadas em eventos como Olimp\u00edadas, Tomorrowland, Lollapalooza e Rock in Rio.<br \/>\nDanielle Mafra \u00e9 a respons\u00e1vel pela condu\u00e7\u00e3o das a\u00e7\u00f5es de ESG<br \/>\nIsabel Jales<br \/>\nDanielle Mafra destaca \u201ca gest\u00e3o de res\u00edduos com a m\u00e1xima elimina\u00e7\u00e3o de pl\u00e1sticos descart\u00e1veis e o foco na coleta seletiva&#8221;, com esta\u00e7\u00f5es de reciclagem espalhadas por toda a \u00e1rea do evento e campanhas de conscientiza\u00e7\u00e3o direcionadas aos foli\u00f5es. De acordo com a Cooperativa de Catadores de Materiais Recicl\u00e1veis e Desenvolvimento Sustent\u00e1vel do Rio Grande do Norte(Coocamar), a edi\u00e7\u00e3o 2023 do evento recolheu aproximadamente 12 toneladas de res\u00edduos.<br \/>\nDanielle lembra ainda que &#8220;a cultura ESG estar\u00e1 presente nas a\u00e7\u00f5es individuais do time e em toda a organiza\u00e7\u00e3o, buscando incluir tamb\u00e9m os clientes, patrocinadores e fornecedores nesse movimento&#8221;.<br \/>\n\u201cO Carnatal j\u00e1 apaixona a popula\u00e7\u00e3o natalense. A gente tem muito orgulho dessa marca que tem mais de 30 anos de vida. A gente quer agora que nos reconhe\u00e7a ainda mais como uma marca que impacta verdadeiramente o meio ambiente e as pessoas\u201d, refor\u00e7a.<br \/>\nH\u00e1 ainda parcerias para uma mobilidade sustent\u00e1vel no per\u00edodo da micareta, com o intuito de reduzir as emiss\u00f5es de carbono. Para isso, o Carnatal incentivar\u00e1 o uso de transporte coletivo e por aplicativo, o que tamb\u00e9m gera receita extra para os motoristas e garante mais seguran\u00e7a para os foli\u00f5es.<\/p>","protected":false},"excerpt":{"rendered":"<p>Com iniciativas ambientais, sociais e acess\u00edveis, o evento reduz impactos, apoia a comunidade e promove uma festa inclusiva para todos. Felinto Filho e os s\u00f3cios da Clap durante lan\u00e7amento da &#8230;<\/p>\n","protected":false},"author":0,"featured_media":11543,"parent":0,"menu_order":0,"comment_status":"closed","ping_status":"closed","template":"","meta":{"footnotes":""},"class_list":["post-11542","page","type-page","status-publish","has-post-thumbnail","hentry"],"yoast_head":"<!-- This site is optimized with the Yoast SEO plugin v27.1.1 - https:\/\/yoast.com\/product\/yoast-seo-wordpress\/ -->\n<title>Sustentabilidade no Carnatal 2024: destaque para a\u00e7\u00f5es de ESG - Taveira Jr<\/title>\n<meta name=\"robots\" content=\"index, follow, max-snippet:-1, max-image-preview:large, max-video-preview:-1\" \/>\n<link rel=\"canonical\" href=\"https:\/\/deputadotaveirajr.com.br\/index.php\/sustentabilidade-no-carnatal-2024-destaque-para-acoes-de-esg\/\" \/>\n<meta property=\"og:locale\" content=\"pt_BR\" \/>\n<meta property=\"og:type\" content=\"article\" \/>\n<meta property=\"og:title\" content=\"Sustentabilidade no Carnatal 2024: destaque para a\u00e7\u00f5es de ESG - Taveira Jr\" \/>\n<meta property=\"og:description\" content=\"Com iniciativas ambientais, sociais e acess\u00edveis, o evento reduz impactos, apoia a comunidade e promove uma festa inclusiva para todos. Felinto Filho e os s\u00f3cios da Clap durante lan\u00e7amento da ...\" \/>\n<meta property=\"og:url\" content=\"https:\/\/deputadotaveirajr.com.br\/index.php\/sustentabilidade-no-carnatal-2024-destaque-para-acoes-de-esg\/\" \/>\n<meta property=\"og:site_name\" content=\"Taveira Jr\" \/>\n<meta name=\"twitter:card\" content=\"summary_large_image\" \/>\n<meta name=\"twitter:label1\" content=\"Est. tempo de leitura\" \/>\n\t<meta name=\"twitter:data1\" content=\"3 minutos\" \/>\n<script type=\"application\/ld+json\" class=\"yoast-schema-graph\">{\"@context\":\"https:\/\/schema.org\",\"@graph\":[{\"@type\":\"WebPage\",\"@id\":\"https:\/\/deputadotaveirajr.com.br\/index.php\/sustentabilidade-no-carnatal-2024-destaque-para-acoes-de-esg\/\",\"url\":\"https:\/\/deputadotaveirajr.com.br\/index.php\/sustentabilidade-no-carnatal-2024-destaque-para-acoes-de-esg\/\",\"name\":\"Sustentabilidade no Carnatal 2024: destaque para a\u00e7\u00f5es de ESG - Taveira Jr\",\"isPartOf\":{\"@id\":\"https:\/\/deputadotaveirajr.com.br\/#website\"},\"primaryImageOfPage\":{\"@id\":\"https:\/\/deputadotaveirajr.com.br\/index.php\/sustentabilidade-no-carnatal-2024-destaque-para-acoes-de-esg\/#primaryimage\"},\"image\":{\"@id\":\"https:\/\/deputadotaveirajr.com.br\/index.php\/sustentabilidade-no-carnatal-2024-destaque-para-acoes-de-esg\/#primaryimage\"},\"thumbnailUrl\":\"https:\/\/deputadotaveirajr.com.br\/wp-content\/uploads\/2024\/12\/materia-3-foto-1-felinto-yZazxU.jpeg\",\"datePublished\":\"2024-12-02T18:01:10+00:00\",\"breadcrumb\":{\"@id\":\"https:\/\/deputadotaveirajr.com.br\/index.php\/sustentabilidade-no-carnatal-2024-destaque-para-acoes-de-esg\/#breadcrumb\"},\"inLanguage\":\"pt-BR\",\"potentialAction\":[{\"@type\":\"ReadAction\",\"target\":[\"https:\/\/deputadotaveirajr.com.br\/index.php\/sustentabilidade-no-carnatal-2024-destaque-para-acoes-de-esg\/\"]}]},{\"@type\":\"ImageObject\",\"inLanguage\":\"pt-BR\",\"@id\":\"https:\/\/deputadotaveirajr.com.br\/index.php\/sustentabilidade-no-carnatal-2024-destaque-para-acoes-de-esg\/#primaryimage\",\"url\":\"https:\/\/deputadotaveirajr.com.br\/wp-content\/uploads\/2024\/12\/materia-3-foto-1-felinto-yZazxU.jpeg\",\"contentUrl\":\"https:\/\/deputadotaveirajr.com.br\/wp-content\/uploads\/2024\/12\/materia-3-foto-1-felinto-yZazxU.jpeg\",\"width\":1280,\"height\":853},{\"@type\":\"BreadcrumbList\",\"@id\":\"https:\/\/deputadotaveirajr.com.br\/index.php\/sustentabilidade-no-carnatal-2024-destaque-para-acoes-de-esg\/#breadcrumb\",\"itemListElement\":[{\"@type\":\"ListItem\",\"position\":1,\"name\":\"In\u00edcio\",\"item\":\"https:\/\/deputadotaveirajr.com.br\/\"},{\"@type\":\"ListItem\",\"position\":2,\"name\":\"Sustentabilidade no Carnatal 2024: destaque para a\u00e7\u00f5es de ESG\"}]},{\"@type\":\"WebSite\",\"@id\":\"https:\/\/deputadotaveirajr.com.br\/#website\",\"url\":\"https:\/\/deputadotaveirajr.com.br\/\",\"name\":\"Taveira Jr\",\"description\":\"Deputado Estadual\",\"publisher\":{\"@id\":\"https:\/\/deputadotaveirajr.com.br\/#organization\"},\"potentialAction\":[{\"@type\":\"SearchAction\",\"target\":{\"@type\":\"EntryPoint\",\"urlTemplate\":\"https:\/\/deputadotaveirajr.com.br\/?s={search_term_string}\"},\"query-input\":{\"@type\":\"PropertyValueSpecification\",\"valueRequired\":true,\"valueName\":\"search_term_string\"}}],\"inLanguage\":\"pt-BR\"},{\"@type\":\"Organization\",\"@id\":\"https:\/\/deputadotaveirajr.com.br\/#organization\",\"name\":\"Taveira Jr\",\"url\":\"https:\/\/deputadotaveirajr.com.br\/\",\"logo\":{\"@type\":\"ImageObject\",\"inLanguage\":\"pt-BR\",\"@id\":\"https:\/\/deputadotaveirajr.com.br\/#\/schema\/logo\/image\/\",\"url\":\"https:\/\/deputadotaveirajr.com.br\/wp-content\/uploads\/2026\/01\/logolow2a.png\",\"contentUrl\":\"https:\/\/deputadotaveirajr.com.br\/wp-content\/uploads\/2026\/01\/logolow2a.png\",\"width\":290,\"height\":80,\"caption\":\"Taveira Jr\"},\"image\":{\"@id\":\"https:\/\/deputadotaveirajr.com.br\/#\/schema\/logo\/image\/\"}}]}<\/script>\n<!-- \/ Yoast SEO plugin. -->","yoast_head_json":{"title":"Sustentabilidade no Carnatal 2024: destaque para a\u00e7\u00f5es de ESG - Taveira Jr","robots":{"index":"index","follow":"follow","max-snippet":"max-snippet:-1","max-image-preview":"max-image-preview:large","max-video-preview":"max-video-preview:-1"},"canonical":"https:\/\/deputadotaveirajr.com.br\/index.php\/sustentabilidade-no-carnatal-2024-destaque-para-acoes-de-esg\/","og_locale":"pt_BR","og_type":"article","og_title":"Sustentabilidade no Carnatal 2024: destaque para a\u00e7\u00f5es de ESG - Taveira Jr","og_description":"Com iniciativas ambientais, sociais e acess\u00edveis, o evento reduz impactos, apoia a comunidade e promove uma festa inclusiva para todos. Felinto Filho e os s\u00f3cios da Clap durante lan\u00e7amento da ...","og_url":"https:\/\/deputadotaveirajr.com.br\/index.php\/sustentabilidade-no-carnatal-2024-destaque-para-acoes-de-esg\/","og_site_name":"Taveira Jr","twitter_card":"summary_large_image","twitter_misc":{"Est. tempo de leitura":"3 minutos"},"schema":{"@context":"https:\/\/schema.org","@graph":[{"@type":"WebPage","@id":"https:\/\/deputadotaveirajr.com.br\/index.php\/sustentabilidade-no-carnatal-2024-destaque-para-acoes-de-esg\/","url":"https:\/\/deputadotaveirajr.com.br\/index.php\/sustentabilidade-no-carnatal-2024-destaque-para-acoes-de-esg\/","name":"Sustentabilidade no Carnatal 2024: destaque para a\u00e7\u00f5es de ESG - Taveira Jr","isPartOf":{"@id":"https:\/\/deputadotaveirajr.com.br\/#website"},"primaryImageOfPage":{"@id":"https:\/\/deputadotaveirajr.com.br\/index.php\/sustentabilidade-no-carnatal-2024-destaque-para-acoes-de-esg\/#primaryimage"},"image":{"@id":"https:\/\/deputadotaveirajr.com.br\/index.php\/sustentabilidade-no-carnatal-2024-destaque-para-acoes-de-esg\/#primaryimage"},"thumbnailUrl":"https:\/\/deputadotaveirajr.com.br\/wp-content\/uploads\/2024\/12\/materia-3-foto-1-felinto-yZazxU.jpeg","datePublished":"2024-12-02T18:01:10+00:00","breadcrumb":{"@id":"https:\/\/deputadotaveirajr.com.br\/index.php\/sustentabilidade-no-carnatal-2024-destaque-para-acoes-de-esg\/#breadcrumb"},"inLanguage":"pt-BR","potentialAction":[{"@type":"ReadAction","target":["https:\/\/deputadotaveirajr.com.br\/index.php\/sustentabilidade-no-carnatal-2024-destaque-para-acoes-de-esg\/"]}]},{"@type":"ImageObject","inLanguage":"pt-BR","@id":"https:\/\/deputadotaveirajr.com.br\/index.php\/sustentabilidade-no-carnatal-2024-destaque-para-acoes-de-esg\/#primaryimage","url":"https:\/\/deputadotaveirajr.com.br\/wp-content\/uploads\/2024\/12\/materia-3-foto-1-felinto-yZazxU.jpeg","contentUrl":"https:\/\/deputadotaveirajr.com.br\/wp-content\/uploads\/2024\/12\/materia-3-foto-1-felinto-yZazxU.jpeg","width":1280,"height":853},{"@type":"BreadcrumbList","@id":"https:\/\/deputadotaveirajr.com.br\/index.php\/sustentabilidade-no-carnatal-2024-destaque-para-acoes-de-esg\/#breadcrumb","itemListElement":[{"@type":"ListItem","position":1,"name":"In\u00edcio","item":"https:\/\/deputadotaveirajr.com.br\/"},{"@type":"ListItem","position":2,"name":"Sustentabilidade no Carnatal 2024: destaque para a\u00e7\u00f5es de ESG"}]},{"@type":"WebSite","@id":"https:\/\/deputadotaveirajr.com.br\/#website","url":"https:\/\/deputadotaveirajr.com.br\/","name":"Taveira Jr","description":"Deputado Estadual","publisher":{"@id":"https:\/\/deputadotaveirajr.com.br\/#organization"},"potentialAction":[{"@type":"SearchAction","target":{"@type":"EntryPoint","urlTemplate":"https:\/\/deputadotaveirajr.com.br\/?s={search_term_string}"},"query-input":{"@type":"PropertyValueSpecification","valueRequired":true,"valueName":"search_term_string"}}],"inLanguage":"pt-BR"},{"@type":"Organization","@id":"https:\/\/deputadotaveirajr.com.br\/#organization","name":"Taveira Jr","url":"https:\/\/deputadotaveirajr.com.br\/","logo":{"@type":"ImageObject","inLanguage":"pt-BR","@id":"https:\/\/deputadotaveirajr.com.br\/#\/schema\/logo\/image\/","url":"https:\/\/deputadotaveirajr.com.br\/wp-content\/uploads\/2026\/01\/logolow2a.png","contentUrl":"https:\/\/deputadotaveirajr.com.br\/wp-content\/uploads\/2026\/01\/logolow2a.png","width":290,"height":80,"caption":"Taveira Jr"},"image":{"@id":"https:\/\/deputadotaveirajr.com.br\/#\/schema\/logo\/image\/"}}]}},"_links":{"self":[{"href":"https:\/\/deputadotaveirajr.com.br\/index.php\/wp-json\/wp\/v2\/pages\/11542","targetHints":{"allow":["GET"]}}],"collection":[{"href":"https:\/\/deputadotaveirajr.com.br\/index.php\/wp-json\/wp\/v2\/pages"}],"about":[{"href":"https:\/\/deputadotaveirajr.com.br\/index.php\/wp-json\/wp\/v2\/types\/page"}],"replies":[{"embeddable":true,"href":"https:\/\/deputadotaveirajr.com.br\/index.php\/wp-json\/wp\/v2\/comments?post=11542"}],"version-history":[{"count":0,"href":"https:\/\/deputadotaveirajr.com.br\/index.php\/wp-json\/wp\/v2\/pages\/11542\/revisions"}],"wp:featuredmedia":[{"embeddable":true,"href":"https:\/\/deputadotaveirajr.com.br\/index.php\/wp-json\/wp\/v2\/media\/11543"}],"wp:attachment":[{"href":"https:\/\/deputadotaveirajr.com.br\/index.php\/wp-json\/wp\/v2\/media?parent=11542"}],"curies":[{"name":"wp","href":"https:\/\/api.w.org\/{rel}","templated":true}]}}