{"id":11560,"date":"2024-12-05T18:49:33","date_gmt":"2024-12-05T21:49:33","guid":{"rendered":"https:\/\/deputadotaveirajr.com.br\/index.php\/motociclista-morre-apos-bater-em-carro-e-ser-atropelado-por-caminhao-no-prolongamento-da-prudente-em-natal\/"},"modified":"2024-12-05T18:49:33","modified_gmt":"2024-12-05T21:49:33","slug":"motociclista-morre-apos-bater-em-carro-e-ser-atropelado-por-caminhao-no-prolongamento-da-prudente-em-natal","status":"publish","type":"page","link":"https:\/\/deputadotaveirajr.com.br\/index.php\/motociclista-morre-apos-bater-em-carro-e-ser-atropelado-por-caminhao-no-prolongamento-da-prudente-em-natal\/","title":{"rendered":"Motociclista morre ap\u00f3s bater em carro e ser atropelado por caminh\u00e3o no Prolongamento da Prudente, em Natal"},"content":{"rendered":"<p>     Acidente aconteceu na tarde desta quinta-feira (5). Acidente aconteceu quando outro motorista parou para fazer retorno irregular &#8211; ele fugiu ap\u00f3s acidente. Acidente com motociclista aconteceu no Prolongamento da Prudente de Morais<br \/>\nAnselmo Ferreira\/Inter TV Cabugi<br \/>\nUm motociclista morreu na tarde desta quinta-feira (5) ap\u00f3s bater em uma caminhonete e ser atropelado por um caminh\u00e3o na Avenida Omar O&#8217;Grady, conhecida como Prolongamento da Prudente de Morais, na Zona Sul de Natal. O nome da v\u00edtima n\u00e3o foi revelado.<br \/>\nO acidente aconteceu nas proximidades da rotat\u00f3ria que liga o bairro Pitimbu. Motoristas que estiveram envolvidos no acidente e testemunhas contaram que um carro parou bruscamente para fazer um retorno irregular no canteiro central da pista.<br \/>\n\ud83d\udcf3Participe do canal do g1 RN no WhatsApp<br \/>\nNesse momento, os carros que estavam atr\u00e1s precisaram frear rapidamente. O motociclista, no entanto, n\u00e3o conseguiu parar e atingiu uma caminhonete, caindo na pista. Um caminh\u00e3o que tamb\u00e9m n\u00e3o conseguiu frear atropelou o motociclista e tamb\u00e9m passou por cima da moto.<br \/>\nTestemunhas contaram que o motorista do carro que tentou fazer a convers\u00e3o irregular fugiu do local sem prestar socorro. Os demais envolvidos no acidente permaneceram.<br \/>\nO motociclista foi levado ao hospital com ferimentos e morreu na unidade de sa\u00fade, segundo relataram os colegas de trabalho dele. Ele trabalhava em uma oficina mec\u00e2nica e fazia o transporte de uma pe\u00e7a no momento do acidente.<br \/>\nPor ter resultado em morte, o acidente ser\u00e1 investigado pela Pol\u00edcia Civil.<br \/>\nV\u00eddeos mais assistidos do g1 RN<\/p>","protected":false},"excerpt":{"rendered":"<p>Acidente aconteceu na tarde desta quinta-feira (5). Acidente aconteceu quando outro motorista parou para fazer retorno irregular &#8211; ele fugiu ap\u00f3s acidente. Acidente com motociclista aconteceu no Prolongamento da Prudente &#8230;<\/p>\n","protected":false},"author":0,"featured_media":11561,"parent":0,"menu_order":0,"comment_status":"closed","ping_status":"closed","template":"","meta":{"footnotes":""},"class_list":["post-11560","page","type-page","status-publish","has-post-thumbnail","hentry"],"yoast_head":"<!-- This site is optimized with the Yoast SEO plugin v27.1.1 - https:\/\/yoast.com\/product\/yoast-seo-wordpress\/ -->\n<title>Motociclista morre ap\u00f3s bater em carro e ser atropelado por caminh\u00e3o no Prolongamento da Prudente, em Natal - Taveira Jr<\/title>\n<meta name=\"robots\" content=\"index, follow, max-snippet:-1, max-image-preview:large, max-video-preview:-1\" \/>\n<link rel=\"canonical\" href=\"https:\/\/deputadotaveirajr.com.br\/index.php\/motociclista-morre-apos-bater-em-carro-e-ser-atropelado-por-caminhao-no-prolongamento-da-prudente-em-natal\/\" \/>\n<meta property=\"og:locale\" content=\"pt_BR\" \/>\n<meta property=\"og:type\" content=\"article\" \/>\n<meta property=\"og:title\" content=\"Motociclista morre ap\u00f3s bater em carro e ser atropelado por caminh\u00e3o no Prolongamento da Prudente, em Natal - Taveira Jr\" \/>\n<meta property=\"og:description\" content=\"Acidente aconteceu na tarde desta quinta-feira (5). Acidente aconteceu quando outro motorista parou para fazer retorno irregular &#8211; ele fugiu ap\u00f3s acidente. Acidente com motociclista aconteceu no Prolongamento da Prudente ...\" \/>\n<meta property=\"og:url\" content=\"https:\/\/deputadotaveirajr.com.br\/index.php\/motociclista-morre-apos-bater-em-carro-e-ser-atropelado-por-caminhao-no-prolongamento-da-prudente-em-natal\/\" \/>\n<meta property=\"og:site_name\" content=\"Taveira Jr\" \/>\n<meta name=\"twitter:card\" content=\"summary_large_image\" \/>\n<meta name=\"twitter:label1\" content=\"Est. tempo de leitura\" \/>\n\t<meta name=\"twitter:data1\" content=\"1 minuto\" \/>\n<script type=\"application\/ld+json\" class=\"yoast-schema-graph\">{\"@context\":\"https:\/\/schema.org\",\"@graph\":[{\"@type\":\"WebPage\",\"@id\":\"https:\/\/deputadotaveirajr.com.br\/index.php\/motociclista-morre-apos-bater-em-carro-e-ser-atropelado-por-caminhao-no-prolongamento-da-prudente-em-natal\/\",\"url\":\"https:\/\/deputadotaveirajr.com.br\/index.php\/motociclista-morre-apos-bater-em-carro-e-ser-atropelado-por-caminhao-no-prolongamento-da-prudente-em-natal\/\",\"name\":\"Motociclista morre ap\u00f3s bater em carro e ser atropelado por caminh\u00e3o no Prolongamento da Prudente, em Natal - Taveira Jr\",\"isPartOf\":{\"@id\":\"https:\/\/deputadotaveirajr.com.br\/#website\"},\"primaryImageOfPage\":{\"@id\":\"https:\/\/deputadotaveirajr.com.br\/index.php\/motociclista-morre-apos-bater-em-carro-e-ser-atropelado-por-caminhao-no-prolongamento-da-prudente-em-natal\/#primaryimage\"},\"image\":{\"@id\":\"https:\/\/deputadotaveirajr.com.br\/index.php\/motociclista-morre-apos-bater-em-carro-e-ser-atropelado-por-caminhao-no-prolongamento-da-prudente-em-natal\/#primaryimage\"},\"thumbnailUrl\":\"https:\/\/deputadotaveirajr.com.br\/wp-content\/uploads\/2024\/12\/whatsapp-image-2024-12-05-at-16.47.09-vhbxaZ.jpeg\",\"datePublished\":\"2024-12-05T21:49:33+00:00\",\"breadcrumb\":{\"@id\":\"https:\/\/deputadotaveirajr.com.br\/index.php\/motociclista-morre-apos-bater-em-carro-e-ser-atropelado-por-caminhao-no-prolongamento-da-prudente-em-natal\/#breadcrumb\"},\"inLanguage\":\"pt-BR\",\"potentialAction\":[{\"@type\":\"ReadAction\",\"target\":[\"https:\/\/deputadotaveirajr.com.br\/index.php\/motociclista-morre-apos-bater-em-carro-e-ser-atropelado-por-caminhao-no-prolongamento-da-prudente-em-natal\/\"]}]},{\"@type\":\"ImageObject\",\"inLanguage\":\"pt-BR\",\"@id\":\"https:\/\/deputadotaveirajr.com.br\/index.php\/motociclista-morre-apos-bater-em-carro-e-ser-atropelado-por-caminhao-no-prolongamento-da-prudente-em-natal\/#primaryimage\",\"url\":\"https:\/\/deputadotaveirajr.com.br\/wp-content\/uploads\/2024\/12\/whatsapp-image-2024-12-05-at-16.47.09-vhbxaZ.jpeg\",\"contentUrl\":\"https:\/\/deputadotaveirajr.com.br\/wp-content\/uploads\/2024\/12\/whatsapp-image-2024-12-05-at-16.47.09-vhbxaZ.jpeg\",\"width\":998,\"height\":561},{\"@type\":\"BreadcrumbList\",\"@id\":\"https:\/\/deputadotaveirajr.com.br\/index.php\/motociclista-morre-apos-bater-em-carro-e-ser-atropelado-por-caminhao-no-prolongamento-da-prudente-em-natal\/#breadcrumb\",\"itemListElement\":[{\"@type\":\"ListItem\",\"position\":1,\"name\":\"In\u00edcio\",\"item\":\"https:\/\/deputadotaveirajr.com.br\/\"},{\"@type\":\"ListItem\",\"position\":2,\"name\":\"Motociclista morre ap\u00f3s bater em carro e ser atropelado por caminh\u00e3o no Prolongamento da Prudente, em Natal\"}]},{\"@type\":\"WebSite\",\"@id\":\"https:\/\/deputadotaveirajr.com.br\/#website\",\"url\":\"https:\/\/deputadotaveirajr.com.br\/\",\"name\":\"Taveira Jr\",\"description\":\"Deputado Estadual\",\"publisher\":{\"@id\":\"https:\/\/deputadotaveirajr.com.br\/#organization\"},\"potentialAction\":[{\"@type\":\"SearchAction\",\"target\":{\"@type\":\"EntryPoint\",\"urlTemplate\":\"https:\/\/deputadotaveirajr.com.br\/?s={search_term_string}\"},\"query-input\":{\"@type\":\"PropertyValueSpecification\",\"valueRequired\":true,\"valueName\":\"search_term_string\"}}],\"inLanguage\":\"pt-BR\"},{\"@type\":\"Organization\",\"@id\":\"https:\/\/deputadotaveirajr.com.br\/#organization\",\"name\":\"Taveira Jr\",\"url\":\"https:\/\/deputadotaveirajr.com.br\/\",\"logo\":{\"@type\":\"ImageObject\",\"inLanguage\":\"pt-BR\",\"@id\":\"https:\/\/deputadotaveirajr.com.br\/#\/schema\/logo\/image\/\",\"url\":\"https:\/\/deputadotaveirajr.com.br\/wp-content\/uploads\/2026\/01\/logolow2a.png\",\"contentUrl\":\"https:\/\/deputadotaveirajr.com.br\/wp-content\/uploads\/2026\/01\/logolow2a.png\",\"width\":290,\"height\":80,\"caption\":\"Taveira Jr\"},\"image\":{\"@id\":\"https:\/\/deputadotaveirajr.com.br\/#\/schema\/logo\/image\/\"}}]}<\/script>\n<!-- \/ Yoast SEO plugin. -->","yoast_head_json":{"title":"Motociclista morre ap\u00f3s bater em carro e ser atropelado por caminh\u00e3o no Prolongamento da Prudente, em Natal - Taveira Jr","robots":{"index":"index","follow":"follow","max-snippet":"max-snippet:-1","max-image-preview":"max-image-preview:large","max-video-preview":"max-video-preview:-1"},"canonical":"https:\/\/deputadotaveirajr.com.br\/index.php\/motociclista-morre-apos-bater-em-carro-e-ser-atropelado-por-caminhao-no-prolongamento-da-prudente-em-natal\/","og_locale":"pt_BR","og_type":"article","og_title":"Motociclista morre ap\u00f3s bater em carro e ser atropelado por caminh\u00e3o no Prolongamento da Prudente, em Natal - Taveira Jr","og_description":"Acidente aconteceu na tarde desta quinta-feira (5). Acidente aconteceu quando outro motorista parou para fazer retorno irregular &#8211; ele fugiu ap\u00f3s acidente. Acidente com motociclista aconteceu no Prolongamento da Prudente ...","og_url":"https:\/\/deputadotaveirajr.com.br\/index.php\/motociclista-morre-apos-bater-em-carro-e-ser-atropelado-por-caminhao-no-prolongamento-da-prudente-em-natal\/","og_site_name":"Taveira Jr","twitter_card":"summary_large_image","twitter_misc":{"Est. tempo de leitura":"1 minuto"},"schema":{"@context":"https:\/\/schema.org","@graph":[{"@type":"WebPage","@id":"https:\/\/deputadotaveirajr.com.br\/index.php\/motociclista-morre-apos-bater-em-carro-e-ser-atropelado-por-caminhao-no-prolongamento-da-prudente-em-natal\/","url":"https:\/\/deputadotaveirajr.com.br\/index.php\/motociclista-morre-apos-bater-em-carro-e-ser-atropelado-por-caminhao-no-prolongamento-da-prudente-em-natal\/","name":"Motociclista morre ap\u00f3s bater em carro e ser atropelado por caminh\u00e3o no Prolongamento da Prudente, em Natal - Taveira Jr","isPartOf":{"@id":"https:\/\/deputadotaveirajr.com.br\/#website"},"primaryImageOfPage":{"@id":"https:\/\/deputadotaveirajr.com.br\/index.php\/motociclista-morre-apos-bater-em-carro-e-ser-atropelado-por-caminhao-no-prolongamento-da-prudente-em-natal\/#primaryimage"},"image":{"@id":"https:\/\/deputadotaveirajr.com.br\/index.php\/motociclista-morre-apos-bater-em-carro-e-ser-atropelado-por-caminhao-no-prolongamento-da-prudente-em-natal\/#primaryimage"},"thumbnailUrl":"https:\/\/deputadotaveirajr.com.br\/wp-content\/uploads\/2024\/12\/whatsapp-image-2024-12-05-at-16.47.09-vhbxaZ.jpeg","datePublished":"2024-12-05T21:49:33+00:00","breadcrumb":{"@id":"https:\/\/deputadotaveirajr.com.br\/index.php\/motociclista-morre-apos-bater-em-carro-e-ser-atropelado-por-caminhao-no-prolongamento-da-prudente-em-natal\/#breadcrumb"},"inLanguage":"pt-BR","potentialAction":[{"@type":"ReadAction","target":["https:\/\/deputadotaveirajr.com.br\/index.php\/motociclista-morre-apos-bater-em-carro-e-ser-atropelado-por-caminhao-no-prolongamento-da-prudente-em-natal\/"]}]},{"@type":"ImageObject","inLanguage":"pt-BR","@id":"https:\/\/deputadotaveirajr.com.br\/index.php\/motociclista-morre-apos-bater-em-carro-e-ser-atropelado-por-caminhao-no-prolongamento-da-prudente-em-natal\/#primaryimage","url":"https:\/\/deputadotaveirajr.com.br\/wp-content\/uploads\/2024\/12\/whatsapp-image-2024-12-05-at-16.47.09-vhbxaZ.jpeg","contentUrl":"https:\/\/deputadotaveirajr.com.br\/wp-content\/uploads\/2024\/12\/whatsapp-image-2024-12-05-at-16.47.09-vhbxaZ.jpeg","width":998,"height":561},{"@type":"BreadcrumbList","@id":"https:\/\/deputadotaveirajr.com.br\/index.php\/motociclista-morre-apos-bater-em-carro-e-ser-atropelado-por-caminhao-no-prolongamento-da-prudente-em-natal\/#breadcrumb","itemListElement":[{"@type":"ListItem","position":1,"name":"In\u00edcio","item":"https:\/\/deputadotaveirajr.com.br\/"},{"@type":"ListItem","position":2,"name":"Motociclista morre ap\u00f3s bater em carro e ser atropelado por caminh\u00e3o no Prolongamento da Prudente, em Natal"}]},{"@type":"WebSite","@id":"https:\/\/deputadotaveirajr.com.br\/#website","url":"https:\/\/deputadotaveirajr.com.br\/","name":"Taveira Jr","description":"Deputado Estadual","publisher":{"@id":"https:\/\/deputadotaveirajr.com.br\/#organization"},"potentialAction":[{"@type":"SearchAction","target":{"@type":"EntryPoint","urlTemplate":"https:\/\/deputadotaveirajr.com.br\/?s={search_term_string}"},"query-input":{"@type":"PropertyValueSpecification","valueRequired":true,"valueName":"search_term_string"}}],"inLanguage":"pt-BR"},{"@type":"Organization","@id":"https:\/\/deputadotaveirajr.com.br\/#organization","name":"Taveira Jr","url":"https:\/\/deputadotaveirajr.com.br\/","logo":{"@type":"ImageObject","inLanguage":"pt-BR","@id":"https:\/\/deputadotaveirajr.com.br\/#\/schema\/logo\/image\/","url":"https:\/\/deputadotaveirajr.com.br\/wp-content\/uploads\/2026\/01\/logolow2a.png","contentUrl":"https:\/\/deputadotaveirajr.com.br\/wp-content\/uploads\/2026\/01\/logolow2a.png","width":290,"height":80,"caption":"Taveira Jr"},"image":{"@id":"https:\/\/deputadotaveirajr.com.br\/#\/schema\/logo\/image\/"}}]}},"_links":{"self":[{"href":"https:\/\/deputadotaveirajr.com.br\/index.php\/wp-json\/wp\/v2\/pages\/11560","targetHints":{"allow":["GET"]}}],"collection":[{"href":"https:\/\/deputadotaveirajr.com.br\/index.php\/wp-json\/wp\/v2\/pages"}],"about":[{"href":"https:\/\/deputadotaveirajr.com.br\/index.php\/wp-json\/wp\/v2\/types\/page"}],"replies":[{"embeddable":true,"href":"https:\/\/deputadotaveirajr.com.br\/index.php\/wp-json\/wp\/v2\/comments?post=11560"}],"version-history":[{"count":0,"href":"https:\/\/deputadotaveirajr.com.br\/index.php\/wp-json\/wp\/v2\/pages\/11560\/revisions"}],"wp:featuredmedia":[{"embeddable":true,"href":"https:\/\/deputadotaveirajr.com.br\/index.php\/wp-json\/wp\/v2\/media\/11561"}],"wp:attachment":[{"href":"https:\/\/deputadotaveirajr.com.br\/index.php\/wp-json\/wp\/v2\/media?parent=11560"}],"curies":[{"name":"wp","href":"https:\/\/api.w.org\/{rel}","templated":true}]}}