{"id":11562,"date":"2024-12-05T17:37:01","date_gmt":"2024-12-05T20:37:01","guid":{"rendered":"https:\/\/deputadotaveirajr.com.br\/index.php\/novo-codigo-de-obras-de-natal-e-aprovado-na-camara-municipal\/"},"modified":"2024-12-05T17:37:01","modified_gmt":"2024-12-05T20:37:01","slug":"novo-codigo-de-obras-de-natal-e-aprovado-na-camara-municipal","status":"publish","type":"page","link":"https:\/\/deputadotaveirajr.com.br\/index.php\/novo-codigo-de-obras-de-natal-e-aprovado-na-camara-municipal\/","title":{"rendered":"Novo C\u00f3digo de Obras de Natal \u00e9 aprovado na C\u00e2mara Municipal"},"content":{"rendered":"<p>     C\u00f3digo vigente \u00e9 de 2004 e nunca passou por revis\u00e3o, tendo altera\u00e7\u00f5es pontuais. Projeto, que teve nove emendas, foi enviado para san\u00e7\u00e3o do prefeito \u00c1lvaro Dias (Republicanos). Vereadores de Natal votam co\u0301digo de obras<br \/>\nA C\u00e2mara Municipal de Natal aprovou nesta quinta-feira (5), em segunda discuss\u00e3o, o novo C\u00f3digo de Obras e Edifica\u00e7\u00f5es da capital potiguar. A mat\u00e9ria, enviada pela prefeitura de Natal, recebeu nove emendas dos vereadores em sua revis\u00e3o.<br \/>\nAp\u00f3s essa aprova\u00e7\u00e3o, o projeto, de mais de 100 p\u00e1ginas, volta ao prefeito \u00c1lvaro Dias (Republicanos) para ser sancionado, com ou sem vetos, e virar lei.<br \/>\n\ud83d\udcf3Participe do canal do g1 RN no WhatsApp<br \/>\nO C\u00f3digo de Obras e Edifica\u00e7\u00f5es \u00e9 uma lei que estabelece regras gerais e espec\u00edficas para projetos, constru\u00e7\u00f5es, pedidos de licenciamento, manuten\u00e7\u00e3o e utiliza\u00e7\u00e3o das obras e edifica\u00e7\u00f5es no limite dos im\u00f3veis. A lei visa garantir o ordenamento urbano.<br \/>\nO C\u00f3digo de Obras vigente \u00e9 de 2004. Durante os \u00faltimos 20 anos, o documento n\u00e3o havia passado por revis\u00f5es, apenas por altera\u00e7\u00f5es pontuais em artigos.<br \/>\nDos 25 vereadores, 21 aprovaram o projeto.<br \/>\n&#8220;Fizemos congru\u00eancia com o Plano diretor e outras legisla\u00e7\u00f5es que surgiram nesses vinte anos. Uma cidade muda em duas d\u00e9cadas, precisando que suas leis acompanhem&#8221;, disse a vereadora Nina Souza (Uni\u00e3o Brasil), que presidiu a sess\u00e3o.<br \/>\nPrevisto para tamb\u00e9m ser votado na sess\u00e3o desta quinta-feira (5) na C\u00e2mara Municipal de Natal, o projeto que permite a constru\u00e7\u00e3o de pr\u00e9dios para uso misto, ou seja, residencial e comercial, na Via Costeira n\u00e3o entrou em pauta.<br \/>\nA pauta est\u00e1 dentro do projeto de lei que trata sobre as \u00c1reas Especiais de Interesse Tur\u00edstico e Paisag\u00edstico (AEITPs).<br \/>\nProjeto de lei<br \/>\nO l\u00edder o governo municipal na C\u00e2mara, o vereador Kleber Fernandes (Republicanos), explicou que o novo Plano Diretor do Munic\u00edpio, sancionado em 2022,  previa, como legisla\u00e7\u00e3o complementar, a revis\u00e3o do C\u00f3digo de Obras e Edifica\u00e7\u00f5es.<br \/>\n&#8220;H\u00e1 essa necessidade de atualiza\u00e7\u00e3o quanto \u00e0s especifica\u00e7\u00f5es t\u00e9cnicas acerca de licenciamentos de novas obras, constru\u00e7\u00f5es e reformas. S\u00e3o altera\u00e7\u00f5es que tratam de padroniza\u00e7\u00f5es, acessibilidade, al\u00e9m de mecanismos de sustentabilidade, como reutiliza\u00e7\u00e3o de \u00e1gua, utiliza\u00e7\u00e3o de energias renov\u00e1veis&#8221;, disse.<br \/>\n &#8220;A atualiza\u00e7\u00e3o do C\u00f3digo de Obras traz seguran\u00e7a jur\u00eddica e acaba com a incoer\u00eancia ao Plano Diretor, fazendo com que o setor de constru\u00e7\u00e3o civil, especialmente, possa continuar desenvolvendo as \u00e1reas de infraestrutura de Natal&#8221;, completou o secret\u00e1rio de Meio Ambiente e Urbanismo de Natal, Thiago Mesquita, que compareceu \u00e0 sess\u00e3o.<br \/>\nEmendas<br \/>\nO vereador T\u00e9rcio Tinoco (Uni\u00e3o Brasil) apresentou quatro das nove emendas adicionadas ao C\u00f3digo &#8211; todas voltadas para acessibilidade na capital potiguar.<br \/>\nUma das emendas aprovadas amplia a exig\u00eancia de acessibilidade nas \u00e1reas destinadas a funcion\u00e1rios de microempresas e empresas de pequeno porte &#8211; apenas microempreeendores individuais ficam livres da exig\u00eancia, desde que n\u00e3o tenham pessoas com defici\u00eancia no seu quadro<br \/>\n &#8220;\u00c9 surreal imaginar que at\u00e9 agora, essas empresas n\u00e3o tinham obriga\u00e7\u00e3o de ser acess\u00edvel para os pr\u00f3prios funcion\u00e1rios. Se a pessoa com defici\u00eancia n\u00e3o \u00e9 respeitada em suas necessidades no pr\u00f3prio local de trabalho, como vai desempenhar bem sua fun\u00e7\u00e3o?&#8221;, questiona o vereador.<br \/>\nO vereador Daniel Valen\u00e7a (PT) foi o autor de duas emendas adicionadas ao projeto.  A primeira emenda inclui entre os princ\u00edpios do C\u00f3digo a preval\u00eancia do interesse coletivo sobre interesses particulares e a garantia de moradias regulares.<br \/>\nJ\u00e1 a segunda determina que o Poder P\u00fablico monitore problemas detectados em projetos fiscalizados e autuados ap\u00f3s o licenciamento por autodeclara\u00e7\u00e3o. Essa modalidade de licenciamento, introduzida pelo novo C\u00f3digo de Obras, permite que informa\u00e7\u00f5es t\u00e9cnicas sobre empreendimentos sejam apresentadas em um ambiente virtual, com a aprova\u00e7\u00e3o condicionado ao cumprimento dos requisitos ambientais e urban\u00edsticos previstos na legisla\u00e7\u00e3o.<br \/>\nO vereador Daniel Valen\u00e7a manifestou preocupa\u00e7\u00e3o com os impactos gerais da nova lei. &#8220;Entendemos que, de forma geral, o C\u00f3digo de Obras aprovado hoje \u00e9 negativo para a sociedade. Por tr\u00e1s dos argumentos de desenvolvimento, o que se v\u00ea \u00e9 uma flexibiliza\u00e7\u00e3o de regras essenciais para a coletividade\u201d, disse.<br \/>\nC\u00e2mara Municipal de Natal: vereadores aprovaram projeto de lei que revisa C\u00f3digo de Obras e Edifica\u00e7\u00f5es da cidade<br \/>\nFrancisco de Assis\/CMN<br \/>\nV\u00eddeos mais assistidos do g1 RN<\/p>","protected":false},"excerpt":{"rendered":"<p>C\u00f3digo vigente \u00e9 de 2004 e nunca passou por revis\u00e3o, tendo altera\u00e7\u00f5es pontuais. Projeto, que teve nove emendas, foi enviado para san\u00e7\u00e3o do prefeito \u00c1lvaro Dias (Republicanos). Vereadores de Natal &#8230;<\/p>\n","protected":false},"author":0,"featured_media":11563,"parent":0,"menu_order":0,"comment_status":"closed","ping_status":"closed","template":"","meta":{"footnotes":""},"class_list":["post-11562","page","type-page","status-publish","has-post-thumbnail","hentry"],"yoast_head":"<!-- This site is optimized with the Yoast SEO plugin v27.1.1 - https:\/\/yoast.com\/product\/yoast-seo-wordpress\/ -->\n<title>Novo C\u00f3digo de Obras de Natal \u00e9 aprovado na C\u00e2mara Municipal - Taveira Jr<\/title>\n<meta name=\"robots\" content=\"index, follow, max-snippet:-1, max-image-preview:large, max-video-preview:-1\" \/>\n<link rel=\"canonical\" href=\"https:\/\/deputadotaveirajr.com.br\/index.php\/novo-codigo-de-obras-de-natal-e-aprovado-na-camara-municipal\/\" \/>\n<meta property=\"og:locale\" content=\"pt_BR\" \/>\n<meta property=\"og:type\" content=\"article\" \/>\n<meta property=\"og:title\" content=\"Novo C\u00f3digo de Obras de Natal \u00e9 aprovado na C\u00e2mara Municipal - Taveira Jr\" \/>\n<meta property=\"og:description\" content=\"C\u00f3digo vigente \u00e9 de 2004 e nunca passou por revis\u00e3o, tendo altera\u00e7\u00f5es pontuais. Projeto, que teve nove emendas, foi enviado para san\u00e7\u00e3o do prefeito \u00c1lvaro Dias (Republicanos). Vereadores de Natal ...\" \/>\n<meta property=\"og:url\" content=\"https:\/\/deputadotaveirajr.com.br\/index.php\/novo-codigo-de-obras-de-natal-e-aprovado-na-camara-municipal\/\" \/>\n<meta property=\"og:site_name\" content=\"Taveira Jr\" \/>\n<meta name=\"twitter:card\" content=\"summary_large_image\" \/>\n<meta name=\"twitter:label1\" content=\"Est. tempo de leitura\" \/>\n\t<meta name=\"twitter:data1\" content=\"4 minutos\" \/>\n<script type=\"application\/ld+json\" class=\"yoast-schema-graph\">{\"@context\":\"https:\/\/schema.org\",\"@graph\":[{\"@type\":\"WebPage\",\"@id\":\"https:\/\/deputadotaveirajr.com.br\/index.php\/novo-codigo-de-obras-de-natal-e-aprovado-na-camara-municipal\/\",\"url\":\"https:\/\/deputadotaveirajr.com.br\/index.php\/novo-codigo-de-obras-de-natal-e-aprovado-na-camara-municipal\/\",\"name\":\"Novo C\u00f3digo de Obras de Natal \u00e9 aprovado na C\u00e2mara Municipal - Taveira Jr\",\"isPartOf\":{\"@id\":\"https:\/\/deputadotaveirajr.com.br\/#website\"},\"primaryImageOfPage\":{\"@id\":\"https:\/\/deputadotaveirajr.com.br\/index.php\/novo-codigo-de-obras-de-natal-e-aprovado-na-camara-municipal\/#primaryimage\"},\"image\":{\"@id\":\"https:\/\/deputadotaveirajr.com.br\/index.php\/novo-codigo-de-obras-de-natal-e-aprovado-na-camara-municipal\/#primaryimage\"},\"thumbnailUrl\":\"https:\/\/deputadotaveirajr.com.br\/wp-content\/uploads\/2024\/12\/francisco-de-assis-1eiVMV.jpeg\",\"datePublished\":\"2024-12-05T20:37:01+00:00\",\"breadcrumb\":{\"@id\":\"https:\/\/deputadotaveirajr.com.br\/index.php\/novo-codigo-de-obras-de-natal-e-aprovado-na-camara-municipal\/#breadcrumb\"},\"inLanguage\":\"pt-BR\",\"potentialAction\":[{\"@type\":\"ReadAction\",\"target\":[\"https:\/\/deputadotaveirajr.com.br\/index.php\/novo-codigo-de-obras-de-natal-e-aprovado-na-camara-municipal\/\"]}]},{\"@type\":\"ImageObject\",\"inLanguage\":\"pt-BR\",\"@id\":\"https:\/\/deputadotaveirajr.com.br\/index.php\/novo-codigo-de-obras-de-natal-e-aprovado-na-camara-municipal\/#primaryimage\",\"url\":\"https:\/\/deputadotaveirajr.com.br\/wp-content\/uploads\/2024\/12\/francisco-de-assis-1eiVMV.jpeg\",\"contentUrl\":\"https:\/\/deputadotaveirajr.com.br\/wp-content\/uploads\/2024\/12\/francisco-de-assis-1eiVMV.jpeg\",\"width\":1280,\"height\":803},{\"@type\":\"BreadcrumbList\",\"@id\":\"https:\/\/deputadotaveirajr.com.br\/index.php\/novo-codigo-de-obras-de-natal-e-aprovado-na-camara-municipal\/#breadcrumb\",\"itemListElement\":[{\"@type\":\"ListItem\",\"position\":1,\"name\":\"In\u00edcio\",\"item\":\"https:\/\/deputadotaveirajr.com.br\/\"},{\"@type\":\"ListItem\",\"position\":2,\"name\":\"Novo C\u00f3digo de Obras de Natal \u00e9 aprovado na C\u00e2mara Municipal\"}]},{\"@type\":\"WebSite\",\"@id\":\"https:\/\/deputadotaveirajr.com.br\/#website\",\"url\":\"https:\/\/deputadotaveirajr.com.br\/\",\"name\":\"Taveira Jr\",\"description\":\"Deputado Estadual\",\"publisher\":{\"@id\":\"https:\/\/deputadotaveirajr.com.br\/#organization\"},\"potentialAction\":[{\"@type\":\"SearchAction\",\"target\":{\"@type\":\"EntryPoint\",\"urlTemplate\":\"https:\/\/deputadotaveirajr.com.br\/?s={search_term_string}\"},\"query-input\":{\"@type\":\"PropertyValueSpecification\",\"valueRequired\":true,\"valueName\":\"search_term_string\"}}],\"inLanguage\":\"pt-BR\"},{\"@type\":\"Organization\",\"@id\":\"https:\/\/deputadotaveirajr.com.br\/#organization\",\"name\":\"Taveira Jr\",\"url\":\"https:\/\/deputadotaveirajr.com.br\/\",\"logo\":{\"@type\":\"ImageObject\",\"inLanguage\":\"pt-BR\",\"@id\":\"https:\/\/deputadotaveirajr.com.br\/#\/schema\/logo\/image\/\",\"url\":\"https:\/\/deputadotaveirajr.com.br\/wp-content\/uploads\/2026\/01\/logolow2a.png\",\"contentUrl\":\"https:\/\/deputadotaveirajr.com.br\/wp-content\/uploads\/2026\/01\/logolow2a.png\",\"width\":290,\"height\":80,\"caption\":\"Taveira Jr\"},\"image\":{\"@id\":\"https:\/\/deputadotaveirajr.com.br\/#\/schema\/logo\/image\/\"}}]}<\/script>\n<!-- \/ Yoast SEO plugin. -->","yoast_head_json":{"title":"Novo C\u00f3digo de Obras de Natal \u00e9 aprovado na C\u00e2mara Municipal - Taveira Jr","robots":{"index":"index","follow":"follow","max-snippet":"max-snippet:-1","max-image-preview":"max-image-preview:large","max-video-preview":"max-video-preview:-1"},"canonical":"https:\/\/deputadotaveirajr.com.br\/index.php\/novo-codigo-de-obras-de-natal-e-aprovado-na-camara-municipal\/","og_locale":"pt_BR","og_type":"article","og_title":"Novo C\u00f3digo de Obras de Natal \u00e9 aprovado na C\u00e2mara Municipal - Taveira Jr","og_description":"C\u00f3digo vigente \u00e9 de 2004 e nunca passou por revis\u00e3o, tendo altera\u00e7\u00f5es pontuais. Projeto, que teve nove emendas, foi enviado para san\u00e7\u00e3o do prefeito \u00c1lvaro Dias (Republicanos). Vereadores de Natal ...","og_url":"https:\/\/deputadotaveirajr.com.br\/index.php\/novo-codigo-de-obras-de-natal-e-aprovado-na-camara-municipal\/","og_site_name":"Taveira Jr","twitter_card":"summary_large_image","twitter_misc":{"Est. tempo de leitura":"4 minutos"},"schema":{"@context":"https:\/\/schema.org","@graph":[{"@type":"WebPage","@id":"https:\/\/deputadotaveirajr.com.br\/index.php\/novo-codigo-de-obras-de-natal-e-aprovado-na-camara-municipal\/","url":"https:\/\/deputadotaveirajr.com.br\/index.php\/novo-codigo-de-obras-de-natal-e-aprovado-na-camara-municipal\/","name":"Novo C\u00f3digo de Obras de Natal \u00e9 aprovado na C\u00e2mara Municipal - Taveira Jr","isPartOf":{"@id":"https:\/\/deputadotaveirajr.com.br\/#website"},"primaryImageOfPage":{"@id":"https:\/\/deputadotaveirajr.com.br\/index.php\/novo-codigo-de-obras-de-natal-e-aprovado-na-camara-municipal\/#primaryimage"},"image":{"@id":"https:\/\/deputadotaveirajr.com.br\/index.php\/novo-codigo-de-obras-de-natal-e-aprovado-na-camara-municipal\/#primaryimage"},"thumbnailUrl":"https:\/\/deputadotaveirajr.com.br\/wp-content\/uploads\/2024\/12\/francisco-de-assis-1eiVMV.jpeg","datePublished":"2024-12-05T20:37:01+00:00","breadcrumb":{"@id":"https:\/\/deputadotaveirajr.com.br\/index.php\/novo-codigo-de-obras-de-natal-e-aprovado-na-camara-municipal\/#breadcrumb"},"inLanguage":"pt-BR","potentialAction":[{"@type":"ReadAction","target":["https:\/\/deputadotaveirajr.com.br\/index.php\/novo-codigo-de-obras-de-natal-e-aprovado-na-camara-municipal\/"]}]},{"@type":"ImageObject","inLanguage":"pt-BR","@id":"https:\/\/deputadotaveirajr.com.br\/index.php\/novo-codigo-de-obras-de-natal-e-aprovado-na-camara-municipal\/#primaryimage","url":"https:\/\/deputadotaveirajr.com.br\/wp-content\/uploads\/2024\/12\/francisco-de-assis-1eiVMV.jpeg","contentUrl":"https:\/\/deputadotaveirajr.com.br\/wp-content\/uploads\/2024\/12\/francisco-de-assis-1eiVMV.jpeg","width":1280,"height":803},{"@type":"BreadcrumbList","@id":"https:\/\/deputadotaveirajr.com.br\/index.php\/novo-codigo-de-obras-de-natal-e-aprovado-na-camara-municipal\/#breadcrumb","itemListElement":[{"@type":"ListItem","position":1,"name":"In\u00edcio","item":"https:\/\/deputadotaveirajr.com.br\/"},{"@type":"ListItem","position":2,"name":"Novo C\u00f3digo de Obras de Natal \u00e9 aprovado na C\u00e2mara Municipal"}]},{"@type":"WebSite","@id":"https:\/\/deputadotaveirajr.com.br\/#website","url":"https:\/\/deputadotaveirajr.com.br\/","name":"Taveira Jr","description":"Deputado Estadual","publisher":{"@id":"https:\/\/deputadotaveirajr.com.br\/#organization"},"potentialAction":[{"@type":"SearchAction","target":{"@type":"EntryPoint","urlTemplate":"https:\/\/deputadotaveirajr.com.br\/?s={search_term_string}"},"query-input":{"@type":"PropertyValueSpecification","valueRequired":true,"valueName":"search_term_string"}}],"inLanguage":"pt-BR"},{"@type":"Organization","@id":"https:\/\/deputadotaveirajr.com.br\/#organization","name":"Taveira Jr","url":"https:\/\/deputadotaveirajr.com.br\/","logo":{"@type":"ImageObject","inLanguage":"pt-BR","@id":"https:\/\/deputadotaveirajr.com.br\/#\/schema\/logo\/image\/","url":"https:\/\/deputadotaveirajr.com.br\/wp-content\/uploads\/2026\/01\/logolow2a.png","contentUrl":"https:\/\/deputadotaveirajr.com.br\/wp-content\/uploads\/2026\/01\/logolow2a.png","width":290,"height":80,"caption":"Taveira Jr"},"image":{"@id":"https:\/\/deputadotaveirajr.com.br\/#\/schema\/logo\/image\/"}}]}},"_links":{"self":[{"href":"https:\/\/deputadotaveirajr.com.br\/index.php\/wp-json\/wp\/v2\/pages\/11562","targetHints":{"allow":["GET"]}}],"collection":[{"href":"https:\/\/deputadotaveirajr.com.br\/index.php\/wp-json\/wp\/v2\/pages"}],"about":[{"href":"https:\/\/deputadotaveirajr.com.br\/index.php\/wp-json\/wp\/v2\/types\/page"}],"replies":[{"embeddable":true,"href":"https:\/\/deputadotaveirajr.com.br\/index.php\/wp-json\/wp\/v2\/comments?post=11562"}],"version-history":[{"count":0,"href":"https:\/\/deputadotaveirajr.com.br\/index.php\/wp-json\/wp\/v2\/pages\/11562\/revisions"}],"wp:featuredmedia":[{"embeddable":true,"href":"https:\/\/deputadotaveirajr.com.br\/index.php\/wp-json\/wp\/v2\/media\/11563"}],"wp:attachment":[{"href":"https:\/\/deputadotaveirajr.com.br\/index.php\/wp-json\/wp\/v2\/media?parent=11562"}],"curies":[{"name":"wp","href":"https:\/\/api.w.org\/{rel}","templated":true}]}}