{"id":11584,"date":"2024-12-06T15:10:40","date_gmt":"2024-12-06T18:10:40","guid":{"rendered":"https:\/\/deputadotaveirajr.com.br\/index.php\/mp-pede-bloqueio-de-r-37-milhoes-da-prefeitura-de-natal-para-garantir-medicamentos-em-unidades-de-saude\/"},"modified":"2024-12-06T15:10:40","modified_gmt":"2024-12-06T18:10:40","slug":"mp-pede-bloqueio-de-r-37-milhoes-da-prefeitura-de-natal-para-garantir-medicamentos-em-unidades-de-saude","status":"publish","type":"page","link":"https:\/\/deputadotaveirajr.com.br\/index.php\/mp-pede-bloqueio-de-r-37-milhoes-da-prefeitura-de-natal-para-garantir-medicamentos-em-unidades-de-saude\/","title":{"rendered":"MP pede bloqueio de R$ 3,7 milh\u00f5es da prefeitura de Natal para garantir medicamentos em unidades de sa\u00fade"},"content":{"rendered":"<p>     Montante \u00e9 para pagamento de parcelas do contrato com a empresa que fornece medicamentos essenciais ao Munic\u00edpio desde maio de 2024. Pedido \u00e9 para cumprir decis\u00e3o judicial de 2016. Hospital dos Pescadores de Natal: unidade \u00e9 uma com falta de medicamentos essenciais, segundo MP<br \/>\nAlex R\u00e9gis\/ARQUIVO<br \/>\nO Minist\u00e9rio P\u00fablico do Rio Grande do Norte (MPRN) pediu na Justi\u00e7a o bloqueio imediato de mais de R$ 3,7 milh\u00f5es (R$ 3.792.330,28, ao todo) da conta do Tesouro Municipal de Natal para que o Munic\u00edpio cumpra uma senten\u00e7a judicial que o obriga a manter a rede de sa\u00fade abastecida com medicamentos essenciais.<br \/>\nSegundo o MP, o montante foi definido para servir de pagamento da 2\u00aa e 3\u00aa parcelas do contrato com a empresa Nippon Medical Importa\u00e7\u00e3o e Exporta\u00e7\u00e3o Ltda, que tem fornecido insumos em menor quantidade por falta de pagamento regular da prefeitura. A empresa iniciou o contrato em maio de 2024.<br \/>\n\ud83d\udcf3Participe do canal do g1 RN no WhatsApp<br \/>\nO g1 entrou em contato com a Secretaria Municipal de Sa\u00fade de Natal (SMS) para comentar o caso, mas n\u00e3o havia recebido respostas at\u00e9 a atualiza\u00e7\u00e3o mais recente desta reportagem.<br \/>\nO pedido do Minist\u00e9rio P\u00fablico do RN foi feito junto \u00e0 4\u00aa Vara da Fazenda P\u00fablica de Natal.<br \/>\nSegundo o MP, equipes do Conselho Regional de Farm\u00e1cia visitaram unidades de sa\u00fade como o Hospital dos Pescadores, a Maternidade Araken Pinto e as Unidades de Pronto-Atendimento (UPAs) Potengi e Esperan\u00e7a.<br \/>\nDe acordo com o MP, as visitas &#8220;revelaram uma situa\u00e7\u00e3o grav\u00edssima de falta de insumos e medicamentos b\u00e1sicos nesses servi\u00e7os essenciais, causando preju\u00edzos a um n\u00famero muito grande de usu\u00e1rios natalenses do SUS&#8221;.<br \/>\nAudi\u00eancia judicial<br \/>\nO MP tamb\u00e9m requereu &#8211; al\u00e9m do bloqueio do recurso &#8211; a realiza\u00e7\u00e3o de uma audi\u00eancia judicial no in\u00edcio de 2025 para manter o acompanhamento das obriga\u00e7\u00f5es impostas pelo processo judicial ao Munic\u00edpio de Natal, especialmente para se garantir abastecimento de novas remessas de medicamentos e insumos.<br \/>\nA senten\u00e7a em quest\u00e3o \u00e9 de 2016 e obriga o Munic\u00edpio de Natal a garantir o abastecimento cont\u00ednuo de medicamentos essenciais \u00e0 sa\u00fade p\u00fablica.<br \/>\nNa manifesta\u00e7\u00e3o de 2024, o MPRN destacou a demora do ente municipal em cumprir as obriga\u00e7\u00f5es da senten\u00e7a pelo fato da decis\u00e3o ter sido proferida h\u00e1 mais de oito anos.<br \/>\nV\u00eddeos mais assistidos do g1 RN<\/p>","protected":false},"excerpt":{"rendered":"<p>Montante \u00e9 para pagamento de parcelas do contrato com a empresa que fornece medicamentos essenciais ao Munic\u00edpio desde maio de 2024. Pedido \u00e9 para cumprir decis\u00e3o judicial de 2016. Hospital &#8230;<\/p>\n","protected":false},"author":0,"featured_media":11585,"parent":0,"menu_order":0,"comment_status":"closed","ping_status":"closed","template":"","meta":{"footnotes":""},"class_list":["post-11584","page","type-page","status-publish","has-post-thumbnail","hentry"],"yoast_head":"<!-- This site is optimized with the Yoast SEO plugin v27.1.1 - https:\/\/yoast.com\/product\/yoast-seo-wordpress\/ -->\n<title>MP pede bloqueio de R$ 3,7 milh\u00f5es da prefeitura de Natal para garantir medicamentos em unidades de sa\u00fade - Taveira Jr<\/title>\n<meta name=\"robots\" content=\"index, follow, max-snippet:-1, max-image-preview:large, max-video-preview:-1\" \/>\n<link rel=\"canonical\" href=\"https:\/\/deputadotaveirajr.com.br\/index.php\/mp-pede-bloqueio-de-r-37-milhoes-da-prefeitura-de-natal-para-garantir-medicamentos-em-unidades-de-saude\/\" \/>\n<meta property=\"og:locale\" content=\"pt_BR\" \/>\n<meta property=\"og:type\" content=\"article\" \/>\n<meta property=\"og:title\" content=\"MP pede bloqueio de R$ 3,7 milh\u00f5es da prefeitura de Natal para garantir medicamentos em unidades de sa\u00fade - Taveira Jr\" \/>\n<meta property=\"og:description\" content=\"Montante \u00e9 para pagamento de parcelas do contrato com a empresa que fornece medicamentos essenciais ao Munic\u00edpio desde maio de 2024. Pedido \u00e9 para cumprir decis\u00e3o judicial de 2016. Hospital ...\" \/>\n<meta property=\"og:url\" content=\"https:\/\/deputadotaveirajr.com.br\/index.php\/mp-pede-bloqueio-de-r-37-milhoes-da-prefeitura-de-natal-para-garantir-medicamentos-em-unidades-de-saude\/\" \/>\n<meta property=\"og:site_name\" content=\"Taveira Jr\" \/>\n<meta name=\"twitter:card\" content=\"summary_large_image\" \/>\n<meta name=\"twitter:label1\" content=\"Est. tempo de leitura\" \/>\n\t<meta name=\"twitter:data1\" content=\"2 minutos\" \/>\n<script type=\"application\/ld+json\" class=\"yoast-schema-graph\">{\"@context\":\"https:\/\/schema.org\",\"@graph\":[{\"@type\":\"WebPage\",\"@id\":\"https:\/\/deputadotaveirajr.com.br\/index.php\/mp-pede-bloqueio-de-r-37-milhoes-da-prefeitura-de-natal-para-garantir-medicamentos-em-unidades-de-saude\/\",\"url\":\"https:\/\/deputadotaveirajr.com.br\/index.php\/mp-pede-bloqueio-de-r-37-milhoes-da-prefeitura-de-natal-para-garantir-medicamentos-em-unidades-de-saude\/\",\"name\":\"MP pede bloqueio de R$ 3,7 milh\u00f5es da prefeitura de Natal para garantir medicamentos em unidades de sa\u00fade - Taveira Jr\",\"isPartOf\":{\"@id\":\"https:\/\/deputadotaveirajr.com.br\/#website\"},\"primaryImageOfPage\":{\"@id\":\"https:\/\/deputadotaveirajr.com.br\/index.php\/mp-pede-bloqueio-de-r-37-milhoes-da-prefeitura-de-natal-para-garantir-medicamentos-em-unidades-de-saude\/#primaryimage\"},\"image\":{\"@id\":\"https:\/\/deputadotaveirajr.com.br\/index.php\/mp-pede-bloqueio-de-r-37-milhoes-da-prefeitura-de-natal-para-garantir-medicamentos-em-unidades-de-saude\/#primaryimage\"},\"thumbnailUrl\":\"https:\/\/deputadotaveirajr.com.br\/wp-content\/uploads\/2024\/12\/hospec-foto-alex-regis-Cb9WXf.jpeg\",\"datePublished\":\"2024-12-06T18:10:40+00:00\",\"breadcrumb\":{\"@id\":\"https:\/\/deputadotaveirajr.com.br\/index.php\/mp-pede-bloqueio-de-r-37-milhoes-da-prefeitura-de-natal-para-garantir-medicamentos-em-unidades-de-saude\/#breadcrumb\"},\"inLanguage\":\"pt-BR\",\"potentialAction\":[{\"@type\":\"ReadAction\",\"target\":[\"https:\/\/deputadotaveirajr.com.br\/index.php\/mp-pede-bloqueio-de-r-37-milhoes-da-prefeitura-de-natal-para-garantir-medicamentos-em-unidades-de-saude\/\"]}]},{\"@type\":\"ImageObject\",\"inLanguage\":\"pt-BR\",\"@id\":\"https:\/\/deputadotaveirajr.com.br\/index.php\/mp-pede-bloqueio-de-r-37-milhoes-da-prefeitura-de-natal-para-garantir-medicamentos-em-unidades-de-saude\/#primaryimage\",\"url\":\"https:\/\/deputadotaveirajr.com.br\/wp-content\/uploads\/2024\/12\/hospec-foto-alex-regis-Cb9WXf.jpeg\",\"contentUrl\":\"https:\/\/deputadotaveirajr.com.br\/wp-content\/uploads\/2024\/12\/hospec-foto-alex-regis-Cb9WXf.jpeg\",\"width\":1024,\"height\":682},{\"@type\":\"BreadcrumbList\",\"@id\":\"https:\/\/deputadotaveirajr.com.br\/index.php\/mp-pede-bloqueio-de-r-37-milhoes-da-prefeitura-de-natal-para-garantir-medicamentos-em-unidades-de-saude\/#breadcrumb\",\"itemListElement\":[{\"@type\":\"ListItem\",\"position\":1,\"name\":\"In\u00edcio\",\"item\":\"https:\/\/deputadotaveirajr.com.br\/\"},{\"@type\":\"ListItem\",\"position\":2,\"name\":\"MP pede bloqueio de R$ 3,7 milh\u00f5es da prefeitura de Natal para garantir medicamentos em unidades de sa\u00fade\"}]},{\"@type\":\"WebSite\",\"@id\":\"https:\/\/deputadotaveirajr.com.br\/#website\",\"url\":\"https:\/\/deputadotaveirajr.com.br\/\",\"name\":\"Taveira Jr\",\"description\":\"Deputado Estadual\",\"publisher\":{\"@id\":\"https:\/\/deputadotaveirajr.com.br\/#organization\"},\"potentialAction\":[{\"@type\":\"SearchAction\",\"target\":{\"@type\":\"EntryPoint\",\"urlTemplate\":\"https:\/\/deputadotaveirajr.com.br\/?s={search_term_string}\"},\"query-input\":{\"@type\":\"PropertyValueSpecification\",\"valueRequired\":true,\"valueName\":\"search_term_string\"}}],\"inLanguage\":\"pt-BR\"},{\"@type\":\"Organization\",\"@id\":\"https:\/\/deputadotaveirajr.com.br\/#organization\",\"name\":\"Taveira Jr\",\"url\":\"https:\/\/deputadotaveirajr.com.br\/\",\"logo\":{\"@type\":\"ImageObject\",\"inLanguage\":\"pt-BR\",\"@id\":\"https:\/\/deputadotaveirajr.com.br\/#\/schema\/logo\/image\/\",\"url\":\"https:\/\/deputadotaveirajr.com.br\/wp-content\/uploads\/2026\/01\/logolow2a.png\",\"contentUrl\":\"https:\/\/deputadotaveirajr.com.br\/wp-content\/uploads\/2026\/01\/logolow2a.png\",\"width\":290,\"height\":80,\"caption\":\"Taveira Jr\"},\"image\":{\"@id\":\"https:\/\/deputadotaveirajr.com.br\/#\/schema\/logo\/image\/\"}}]}<\/script>\n<!-- \/ Yoast SEO plugin. -->","yoast_head_json":{"title":"MP pede bloqueio de R$ 3,7 milh\u00f5es da prefeitura de Natal para garantir medicamentos em unidades de sa\u00fade - Taveira Jr","robots":{"index":"index","follow":"follow","max-snippet":"max-snippet:-1","max-image-preview":"max-image-preview:large","max-video-preview":"max-video-preview:-1"},"canonical":"https:\/\/deputadotaveirajr.com.br\/index.php\/mp-pede-bloqueio-de-r-37-milhoes-da-prefeitura-de-natal-para-garantir-medicamentos-em-unidades-de-saude\/","og_locale":"pt_BR","og_type":"article","og_title":"MP pede bloqueio de R$ 3,7 milh\u00f5es da prefeitura de Natal para garantir medicamentos em unidades de sa\u00fade - Taveira Jr","og_description":"Montante \u00e9 para pagamento de parcelas do contrato com a empresa que fornece medicamentos essenciais ao Munic\u00edpio desde maio de 2024. Pedido \u00e9 para cumprir decis\u00e3o judicial de 2016. Hospital ...","og_url":"https:\/\/deputadotaveirajr.com.br\/index.php\/mp-pede-bloqueio-de-r-37-milhoes-da-prefeitura-de-natal-para-garantir-medicamentos-em-unidades-de-saude\/","og_site_name":"Taveira Jr","twitter_card":"summary_large_image","twitter_misc":{"Est. tempo de leitura":"2 minutos"},"schema":{"@context":"https:\/\/schema.org","@graph":[{"@type":"WebPage","@id":"https:\/\/deputadotaveirajr.com.br\/index.php\/mp-pede-bloqueio-de-r-37-milhoes-da-prefeitura-de-natal-para-garantir-medicamentos-em-unidades-de-saude\/","url":"https:\/\/deputadotaveirajr.com.br\/index.php\/mp-pede-bloqueio-de-r-37-milhoes-da-prefeitura-de-natal-para-garantir-medicamentos-em-unidades-de-saude\/","name":"MP pede bloqueio de R$ 3,7 milh\u00f5es da prefeitura de Natal para garantir medicamentos em unidades de sa\u00fade - Taveira Jr","isPartOf":{"@id":"https:\/\/deputadotaveirajr.com.br\/#website"},"primaryImageOfPage":{"@id":"https:\/\/deputadotaveirajr.com.br\/index.php\/mp-pede-bloqueio-de-r-37-milhoes-da-prefeitura-de-natal-para-garantir-medicamentos-em-unidades-de-saude\/#primaryimage"},"image":{"@id":"https:\/\/deputadotaveirajr.com.br\/index.php\/mp-pede-bloqueio-de-r-37-milhoes-da-prefeitura-de-natal-para-garantir-medicamentos-em-unidades-de-saude\/#primaryimage"},"thumbnailUrl":"https:\/\/deputadotaveirajr.com.br\/wp-content\/uploads\/2024\/12\/hospec-foto-alex-regis-Cb9WXf.jpeg","datePublished":"2024-12-06T18:10:40+00:00","breadcrumb":{"@id":"https:\/\/deputadotaveirajr.com.br\/index.php\/mp-pede-bloqueio-de-r-37-milhoes-da-prefeitura-de-natal-para-garantir-medicamentos-em-unidades-de-saude\/#breadcrumb"},"inLanguage":"pt-BR","potentialAction":[{"@type":"ReadAction","target":["https:\/\/deputadotaveirajr.com.br\/index.php\/mp-pede-bloqueio-de-r-37-milhoes-da-prefeitura-de-natal-para-garantir-medicamentos-em-unidades-de-saude\/"]}]},{"@type":"ImageObject","inLanguage":"pt-BR","@id":"https:\/\/deputadotaveirajr.com.br\/index.php\/mp-pede-bloqueio-de-r-37-milhoes-da-prefeitura-de-natal-para-garantir-medicamentos-em-unidades-de-saude\/#primaryimage","url":"https:\/\/deputadotaveirajr.com.br\/wp-content\/uploads\/2024\/12\/hospec-foto-alex-regis-Cb9WXf.jpeg","contentUrl":"https:\/\/deputadotaveirajr.com.br\/wp-content\/uploads\/2024\/12\/hospec-foto-alex-regis-Cb9WXf.jpeg","width":1024,"height":682},{"@type":"BreadcrumbList","@id":"https:\/\/deputadotaveirajr.com.br\/index.php\/mp-pede-bloqueio-de-r-37-milhoes-da-prefeitura-de-natal-para-garantir-medicamentos-em-unidades-de-saude\/#breadcrumb","itemListElement":[{"@type":"ListItem","position":1,"name":"In\u00edcio","item":"https:\/\/deputadotaveirajr.com.br\/"},{"@type":"ListItem","position":2,"name":"MP pede bloqueio de R$ 3,7 milh\u00f5es da prefeitura de Natal para garantir medicamentos em unidades de sa\u00fade"}]},{"@type":"WebSite","@id":"https:\/\/deputadotaveirajr.com.br\/#website","url":"https:\/\/deputadotaveirajr.com.br\/","name":"Taveira Jr","description":"Deputado Estadual","publisher":{"@id":"https:\/\/deputadotaveirajr.com.br\/#organization"},"potentialAction":[{"@type":"SearchAction","target":{"@type":"EntryPoint","urlTemplate":"https:\/\/deputadotaveirajr.com.br\/?s={search_term_string}"},"query-input":{"@type":"PropertyValueSpecification","valueRequired":true,"valueName":"search_term_string"}}],"inLanguage":"pt-BR"},{"@type":"Organization","@id":"https:\/\/deputadotaveirajr.com.br\/#organization","name":"Taveira Jr","url":"https:\/\/deputadotaveirajr.com.br\/","logo":{"@type":"ImageObject","inLanguage":"pt-BR","@id":"https:\/\/deputadotaveirajr.com.br\/#\/schema\/logo\/image\/","url":"https:\/\/deputadotaveirajr.com.br\/wp-content\/uploads\/2026\/01\/logolow2a.png","contentUrl":"https:\/\/deputadotaveirajr.com.br\/wp-content\/uploads\/2026\/01\/logolow2a.png","width":290,"height":80,"caption":"Taveira Jr"},"image":{"@id":"https:\/\/deputadotaveirajr.com.br\/#\/schema\/logo\/image\/"}}]}},"_links":{"self":[{"href":"https:\/\/deputadotaveirajr.com.br\/index.php\/wp-json\/wp\/v2\/pages\/11584","targetHints":{"allow":["GET"]}}],"collection":[{"href":"https:\/\/deputadotaveirajr.com.br\/index.php\/wp-json\/wp\/v2\/pages"}],"about":[{"href":"https:\/\/deputadotaveirajr.com.br\/index.php\/wp-json\/wp\/v2\/types\/page"}],"replies":[{"embeddable":true,"href":"https:\/\/deputadotaveirajr.com.br\/index.php\/wp-json\/wp\/v2\/comments?post=11584"}],"version-history":[{"count":0,"href":"https:\/\/deputadotaveirajr.com.br\/index.php\/wp-json\/wp\/v2\/pages\/11584\/revisions"}],"wp:featuredmedia":[{"embeddable":true,"href":"https:\/\/deputadotaveirajr.com.br\/index.php\/wp-json\/wp\/v2\/media\/11585"}],"wp:attachment":[{"href":"https:\/\/deputadotaveirajr.com.br\/index.php\/wp-json\/wp\/v2\/media?parent=11584"}],"curies":[{"name":"wp","href":"https:\/\/api.w.org\/{rel}","templated":true}]}}