{"id":11588,"date":"2024-12-06T17:32:15","date_gmt":"2024-12-06T20:32:15","guid":{"rendered":"https:\/\/deputadotaveirajr.com.br\/index.php\/inmet-alerta-para-chuvas-intensas-em-95-cidades-do-rn-veja-lista\/"},"modified":"2024-12-06T17:32:15","modified_gmt":"2024-12-06T20:32:15","slug":"inmet-alerta-para-chuvas-intensas-em-95-cidades-do-rn-veja-lista","status":"publish","type":"page","link":"https:\/\/deputadotaveirajr.com.br\/index.php\/inmet-alerta-para-chuvas-intensas-em-95-cidades-do-rn-veja-lista\/","title":{"rendered":"Inmet alerta para chuvas intensas em 95 cidades do RN; veja lista"},"content":{"rendered":"<p>     Aviso da cor amarela, de perigo potencial, vale at\u00e9 10h deste s\u00e1bado (7) com chuvas que chegam a at\u00e9 30 mm\/h ou 50 mm por dia. Cidades atingidas pelo alerta do Inmet<br \/>\nDivulga\u00e7\u00e3o<br \/>\nO Instituto Nacional de Meteorologia (Inmet) emitiu um alerta de chuvas intensas para 95 cidades no Rio Grande do Norte. O aviso \u00e9 v\u00e1lido at\u00e9 10h deste s\u00e1bado (7). (Veja lista de cidades atingidas no fim da reportagem).<br \/>\nEst\u00e3o entre as cidades atingidas pelo alerta Mossor\u00f3, na Regi\u00e3o Oeste, Serra Negra do Norte, onde a chuva causou estragos nesta semana, causando alagamentos e invadindo casas, e Ipueira, onde choveu granizo tamb\u00e9m nos \u00faltimos dias.<br \/>\n\ud83d\udcf3Participe do canal do g1 RN no WhatsApp<br \/>\nO aviso \u00e9 da cor amarela, que representa perigo potencial, o n\u00edvel mais baixo numa escala de tr\u00eas n\u00edveis no grau de severidade do \u00f3rg\u00e3o. Os outros dois s\u00e3o laranja (perigo) e vermelha (grande perigo).<br \/>\nNesse alerta amarelo, as chuvas podem ser de 20 a 30 mm\/h ou chegar a at\u00e9 50 mm\/dia, com ventos intensos de 40 a 60 km\/h.<br \/>\nDe acord com o Inmet, nesse alerta h\u00e1 baixo risco de corte de energia el\u00e9trica, queda de galhos de \u00e1rvores, alagamentos e de descargas el\u00e9tricas.<br \/>\nLEIA TAMB\u00c9M<br \/>\nSURPREENDEU: Chuva de granizo atinge cidades do RN<br \/>\nEMPARN: Chuvas de 75 mm no RN n\u00e3o indicam in\u00edcio de per\u00edodo chuvoso<br \/>\nEntre as recomenda\u00e7\u00f5es do \u00f3rg\u00e3o em caso de rajadas de vento est\u00e3o:<br \/>\nn\u00e3o se abrigar debaixo de \u00e1rvores, pois h\u00e1 leve risco de queda e descargas el\u00e9tricas;<br \/>\nn\u00e3o estacionar ve\u00edculos pr\u00f3ximos a torres de transmiss\u00e3o e placas de propaganda;<br \/>\nevitar usar aparelhos eletr\u00f4nicos ligados \u00e0 tomada.<br \/>\nPara obter mais informa\u00e7\u00f5es ou aux\u00edlio, acionar Defesa Civil (telefone 199) e Corpo de Bombeiros (telefone 193).<br \/>\nVeja cidades atingidas<br \/>\nAcari<br \/>\nAss\u00fa<br \/>\nAfonso Bezerra<br \/>\n\u00c1gua Nova<br \/>\nAlexandria<br \/>\nAlmino Afonso<br \/>\nAlto do Rodrigues<br \/>\nAngicos<br \/>\nAnt\u00f4nio Martins<br \/>\nApodi<br \/>\nAreia Branca<br \/>\nAugusto Severo<br \/>\nBara\u00fana<br \/>\nBod\u00f3<br \/>\nCai\u00e7ara do Norte<br \/>\nCaic\u00f3<br \/>\nCara\u00fabas<br \/>\nCarnaubais<br \/>\nCerro Cor\u00e1<br \/>\nCoronel Jo\u00e3o Pessoa<br \/>\nCruzeta<br \/>\nCurrais Novos<br \/>\nDoutor Severiano<br \/>\nEncanto<br \/>\nFelipe Guerra<br \/>\nFernando Pedroza<br \/>\nFlor\u00e2nia<br \/>\nFrancisco Dantas<br \/>\nFrutuoso Gomes<br \/>\nGalinhos<br \/>\nGovernador Dix-Sept Rosado<br \/>\nGrossos<br \/>\nGuamar\u00e9<br \/>\nIpangua\u00e7u<br \/>\nIpueira<br \/>\nItaj\u00e1<br \/>\nIta\u00fa<br \/>\nJanda\u00edra<br \/>\nJandu\u00eds<br \/>\nJardim de Piranhas<br \/>\nJardim do Serid\u00f3<br \/>\nJo\u00e3o Dias<br \/>\nJos\u00e9 da Penha<br \/>\nJucurutu<br \/>\nLagoa Nova<br \/>\nLajes<br \/>\nLucr\u00e9cia<br \/>\nLu\u00eds Gomes<br \/>\nMacau<br \/>\nMajor Sales<br \/>\nMarcelino Vieira<br \/>\nMartins<br \/>\nMessias Targino<br \/>\nMossor\u00f3<br \/>\nOlho d&#8217;\u00c1gua do Borges<br \/>\nOuro Branco<br \/>\nParan\u00e1<br \/>\nPara\u00fa<br \/>\nParazinho<br \/>\nPatu<br \/>\nPau dos Ferros<br \/>\nPedro Avelino<br \/>\nPend\u00eancias<br \/>\nPil\u00f5es<br \/>\nPortalegre<br \/>\nPorto do Mangue<br \/>\nRafael Fernandes<br \/>\nRafael Godeiro<br \/>\nRiacho da Cruz<br \/>\nRiacho de Santana<br \/>\nRodolfo Fernandes<br \/>\nSantana do Matos<br \/>\nSantana do Serid\u00f3<br \/>\nS\u00e3o Bento do Norte<br \/>\nS\u00e3o Fernando<br \/>\nS\u00e3o Francisco do Oeste<br \/>\nS\u00e3o Jo\u00e3o do Sabugi<br \/>\nS\u00e3o Jos\u00e9 do Serid\u00f3<br \/>\nS\u00e3o Miguel<br \/>\nS\u00e3o Rafael<br \/>\nS\u00e3o Vicente<br \/>\nSerra do Mel<br \/>\nSerra Negra do Norte<br \/>\nSerrinha dos Pintos<br \/>\nSeveriano Melo<br \/>\nTaboleiro Grande<br \/>\nTenente Ananias<br \/>\nTenente Laurentino Cruz<br \/>\nTibau<br \/>\nTimba\u00faba dos Batistas<br \/>\nTriunfo Potiguar<br \/>\nUmarizal<br \/>\nUpanema<br \/>\nVenha-Ver<br \/>\nVi\u00e7osa<br \/>\nChuva de granizo atinge cidades do RN<br \/>\nV\u00eddeos mais assistidos do g1 RN<\/p>","protected":false},"excerpt":{"rendered":"<p>Aviso da cor amarela, de perigo potencial, vale at\u00e9 10h deste s\u00e1bado (7) com chuvas que chegam a at\u00e9 30 mm\/h ou 50 mm por dia. Cidades atingidas pelo alerta &#8230;<\/p>\n","protected":false},"author":0,"featured_media":11589,"parent":0,"menu_order":0,"comment_status":"closed","ping_status":"closed","template":"","meta":{"footnotes":""},"class_list":["post-11588","page","type-page","status-publish","has-post-thumbnail","hentry"],"yoast_head":"<!-- This site is optimized with the Yoast SEO plugin v27.1.1 - https:\/\/yoast.com\/product\/yoast-seo-wordpress\/ -->\n<title>Inmet alerta para chuvas intensas em 95 cidades do RN; veja lista - Taveira Jr<\/title>\n<meta name=\"robots\" content=\"index, follow, max-snippet:-1, max-image-preview:large, max-video-preview:-1\" \/>\n<link rel=\"canonical\" href=\"https:\/\/deputadotaveirajr.com.br\/index.php\/inmet-alerta-para-chuvas-intensas-em-95-cidades-do-rn-veja-lista\/\" \/>\n<meta property=\"og:locale\" content=\"pt_BR\" \/>\n<meta property=\"og:type\" content=\"article\" \/>\n<meta property=\"og:title\" content=\"Inmet alerta para chuvas intensas em 95 cidades do RN; veja lista - Taveira Jr\" \/>\n<meta property=\"og:description\" content=\"Aviso da cor amarela, de perigo potencial, vale at\u00e9 10h deste s\u00e1bado (7) com chuvas que chegam a at\u00e9 30 mm\/h ou 50 mm por dia. Cidades atingidas pelo alerta ...\" \/>\n<meta property=\"og:url\" content=\"https:\/\/deputadotaveirajr.com.br\/index.php\/inmet-alerta-para-chuvas-intensas-em-95-cidades-do-rn-veja-lista\/\" \/>\n<meta property=\"og:site_name\" content=\"Taveira Jr\" \/>\n<meta name=\"twitter:card\" content=\"summary_large_image\" \/>\n<meta name=\"twitter:label1\" content=\"Est. tempo de leitura\" \/>\n\t<meta name=\"twitter:data1\" content=\"3 minutos\" \/>\n<script type=\"application\/ld+json\" class=\"yoast-schema-graph\">{\"@context\":\"https:\/\/schema.org\",\"@graph\":[{\"@type\":\"WebPage\",\"@id\":\"https:\/\/deputadotaveirajr.com.br\/index.php\/inmet-alerta-para-chuvas-intensas-em-95-cidades-do-rn-veja-lista\/\",\"url\":\"https:\/\/deputadotaveirajr.com.br\/index.php\/inmet-alerta-para-chuvas-intensas-em-95-cidades-do-rn-veja-lista\/\",\"name\":\"Inmet alerta para chuvas intensas em 95 cidades do RN; veja lista - Taveira Jr\",\"isPartOf\":{\"@id\":\"https:\/\/deputadotaveirajr.com.br\/#website\"},\"primaryImageOfPage\":{\"@id\":\"https:\/\/deputadotaveirajr.com.br\/index.php\/inmet-alerta-para-chuvas-intensas-em-95-cidades-do-rn-veja-lista\/#primaryimage\"},\"image\":{\"@id\":\"https:\/\/deputadotaveirajr.com.br\/index.php\/inmet-alerta-para-chuvas-intensas-em-95-cidades-do-rn-veja-lista\/#primaryimage\"},\"thumbnailUrl\":\"https:\/\/deputadotaveirajr.com.br\/wp-content\/uploads\/2024\/12\/mapa-tyIoN5.jpeg\",\"datePublished\":\"2024-12-06T20:32:15+00:00\",\"breadcrumb\":{\"@id\":\"https:\/\/deputadotaveirajr.com.br\/index.php\/inmet-alerta-para-chuvas-intensas-em-95-cidades-do-rn-veja-lista\/#breadcrumb\"},\"inLanguage\":\"pt-BR\",\"potentialAction\":[{\"@type\":\"ReadAction\",\"target\":[\"https:\/\/deputadotaveirajr.com.br\/index.php\/inmet-alerta-para-chuvas-intensas-em-95-cidades-do-rn-veja-lista\/\"]}]},{\"@type\":\"ImageObject\",\"inLanguage\":\"pt-BR\",\"@id\":\"https:\/\/deputadotaveirajr.com.br\/index.php\/inmet-alerta-para-chuvas-intensas-em-95-cidades-do-rn-veja-lista\/#primaryimage\",\"url\":\"https:\/\/deputadotaveirajr.com.br\/wp-content\/uploads\/2024\/12\/mapa-tyIoN5.jpeg\",\"contentUrl\":\"https:\/\/deputadotaveirajr.com.br\/wp-content\/uploads\/2024\/12\/mapa-tyIoN5.jpeg\",\"width\":580,\"height\":561},{\"@type\":\"BreadcrumbList\",\"@id\":\"https:\/\/deputadotaveirajr.com.br\/index.php\/inmet-alerta-para-chuvas-intensas-em-95-cidades-do-rn-veja-lista\/#breadcrumb\",\"itemListElement\":[{\"@type\":\"ListItem\",\"position\":1,\"name\":\"In\u00edcio\",\"item\":\"https:\/\/deputadotaveirajr.com.br\/\"},{\"@type\":\"ListItem\",\"position\":2,\"name\":\"Inmet alerta para chuvas intensas em 95 cidades do RN; veja lista\"}]},{\"@type\":\"WebSite\",\"@id\":\"https:\/\/deputadotaveirajr.com.br\/#website\",\"url\":\"https:\/\/deputadotaveirajr.com.br\/\",\"name\":\"Taveira Jr\",\"description\":\"Deputado Estadual\",\"publisher\":{\"@id\":\"https:\/\/deputadotaveirajr.com.br\/#organization\"},\"potentialAction\":[{\"@type\":\"SearchAction\",\"target\":{\"@type\":\"EntryPoint\",\"urlTemplate\":\"https:\/\/deputadotaveirajr.com.br\/?s={search_term_string}\"},\"query-input\":{\"@type\":\"PropertyValueSpecification\",\"valueRequired\":true,\"valueName\":\"search_term_string\"}}],\"inLanguage\":\"pt-BR\"},{\"@type\":\"Organization\",\"@id\":\"https:\/\/deputadotaveirajr.com.br\/#organization\",\"name\":\"Taveira Jr\",\"url\":\"https:\/\/deputadotaveirajr.com.br\/\",\"logo\":{\"@type\":\"ImageObject\",\"inLanguage\":\"pt-BR\",\"@id\":\"https:\/\/deputadotaveirajr.com.br\/#\/schema\/logo\/image\/\",\"url\":\"https:\/\/deputadotaveirajr.com.br\/wp-content\/uploads\/2026\/01\/logolow2a.png\",\"contentUrl\":\"https:\/\/deputadotaveirajr.com.br\/wp-content\/uploads\/2026\/01\/logolow2a.png\",\"width\":290,\"height\":80,\"caption\":\"Taveira Jr\"},\"image\":{\"@id\":\"https:\/\/deputadotaveirajr.com.br\/#\/schema\/logo\/image\/\"}}]}<\/script>\n<!-- \/ Yoast SEO plugin. -->","yoast_head_json":{"title":"Inmet alerta para chuvas intensas em 95 cidades do RN; veja lista - Taveira Jr","robots":{"index":"index","follow":"follow","max-snippet":"max-snippet:-1","max-image-preview":"max-image-preview:large","max-video-preview":"max-video-preview:-1"},"canonical":"https:\/\/deputadotaveirajr.com.br\/index.php\/inmet-alerta-para-chuvas-intensas-em-95-cidades-do-rn-veja-lista\/","og_locale":"pt_BR","og_type":"article","og_title":"Inmet alerta para chuvas intensas em 95 cidades do RN; veja lista - Taveira Jr","og_description":"Aviso da cor amarela, de perigo potencial, vale at\u00e9 10h deste s\u00e1bado (7) com chuvas que chegam a at\u00e9 30 mm\/h ou 50 mm por dia. Cidades atingidas pelo alerta ...","og_url":"https:\/\/deputadotaveirajr.com.br\/index.php\/inmet-alerta-para-chuvas-intensas-em-95-cidades-do-rn-veja-lista\/","og_site_name":"Taveira Jr","twitter_card":"summary_large_image","twitter_misc":{"Est. tempo de leitura":"3 minutos"},"schema":{"@context":"https:\/\/schema.org","@graph":[{"@type":"WebPage","@id":"https:\/\/deputadotaveirajr.com.br\/index.php\/inmet-alerta-para-chuvas-intensas-em-95-cidades-do-rn-veja-lista\/","url":"https:\/\/deputadotaveirajr.com.br\/index.php\/inmet-alerta-para-chuvas-intensas-em-95-cidades-do-rn-veja-lista\/","name":"Inmet alerta para chuvas intensas em 95 cidades do RN; veja lista - Taveira Jr","isPartOf":{"@id":"https:\/\/deputadotaveirajr.com.br\/#website"},"primaryImageOfPage":{"@id":"https:\/\/deputadotaveirajr.com.br\/index.php\/inmet-alerta-para-chuvas-intensas-em-95-cidades-do-rn-veja-lista\/#primaryimage"},"image":{"@id":"https:\/\/deputadotaveirajr.com.br\/index.php\/inmet-alerta-para-chuvas-intensas-em-95-cidades-do-rn-veja-lista\/#primaryimage"},"thumbnailUrl":"https:\/\/deputadotaveirajr.com.br\/wp-content\/uploads\/2024\/12\/mapa-tyIoN5.jpeg","datePublished":"2024-12-06T20:32:15+00:00","breadcrumb":{"@id":"https:\/\/deputadotaveirajr.com.br\/index.php\/inmet-alerta-para-chuvas-intensas-em-95-cidades-do-rn-veja-lista\/#breadcrumb"},"inLanguage":"pt-BR","potentialAction":[{"@type":"ReadAction","target":["https:\/\/deputadotaveirajr.com.br\/index.php\/inmet-alerta-para-chuvas-intensas-em-95-cidades-do-rn-veja-lista\/"]}]},{"@type":"ImageObject","inLanguage":"pt-BR","@id":"https:\/\/deputadotaveirajr.com.br\/index.php\/inmet-alerta-para-chuvas-intensas-em-95-cidades-do-rn-veja-lista\/#primaryimage","url":"https:\/\/deputadotaveirajr.com.br\/wp-content\/uploads\/2024\/12\/mapa-tyIoN5.jpeg","contentUrl":"https:\/\/deputadotaveirajr.com.br\/wp-content\/uploads\/2024\/12\/mapa-tyIoN5.jpeg","width":580,"height":561},{"@type":"BreadcrumbList","@id":"https:\/\/deputadotaveirajr.com.br\/index.php\/inmet-alerta-para-chuvas-intensas-em-95-cidades-do-rn-veja-lista\/#breadcrumb","itemListElement":[{"@type":"ListItem","position":1,"name":"In\u00edcio","item":"https:\/\/deputadotaveirajr.com.br\/"},{"@type":"ListItem","position":2,"name":"Inmet alerta para chuvas intensas em 95 cidades do RN; veja lista"}]},{"@type":"WebSite","@id":"https:\/\/deputadotaveirajr.com.br\/#website","url":"https:\/\/deputadotaveirajr.com.br\/","name":"Taveira Jr","description":"Deputado Estadual","publisher":{"@id":"https:\/\/deputadotaveirajr.com.br\/#organization"},"potentialAction":[{"@type":"SearchAction","target":{"@type":"EntryPoint","urlTemplate":"https:\/\/deputadotaveirajr.com.br\/?s={search_term_string}"},"query-input":{"@type":"PropertyValueSpecification","valueRequired":true,"valueName":"search_term_string"}}],"inLanguage":"pt-BR"},{"@type":"Organization","@id":"https:\/\/deputadotaveirajr.com.br\/#organization","name":"Taveira Jr","url":"https:\/\/deputadotaveirajr.com.br\/","logo":{"@type":"ImageObject","inLanguage":"pt-BR","@id":"https:\/\/deputadotaveirajr.com.br\/#\/schema\/logo\/image\/","url":"https:\/\/deputadotaveirajr.com.br\/wp-content\/uploads\/2026\/01\/logolow2a.png","contentUrl":"https:\/\/deputadotaveirajr.com.br\/wp-content\/uploads\/2026\/01\/logolow2a.png","width":290,"height":80,"caption":"Taveira Jr"},"image":{"@id":"https:\/\/deputadotaveirajr.com.br\/#\/schema\/logo\/image\/"}}]}},"_links":{"self":[{"href":"https:\/\/deputadotaveirajr.com.br\/index.php\/wp-json\/wp\/v2\/pages\/11588","targetHints":{"allow":["GET"]}}],"collection":[{"href":"https:\/\/deputadotaveirajr.com.br\/index.php\/wp-json\/wp\/v2\/pages"}],"about":[{"href":"https:\/\/deputadotaveirajr.com.br\/index.php\/wp-json\/wp\/v2\/types\/page"}],"replies":[{"embeddable":true,"href":"https:\/\/deputadotaveirajr.com.br\/index.php\/wp-json\/wp\/v2\/comments?post=11588"}],"version-history":[{"count":0,"href":"https:\/\/deputadotaveirajr.com.br\/index.php\/wp-json\/wp\/v2\/pages\/11588\/revisions"}],"wp:featuredmedia":[{"embeddable":true,"href":"https:\/\/deputadotaveirajr.com.br\/index.php\/wp-json\/wp\/v2\/media\/11589"}],"wp:attachment":[{"href":"https:\/\/deputadotaveirajr.com.br\/index.php\/wp-json\/wp\/v2\/media?parent=11588"}],"curies":[{"name":"wp","href":"https:\/\/api.w.org\/{rel}","templated":true}]}}