{"id":11592,"date":"2024-12-06T19:32:41","date_gmt":"2024-12-06T22:32:41","guid":{"rendered":"https:\/\/deputadotaveirajr.com.br\/index.php\/pacientes-esperam-por-mais-de-2-horas-por-triagem-antes-de-atendimento-na-upa-de-parnamirim\/"},"modified":"2024-12-06T19:32:41","modified_gmt":"2024-12-06T22:32:41","slug":"pacientes-esperam-por-mais-de-2-horas-por-triagem-antes-de-atendimento-na-upa-de-parnamirim","status":"publish","type":"page","link":"https:\/\/deputadotaveirajr.com.br\/index.php\/pacientes-esperam-por-mais-de-2-horas-por-triagem-antes-de-atendimento-na-upa-de-parnamirim\/","title":{"rendered":"Pacientes esperam por mais de 2 horas por triagem antes de atendimento na UPA de Parnamirim"},"content":{"rendered":"<p>     Secretaria de Sa\u00fade da cidade informou que tomou provid\u00eancias para resolver o problema, mas n\u00e3o explicou quais. Pacientes tamb\u00e9m informaram que raio-X estava quebrado. UPA Nova Esperan\u00e7a, em Parnamirim, na Grande Natal<br \/>\nGeraldo Jer\u00f4nimo\/Inter TV Cabugi<br \/>\nPacientes aguardaram mais de duas horas na fila nesta sexta-feira (6) para receberem um atendimento inicial, conhecido como triagem, na Unidade de Pronto-Atendimento (UPA) Nova Esperan\u00e7a, em Parnamirim, na Regi\u00e3o Metropolitana de Natal. A espera pela consulta m\u00e9dica chegou a durar at\u00e9 quatro horas, relataram os pacientes.<br \/>\nNa tarde desta sexta, a recep\u00e7\u00e3o da unidade de sa\u00fade estava lotada. Al\u00e9m da fila, os pacientes foram informados que o equipamento de raio-X estava quebrado.<br \/>\n\ud83d\udcf3Participe do canal do g1 RN no WhatsApp<br \/>\nA Secretaria de Sa\u00fade de Parnamirim informou que est\u00e1 tomando provid\u00eancias para resolver o problema da demora dos atendimentos, mas n\u00e3o explicou quais. A pasta n\u00e3o comentou sobre o problema com o aparelho de raio-X.<br \/>\nPor conta da demora, alguns pacientes optaram por n\u00e3o esperar, como foi o caso do vendedor Fabr\u00edcio Baltazar, que procurou a unidade ap\u00f3s ter sofrido um acidente de moto.<br \/>\n&#8220;Estou h\u00e1 mais de duas horas aqui e ningu\u00e9m me atende. Estou aqui sangrando. N\u00e3o posso ficar aqui n\u00e3o, vou pra casa, tomar um banho e esperar em casa. N\u00e3o sei nem se tem raio-X aqui, vou ficar aqui fazendo o qu\u00ea?&#8221;, reclamou.<br \/>\nA auxiliar de departamento financeiro Crislaine Rodrigues levou a m\u00e3e, que tem 60 anos de idade, para o atendimento, e, assim como outros pacientes, precisou esperar duas horas apenas pela triagem.<br \/>\n&#8220;Por ser s\u00f3 uma triagem \u00e9 um absurdo, n\u00e9? No m\u00e9dico at\u00e9 que eu entendo que demora mais, por ter algumas prioridades, mas na triagem mais de 2 horas eu acho um absurdo. Eu pedia informa\u00e7\u00e3o e tamb\u00e9m n\u00e3o tinha&#8221;, disse Crislaine.<br \/>\nA empres\u00e1ria Bruna Rodrigues, que levou a m\u00e3e M\u00e1rcia Rodrigues para ser atendida, foi uma das que tamb\u00e9m vivenciou a situa\u00e7\u00e3o.  epois de esperar por cerca de 2 horas pela triagem e ap\u00f3s ser atendida, ela foi informada que necessitaria de um exame de raio-X, mas que n\u00e3o conseguiria fazer, j\u00e1 que o aparelho estava quebrado. Assim, saiu sem um diagn\u00f3stico preciso da unidade.<br \/>\nA dire\u00e7\u00e3o da UPA Nova Esperan\u00e7a informou que atende em m\u00e9dia 10 mil pacientes por m\u00eas. Nesta sexta-feira, oito m\u00e9dicos estavam de plant\u00e3o, segundo a unidade, para dar conta da demanda.<br \/>\nV\u00eddeos mais assistidos do g1 RN<\/p>","protected":false},"excerpt":{"rendered":"<p>Secretaria de Sa\u00fade da cidade informou que tomou provid\u00eancias para resolver o problema, mas n\u00e3o explicou quais. Pacientes tamb\u00e9m informaram que raio-X estava quebrado. UPA Nova Esperan\u00e7a, em Parnamirim, na &#8230;<\/p>\n","protected":false},"author":0,"featured_media":11593,"parent":0,"menu_order":0,"comment_status":"closed","ping_status":"closed","template":"","meta":{"footnotes":""},"class_list":["post-11592","page","type-page","status-publish","has-post-thumbnail","hentry"],"yoast_head":"<!-- This site is optimized with the Yoast SEO plugin v27.1.1 - https:\/\/yoast.com\/product\/yoast-seo-wordpress\/ -->\n<title>Pacientes esperam por mais de 2 horas por triagem antes de atendimento na UPA de Parnamirim - Taveira Jr<\/title>\n<meta name=\"robots\" content=\"index, follow, max-snippet:-1, max-image-preview:large, max-video-preview:-1\" \/>\n<link rel=\"canonical\" href=\"https:\/\/deputadotaveirajr.com.br\/index.php\/pacientes-esperam-por-mais-de-2-horas-por-triagem-antes-de-atendimento-na-upa-de-parnamirim\/\" \/>\n<meta property=\"og:locale\" content=\"pt_BR\" \/>\n<meta property=\"og:type\" content=\"article\" \/>\n<meta property=\"og:title\" content=\"Pacientes esperam por mais de 2 horas por triagem antes de atendimento na UPA de Parnamirim - Taveira Jr\" \/>\n<meta property=\"og:description\" content=\"Secretaria de Sa\u00fade da cidade informou que tomou provid\u00eancias para resolver o problema, mas n\u00e3o explicou quais. Pacientes tamb\u00e9m informaram que raio-X estava quebrado. UPA Nova Esperan\u00e7a, em Parnamirim, na ...\" \/>\n<meta property=\"og:url\" content=\"https:\/\/deputadotaveirajr.com.br\/index.php\/pacientes-esperam-por-mais-de-2-horas-por-triagem-antes-de-atendimento-na-upa-de-parnamirim\/\" \/>\n<meta property=\"og:site_name\" content=\"Taveira Jr\" \/>\n<meta name=\"twitter:card\" content=\"summary_large_image\" \/>\n<meta name=\"twitter:label1\" content=\"Est. tempo de leitura\" \/>\n\t<meta name=\"twitter:data1\" content=\"2 minutos\" \/>\n<script type=\"application\/ld+json\" class=\"yoast-schema-graph\">{\"@context\":\"https:\/\/schema.org\",\"@graph\":[{\"@type\":\"WebPage\",\"@id\":\"https:\/\/deputadotaveirajr.com.br\/index.php\/pacientes-esperam-por-mais-de-2-horas-por-triagem-antes-de-atendimento-na-upa-de-parnamirim\/\",\"url\":\"https:\/\/deputadotaveirajr.com.br\/index.php\/pacientes-esperam-por-mais-de-2-horas-por-triagem-antes-de-atendimento-na-upa-de-parnamirim\/\",\"name\":\"Pacientes esperam por mais de 2 horas por triagem antes de atendimento na UPA de Parnamirim - Taveira Jr\",\"isPartOf\":{\"@id\":\"https:\/\/deputadotaveirajr.com.br\/#website\"},\"primaryImageOfPage\":{\"@id\":\"https:\/\/deputadotaveirajr.com.br\/index.php\/pacientes-esperam-por-mais-de-2-horas-por-triagem-antes-de-atendimento-na-upa-de-parnamirim\/#primaryimage\"},\"image\":{\"@id\":\"https:\/\/deputadotaveirajr.com.br\/index.php\/pacientes-esperam-por-mais-de-2-horas-por-triagem-antes-de-atendimento-na-upa-de-parnamirim\/#primaryimage\"},\"thumbnailUrl\":\"https:\/\/deputadotaveirajr.com.br\/wp-content\/uploads\/2024\/12\/whatsapp-image-2020-11-20-at-12.23.40-Q3ebTu.jpeg\",\"datePublished\":\"2024-12-06T22:32:41+00:00\",\"breadcrumb\":{\"@id\":\"https:\/\/deputadotaveirajr.com.br\/index.php\/pacientes-esperam-por-mais-de-2-horas-por-triagem-antes-de-atendimento-na-upa-de-parnamirim\/#breadcrumb\"},\"inLanguage\":\"pt-BR\",\"potentialAction\":[{\"@type\":\"ReadAction\",\"target\":[\"https:\/\/deputadotaveirajr.com.br\/index.php\/pacientes-esperam-por-mais-de-2-horas-por-triagem-antes-de-atendimento-na-upa-de-parnamirim\/\"]}]},{\"@type\":\"ImageObject\",\"inLanguage\":\"pt-BR\",\"@id\":\"https:\/\/deputadotaveirajr.com.br\/index.php\/pacientes-esperam-por-mais-de-2-horas-por-triagem-antes-de-atendimento-na-upa-de-parnamirim\/#primaryimage\",\"url\":\"https:\/\/deputadotaveirajr.com.br\/wp-content\/uploads\/2024\/12\/whatsapp-image-2020-11-20-at-12.23.40-Q3ebTu.jpeg\",\"contentUrl\":\"https:\/\/deputadotaveirajr.com.br\/wp-content\/uploads\/2024\/12\/whatsapp-image-2020-11-20-at-12.23.40-Q3ebTu.jpeg\",\"width\":1280,\"height\":720},{\"@type\":\"BreadcrumbList\",\"@id\":\"https:\/\/deputadotaveirajr.com.br\/index.php\/pacientes-esperam-por-mais-de-2-horas-por-triagem-antes-de-atendimento-na-upa-de-parnamirim\/#breadcrumb\",\"itemListElement\":[{\"@type\":\"ListItem\",\"position\":1,\"name\":\"In\u00edcio\",\"item\":\"https:\/\/deputadotaveirajr.com.br\/\"},{\"@type\":\"ListItem\",\"position\":2,\"name\":\"Pacientes esperam por mais de 2 horas por triagem antes de atendimento na UPA de Parnamirim\"}]},{\"@type\":\"WebSite\",\"@id\":\"https:\/\/deputadotaveirajr.com.br\/#website\",\"url\":\"https:\/\/deputadotaveirajr.com.br\/\",\"name\":\"Taveira Jr\",\"description\":\"Deputado Estadual\",\"publisher\":{\"@id\":\"https:\/\/deputadotaveirajr.com.br\/#organization\"},\"potentialAction\":[{\"@type\":\"SearchAction\",\"target\":{\"@type\":\"EntryPoint\",\"urlTemplate\":\"https:\/\/deputadotaveirajr.com.br\/?s={search_term_string}\"},\"query-input\":{\"@type\":\"PropertyValueSpecification\",\"valueRequired\":true,\"valueName\":\"search_term_string\"}}],\"inLanguage\":\"pt-BR\"},{\"@type\":\"Organization\",\"@id\":\"https:\/\/deputadotaveirajr.com.br\/#organization\",\"name\":\"Taveira Jr\",\"url\":\"https:\/\/deputadotaveirajr.com.br\/\",\"logo\":{\"@type\":\"ImageObject\",\"inLanguage\":\"pt-BR\",\"@id\":\"https:\/\/deputadotaveirajr.com.br\/#\/schema\/logo\/image\/\",\"url\":\"https:\/\/deputadotaveirajr.com.br\/wp-content\/uploads\/2026\/01\/logolow2a.png\",\"contentUrl\":\"https:\/\/deputadotaveirajr.com.br\/wp-content\/uploads\/2026\/01\/logolow2a.png\",\"width\":290,\"height\":80,\"caption\":\"Taveira Jr\"},\"image\":{\"@id\":\"https:\/\/deputadotaveirajr.com.br\/#\/schema\/logo\/image\/\"}}]}<\/script>\n<!-- \/ Yoast SEO plugin. -->","yoast_head_json":{"title":"Pacientes esperam por mais de 2 horas por triagem antes de atendimento na UPA de Parnamirim - Taveira Jr","robots":{"index":"index","follow":"follow","max-snippet":"max-snippet:-1","max-image-preview":"max-image-preview:large","max-video-preview":"max-video-preview:-1"},"canonical":"https:\/\/deputadotaveirajr.com.br\/index.php\/pacientes-esperam-por-mais-de-2-horas-por-triagem-antes-de-atendimento-na-upa-de-parnamirim\/","og_locale":"pt_BR","og_type":"article","og_title":"Pacientes esperam por mais de 2 horas por triagem antes de atendimento na UPA de Parnamirim - Taveira Jr","og_description":"Secretaria de Sa\u00fade da cidade informou que tomou provid\u00eancias para resolver o problema, mas n\u00e3o explicou quais. Pacientes tamb\u00e9m informaram que raio-X estava quebrado. UPA Nova Esperan\u00e7a, em Parnamirim, na ...","og_url":"https:\/\/deputadotaveirajr.com.br\/index.php\/pacientes-esperam-por-mais-de-2-horas-por-triagem-antes-de-atendimento-na-upa-de-parnamirim\/","og_site_name":"Taveira Jr","twitter_card":"summary_large_image","twitter_misc":{"Est. tempo de leitura":"2 minutos"},"schema":{"@context":"https:\/\/schema.org","@graph":[{"@type":"WebPage","@id":"https:\/\/deputadotaveirajr.com.br\/index.php\/pacientes-esperam-por-mais-de-2-horas-por-triagem-antes-de-atendimento-na-upa-de-parnamirim\/","url":"https:\/\/deputadotaveirajr.com.br\/index.php\/pacientes-esperam-por-mais-de-2-horas-por-triagem-antes-de-atendimento-na-upa-de-parnamirim\/","name":"Pacientes esperam por mais de 2 horas por triagem antes de atendimento na UPA de Parnamirim - Taveira Jr","isPartOf":{"@id":"https:\/\/deputadotaveirajr.com.br\/#website"},"primaryImageOfPage":{"@id":"https:\/\/deputadotaveirajr.com.br\/index.php\/pacientes-esperam-por-mais-de-2-horas-por-triagem-antes-de-atendimento-na-upa-de-parnamirim\/#primaryimage"},"image":{"@id":"https:\/\/deputadotaveirajr.com.br\/index.php\/pacientes-esperam-por-mais-de-2-horas-por-triagem-antes-de-atendimento-na-upa-de-parnamirim\/#primaryimage"},"thumbnailUrl":"https:\/\/deputadotaveirajr.com.br\/wp-content\/uploads\/2024\/12\/whatsapp-image-2020-11-20-at-12.23.40-Q3ebTu.jpeg","datePublished":"2024-12-06T22:32:41+00:00","breadcrumb":{"@id":"https:\/\/deputadotaveirajr.com.br\/index.php\/pacientes-esperam-por-mais-de-2-horas-por-triagem-antes-de-atendimento-na-upa-de-parnamirim\/#breadcrumb"},"inLanguage":"pt-BR","potentialAction":[{"@type":"ReadAction","target":["https:\/\/deputadotaveirajr.com.br\/index.php\/pacientes-esperam-por-mais-de-2-horas-por-triagem-antes-de-atendimento-na-upa-de-parnamirim\/"]}]},{"@type":"ImageObject","inLanguage":"pt-BR","@id":"https:\/\/deputadotaveirajr.com.br\/index.php\/pacientes-esperam-por-mais-de-2-horas-por-triagem-antes-de-atendimento-na-upa-de-parnamirim\/#primaryimage","url":"https:\/\/deputadotaveirajr.com.br\/wp-content\/uploads\/2024\/12\/whatsapp-image-2020-11-20-at-12.23.40-Q3ebTu.jpeg","contentUrl":"https:\/\/deputadotaveirajr.com.br\/wp-content\/uploads\/2024\/12\/whatsapp-image-2020-11-20-at-12.23.40-Q3ebTu.jpeg","width":1280,"height":720},{"@type":"BreadcrumbList","@id":"https:\/\/deputadotaveirajr.com.br\/index.php\/pacientes-esperam-por-mais-de-2-horas-por-triagem-antes-de-atendimento-na-upa-de-parnamirim\/#breadcrumb","itemListElement":[{"@type":"ListItem","position":1,"name":"In\u00edcio","item":"https:\/\/deputadotaveirajr.com.br\/"},{"@type":"ListItem","position":2,"name":"Pacientes esperam por mais de 2 horas por triagem antes de atendimento na UPA de Parnamirim"}]},{"@type":"WebSite","@id":"https:\/\/deputadotaveirajr.com.br\/#website","url":"https:\/\/deputadotaveirajr.com.br\/","name":"Taveira Jr","description":"Deputado Estadual","publisher":{"@id":"https:\/\/deputadotaveirajr.com.br\/#organization"},"potentialAction":[{"@type":"SearchAction","target":{"@type":"EntryPoint","urlTemplate":"https:\/\/deputadotaveirajr.com.br\/?s={search_term_string}"},"query-input":{"@type":"PropertyValueSpecification","valueRequired":true,"valueName":"search_term_string"}}],"inLanguage":"pt-BR"},{"@type":"Organization","@id":"https:\/\/deputadotaveirajr.com.br\/#organization","name":"Taveira Jr","url":"https:\/\/deputadotaveirajr.com.br\/","logo":{"@type":"ImageObject","inLanguage":"pt-BR","@id":"https:\/\/deputadotaveirajr.com.br\/#\/schema\/logo\/image\/","url":"https:\/\/deputadotaveirajr.com.br\/wp-content\/uploads\/2026\/01\/logolow2a.png","contentUrl":"https:\/\/deputadotaveirajr.com.br\/wp-content\/uploads\/2026\/01\/logolow2a.png","width":290,"height":80,"caption":"Taveira Jr"},"image":{"@id":"https:\/\/deputadotaveirajr.com.br\/#\/schema\/logo\/image\/"}}]}},"_links":{"self":[{"href":"https:\/\/deputadotaveirajr.com.br\/index.php\/wp-json\/wp\/v2\/pages\/11592","targetHints":{"allow":["GET"]}}],"collection":[{"href":"https:\/\/deputadotaveirajr.com.br\/index.php\/wp-json\/wp\/v2\/pages"}],"about":[{"href":"https:\/\/deputadotaveirajr.com.br\/index.php\/wp-json\/wp\/v2\/types\/page"}],"replies":[{"embeddable":true,"href":"https:\/\/deputadotaveirajr.com.br\/index.php\/wp-json\/wp\/v2\/comments?post=11592"}],"version-history":[{"count":0,"href":"https:\/\/deputadotaveirajr.com.br\/index.php\/wp-json\/wp\/v2\/pages\/11592\/revisions"}],"wp:featuredmedia":[{"embeddable":true,"href":"https:\/\/deputadotaveirajr.com.br\/index.php\/wp-json\/wp\/v2\/media\/11593"}],"wp:attachment":[{"href":"https:\/\/deputadotaveirajr.com.br\/index.php\/wp-json\/wp\/v2\/media?parent=11592"}],"curies":[{"name":"wp","href":"https:\/\/api.w.org\/{rel}","templated":true}]}}