{"id":11598,"date":"2024-12-07T08:00:31","date_gmt":"2024-12-07T11:00:31","guid":{"rendered":"https:\/\/deputadotaveirajr.com.br\/index.php\/empreendedores-potiguares-apostam-em-criatividade-para-garantir-renda-extra-no-periodo-natalino\/"},"modified":"2024-12-07T08:00:31","modified_gmt":"2024-12-07T11:00:31","slug":"empreendedores-potiguares-apostam-em-criatividade-para-garantir-renda-extra-no-periodo-natalino","status":"publish","type":"page","link":"https:\/\/deputadotaveirajr.com.br\/index.php\/empreendedores-potiguares-apostam-em-criatividade-para-garantir-renda-extra-no-periodo-natalino\/","title":{"rendered":"Empreendedores potiguares apostam em criatividade para garantir renda extra no per\u00edodo natalino"},"content":{"rendered":"<p>     Op\u00e7\u00f5es criativas fazem parte de estrat\u00e9gias de vendas dos empreendedores para aumentar renda no Natal. Maria Eduarda criou marca de ilustra\u00e7\u00f5es personalizadas<br \/>\nReprodu\u00e7\u00e3o<br \/>\nCom o per\u00edodo de datas comemorativas no fim de ano, muitos empreendedores apostam na criatividade para garantir uma renda extra. Seja quem j\u00e1 tem um neg\u00f3cio ou quem est\u00e1 come\u00e7ando agora, a \u00e9poca natalina \u00e9 um ponto alto para os neg\u00f3cios.<br \/>\nFoi pensando nisso que os s\u00f3cios \u00c9rika Oliveira, jornalista gastron\u00f4mica e Matheus Grillo, empres\u00e1rio no ramo de caf\u00e9s, decidiram abrir a Canela, uma marca especializada em doces tem\u00e1ticos festivos.<br \/>\n\ud83d\udcf3Participe do canal do g1 RN no WhatsApp<br \/>\nEntre os doces oferecidos est\u00e3o cinnamon rolls, cookies, biscoitos amanteigados finos, o tradicional gingerbread americano e cuca de banana com doce de leite.<br \/>\nDe acordo com Matheus, a ideia surgiu no Halloween, guiada por um pensamento de fazer doces para presentear os amigos no Natal.<br \/>\n&#8220;A partir disso, pensamos que poder\u00edamos vender para todo mundo, j\u00e1 que o fim do ano \u00e9 um momento em que o com\u00e9rcio aquece e todos est\u00e3o pensando em presentear. Vimos como uma boa oportunidade para fazer uma renda extra com objetivo de viajar em outro momento ou investir na empresa, se tudo der certo&#8221;, diz Matheus.<br \/>\n\u00c9rika explica que a escolha dos produtos veio de forma natural, tanto devido a experi\u00eancia que tinha com as receitas, como pela \u00e9poca do ano, onde as pessoas procuram itens presente\u00e1veis.<br \/>\nPotiguares \u00c9rika e Matheus criaram marca de doces festivos<br \/>\nCedida<br \/>\n&#8220;T\u00ednhamos uma ideia do que seria interessante oferecer ao p\u00fablico e a isso, juntamos o fator \u2018encantamento\u2019 que o Natal tem que ter para escolher as outras op\u00e7\u00f5es, como o gingerbread, que \u00e9 bem caracter\u00edstico da \u00e9poca&#8221;, explica \u00c9rika.<br \/>\nSobre continuar com o neg\u00f3cio ap\u00f3s o per\u00edodo festivo, Matheus conta que a ideia inicial era atuar apenas no Natal, mas que com as vendas crescendo eles tem visto um nicho onde podem atuar ao longo do ano, como encomendas corporativas.<br \/>\nOutro exemplo de uso da criatividade durante a \u00e9poca natalina, \u00e9 a estudante de arquitetura, Maria Eduarda Moura, que faz ilustra\u00e7\u00f5es personalizadas, na sua marca criaDuda.<br \/>\nEduarda come\u00e7ou os desenhos apenas por hobby, mas a medida que ela compartilhava nas redes sociais, as pessoas come\u00e7aram a perguntar sobre encomendas, foi ent\u00e3o que ela enxergou um nicho e a possibilidade de fazer uma renda extra em datas comemorativas.<br \/>\nCom isso, a estudante come\u00e7ou a ganhar uma visibilidade durante a \u00e9poca natalina, quando as pessoas buscam presentes diferentes.<br \/>\n&#8220;O meu produto \u00e9 100% personalizado, o que \u00e9 extremamente atraente, algo que chama muita aten\u00e7\u00e3o nessa \u00e9poca de final de ano, como os desenhos com montagens, onde podemos juntar fotos de pessoas j\u00e1 falecidos junto com outras fotos, fazendo um retrato completo da fam\u00edlia&#8221;, comenta.<br \/>\nMaria Eduarda explica que busca se preparar com anteced\u00eancia para o per\u00edodo festivo, devido a alta demanda que costuma surgir.<br \/>\n&#8220;Final do ano sempre \u00e9 bem ca\u00f3tico. Com o passar dos anos vou aprendendo a administrar melhor. Ent\u00e3o eu me organizo, publicando o cat\u00e1logo antes nas redes sociais para os clientes fazerem encomendas, compro material com anteced\u00eancia. Essa \u00e9poca requer um investimento maior para os materiais, ent\u00e3o durante o ano j\u00e1 fa\u00e7o uma reserva financeira para isso&#8221;, explica.<br \/>\nMaria Eduarda criou marca de ilustra\u00e7\u00f5es personalizadas<br \/>\nReprodu\u00e7\u00e3o<br \/>\nEduarda relata que com as solicita\u00e7\u00f5es dos clientes, foi se adaptando e criando novos produtos para o seu cat\u00e1logo.<br \/>\n&#8220;Na \u00e9poca de Natal, fim de ano, sempre busco novas ideias, novos estilos e novos itens para ser mais atrativo ao p\u00fablico&#8221;, completa.<br \/>\nVeja os v\u00eddeos mais assistidos do g1 RN<\/p>","protected":false},"excerpt":{"rendered":"<p>Op\u00e7\u00f5es criativas fazem parte de estrat\u00e9gias de vendas dos empreendedores para aumentar renda no Natal. Maria Eduarda criou marca de ilustra\u00e7\u00f5es personalizadas Reprodu\u00e7\u00e3o Com o per\u00edodo de datas comemorativas no &#8230;<\/p>\n","protected":false},"author":0,"featured_media":11599,"parent":0,"menu_order":0,"comment_status":"closed","ping_status":"closed","template":"","meta":{"footnotes":""},"class_list":["post-11598","page","type-page","status-publish","has-post-thumbnail","hentry"],"yoast_head":"<!-- This site is optimized with the Yoast SEO plugin v27.1.1 - https:\/\/yoast.com\/product\/yoast-seo-wordpress\/ -->\n<title>Empreendedores potiguares apostam em criatividade para garantir renda extra no per\u00edodo natalino - Taveira Jr<\/title>\n<meta name=\"robots\" content=\"index, follow, max-snippet:-1, max-image-preview:large, max-video-preview:-1\" \/>\n<link rel=\"canonical\" href=\"https:\/\/deputadotaveirajr.com.br\/index.php\/empreendedores-potiguares-apostam-em-criatividade-para-garantir-renda-extra-no-periodo-natalino\/\" \/>\n<meta property=\"og:locale\" content=\"pt_BR\" \/>\n<meta property=\"og:type\" content=\"article\" \/>\n<meta property=\"og:title\" content=\"Empreendedores potiguares apostam em criatividade para garantir renda extra no per\u00edodo natalino - Taveira Jr\" \/>\n<meta property=\"og:description\" content=\"Op\u00e7\u00f5es criativas fazem parte de estrat\u00e9gias de vendas dos empreendedores para aumentar renda no Natal. Maria Eduarda criou marca de ilustra\u00e7\u00f5es personalizadas Reprodu\u00e7\u00e3o Com o per\u00edodo de datas comemorativas no ...\" \/>\n<meta property=\"og:url\" content=\"https:\/\/deputadotaveirajr.com.br\/index.php\/empreendedores-potiguares-apostam-em-criatividade-para-garantir-renda-extra-no-periodo-natalino\/\" \/>\n<meta property=\"og:site_name\" content=\"Taveira Jr\" \/>\n<meta name=\"twitter:card\" content=\"summary_large_image\" \/>\n<meta name=\"twitter:label1\" content=\"Est. tempo de leitura\" \/>\n\t<meta name=\"twitter:data1\" content=\"3 minutos\" \/>\n<script type=\"application\/ld+json\" class=\"yoast-schema-graph\">{\"@context\":\"https:\/\/schema.org\",\"@graph\":[{\"@type\":\"WebPage\",\"@id\":\"https:\/\/deputadotaveirajr.com.br\/index.php\/empreendedores-potiguares-apostam-em-criatividade-para-garantir-renda-extra-no-periodo-natalino\/\",\"url\":\"https:\/\/deputadotaveirajr.com.br\/index.php\/empreendedores-potiguares-apostam-em-criatividade-para-garantir-renda-extra-no-periodo-natalino\/\",\"name\":\"Empreendedores potiguares apostam em criatividade para garantir renda extra no per\u00edodo natalino - Taveira Jr\",\"isPartOf\":{\"@id\":\"https:\/\/deputadotaveirajr.com.br\/#website\"},\"primaryImageOfPage\":{\"@id\":\"https:\/\/deputadotaveirajr.com.br\/index.php\/empreendedores-potiguares-apostam-em-criatividade-para-garantir-renda-extra-no-periodo-natalino\/#primaryimage\"},\"image\":{\"@id\":\"https:\/\/deputadotaveirajr.com.br\/index.php\/empreendedores-potiguares-apostam-em-criatividade-para-garantir-renda-extra-no-periodo-natalino\/#primaryimage\"},\"thumbnailUrl\":\"https:\/\/deputadotaveirajr.com.br\/wp-content\/uploads\/2024\/12\/snapinsta.app-386375875-990971368683798-5674497502632733685-n-1080-Yqqd6s.jpeg\",\"datePublished\":\"2024-12-07T11:00:31+00:00\",\"breadcrumb\":{\"@id\":\"https:\/\/deputadotaveirajr.com.br\/index.php\/empreendedores-potiguares-apostam-em-criatividade-para-garantir-renda-extra-no-periodo-natalino\/#breadcrumb\"},\"inLanguage\":\"pt-BR\",\"potentialAction\":[{\"@type\":\"ReadAction\",\"target\":[\"https:\/\/deputadotaveirajr.com.br\/index.php\/empreendedores-potiguares-apostam-em-criatividade-para-garantir-renda-extra-no-periodo-natalino\/\"]}]},{\"@type\":\"ImageObject\",\"inLanguage\":\"pt-BR\",\"@id\":\"https:\/\/deputadotaveirajr.com.br\/index.php\/empreendedores-potiguares-apostam-em-criatividade-para-garantir-renda-extra-no-periodo-natalino\/#primaryimage\",\"url\":\"https:\/\/deputadotaveirajr.com.br\/wp-content\/uploads\/2024\/12\/snapinsta.app-386375875-990971368683798-5674497502632733685-n-1080-Yqqd6s.jpeg\",\"contentUrl\":\"https:\/\/deputadotaveirajr.com.br\/wp-content\/uploads\/2024\/12\/snapinsta.app-386375875-990971368683798-5674497502632733685-n-1080-Yqqd6s.jpeg\",\"width\":1080,\"height\":1080},{\"@type\":\"BreadcrumbList\",\"@id\":\"https:\/\/deputadotaveirajr.com.br\/index.php\/empreendedores-potiguares-apostam-em-criatividade-para-garantir-renda-extra-no-periodo-natalino\/#breadcrumb\",\"itemListElement\":[{\"@type\":\"ListItem\",\"position\":1,\"name\":\"In\u00edcio\",\"item\":\"https:\/\/deputadotaveirajr.com.br\/\"},{\"@type\":\"ListItem\",\"position\":2,\"name\":\"Empreendedores potiguares apostam em criatividade para garantir renda extra no per\u00edodo natalino\"}]},{\"@type\":\"WebSite\",\"@id\":\"https:\/\/deputadotaveirajr.com.br\/#website\",\"url\":\"https:\/\/deputadotaveirajr.com.br\/\",\"name\":\"Taveira Jr\",\"description\":\"Deputado Estadual\",\"publisher\":{\"@id\":\"https:\/\/deputadotaveirajr.com.br\/#organization\"},\"potentialAction\":[{\"@type\":\"SearchAction\",\"target\":{\"@type\":\"EntryPoint\",\"urlTemplate\":\"https:\/\/deputadotaveirajr.com.br\/?s={search_term_string}\"},\"query-input\":{\"@type\":\"PropertyValueSpecification\",\"valueRequired\":true,\"valueName\":\"search_term_string\"}}],\"inLanguage\":\"pt-BR\"},{\"@type\":\"Organization\",\"@id\":\"https:\/\/deputadotaveirajr.com.br\/#organization\",\"name\":\"Taveira Jr\",\"url\":\"https:\/\/deputadotaveirajr.com.br\/\",\"logo\":{\"@type\":\"ImageObject\",\"inLanguage\":\"pt-BR\",\"@id\":\"https:\/\/deputadotaveirajr.com.br\/#\/schema\/logo\/image\/\",\"url\":\"https:\/\/deputadotaveirajr.com.br\/wp-content\/uploads\/2026\/01\/logolow2a.png\",\"contentUrl\":\"https:\/\/deputadotaveirajr.com.br\/wp-content\/uploads\/2026\/01\/logolow2a.png\",\"width\":290,\"height\":80,\"caption\":\"Taveira Jr\"},\"image\":{\"@id\":\"https:\/\/deputadotaveirajr.com.br\/#\/schema\/logo\/image\/\"}}]}<\/script>\n<!-- \/ Yoast SEO plugin. -->","yoast_head_json":{"title":"Empreendedores potiguares apostam em criatividade para garantir renda extra no per\u00edodo natalino - Taveira Jr","robots":{"index":"index","follow":"follow","max-snippet":"max-snippet:-1","max-image-preview":"max-image-preview:large","max-video-preview":"max-video-preview:-1"},"canonical":"https:\/\/deputadotaveirajr.com.br\/index.php\/empreendedores-potiguares-apostam-em-criatividade-para-garantir-renda-extra-no-periodo-natalino\/","og_locale":"pt_BR","og_type":"article","og_title":"Empreendedores potiguares apostam em criatividade para garantir renda extra no per\u00edodo natalino - Taveira Jr","og_description":"Op\u00e7\u00f5es criativas fazem parte de estrat\u00e9gias de vendas dos empreendedores para aumentar renda no Natal. Maria Eduarda criou marca de ilustra\u00e7\u00f5es personalizadas Reprodu\u00e7\u00e3o Com o per\u00edodo de datas comemorativas no ...","og_url":"https:\/\/deputadotaveirajr.com.br\/index.php\/empreendedores-potiguares-apostam-em-criatividade-para-garantir-renda-extra-no-periodo-natalino\/","og_site_name":"Taveira Jr","twitter_card":"summary_large_image","twitter_misc":{"Est. tempo de leitura":"3 minutos"},"schema":{"@context":"https:\/\/schema.org","@graph":[{"@type":"WebPage","@id":"https:\/\/deputadotaveirajr.com.br\/index.php\/empreendedores-potiguares-apostam-em-criatividade-para-garantir-renda-extra-no-periodo-natalino\/","url":"https:\/\/deputadotaveirajr.com.br\/index.php\/empreendedores-potiguares-apostam-em-criatividade-para-garantir-renda-extra-no-periodo-natalino\/","name":"Empreendedores potiguares apostam em criatividade para garantir renda extra no per\u00edodo natalino - Taveira Jr","isPartOf":{"@id":"https:\/\/deputadotaveirajr.com.br\/#website"},"primaryImageOfPage":{"@id":"https:\/\/deputadotaveirajr.com.br\/index.php\/empreendedores-potiguares-apostam-em-criatividade-para-garantir-renda-extra-no-periodo-natalino\/#primaryimage"},"image":{"@id":"https:\/\/deputadotaveirajr.com.br\/index.php\/empreendedores-potiguares-apostam-em-criatividade-para-garantir-renda-extra-no-periodo-natalino\/#primaryimage"},"thumbnailUrl":"https:\/\/deputadotaveirajr.com.br\/wp-content\/uploads\/2024\/12\/snapinsta.app-386375875-990971368683798-5674497502632733685-n-1080-Yqqd6s.jpeg","datePublished":"2024-12-07T11:00:31+00:00","breadcrumb":{"@id":"https:\/\/deputadotaveirajr.com.br\/index.php\/empreendedores-potiguares-apostam-em-criatividade-para-garantir-renda-extra-no-periodo-natalino\/#breadcrumb"},"inLanguage":"pt-BR","potentialAction":[{"@type":"ReadAction","target":["https:\/\/deputadotaveirajr.com.br\/index.php\/empreendedores-potiguares-apostam-em-criatividade-para-garantir-renda-extra-no-periodo-natalino\/"]}]},{"@type":"ImageObject","inLanguage":"pt-BR","@id":"https:\/\/deputadotaveirajr.com.br\/index.php\/empreendedores-potiguares-apostam-em-criatividade-para-garantir-renda-extra-no-periodo-natalino\/#primaryimage","url":"https:\/\/deputadotaveirajr.com.br\/wp-content\/uploads\/2024\/12\/snapinsta.app-386375875-990971368683798-5674497502632733685-n-1080-Yqqd6s.jpeg","contentUrl":"https:\/\/deputadotaveirajr.com.br\/wp-content\/uploads\/2024\/12\/snapinsta.app-386375875-990971368683798-5674497502632733685-n-1080-Yqqd6s.jpeg","width":1080,"height":1080},{"@type":"BreadcrumbList","@id":"https:\/\/deputadotaveirajr.com.br\/index.php\/empreendedores-potiguares-apostam-em-criatividade-para-garantir-renda-extra-no-periodo-natalino\/#breadcrumb","itemListElement":[{"@type":"ListItem","position":1,"name":"In\u00edcio","item":"https:\/\/deputadotaveirajr.com.br\/"},{"@type":"ListItem","position":2,"name":"Empreendedores potiguares apostam em criatividade para garantir renda extra no per\u00edodo natalino"}]},{"@type":"WebSite","@id":"https:\/\/deputadotaveirajr.com.br\/#website","url":"https:\/\/deputadotaveirajr.com.br\/","name":"Taveira Jr","description":"Deputado Estadual","publisher":{"@id":"https:\/\/deputadotaveirajr.com.br\/#organization"},"potentialAction":[{"@type":"SearchAction","target":{"@type":"EntryPoint","urlTemplate":"https:\/\/deputadotaveirajr.com.br\/?s={search_term_string}"},"query-input":{"@type":"PropertyValueSpecification","valueRequired":true,"valueName":"search_term_string"}}],"inLanguage":"pt-BR"},{"@type":"Organization","@id":"https:\/\/deputadotaveirajr.com.br\/#organization","name":"Taveira Jr","url":"https:\/\/deputadotaveirajr.com.br\/","logo":{"@type":"ImageObject","inLanguage":"pt-BR","@id":"https:\/\/deputadotaveirajr.com.br\/#\/schema\/logo\/image\/","url":"https:\/\/deputadotaveirajr.com.br\/wp-content\/uploads\/2026\/01\/logolow2a.png","contentUrl":"https:\/\/deputadotaveirajr.com.br\/wp-content\/uploads\/2026\/01\/logolow2a.png","width":290,"height":80,"caption":"Taveira Jr"},"image":{"@id":"https:\/\/deputadotaveirajr.com.br\/#\/schema\/logo\/image\/"}}]}},"_links":{"self":[{"href":"https:\/\/deputadotaveirajr.com.br\/index.php\/wp-json\/wp\/v2\/pages\/11598","targetHints":{"allow":["GET"]}}],"collection":[{"href":"https:\/\/deputadotaveirajr.com.br\/index.php\/wp-json\/wp\/v2\/pages"}],"about":[{"href":"https:\/\/deputadotaveirajr.com.br\/index.php\/wp-json\/wp\/v2\/types\/page"}],"replies":[{"embeddable":true,"href":"https:\/\/deputadotaveirajr.com.br\/index.php\/wp-json\/wp\/v2\/comments?post=11598"}],"version-history":[{"count":0,"href":"https:\/\/deputadotaveirajr.com.br\/index.php\/wp-json\/wp\/v2\/pages\/11598\/revisions"}],"wp:featuredmedia":[{"embeddable":true,"href":"https:\/\/deputadotaveirajr.com.br\/index.php\/wp-json\/wp\/v2\/media\/11599"}],"wp:attachment":[{"href":"https:\/\/deputadotaveirajr.com.br\/index.php\/wp-json\/wp\/v2\/media?parent=11598"}],"curies":[{"name":"wp","href":"https:\/\/api.w.org\/{rel}","templated":true}]}}