{"id":11600,"date":"2024-12-07T08:59:25","date_gmt":"2024-12-07T11:59:25","guid":{"rendered":"https:\/\/deputadotaveirajr.com.br\/index.php\/corpo-de-jovem-que-desapareceu-no-mar-apos-se-afogar-em-areia-preta-e-encontrado-na-praia-da-redinha-em-natal\/"},"modified":"2024-12-07T08:59:25","modified_gmt":"2024-12-07T11:59:25","slug":"corpo-de-jovem-que-desapareceu-no-mar-apos-se-afogar-em-areia-preta-e-encontrado-na-praia-da-redinha-em-natal","status":"publish","type":"page","link":"https:\/\/deputadotaveirajr.com.br\/index.php\/corpo-de-jovem-que-desapareceu-no-mar-apos-se-afogar-em-areia-preta-e-encontrado-na-praia-da-redinha-em-natal\/","title":{"rendered":"Corpo de jovem que desapareceu no mar ap\u00f3s se afogar em Areia Preta \u00e9 encontrado na praia da Redinha em Natal"},"content":{"rendered":"<p>     Niedson Gonzaga, de 20 anos, foi arrastado pela correnteza ap\u00f3s entrar no mar com a namorada na manh\u00e3 de quinta (5). Mulher foi salva por outro banhista. Corpo de jovem de 20 anos que morreu afogado foi encontrado neste s\u00e1bado (7)<br \/>\nVin\u00edcius Marinho\/Inter TV Cabugi<br \/>\nO corpo do jovem de 20 anos de idade que despareceu ap\u00f3s entrar no mar com a namorada na manh\u00e3 de quinta-feira (5) em Areia Preta, na Zona Leste de Natal, foi encontrado na manh\u00e3 deste s\u00e1bado (7) na praia da Redinha.<br \/>\nO corpo foi visto na praia por volta das 5h e foi retirado da \u00e1gua por uma equipe do Corpo de Bombeiros. O Instituto T\u00e9cnico-Cient\u00edfico de Per\u00edcia realizou per\u00edcia e recolheu o corpo para identifica\u00e7\u00e3o.<br \/>\n\ud83d\udcf3Participe do canal do g1 RN no WhatsApp<br \/>\nAinda no in\u00edcio da manh\u00e3, familiares reconheceram a v\u00edtima como Niedson Felix Gonzaga de Lima. O jovem completaria 21 anos de idade no pr\u00f3ximo dia 24, v\u00e9spera do feriado de Natal.<br \/>\nNo dia do afogamento, testemunhas disseram ao Corpo de Bombeiros que Niedson e a namorada teriam entrado no mar por volta das 10h30. A namorada do jovem come\u00e7ou a se afogar e ele tentou ajud\u00e1-la. Um banhista percebeu  o afogamento dos dois e conseguiu retirar a garota da \u00e1gua. Niedson, no entanto, foi levado pela correnteza.<br \/>\nO Corpo de Bombeiros iniciou as buscas no mesmo dia, inclusive com aux\u00edlio do helic\u00f3ptero Potiguar 1, da Secretaria de Seguran\u00e7a P\u00fablica e Defesa Social (Sesed), mas o jovem n\u00e3o tinha sido localizado at\u00e9 o in\u00edcio da manh\u00e3 deste s\u00e1bado (7).<br \/>\nHomem desaparece na Praia de Areia Preta, em Natal<br \/>\nLEIA TAMB\u00c9M<br \/>\nAFOGAMENTOS NA ZONA LESTE: Cinco pessoas foram resgatadas em um fim de semana de novembro<br \/>\nPerigo<br \/>\nO trecho onde o casal se afogou \u00e9 sinalizado aos banhistas com bandeiras vermelhas sobre os riscos de afogamento. Em um fim de semana de novembro, pelo menos cinco pessoas foram resgatadas de afogamentos nas praias Areia Preta e Praia do Forte.<br \/>\n&#8220;Infelizmente n\u00e3o t\u00ednhamos a presen\u00e7a de guarni\u00e7\u00e3o aqui no local, ela foi acionada de imediato atrav\u00e9s da liga\u00e7\u00e3o de um popular. A guarni\u00e7\u00e3o mais pr\u00f3xima chegou por volta de 1 minuto aqui no local,&#8221;, explicou o subtenente Helder, do Corpo de Bombeiros na quinta-feira (5).<br \/>\nLocal \u00e9 sinalizado com bandeiras sobre o risco de afogamento<br \/>\nS\u00e9rgio Henrique Santos\/Inter TV Cabugi<br \/>\nV\u00eddeos mais assistidos do g1 RN<\/p>","protected":false},"excerpt":{"rendered":"<p>Niedson Gonzaga, de 20 anos, foi arrastado pela correnteza ap\u00f3s entrar no mar com a namorada na manh\u00e3 de quinta (5). Mulher foi salva por outro banhista. Corpo de jovem &#8230;<\/p>\n","protected":false},"author":0,"featured_media":11601,"parent":0,"menu_order":0,"comment_status":"closed","ping_status":"closed","template":"","meta":{"footnotes":""},"class_list":["post-11600","page","type-page","status-publish","has-post-thumbnail","hentry"],"yoast_head":"<!-- This site is optimized with the Yoast SEO plugin v27.1.1 - https:\/\/yoast.com\/product\/yoast-seo-wordpress\/ -->\n<title>Corpo de jovem que desapareceu no mar ap\u00f3s se afogar em Areia Preta \u00e9 encontrado na praia da Redinha em Natal - Taveira Jr<\/title>\n<meta name=\"robots\" content=\"index, follow, max-snippet:-1, max-image-preview:large, max-video-preview:-1\" \/>\n<link rel=\"canonical\" href=\"https:\/\/deputadotaveirajr.com.br\/index.php\/corpo-de-jovem-que-desapareceu-no-mar-apos-se-afogar-em-areia-preta-e-encontrado-na-praia-da-redinha-em-natal\/\" \/>\n<meta property=\"og:locale\" content=\"pt_BR\" \/>\n<meta property=\"og:type\" content=\"article\" \/>\n<meta property=\"og:title\" content=\"Corpo de jovem que desapareceu no mar ap\u00f3s se afogar em Areia Preta \u00e9 encontrado na praia da Redinha em Natal - Taveira Jr\" \/>\n<meta property=\"og:description\" content=\"Niedson Gonzaga, de 20 anos, foi arrastado pela correnteza ap\u00f3s entrar no mar com a namorada na manh\u00e3 de quinta (5). Mulher foi salva por outro banhista. Corpo de jovem ...\" \/>\n<meta property=\"og:url\" content=\"https:\/\/deputadotaveirajr.com.br\/index.php\/corpo-de-jovem-que-desapareceu-no-mar-apos-se-afogar-em-areia-preta-e-encontrado-na-praia-da-redinha-em-natal\/\" \/>\n<meta property=\"og:site_name\" content=\"Taveira Jr\" \/>\n<meta name=\"twitter:card\" content=\"summary_large_image\" \/>\n<meta name=\"twitter:label1\" content=\"Est. tempo de leitura\" \/>\n\t<meta name=\"twitter:data1\" content=\"2 minutos\" \/>\n<script type=\"application\/ld+json\" class=\"yoast-schema-graph\">{\"@context\":\"https:\/\/schema.org\",\"@graph\":[{\"@type\":\"WebPage\",\"@id\":\"https:\/\/deputadotaveirajr.com.br\/index.php\/corpo-de-jovem-que-desapareceu-no-mar-apos-se-afogar-em-areia-preta-e-encontrado-na-praia-da-redinha-em-natal\/\",\"url\":\"https:\/\/deputadotaveirajr.com.br\/index.php\/corpo-de-jovem-que-desapareceu-no-mar-apos-se-afogar-em-areia-preta-e-encontrado-na-praia-da-redinha-em-natal\/\",\"name\":\"Corpo de jovem que desapareceu no mar ap\u00f3s se afogar em Areia Preta \u00e9 encontrado na praia da Redinha em Natal - Taveira Jr\",\"isPartOf\":{\"@id\":\"https:\/\/deputadotaveirajr.com.br\/#website\"},\"primaryImageOfPage\":{\"@id\":\"https:\/\/deputadotaveirajr.com.br\/index.php\/corpo-de-jovem-que-desapareceu-no-mar-apos-se-afogar-em-areia-preta-e-encontrado-na-praia-da-redinha-em-natal\/#primaryimage\"},\"image\":{\"@id\":\"https:\/\/deputadotaveirajr.com.br\/index.php\/corpo-de-jovem-que-desapareceu-no-mar-apos-se-afogar-em-areia-preta-e-encontrado-na-praia-da-redinha-em-natal\/#primaryimage\"},\"thumbnailUrl\":\"https:\/\/deputadotaveirajr.com.br\/wp-content\/uploads\/2024\/12\/whatsapp-image-2024-12-07-at-08.38.17-V4vGsT.jpeg\",\"datePublished\":\"2024-12-07T11:59:25+00:00\",\"breadcrumb\":{\"@id\":\"https:\/\/deputadotaveirajr.com.br\/index.php\/corpo-de-jovem-que-desapareceu-no-mar-apos-se-afogar-em-areia-preta-e-encontrado-na-praia-da-redinha-em-natal\/#breadcrumb\"},\"inLanguage\":\"pt-BR\",\"potentialAction\":[{\"@type\":\"ReadAction\",\"target\":[\"https:\/\/deputadotaveirajr.com.br\/index.php\/corpo-de-jovem-que-desapareceu-no-mar-apos-se-afogar-em-areia-preta-e-encontrado-na-praia-da-redinha-em-natal\/\"]}]},{\"@type\":\"ImageObject\",\"inLanguage\":\"pt-BR\",\"@id\":\"https:\/\/deputadotaveirajr.com.br\/index.php\/corpo-de-jovem-que-desapareceu-no-mar-apos-se-afogar-em-areia-preta-e-encontrado-na-praia-da-redinha-em-natal\/#primaryimage\",\"url\":\"https:\/\/deputadotaveirajr.com.br\/wp-content\/uploads\/2024\/12\/whatsapp-image-2024-12-07-at-08.38.17-V4vGsT.jpeg\",\"contentUrl\":\"https:\/\/deputadotaveirajr.com.br\/wp-content\/uploads\/2024\/12\/whatsapp-image-2024-12-07-at-08.38.17-V4vGsT.jpeg\",\"width\":1600,\"height\":1200},{\"@type\":\"BreadcrumbList\",\"@id\":\"https:\/\/deputadotaveirajr.com.br\/index.php\/corpo-de-jovem-que-desapareceu-no-mar-apos-se-afogar-em-areia-preta-e-encontrado-na-praia-da-redinha-em-natal\/#breadcrumb\",\"itemListElement\":[{\"@type\":\"ListItem\",\"position\":1,\"name\":\"In\u00edcio\",\"item\":\"https:\/\/deputadotaveirajr.com.br\/\"},{\"@type\":\"ListItem\",\"position\":2,\"name\":\"Corpo de jovem que desapareceu no mar ap\u00f3s se afogar em Areia Preta \u00e9 encontrado na praia da Redinha em Natal\"}]},{\"@type\":\"WebSite\",\"@id\":\"https:\/\/deputadotaveirajr.com.br\/#website\",\"url\":\"https:\/\/deputadotaveirajr.com.br\/\",\"name\":\"Taveira Jr\",\"description\":\"Deputado Estadual\",\"publisher\":{\"@id\":\"https:\/\/deputadotaveirajr.com.br\/#organization\"},\"potentialAction\":[{\"@type\":\"SearchAction\",\"target\":{\"@type\":\"EntryPoint\",\"urlTemplate\":\"https:\/\/deputadotaveirajr.com.br\/?s={search_term_string}\"},\"query-input\":{\"@type\":\"PropertyValueSpecification\",\"valueRequired\":true,\"valueName\":\"search_term_string\"}}],\"inLanguage\":\"pt-BR\"},{\"@type\":\"Organization\",\"@id\":\"https:\/\/deputadotaveirajr.com.br\/#organization\",\"name\":\"Taveira Jr\",\"url\":\"https:\/\/deputadotaveirajr.com.br\/\",\"logo\":{\"@type\":\"ImageObject\",\"inLanguage\":\"pt-BR\",\"@id\":\"https:\/\/deputadotaveirajr.com.br\/#\/schema\/logo\/image\/\",\"url\":\"https:\/\/deputadotaveirajr.com.br\/wp-content\/uploads\/2026\/01\/logolow2a.png\",\"contentUrl\":\"https:\/\/deputadotaveirajr.com.br\/wp-content\/uploads\/2026\/01\/logolow2a.png\",\"width\":290,\"height\":80,\"caption\":\"Taveira Jr\"},\"image\":{\"@id\":\"https:\/\/deputadotaveirajr.com.br\/#\/schema\/logo\/image\/\"}}]}<\/script>\n<!-- \/ Yoast SEO plugin. -->","yoast_head_json":{"title":"Corpo de jovem que desapareceu no mar ap\u00f3s se afogar em Areia Preta \u00e9 encontrado na praia da Redinha em Natal - Taveira Jr","robots":{"index":"index","follow":"follow","max-snippet":"max-snippet:-1","max-image-preview":"max-image-preview:large","max-video-preview":"max-video-preview:-1"},"canonical":"https:\/\/deputadotaveirajr.com.br\/index.php\/corpo-de-jovem-que-desapareceu-no-mar-apos-se-afogar-em-areia-preta-e-encontrado-na-praia-da-redinha-em-natal\/","og_locale":"pt_BR","og_type":"article","og_title":"Corpo de jovem que desapareceu no mar ap\u00f3s se afogar em Areia Preta \u00e9 encontrado na praia da Redinha em Natal - Taveira Jr","og_description":"Niedson Gonzaga, de 20 anos, foi arrastado pela correnteza ap\u00f3s entrar no mar com a namorada na manh\u00e3 de quinta (5). Mulher foi salva por outro banhista. Corpo de jovem ...","og_url":"https:\/\/deputadotaveirajr.com.br\/index.php\/corpo-de-jovem-que-desapareceu-no-mar-apos-se-afogar-em-areia-preta-e-encontrado-na-praia-da-redinha-em-natal\/","og_site_name":"Taveira Jr","twitter_card":"summary_large_image","twitter_misc":{"Est. tempo de leitura":"2 minutos"},"schema":{"@context":"https:\/\/schema.org","@graph":[{"@type":"WebPage","@id":"https:\/\/deputadotaveirajr.com.br\/index.php\/corpo-de-jovem-que-desapareceu-no-mar-apos-se-afogar-em-areia-preta-e-encontrado-na-praia-da-redinha-em-natal\/","url":"https:\/\/deputadotaveirajr.com.br\/index.php\/corpo-de-jovem-que-desapareceu-no-mar-apos-se-afogar-em-areia-preta-e-encontrado-na-praia-da-redinha-em-natal\/","name":"Corpo de jovem que desapareceu no mar ap\u00f3s se afogar em Areia Preta \u00e9 encontrado na praia da Redinha em Natal - Taveira Jr","isPartOf":{"@id":"https:\/\/deputadotaveirajr.com.br\/#website"},"primaryImageOfPage":{"@id":"https:\/\/deputadotaveirajr.com.br\/index.php\/corpo-de-jovem-que-desapareceu-no-mar-apos-se-afogar-em-areia-preta-e-encontrado-na-praia-da-redinha-em-natal\/#primaryimage"},"image":{"@id":"https:\/\/deputadotaveirajr.com.br\/index.php\/corpo-de-jovem-que-desapareceu-no-mar-apos-se-afogar-em-areia-preta-e-encontrado-na-praia-da-redinha-em-natal\/#primaryimage"},"thumbnailUrl":"https:\/\/deputadotaveirajr.com.br\/wp-content\/uploads\/2024\/12\/whatsapp-image-2024-12-07-at-08.38.17-V4vGsT.jpeg","datePublished":"2024-12-07T11:59:25+00:00","breadcrumb":{"@id":"https:\/\/deputadotaveirajr.com.br\/index.php\/corpo-de-jovem-que-desapareceu-no-mar-apos-se-afogar-em-areia-preta-e-encontrado-na-praia-da-redinha-em-natal\/#breadcrumb"},"inLanguage":"pt-BR","potentialAction":[{"@type":"ReadAction","target":["https:\/\/deputadotaveirajr.com.br\/index.php\/corpo-de-jovem-que-desapareceu-no-mar-apos-se-afogar-em-areia-preta-e-encontrado-na-praia-da-redinha-em-natal\/"]}]},{"@type":"ImageObject","inLanguage":"pt-BR","@id":"https:\/\/deputadotaveirajr.com.br\/index.php\/corpo-de-jovem-que-desapareceu-no-mar-apos-se-afogar-em-areia-preta-e-encontrado-na-praia-da-redinha-em-natal\/#primaryimage","url":"https:\/\/deputadotaveirajr.com.br\/wp-content\/uploads\/2024\/12\/whatsapp-image-2024-12-07-at-08.38.17-V4vGsT.jpeg","contentUrl":"https:\/\/deputadotaveirajr.com.br\/wp-content\/uploads\/2024\/12\/whatsapp-image-2024-12-07-at-08.38.17-V4vGsT.jpeg","width":1600,"height":1200},{"@type":"BreadcrumbList","@id":"https:\/\/deputadotaveirajr.com.br\/index.php\/corpo-de-jovem-que-desapareceu-no-mar-apos-se-afogar-em-areia-preta-e-encontrado-na-praia-da-redinha-em-natal\/#breadcrumb","itemListElement":[{"@type":"ListItem","position":1,"name":"In\u00edcio","item":"https:\/\/deputadotaveirajr.com.br\/"},{"@type":"ListItem","position":2,"name":"Corpo de jovem que desapareceu no mar ap\u00f3s se afogar em Areia Preta \u00e9 encontrado na praia da Redinha em Natal"}]},{"@type":"WebSite","@id":"https:\/\/deputadotaveirajr.com.br\/#website","url":"https:\/\/deputadotaveirajr.com.br\/","name":"Taveira Jr","description":"Deputado Estadual","publisher":{"@id":"https:\/\/deputadotaveirajr.com.br\/#organization"},"potentialAction":[{"@type":"SearchAction","target":{"@type":"EntryPoint","urlTemplate":"https:\/\/deputadotaveirajr.com.br\/?s={search_term_string}"},"query-input":{"@type":"PropertyValueSpecification","valueRequired":true,"valueName":"search_term_string"}}],"inLanguage":"pt-BR"},{"@type":"Organization","@id":"https:\/\/deputadotaveirajr.com.br\/#organization","name":"Taveira Jr","url":"https:\/\/deputadotaveirajr.com.br\/","logo":{"@type":"ImageObject","inLanguage":"pt-BR","@id":"https:\/\/deputadotaveirajr.com.br\/#\/schema\/logo\/image\/","url":"https:\/\/deputadotaveirajr.com.br\/wp-content\/uploads\/2026\/01\/logolow2a.png","contentUrl":"https:\/\/deputadotaveirajr.com.br\/wp-content\/uploads\/2026\/01\/logolow2a.png","width":290,"height":80,"caption":"Taveira Jr"},"image":{"@id":"https:\/\/deputadotaveirajr.com.br\/#\/schema\/logo\/image\/"}}]}},"_links":{"self":[{"href":"https:\/\/deputadotaveirajr.com.br\/index.php\/wp-json\/wp\/v2\/pages\/11600","targetHints":{"allow":["GET"]}}],"collection":[{"href":"https:\/\/deputadotaveirajr.com.br\/index.php\/wp-json\/wp\/v2\/pages"}],"about":[{"href":"https:\/\/deputadotaveirajr.com.br\/index.php\/wp-json\/wp\/v2\/types\/page"}],"replies":[{"embeddable":true,"href":"https:\/\/deputadotaveirajr.com.br\/index.php\/wp-json\/wp\/v2\/comments?post=11600"}],"version-history":[{"count":0,"href":"https:\/\/deputadotaveirajr.com.br\/index.php\/wp-json\/wp\/v2\/pages\/11600\/revisions"}],"wp:featuredmedia":[{"embeddable":true,"href":"https:\/\/deputadotaveirajr.com.br\/index.php\/wp-json\/wp\/v2\/media\/11601"}],"wp:attachment":[{"href":"https:\/\/deputadotaveirajr.com.br\/index.php\/wp-json\/wp\/v2\/media?parent=11600"}],"curies":[{"name":"wp","href":"https:\/\/api.w.org\/{rel}","templated":true}]}}