{"id":11602,"date":"2024-12-07T09:43:59","date_gmt":"2024-12-07T12:43:59","guid":{"rendered":"https:\/\/deputadotaveirajr.com.br\/index.php\/mutirao-reune-800-pacientes-para-acoes-de-prevencao-ao-cancer-de-pele-em-natal\/"},"modified":"2024-12-07T09:43:59","modified_gmt":"2024-12-07T12:43:59","slug":"mutirao-reune-800-pacientes-para-acoes-de-prevencao-ao-cancer-de-pele-em-natal","status":"publish","type":"page","link":"https:\/\/deputadotaveirajr.com.br\/index.php\/mutirao-reune-800-pacientes-para-acoes-de-prevencao-ao-cancer-de-pele-em-natal\/","title":{"rendered":"Mutir\u00e3o re\u00fane 800 pacientes para a\u00e7\u00f5es de preven\u00e7\u00e3o ao c\u00e2ncer de pele em Natal"},"content":{"rendered":"<p>     Atividade faz parte da campanha Dezembro Laranja, que visa conscientizar popula\u00e7\u00e3o sobre a doen\u00e7a, que \u00e9 o tipo de c\u00e2ncer mais diagnosticado no mundo.  Exames de pele s\u00e3o realizados durante mutir\u00e3o do Dezembro Laranja em Natal<br \/>\nS\u00e9rgio Henrique Santos\/Inter TV Cabugi<br \/>\nUm mutir\u00e3o realizado pela Sociedade Brasileira de Dermatologia no Rio Grande do Norte neste s\u00e1bado (7) em Natal reuniu 800 pacientes para a\u00e7\u00f5es gratuitas de preven\u00e7\u00e3o ao c\u00e2ncer de pele. Exames e pequenas cirurgias foram realizadas no Centro Avan\u00e7ado de Oncologia (Cecan) da Liga Contra o C\u00e2ncer.<br \/>\n\ud83d\udcf3Participe do canal do g1 RN no WhatsApp<br \/>\nA atividade faz parte da Campanha \u201cDezembro Laranja\u201d, que alerta a popula\u00e7\u00e3o sobre a doen\u00e7a. Segundo a entidade, o c\u00e2ncer de pele \u00e9 o tipo mais frequente no Brasil, mas pode ser prevenido com medidas simples, como uso di\u00e1rio de protetor solar, chap\u00e9us, roupas adequadas e evita\u00e7\u00e3o de exposi\u00e7\u00e3o em hor\u00e1rios de pico do sol.<br \/>\n&#8220;O c\u00e2ncer de pele ele \u00e9 o c\u00e2ncer mais diagnosticado no mundo, \u00e9 o que tem maior incid\u00eancia. Ent\u00e3o \u00e9 fundamental que a gente fa\u00e7a a\u00e7\u00f5es como essa para que a gente conscientize a popula\u00e7\u00e3o e que a gente possa identificar precocemente esse c\u00e2ncer que \u00e9 cur\u00e1vel. \u00c9 uma das poucas les\u00f5es que a gente pode afirmar que se identificada precocemente pode ser operada e dado um resultado de cura para o paciente&#8221;, diz a Priscilla Vargas, presidente da Sociedade Brasileira de Dermatologia no RN.<br \/>\nAl\u00e9m dos exames, tratamento e orienta\u00e7\u00e3o voltada para as les\u00f5es suspeitas e confirmadas de c\u00e2ncer de pele foram realizados ainda neste s\u00e1bado (7).<br \/>\nMutir\u00e3o de exames de pele re\u00fane cerca de 800 pessoas no Cecan, em Natal<br \/>\nS\u00e9rgio Henrique Santos\/Inter TV Cabugi<br \/>\n&#8220;As les\u00f5es que s\u00e3o suspeitas de c\u00e2ncer est\u00e3o sendo passadas por exames de dermatoscopia e alguns por realiza\u00e7\u00e3o de bi\u00f3psia. Conforme \u00e9 confirmado ou porque clinicamente ela j\u00e1 tem certeza que \u00e9 um c\u00e2ncer de pele, se for uma les\u00e3o pequena num paciente saud\u00e1vel, a gente j\u00e1 est\u00e1 tentando resolver hoje. Paciente com mais les\u00f5es ou que tem outras doen\u00e7as precisam ser em outra situa\u00e7\u00e3o, num centro cir\u00fargico, mas j\u00e1 vai ser encaminhado para agendamento&#8221;, disse a presidente.<br \/>\nVeja sinais de alerta indicados pela entidade:<br \/>\nObserve se apresenta les\u00e3o elevada e brilhante na pele, de cor avermelhada, acastanhada, r\u00f3sea ou multicolorida, que sangra facilmente;<br \/>\nUma pinta preta ou acastanhada que muda de cor, com bordas irregulares e cresce de tamanho;<br \/>\nMancha ou ferida que n\u00e3o cicatriza, podendo (ou n\u00e3o) apresentar coceira, crostas e sangramento.<br \/>\nVeja os v\u00eddeos mais assistidos no g1 RN<\/p>","protected":false},"excerpt":{"rendered":"<p>Atividade faz parte da campanha Dezembro Laranja, que visa conscientizar popula\u00e7\u00e3o sobre a doen\u00e7a, que \u00e9 o tipo de c\u00e2ncer mais diagnosticado no mundo. Exames de pele s\u00e3o realizados durante &#8230;<\/p>\n","protected":false},"author":0,"featured_media":11603,"parent":0,"menu_order":0,"comment_status":"closed","ping_status":"closed","template":"","meta":{"footnotes":""},"class_list":["post-11602","page","type-page","status-publish","has-post-thumbnail","hentry"],"yoast_head":"<!-- This site is optimized with the Yoast SEO plugin v27.1.1 - https:\/\/yoast.com\/product\/yoast-seo-wordpress\/ -->\n<title>Mutir\u00e3o re\u00fane 800 pacientes para a\u00e7\u00f5es de preven\u00e7\u00e3o ao c\u00e2ncer de pele em Natal - Taveira Jr<\/title>\n<meta name=\"robots\" content=\"index, follow, max-snippet:-1, max-image-preview:large, max-video-preview:-1\" \/>\n<link rel=\"canonical\" href=\"https:\/\/deputadotaveirajr.com.br\/index.php\/mutirao-reune-800-pacientes-para-acoes-de-prevencao-ao-cancer-de-pele-em-natal\/\" \/>\n<meta property=\"og:locale\" content=\"pt_BR\" \/>\n<meta property=\"og:type\" content=\"article\" \/>\n<meta property=\"og:title\" content=\"Mutir\u00e3o re\u00fane 800 pacientes para a\u00e7\u00f5es de preven\u00e7\u00e3o ao c\u00e2ncer de pele em Natal - Taveira Jr\" \/>\n<meta property=\"og:description\" content=\"Atividade faz parte da campanha Dezembro Laranja, que visa conscientizar popula\u00e7\u00e3o sobre a doen\u00e7a, que \u00e9 o tipo de c\u00e2ncer mais diagnosticado no mundo. Exames de pele s\u00e3o realizados durante ...\" \/>\n<meta property=\"og:url\" content=\"https:\/\/deputadotaveirajr.com.br\/index.php\/mutirao-reune-800-pacientes-para-acoes-de-prevencao-ao-cancer-de-pele-em-natal\/\" \/>\n<meta property=\"og:site_name\" content=\"Taveira Jr\" \/>\n<meta name=\"twitter:card\" content=\"summary_large_image\" \/>\n<meta name=\"twitter:label1\" content=\"Est. tempo de leitura\" \/>\n\t<meta name=\"twitter:data1\" content=\"2 minutos\" \/>\n<script type=\"application\/ld+json\" class=\"yoast-schema-graph\">{\"@context\":\"https:\/\/schema.org\",\"@graph\":[{\"@type\":\"WebPage\",\"@id\":\"https:\/\/deputadotaveirajr.com.br\/index.php\/mutirao-reune-800-pacientes-para-acoes-de-prevencao-ao-cancer-de-pele-em-natal\/\",\"url\":\"https:\/\/deputadotaveirajr.com.br\/index.php\/mutirao-reune-800-pacientes-para-acoes-de-prevencao-ao-cancer-de-pele-em-natal\/\",\"name\":\"Mutir\u00e3o re\u00fane 800 pacientes para a\u00e7\u00f5es de preven\u00e7\u00e3o ao c\u00e2ncer de pele em Natal - Taveira Jr\",\"isPartOf\":{\"@id\":\"https:\/\/deputadotaveirajr.com.br\/#website\"},\"primaryImageOfPage\":{\"@id\":\"https:\/\/deputadotaveirajr.com.br\/index.php\/mutirao-reune-800-pacientes-para-acoes-de-prevencao-ao-cancer-de-pele-em-natal\/#primaryimage\"},\"image\":{\"@id\":\"https:\/\/deputadotaveirajr.com.br\/index.php\/mutirao-reune-800-pacientes-para-acoes-de-prevencao-ao-cancer-de-pele-em-natal\/#primaryimage\"},\"thumbnailUrl\":\"https:\/\/deputadotaveirajr.com.br\/wp-content\/uploads\/2024\/12\/whatsapp-image-2024-12-07-at-08.53.53-B4Mbet.jpeg\",\"datePublished\":\"2024-12-07T12:43:59+00:00\",\"breadcrumb\":{\"@id\":\"https:\/\/deputadotaveirajr.com.br\/index.php\/mutirao-reune-800-pacientes-para-acoes-de-prevencao-ao-cancer-de-pele-em-natal\/#breadcrumb\"},\"inLanguage\":\"pt-BR\",\"potentialAction\":[{\"@type\":\"ReadAction\",\"target\":[\"https:\/\/deputadotaveirajr.com.br\/index.php\/mutirao-reune-800-pacientes-para-acoes-de-prevencao-ao-cancer-de-pele-em-natal\/\"]}]},{\"@type\":\"ImageObject\",\"inLanguage\":\"pt-BR\",\"@id\":\"https:\/\/deputadotaveirajr.com.br\/index.php\/mutirao-reune-800-pacientes-para-acoes-de-prevencao-ao-cancer-de-pele-em-natal\/#primaryimage\",\"url\":\"https:\/\/deputadotaveirajr.com.br\/wp-content\/uploads\/2024\/12\/whatsapp-image-2024-12-07-at-08.53.53-B4Mbet.jpeg\",\"contentUrl\":\"https:\/\/deputadotaveirajr.com.br\/wp-content\/uploads\/2024\/12\/whatsapp-image-2024-12-07-at-08.53.53-B4Mbet.jpeg\",\"width\":1600,\"height\":1200},{\"@type\":\"BreadcrumbList\",\"@id\":\"https:\/\/deputadotaveirajr.com.br\/index.php\/mutirao-reune-800-pacientes-para-acoes-de-prevencao-ao-cancer-de-pele-em-natal\/#breadcrumb\",\"itemListElement\":[{\"@type\":\"ListItem\",\"position\":1,\"name\":\"In\u00edcio\",\"item\":\"https:\/\/deputadotaveirajr.com.br\/\"},{\"@type\":\"ListItem\",\"position\":2,\"name\":\"Mutir\u00e3o re\u00fane 800 pacientes para a\u00e7\u00f5es de preven\u00e7\u00e3o ao c\u00e2ncer de pele em Natal\"}]},{\"@type\":\"WebSite\",\"@id\":\"https:\/\/deputadotaveirajr.com.br\/#website\",\"url\":\"https:\/\/deputadotaveirajr.com.br\/\",\"name\":\"Taveira Jr\",\"description\":\"Deputado Estadual\",\"publisher\":{\"@id\":\"https:\/\/deputadotaveirajr.com.br\/#organization\"},\"potentialAction\":[{\"@type\":\"SearchAction\",\"target\":{\"@type\":\"EntryPoint\",\"urlTemplate\":\"https:\/\/deputadotaveirajr.com.br\/?s={search_term_string}\"},\"query-input\":{\"@type\":\"PropertyValueSpecification\",\"valueRequired\":true,\"valueName\":\"search_term_string\"}}],\"inLanguage\":\"pt-BR\"},{\"@type\":\"Organization\",\"@id\":\"https:\/\/deputadotaveirajr.com.br\/#organization\",\"name\":\"Taveira Jr\",\"url\":\"https:\/\/deputadotaveirajr.com.br\/\",\"logo\":{\"@type\":\"ImageObject\",\"inLanguage\":\"pt-BR\",\"@id\":\"https:\/\/deputadotaveirajr.com.br\/#\/schema\/logo\/image\/\",\"url\":\"https:\/\/deputadotaveirajr.com.br\/wp-content\/uploads\/2026\/01\/logolow2a.png\",\"contentUrl\":\"https:\/\/deputadotaveirajr.com.br\/wp-content\/uploads\/2026\/01\/logolow2a.png\",\"width\":290,\"height\":80,\"caption\":\"Taveira Jr\"},\"image\":{\"@id\":\"https:\/\/deputadotaveirajr.com.br\/#\/schema\/logo\/image\/\"}}]}<\/script>\n<!-- \/ Yoast SEO plugin. -->","yoast_head_json":{"title":"Mutir\u00e3o re\u00fane 800 pacientes para a\u00e7\u00f5es de preven\u00e7\u00e3o ao c\u00e2ncer de pele em Natal - Taveira Jr","robots":{"index":"index","follow":"follow","max-snippet":"max-snippet:-1","max-image-preview":"max-image-preview:large","max-video-preview":"max-video-preview:-1"},"canonical":"https:\/\/deputadotaveirajr.com.br\/index.php\/mutirao-reune-800-pacientes-para-acoes-de-prevencao-ao-cancer-de-pele-em-natal\/","og_locale":"pt_BR","og_type":"article","og_title":"Mutir\u00e3o re\u00fane 800 pacientes para a\u00e7\u00f5es de preven\u00e7\u00e3o ao c\u00e2ncer de pele em Natal - Taveira Jr","og_description":"Atividade faz parte da campanha Dezembro Laranja, que visa conscientizar popula\u00e7\u00e3o sobre a doen\u00e7a, que \u00e9 o tipo de c\u00e2ncer mais diagnosticado no mundo. Exames de pele s\u00e3o realizados durante ...","og_url":"https:\/\/deputadotaveirajr.com.br\/index.php\/mutirao-reune-800-pacientes-para-acoes-de-prevencao-ao-cancer-de-pele-em-natal\/","og_site_name":"Taveira Jr","twitter_card":"summary_large_image","twitter_misc":{"Est. tempo de leitura":"2 minutos"},"schema":{"@context":"https:\/\/schema.org","@graph":[{"@type":"WebPage","@id":"https:\/\/deputadotaveirajr.com.br\/index.php\/mutirao-reune-800-pacientes-para-acoes-de-prevencao-ao-cancer-de-pele-em-natal\/","url":"https:\/\/deputadotaveirajr.com.br\/index.php\/mutirao-reune-800-pacientes-para-acoes-de-prevencao-ao-cancer-de-pele-em-natal\/","name":"Mutir\u00e3o re\u00fane 800 pacientes para a\u00e7\u00f5es de preven\u00e7\u00e3o ao c\u00e2ncer de pele em Natal - Taveira Jr","isPartOf":{"@id":"https:\/\/deputadotaveirajr.com.br\/#website"},"primaryImageOfPage":{"@id":"https:\/\/deputadotaveirajr.com.br\/index.php\/mutirao-reune-800-pacientes-para-acoes-de-prevencao-ao-cancer-de-pele-em-natal\/#primaryimage"},"image":{"@id":"https:\/\/deputadotaveirajr.com.br\/index.php\/mutirao-reune-800-pacientes-para-acoes-de-prevencao-ao-cancer-de-pele-em-natal\/#primaryimage"},"thumbnailUrl":"https:\/\/deputadotaveirajr.com.br\/wp-content\/uploads\/2024\/12\/whatsapp-image-2024-12-07-at-08.53.53-B4Mbet.jpeg","datePublished":"2024-12-07T12:43:59+00:00","breadcrumb":{"@id":"https:\/\/deputadotaveirajr.com.br\/index.php\/mutirao-reune-800-pacientes-para-acoes-de-prevencao-ao-cancer-de-pele-em-natal\/#breadcrumb"},"inLanguage":"pt-BR","potentialAction":[{"@type":"ReadAction","target":["https:\/\/deputadotaveirajr.com.br\/index.php\/mutirao-reune-800-pacientes-para-acoes-de-prevencao-ao-cancer-de-pele-em-natal\/"]}]},{"@type":"ImageObject","inLanguage":"pt-BR","@id":"https:\/\/deputadotaveirajr.com.br\/index.php\/mutirao-reune-800-pacientes-para-acoes-de-prevencao-ao-cancer-de-pele-em-natal\/#primaryimage","url":"https:\/\/deputadotaveirajr.com.br\/wp-content\/uploads\/2024\/12\/whatsapp-image-2024-12-07-at-08.53.53-B4Mbet.jpeg","contentUrl":"https:\/\/deputadotaveirajr.com.br\/wp-content\/uploads\/2024\/12\/whatsapp-image-2024-12-07-at-08.53.53-B4Mbet.jpeg","width":1600,"height":1200},{"@type":"BreadcrumbList","@id":"https:\/\/deputadotaveirajr.com.br\/index.php\/mutirao-reune-800-pacientes-para-acoes-de-prevencao-ao-cancer-de-pele-em-natal\/#breadcrumb","itemListElement":[{"@type":"ListItem","position":1,"name":"In\u00edcio","item":"https:\/\/deputadotaveirajr.com.br\/"},{"@type":"ListItem","position":2,"name":"Mutir\u00e3o re\u00fane 800 pacientes para a\u00e7\u00f5es de preven\u00e7\u00e3o ao c\u00e2ncer de pele em Natal"}]},{"@type":"WebSite","@id":"https:\/\/deputadotaveirajr.com.br\/#website","url":"https:\/\/deputadotaveirajr.com.br\/","name":"Taveira Jr","description":"Deputado Estadual","publisher":{"@id":"https:\/\/deputadotaveirajr.com.br\/#organization"},"potentialAction":[{"@type":"SearchAction","target":{"@type":"EntryPoint","urlTemplate":"https:\/\/deputadotaveirajr.com.br\/?s={search_term_string}"},"query-input":{"@type":"PropertyValueSpecification","valueRequired":true,"valueName":"search_term_string"}}],"inLanguage":"pt-BR"},{"@type":"Organization","@id":"https:\/\/deputadotaveirajr.com.br\/#organization","name":"Taveira Jr","url":"https:\/\/deputadotaveirajr.com.br\/","logo":{"@type":"ImageObject","inLanguage":"pt-BR","@id":"https:\/\/deputadotaveirajr.com.br\/#\/schema\/logo\/image\/","url":"https:\/\/deputadotaveirajr.com.br\/wp-content\/uploads\/2026\/01\/logolow2a.png","contentUrl":"https:\/\/deputadotaveirajr.com.br\/wp-content\/uploads\/2026\/01\/logolow2a.png","width":290,"height":80,"caption":"Taveira Jr"},"image":{"@id":"https:\/\/deputadotaveirajr.com.br\/#\/schema\/logo\/image\/"}}]}},"_links":{"self":[{"href":"https:\/\/deputadotaveirajr.com.br\/index.php\/wp-json\/wp\/v2\/pages\/11602","targetHints":{"allow":["GET"]}}],"collection":[{"href":"https:\/\/deputadotaveirajr.com.br\/index.php\/wp-json\/wp\/v2\/pages"}],"about":[{"href":"https:\/\/deputadotaveirajr.com.br\/index.php\/wp-json\/wp\/v2\/types\/page"}],"replies":[{"embeddable":true,"href":"https:\/\/deputadotaveirajr.com.br\/index.php\/wp-json\/wp\/v2\/comments?post=11602"}],"version-history":[{"count":0,"href":"https:\/\/deputadotaveirajr.com.br\/index.php\/wp-json\/wp\/v2\/pages\/11602\/revisions"}],"wp:featuredmedia":[{"embeddable":true,"href":"https:\/\/deputadotaveirajr.com.br\/index.php\/wp-json\/wp\/v2\/media\/11603"}],"wp:attachment":[{"href":"https:\/\/deputadotaveirajr.com.br\/index.php\/wp-json\/wp\/v2\/media?parent=11602"}],"curies":[{"name":"wp","href":"https:\/\/api.w.org\/{rel}","templated":true}]}}