{"id":11638,"date":"2024-12-10T08:33:37","date_gmt":"2024-12-10T11:33:37","guid":{"rendered":"https:\/\/deputadotaveirajr.com.br\/index.php\/reviravolta-em-touros-pericia-aponta-que-cena-do-crime-foi-alterada-e-que-homem-assassinou-namorada-antes-de-se-matar\/"},"modified":"2024-12-10T08:33:37","modified_gmt":"2024-12-10T11:33:37","slug":"reviravolta-em-touros-pericia-aponta-que-cena-do-crime-foi-alterada-e-que-homem-assassinou-namorada-antes-de-se-matar","status":"publish","type":"page","link":"https:\/\/deputadotaveirajr.com.br\/index.php\/reviravolta-em-touros-pericia-aponta-que-cena-do-crime-foi-alterada-e-que-homem-assassinou-namorada-antes-de-se-matar\/","title":{"rendered":"Reviravolta em Touros: Per\u00edcia aponta que cena do crime foi alterada e que homem assassinou namorada antes de se matar"},"content":{"rendered":"<p>     Caso aconteceu em novembro no munic\u00edpio do Litoral Norte potiguar. Pol\u00edcia Civil busca identificar quem tirou arma de perto de Victor Hugo de Assis Moura e levou para junto do corpo de Wanessa Melo da Silva. Victor Hugo de Assis Moura e Wanessa Melo da Silva foram encontrados baleados em Touros. Mulher j\u00e1 estava sem vida.<br \/>\nCedida<br \/>\nApontada inicialmente como suspeita de atirar contra o namorado e depois se matar, Wanessa Melo da Silva, de 22 anos, agora \u00e9 considerada a v\u00edtima do crime, segundo a Pol\u00edcia Civil do Rio Grande do Norte. O caso aconteceu no munic\u00edpio de Touros, litoral Norte potiguar, em novembro.<br \/>\nVictor Hugo de Assis Moura, de 26 anos, que chegou a ser socorrido com vida e morreu no hospital foi apontado pela pol\u00edcia, nesta ter\u00e7a-feira (10), como o autor do crime.<br \/>\n\ud83d\udcf3Participe do canal do g1 RN no WhatsApp<br \/>\nA reviravolta no caso aconteceu com a entrega do laudo do Instituto T\u00e9cnico-Cient\u00edfico de Per\u00edcia (Itep), que apontou que a cena do crime foi alterada antes da chegada da pol\u00edcia, no dia 9 de novembro.<br \/>\nComo a v\u00edtima e o agora suspeito do crime morreram, as investiga\u00e7\u00f5es ir\u00e3o se concentrar em identificar quem alterou a cena, segundo o delegado Jaime Groff, da delegacia de Touros. A per\u00edcia identificou uma mudan\u00e7a do local da arma.<br \/>\n&#8220;A arma estava pr\u00f3xima do corpo dela (quando a pol\u00edcia chegou). Ent\u00e3o, algu\u00e9m retirou do corpo dele e colocou perto dela, como se ela tivesse atirado. A gente verificou que essa arma sofreu uma movimenta\u00e7\u00e3o no local do crime, saiu de perto dele e foi para perto do colo dela&#8221;, disse o delegado.<br \/>\nAl\u00e9m disso, o corpo de Wanessa Melo da Silva foi encontrado no dia 9 de novembro em uma fase de decomposi\u00e7\u00e3o chamada gasosa. De acordo com a pol\u00edcia, isso indica que a morte dela aconteceu cerca de dois dias antes, possivelmente na quinta-feira (7).<br \/>\n&#8220;N\u00e3o tem como ela ter disparado nele e depois ter tirado a pr\u00f3pria vida. At\u00e9 porque o ferimento que ele tinha na cabe\u00e7a n\u00e3o permitiria que ele ficasse vivo tanto tempo&#8221;, considerou o delegado.<br \/>\nOs investigadores acreditam que Victor Hugo atirou na namorada e ficou dentro do im\u00f3vel com o corpo por cerca de dois dias. Somente no s\u00e1bado (9) ele teria atirado contra a pr\u00f3pria cabe\u00e7a.<br \/>\n&#8220;A gente vai apurar agora quem alterou a cena do crime, que \u00e9 um delito chamado fraude processual. A gente j\u00e1 tinha come\u00e7ado a investiga\u00e7\u00e3o para verificar a motiva\u00e7\u00e3o, o casal realmente discutia muito, tinha um hist\u00f3rico de uma rela\u00e7\u00e3o atribulada. E a\u00ed a gente vai aproveitar esses depoimentos que j\u00e1 colheu e seguir adiante e descobrir quem alterou a cena do crime&#8221;, disse Groff.<br \/>\nVeja os v\u00eddeos mais assistidos no g1 RN<\/p>","protected":false},"excerpt":{"rendered":"<p>Caso aconteceu em novembro no munic\u00edpio do Litoral Norte potiguar. Pol\u00edcia Civil busca identificar quem tirou arma de perto de Victor Hugo de Assis Moura e levou para junto do &#8230;<\/p>\n","protected":false},"author":0,"featured_media":11639,"parent":0,"menu_order":0,"comment_status":"closed","ping_status":"closed","template":"","meta":{"footnotes":""},"class_list":["post-11638","page","type-page","status-publish","has-post-thumbnail","hentry"],"yoast_head":"<!-- This site is optimized with the Yoast SEO plugin v27.1.1 - https:\/\/yoast.com\/product\/yoast-seo-wordpress\/ -->\n<title>Reviravolta em Touros: Per\u00edcia aponta que cena do crime foi alterada e que homem assassinou namorada antes de se matar - Taveira Jr<\/title>\n<meta name=\"robots\" content=\"index, follow, max-snippet:-1, max-image-preview:large, max-video-preview:-1\" \/>\n<link rel=\"canonical\" href=\"https:\/\/deputadotaveirajr.com.br\/index.php\/reviravolta-em-touros-pericia-aponta-que-cena-do-crime-foi-alterada-e-que-homem-assassinou-namorada-antes-de-se-matar\/\" \/>\n<meta property=\"og:locale\" content=\"pt_BR\" \/>\n<meta property=\"og:type\" content=\"article\" \/>\n<meta property=\"og:title\" content=\"Reviravolta em Touros: Per\u00edcia aponta que cena do crime foi alterada e que homem assassinou namorada antes de se matar - Taveira Jr\" \/>\n<meta property=\"og:description\" content=\"Caso aconteceu em novembro no munic\u00edpio do Litoral Norte potiguar. Pol\u00edcia Civil busca identificar quem tirou arma de perto de Victor Hugo de Assis Moura e levou para junto do ...\" \/>\n<meta property=\"og:url\" content=\"https:\/\/deputadotaveirajr.com.br\/index.php\/reviravolta-em-touros-pericia-aponta-que-cena-do-crime-foi-alterada-e-que-homem-assassinou-namorada-antes-de-se-matar\/\" \/>\n<meta property=\"og:site_name\" content=\"Taveira Jr\" \/>\n<meta name=\"twitter:card\" content=\"summary_large_image\" \/>\n<meta name=\"twitter:label1\" content=\"Est. tempo de leitura\" \/>\n\t<meta name=\"twitter:data1\" content=\"2 minutos\" \/>\n<script type=\"application\/ld+json\" class=\"yoast-schema-graph\">{\"@context\":\"https:\/\/schema.org\",\"@graph\":[{\"@type\":\"WebPage\",\"@id\":\"https:\/\/deputadotaveirajr.com.br\/index.php\/reviravolta-em-touros-pericia-aponta-que-cena-do-crime-foi-alterada-e-que-homem-assassinou-namorada-antes-de-se-matar\/\",\"url\":\"https:\/\/deputadotaveirajr.com.br\/index.php\/reviravolta-em-touros-pericia-aponta-que-cena-do-crime-foi-alterada-e-que-homem-assassinou-namorada-antes-de-se-matar\/\",\"name\":\"Reviravolta em Touros: Per\u00edcia aponta que cena do crime foi alterada e que homem assassinou namorada antes de se matar - Taveira Jr\",\"isPartOf\":{\"@id\":\"https:\/\/deputadotaveirajr.com.br\/#website\"},\"primaryImageOfPage\":{\"@id\":\"https:\/\/deputadotaveirajr.com.br\/index.php\/reviravolta-em-touros-pericia-aponta-que-cena-do-crime-foi-alterada-e-que-homem-assassinou-namorada-antes-de-se-matar\/#primaryimage\"},\"image\":{\"@id\":\"https:\/\/deputadotaveirajr.com.br\/index.php\/reviravolta-em-touros-pericia-aponta-que-cena-do-crime-foi-alterada-e-que-homem-assassinou-namorada-antes-de-se-matar\/#primaryimage\"},\"thumbnailUrl\":\"https:\/\/deputadotaveirajr.com.br\/wp-content\/uploads\/2024\/12\/casal-t6jE6u.jpeg\",\"datePublished\":\"2024-12-10T11:33:37+00:00\",\"breadcrumb\":{\"@id\":\"https:\/\/deputadotaveirajr.com.br\/index.php\/reviravolta-em-touros-pericia-aponta-que-cena-do-crime-foi-alterada-e-que-homem-assassinou-namorada-antes-de-se-matar\/#breadcrumb\"},\"inLanguage\":\"pt-BR\",\"potentialAction\":[{\"@type\":\"ReadAction\",\"target\":[\"https:\/\/deputadotaveirajr.com.br\/index.php\/reviravolta-em-touros-pericia-aponta-que-cena-do-crime-foi-alterada-e-que-homem-assassinou-namorada-antes-de-se-matar\/\"]}]},{\"@type\":\"ImageObject\",\"inLanguage\":\"pt-BR\",\"@id\":\"https:\/\/deputadotaveirajr.com.br\/index.php\/reviravolta-em-touros-pericia-aponta-que-cena-do-crime-foi-alterada-e-que-homem-assassinou-namorada-antes-de-se-matar\/#primaryimage\",\"url\":\"https:\/\/deputadotaveirajr.com.br\/wp-content\/uploads\/2024\/12\/casal-t6jE6u.jpeg\",\"contentUrl\":\"https:\/\/deputadotaveirajr.com.br\/wp-content\/uploads\/2024\/12\/casal-t6jE6u.jpeg\",\"width\":1017,\"height\":1082},{\"@type\":\"BreadcrumbList\",\"@id\":\"https:\/\/deputadotaveirajr.com.br\/index.php\/reviravolta-em-touros-pericia-aponta-que-cena-do-crime-foi-alterada-e-que-homem-assassinou-namorada-antes-de-se-matar\/#breadcrumb\",\"itemListElement\":[{\"@type\":\"ListItem\",\"position\":1,\"name\":\"In\u00edcio\",\"item\":\"https:\/\/deputadotaveirajr.com.br\/\"},{\"@type\":\"ListItem\",\"position\":2,\"name\":\"Reviravolta em Touros: Per\u00edcia aponta que cena do crime foi alterada e que homem assassinou namorada antes de se matar\"}]},{\"@type\":\"WebSite\",\"@id\":\"https:\/\/deputadotaveirajr.com.br\/#website\",\"url\":\"https:\/\/deputadotaveirajr.com.br\/\",\"name\":\"Taveira Jr\",\"description\":\"Deputado Estadual\",\"publisher\":{\"@id\":\"https:\/\/deputadotaveirajr.com.br\/#organization\"},\"potentialAction\":[{\"@type\":\"SearchAction\",\"target\":{\"@type\":\"EntryPoint\",\"urlTemplate\":\"https:\/\/deputadotaveirajr.com.br\/?s={search_term_string}\"},\"query-input\":{\"@type\":\"PropertyValueSpecification\",\"valueRequired\":true,\"valueName\":\"search_term_string\"}}],\"inLanguage\":\"pt-BR\"},{\"@type\":\"Organization\",\"@id\":\"https:\/\/deputadotaveirajr.com.br\/#organization\",\"name\":\"Taveira Jr\",\"url\":\"https:\/\/deputadotaveirajr.com.br\/\",\"logo\":{\"@type\":\"ImageObject\",\"inLanguage\":\"pt-BR\",\"@id\":\"https:\/\/deputadotaveirajr.com.br\/#\/schema\/logo\/image\/\",\"url\":\"https:\/\/deputadotaveirajr.com.br\/wp-content\/uploads\/2026\/01\/logolow2a.png\",\"contentUrl\":\"https:\/\/deputadotaveirajr.com.br\/wp-content\/uploads\/2026\/01\/logolow2a.png\",\"width\":290,\"height\":80,\"caption\":\"Taveira Jr\"},\"image\":{\"@id\":\"https:\/\/deputadotaveirajr.com.br\/#\/schema\/logo\/image\/\"}}]}<\/script>\n<!-- \/ Yoast SEO plugin. -->","yoast_head_json":{"title":"Reviravolta em Touros: Per\u00edcia aponta que cena do crime foi alterada e que homem assassinou namorada antes de se matar - Taveira Jr","robots":{"index":"index","follow":"follow","max-snippet":"max-snippet:-1","max-image-preview":"max-image-preview:large","max-video-preview":"max-video-preview:-1"},"canonical":"https:\/\/deputadotaveirajr.com.br\/index.php\/reviravolta-em-touros-pericia-aponta-que-cena-do-crime-foi-alterada-e-que-homem-assassinou-namorada-antes-de-se-matar\/","og_locale":"pt_BR","og_type":"article","og_title":"Reviravolta em Touros: Per\u00edcia aponta que cena do crime foi alterada e que homem assassinou namorada antes de se matar - Taveira Jr","og_description":"Caso aconteceu em novembro no munic\u00edpio do Litoral Norte potiguar. Pol\u00edcia Civil busca identificar quem tirou arma de perto de Victor Hugo de Assis Moura e levou para junto do ...","og_url":"https:\/\/deputadotaveirajr.com.br\/index.php\/reviravolta-em-touros-pericia-aponta-que-cena-do-crime-foi-alterada-e-que-homem-assassinou-namorada-antes-de-se-matar\/","og_site_name":"Taveira Jr","twitter_card":"summary_large_image","twitter_misc":{"Est. tempo de leitura":"2 minutos"},"schema":{"@context":"https:\/\/schema.org","@graph":[{"@type":"WebPage","@id":"https:\/\/deputadotaveirajr.com.br\/index.php\/reviravolta-em-touros-pericia-aponta-que-cena-do-crime-foi-alterada-e-que-homem-assassinou-namorada-antes-de-se-matar\/","url":"https:\/\/deputadotaveirajr.com.br\/index.php\/reviravolta-em-touros-pericia-aponta-que-cena-do-crime-foi-alterada-e-que-homem-assassinou-namorada-antes-de-se-matar\/","name":"Reviravolta em Touros: Per\u00edcia aponta que cena do crime foi alterada e que homem assassinou namorada antes de se matar - Taveira Jr","isPartOf":{"@id":"https:\/\/deputadotaveirajr.com.br\/#website"},"primaryImageOfPage":{"@id":"https:\/\/deputadotaveirajr.com.br\/index.php\/reviravolta-em-touros-pericia-aponta-que-cena-do-crime-foi-alterada-e-que-homem-assassinou-namorada-antes-de-se-matar\/#primaryimage"},"image":{"@id":"https:\/\/deputadotaveirajr.com.br\/index.php\/reviravolta-em-touros-pericia-aponta-que-cena-do-crime-foi-alterada-e-que-homem-assassinou-namorada-antes-de-se-matar\/#primaryimage"},"thumbnailUrl":"https:\/\/deputadotaveirajr.com.br\/wp-content\/uploads\/2024\/12\/casal-t6jE6u.jpeg","datePublished":"2024-12-10T11:33:37+00:00","breadcrumb":{"@id":"https:\/\/deputadotaveirajr.com.br\/index.php\/reviravolta-em-touros-pericia-aponta-que-cena-do-crime-foi-alterada-e-que-homem-assassinou-namorada-antes-de-se-matar\/#breadcrumb"},"inLanguage":"pt-BR","potentialAction":[{"@type":"ReadAction","target":["https:\/\/deputadotaveirajr.com.br\/index.php\/reviravolta-em-touros-pericia-aponta-que-cena-do-crime-foi-alterada-e-que-homem-assassinou-namorada-antes-de-se-matar\/"]}]},{"@type":"ImageObject","inLanguage":"pt-BR","@id":"https:\/\/deputadotaveirajr.com.br\/index.php\/reviravolta-em-touros-pericia-aponta-que-cena-do-crime-foi-alterada-e-que-homem-assassinou-namorada-antes-de-se-matar\/#primaryimage","url":"https:\/\/deputadotaveirajr.com.br\/wp-content\/uploads\/2024\/12\/casal-t6jE6u.jpeg","contentUrl":"https:\/\/deputadotaveirajr.com.br\/wp-content\/uploads\/2024\/12\/casal-t6jE6u.jpeg","width":1017,"height":1082},{"@type":"BreadcrumbList","@id":"https:\/\/deputadotaveirajr.com.br\/index.php\/reviravolta-em-touros-pericia-aponta-que-cena-do-crime-foi-alterada-e-que-homem-assassinou-namorada-antes-de-se-matar\/#breadcrumb","itemListElement":[{"@type":"ListItem","position":1,"name":"In\u00edcio","item":"https:\/\/deputadotaveirajr.com.br\/"},{"@type":"ListItem","position":2,"name":"Reviravolta em Touros: Per\u00edcia aponta que cena do crime foi alterada e que homem assassinou namorada antes de se matar"}]},{"@type":"WebSite","@id":"https:\/\/deputadotaveirajr.com.br\/#website","url":"https:\/\/deputadotaveirajr.com.br\/","name":"Taveira Jr","description":"Deputado Estadual","publisher":{"@id":"https:\/\/deputadotaveirajr.com.br\/#organization"},"potentialAction":[{"@type":"SearchAction","target":{"@type":"EntryPoint","urlTemplate":"https:\/\/deputadotaveirajr.com.br\/?s={search_term_string}"},"query-input":{"@type":"PropertyValueSpecification","valueRequired":true,"valueName":"search_term_string"}}],"inLanguage":"pt-BR"},{"@type":"Organization","@id":"https:\/\/deputadotaveirajr.com.br\/#organization","name":"Taveira Jr","url":"https:\/\/deputadotaveirajr.com.br\/","logo":{"@type":"ImageObject","inLanguage":"pt-BR","@id":"https:\/\/deputadotaveirajr.com.br\/#\/schema\/logo\/image\/","url":"https:\/\/deputadotaveirajr.com.br\/wp-content\/uploads\/2026\/01\/logolow2a.png","contentUrl":"https:\/\/deputadotaveirajr.com.br\/wp-content\/uploads\/2026\/01\/logolow2a.png","width":290,"height":80,"caption":"Taveira Jr"},"image":{"@id":"https:\/\/deputadotaveirajr.com.br\/#\/schema\/logo\/image\/"}}]}},"_links":{"self":[{"href":"https:\/\/deputadotaveirajr.com.br\/index.php\/wp-json\/wp\/v2\/pages\/11638","targetHints":{"allow":["GET"]}}],"collection":[{"href":"https:\/\/deputadotaveirajr.com.br\/index.php\/wp-json\/wp\/v2\/pages"}],"about":[{"href":"https:\/\/deputadotaveirajr.com.br\/index.php\/wp-json\/wp\/v2\/types\/page"}],"replies":[{"embeddable":true,"href":"https:\/\/deputadotaveirajr.com.br\/index.php\/wp-json\/wp\/v2\/comments?post=11638"}],"version-history":[{"count":0,"href":"https:\/\/deputadotaveirajr.com.br\/index.php\/wp-json\/wp\/v2\/pages\/11638\/revisions"}],"wp:featuredmedia":[{"embeddable":true,"href":"https:\/\/deputadotaveirajr.com.br\/index.php\/wp-json\/wp\/v2\/media\/11639"}],"wp:attachment":[{"href":"https:\/\/deputadotaveirajr.com.br\/index.php\/wp-json\/wp\/v2\/media?parent=11638"}],"curies":[{"name":"wp","href":"https:\/\/api.w.org\/{rel}","templated":true}]}}