{"id":11687,"date":"2024-12-16T19:37:07","date_gmt":"2024-12-16T22:37:07","guid":{"rendered":"https:\/\/deputadotaveirajr.com.br\/index.php\/justica-determina-que-governo-do-rn-pague-13o-salario-de-servidores-da-saude-em-dezembro\/"},"modified":"2024-12-16T19:37:07","modified_gmt":"2024-12-16T22:37:07","slug":"justica-determina-que-governo-do-rn-pague-13o-salario-de-servidores-da-saude-em-dezembro","status":"publish","type":"page","link":"https:\/\/deputadotaveirajr.com.br\/index.php\/justica-determina-que-governo-do-rn-pague-13o-salario-de-servidores-da-saude-em-dezembro\/","title":{"rendered":"Justi\u00e7a determina que governo do RN pague 13\u00ba sal\u00e1rio de servidores da sa\u00fade em dezembro"},"content":{"rendered":"<p><img decoding=\"async\" src=\"https:\/\/s2-g1.glbimg.com\/OeziocL-0MRxIGIY9Kc5BaqvPKU=\/i.s3.glbimg.com\/v1\/AUTH_59edd422c0c84a879bd37670ae4f538a\/internal_photos\/bs\/2022\/b\/A\/4gxYnyQkKBRCJW5c5slw\/whatsapp-image-2022-12-29-at-15.01.31.jpeg\" \/><br \/>     Calend\u00e1rio anunciado previa que pagamento de quem ganha acima de R$ 4,2 mil seria feito em janeiro. Governo do RN informou que vai recorrer da decis\u00e3o. Governadoria do Rio Grande do Norte pr\u00e9dio fachada governo RN<br \/>\nS\u00e9rgio Henrique Santos\/Inter TV Cabugi<br \/>\nA Justi\u00e7a determinou nesta segunda-feira (16) que o governo do Rio Grande do Norte pague o 13\u00ba sal\u00e1rio dos servidores da sa\u00fade do estado neste m\u00eas de dezembro, ou seja, at\u00e9 o fim de 2024.  A decis\u00e3o vale para servidores ativos, aposentados ou pensionistas e cabe recurso.<br \/>\nA decis\u00e3o atendeu a um pedido do Sindicato dos Trabalhadores em Sa\u00fade do Rio Grande do Norte (SindSa\u00fade), que entrou Justi\u00e7a ap\u00f3s o governo divulgar, no dia 11 de dezembro, um calend\u00e1rio de pagamento que previa que servidores com sal\u00e1rios acima de R$ 4,2 mil receberiam apenas a partir de janeiro.<br \/>\n\ud83d\udcf3Participe do canal do g1 RN no WhatsApp<br \/>\nEm nota, o governo do Rio Grande informou que vai recorrer da decis\u00e3o, &#8220;pois ela modifica e desorganiza o planejamento de todas as despesas&#8221;. O governo defendeu ainda que o pagamento do 13\u00ba sal\u00e1rio \u00e9 compet\u00eancia do Poder Executivo Estadual, &#8220;respeitando a disponibilidade de recursos e fluxo financeiro di\u00e1rio&#8221;.<br \/>\nNa decis\u00e3o, o magistrado Bruno Lacerda Bezerra Fernandes, da 5\u00aa Vara da Fazenda P\u00fablica da Comarca de Natal,  citou a divis\u00e3o do pagamento por faixa salarial &#8220;fere o princ\u00edpio da isonomia ao estabelecer tratamento diferenciado entre servidores da mesma categoria, baseando-se apenas na faixa salarial, sem qualquer justificativa legal para tanto&#8221;.<br \/>\nDecis\u00e3o<br \/>\nO juiz pontuou na decis\u00e3o que a Constiui\u00e7\u00e3o Estadual, em conson\u00e2ncia com a Federal, determina os vencimentos dos servidores p\u00fablicos estaduais at\u00e9 \u00faltimo dia de cada m\u00eas, e que uma Lei Complementar de 2024 determina que o 13\u00ba sal\u00e1rio \u00e9 pago no m\u00eas de dezembro.<br \/>\nDiante disso, segundo o magistrado, o an\u00fancio de parte do pagamento para janeiro de 2025 &#8220;viola frontalmente os dispositivos legais citados&#8221;.<br \/>\nO juiz citou que o pagamento pontual da remunera\u00e7\u00e3o &#8220;representa mais do que obriga\u00e7\u00e3o, configurando-se como elemento essencial para a estabilidade financeira e o planejamento or\u00e7ament\u00e1rio dos servidores substitu\u00eddos e de suas fam\u00edlias, diante de seu car\u00e1ter meramente alimentar&#8221;.<br \/>\nSegundo o magistrado, receber a remunera\u00e7\u00e3o na data legalmente prevista permite que o servidor &#8220;se organize com previsibilidade e seguran\u00e7a&#8221;. O juiz citou ainda que o atraso &#8220;gera incerteza financeira que transcende o aspecto meramente econ\u00f4mico&#8221;.<br \/>\nCalend\u00e1rio do 13\u00ba<br \/>\nA governadora F\u00e1tima Bezerra (PT) anunciou no dia 11 de dezembro que o calend\u00e1rio de pagamento do 13\u00ba sal\u00e1rios dos servidores do estado.<br \/>\n&#8220;Mesmo diante das imensas dificuldades financeiras que o Estado tem enfrentado, especialmente com a redu\u00e7\u00e3o do ICMS, mais uma vez o Governo do Estado, trazendo seguran\u00e7a e previsibilidade, apresenta o calend\u00e1rio de pagamento do 13\u00ba&#8221;, postou a gestora nas redes sociais no dia.<br \/>\nO calend\u00e1rio de pagamento foi feito da seguinte forma:<br \/>\n20 de dezembro: Servidores ativos, aposentados, pensionistas que ganham at\u00e9 R$ 4.200 (bruto)<br \/>\n20 de dezembro: Empregados p\u00fablicos, regidos pela CLT<br \/>\n20 de dezembro: Servidores ativos que trabalham no DEI, DETRAN, IDEMA, IPEM, IPERN, JUCERN e ARSEP (que j\u00e1 receberam adiantamento em julho)<br \/>\n10 de janeiro de 2025: Demais servidores<br \/>\nV\u00eddeos mais assistidos do g1 RN<\/p>","protected":false},"excerpt":{"rendered":"<p>Calend\u00e1rio anunciado previa que pagamento de quem ganha acima de R$ 4,2 mil seria feito em janeiro. Governo do RN informou que vai recorrer da decis\u00e3o. Governadoria do Rio Grande &#8230;<\/p>\n","protected":false},"author":0,"featured_media":11688,"parent":0,"menu_order":0,"comment_status":"closed","ping_status":"closed","template":"","meta":{"footnotes":""},"class_list":["post-11687","page","type-page","status-publish","has-post-thumbnail","hentry"],"yoast_head":"<!-- This site is optimized with the Yoast SEO plugin v27.1.1 - https:\/\/yoast.com\/product\/yoast-seo-wordpress\/ -->\n<title>Justi\u00e7a determina que governo do RN pague 13\u00ba sal\u00e1rio de servidores da sa\u00fade em dezembro - Taveira Jr<\/title>\n<meta name=\"robots\" content=\"index, follow, max-snippet:-1, max-image-preview:large, max-video-preview:-1\" \/>\n<link rel=\"canonical\" href=\"https:\/\/deputadotaveirajr.com.br\/index.php\/justica-determina-que-governo-do-rn-pague-13o-salario-de-servidores-da-saude-em-dezembro\/\" \/>\n<meta property=\"og:locale\" content=\"pt_BR\" \/>\n<meta property=\"og:type\" content=\"article\" \/>\n<meta property=\"og:title\" content=\"Justi\u00e7a determina que governo do RN pague 13\u00ba sal\u00e1rio de servidores da sa\u00fade em dezembro - Taveira Jr\" \/>\n<meta property=\"og:description\" content=\"Calend\u00e1rio anunciado previa que pagamento de quem ganha acima de R$ 4,2 mil seria feito em janeiro. Governo do RN informou que vai recorrer da decis\u00e3o. Governadoria do Rio Grande ...\" \/>\n<meta property=\"og:url\" content=\"https:\/\/deputadotaveirajr.com.br\/index.php\/justica-determina-que-governo-do-rn-pague-13o-salario-de-servidores-da-saude-em-dezembro\/\" \/>\n<meta property=\"og:site_name\" content=\"Taveira Jr\" \/>\n<meta property=\"og:image\" content=\"https:\/\/s2-g1.glbimg.com\/OeziocL-0MRxIGIY9Kc5BaqvPKU=\/i.s3.glbimg.com\/v1\/AUTH_59edd422c0c84a879bd37670ae4f538a\/internal_photos\/bs\/2022\/b\/A\/4gxYnyQkKBRCJW5c5slw\/whatsapp-image-2022-12-29-at-15.01.31.jpeg\" \/>\n<meta name=\"twitter:card\" content=\"summary_large_image\" \/>\n<meta name=\"twitter:label1\" content=\"Est. tempo de leitura\" \/>\n\t<meta name=\"twitter:data1\" content=\"3 minutos\" \/>\n<script type=\"application\/ld+json\" class=\"yoast-schema-graph\">{\"@context\":\"https:\/\/schema.org\",\"@graph\":[{\"@type\":\"WebPage\",\"@id\":\"https:\/\/deputadotaveirajr.com.br\/index.php\/justica-determina-que-governo-do-rn-pague-13o-salario-de-servidores-da-saude-em-dezembro\/\",\"url\":\"https:\/\/deputadotaveirajr.com.br\/index.php\/justica-determina-que-governo-do-rn-pague-13o-salario-de-servidores-da-saude-em-dezembro\/\",\"name\":\"Justi\u00e7a determina que governo do RN pague 13\u00ba sal\u00e1rio de servidores da sa\u00fade em dezembro - Taveira Jr\",\"isPartOf\":{\"@id\":\"https:\/\/deputadotaveirajr.com.br\/#website\"},\"primaryImageOfPage\":{\"@id\":\"https:\/\/deputadotaveirajr.com.br\/index.php\/justica-determina-que-governo-do-rn-pague-13o-salario-de-servidores-da-saude-em-dezembro\/#primaryimage\"},\"image\":{\"@id\":\"https:\/\/deputadotaveirajr.com.br\/index.php\/justica-determina-que-governo-do-rn-pague-13o-salario-de-servidores-da-saude-em-dezembro\/#primaryimage\"},\"thumbnailUrl\":\"https:\/\/deputadotaveirajr.com.br\/wp-content\/uploads\/2024\/12\/whatsapp-image-2022-12-29-at-15.01.31-XUJh3j.jpeg\",\"datePublished\":\"2024-12-16T22:37:07+00:00\",\"breadcrumb\":{\"@id\":\"https:\/\/deputadotaveirajr.com.br\/index.php\/justica-determina-que-governo-do-rn-pague-13o-salario-de-servidores-da-saude-em-dezembro\/#breadcrumb\"},\"inLanguage\":\"pt-BR\",\"potentialAction\":[{\"@type\":\"ReadAction\",\"target\":[\"https:\/\/deputadotaveirajr.com.br\/index.php\/justica-determina-que-governo-do-rn-pague-13o-salario-de-servidores-da-saude-em-dezembro\/\"]}]},{\"@type\":\"ImageObject\",\"inLanguage\":\"pt-BR\",\"@id\":\"https:\/\/deputadotaveirajr.com.br\/index.php\/justica-determina-que-governo-do-rn-pague-13o-salario-de-servidores-da-saude-em-dezembro\/#primaryimage\",\"url\":\"https:\/\/deputadotaveirajr.com.br\/wp-content\/uploads\/2024\/12\/whatsapp-image-2022-12-29-at-15.01.31-XUJh3j.jpeg\",\"contentUrl\":\"https:\/\/deputadotaveirajr.com.br\/wp-content\/uploads\/2024\/12\/whatsapp-image-2022-12-29-at-15.01.31-XUJh3j.jpeg\",\"width\":1280,\"height\":720},{\"@type\":\"BreadcrumbList\",\"@id\":\"https:\/\/deputadotaveirajr.com.br\/index.php\/justica-determina-que-governo-do-rn-pague-13o-salario-de-servidores-da-saude-em-dezembro\/#breadcrumb\",\"itemListElement\":[{\"@type\":\"ListItem\",\"position\":1,\"name\":\"In\u00edcio\",\"item\":\"https:\/\/deputadotaveirajr.com.br\/\"},{\"@type\":\"ListItem\",\"position\":2,\"name\":\"Justi\u00e7a determina que governo do RN pague 13\u00ba sal\u00e1rio de servidores da sa\u00fade em dezembro\"}]},{\"@type\":\"WebSite\",\"@id\":\"https:\/\/deputadotaveirajr.com.br\/#website\",\"url\":\"https:\/\/deputadotaveirajr.com.br\/\",\"name\":\"Taveira Jr\",\"description\":\"Deputado Estadual\",\"publisher\":{\"@id\":\"https:\/\/deputadotaveirajr.com.br\/#organization\"},\"potentialAction\":[{\"@type\":\"SearchAction\",\"target\":{\"@type\":\"EntryPoint\",\"urlTemplate\":\"https:\/\/deputadotaveirajr.com.br\/?s={search_term_string}\"},\"query-input\":{\"@type\":\"PropertyValueSpecification\",\"valueRequired\":true,\"valueName\":\"search_term_string\"}}],\"inLanguage\":\"pt-BR\"},{\"@type\":\"Organization\",\"@id\":\"https:\/\/deputadotaveirajr.com.br\/#organization\",\"name\":\"Taveira Jr\",\"url\":\"https:\/\/deputadotaveirajr.com.br\/\",\"logo\":{\"@type\":\"ImageObject\",\"inLanguage\":\"pt-BR\",\"@id\":\"https:\/\/deputadotaveirajr.com.br\/#\/schema\/logo\/image\/\",\"url\":\"https:\/\/deputadotaveirajr.com.br\/wp-content\/uploads\/2026\/01\/logolow2a.png\",\"contentUrl\":\"https:\/\/deputadotaveirajr.com.br\/wp-content\/uploads\/2026\/01\/logolow2a.png\",\"width\":290,\"height\":80,\"caption\":\"Taveira Jr\"},\"image\":{\"@id\":\"https:\/\/deputadotaveirajr.com.br\/#\/schema\/logo\/image\/\"}}]}<\/script>\n<!-- \/ Yoast SEO plugin. -->","yoast_head_json":{"title":"Justi\u00e7a determina que governo do RN pague 13\u00ba sal\u00e1rio de servidores da sa\u00fade em dezembro - Taveira Jr","robots":{"index":"index","follow":"follow","max-snippet":"max-snippet:-1","max-image-preview":"max-image-preview:large","max-video-preview":"max-video-preview:-1"},"canonical":"https:\/\/deputadotaveirajr.com.br\/index.php\/justica-determina-que-governo-do-rn-pague-13o-salario-de-servidores-da-saude-em-dezembro\/","og_locale":"pt_BR","og_type":"article","og_title":"Justi\u00e7a determina que governo do RN pague 13\u00ba sal\u00e1rio de servidores da sa\u00fade em dezembro - Taveira Jr","og_description":"Calend\u00e1rio anunciado previa que pagamento de quem ganha acima de R$ 4,2 mil seria feito em janeiro. Governo do RN informou que vai recorrer da decis\u00e3o. Governadoria do Rio Grande ...","og_url":"https:\/\/deputadotaveirajr.com.br\/index.php\/justica-determina-que-governo-do-rn-pague-13o-salario-de-servidores-da-saude-em-dezembro\/","og_site_name":"Taveira Jr","og_image":[{"url":"https:\/\/s2-g1.glbimg.com\/OeziocL-0MRxIGIY9Kc5BaqvPKU=\/i.s3.glbimg.com\/v1\/AUTH_59edd422c0c84a879bd37670ae4f538a\/internal_photos\/bs\/2022\/b\/A\/4gxYnyQkKBRCJW5c5slw\/whatsapp-image-2022-12-29-at-15.01.31.jpeg","type":"","width":"","height":""}],"twitter_card":"summary_large_image","twitter_misc":{"Est. tempo de leitura":"3 minutos"},"schema":{"@context":"https:\/\/schema.org","@graph":[{"@type":"WebPage","@id":"https:\/\/deputadotaveirajr.com.br\/index.php\/justica-determina-que-governo-do-rn-pague-13o-salario-de-servidores-da-saude-em-dezembro\/","url":"https:\/\/deputadotaveirajr.com.br\/index.php\/justica-determina-que-governo-do-rn-pague-13o-salario-de-servidores-da-saude-em-dezembro\/","name":"Justi\u00e7a determina que governo do RN pague 13\u00ba sal\u00e1rio de servidores da sa\u00fade em dezembro - Taveira Jr","isPartOf":{"@id":"https:\/\/deputadotaveirajr.com.br\/#website"},"primaryImageOfPage":{"@id":"https:\/\/deputadotaveirajr.com.br\/index.php\/justica-determina-que-governo-do-rn-pague-13o-salario-de-servidores-da-saude-em-dezembro\/#primaryimage"},"image":{"@id":"https:\/\/deputadotaveirajr.com.br\/index.php\/justica-determina-que-governo-do-rn-pague-13o-salario-de-servidores-da-saude-em-dezembro\/#primaryimage"},"thumbnailUrl":"https:\/\/deputadotaveirajr.com.br\/wp-content\/uploads\/2024\/12\/whatsapp-image-2022-12-29-at-15.01.31-XUJh3j.jpeg","datePublished":"2024-12-16T22:37:07+00:00","breadcrumb":{"@id":"https:\/\/deputadotaveirajr.com.br\/index.php\/justica-determina-que-governo-do-rn-pague-13o-salario-de-servidores-da-saude-em-dezembro\/#breadcrumb"},"inLanguage":"pt-BR","potentialAction":[{"@type":"ReadAction","target":["https:\/\/deputadotaveirajr.com.br\/index.php\/justica-determina-que-governo-do-rn-pague-13o-salario-de-servidores-da-saude-em-dezembro\/"]}]},{"@type":"ImageObject","inLanguage":"pt-BR","@id":"https:\/\/deputadotaveirajr.com.br\/index.php\/justica-determina-que-governo-do-rn-pague-13o-salario-de-servidores-da-saude-em-dezembro\/#primaryimage","url":"https:\/\/deputadotaveirajr.com.br\/wp-content\/uploads\/2024\/12\/whatsapp-image-2022-12-29-at-15.01.31-XUJh3j.jpeg","contentUrl":"https:\/\/deputadotaveirajr.com.br\/wp-content\/uploads\/2024\/12\/whatsapp-image-2022-12-29-at-15.01.31-XUJh3j.jpeg","width":1280,"height":720},{"@type":"BreadcrumbList","@id":"https:\/\/deputadotaveirajr.com.br\/index.php\/justica-determina-que-governo-do-rn-pague-13o-salario-de-servidores-da-saude-em-dezembro\/#breadcrumb","itemListElement":[{"@type":"ListItem","position":1,"name":"In\u00edcio","item":"https:\/\/deputadotaveirajr.com.br\/"},{"@type":"ListItem","position":2,"name":"Justi\u00e7a determina que governo do RN pague 13\u00ba sal\u00e1rio de servidores da sa\u00fade em dezembro"}]},{"@type":"WebSite","@id":"https:\/\/deputadotaveirajr.com.br\/#website","url":"https:\/\/deputadotaveirajr.com.br\/","name":"Taveira Jr","description":"Deputado Estadual","publisher":{"@id":"https:\/\/deputadotaveirajr.com.br\/#organization"},"potentialAction":[{"@type":"SearchAction","target":{"@type":"EntryPoint","urlTemplate":"https:\/\/deputadotaveirajr.com.br\/?s={search_term_string}"},"query-input":{"@type":"PropertyValueSpecification","valueRequired":true,"valueName":"search_term_string"}}],"inLanguage":"pt-BR"},{"@type":"Organization","@id":"https:\/\/deputadotaveirajr.com.br\/#organization","name":"Taveira Jr","url":"https:\/\/deputadotaveirajr.com.br\/","logo":{"@type":"ImageObject","inLanguage":"pt-BR","@id":"https:\/\/deputadotaveirajr.com.br\/#\/schema\/logo\/image\/","url":"https:\/\/deputadotaveirajr.com.br\/wp-content\/uploads\/2026\/01\/logolow2a.png","contentUrl":"https:\/\/deputadotaveirajr.com.br\/wp-content\/uploads\/2026\/01\/logolow2a.png","width":290,"height":80,"caption":"Taveira Jr"},"image":{"@id":"https:\/\/deputadotaveirajr.com.br\/#\/schema\/logo\/image\/"}}]}},"_links":{"self":[{"href":"https:\/\/deputadotaveirajr.com.br\/index.php\/wp-json\/wp\/v2\/pages\/11687","targetHints":{"allow":["GET"]}}],"collection":[{"href":"https:\/\/deputadotaveirajr.com.br\/index.php\/wp-json\/wp\/v2\/pages"}],"about":[{"href":"https:\/\/deputadotaveirajr.com.br\/index.php\/wp-json\/wp\/v2\/types\/page"}],"replies":[{"embeddable":true,"href":"https:\/\/deputadotaveirajr.com.br\/index.php\/wp-json\/wp\/v2\/comments?post=11687"}],"version-history":[{"count":0,"href":"https:\/\/deputadotaveirajr.com.br\/index.php\/wp-json\/wp\/v2\/pages\/11687\/revisions"}],"wp:featuredmedia":[{"embeddable":true,"href":"https:\/\/deputadotaveirajr.com.br\/index.php\/wp-json\/wp\/v2\/media\/11688"}],"wp:attachment":[{"href":"https:\/\/deputadotaveirajr.com.br\/index.php\/wp-json\/wp\/v2\/media?parent=11687"}],"curies":[{"name":"wp","href":"https:\/\/api.w.org\/{rel}","templated":true}]}}