{"id":11689,"date":"2024-12-16T17:59:15","date_gmt":"2024-12-16T20:59:15","guid":{"rendered":"https:\/\/deputadotaveirajr.com.br\/index.php\/policia-intima-para-esclarecimentos-quase-400-pessoas-que-usam-celulares-frutos-de-roubo-na-grande-natal\/"},"modified":"2024-12-16T17:59:15","modified_gmt":"2024-12-16T20:59:15","slug":"policia-intima-para-esclarecimentos-quase-400-pessoas-que-usam-celulares-frutos-de-roubo-na-grande-natal","status":"publish","type":"page","link":"https:\/\/deputadotaveirajr.com.br\/index.php\/policia-intima-para-esclarecimentos-quase-400-pessoas-que-usam-celulares-frutos-de-roubo-na-grande-natal\/","title":{"rendered":"Pol\u00edcia intima para esclarecimentos quase 400 pessoas que usam celulares frutos de roubo na Grande Natal"},"content":{"rendered":"<p><img decoding=\"async\" src=\"https:\/\/s2-g1.glbimg.com\/Swop2b6v7ckh3h9SH6oooGN1gyw=\/i.s3.glbimg.com\/v1\/AUTH_59edd422c0c84a879bd37670ae4f538a\/internal_photos\/bs\/2023\/8\/t\/xGryuDSSmuBx8AAIKHRQ\/celular-11.jpg\" \/><br \/>     Intimados devem comparecer a quarta (18) e quinta-feira (19) \u00e0 sede da Degepol, em Natal. Em caso de falta, pol\u00edcia pode solicitar busca e apreens\u00e3o contra intimado. Pessoa de casaco com celular na m\u00e3o<br \/>\nSofia Mayer\/g1\/ARQUIVO<br \/>\nA Pol\u00edcia Civil intimou pelo menos 370 pessoas que possuem celulares que foram frutos de roubos ou furtos na Grande Natal. Os intimados devem prestar esclarecimentos sobre os aparelhos.<br \/>\nAs pessoas intimadas devem comparecer na quarta (18) e quinta-feira (19) \u00e0 sede da Delegacia Geral da Pol\u00edcia Civil (Degepol), em Natal. O endere\u00e7o \u00e9: Av. Interventor M\u00e1rio C\u00e2mara, 3532, Cidade da Esperan\u00e7a.<br \/>\n\ud83d\udcf3Participe do canal do g1 RN no WhatsApp<br \/>\nO contato da Pol\u00edcia Civil com as pessoas foi feito por meio de conta oficial do \u00f3rg\u00e3o no WhatsApp, pelo n\u00famero +55 800 729 4593.<br \/>\nSegundo a Civil, os intimados foram convocados para esclarecimentos e, &#8220;se necess\u00e1rio, realizar a devolu\u00e7\u00e3o dos aparelhos aos leg\u00edtimos propriet\u00e1rios, em conformidade com a legisla\u00e7\u00e3o&#8221;.<br \/>\nDe acordo com a pol\u00edcia, ap\u00f3s os esclarecimentos, ser\u00e1 avaliada, caso a caso, a inten\u00e7\u00e3o de quem possui atualmente os aparelhos.<br \/>\nA Pol\u00edcia Civil informou ainda que o n\u00e3o comparecimento do intimado &#8220;levar\u00e1 \u00e0 ado\u00e7\u00e3o de medidas legais, incluindo busca e apreens\u00e3o e responsabiliza\u00e7\u00e3o criminal do infrator, conforme o caso&#8221;.<br \/>\nA a\u00e7\u00e3o faz parte de um trabalho em conjunto com o Minist\u00e9rio da Justi\u00e7a e Seguran\u00e7a P\u00fablica (MJSP).<br \/>\nA Pol\u00edcia Civil refor\u00e7a a import\u00e2ncia da colabora\u00e7\u00e3o da popula\u00e7\u00e3o no combate a crimes dessa natureza, evitando a aquisi\u00e7\u00e3o de aparelhos celulares sem origem l\u00edcita comprovada, e lembra que den\u00fancias podem ser feitas de forma an\u00f4nima pelo Disque Den\u00fancia 181.<br \/>\nV\u00eddeos mais assistidos do g1 RN<\/p>","protected":false},"excerpt":{"rendered":"<p>Intimados devem comparecer a quarta (18) e quinta-feira (19) \u00e0 sede da Degepol, em Natal. Em caso de falta, pol\u00edcia pode solicitar busca e apreens\u00e3o contra intimado. Pessoa de casaco &#8230;<\/p>\n","protected":false},"author":0,"featured_media":11690,"parent":0,"menu_order":0,"comment_status":"closed","ping_status":"closed","template":"","meta":{"footnotes":""},"class_list":["post-11689","page","type-page","status-publish","has-post-thumbnail","hentry"],"yoast_head":"<!-- This site is optimized with the Yoast SEO plugin v27.1.1 - https:\/\/yoast.com\/product\/yoast-seo-wordpress\/ -->\n<title>Pol\u00edcia intima para esclarecimentos quase 400 pessoas que usam celulares frutos de roubo na Grande Natal - Taveira Jr<\/title>\n<meta name=\"robots\" content=\"index, follow, max-snippet:-1, max-image-preview:large, max-video-preview:-1\" \/>\n<link rel=\"canonical\" href=\"https:\/\/deputadotaveirajr.com.br\/index.php\/policia-intima-para-esclarecimentos-quase-400-pessoas-que-usam-celulares-frutos-de-roubo-na-grande-natal\/\" \/>\n<meta property=\"og:locale\" content=\"pt_BR\" \/>\n<meta property=\"og:type\" content=\"article\" \/>\n<meta property=\"og:title\" content=\"Pol\u00edcia intima para esclarecimentos quase 400 pessoas que usam celulares frutos de roubo na Grande Natal - Taveira Jr\" \/>\n<meta property=\"og:description\" content=\"Intimados devem comparecer a quarta (18) e quinta-feira (19) \u00e0 sede da Degepol, em Natal. Em caso de falta, pol\u00edcia pode solicitar busca e apreens\u00e3o contra intimado. Pessoa de casaco ...\" \/>\n<meta property=\"og:url\" content=\"https:\/\/deputadotaveirajr.com.br\/index.php\/policia-intima-para-esclarecimentos-quase-400-pessoas-que-usam-celulares-frutos-de-roubo-na-grande-natal\/\" \/>\n<meta property=\"og:site_name\" content=\"Taveira Jr\" \/>\n<meta property=\"og:image\" content=\"https:\/\/s2-g1.glbimg.com\/Swop2b6v7ckh3h9SH6oooGN1gyw=\/i.s3.glbimg.com\/v1\/AUTH_59edd422c0c84a879bd37670ae4f538a\/internal_photos\/bs\/2023\/8\/t\/xGryuDSSmuBx8AAIKHRQ\/celular-11.jpg\" \/>\n<meta name=\"twitter:card\" content=\"summary_large_image\" \/>\n<meta name=\"twitter:label1\" content=\"Est. tempo de leitura\" \/>\n\t<meta name=\"twitter:data1\" content=\"1 minuto\" \/>\n<script type=\"application\/ld+json\" class=\"yoast-schema-graph\">{\"@context\":\"https:\/\/schema.org\",\"@graph\":[{\"@type\":\"WebPage\",\"@id\":\"https:\/\/deputadotaveirajr.com.br\/index.php\/policia-intima-para-esclarecimentos-quase-400-pessoas-que-usam-celulares-frutos-de-roubo-na-grande-natal\/\",\"url\":\"https:\/\/deputadotaveirajr.com.br\/index.php\/policia-intima-para-esclarecimentos-quase-400-pessoas-que-usam-celulares-frutos-de-roubo-na-grande-natal\/\",\"name\":\"Pol\u00edcia intima para esclarecimentos quase 400 pessoas que usam celulares frutos de roubo na Grande Natal - Taveira Jr\",\"isPartOf\":{\"@id\":\"https:\/\/deputadotaveirajr.com.br\/#website\"},\"primaryImageOfPage\":{\"@id\":\"https:\/\/deputadotaveirajr.com.br\/index.php\/policia-intima-para-esclarecimentos-quase-400-pessoas-que-usam-celulares-frutos-de-roubo-na-grande-natal\/#primaryimage\"},\"image\":{\"@id\":\"https:\/\/deputadotaveirajr.com.br\/index.php\/policia-intima-para-esclarecimentos-quase-400-pessoas-que-usam-celulares-frutos-de-roubo-na-grande-natal\/#primaryimage\"},\"thumbnailUrl\":\"https:\/\/deputadotaveirajr.com.br\/wp-content\/uploads\/2024\/12\/celular-11-mpXRTd.jpeg\",\"datePublished\":\"2024-12-16T20:59:15+00:00\",\"breadcrumb\":{\"@id\":\"https:\/\/deputadotaveirajr.com.br\/index.php\/policia-intima-para-esclarecimentos-quase-400-pessoas-que-usam-celulares-frutos-de-roubo-na-grande-natal\/#breadcrumb\"},\"inLanguage\":\"pt-BR\",\"potentialAction\":[{\"@type\":\"ReadAction\",\"target\":[\"https:\/\/deputadotaveirajr.com.br\/index.php\/policia-intima-para-esclarecimentos-quase-400-pessoas-que-usam-celulares-frutos-de-roubo-na-grande-natal\/\"]}]},{\"@type\":\"ImageObject\",\"inLanguage\":\"pt-BR\",\"@id\":\"https:\/\/deputadotaveirajr.com.br\/index.php\/policia-intima-para-esclarecimentos-quase-400-pessoas-que-usam-celulares-frutos-de-roubo-na-grande-natal\/#primaryimage\",\"url\":\"https:\/\/deputadotaveirajr.com.br\/wp-content\/uploads\/2024\/12\/celular-11-mpXRTd.jpeg\",\"contentUrl\":\"https:\/\/deputadotaveirajr.com.br\/wp-content\/uploads\/2024\/12\/celular-11-mpXRTd.jpeg\",\"width\":1600,\"height\":1200},{\"@type\":\"BreadcrumbList\",\"@id\":\"https:\/\/deputadotaveirajr.com.br\/index.php\/policia-intima-para-esclarecimentos-quase-400-pessoas-que-usam-celulares-frutos-de-roubo-na-grande-natal\/#breadcrumb\",\"itemListElement\":[{\"@type\":\"ListItem\",\"position\":1,\"name\":\"In\u00edcio\",\"item\":\"https:\/\/deputadotaveirajr.com.br\/\"},{\"@type\":\"ListItem\",\"position\":2,\"name\":\"Pol\u00edcia intima para esclarecimentos quase 400 pessoas que usam celulares frutos de roubo na Grande Natal\"}]},{\"@type\":\"WebSite\",\"@id\":\"https:\/\/deputadotaveirajr.com.br\/#website\",\"url\":\"https:\/\/deputadotaveirajr.com.br\/\",\"name\":\"Taveira Jr\",\"description\":\"Deputado Estadual\",\"publisher\":{\"@id\":\"https:\/\/deputadotaveirajr.com.br\/#organization\"},\"potentialAction\":[{\"@type\":\"SearchAction\",\"target\":{\"@type\":\"EntryPoint\",\"urlTemplate\":\"https:\/\/deputadotaveirajr.com.br\/?s={search_term_string}\"},\"query-input\":{\"@type\":\"PropertyValueSpecification\",\"valueRequired\":true,\"valueName\":\"search_term_string\"}}],\"inLanguage\":\"pt-BR\"},{\"@type\":\"Organization\",\"@id\":\"https:\/\/deputadotaveirajr.com.br\/#organization\",\"name\":\"Taveira Jr\",\"url\":\"https:\/\/deputadotaveirajr.com.br\/\",\"logo\":{\"@type\":\"ImageObject\",\"inLanguage\":\"pt-BR\",\"@id\":\"https:\/\/deputadotaveirajr.com.br\/#\/schema\/logo\/image\/\",\"url\":\"https:\/\/deputadotaveirajr.com.br\/wp-content\/uploads\/2026\/01\/logolow2a.png\",\"contentUrl\":\"https:\/\/deputadotaveirajr.com.br\/wp-content\/uploads\/2026\/01\/logolow2a.png\",\"width\":290,\"height\":80,\"caption\":\"Taveira Jr\"},\"image\":{\"@id\":\"https:\/\/deputadotaveirajr.com.br\/#\/schema\/logo\/image\/\"}}]}<\/script>\n<!-- \/ Yoast SEO plugin. -->","yoast_head_json":{"title":"Pol\u00edcia intima para esclarecimentos quase 400 pessoas que usam celulares frutos de roubo na Grande Natal - Taveira Jr","robots":{"index":"index","follow":"follow","max-snippet":"max-snippet:-1","max-image-preview":"max-image-preview:large","max-video-preview":"max-video-preview:-1"},"canonical":"https:\/\/deputadotaveirajr.com.br\/index.php\/policia-intima-para-esclarecimentos-quase-400-pessoas-que-usam-celulares-frutos-de-roubo-na-grande-natal\/","og_locale":"pt_BR","og_type":"article","og_title":"Pol\u00edcia intima para esclarecimentos quase 400 pessoas que usam celulares frutos de roubo na Grande Natal - Taveira Jr","og_description":"Intimados devem comparecer a quarta (18) e quinta-feira (19) \u00e0 sede da Degepol, em Natal. Em caso de falta, pol\u00edcia pode solicitar busca e apreens\u00e3o contra intimado. Pessoa de casaco ...","og_url":"https:\/\/deputadotaveirajr.com.br\/index.php\/policia-intima-para-esclarecimentos-quase-400-pessoas-que-usam-celulares-frutos-de-roubo-na-grande-natal\/","og_site_name":"Taveira Jr","og_image":[{"url":"https:\/\/s2-g1.glbimg.com\/Swop2b6v7ckh3h9SH6oooGN1gyw=\/i.s3.glbimg.com\/v1\/AUTH_59edd422c0c84a879bd37670ae4f538a\/internal_photos\/bs\/2023\/8\/t\/xGryuDSSmuBx8AAIKHRQ\/celular-11.jpg","type":"","width":"","height":""}],"twitter_card":"summary_large_image","twitter_misc":{"Est. tempo de leitura":"1 minuto"},"schema":{"@context":"https:\/\/schema.org","@graph":[{"@type":"WebPage","@id":"https:\/\/deputadotaveirajr.com.br\/index.php\/policia-intima-para-esclarecimentos-quase-400-pessoas-que-usam-celulares-frutos-de-roubo-na-grande-natal\/","url":"https:\/\/deputadotaveirajr.com.br\/index.php\/policia-intima-para-esclarecimentos-quase-400-pessoas-que-usam-celulares-frutos-de-roubo-na-grande-natal\/","name":"Pol\u00edcia intima para esclarecimentos quase 400 pessoas que usam celulares frutos de roubo na Grande Natal - Taveira Jr","isPartOf":{"@id":"https:\/\/deputadotaveirajr.com.br\/#website"},"primaryImageOfPage":{"@id":"https:\/\/deputadotaveirajr.com.br\/index.php\/policia-intima-para-esclarecimentos-quase-400-pessoas-que-usam-celulares-frutos-de-roubo-na-grande-natal\/#primaryimage"},"image":{"@id":"https:\/\/deputadotaveirajr.com.br\/index.php\/policia-intima-para-esclarecimentos-quase-400-pessoas-que-usam-celulares-frutos-de-roubo-na-grande-natal\/#primaryimage"},"thumbnailUrl":"https:\/\/deputadotaveirajr.com.br\/wp-content\/uploads\/2024\/12\/celular-11-mpXRTd.jpeg","datePublished":"2024-12-16T20:59:15+00:00","breadcrumb":{"@id":"https:\/\/deputadotaveirajr.com.br\/index.php\/policia-intima-para-esclarecimentos-quase-400-pessoas-que-usam-celulares-frutos-de-roubo-na-grande-natal\/#breadcrumb"},"inLanguage":"pt-BR","potentialAction":[{"@type":"ReadAction","target":["https:\/\/deputadotaveirajr.com.br\/index.php\/policia-intima-para-esclarecimentos-quase-400-pessoas-que-usam-celulares-frutos-de-roubo-na-grande-natal\/"]}]},{"@type":"ImageObject","inLanguage":"pt-BR","@id":"https:\/\/deputadotaveirajr.com.br\/index.php\/policia-intima-para-esclarecimentos-quase-400-pessoas-que-usam-celulares-frutos-de-roubo-na-grande-natal\/#primaryimage","url":"https:\/\/deputadotaveirajr.com.br\/wp-content\/uploads\/2024\/12\/celular-11-mpXRTd.jpeg","contentUrl":"https:\/\/deputadotaveirajr.com.br\/wp-content\/uploads\/2024\/12\/celular-11-mpXRTd.jpeg","width":1600,"height":1200},{"@type":"BreadcrumbList","@id":"https:\/\/deputadotaveirajr.com.br\/index.php\/policia-intima-para-esclarecimentos-quase-400-pessoas-que-usam-celulares-frutos-de-roubo-na-grande-natal\/#breadcrumb","itemListElement":[{"@type":"ListItem","position":1,"name":"In\u00edcio","item":"https:\/\/deputadotaveirajr.com.br\/"},{"@type":"ListItem","position":2,"name":"Pol\u00edcia intima para esclarecimentos quase 400 pessoas que usam celulares frutos de roubo na Grande Natal"}]},{"@type":"WebSite","@id":"https:\/\/deputadotaveirajr.com.br\/#website","url":"https:\/\/deputadotaveirajr.com.br\/","name":"Taveira Jr","description":"Deputado Estadual","publisher":{"@id":"https:\/\/deputadotaveirajr.com.br\/#organization"},"potentialAction":[{"@type":"SearchAction","target":{"@type":"EntryPoint","urlTemplate":"https:\/\/deputadotaveirajr.com.br\/?s={search_term_string}"},"query-input":{"@type":"PropertyValueSpecification","valueRequired":true,"valueName":"search_term_string"}}],"inLanguage":"pt-BR"},{"@type":"Organization","@id":"https:\/\/deputadotaveirajr.com.br\/#organization","name":"Taveira Jr","url":"https:\/\/deputadotaveirajr.com.br\/","logo":{"@type":"ImageObject","inLanguage":"pt-BR","@id":"https:\/\/deputadotaveirajr.com.br\/#\/schema\/logo\/image\/","url":"https:\/\/deputadotaveirajr.com.br\/wp-content\/uploads\/2026\/01\/logolow2a.png","contentUrl":"https:\/\/deputadotaveirajr.com.br\/wp-content\/uploads\/2026\/01\/logolow2a.png","width":290,"height":80,"caption":"Taveira Jr"},"image":{"@id":"https:\/\/deputadotaveirajr.com.br\/#\/schema\/logo\/image\/"}}]}},"_links":{"self":[{"href":"https:\/\/deputadotaveirajr.com.br\/index.php\/wp-json\/wp\/v2\/pages\/11689","targetHints":{"allow":["GET"]}}],"collection":[{"href":"https:\/\/deputadotaveirajr.com.br\/index.php\/wp-json\/wp\/v2\/pages"}],"about":[{"href":"https:\/\/deputadotaveirajr.com.br\/index.php\/wp-json\/wp\/v2\/types\/page"}],"replies":[{"embeddable":true,"href":"https:\/\/deputadotaveirajr.com.br\/index.php\/wp-json\/wp\/v2\/comments?post=11689"}],"version-history":[{"count":0,"href":"https:\/\/deputadotaveirajr.com.br\/index.php\/wp-json\/wp\/v2\/pages\/11689\/revisions"}],"wp:featuredmedia":[{"embeddable":true,"href":"https:\/\/deputadotaveirajr.com.br\/index.php\/wp-json\/wp\/v2\/media\/11690"}],"wp:attachment":[{"href":"https:\/\/deputadotaveirajr.com.br\/index.php\/wp-json\/wp\/v2\/media?parent=11689"}],"curies":[{"name":"wp","href":"https:\/\/api.w.org\/{rel}","templated":true}]}}