{"id":11691,"date":"2024-12-16T16:20:40","date_gmt":"2024-12-16T19:20:40","guid":{"rendered":"https:\/\/deputadotaveirajr.com.br\/index.php\/prefeitura-de-natal-anuncia-pagamento-do-13o-salario-para-esta-terca-feira-17\/"},"modified":"2024-12-16T16:20:40","modified_gmt":"2024-12-16T19:20:40","slug":"prefeitura-de-natal-anuncia-pagamento-do-13o-salario-para-esta-terca-feira-17","status":"publish","type":"page","link":"https:\/\/deputadotaveirajr.com.br\/index.php\/prefeitura-de-natal-anuncia-pagamento-do-13o-salario-para-esta-terca-feira-17\/","title":{"rendered":"Prefeitura de Natal anuncia pagamento do 13\u00ba sal\u00e1rio para esta ter\u00e7a-feira (17)"},"content":{"rendered":"<p><img decoding=\"async\" src=\"https:\/\/s2-g1.glbimg.com\/DGCdqQL79OdPZAgbzZZh-FY6lE0=\/i.s3.glbimg.com\/v1\/AUTH_59edd422c0c84a879bd37670ae4f538a\/internal_photos\/bs\/2024\/d\/K\/2BKxSVRsqVVCkWBBGISQ\/prefeitura.jpeg\" \/><br \/>     An\u00fancio foi feito pela Prefeitura nesta segunda-feira (16) e mais de 21,5 mil servidores municipais ser\u00e3o beneficiados.  Pal\u00e1cio Felipe Camar\u00e3o, sede da Prefeitura de Natal<br \/>\nS\u00e9rgio Henrique Santos\/Inter TV Cabugi<br \/>\nA Prefeitura de Natal anunciou que vai antecipar o pagamento do 13\u00ba sal\u00e1rio para esta ter\u00e7a-feira (17). O benef\u00edcio ser\u00e1 destinado ao quadro completo de servidores municipais, incluindo ativos, inativos e pensionistas de \u00f3rg\u00e3os da administra\u00e7\u00e3o direta, indireta e fundacional.<br \/>\nAo todo, mais de 21,5 mil pessoas ser\u00e3o contempladas. De acordo com a Prefeitura, com o pagamento, a gest\u00e3o municipal colocar\u00e1 mais de R$ 80 milh\u00f5es em circula\u00e7\u00e3o na economia local.<br \/>\n\ud83d\udcf3Participe do canal do g1 RN no WhatsApp<br \/>\nOs recursos estar\u00e3o dispon\u00edveis nas contas dos servidores a partir da manh\u00e3 desta ter\u00e7a-feira (17).<br \/>\nO prefeito \u00c1lvaro Dias afirmou que a medida reflete o compromisso da administra\u00e7\u00e3o com a regularidade das obriga\u00e7\u00f5es financeiras.<br \/>\n\u201cEstamos fechando o ano com o cumprimento de mais este compromisso com nossos servidores. N\u00e3o abrimos m\u00e3o de estar em dia com nossas obriga\u00e7\u00f5es, e por vezes fazendo isso de maneira antecipada, como normalmente fazemos com o pagamento dos sal\u00e1rios e conseguimos com o pagamento do 13\u00ba sal\u00e1rio\u201d, disse.<br \/>\nVeja os v\u00eddeos mais assistidos do g1 RN<\/p>","protected":false},"excerpt":{"rendered":"<p>An\u00fancio foi feito pela Prefeitura nesta segunda-feira (16) e mais de 21,5 mil servidores municipais ser\u00e3o beneficiados. Pal\u00e1cio Felipe Camar\u00e3o, sede da Prefeitura de Natal S\u00e9rgio Henrique Santos\/Inter TV Cabugi &#8230;<\/p>\n","protected":false},"author":0,"featured_media":11692,"parent":0,"menu_order":0,"comment_status":"closed","ping_status":"closed","template":"","meta":{"footnotes":""},"class_list":["post-11691","page","type-page","status-publish","has-post-thumbnail","hentry"],"yoast_head":"<!-- This site is optimized with the Yoast SEO plugin v27.1.1 - https:\/\/yoast.com\/product\/yoast-seo-wordpress\/ -->\n<title>Prefeitura de Natal anuncia pagamento do 13\u00ba sal\u00e1rio para esta ter\u00e7a-feira (17) - Taveira Jr<\/title>\n<meta name=\"robots\" content=\"index, follow, max-snippet:-1, max-image-preview:large, max-video-preview:-1\" \/>\n<link rel=\"canonical\" href=\"https:\/\/deputadotaveirajr.com.br\/index.php\/prefeitura-de-natal-anuncia-pagamento-do-13o-salario-para-esta-terca-feira-17\/\" \/>\n<meta property=\"og:locale\" content=\"pt_BR\" \/>\n<meta property=\"og:type\" content=\"article\" \/>\n<meta property=\"og:title\" content=\"Prefeitura de Natal anuncia pagamento do 13\u00ba sal\u00e1rio para esta ter\u00e7a-feira (17) - Taveira Jr\" \/>\n<meta property=\"og:description\" content=\"An\u00fancio foi feito pela Prefeitura nesta segunda-feira (16) e mais de 21,5 mil servidores municipais ser\u00e3o beneficiados. Pal\u00e1cio Felipe Camar\u00e3o, sede da Prefeitura de Natal S\u00e9rgio Henrique Santos\/Inter TV Cabugi ...\" \/>\n<meta property=\"og:url\" content=\"https:\/\/deputadotaveirajr.com.br\/index.php\/prefeitura-de-natal-anuncia-pagamento-do-13o-salario-para-esta-terca-feira-17\/\" \/>\n<meta property=\"og:site_name\" content=\"Taveira Jr\" \/>\n<meta property=\"og:image\" content=\"https:\/\/s2-g1.glbimg.com\/DGCdqQL79OdPZAgbzZZh-FY6lE0=\/i.s3.glbimg.com\/v1\/AUTH_59edd422c0c84a879bd37670ae4f538a\/internal_photos\/bs\/2024\/d\/K\/2BKxSVRsqVVCkWBBGISQ\/prefeitura.jpeg\" \/>\n<meta name=\"twitter:card\" content=\"summary_large_image\" \/>\n<meta name=\"twitter:label1\" content=\"Est. tempo de leitura\" \/>\n\t<meta name=\"twitter:data1\" content=\"1 minuto\" \/>\n<script type=\"application\/ld+json\" class=\"yoast-schema-graph\">{\"@context\":\"https:\/\/schema.org\",\"@graph\":[{\"@type\":\"WebPage\",\"@id\":\"https:\/\/deputadotaveirajr.com.br\/index.php\/prefeitura-de-natal-anuncia-pagamento-do-13o-salario-para-esta-terca-feira-17\/\",\"url\":\"https:\/\/deputadotaveirajr.com.br\/index.php\/prefeitura-de-natal-anuncia-pagamento-do-13o-salario-para-esta-terca-feira-17\/\",\"name\":\"Prefeitura de Natal anuncia pagamento do 13\u00ba sal\u00e1rio para esta ter\u00e7a-feira (17) - Taveira Jr\",\"isPartOf\":{\"@id\":\"https:\/\/deputadotaveirajr.com.br\/#website\"},\"primaryImageOfPage\":{\"@id\":\"https:\/\/deputadotaveirajr.com.br\/index.php\/prefeitura-de-natal-anuncia-pagamento-do-13o-salario-para-esta-terca-feira-17\/#primaryimage\"},\"image\":{\"@id\":\"https:\/\/deputadotaveirajr.com.br\/index.php\/prefeitura-de-natal-anuncia-pagamento-do-13o-salario-para-esta-terca-feira-17\/#primaryimage\"},\"thumbnailUrl\":\"https:\/\/deputadotaveirajr.com.br\/wp-content\/uploads\/2024\/12\/prefeitura-FVeeW6.jpeg\",\"datePublished\":\"2024-12-16T19:20:40+00:00\",\"breadcrumb\":{\"@id\":\"https:\/\/deputadotaveirajr.com.br\/index.php\/prefeitura-de-natal-anuncia-pagamento-do-13o-salario-para-esta-terca-feira-17\/#breadcrumb\"},\"inLanguage\":\"pt-BR\",\"potentialAction\":[{\"@type\":\"ReadAction\",\"target\":[\"https:\/\/deputadotaveirajr.com.br\/index.php\/prefeitura-de-natal-anuncia-pagamento-do-13o-salario-para-esta-terca-feira-17\/\"]}]},{\"@type\":\"ImageObject\",\"inLanguage\":\"pt-BR\",\"@id\":\"https:\/\/deputadotaveirajr.com.br\/index.php\/prefeitura-de-natal-anuncia-pagamento-do-13o-salario-para-esta-terca-feira-17\/#primaryimage\",\"url\":\"https:\/\/deputadotaveirajr.com.br\/wp-content\/uploads\/2024\/12\/prefeitura-FVeeW6.jpeg\",\"contentUrl\":\"https:\/\/deputadotaveirajr.com.br\/wp-content\/uploads\/2024\/12\/prefeitura-FVeeW6.jpeg\",\"width\":1600,\"height\":1394},{\"@type\":\"BreadcrumbList\",\"@id\":\"https:\/\/deputadotaveirajr.com.br\/index.php\/prefeitura-de-natal-anuncia-pagamento-do-13o-salario-para-esta-terca-feira-17\/#breadcrumb\",\"itemListElement\":[{\"@type\":\"ListItem\",\"position\":1,\"name\":\"In\u00edcio\",\"item\":\"https:\/\/deputadotaveirajr.com.br\/\"},{\"@type\":\"ListItem\",\"position\":2,\"name\":\"Prefeitura de Natal anuncia pagamento do 13\u00ba sal\u00e1rio para esta ter\u00e7a-feira (17)\"}]},{\"@type\":\"WebSite\",\"@id\":\"https:\/\/deputadotaveirajr.com.br\/#website\",\"url\":\"https:\/\/deputadotaveirajr.com.br\/\",\"name\":\"Taveira Jr\",\"description\":\"Deputado Estadual\",\"publisher\":{\"@id\":\"https:\/\/deputadotaveirajr.com.br\/#organization\"},\"potentialAction\":[{\"@type\":\"SearchAction\",\"target\":{\"@type\":\"EntryPoint\",\"urlTemplate\":\"https:\/\/deputadotaveirajr.com.br\/?s={search_term_string}\"},\"query-input\":{\"@type\":\"PropertyValueSpecification\",\"valueRequired\":true,\"valueName\":\"search_term_string\"}}],\"inLanguage\":\"pt-BR\"},{\"@type\":\"Organization\",\"@id\":\"https:\/\/deputadotaveirajr.com.br\/#organization\",\"name\":\"Taveira Jr\",\"url\":\"https:\/\/deputadotaveirajr.com.br\/\",\"logo\":{\"@type\":\"ImageObject\",\"inLanguage\":\"pt-BR\",\"@id\":\"https:\/\/deputadotaveirajr.com.br\/#\/schema\/logo\/image\/\",\"url\":\"https:\/\/deputadotaveirajr.com.br\/wp-content\/uploads\/2026\/01\/logolow2a.png\",\"contentUrl\":\"https:\/\/deputadotaveirajr.com.br\/wp-content\/uploads\/2026\/01\/logolow2a.png\",\"width\":290,\"height\":80,\"caption\":\"Taveira Jr\"},\"image\":{\"@id\":\"https:\/\/deputadotaveirajr.com.br\/#\/schema\/logo\/image\/\"}}]}<\/script>\n<!-- \/ Yoast SEO plugin. -->","yoast_head_json":{"title":"Prefeitura de Natal anuncia pagamento do 13\u00ba sal\u00e1rio para esta ter\u00e7a-feira (17) - Taveira Jr","robots":{"index":"index","follow":"follow","max-snippet":"max-snippet:-1","max-image-preview":"max-image-preview:large","max-video-preview":"max-video-preview:-1"},"canonical":"https:\/\/deputadotaveirajr.com.br\/index.php\/prefeitura-de-natal-anuncia-pagamento-do-13o-salario-para-esta-terca-feira-17\/","og_locale":"pt_BR","og_type":"article","og_title":"Prefeitura de Natal anuncia pagamento do 13\u00ba sal\u00e1rio para esta ter\u00e7a-feira (17) - Taveira Jr","og_description":"An\u00fancio foi feito pela Prefeitura nesta segunda-feira (16) e mais de 21,5 mil servidores municipais ser\u00e3o beneficiados. Pal\u00e1cio Felipe Camar\u00e3o, sede da Prefeitura de Natal S\u00e9rgio Henrique Santos\/Inter TV Cabugi ...","og_url":"https:\/\/deputadotaveirajr.com.br\/index.php\/prefeitura-de-natal-anuncia-pagamento-do-13o-salario-para-esta-terca-feira-17\/","og_site_name":"Taveira Jr","og_image":[{"url":"https:\/\/s2-g1.glbimg.com\/DGCdqQL79OdPZAgbzZZh-FY6lE0=\/i.s3.glbimg.com\/v1\/AUTH_59edd422c0c84a879bd37670ae4f538a\/internal_photos\/bs\/2024\/d\/K\/2BKxSVRsqVVCkWBBGISQ\/prefeitura.jpeg","type":"","width":"","height":""}],"twitter_card":"summary_large_image","twitter_misc":{"Est. tempo de leitura":"1 minuto"},"schema":{"@context":"https:\/\/schema.org","@graph":[{"@type":"WebPage","@id":"https:\/\/deputadotaveirajr.com.br\/index.php\/prefeitura-de-natal-anuncia-pagamento-do-13o-salario-para-esta-terca-feira-17\/","url":"https:\/\/deputadotaveirajr.com.br\/index.php\/prefeitura-de-natal-anuncia-pagamento-do-13o-salario-para-esta-terca-feira-17\/","name":"Prefeitura de Natal anuncia pagamento do 13\u00ba sal\u00e1rio para esta ter\u00e7a-feira (17) - Taveira Jr","isPartOf":{"@id":"https:\/\/deputadotaveirajr.com.br\/#website"},"primaryImageOfPage":{"@id":"https:\/\/deputadotaveirajr.com.br\/index.php\/prefeitura-de-natal-anuncia-pagamento-do-13o-salario-para-esta-terca-feira-17\/#primaryimage"},"image":{"@id":"https:\/\/deputadotaveirajr.com.br\/index.php\/prefeitura-de-natal-anuncia-pagamento-do-13o-salario-para-esta-terca-feira-17\/#primaryimage"},"thumbnailUrl":"https:\/\/deputadotaveirajr.com.br\/wp-content\/uploads\/2024\/12\/prefeitura-FVeeW6.jpeg","datePublished":"2024-12-16T19:20:40+00:00","breadcrumb":{"@id":"https:\/\/deputadotaveirajr.com.br\/index.php\/prefeitura-de-natal-anuncia-pagamento-do-13o-salario-para-esta-terca-feira-17\/#breadcrumb"},"inLanguage":"pt-BR","potentialAction":[{"@type":"ReadAction","target":["https:\/\/deputadotaveirajr.com.br\/index.php\/prefeitura-de-natal-anuncia-pagamento-do-13o-salario-para-esta-terca-feira-17\/"]}]},{"@type":"ImageObject","inLanguage":"pt-BR","@id":"https:\/\/deputadotaveirajr.com.br\/index.php\/prefeitura-de-natal-anuncia-pagamento-do-13o-salario-para-esta-terca-feira-17\/#primaryimage","url":"https:\/\/deputadotaveirajr.com.br\/wp-content\/uploads\/2024\/12\/prefeitura-FVeeW6.jpeg","contentUrl":"https:\/\/deputadotaveirajr.com.br\/wp-content\/uploads\/2024\/12\/prefeitura-FVeeW6.jpeg","width":1600,"height":1394},{"@type":"BreadcrumbList","@id":"https:\/\/deputadotaveirajr.com.br\/index.php\/prefeitura-de-natal-anuncia-pagamento-do-13o-salario-para-esta-terca-feira-17\/#breadcrumb","itemListElement":[{"@type":"ListItem","position":1,"name":"In\u00edcio","item":"https:\/\/deputadotaveirajr.com.br\/"},{"@type":"ListItem","position":2,"name":"Prefeitura de Natal anuncia pagamento do 13\u00ba sal\u00e1rio para esta ter\u00e7a-feira (17)"}]},{"@type":"WebSite","@id":"https:\/\/deputadotaveirajr.com.br\/#website","url":"https:\/\/deputadotaveirajr.com.br\/","name":"Taveira Jr","description":"Deputado Estadual","publisher":{"@id":"https:\/\/deputadotaveirajr.com.br\/#organization"},"potentialAction":[{"@type":"SearchAction","target":{"@type":"EntryPoint","urlTemplate":"https:\/\/deputadotaveirajr.com.br\/?s={search_term_string}"},"query-input":{"@type":"PropertyValueSpecification","valueRequired":true,"valueName":"search_term_string"}}],"inLanguage":"pt-BR"},{"@type":"Organization","@id":"https:\/\/deputadotaveirajr.com.br\/#organization","name":"Taveira Jr","url":"https:\/\/deputadotaveirajr.com.br\/","logo":{"@type":"ImageObject","inLanguage":"pt-BR","@id":"https:\/\/deputadotaveirajr.com.br\/#\/schema\/logo\/image\/","url":"https:\/\/deputadotaveirajr.com.br\/wp-content\/uploads\/2026\/01\/logolow2a.png","contentUrl":"https:\/\/deputadotaveirajr.com.br\/wp-content\/uploads\/2026\/01\/logolow2a.png","width":290,"height":80,"caption":"Taveira Jr"},"image":{"@id":"https:\/\/deputadotaveirajr.com.br\/#\/schema\/logo\/image\/"}}]}},"_links":{"self":[{"href":"https:\/\/deputadotaveirajr.com.br\/index.php\/wp-json\/wp\/v2\/pages\/11691","targetHints":{"allow":["GET"]}}],"collection":[{"href":"https:\/\/deputadotaveirajr.com.br\/index.php\/wp-json\/wp\/v2\/pages"}],"about":[{"href":"https:\/\/deputadotaveirajr.com.br\/index.php\/wp-json\/wp\/v2\/types\/page"}],"replies":[{"embeddable":true,"href":"https:\/\/deputadotaveirajr.com.br\/index.php\/wp-json\/wp\/v2\/comments?post=11691"}],"version-history":[{"count":0,"href":"https:\/\/deputadotaveirajr.com.br\/index.php\/wp-json\/wp\/v2\/pages\/11691\/revisions"}],"wp:featuredmedia":[{"embeddable":true,"href":"https:\/\/deputadotaveirajr.com.br\/index.php\/wp-json\/wp\/v2\/media\/11692"}],"wp:attachment":[{"href":"https:\/\/deputadotaveirajr.com.br\/index.php\/wp-json\/wp\/v2\/media?parent=11691"}],"curies":[{"name":"wp","href":"https:\/\/api.w.org\/{rel}","templated":true}]}}