{"id":11693,"date":"2024-12-16T16:02:47","date_gmt":"2024-12-16T19:02:47","guid":{"rendered":"https:\/\/deputadotaveirajr.com.br\/index.php\/maior-cajueiro-do-mundo-comemora-136-anos-com-programacao-especial-e-entrada-gratuita-confira\/"},"modified":"2024-12-16T16:02:47","modified_gmt":"2024-12-16T19:02:47","slug":"maior-cajueiro-do-mundo-comemora-136-anos-com-programacao-especial-e-entrada-gratuita-confira","status":"publish","type":"page","link":"https:\/\/deputadotaveirajr.com.br\/index.php\/maior-cajueiro-do-mundo-comemora-136-anos-com-programacao-especial-e-entrada-gratuita-confira\/","title":{"rendered":"Maior cajueiro do mundo comemora 136 anos com programa\u00e7\u00e3o especial e entrada gratuita; confira"},"content":{"rendered":"<p><img decoding=\"async\" src=\"https:\/\/s2-g1.glbimg.com\/rM9dmhtvaUEZ8v-wQAS_p1Yplfs=\/i.s3.glbimg.com\/v1\/AUTH_59edd422c0c84a879bd37670ae4f538a\/internal_photos\/bs\/2024\/y\/D\/GBZBPuTve7zDTo3KLnAA\/whatsapp-image-2024-12-16-at-13.28.06-1-.jpeg\" \/><br \/>     Anivers\u00e1rio acontece nesta sexta-feira (20) com programa\u00e7\u00e3o que envolve teatro, m\u00fasica, gastronomia e a\u00e7\u00f5es educativas. Entrada \u00e9 gratuita. Maior Cajueiro do Mundo comemora anivers\u00e1rio nesta sexta-feira<br \/>\nCaroline Macedo<br \/>\nO Maior Cajueiro do Mundo, localizado em Pirangi do Norte, em Parnamirim, na Grande Natal, comemora 136 anos de hist\u00f3ria na pr\u00f3xima sexta-feira (20). Para festejar a data, uma programa\u00e7\u00e3o especial foi preparada com teatro, m\u00fasica ao vivo, roda de conversa e exposi\u00e7\u00e3o.<br \/>\nHaver\u00e1 ainda atividades educativas, gastron\u00f4micas e ambientais para o p\u00fablico visitante. A entrada \u00e9 gratuita (veja programa\u00e7\u00e3o completa mais abaixo).<br \/>\n\ud83d\udcf3Participe do canal do g1 RN no WhatsApp<br \/>\nA apresenta\u00e7\u00e3o teatral marcada para a sexta-feira explora a lenda de quem teria plantado o maior cajueiro do mundo. Na gastronomia, haver\u00e1 exposi\u00e7\u00e3o de pratos e bebidas regionais feitos \u00e0 base de caju, promovendo a integra\u00e7\u00e3o entre produtores locais e visitantes.<br \/>\nH\u00e1 na programa\u00e7\u00e3o ainda distribui\u00e7\u00e3o de mudas e uma campanha para o descarte correto de res\u00edduos eletroeletr\u00f4nicos. O s\u00e1bado (21) reserva ainda o Cajuk\u00ea, um karaok\u00ea com direito a distribui\u00e7\u00e3o de pipocas.<br \/>\n \u201cComemorar os 136 anos do Cajueiro \u00e9 celebrar um patrim\u00f4nio natural e cultural do nosso estado. Este evento promove a integra\u00e7\u00e3o da comunidade, valoriza nossa hist\u00f3ria e refor\u00e7a a import\u00e2ncia da preserva\u00e7\u00e3o ambiental\u201d, ressaltou, disse a gestora do cajueiro, Iracy Wanderley.<br \/>\nCajueiro de Pirangi<br \/>\nO Cajueiro de Pirangi cobre uma \u00e1rea de aproximadamente 9.000m\u00b2, com per\u00edmetro de aproximadamente 500 metros. Em virtude da sua extens\u00e3o, a \u00e1rvore gigante entrou para o Guinness Book \u201cO Livro dos Recordes\u201d  em 1994 como o Maior Cajueiro do Mundo.<br \/>\nSegundo a tradi\u00e7\u00e3o oral, o Cajueiro foi plantado em dezembro de 1888 por um pescador chamado Luiz In\u00e1cio de Oliveira, que morreu aos 93 anos sob a sombra da \u00e1rvore.<br \/>\n H\u00e1 tamb\u00e9m quem acredite que o antigo propriet\u00e1rio do terreno, Sylvio Pedroza (ex-prefeito de Natal), \u00e9 o respons\u00e1vel pelo plantio. Outra teoria \u00e9 que a pr\u00f3pria natureza se encarregou do nascimento do gigante.<br \/>\nO crescimento desenfreado se deve \u00e0s anomalias gen\u00e9ticas, as quais fazem com que os galhos cres\u00e7am para os lados e n\u00e3o para cima. Com o passar do tempo, o peso desses galhos se curvam e atinge o solo, ocorrendo assim um novo enraizamento, que estimula ainda mais a expans\u00e3o do Cajueiro.<br \/>\nO espa\u00e7o \u00e9 gerido pelo Instituto de Desenvolvimento Sustent\u00e1vel e Meio Ambiente do Rio Grande do Norte (Idema).<br \/>\nConfira a programa\u00e7\u00e3o<br \/>\n20 de dezembro \u2013 Sexta-feira<br \/>\nManh\u00e3<br \/>\n8h: Recep\u00e7\u00e3o com a equipe do Maior Cajueiro do Mundo<br \/>\n8h10: Encena\u00e7\u00e3o teatral: \u201cQuem plantou o Maior Cajueiro do Mundo? A teima entre Seu Luiz e a Cutia\u201d<br \/>\n8h20: Abertura oficial com representantes do Idema, comunidade e Prefeitura de Parnamirim<br \/>\n9h: M\u00fasica Popular Brasileira com J\u00falio C\u00e9sar, artista local<br \/>\n9h: Cajuteca \u2013 Prosa sobre a hist\u00f3ria do Cajueiro com a equipe local e o Centro Infantil Dona Liquinha Alves<br \/>\n10h: Pastoril \u2013 Dan\u00e7a popular com o grupo Flor do L\u00edrio<br \/>\n10h: Roda de conversa \u201cSaberes e pr\u00e1ticas sobre o Maior Cajueiro do Mundo\u201d com a equipe do Cajueiro e a professora Wiara Gomes (EAJ-UFRN)<br \/>\n10h30: Parab\u00e9ns ao Cajueiro, com m\u00fasica de J\u00falio C\u00e9sar<br \/>\nTarde<br \/>\n14h: Cajuteca \u2013 Prosa sobre a hist\u00f3ria do Cajueiro<br \/>\n14h: Apresenta\u00e7\u00e3o musical com a Banda D\u2019Band<br \/>\n15h: Dan\u00e7a popular \u2013 Maculel\u00ea com o grupo Iley\u00ea<br \/>\nOutras atividades<br \/>\nDistribui\u00e7\u00e3o de mudas pelo Projeto Arboriza<br \/>\nReciclagem de pl\u00e1sticos com o Projeto Precious Plastic Reciclamar (IFRN)<br \/>\nExposi\u00e7\u00e3o gastron\u00f4mica de produtos \u00e0 base de caju<br \/>\nExposi\u00e7\u00e3o e venda de artesanato local<br \/>\nCampanha RN + Limpo \u2013 Destina\u00e7\u00e3o de res\u00edduos eletroeletr\u00f4nicos<br \/>\n21 de dezembro \u2013 S\u00e1bado<br \/>\nCajuk\u00ea \u2013 Karaok\u00ea educativo com pipoca<br \/>\nV\u00eddeos mais assistidos do g1 RN<\/p>","protected":false},"excerpt":{"rendered":"<p>Anivers\u00e1rio acontece nesta sexta-feira (20) com programa\u00e7\u00e3o que envolve teatro, m\u00fasica, gastronomia e a\u00e7\u00f5es educativas. Entrada \u00e9 gratuita. Maior Cajueiro do Mundo comemora anivers\u00e1rio nesta sexta-feira Caroline Macedo O Maior &#8230;<\/p>\n","protected":false},"author":0,"featured_media":11694,"parent":0,"menu_order":0,"comment_status":"closed","ping_status":"closed","template":"","meta":{"footnotes":""},"class_list":["post-11693","page","type-page","status-publish","has-post-thumbnail","hentry"],"yoast_head":"<!-- This site is optimized with the Yoast SEO plugin v27.1.1 - https:\/\/yoast.com\/product\/yoast-seo-wordpress\/ -->\n<title>Maior cajueiro do mundo comemora 136 anos com programa\u00e7\u00e3o especial e entrada gratuita; confira - Taveira Jr<\/title>\n<meta name=\"robots\" content=\"index, follow, max-snippet:-1, max-image-preview:large, max-video-preview:-1\" \/>\n<link rel=\"canonical\" href=\"https:\/\/deputadotaveirajr.com.br\/index.php\/maior-cajueiro-do-mundo-comemora-136-anos-com-programacao-especial-e-entrada-gratuita-confira\/\" \/>\n<meta property=\"og:locale\" content=\"pt_BR\" \/>\n<meta property=\"og:type\" content=\"article\" \/>\n<meta property=\"og:title\" content=\"Maior cajueiro do mundo comemora 136 anos com programa\u00e7\u00e3o especial e entrada gratuita; confira - Taveira Jr\" \/>\n<meta property=\"og:description\" content=\"Anivers\u00e1rio acontece nesta sexta-feira (20) com programa\u00e7\u00e3o que envolve teatro, m\u00fasica, gastronomia e a\u00e7\u00f5es educativas. Entrada \u00e9 gratuita. Maior Cajueiro do Mundo comemora anivers\u00e1rio nesta sexta-feira Caroline Macedo O Maior ...\" \/>\n<meta property=\"og:url\" content=\"https:\/\/deputadotaveirajr.com.br\/index.php\/maior-cajueiro-do-mundo-comemora-136-anos-com-programacao-especial-e-entrada-gratuita-confira\/\" \/>\n<meta property=\"og:site_name\" content=\"Taveira Jr\" \/>\n<meta property=\"og:image\" content=\"https:\/\/s2-g1.glbimg.com\/rM9dmhtvaUEZ8v-wQAS_p1Yplfs=\/i.s3.glbimg.com\/v1\/AUTH_59edd422c0c84a879bd37670ae4f538a\/internal_photos\/bs\/2024\/y\/D\/GBZBPuTve7zDTo3KLnAA\/whatsapp-image-2024-12-16-at-13.28.06-1-.jpeg\" \/>\n<meta name=\"twitter:card\" content=\"summary_large_image\" \/>\n<meta name=\"twitter:label1\" content=\"Est. tempo de leitura\" \/>\n\t<meta name=\"twitter:data1\" content=\"3 minutos\" \/>\n<script type=\"application\/ld+json\" class=\"yoast-schema-graph\">{\"@context\":\"https:\/\/schema.org\",\"@graph\":[{\"@type\":\"WebPage\",\"@id\":\"https:\/\/deputadotaveirajr.com.br\/index.php\/maior-cajueiro-do-mundo-comemora-136-anos-com-programacao-especial-e-entrada-gratuita-confira\/\",\"url\":\"https:\/\/deputadotaveirajr.com.br\/index.php\/maior-cajueiro-do-mundo-comemora-136-anos-com-programacao-especial-e-entrada-gratuita-confira\/\",\"name\":\"Maior cajueiro do mundo comemora 136 anos com programa\u00e7\u00e3o especial e entrada gratuita; confira - Taveira Jr\",\"isPartOf\":{\"@id\":\"https:\/\/deputadotaveirajr.com.br\/#website\"},\"primaryImageOfPage\":{\"@id\":\"https:\/\/deputadotaveirajr.com.br\/index.php\/maior-cajueiro-do-mundo-comemora-136-anos-com-programacao-especial-e-entrada-gratuita-confira\/#primaryimage\"},\"image\":{\"@id\":\"https:\/\/deputadotaveirajr.com.br\/index.php\/maior-cajueiro-do-mundo-comemora-136-anos-com-programacao-especial-e-entrada-gratuita-confira\/#primaryimage\"},\"thumbnailUrl\":\"https:\/\/deputadotaveirajr.com.br\/wp-content\/uploads\/2024\/12\/whatsapp-image-2024-12-16-at-13.28.06-1-5JNTQ4.jpeg\",\"datePublished\":\"2024-12-16T19:02:47+00:00\",\"breadcrumb\":{\"@id\":\"https:\/\/deputadotaveirajr.com.br\/index.php\/maior-cajueiro-do-mundo-comemora-136-anos-com-programacao-especial-e-entrada-gratuita-confira\/#breadcrumb\"},\"inLanguage\":\"pt-BR\",\"potentialAction\":[{\"@type\":\"ReadAction\",\"target\":[\"https:\/\/deputadotaveirajr.com.br\/index.php\/maior-cajueiro-do-mundo-comemora-136-anos-com-programacao-especial-e-entrada-gratuita-confira\/\"]}]},{\"@type\":\"ImageObject\",\"inLanguage\":\"pt-BR\",\"@id\":\"https:\/\/deputadotaveirajr.com.br\/index.php\/maior-cajueiro-do-mundo-comemora-136-anos-com-programacao-especial-e-entrada-gratuita-confira\/#primaryimage\",\"url\":\"https:\/\/deputadotaveirajr.com.br\/wp-content\/uploads\/2024\/12\/whatsapp-image-2024-12-16-at-13.28.06-1-5JNTQ4.jpeg\",\"contentUrl\":\"https:\/\/deputadotaveirajr.com.br\/wp-content\/uploads\/2024\/12\/whatsapp-image-2024-12-16-at-13.28.06-1-5JNTQ4.jpeg\",\"width\":1600,\"height\":1066},{\"@type\":\"BreadcrumbList\",\"@id\":\"https:\/\/deputadotaveirajr.com.br\/index.php\/maior-cajueiro-do-mundo-comemora-136-anos-com-programacao-especial-e-entrada-gratuita-confira\/#breadcrumb\",\"itemListElement\":[{\"@type\":\"ListItem\",\"position\":1,\"name\":\"In\u00edcio\",\"item\":\"https:\/\/deputadotaveirajr.com.br\/\"},{\"@type\":\"ListItem\",\"position\":2,\"name\":\"Maior cajueiro do mundo comemora 136 anos com programa\u00e7\u00e3o especial e entrada gratuita; confira\"}]},{\"@type\":\"WebSite\",\"@id\":\"https:\/\/deputadotaveirajr.com.br\/#website\",\"url\":\"https:\/\/deputadotaveirajr.com.br\/\",\"name\":\"Taveira Jr\",\"description\":\"Deputado Estadual\",\"publisher\":{\"@id\":\"https:\/\/deputadotaveirajr.com.br\/#organization\"},\"potentialAction\":[{\"@type\":\"SearchAction\",\"target\":{\"@type\":\"EntryPoint\",\"urlTemplate\":\"https:\/\/deputadotaveirajr.com.br\/?s={search_term_string}\"},\"query-input\":{\"@type\":\"PropertyValueSpecification\",\"valueRequired\":true,\"valueName\":\"search_term_string\"}}],\"inLanguage\":\"pt-BR\"},{\"@type\":\"Organization\",\"@id\":\"https:\/\/deputadotaveirajr.com.br\/#organization\",\"name\":\"Taveira Jr\",\"url\":\"https:\/\/deputadotaveirajr.com.br\/\",\"logo\":{\"@type\":\"ImageObject\",\"inLanguage\":\"pt-BR\",\"@id\":\"https:\/\/deputadotaveirajr.com.br\/#\/schema\/logo\/image\/\",\"url\":\"https:\/\/deputadotaveirajr.com.br\/wp-content\/uploads\/2026\/01\/logolow2a.png\",\"contentUrl\":\"https:\/\/deputadotaveirajr.com.br\/wp-content\/uploads\/2026\/01\/logolow2a.png\",\"width\":290,\"height\":80,\"caption\":\"Taveira Jr\"},\"image\":{\"@id\":\"https:\/\/deputadotaveirajr.com.br\/#\/schema\/logo\/image\/\"}}]}<\/script>\n<!-- \/ Yoast SEO plugin. -->","yoast_head_json":{"title":"Maior cajueiro do mundo comemora 136 anos com programa\u00e7\u00e3o especial e entrada gratuita; confira - Taveira Jr","robots":{"index":"index","follow":"follow","max-snippet":"max-snippet:-1","max-image-preview":"max-image-preview:large","max-video-preview":"max-video-preview:-1"},"canonical":"https:\/\/deputadotaveirajr.com.br\/index.php\/maior-cajueiro-do-mundo-comemora-136-anos-com-programacao-especial-e-entrada-gratuita-confira\/","og_locale":"pt_BR","og_type":"article","og_title":"Maior cajueiro do mundo comemora 136 anos com programa\u00e7\u00e3o especial e entrada gratuita; confira - Taveira Jr","og_description":"Anivers\u00e1rio acontece nesta sexta-feira (20) com programa\u00e7\u00e3o que envolve teatro, m\u00fasica, gastronomia e a\u00e7\u00f5es educativas. Entrada \u00e9 gratuita. Maior Cajueiro do Mundo comemora anivers\u00e1rio nesta sexta-feira Caroline Macedo O Maior ...","og_url":"https:\/\/deputadotaveirajr.com.br\/index.php\/maior-cajueiro-do-mundo-comemora-136-anos-com-programacao-especial-e-entrada-gratuita-confira\/","og_site_name":"Taveira Jr","og_image":[{"url":"https:\/\/s2-g1.glbimg.com\/rM9dmhtvaUEZ8v-wQAS_p1Yplfs=\/i.s3.glbimg.com\/v1\/AUTH_59edd422c0c84a879bd37670ae4f538a\/internal_photos\/bs\/2024\/y\/D\/GBZBPuTve7zDTo3KLnAA\/whatsapp-image-2024-12-16-at-13.28.06-1-.jpeg","type":"","width":"","height":""}],"twitter_card":"summary_large_image","twitter_misc":{"Est. tempo de leitura":"3 minutos"},"schema":{"@context":"https:\/\/schema.org","@graph":[{"@type":"WebPage","@id":"https:\/\/deputadotaveirajr.com.br\/index.php\/maior-cajueiro-do-mundo-comemora-136-anos-com-programacao-especial-e-entrada-gratuita-confira\/","url":"https:\/\/deputadotaveirajr.com.br\/index.php\/maior-cajueiro-do-mundo-comemora-136-anos-com-programacao-especial-e-entrada-gratuita-confira\/","name":"Maior cajueiro do mundo comemora 136 anos com programa\u00e7\u00e3o especial e entrada gratuita; confira - Taveira Jr","isPartOf":{"@id":"https:\/\/deputadotaveirajr.com.br\/#website"},"primaryImageOfPage":{"@id":"https:\/\/deputadotaveirajr.com.br\/index.php\/maior-cajueiro-do-mundo-comemora-136-anos-com-programacao-especial-e-entrada-gratuita-confira\/#primaryimage"},"image":{"@id":"https:\/\/deputadotaveirajr.com.br\/index.php\/maior-cajueiro-do-mundo-comemora-136-anos-com-programacao-especial-e-entrada-gratuita-confira\/#primaryimage"},"thumbnailUrl":"https:\/\/deputadotaveirajr.com.br\/wp-content\/uploads\/2024\/12\/whatsapp-image-2024-12-16-at-13.28.06-1-5JNTQ4.jpeg","datePublished":"2024-12-16T19:02:47+00:00","breadcrumb":{"@id":"https:\/\/deputadotaveirajr.com.br\/index.php\/maior-cajueiro-do-mundo-comemora-136-anos-com-programacao-especial-e-entrada-gratuita-confira\/#breadcrumb"},"inLanguage":"pt-BR","potentialAction":[{"@type":"ReadAction","target":["https:\/\/deputadotaveirajr.com.br\/index.php\/maior-cajueiro-do-mundo-comemora-136-anos-com-programacao-especial-e-entrada-gratuita-confira\/"]}]},{"@type":"ImageObject","inLanguage":"pt-BR","@id":"https:\/\/deputadotaveirajr.com.br\/index.php\/maior-cajueiro-do-mundo-comemora-136-anos-com-programacao-especial-e-entrada-gratuita-confira\/#primaryimage","url":"https:\/\/deputadotaveirajr.com.br\/wp-content\/uploads\/2024\/12\/whatsapp-image-2024-12-16-at-13.28.06-1-5JNTQ4.jpeg","contentUrl":"https:\/\/deputadotaveirajr.com.br\/wp-content\/uploads\/2024\/12\/whatsapp-image-2024-12-16-at-13.28.06-1-5JNTQ4.jpeg","width":1600,"height":1066},{"@type":"BreadcrumbList","@id":"https:\/\/deputadotaveirajr.com.br\/index.php\/maior-cajueiro-do-mundo-comemora-136-anos-com-programacao-especial-e-entrada-gratuita-confira\/#breadcrumb","itemListElement":[{"@type":"ListItem","position":1,"name":"In\u00edcio","item":"https:\/\/deputadotaveirajr.com.br\/"},{"@type":"ListItem","position":2,"name":"Maior cajueiro do mundo comemora 136 anos com programa\u00e7\u00e3o especial e entrada gratuita; confira"}]},{"@type":"WebSite","@id":"https:\/\/deputadotaveirajr.com.br\/#website","url":"https:\/\/deputadotaveirajr.com.br\/","name":"Taveira Jr","description":"Deputado Estadual","publisher":{"@id":"https:\/\/deputadotaveirajr.com.br\/#organization"},"potentialAction":[{"@type":"SearchAction","target":{"@type":"EntryPoint","urlTemplate":"https:\/\/deputadotaveirajr.com.br\/?s={search_term_string}"},"query-input":{"@type":"PropertyValueSpecification","valueRequired":true,"valueName":"search_term_string"}}],"inLanguage":"pt-BR"},{"@type":"Organization","@id":"https:\/\/deputadotaveirajr.com.br\/#organization","name":"Taveira Jr","url":"https:\/\/deputadotaveirajr.com.br\/","logo":{"@type":"ImageObject","inLanguage":"pt-BR","@id":"https:\/\/deputadotaveirajr.com.br\/#\/schema\/logo\/image\/","url":"https:\/\/deputadotaveirajr.com.br\/wp-content\/uploads\/2026\/01\/logolow2a.png","contentUrl":"https:\/\/deputadotaveirajr.com.br\/wp-content\/uploads\/2026\/01\/logolow2a.png","width":290,"height":80,"caption":"Taveira Jr"},"image":{"@id":"https:\/\/deputadotaveirajr.com.br\/#\/schema\/logo\/image\/"}}]}},"_links":{"self":[{"href":"https:\/\/deputadotaveirajr.com.br\/index.php\/wp-json\/wp\/v2\/pages\/11693","targetHints":{"allow":["GET"]}}],"collection":[{"href":"https:\/\/deputadotaveirajr.com.br\/index.php\/wp-json\/wp\/v2\/pages"}],"about":[{"href":"https:\/\/deputadotaveirajr.com.br\/index.php\/wp-json\/wp\/v2\/types\/page"}],"replies":[{"embeddable":true,"href":"https:\/\/deputadotaveirajr.com.br\/index.php\/wp-json\/wp\/v2\/comments?post=11693"}],"version-history":[{"count":0,"href":"https:\/\/deputadotaveirajr.com.br\/index.php\/wp-json\/wp\/v2\/pages\/11693\/revisions"}],"wp:featuredmedia":[{"embeddable":true,"href":"https:\/\/deputadotaveirajr.com.br\/index.php\/wp-json\/wp\/v2\/media\/11694"}],"wp:attachment":[{"href":"https:\/\/deputadotaveirajr.com.br\/index.php\/wp-json\/wp\/v2\/media?parent=11693"}],"curies":[{"name":"wp","href":"https:\/\/api.w.org\/{rel}","templated":true}]}}