{"id":11697,"date":"2024-12-17T08:42:12","date_gmt":"2024-12-17T11:42:12","guid":{"rendered":"https:\/\/deputadotaveirajr.com.br\/index.php\/policia-federal-prende-tres-pessoas-em-flagrante-durante-operacao-de-combate-ao-contrabando-de-cigarros-no-rn\/"},"modified":"2024-12-17T08:42:12","modified_gmt":"2024-12-17T11:42:12","slug":"policia-federal-prende-tres-pessoas-em-flagrante-durante-operacao-de-combate-ao-contrabando-de-cigarros-no-rn","status":"publish","type":"page","link":"https:\/\/deputadotaveirajr.com.br\/index.php\/policia-federal-prende-tres-pessoas-em-flagrante-durante-operacao-de-combate-ao-contrabando-de-cigarros-no-rn\/","title":{"rendered":"Pol\u00edcia Federal prende tr\u00eas pessoas em flagrante durante opera\u00e7\u00e3o de combate ao contrabando de cigarros no RN"},"content":{"rendered":"<p><img decoding=\"async\" src=\"https:\/\/s2-g1.glbimg.com\/7j3Y2SDLHq1T7Rtj1u6JdrYzWrE=\/i.s3.glbimg.com\/v1\/AUTH_59edd422c0c84a879bd37670ae4f538a\/internal_photos\/bs\/2024\/d\/t\/4tOHYXThqOPCakmEgcgg\/pf01.jpg\" \/><br \/>     Opera\u00e7\u00e3o Predadores Urbanos foi deflagrada nesta ter\u00e7a-feira (17) e cumpriu nove mandados de busca em Martins e Mossor\u00f3.  Opera\u00e7\u00e3o da Pol\u00edcia Federal combate contrabando de cigarros na regi\u00e3o Oeste potiguar<br \/>\nPF\/Cedida<br \/>\nTr\u00eas pessoas foram presas na manh\u00e3 desta ter\u00e7a-feira (17) em Martins e Mossor\u00f3, no Oeste potiguar, durante uma opera\u00e7\u00e3o da Pol\u00edcia Federal em combate ao contrabando de cigarros.<br \/>\nOs investigadores cumpriam nove mandados de buscas expedidos pela Justi\u00e7a Federal, mas prenderam os tr\u00eas investigados por flagr\u00e1-los em crimes como posse ilegal de arma de fogo, contrabando e crime tribut\u00e1rio.<br \/>\n\ud83d\udcf3Participe do canal do g1 RN no WhatsApp<br \/>\nUma das pris\u00f5es aconteceu em Martins e as outras duas em Mossor\u00f3. Segundo a PF, durante as investiga\u00e7\u00f5es da Opera\u00e7\u00e3o Predadores Urbanos, foi descoberto que indiv\u00edduos para comercializar cigarros de origem estrangeira sem registro no pa\u00eds.<br \/>\nDe acordo com a corpora\u00e7\u00e3o, os criminosos atuavam no transporte rodovi\u00e1rio dos produtos contrabandeados, posteriormente levados para dep\u00f3sitos, casas e com\u00e9rcios nas duas cidades do Oeste. Os cigarros eram armazenados e depois vendidos em cidades circunvizinhas.<br \/>\n&#8220;Dentre os envolvidos, constam pessoas que j\u00e1 foram anteriormente investigadas ou presas pela Pol\u00edcia Federal em Mossor\u00f3&#8221;, informou a PF.<br \/>\nViatura da Pol\u00edcia Federal cumpre mandados em Mossor\u00f3 e Martins<br \/>\nPF\/Cedida<br \/>\nOs crimes imputados s\u00e3o os de contrabando qualificado, descaminho e organiza\u00e7\u00e3o criminosa, cujas penas somadas podem ultrapassar a 13 anos de pris\u00e3o.<br \/>\nO nome da opera\u00e7\u00e3o faz refer\u00eancia ao fato de a organiza\u00e7\u00e3o criminosa usar as noites para movimentar produtos contrabandeados, para despistar a atua\u00e7\u00e3o das for\u00e7as policiais e do fisco.<br \/>\nAp\u00f3s os procedimentos de autua\u00e7\u00e3o, eles seguir\u00e3o para a Cadeia P\u00fablica de Mossor\u00f3 Juiz Manoel Onofre de Souza, onde devem ficar \u00e0 disposi\u00e7\u00e3o da Justi\u00e7a.<br \/>\nVeja os v\u00eddeos mais assistidos no g1 RN<\/p>","protected":false},"excerpt":{"rendered":"<p>Opera\u00e7\u00e3o Predadores Urbanos foi deflagrada nesta ter\u00e7a-feira (17) e cumpriu nove mandados de busca em Martins e Mossor\u00f3. Opera\u00e7\u00e3o da Pol\u00edcia Federal combate contrabando de cigarros na regi\u00e3o Oeste potiguar &#8230;<\/p>\n","protected":false},"author":0,"featured_media":11698,"parent":0,"menu_order":0,"comment_status":"closed","ping_status":"closed","template":"","meta":{"footnotes":""},"class_list":["post-11697","page","type-page","status-publish","has-post-thumbnail","hentry"],"yoast_head":"<!-- This site is optimized with the Yoast SEO plugin v27.1.1 - https:\/\/yoast.com\/product\/yoast-seo-wordpress\/ -->\n<title>Pol\u00edcia Federal prende tr\u00eas pessoas em flagrante durante opera\u00e7\u00e3o de combate ao contrabando de cigarros no RN - Taveira Jr<\/title>\n<meta name=\"robots\" content=\"index, follow, max-snippet:-1, max-image-preview:large, max-video-preview:-1\" \/>\n<link rel=\"canonical\" href=\"https:\/\/deputadotaveirajr.com.br\/index.php\/policia-federal-prende-tres-pessoas-em-flagrante-durante-operacao-de-combate-ao-contrabando-de-cigarros-no-rn\/\" \/>\n<meta property=\"og:locale\" content=\"pt_BR\" \/>\n<meta property=\"og:type\" content=\"article\" \/>\n<meta property=\"og:title\" content=\"Pol\u00edcia Federal prende tr\u00eas pessoas em flagrante durante opera\u00e7\u00e3o de combate ao contrabando de cigarros no RN - Taveira Jr\" \/>\n<meta property=\"og:description\" content=\"Opera\u00e7\u00e3o Predadores Urbanos foi deflagrada nesta ter\u00e7a-feira (17) e cumpriu nove mandados de busca em Martins e Mossor\u00f3. Opera\u00e7\u00e3o da Pol\u00edcia Federal combate contrabando de cigarros na regi\u00e3o Oeste potiguar ...\" \/>\n<meta property=\"og:url\" content=\"https:\/\/deputadotaveirajr.com.br\/index.php\/policia-federal-prende-tres-pessoas-em-flagrante-durante-operacao-de-combate-ao-contrabando-de-cigarros-no-rn\/\" \/>\n<meta property=\"og:site_name\" content=\"Taveira Jr\" \/>\n<meta property=\"og:image\" content=\"https:\/\/s2-g1.glbimg.com\/7j3Y2SDLHq1T7Rtj1u6JdrYzWrE=\/i.s3.glbimg.com\/v1\/AUTH_59edd422c0c84a879bd37670ae4f538a\/internal_photos\/bs\/2024\/d\/t\/4tOHYXThqOPCakmEgcgg\/pf01.jpg\" \/>\n<meta name=\"twitter:card\" content=\"summary_large_image\" \/>\n<meta name=\"twitter:label1\" content=\"Est. tempo de leitura\" \/>\n\t<meta name=\"twitter:data1\" content=\"2 minutos\" \/>\n<script type=\"application\/ld+json\" class=\"yoast-schema-graph\">{\"@context\":\"https:\/\/schema.org\",\"@graph\":[{\"@type\":\"WebPage\",\"@id\":\"https:\/\/deputadotaveirajr.com.br\/index.php\/policia-federal-prende-tres-pessoas-em-flagrante-durante-operacao-de-combate-ao-contrabando-de-cigarros-no-rn\/\",\"url\":\"https:\/\/deputadotaveirajr.com.br\/index.php\/policia-federal-prende-tres-pessoas-em-flagrante-durante-operacao-de-combate-ao-contrabando-de-cigarros-no-rn\/\",\"name\":\"Pol\u00edcia Federal prende tr\u00eas pessoas em flagrante durante opera\u00e7\u00e3o de combate ao contrabando de cigarros no RN - Taveira Jr\",\"isPartOf\":{\"@id\":\"https:\/\/deputadotaveirajr.com.br\/#website\"},\"primaryImageOfPage\":{\"@id\":\"https:\/\/deputadotaveirajr.com.br\/index.php\/policia-federal-prende-tres-pessoas-em-flagrante-durante-operacao-de-combate-ao-contrabando-de-cigarros-no-rn\/#primaryimage\"},\"image\":{\"@id\":\"https:\/\/deputadotaveirajr.com.br\/index.php\/policia-federal-prende-tres-pessoas-em-flagrante-durante-operacao-de-combate-ao-contrabando-de-cigarros-no-rn\/#primaryimage\"},\"thumbnailUrl\":\"https:\/\/deputadotaveirajr.com.br\/wp-content\/uploads\/2024\/12\/pf01-TPNYXs.jpeg\",\"datePublished\":\"2024-12-17T11:42:12+00:00\",\"breadcrumb\":{\"@id\":\"https:\/\/deputadotaveirajr.com.br\/index.php\/policia-federal-prende-tres-pessoas-em-flagrante-durante-operacao-de-combate-ao-contrabando-de-cigarros-no-rn\/#breadcrumb\"},\"inLanguage\":\"pt-BR\",\"potentialAction\":[{\"@type\":\"ReadAction\",\"target\":[\"https:\/\/deputadotaveirajr.com.br\/index.php\/policia-federal-prende-tres-pessoas-em-flagrante-durante-operacao-de-combate-ao-contrabando-de-cigarros-no-rn\/\"]}]},{\"@type\":\"ImageObject\",\"inLanguage\":\"pt-BR\",\"@id\":\"https:\/\/deputadotaveirajr.com.br\/index.php\/policia-federal-prende-tres-pessoas-em-flagrante-durante-operacao-de-combate-ao-contrabando-de-cigarros-no-rn\/#primaryimage\",\"url\":\"https:\/\/deputadotaveirajr.com.br\/wp-content\/uploads\/2024\/12\/pf01-TPNYXs.jpeg\",\"contentUrl\":\"https:\/\/deputadotaveirajr.com.br\/wp-content\/uploads\/2024\/12\/pf01-TPNYXs.jpeg\",\"width\":1221,\"height\":652},{\"@type\":\"BreadcrumbList\",\"@id\":\"https:\/\/deputadotaveirajr.com.br\/index.php\/policia-federal-prende-tres-pessoas-em-flagrante-durante-operacao-de-combate-ao-contrabando-de-cigarros-no-rn\/#breadcrumb\",\"itemListElement\":[{\"@type\":\"ListItem\",\"position\":1,\"name\":\"In\u00edcio\",\"item\":\"https:\/\/deputadotaveirajr.com.br\/\"},{\"@type\":\"ListItem\",\"position\":2,\"name\":\"Pol\u00edcia Federal prende tr\u00eas pessoas em flagrante durante opera\u00e7\u00e3o de combate ao contrabando de cigarros no RN\"}]},{\"@type\":\"WebSite\",\"@id\":\"https:\/\/deputadotaveirajr.com.br\/#website\",\"url\":\"https:\/\/deputadotaveirajr.com.br\/\",\"name\":\"Taveira Jr\",\"description\":\"Deputado Estadual\",\"publisher\":{\"@id\":\"https:\/\/deputadotaveirajr.com.br\/#organization\"},\"potentialAction\":[{\"@type\":\"SearchAction\",\"target\":{\"@type\":\"EntryPoint\",\"urlTemplate\":\"https:\/\/deputadotaveirajr.com.br\/?s={search_term_string}\"},\"query-input\":{\"@type\":\"PropertyValueSpecification\",\"valueRequired\":true,\"valueName\":\"search_term_string\"}}],\"inLanguage\":\"pt-BR\"},{\"@type\":\"Organization\",\"@id\":\"https:\/\/deputadotaveirajr.com.br\/#organization\",\"name\":\"Taveira Jr\",\"url\":\"https:\/\/deputadotaveirajr.com.br\/\",\"logo\":{\"@type\":\"ImageObject\",\"inLanguage\":\"pt-BR\",\"@id\":\"https:\/\/deputadotaveirajr.com.br\/#\/schema\/logo\/image\/\",\"url\":\"https:\/\/deputadotaveirajr.com.br\/wp-content\/uploads\/2026\/01\/logolow2a.png\",\"contentUrl\":\"https:\/\/deputadotaveirajr.com.br\/wp-content\/uploads\/2026\/01\/logolow2a.png\",\"width\":290,\"height\":80,\"caption\":\"Taveira Jr\"},\"image\":{\"@id\":\"https:\/\/deputadotaveirajr.com.br\/#\/schema\/logo\/image\/\"}}]}<\/script>\n<!-- \/ Yoast SEO plugin. -->","yoast_head_json":{"title":"Pol\u00edcia Federal prende tr\u00eas pessoas em flagrante durante opera\u00e7\u00e3o de combate ao contrabando de cigarros no RN - Taveira Jr","robots":{"index":"index","follow":"follow","max-snippet":"max-snippet:-1","max-image-preview":"max-image-preview:large","max-video-preview":"max-video-preview:-1"},"canonical":"https:\/\/deputadotaveirajr.com.br\/index.php\/policia-federal-prende-tres-pessoas-em-flagrante-durante-operacao-de-combate-ao-contrabando-de-cigarros-no-rn\/","og_locale":"pt_BR","og_type":"article","og_title":"Pol\u00edcia Federal prende tr\u00eas pessoas em flagrante durante opera\u00e7\u00e3o de combate ao contrabando de cigarros no RN - Taveira Jr","og_description":"Opera\u00e7\u00e3o Predadores Urbanos foi deflagrada nesta ter\u00e7a-feira (17) e cumpriu nove mandados de busca em Martins e Mossor\u00f3. Opera\u00e7\u00e3o da Pol\u00edcia Federal combate contrabando de cigarros na regi\u00e3o Oeste potiguar ...","og_url":"https:\/\/deputadotaveirajr.com.br\/index.php\/policia-federal-prende-tres-pessoas-em-flagrante-durante-operacao-de-combate-ao-contrabando-de-cigarros-no-rn\/","og_site_name":"Taveira Jr","og_image":[{"url":"https:\/\/s2-g1.glbimg.com\/7j3Y2SDLHq1T7Rtj1u6JdrYzWrE=\/i.s3.glbimg.com\/v1\/AUTH_59edd422c0c84a879bd37670ae4f538a\/internal_photos\/bs\/2024\/d\/t\/4tOHYXThqOPCakmEgcgg\/pf01.jpg","type":"","width":"","height":""}],"twitter_card":"summary_large_image","twitter_misc":{"Est. tempo de leitura":"2 minutos"},"schema":{"@context":"https:\/\/schema.org","@graph":[{"@type":"WebPage","@id":"https:\/\/deputadotaveirajr.com.br\/index.php\/policia-federal-prende-tres-pessoas-em-flagrante-durante-operacao-de-combate-ao-contrabando-de-cigarros-no-rn\/","url":"https:\/\/deputadotaveirajr.com.br\/index.php\/policia-federal-prende-tres-pessoas-em-flagrante-durante-operacao-de-combate-ao-contrabando-de-cigarros-no-rn\/","name":"Pol\u00edcia Federal prende tr\u00eas pessoas em flagrante durante opera\u00e7\u00e3o de combate ao contrabando de cigarros no RN - Taveira Jr","isPartOf":{"@id":"https:\/\/deputadotaveirajr.com.br\/#website"},"primaryImageOfPage":{"@id":"https:\/\/deputadotaveirajr.com.br\/index.php\/policia-federal-prende-tres-pessoas-em-flagrante-durante-operacao-de-combate-ao-contrabando-de-cigarros-no-rn\/#primaryimage"},"image":{"@id":"https:\/\/deputadotaveirajr.com.br\/index.php\/policia-federal-prende-tres-pessoas-em-flagrante-durante-operacao-de-combate-ao-contrabando-de-cigarros-no-rn\/#primaryimage"},"thumbnailUrl":"https:\/\/deputadotaveirajr.com.br\/wp-content\/uploads\/2024\/12\/pf01-TPNYXs.jpeg","datePublished":"2024-12-17T11:42:12+00:00","breadcrumb":{"@id":"https:\/\/deputadotaveirajr.com.br\/index.php\/policia-federal-prende-tres-pessoas-em-flagrante-durante-operacao-de-combate-ao-contrabando-de-cigarros-no-rn\/#breadcrumb"},"inLanguage":"pt-BR","potentialAction":[{"@type":"ReadAction","target":["https:\/\/deputadotaveirajr.com.br\/index.php\/policia-federal-prende-tres-pessoas-em-flagrante-durante-operacao-de-combate-ao-contrabando-de-cigarros-no-rn\/"]}]},{"@type":"ImageObject","inLanguage":"pt-BR","@id":"https:\/\/deputadotaveirajr.com.br\/index.php\/policia-federal-prende-tres-pessoas-em-flagrante-durante-operacao-de-combate-ao-contrabando-de-cigarros-no-rn\/#primaryimage","url":"https:\/\/deputadotaveirajr.com.br\/wp-content\/uploads\/2024\/12\/pf01-TPNYXs.jpeg","contentUrl":"https:\/\/deputadotaveirajr.com.br\/wp-content\/uploads\/2024\/12\/pf01-TPNYXs.jpeg","width":1221,"height":652},{"@type":"BreadcrumbList","@id":"https:\/\/deputadotaveirajr.com.br\/index.php\/policia-federal-prende-tres-pessoas-em-flagrante-durante-operacao-de-combate-ao-contrabando-de-cigarros-no-rn\/#breadcrumb","itemListElement":[{"@type":"ListItem","position":1,"name":"In\u00edcio","item":"https:\/\/deputadotaveirajr.com.br\/"},{"@type":"ListItem","position":2,"name":"Pol\u00edcia Federal prende tr\u00eas pessoas em flagrante durante opera\u00e7\u00e3o de combate ao contrabando de cigarros no RN"}]},{"@type":"WebSite","@id":"https:\/\/deputadotaveirajr.com.br\/#website","url":"https:\/\/deputadotaveirajr.com.br\/","name":"Taveira Jr","description":"Deputado Estadual","publisher":{"@id":"https:\/\/deputadotaveirajr.com.br\/#organization"},"potentialAction":[{"@type":"SearchAction","target":{"@type":"EntryPoint","urlTemplate":"https:\/\/deputadotaveirajr.com.br\/?s={search_term_string}"},"query-input":{"@type":"PropertyValueSpecification","valueRequired":true,"valueName":"search_term_string"}}],"inLanguage":"pt-BR"},{"@type":"Organization","@id":"https:\/\/deputadotaveirajr.com.br\/#organization","name":"Taveira Jr","url":"https:\/\/deputadotaveirajr.com.br\/","logo":{"@type":"ImageObject","inLanguage":"pt-BR","@id":"https:\/\/deputadotaveirajr.com.br\/#\/schema\/logo\/image\/","url":"https:\/\/deputadotaveirajr.com.br\/wp-content\/uploads\/2026\/01\/logolow2a.png","contentUrl":"https:\/\/deputadotaveirajr.com.br\/wp-content\/uploads\/2026\/01\/logolow2a.png","width":290,"height":80,"caption":"Taveira Jr"},"image":{"@id":"https:\/\/deputadotaveirajr.com.br\/#\/schema\/logo\/image\/"}}]}},"_links":{"self":[{"href":"https:\/\/deputadotaveirajr.com.br\/index.php\/wp-json\/wp\/v2\/pages\/11697","targetHints":{"allow":["GET"]}}],"collection":[{"href":"https:\/\/deputadotaveirajr.com.br\/index.php\/wp-json\/wp\/v2\/pages"}],"about":[{"href":"https:\/\/deputadotaveirajr.com.br\/index.php\/wp-json\/wp\/v2\/types\/page"}],"replies":[{"embeddable":true,"href":"https:\/\/deputadotaveirajr.com.br\/index.php\/wp-json\/wp\/v2\/comments?post=11697"}],"version-history":[{"count":0,"href":"https:\/\/deputadotaveirajr.com.br\/index.php\/wp-json\/wp\/v2\/pages\/11697\/revisions"}],"wp:featuredmedia":[{"embeddable":true,"href":"https:\/\/deputadotaveirajr.com.br\/index.php\/wp-json\/wp\/v2\/media\/11698"}],"wp:attachment":[{"href":"https:\/\/deputadotaveirajr.com.br\/index.php\/wp-json\/wp\/v2\/media?parent=11697"}],"curies":[{"name":"wp","href":"https:\/\/api.w.org\/{rel}","templated":true}]}}