{"id":11699,"date":"2024-12-17T09:51:49","date_gmt":"2024-12-17T12:51:49","guid":{"rendered":"https:\/\/deputadotaveirajr.com.br\/index.php\/estudante-e-baleado-na-cabeca-por-colega-dentro-de-escola-de-natal\/"},"modified":"2024-12-17T09:51:49","modified_gmt":"2024-12-17T12:51:49","slug":"estudante-e-baleado-na-cabeca-por-colega-dentro-de-escola-de-natal","status":"publish","type":"page","link":"https:\/\/deputadotaveirajr.com.br\/index.php\/estudante-e-baleado-na-cabeca-por-colega-dentro-de-escola-de-natal\/","title":{"rendered":"Estudante \u00e9 baleado na cabe\u00e7a por colega dentro de escola de Natal"},"content":{"rendered":"<p><img decoding=\"async\" src=\"https:\/\/s2-g1.glbimg.com\/hd_9df9RkBn0Seovu5do6E96K2Q=\/i.s3.glbimg.com\/v1\/AUTH_59edd422c0c84a879bd37670ae4f538a\/internal_photos\/bs\/2024\/K\/2\/VyzC3iSDq9oPX3PS948A\/whatsapp-image-2024-12-17-at-09.26.44.jpeg\" \/><br \/>     Caso aconteceu na manh\u00e3 desta ter\u00e7a-feira (17) na Escola Estadual Berilo Wanderley.  Viatura da Pol\u00edcia Militar em frente \u00e0 Escola Estadual Berilo Wanderley em Natal<br \/>\nVin\u00edcius Marinho\/Inter TV Cabugi<br \/>\nUma estudante atirou contra um colega dentro de uma escola p\u00fablica em Natal, na manh\u00e3 desta ter\u00e7a-feira (17). Ela tamb\u00e9m teria tentado disparar contra uma professora, segundo testemunhas.<br \/>\nO caso aconteceu na Escola Estadual Berilo Wanderley, no bairro Ne\u00f3polis, na Zona Sul da capital potiguar. A estudante foi presa.<br \/>\nSegundo o pai do estudante ferido, ele tem 18 anos e \u00e9 estudante do 3\u00ba ano do ensino m\u00e9dio. O jovem foi atingido por um disparo na cabe\u00e7a, socorrido e levado para o Hospital Walfredo Gurgel, na Zona Leste de Natal, onde passa por atendimento.<br \/>\nA Secretaria de Seguran\u00e7a P\u00fablica do Rio Grande do Norte confirmou a ocorr\u00eancia, disse que um estudante ficou ferido e que a suspeita do crime foi presa, mas n\u00e3o detalhou como o crime aconteceu.<br \/>\nUm estudante que estava em uma sala de aula relatou \u00e0 reportagem da Inter TV Cabugi que ouviu um disparo de arma de fogo e, em seguida, viu a autora entrar na sala de aula e tentar atira contra a professora, mas a arma teria falhado.<br \/>\n&#8220;A gente estava na sala prestes a fazer a prova e ela chamou as amigas dela para conversar com ela, falar da sala. Passou um curto tempo de um minuto e a gente s\u00f3 escutou o disparo. A gente n\u00e3o sabia ao certo se era um disparo, a gente pensou que era uma bomba. Ela entrou na sala armada, apontou na cabe\u00e7a da professora, s\u00f3 que a arma falhou. No que falhou ela virou as costas para tentar correr, e o menino l\u00e1 da sala pulou em cima dela e conseguiu apartar ela&#8221;, disse o aluno, que pediu para n\u00e3o ser identificado.<br \/>\nEm nota, a Secretaria de Educa\u00e7\u00e3o do Rio Grande do Norta lamentou o fato. Veja a nota completa:<br \/>\nA Secretaria de Estado da Educa\u00e7\u00e3o, do Esporte e do Lazer (SEEC) do Rio Grande do Norte lamenta profundamente o ocorrido na Escola Estadual Berilo Wanderley, onde um estudante foi v\u00edtima de um disparo de arma de fogo, na manh\u00e3 desta ter\u00e7a-feira (17).<br \/>\nImediatamente ap\u00f3s a ocorr\u00eancia, a SEEC acionou as for\u00e7as de seguran\u00e7a p\u00fablica, que prontamente atenderam a situa\u00e7\u00e3o. A pasta est\u00e1 contribuindo com todas as informa\u00e7\u00f5es necess\u00e1rias para auxiliar as investiga\u00e7\u00f5es em curso, conduzidas pelas autoridades competentes, al\u00e9m de prestar todo o apoio necess\u00e1rio \u00e0 escola.<br \/>\nA secretaria refor\u00e7a que a seguran\u00e7a dos estudantes, professores e funcion\u00e1rios \u00e9 prioridade e que acompanha de perto os desdobramentos deste caso.<br \/>\nExpressamos nossa solidariedade \u00e0 fam\u00edlia do estudante atingido e a comunidade escolar. Reiteramos nosso compromisso em colaborar para que as medidas cab\u00edveis sejam tomadas.<br \/>\nEsta reportagem est\u00e1 em atualiza\u00e7\u00e3o.<br \/>\nVeja os v\u00eddeos mais assistidos no g1 RN<\/p>","protected":false},"excerpt":{"rendered":"<p>Caso aconteceu na manh\u00e3 desta ter\u00e7a-feira (17) na Escola Estadual Berilo Wanderley. Viatura da Pol\u00edcia Militar em frente \u00e0 Escola Estadual Berilo Wanderley em Natal Vin\u00edcius Marinho\/Inter TV Cabugi Uma &#8230;<\/p>\n","protected":false},"author":0,"featured_media":11700,"parent":0,"menu_order":0,"comment_status":"closed","ping_status":"closed","template":"","meta":{"footnotes":""},"class_list":["post-11699","page","type-page","status-publish","has-post-thumbnail","hentry"],"yoast_head":"<!-- This site is optimized with the Yoast SEO plugin v27.1.1 - https:\/\/yoast.com\/product\/yoast-seo-wordpress\/ -->\n<title>Estudante \u00e9 baleado na cabe\u00e7a por colega dentro de escola de Natal - Taveira Jr<\/title>\n<meta name=\"robots\" content=\"index, follow, max-snippet:-1, max-image-preview:large, max-video-preview:-1\" \/>\n<link rel=\"canonical\" href=\"https:\/\/deputadotaveirajr.com.br\/index.php\/estudante-e-baleado-na-cabeca-por-colega-dentro-de-escola-de-natal\/\" \/>\n<meta property=\"og:locale\" content=\"pt_BR\" \/>\n<meta property=\"og:type\" content=\"article\" \/>\n<meta property=\"og:title\" content=\"Estudante \u00e9 baleado na cabe\u00e7a por colega dentro de escola de Natal - Taveira Jr\" \/>\n<meta property=\"og:description\" content=\"Caso aconteceu na manh\u00e3 desta ter\u00e7a-feira (17) na Escola Estadual Berilo Wanderley. Viatura da Pol\u00edcia Militar em frente \u00e0 Escola Estadual Berilo Wanderley em Natal Vin\u00edcius Marinho\/Inter TV Cabugi Uma ...\" \/>\n<meta property=\"og:url\" content=\"https:\/\/deputadotaveirajr.com.br\/index.php\/estudante-e-baleado-na-cabeca-por-colega-dentro-de-escola-de-natal\/\" \/>\n<meta property=\"og:site_name\" content=\"Taveira Jr\" \/>\n<meta property=\"og:image\" content=\"https:\/\/s2-g1.glbimg.com\/hd_9df9RkBn0Seovu5do6E96K2Q=\/i.s3.glbimg.com\/v1\/AUTH_59edd422c0c84a879bd37670ae4f538a\/internal_photos\/bs\/2024\/K\/2\/VyzC3iSDq9oPX3PS948A\/whatsapp-image-2024-12-17-at-09.26.44.jpeg\" \/>\n<meta name=\"twitter:card\" content=\"summary_large_image\" \/>\n<meta name=\"twitter:label1\" content=\"Est. tempo de leitura\" \/>\n\t<meta name=\"twitter:data1\" content=\"2 minutos\" \/>\n<script type=\"application\/ld+json\" class=\"yoast-schema-graph\">{\"@context\":\"https:\/\/schema.org\",\"@graph\":[{\"@type\":\"WebPage\",\"@id\":\"https:\/\/deputadotaveirajr.com.br\/index.php\/estudante-e-baleado-na-cabeca-por-colega-dentro-de-escola-de-natal\/\",\"url\":\"https:\/\/deputadotaveirajr.com.br\/index.php\/estudante-e-baleado-na-cabeca-por-colega-dentro-de-escola-de-natal\/\",\"name\":\"Estudante \u00e9 baleado na cabe\u00e7a por colega dentro de escola de Natal - Taveira Jr\",\"isPartOf\":{\"@id\":\"https:\/\/deputadotaveirajr.com.br\/#website\"},\"primaryImageOfPage\":{\"@id\":\"https:\/\/deputadotaveirajr.com.br\/index.php\/estudante-e-baleado-na-cabeca-por-colega-dentro-de-escola-de-natal\/#primaryimage\"},\"image\":{\"@id\":\"https:\/\/deputadotaveirajr.com.br\/index.php\/estudante-e-baleado-na-cabeca-por-colega-dentro-de-escola-de-natal\/#primaryimage\"},\"thumbnailUrl\":\"https:\/\/deputadotaveirajr.com.br\/wp-content\/uploads\/2024\/12\/whatsapp-image-2024-12-17-at-09.26.44-C8AcBi.jpeg\",\"datePublished\":\"2024-12-17T12:51:49+00:00\",\"breadcrumb\":{\"@id\":\"https:\/\/deputadotaveirajr.com.br\/index.php\/estudante-e-baleado-na-cabeca-por-colega-dentro-de-escola-de-natal\/#breadcrumb\"},\"inLanguage\":\"pt-BR\",\"potentialAction\":[{\"@type\":\"ReadAction\",\"target\":[\"https:\/\/deputadotaveirajr.com.br\/index.php\/estudante-e-baleado-na-cabeca-por-colega-dentro-de-escola-de-natal\/\"]}]},{\"@type\":\"ImageObject\",\"inLanguage\":\"pt-BR\",\"@id\":\"https:\/\/deputadotaveirajr.com.br\/index.php\/estudante-e-baleado-na-cabeca-por-colega-dentro-de-escola-de-natal\/#primaryimage\",\"url\":\"https:\/\/deputadotaveirajr.com.br\/wp-content\/uploads\/2024\/12\/whatsapp-image-2024-12-17-at-09.26.44-C8AcBi.jpeg\",\"contentUrl\":\"https:\/\/deputadotaveirajr.com.br\/wp-content\/uploads\/2024\/12\/whatsapp-image-2024-12-17-at-09.26.44-C8AcBi.jpeg\",\"width\":1600,\"height\":1200},{\"@type\":\"BreadcrumbList\",\"@id\":\"https:\/\/deputadotaveirajr.com.br\/index.php\/estudante-e-baleado-na-cabeca-por-colega-dentro-de-escola-de-natal\/#breadcrumb\",\"itemListElement\":[{\"@type\":\"ListItem\",\"position\":1,\"name\":\"In\u00edcio\",\"item\":\"https:\/\/deputadotaveirajr.com.br\/\"},{\"@type\":\"ListItem\",\"position\":2,\"name\":\"Estudante \u00e9 baleado na cabe\u00e7a por colega dentro de escola de Natal\"}]},{\"@type\":\"WebSite\",\"@id\":\"https:\/\/deputadotaveirajr.com.br\/#website\",\"url\":\"https:\/\/deputadotaveirajr.com.br\/\",\"name\":\"Taveira Jr\",\"description\":\"Deputado Estadual\",\"publisher\":{\"@id\":\"https:\/\/deputadotaveirajr.com.br\/#organization\"},\"potentialAction\":[{\"@type\":\"SearchAction\",\"target\":{\"@type\":\"EntryPoint\",\"urlTemplate\":\"https:\/\/deputadotaveirajr.com.br\/?s={search_term_string}\"},\"query-input\":{\"@type\":\"PropertyValueSpecification\",\"valueRequired\":true,\"valueName\":\"search_term_string\"}}],\"inLanguage\":\"pt-BR\"},{\"@type\":\"Organization\",\"@id\":\"https:\/\/deputadotaveirajr.com.br\/#organization\",\"name\":\"Taveira Jr\",\"url\":\"https:\/\/deputadotaveirajr.com.br\/\",\"logo\":{\"@type\":\"ImageObject\",\"inLanguage\":\"pt-BR\",\"@id\":\"https:\/\/deputadotaveirajr.com.br\/#\/schema\/logo\/image\/\",\"url\":\"https:\/\/deputadotaveirajr.com.br\/wp-content\/uploads\/2026\/01\/logolow2a.png\",\"contentUrl\":\"https:\/\/deputadotaveirajr.com.br\/wp-content\/uploads\/2026\/01\/logolow2a.png\",\"width\":290,\"height\":80,\"caption\":\"Taveira Jr\"},\"image\":{\"@id\":\"https:\/\/deputadotaveirajr.com.br\/#\/schema\/logo\/image\/\"}}]}<\/script>\n<!-- \/ Yoast SEO plugin. -->","yoast_head_json":{"title":"Estudante \u00e9 baleado na cabe\u00e7a por colega dentro de escola de Natal - Taveira Jr","robots":{"index":"index","follow":"follow","max-snippet":"max-snippet:-1","max-image-preview":"max-image-preview:large","max-video-preview":"max-video-preview:-1"},"canonical":"https:\/\/deputadotaveirajr.com.br\/index.php\/estudante-e-baleado-na-cabeca-por-colega-dentro-de-escola-de-natal\/","og_locale":"pt_BR","og_type":"article","og_title":"Estudante \u00e9 baleado na cabe\u00e7a por colega dentro de escola de Natal - Taveira Jr","og_description":"Caso aconteceu na manh\u00e3 desta ter\u00e7a-feira (17) na Escola Estadual Berilo Wanderley. Viatura da Pol\u00edcia Militar em frente \u00e0 Escola Estadual Berilo Wanderley em Natal Vin\u00edcius Marinho\/Inter TV Cabugi Uma ...","og_url":"https:\/\/deputadotaveirajr.com.br\/index.php\/estudante-e-baleado-na-cabeca-por-colega-dentro-de-escola-de-natal\/","og_site_name":"Taveira Jr","og_image":[{"url":"https:\/\/s2-g1.glbimg.com\/hd_9df9RkBn0Seovu5do6E96K2Q=\/i.s3.glbimg.com\/v1\/AUTH_59edd422c0c84a879bd37670ae4f538a\/internal_photos\/bs\/2024\/K\/2\/VyzC3iSDq9oPX3PS948A\/whatsapp-image-2024-12-17-at-09.26.44.jpeg","type":"","width":"","height":""}],"twitter_card":"summary_large_image","twitter_misc":{"Est. tempo de leitura":"2 minutos"},"schema":{"@context":"https:\/\/schema.org","@graph":[{"@type":"WebPage","@id":"https:\/\/deputadotaveirajr.com.br\/index.php\/estudante-e-baleado-na-cabeca-por-colega-dentro-de-escola-de-natal\/","url":"https:\/\/deputadotaveirajr.com.br\/index.php\/estudante-e-baleado-na-cabeca-por-colega-dentro-de-escola-de-natal\/","name":"Estudante \u00e9 baleado na cabe\u00e7a por colega dentro de escola de Natal - Taveira Jr","isPartOf":{"@id":"https:\/\/deputadotaveirajr.com.br\/#website"},"primaryImageOfPage":{"@id":"https:\/\/deputadotaveirajr.com.br\/index.php\/estudante-e-baleado-na-cabeca-por-colega-dentro-de-escola-de-natal\/#primaryimage"},"image":{"@id":"https:\/\/deputadotaveirajr.com.br\/index.php\/estudante-e-baleado-na-cabeca-por-colega-dentro-de-escola-de-natal\/#primaryimage"},"thumbnailUrl":"https:\/\/deputadotaveirajr.com.br\/wp-content\/uploads\/2024\/12\/whatsapp-image-2024-12-17-at-09.26.44-C8AcBi.jpeg","datePublished":"2024-12-17T12:51:49+00:00","breadcrumb":{"@id":"https:\/\/deputadotaveirajr.com.br\/index.php\/estudante-e-baleado-na-cabeca-por-colega-dentro-de-escola-de-natal\/#breadcrumb"},"inLanguage":"pt-BR","potentialAction":[{"@type":"ReadAction","target":["https:\/\/deputadotaveirajr.com.br\/index.php\/estudante-e-baleado-na-cabeca-por-colega-dentro-de-escola-de-natal\/"]}]},{"@type":"ImageObject","inLanguage":"pt-BR","@id":"https:\/\/deputadotaveirajr.com.br\/index.php\/estudante-e-baleado-na-cabeca-por-colega-dentro-de-escola-de-natal\/#primaryimage","url":"https:\/\/deputadotaveirajr.com.br\/wp-content\/uploads\/2024\/12\/whatsapp-image-2024-12-17-at-09.26.44-C8AcBi.jpeg","contentUrl":"https:\/\/deputadotaveirajr.com.br\/wp-content\/uploads\/2024\/12\/whatsapp-image-2024-12-17-at-09.26.44-C8AcBi.jpeg","width":1600,"height":1200},{"@type":"BreadcrumbList","@id":"https:\/\/deputadotaveirajr.com.br\/index.php\/estudante-e-baleado-na-cabeca-por-colega-dentro-de-escola-de-natal\/#breadcrumb","itemListElement":[{"@type":"ListItem","position":1,"name":"In\u00edcio","item":"https:\/\/deputadotaveirajr.com.br\/"},{"@type":"ListItem","position":2,"name":"Estudante \u00e9 baleado na cabe\u00e7a por colega dentro de escola de Natal"}]},{"@type":"WebSite","@id":"https:\/\/deputadotaveirajr.com.br\/#website","url":"https:\/\/deputadotaveirajr.com.br\/","name":"Taveira Jr","description":"Deputado Estadual","publisher":{"@id":"https:\/\/deputadotaveirajr.com.br\/#organization"},"potentialAction":[{"@type":"SearchAction","target":{"@type":"EntryPoint","urlTemplate":"https:\/\/deputadotaveirajr.com.br\/?s={search_term_string}"},"query-input":{"@type":"PropertyValueSpecification","valueRequired":true,"valueName":"search_term_string"}}],"inLanguage":"pt-BR"},{"@type":"Organization","@id":"https:\/\/deputadotaveirajr.com.br\/#organization","name":"Taveira Jr","url":"https:\/\/deputadotaveirajr.com.br\/","logo":{"@type":"ImageObject","inLanguage":"pt-BR","@id":"https:\/\/deputadotaveirajr.com.br\/#\/schema\/logo\/image\/","url":"https:\/\/deputadotaveirajr.com.br\/wp-content\/uploads\/2026\/01\/logolow2a.png","contentUrl":"https:\/\/deputadotaveirajr.com.br\/wp-content\/uploads\/2026\/01\/logolow2a.png","width":290,"height":80,"caption":"Taveira Jr"},"image":{"@id":"https:\/\/deputadotaveirajr.com.br\/#\/schema\/logo\/image\/"}}]}},"_links":{"self":[{"href":"https:\/\/deputadotaveirajr.com.br\/index.php\/wp-json\/wp\/v2\/pages\/11699","targetHints":{"allow":["GET"]}}],"collection":[{"href":"https:\/\/deputadotaveirajr.com.br\/index.php\/wp-json\/wp\/v2\/pages"}],"about":[{"href":"https:\/\/deputadotaveirajr.com.br\/index.php\/wp-json\/wp\/v2\/types\/page"}],"replies":[{"embeddable":true,"href":"https:\/\/deputadotaveirajr.com.br\/index.php\/wp-json\/wp\/v2\/comments?post=11699"}],"version-history":[{"count":0,"href":"https:\/\/deputadotaveirajr.com.br\/index.php\/wp-json\/wp\/v2\/pages\/11699\/revisions"}],"wp:featuredmedia":[{"embeddable":true,"href":"https:\/\/deputadotaveirajr.com.br\/index.php\/wp-json\/wp\/v2\/media\/11700"}],"wp:attachment":[{"href":"https:\/\/deputadotaveirajr.com.br\/index.php\/wp-json\/wp\/v2\/media?parent=11699"}],"curies":[{"name":"wp","href":"https:\/\/api.w.org\/{rel}","templated":true}]}}