{"id":11800,"date":"2024-12-20T08:18:21","date_gmt":"2024-12-20T11:18:21","guid":{"rendered":"https:\/\/deputadotaveirajr.com.br\/index.php\/homem-morre-em-acidente-envolvendo-tres-caminhoes-e-um-carro-na-br-304\/"},"modified":"2024-12-20T08:18:21","modified_gmt":"2024-12-20T11:18:21","slug":"homem-morre-em-acidente-envolvendo-tres-caminhoes-e-um-carro-na-br-304","status":"publish","type":"page","link":"https:\/\/deputadotaveirajr.com.br\/index.php\/homem-morre-em-acidente-envolvendo-tres-caminhoes-e-um-carro-na-br-304\/","title":{"rendered":"Homem morre em acidente envolvendo tr\u00eas caminh\u00f5es e um carro na BR-304"},"content":{"rendered":"<p><img decoding=\"async\" src=\"https:\/\/s2-g1.glbimg.com\/O58fIcyurwNP-ipYFoqfv7wYHYU=\/i.s3.glbimg.com\/v1\/AUTH_59edd422c0c84a879bd37670ae4f538a\/internal_photos\/bs\/2024\/c\/2\/Bk6ipKQyqlnyUcGYKPoQ\/caminhao.jpg\" \/><br \/>     Caso aconteceu na noite de quinta-feira (19) em Angicos, na regi\u00e3o Central potiguar.  Acidente entre tr\u00eas caminh\u00f5es e carro de passeio deixa uma pessoa morta na BR-304<br \/>\nUm acidente envolvendo tr\u00eas caminh\u00f5es e um carro de passeio deixou uma pessoa morta na noite de quinta-feira (20) na BR-304 em Angicos, regi\u00e3o Central potiguar.<br \/>\nDois dos caminh\u00f5es tombaram e outro saiu da pista, ap\u00f3s a colis\u00e3o. Segundo a Pol\u00edcia Rodovi\u00e1ria Federal, o caso aconteceu por volta das 21h20 na altura do km 179 da rodovia federal.<br \/>\n\ud83d\udcf3Participe do canal do g1 RN no WhatsApp<br \/>\nNa manh\u00e3 desta sexta-feira (20), o fluxo de ve\u00edculos no trecho ocorre no sistema &#8220;pare e siga&#8221;, com placas orientando os condutores.<br \/>\nUm dos caminh\u00f5es que tombaram durante acidente na BR-304 no RN<br \/>\nReprodu\u00e7\u00e3o<br \/>\nO motorista de um caminh\u00e3o ficou preso \u00e0s ferragens e o Servi\u00e7o de Atendimento M\u00f3vel de Urg\u00eancia (Samu) foi acionado. Por\u00e9m, ao chegar ao local, a equipe de sa\u00fade constatou a morte do homem, que tinha 47 anos.<br \/>\nSegundo a PRF, um dos caminh\u00f5es perdeu o controle e bateu em uma \u00e1rvore. Em seguida, outro caminh\u00e3o colidiu na sua traseira e atingiu caminh\u00e3o que vinha no sentido contr\u00e1rio. O terceiro envolvido, por sua vez, colidiu no carro modelo T-Cross.<br \/>\nAl\u00e9m do \u00f3bito, duas pessoas tiveram ferimentos leves (um em cada um dos outros caminh\u00f5es). Entre os ocupantes do carro, ningu\u00e9m ficou ferido.<br \/>\nVeja os v\u00eddeos mais assistidos no g1 RN<\/p>","protected":false},"excerpt":{"rendered":"<p>Caso aconteceu na noite de quinta-feira (19) em Angicos, na regi\u00e3o Central potiguar. Acidente entre tr\u00eas caminh\u00f5es e carro de passeio deixa uma pessoa morta na BR-304 Um acidente envolvendo &#8230;<\/p>\n","protected":false},"author":0,"featured_media":11801,"parent":0,"menu_order":0,"comment_status":"closed","ping_status":"closed","template":"","meta":{"footnotes":""},"class_list":["post-11800","page","type-page","status-publish","has-post-thumbnail","hentry"],"yoast_head":"<!-- This site is optimized with the Yoast SEO plugin v27.1.1 - https:\/\/yoast.com\/product\/yoast-seo-wordpress\/ -->\n<title>Homem morre em acidente envolvendo tr\u00eas caminh\u00f5es e um carro na BR-304 - Taveira Jr<\/title>\n<meta name=\"robots\" content=\"index, follow, max-snippet:-1, max-image-preview:large, max-video-preview:-1\" \/>\n<link rel=\"canonical\" href=\"https:\/\/deputadotaveirajr.com.br\/index.php\/homem-morre-em-acidente-envolvendo-tres-caminhoes-e-um-carro-na-br-304\/\" \/>\n<meta property=\"og:locale\" content=\"pt_BR\" \/>\n<meta property=\"og:type\" content=\"article\" \/>\n<meta property=\"og:title\" content=\"Homem morre em acidente envolvendo tr\u00eas caminh\u00f5es e um carro na BR-304 - Taveira Jr\" \/>\n<meta property=\"og:description\" content=\"Caso aconteceu na noite de quinta-feira (19) em Angicos, na regi\u00e3o Central potiguar. Acidente entre tr\u00eas caminh\u00f5es e carro de passeio deixa uma pessoa morta na BR-304 Um acidente envolvendo ...\" \/>\n<meta property=\"og:url\" content=\"https:\/\/deputadotaveirajr.com.br\/index.php\/homem-morre-em-acidente-envolvendo-tres-caminhoes-e-um-carro-na-br-304\/\" \/>\n<meta property=\"og:site_name\" content=\"Taveira Jr\" \/>\n<meta property=\"og:image\" content=\"https:\/\/s2-g1.glbimg.com\/O58fIcyurwNP-ipYFoqfv7wYHYU=\/i.s3.glbimg.com\/v1\/AUTH_59edd422c0c84a879bd37670ae4f538a\/internal_photos\/bs\/2024\/c\/2\/Bk6ipKQyqlnyUcGYKPoQ\/caminhao.jpg\" \/>\n<meta name=\"twitter:card\" content=\"summary_large_image\" \/>\n<meta name=\"twitter:label1\" content=\"Est. tempo de leitura\" \/>\n\t<meta name=\"twitter:data1\" content=\"1 minuto\" \/>\n<script type=\"application\/ld+json\" class=\"yoast-schema-graph\">{\"@context\":\"https:\/\/schema.org\",\"@graph\":[{\"@type\":\"WebPage\",\"@id\":\"https:\/\/deputadotaveirajr.com.br\/index.php\/homem-morre-em-acidente-envolvendo-tres-caminhoes-e-um-carro-na-br-304\/\",\"url\":\"https:\/\/deputadotaveirajr.com.br\/index.php\/homem-morre-em-acidente-envolvendo-tres-caminhoes-e-um-carro-na-br-304\/\",\"name\":\"Homem morre em acidente envolvendo tr\u00eas caminh\u00f5es e um carro na BR-304 - Taveira Jr\",\"isPartOf\":{\"@id\":\"https:\/\/deputadotaveirajr.com.br\/#website\"},\"primaryImageOfPage\":{\"@id\":\"https:\/\/deputadotaveirajr.com.br\/index.php\/homem-morre-em-acidente-envolvendo-tres-caminhoes-e-um-carro-na-br-304\/#primaryimage\"},\"image\":{\"@id\":\"https:\/\/deputadotaveirajr.com.br\/index.php\/homem-morre-em-acidente-envolvendo-tres-caminhoes-e-um-carro-na-br-304\/#primaryimage\"},\"thumbnailUrl\":\"https:\/\/deputadotaveirajr.com.br\/wp-content\/uploads\/2024\/12\/caminhao-iHB1A8.jpeg\",\"datePublished\":\"2024-12-20T11:18:21+00:00\",\"breadcrumb\":{\"@id\":\"https:\/\/deputadotaveirajr.com.br\/index.php\/homem-morre-em-acidente-envolvendo-tres-caminhoes-e-um-carro-na-br-304\/#breadcrumb\"},\"inLanguage\":\"pt-BR\",\"potentialAction\":[{\"@type\":\"ReadAction\",\"target\":[\"https:\/\/deputadotaveirajr.com.br\/index.php\/homem-morre-em-acidente-envolvendo-tres-caminhoes-e-um-carro-na-br-304\/\"]}]},{\"@type\":\"ImageObject\",\"inLanguage\":\"pt-BR\",\"@id\":\"https:\/\/deputadotaveirajr.com.br\/index.php\/homem-morre-em-acidente-envolvendo-tres-caminhoes-e-um-carro-na-br-304\/#primaryimage\",\"url\":\"https:\/\/deputadotaveirajr.com.br\/wp-content\/uploads\/2024\/12\/caminhao-iHB1A8.jpeg\",\"contentUrl\":\"https:\/\/deputadotaveirajr.com.br\/wp-content\/uploads\/2024\/12\/caminhao-iHB1A8.jpeg\",\"width\":1000,\"height\":482},{\"@type\":\"BreadcrumbList\",\"@id\":\"https:\/\/deputadotaveirajr.com.br\/index.php\/homem-morre-em-acidente-envolvendo-tres-caminhoes-e-um-carro-na-br-304\/#breadcrumb\",\"itemListElement\":[{\"@type\":\"ListItem\",\"position\":1,\"name\":\"In\u00edcio\",\"item\":\"https:\/\/deputadotaveirajr.com.br\/\"},{\"@type\":\"ListItem\",\"position\":2,\"name\":\"Homem morre em acidente envolvendo tr\u00eas caminh\u00f5es e um carro na BR-304\"}]},{\"@type\":\"WebSite\",\"@id\":\"https:\/\/deputadotaveirajr.com.br\/#website\",\"url\":\"https:\/\/deputadotaveirajr.com.br\/\",\"name\":\"Taveira Jr\",\"description\":\"Deputado Estadual\",\"publisher\":{\"@id\":\"https:\/\/deputadotaveirajr.com.br\/#organization\"},\"potentialAction\":[{\"@type\":\"SearchAction\",\"target\":{\"@type\":\"EntryPoint\",\"urlTemplate\":\"https:\/\/deputadotaveirajr.com.br\/?s={search_term_string}\"},\"query-input\":{\"@type\":\"PropertyValueSpecification\",\"valueRequired\":true,\"valueName\":\"search_term_string\"}}],\"inLanguage\":\"pt-BR\"},{\"@type\":\"Organization\",\"@id\":\"https:\/\/deputadotaveirajr.com.br\/#organization\",\"name\":\"Taveira Jr\",\"url\":\"https:\/\/deputadotaveirajr.com.br\/\",\"logo\":{\"@type\":\"ImageObject\",\"inLanguage\":\"pt-BR\",\"@id\":\"https:\/\/deputadotaveirajr.com.br\/#\/schema\/logo\/image\/\",\"url\":\"https:\/\/deputadotaveirajr.com.br\/wp-content\/uploads\/2026\/01\/logolow2a.png\",\"contentUrl\":\"https:\/\/deputadotaveirajr.com.br\/wp-content\/uploads\/2026\/01\/logolow2a.png\",\"width\":290,\"height\":80,\"caption\":\"Taveira Jr\"},\"image\":{\"@id\":\"https:\/\/deputadotaveirajr.com.br\/#\/schema\/logo\/image\/\"}}]}<\/script>\n<!-- \/ Yoast SEO plugin. -->","yoast_head_json":{"title":"Homem morre em acidente envolvendo tr\u00eas caminh\u00f5es e um carro na BR-304 - Taveira Jr","robots":{"index":"index","follow":"follow","max-snippet":"max-snippet:-1","max-image-preview":"max-image-preview:large","max-video-preview":"max-video-preview:-1"},"canonical":"https:\/\/deputadotaveirajr.com.br\/index.php\/homem-morre-em-acidente-envolvendo-tres-caminhoes-e-um-carro-na-br-304\/","og_locale":"pt_BR","og_type":"article","og_title":"Homem morre em acidente envolvendo tr\u00eas caminh\u00f5es e um carro na BR-304 - Taveira Jr","og_description":"Caso aconteceu na noite de quinta-feira (19) em Angicos, na regi\u00e3o Central potiguar. Acidente entre tr\u00eas caminh\u00f5es e carro de passeio deixa uma pessoa morta na BR-304 Um acidente envolvendo ...","og_url":"https:\/\/deputadotaveirajr.com.br\/index.php\/homem-morre-em-acidente-envolvendo-tres-caminhoes-e-um-carro-na-br-304\/","og_site_name":"Taveira Jr","og_image":[{"url":"https:\/\/s2-g1.glbimg.com\/O58fIcyurwNP-ipYFoqfv7wYHYU=\/i.s3.glbimg.com\/v1\/AUTH_59edd422c0c84a879bd37670ae4f538a\/internal_photos\/bs\/2024\/c\/2\/Bk6ipKQyqlnyUcGYKPoQ\/caminhao.jpg","type":"","width":"","height":""}],"twitter_card":"summary_large_image","twitter_misc":{"Est. tempo de leitura":"1 minuto"},"schema":{"@context":"https:\/\/schema.org","@graph":[{"@type":"WebPage","@id":"https:\/\/deputadotaveirajr.com.br\/index.php\/homem-morre-em-acidente-envolvendo-tres-caminhoes-e-um-carro-na-br-304\/","url":"https:\/\/deputadotaveirajr.com.br\/index.php\/homem-morre-em-acidente-envolvendo-tres-caminhoes-e-um-carro-na-br-304\/","name":"Homem morre em acidente envolvendo tr\u00eas caminh\u00f5es e um carro na BR-304 - Taveira Jr","isPartOf":{"@id":"https:\/\/deputadotaveirajr.com.br\/#website"},"primaryImageOfPage":{"@id":"https:\/\/deputadotaveirajr.com.br\/index.php\/homem-morre-em-acidente-envolvendo-tres-caminhoes-e-um-carro-na-br-304\/#primaryimage"},"image":{"@id":"https:\/\/deputadotaveirajr.com.br\/index.php\/homem-morre-em-acidente-envolvendo-tres-caminhoes-e-um-carro-na-br-304\/#primaryimage"},"thumbnailUrl":"https:\/\/deputadotaveirajr.com.br\/wp-content\/uploads\/2024\/12\/caminhao-iHB1A8.jpeg","datePublished":"2024-12-20T11:18:21+00:00","breadcrumb":{"@id":"https:\/\/deputadotaveirajr.com.br\/index.php\/homem-morre-em-acidente-envolvendo-tres-caminhoes-e-um-carro-na-br-304\/#breadcrumb"},"inLanguage":"pt-BR","potentialAction":[{"@type":"ReadAction","target":["https:\/\/deputadotaveirajr.com.br\/index.php\/homem-morre-em-acidente-envolvendo-tres-caminhoes-e-um-carro-na-br-304\/"]}]},{"@type":"ImageObject","inLanguage":"pt-BR","@id":"https:\/\/deputadotaveirajr.com.br\/index.php\/homem-morre-em-acidente-envolvendo-tres-caminhoes-e-um-carro-na-br-304\/#primaryimage","url":"https:\/\/deputadotaveirajr.com.br\/wp-content\/uploads\/2024\/12\/caminhao-iHB1A8.jpeg","contentUrl":"https:\/\/deputadotaveirajr.com.br\/wp-content\/uploads\/2024\/12\/caminhao-iHB1A8.jpeg","width":1000,"height":482},{"@type":"BreadcrumbList","@id":"https:\/\/deputadotaveirajr.com.br\/index.php\/homem-morre-em-acidente-envolvendo-tres-caminhoes-e-um-carro-na-br-304\/#breadcrumb","itemListElement":[{"@type":"ListItem","position":1,"name":"In\u00edcio","item":"https:\/\/deputadotaveirajr.com.br\/"},{"@type":"ListItem","position":2,"name":"Homem morre em acidente envolvendo tr\u00eas caminh\u00f5es e um carro na BR-304"}]},{"@type":"WebSite","@id":"https:\/\/deputadotaveirajr.com.br\/#website","url":"https:\/\/deputadotaveirajr.com.br\/","name":"Taveira Jr","description":"Deputado Estadual","publisher":{"@id":"https:\/\/deputadotaveirajr.com.br\/#organization"},"potentialAction":[{"@type":"SearchAction","target":{"@type":"EntryPoint","urlTemplate":"https:\/\/deputadotaveirajr.com.br\/?s={search_term_string}"},"query-input":{"@type":"PropertyValueSpecification","valueRequired":true,"valueName":"search_term_string"}}],"inLanguage":"pt-BR"},{"@type":"Organization","@id":"https:\/\/deputadotaveirajr.com.br\/#organization","name":"Taveira Jr","url":"https:\/\/deputadotaveirajr.com.br\/","logo":{"@type":"ImageObject","inLanguage":"pt-BR","@id":"https:\/\/deputadotaveirajr.com.br\/#\/schema\/logo\/image\/","url":"https:\/\/deputadotaveirajr.com.br\/wp-content\/uploads\/2026\/01\/logolow2a.png","contentUrl":"https:\/\/deputadotaveirajr.com.br\/wp-content\/uploads\/2026\/01\/logolow2a.png","width":290,"height":80,"caption":"Taveira Jr"},"image":{"@id":"https:\/\/deputadotaveirajr.com.br\/#\/schema\/logo\/image\/"}}]}},"_links":{"self":[{"href":"https:\/\/deputadotaveirajr.com.br\/index.php\/wp-json\/wp\/v2\/pages\/11800","targetHints":{"allow":["GET"]}}],"collection":[{"href":"https:\/\/deputadotaveirajr.com.br\/index.php\/wp-json\/wp\/v2\/pages"}],"about":[{"href":"https:\/\/deputadotaveirajr.com.br\/index.php\/wp-json\/wp\/v2\/types\/page"}],"replies":[{"embeddable":true,"href":"https:\/\/deputadotaveirajr.com.br\/index.php\/wp-json\/wp\/v2\/comments?post=11800"}],"version-history":[{"count":0,"href":"https:\/\/deputadotaveirajr.com.br\/index.php\/wp-json\/wp\/v2\/pages\/11800\/revisions"}],"wp:featuredmedia":[{"embeddable":true,"href":"https:\/\/deputadotaveirajr.com.br\/index.php\/wp-json\/wp\/v2\/media\/11801"}],"wp:attachment":[{"href":"https:\/\/deputadotaveirajr.com.br\/index.php\/wp-json\/wp\/v2\/media?parent=11800"}],"curies":[{"name":"wp","href":"https:\/\/api.w.org\/{rel}","templated":true}]}}