{"id":11804,"date":"2024-12-19T20:10:09","date_gmt":"2024-12-19T23:10:09","guid":{"rendered":"https:\/\/deputadotaveirajr.com.br\/index.php\/vereadores-aprovam-projeto-de-lei-que-altera-cobranca-do-iptu-em-tibau-do-sul-mudanca-divide-opinioes\/"},"modified":"2024-12-19T20:10:09","modified_gmt":"2024-12-19T23:10:09","slug":"vereadores-aprovam-projeto-de-lei-que-altera-cobranca-do-iptu-em-tibau-do-sul-mudanca-divide-opinioes","status":"publish","type":"page","link":"https:\/\/deputadotaveirajr.com.br\/index.php\/vereadores-aprovam-projeto-de-lei-que-altera-cobranca-do-iptu-em-tibau-do-sul-mudanca-divide-opinioes\/","title":{"rendered":"Vereadores aprovam projeto de lei que altera cobran\u00e7a do IPTU em Tibau do Sul; mudan\u00e7a divide opini\u00f5es"},"content":{"rendered":"<p><img decoding=\"async\" src=\"https:\/\/s2-g1.glbimg.com\/E5bIru9mlB9cefcfHWAEbwd2qJw=\/i.s3.glbimg.com\/v1\/AUTH_59edd422c0c84a879bd37670ae4f538a\/internal_photos\/bs\/2024\/C\/S\/AIJS15RDOh5UifbNeVBg\/whatsapp-image-2024-12-19-at-11.19.14.jpeg\" \/><br \/>     Projeto que muda o C\u00f3digo Tribut\u00e1rio da cidade pode encarecer em at\u00e9 10 vezes o valor atual do imposto. Popula\u00e7\u00e3o, setor hoteleiro e vereadores dividem opini\u00f5es sobre mudan\u00e7a. C\u00e2mara Municipal de Tibau do Sul: projeto de aumento de impostos municipais foi aprovado<br \/>\nS\u00e9rgio Henrique Santos\/Inter TV Cabugi<br \/>\nOs vereadores de Tibau do Sul aprovaram nesta quinta-feira (19), em sess\u00e3o extraordin\u00e1ria, um projeto de lei que reajusta impostos municipais, entre eles o Imposto sobre a Propriedade Predial e Territorial Urbana (IPTU).<br \/>\nSegundo o projeto, o Munic\u00edpio passa a utilizar os valores do mercado imobili\u00e1rio para calcular o IPTU, o que pode aumentar em at\u00e9 10 vezes o valor atual do imposto.<br \/>\n\ud83d\udcf3 Participe do canal do g1 RN no WhatsApp<br \/>\nO tema dividiu, al\u00e9m de vereadores, a popula\u00e7\u00e3o da cidade &#8211; que lotou a C\u00e2mara -, e empres\u00e1rios, que tamb\u00e9m compareceram \u00e0 sess\u00e3o. O policiamento foi refor\u00e7ado no pr\u00e9dio e no entorno.<br \/>\nA mat\u00e9ria foi aprovada com 7 votos a favor e 2 contra.  O pr\u00f3ximo passo \u00e9 o projeto de lei seguir para a san\u00e7\u00e3o &#8211; ou veto total ou parcial &#8211; do prefeito Valden\u00edcio Costa (PL).<br \/>\nO projeto aprovado altera o C\u00f3digo Tribut\u00e1rio de Tibau do Sul. Para impostos como o IPTU, passa a ser adotada a avalia\u00e7\u00e3o individual como m\u00e9todo para determinar o valor venal dos im\u00f3veis, passando a ser utilizado os valores do mercado imobili\u00e1rio para calcular o imposto.<br \/>\nO novo C\u00f3digo Tribut\u00e1rio tamb\u00e9m prev\u00ea mudan\u00e7as em outras taxas municipais, como taxa de fiscaliza\u00e7\u00e3o e an\u00fancios de publicidade, servi\u00e7os diversos, certid\u00f5es e licenciamentos.  Algumas podem ter aumento de at\u00e9 250%.<br \/>\nSegundo representantes da prefeitura, as mudan\u00e7as s\u00f3 afetam transa\u00e7\u00f5es de compra e venda de im\u00f3veis.<br \/>\n&#8220;Em termos gerais, pra coletividade, n\u00e3o vai ter um grande alcance, porque se voc\u00ea tem um im\u00f3vel, se tem uma casa, um terreno, que \u00e9 seu e voc\u00ea n\u00e3o passou por um processo de transfer\u00eancia, ou seja, pagamento de ITIV [Imposto sobre Transmiss\u00e3o Inter Vivos de Bens Im\u00f3veis], ele vai continuar do mesmo jeito&#8221;, explicou a secret\u00e1ria interina de tributa\u00e7\u00e3o de Tibau do Sul, Veni Mac\u00eado.<br \/>\n&#8220;N\u00f3s apenas vamos corrigir nas situa\u00e7\u00f5es de im\u00f3veis residenciais, comerciais, que sejam com constru\u00e7\u00e3o e tamb\u00e9m terrenos que tenham passado por processo de compra e venda&#8221;.<br \/>\nO procurador-geral de Tibau do Sul, Wellington Virg\u00ednio, disse que o projeto seguiu como exemplo um implantado em Natal em 2017. &#8220;A reda\u00e7\u00e3o \u00e9 a mesma. Parnamirim da mesma forma. A gente estava com a legisla\u00e7\u00e3o atrasada&#8221;, falou.<br \/>\nAprovac\u0327a\u0303o de aumento no valor de IPTU causa pole\u0302mica em Tibau do Sul, RN<br \/>\nVereadores discordam de projeto<br \/>\nO vereador Ant\u00f4nio Henrique (MDB) foi um dos que votou contra o projeto de lei na C\u00e2mara Municipal. Para ele, o aumento de impostos n\u00e3o \u00e9 positivo para a popula\u00e7\u00e3o.<br \/>\n&#8220;Aumento de imposto nunca \u00e9 bom pra popula\u00e7\u00e3o. Ent\u00e3o toda vez que tem aumento de imposto prejudica a classe produtiva do Munic\u00edpio&#8221;, explicou.<br \/>\nO vereador eleito para assumir a partir de 2025 \u00cdtalo Caetano (Republicanos) tamb\u00e9m criticou o projeto de lei complementar. Para ele, o reajuste pode afetar o turismo na regi\u00e3o.<br \/>\n&#8220;N\u00f3s sobrevivemos do turismo. Ent\u00e3o, a partir do momento que voc\u00ea aumenta o IPTU de maneira absurda, voc\u00ea aumenta o aluguel do im\u00f3vel para eventos. Por exemplo, o IPTU aumentou, o dono do im\u00f3vel vai e aumenta o aluguel. E isso afugenta eventos da nossa cidade&#8221;, acredita.<br \/>\nEmpres\u00e1rios<br \/>\nRepresentantes dos setores hoteleiro e de turismo temem que a aprova\u00e7\u00e3o do projeto prejudique o setor em Tibau do Sul.<br \/>\n&#8221; Criaram obst\u00e1culo para o setor hoteleiro, principalmente  porque tem um passivo muito grande em termos de imobili\u00e1rio e faz com que o custo aumente e voc\u00ea n\u00e3o consiga repassar, esse custo para a di\u00e1ria m\u00e9dia, e isso inviabiliza a atividade econ\u00f4mica&#8221;, alegou Jos\u00e9 Od\u00e9cio, vice-presidente da Associa\u00e7\u00e3o Brasileira da Ind\u00fastria de Hot\u00e9is do RN (ABIH-RN).<br \/>\n&#8220;Infelizmente foi aprovado. A popula\u00e7\u00e3o vai sofrer, n\u00e3o adianta, de A a Z. Muitos empregos v\u00e3o ser perdidos, \u00e9 inevit\u00e1vel. Agora \u00e9 a gente lamber as feridas e tentar achar uma nova solu\u00e7\u00e3o&#8221;, disse o presidente da Associa\u00e7\u00e3o de Hoteleiros de Tibau do Sul, Wanderson Borges.<br \/>\nV\u00eddeos mais assistidos do g1 RN<\/p>","protected":false},"excerpt":{"rendered":"<p>Projeto que muda o C\u00f3digo Tribut\u00e1rio da cidade pode encarecer em at\u00e9 10 vezes o valor atual do imposto. Popula\u00e7\u00e3o, setor hoteleiro e vereadores dividem opini\u00f5es sobre mudan\u00e7a. C\u00e2mara Municipal &#8230;<\/p>\n","protected":false},"author":0,"featured_media":11805,"parent":0,"menu_order":0,"comment_status":"closed","ping_status":"closed","template":"","meta":{"footnotes":""},"class_list":["post-11804","page","type-page","status-publish","has-post-thumbnail","hentry"],"yoast_head":"<!-- This site is optimized with the Yoast SEO plugin v27.1.1 - https:\/\/yoast.com\/product\/yoast-seo-wordpress\/ -->\n<title>Vereadores aprovam projeto de lei que altera cobran\u00e7a do IPTU em Tibau do Sul; mudan\u00e7a divide opini\u00f5es - Taveira Jr<\/title>\n<meta name=\"robots\" content=\"index, follow, max-snippet:-1, max-image-preview:large, max-video-preview:-1\" \/>\n<link rel=\"canonical\" href=\"https:\/\/deputadotaveirajr.com.br\/index.php\/vereadores-aprovam-projeto-de-lei-que-altera-cobranca-do-iptu-em-tibau-do-sul-mudanca-divide-opinioes\/\" \/>\n<meta property=\"og:locale\" content=\"pt_BR\" \/>\n<meta property=\"og:type\" content=\"article\" \/>\n<meta property=\"og:title\" content=\"Vereadores aprovam projeto de lei que altera cobran\u00e7a do IPTU em Tibau do Sul; mudan\u00e7a divide opini\u00f5es - Taveira Jr\" \/>\n<meta property=\"og:description\" content=\"Projeto que muda o C\u00f3digo Tribut\u00e1rio da cidade pode encarecer em at\u00e9 10 vezes o valor atual do imposto. Popula\u00e7\u00e3o, setor hoteleiro e vereadores dividem opini\u00f5es sobre mudan\u00e7a. C\u00e2mara Municipal ...\" \/>\n<meta property=\"og:url\" content=\"https:\/\/deputadotaveirajr.com.br\/index.php\/vereadores-aprovam-projeto-de-lei-que-altera-cobranca-do-iptu-em-tibau-do-sul-mudanca-divide-opinioes\/\" \/>\n<meta property=\"og:site_name\" content=\"Taveira Jr\" \/>\n<meta property=\"og:image\" content=\"https:\/\/s2-g1.glbimg.com\/E5bIru9mlB9cefcfHWAEbwd2qJw=\/i.s3.glbimg.com\/v1\/AUTH_59edd422c0c84a879bd37670ae4f538a\/internal_photos\/bs\/2024\/C\/S\/AIJS15RDOh5UifbNeVBg\/whatsapp-image-2024-12-19-at-11.19.14.jpeg\" \/>\n<meta name=\"twitter:card\" content=\"summary_large_image\" \/>\n<meta name=\"twitter:label1\" content=\"Est. tempo de leitura\" \/>\n\t<meta name=\"twitter:data1\" content=\"4 minutos\" \/>\n<script type=\"application\/ld+json\" class=\"yoast-schema-graph\">{\"@context\":\"https:\/\/schema.org\",\"@graph\":[{\"@type\":\"WebPage\",\"@id\":\"https:\/\/deputadotaveirajr.com.br\/index.php\/vereadores-aprovam-projeto-de-lei-que-altera-cobranca-do-iptu-em-tibau-do-sul-mudanca-divide-opinioes\/\",\"url\":\"https:\/\/deputadotaveirajr.com.br\/index.php\/vereadores-aprovam-projeto-de-lei-que-altera-cobranca-do-iptu-em-tibau-do-sul-mudanca-divide-opinioes\/\",\"name\":\"Vereadores aprovam projeto de lei que altera cobran\u00e7a do IPTU em Tibau do Sul; mudan\u00e7a divide opini\u00f5es - Taveira Jr\",\"isPartOf\":{\"@id\":\"https:\/\/deputadotaveirajr.com.br\/#website\"},\"primaryImageOfPage\":{\"@id\":\"https:\/\/deputadotaveirajr.com.br\/index.php\/vereadores-aprovam-projeto-de-lei-que-altera-cobranca-do-iptu-em-tibau-do-sul-mudanca-divide-opinioes\/#primaryimage\"},\"image\":{\"@id\":\"https:\/\/deputadotaveirajr.com.br\/index.php\/vereadores-aprovam-projeto-de-lei-que-altera-cobranca-do-iptu-em-tibau-do-sul-mudanca-divide-opinioes\/#primaryimage\"},\"thumbnailUrl\":\"https:\/\/deputadotaveirajr.com.br\/wp-content\/uploads\/2024\/12\/whatsapp-image-2024-12-19-at-11.19.14-KYCDVv-scaled.jpeg\",\"datePublished\":\"2024-12-19T23:10:09+00:00\",\"breadcrumb\":{\"@id\":\"https:\/\/deputadotaveirajr.com.br\/index.php\/vereadores-aprovam-projeto-de-lei-que-altera-cobranca-do-iptu-em-tibau-do-sul-mudanca-divide-opinioes\/#breadcrumb\"},\"inLanguage\":\"pt-BR\",\"potentialAction\":[{\"@type\":\"ReadAction\",\"target\":[\"https:\/\/deputadotaveirajr.com.br\/index.php\/vereadores-aprovam-projeto-de-lei-que-altera-cobranca-do-iptu-em-tibau-do-sul-mudanca-divide-opinioes\/\"]}]},{\"@type\":\"ImageObject\",\"inLanguage\":\"pt-BR\",\"@id\":\"https:\/\/deputadotaveirajr.com.br\/index.php\/vereadores-aprovam-projeto-de-lei-que-altera-cobranca-do-iptu-em-tibau-do-sul-mudanca-divide-opinioes\/#primaryimage\",\"url\":\"https:\/\/deputadotaveirajr.com.br\/wp-content\/uploads\/2024\/12\/whatsapp-image-2024-12-19-at-11.19.14-KYCDVv-scaled.jpeg\",\"contentUrl\":\"https:\/\/deputadotaveirajr.com.br\/wp-content\/uploads\/2024\/12\/whatsapp-image-2024-12-19-at-11.19.14-KYCDVv-scaled.jpeg\",\"width\":2560,\"height\":1920},{\"@type\":\"BreadcrumbList\",\"@id\":\"https:\/\/deputadotaveirajr.com.br\/index.php\/vereadores-aprovam-projeto-de-lei-que-altera-cobranca-do-iptu-em-tibau-do-sul-mudanca-divide-opinioes\/#breadcrumb\",\"itemListElement\":[{\"@type\":\"ListItem\",\"position\":1,\"name\":\"In\u00edcio\",\"item\":\"https:\/\/deputadotaveirajr.com.br\/\"},{\"@type\":\"ListItem\",\"position\":2,\"name\":\"Vereadores aprovam projeto de lei que altera cobran\u00e7a do IPTU em Tibau do Sul; mudan\u00e7a divide opini\u00f5es\"}]},{\"@type\":\"WebSite\",\"@id\":\"https:\/\/deputadotaveirajr.com.br\/#website\",\"url\":\"https:\/\/deputadotaveirajr.com.br\/\",\"name\":\"Taveira Jr\",\"description\":\"Deputado Estadual\",\"publisher\":{\"@id\":\"https:\/\/deputadotaveirajr.com.br\/#organization\"},\"potentialAction\":[{\"@type\":\"SearchAction\",\"target\":{\"@type\":\"EntryPoint\",\"urlTemplate\":\"https:\/\/deputadotaveirajr.com.br\/?s={search_term_string}\"},\"query-input\":{\"@type\":\"PropertyValueSpecification\",\"valueRequired\":true,\"valueName\":\"search_term_string\"}}],\"inLanguage\":\"pt-BR\"},{\"@type\":\"Organization\",\"@id\":\"https:\/\/deputadotaveirajr.com.br\/#organization\",\"name\":\"Taveira Jr\",\"url\":\"https:\/\/deputadotaveirajr.com.br\/\",\"logo\":{\"@type\":\"ImageObject\",\"inLanguage\":\"pt-BR\",\"@id\":\"https:\/\/deputadotaveirajr.com.br\/#\/schema\/logo\/image\/\",\"url\":\"https:\/\/deputadotaveirajr.com.br\/wp-content\/uploads\/2026\/01\/logolow2a.png\",\"contentUrl\":\"https:\/\/deputadotaveirajr.com.br\/wp-content\/uploads\/2026\/01\/logolow2a.png\",\"width\":290,\"height\":80,\"caption\":\"Taveira Jr\"},\"image\":{\"@id\":\"https:\/\/deputadotaveirajr.com.br\/#\/schema\/logo\/image\/\"}}]}<\/script>\n<!-- \/ Yoast SEO plugin. -->","yoast_head_json":{"title":"Vereadores aprovam projeto de lei que altera cobran\u00e7a do IPTU em Tibau do Sul; mudan\u00e7a divide opini\u00f5es - Taveira Jr","robots":{"index":"index","follow":"follow","max-snippet":"max-snippet:-1","max-image-preview":"max-image-preview:large","max-video-preview":"max-video-preview:-1"},"canonical":"https:\/\/deputadotaveirajr.com.br\/index.php\/vereadores-aprovam-projeto-de-lei-que-altera-cobranca-do-iptu-em-tibau-do-sul-mudanca-divide-opinioes\/","og_locale":"pt_BR","og_type":"article","og_title":"Vereadores aprovam projeto de lei que altera cobran\u00e7a do IPTU em Tibau do Sul; mudan\u00e7a divide opini\u00f5es - Taveira Jr","og_description":"Projeto que muda o C\u00f3digo Tribut\u00e1rio da cidade pode encarecer em at\u00e9 10 vezes o valor atual do imposto. Popula\u00e7\u00e3o, setor hoteleiro e vereadores dividem opini\u00f5es sobre mudan\u00e7a. C\u00e2mara Municipal ...","og_url":"https:\/\/deputadotaveirajr.com.br\/index.php\/vereadores-aprovam-projeto-de-lei-que-altera-cobranca-do-iptu-em-tibau-do-sul-mudanca-divide-opinioes\/","og_site_name":"Taveira Jr","og_image":[{"url":"https:\/\/s2-g1.glbimg.com\/E5bIru9mlB9cefcfHWAEbwd2qJw=\/i.s3.glbimg.com\/v1\/AUTH_59edd422c0c84a879bd37670ae4f538a\/internal_photos\/bs\/2024\/C\/S\/AIJS15RDOh5UifbNeVBg\/whatsapp-image-2024-12-19-at-11.19.14.jpeg","type":"","width":"","height":""}],"twitter_card":"summary_large_image","twitter_misc":{"Est. tempo de leitura":"4 minutos"},"schema":{"@context":"https:\/\/schema.org","@graph":[{"@type":"WebPage","@id":"https:\/\/deputadotaveirajr.com.br\/index.php\/vereadores-aprovam-projeto-de-lei-que-altera-cobranca-do-iptu-em-tibau-do-sul-mudanca-divide-opinioes\/","url":"https:\/\/deputadotaveirajr.com.br\/index.php\/vereadores-aprovam-projeto-de-lei-que-altera-cobranca-do-iptu-em-tibau-do-sul-mudanca-divide-opinioes\/","name":"Vereadores aprovam projeto de lei que altera cobran\u00e7a do IPTU em Tibau do Sul; mudan\u00e7a divide opini\u00f5es - Taveira Jr","isPartOf":{"@id":"https:\/\/deputadotaveirajr.com.br\/#website"},"primaryImageOfPage":{"@id":"https:\/\/deputadotaveirajr.com.br\/index.php\/vereadores-aprovam-projeto-de-lei-que-altera-cobranca-do-iptu-em-tibau-do-sul-mudanca-divide-opinioes\/#primaryimage"},"image":{"@id":"https:\/\/deputadotaveirajr.com.br\/index.php\/vereadores-aprovam-projeto-de-lei-que-altera-cobranca-do-iptu-em-tibau-do-sul-mudanca-divide-opinioes\/#primaryimage"},"thumbnailUrl":"https:\/\/deputadotaveirajr.com.br\/wp-content\/uploads\/2024\/12\/whatsapp-image-2024-12-19-at-11.19.14-KYCDVv-scaled.jpeg","datePublished":"2024-12-19T23:10:09+00:00","breadcrumb":{"@id":"https:\/\/deputadotaveirajr.com.br\/index.php\/vereadores-aprovam-projeto-de-lei-que-altera-cobranca-do-iptu-em-tibau-do-sul-mudanca-divide-opinioes\/#breadcrumb"},"inLanguage":"pt-BR","potentialAction":[{"@type":"ReadAction","target":["https:\/\/deputadotaveirajr.com.br\/index.php\/vereadores-aprovam-projeto-de-lei-que-altera-cobranca-do-iptu-em-tibau-do-sul-mudanca-divide-opinioes\/"]}]},{"@type":"ImageObject","inLanguage":"pt-BR","@id":"https:\/\/deputadotaveirajr.com.br\/index.php\/vereadores-aprovam-projeto-de-lei-que-altera-cobranca-do-iptu-em-tibau-do-sul-mudanca-divide-opinioes\/#primaryimage","url":"https:\/\/deputadotaveirajr.com.br\/wp-content\/uploads\/2024\/12\/whatsapp-image-2024-12-19-at-11.19.14-KYCDVv-scaled.jpeg","contentUrl":"https:\/\/deputadotaveirajr.com.br\/wp-content\/uploads\/2024\/12\/whatsapp-image-2024-12-19-at-11.19.14-KYCDVv-scaled.jpeg","width":2560,"height":1920},{"@type":"BreadcrumbList","@id":"https:\/\/deputadotaveirajr.com.br\/index.php\/vereadores-aprovam-projeto-de-lei-que-altera-cobranca-do-iptu-em-tibau-do-sul-mudanca-divide-opinioes\/#breadcrumb","itemListElement":[{"@type":"ListItem","position":1,"name":"In\u00edcio","item":"https:\/\/deputadotaveirajr.com.br\/"},{"@type":"ListItem","position":2,"name":"Vereadores aprovam projeto de lei que altera cobran\u00e7a do IPTU em Tibau do Sul; mudan\u00e7a divide opini\u00f5es"}]},{"@type":"WebSite","@id":"https:\/\/deputadotaveirajr.com.br\/#website","url":"https:\/\/deputadotaveirajr.com.br\/","name":"Taveira Jr","description":"Deputado Estadual","publisher":{"@id":"https:\/\/deputadotaveirajr.com.br\/#organization"},"potentialAction":[{"@type":"SearchAction","target":{"@type":"EntryPoint","urlTemplate":"https:\/\/deputadotaveirajr.com.br\/?s={search_term_string}"},"query-input":{"@type":"PropertyValueSpecification","valueRequired":true,"valueName":"search_term_string"}}],"inLanguage":"pt-BR"},{"@type":"Organization","@id":"https:\/\/deputadotaveirajr.com.br\/#organization","name":"Taveira Jr","url":"https:\/\/deputadotaveirajr.com.br\/","logo":{"@type":"ImageObject","inLanguage":"pt-BR","@id":"https:\/\/deputadotaveirajr.com.br\/#\/schema\/logo\/image\/","url":"https:\/\/deputadotaveirajr.com.br\/wp-content\/uploads\/2026\/01\/logolow2a.png","contentUrl":"https:\/\/deputadotaveirajr.com.br\/wp-content\/uploads\/2026\/01\/logolow2a.png","width":290,"height":80,"caption":"Taveira Jr"},"image":{"@id":"https:\/\/deputadotaveirajr.com.br\/#\/schema\/logo\/image\/"}}]}},"_links":{"self":[{"href":"https:\/\/deputadotaveirajr.com.br\/index.php\/wp-json\/wp\/v2\/pages\/11804","targetHints":{"allow":["GET"]}}],"collection":[{"href":"https:\/\/deputadotaveirajr.com.br\/index.php\/wp-json\/wp\/v2\/pages"}],"about":[{"href":"https:\/\/deputadotaveirajr.com.br\/index.php\/wp-json\/wp\/v2\/types\/page"}],"replies":[{"embeddable":true,"href":"https:\/\/deputadotaveirajr.com.br\/index.php\/wp-json\/wp\/v2\/comments?post=11804"}],"version-history":[{"count":0,"href":"https:\/\/deputadotaveirajr.com.br\/index.php\/wp-json\/wp\/v2\/pages\/11804\/revisions"}],"wp:featuredmedia":[{"embeddable":true,"href":"https:\/\/deputadotaveirajr.com.br\/index.php\/wp-json\/wp\/v2\/media\/11805"}],"wp:attachment":[{"href":"https:\/\/deputadotaveirajr.com.br\/index.php\/wp-json\/wp\/v2\/media?parent=11804"}],"curies":[{"name":"wp","href":"https:\/\/api.w.org\/{rel}","templated":true}]}}