{"id":11822,"date":"2024-12-20T16:09:31","date_gmt":"2024-12-20T19:09:31","guid":{"rendered":"https:\/\/deputadotaveirajr.com.br\/index.php\/trecho-da-prudente-de-morais-sera-interditado-durante-o-natal-em-natal-veja-mudancas\/"},"modified":"2024-12-20T16:09:31","modified_gmt":"2024-12-20T19:09:31","slug":"trecho-da-prudente-de-morais-sera-interditado-durante-o-natal-em-natal-veja-mudancas","status":"publish","type":"page","link":"https:\/\/deputadotaveirajr.com.br\/index.php\/trecho-da-prudente-de-morais-sera-interditado-durante-o-natal-em-natal-veja-mudancas\/","title":{"rendered":"Trecho da Prudente de Morais ser\u00e1 interditado durante o Natal em Natal; veja mudan\u00e7as"},"content":{"rendered":"<p><img decoding=\"async\" src=\"https:\/\/s2-g1.glbimg.com\/PezPuxmsS659i-JZ_rdeKRdparw=\/i.s3.glbimg.com\/v1\/AUTH_59edd422c0c84a879bd37670ae4f538a\/internal_photos\/bs\/2024\/V\/W\/wCDYOAR22Leuh2MtRmfQ\/whatsapp-image-2024-12-20-at-10.23.15.jpeg\" \/><br \/>     Bloqueio altera tr\u00e2nsito e itiner\u00e1rios de \u00f4nibus nos dias 20, 21 e 22 de dezembro. Shows do Natal em Natal alteram tra\u0302nsito em regio\u0303es da capital<br \/>\nUm trecho da avenida Prudente de Morais, entre as ruas Mipibu e Potengi, ser\u00e1 interditado em raz\u00e3o das atividades do Natal em Natal. De acordo com a Secretaria de Mobilidade Urbana (STTU), o bloqueio ocorrer\u00e1 nos dias 20, 21 e 22 de dezembro.<br \/>\nOs shows do evento come\u00e7am nesta sexta (20), e a interdi\u00e7\u00e3o tamb\u00e9m inclui a montagem do palco e estrutura do evento, com o bloqueio ao tr\u00e1fego de ve\u00edculos a partir das 16h.<br \/>\nToda a \u00e1rea da Pra\u00e7a C\u00edvica, onde ocorrer\u00e3o os shows, ser\u00e1 fechada para acesso do p\u00fablico. O palco foi montado em frente ao Pal\u00e1cio dos Esportes. O evento contar\u00e1 com bares, pra\u00e7a de alimenta\u00e7\u00e3o e banheiros qu\u00edmicos.<br \/>\nDe acordo com a prefeitura, 150 vendedores ambulantes foram cadastrados para comercializar bebidas e alimentos no local. A entrada \u00e9 gratuita, mas haver\u00e1 revista nos acessos para evitar a entrada de itens como garrafas de vidro.<br \/>\nO  chefe de fiscaliza\u00e7\u00e3o da Secretaria Municipal de Servi\u00e7os Urbanos (Semsur), Carlos Falc\u00e3o explicou sobre o funcionamento do com\u00e9rcio com os ambulantes.<br \/>\n&#8220;Distribu\u00edmos os vendedores entre as ruas Potengi e Trairi, com cadastro e pagamento de uma taxa. Estamos presentes desde o in\u00edcio do evento para garantir que apenas os cadastrados estejam autorizados a comercializar&#8221;, disse.<br \/>\nCarlos Eug\u00eanio, inspetor-chefe da STTU, detalhou o esquema de tr\u00e2nsito. &#8220;Mais de 15 linhas sofrem altera\u00e7\u00f5es no entorno da Pra\u00e7a C\u00edvica durante os tr\u00eas dias de evento. Os bloqueios come\u00e7am \u00e0s 16h, e as linhas desviam pela avenida Afonso Pena, retornando ao itiner\u00e1rio normal ap\u00f3s os desvios&#8221;, explicou.<br \/>\nTrecho da Prudente de Morais ser\u00e1 interditado<br \/>\nS\u00e9rgio Henrique Santos\/Inter TV Cabugi<br \/>\nLinhas de \u00f4nibus<br \/>\nCom a interdi\u00e7\u00e3o, as linhas de \u00f4nibus que circulam pela regi\u00e3o ter\u00e3o seus itiner\u00e1rios alterados. No sentido avenida Hermes da Fonseca, as linhas O-33A, L-37, O-39, L-46, L-51 e L-56 passar\u00e3o pela rua Mossor\u00f3 e avenida Afonso Pena antes de retomarem seus trajetos normais. No sentido Rocas, os ve\u00edculos seguir\u00e3o pela rua Dr. Manoel Dantas para acessar a avenida Deodoro da Fonseca.<br \/>\nAs linhas N-05, O-22, N-15, N-61, N-64, N-70 e N-84 tamb\u00e9m ter\u00e3o altera\u00e7\u00f5es. No sentido Petr\u00f3polis, o percurso ser\u00e1 realizado pela avenida Afonso Pena e rua Coronel Joaquim Manoel. No sentido terminal, os itiner\u00e1rios permanecer\u00e3o inalterados.<br \/>\nNo sentido Ribeira, as linhas O-24 e O-41A seguir\u00e3o pela rua Mossor\u00f3, avenida Afonso Pena e rua Coronel Joaquim Manoel, retomando seus trajetos na General Gustavo Cordeiro de Farias. No sentido Planalto, n\u00e3o haver\u00e1 mudan\u00e7as nos itiner\u00e1rios.<br \/>\nA linha O-33, no sentido M\u00e3e Lu\u00edza, circular\u00e1 pelas ruas Mossor\u00f3, Afonso Pena, Coronel Joaquim Manoel e General Gustavo Cordeiro de Farias antes de retomar seu trajeto tradicional. No sentido Planalto, o percurso incluir\u00e1 as ruas Dr. Manoel Dantas, Deodoro da Fonseca e Jundia\u00ed.<br \/>\nA linha N-35, no sentido Candel\u00e1ria, seguir\u00e1 pela rua Ulisses Caldas at\u00e9 a Prudente de Morais, onde retomar\u00e1 o itiner\u00e1rio habitual. No sentido Soledade, o trajeto ser\u00e1 feito pelas ruas Mossor\u00f3 e Campos, retornando \u00e0 rota normal a partir da rua Apodi.<br \/>\nPara facilitar o deslocamento do p\u00fablico, o hor\u00e1rio das linhas de \u00f4nibus foi estendido at\u00e9 as 2h da manh\u00e3, com embarque dispon\u00edvel na parada da avenida Prudente de Morais. Al\u00e9m disso, foram designados locais espec\u00edficos para transporte por aplicativo e t\u00e1xis.<br \/>\nVeja os v\u00eddeos mais assistidos do g1 RN<\/p>","protected":false},"excerpt":{"rendered":"<p>Bloqueio altera tr\u00e2nsito e itiner\u00e1rios de \u00f4nibus nos dias 20, 21 e 22 de dezembro. Shows do Natal em Natal alteram tra\u0302nsito em regio\u0303es da capital Um trecho da avenida &#8230;<\/p>\n","protected":false},"author":0,"featured_media":11823,"parent":0,"menu_order":0,"comment_status":"closed","ping_status":"closed","template":"","meta":{"footnotes":""},"class_list":["post-11822","page","type-page","status-publish","has-post-thumbnail","hentry"],"yoast_head":"<!-- This site is optimized with the Yoast SEO plugin v27.1.1 - https:\/\/yoast.com\/product\/yoast-seo-wordpress\/ -->\n<title>Trecho da Prudente de Morais ser\u00e1 interditado durante o Natal em Natal; veja mudan\u00e7as - Taveira Jr<\/title>\n<meta name=\"robots\" content=\"index, follow, max-snippet:-1, max-image-preview:large, max-video-preview:-1\" \/>\n<link rel=\"canonical\" href=\"https:\/\/deputadotaveirajr.com.br\/index.php\/trecho-da-prudente-de-morais-sera-interditado-durante-o-natal-em-natal-veja-mudancas\/\" \/>\n<meta property=\"og:locale\" content=\"pt_BR\" \/>\n<meta property=\"og:type\" content=\"article\" \/>\n<meta property=\"og:title\" content=\"Trecho da Prudente de Morais ser\u00e1 interditado durante o Natal em Natal; veja mudan\u00e7as - Taveira Jr\" \/>\n<meta property=\"og:description\" content=\"Bloqueio altera tr\u00e2nsito e itiner\u00e1rios de \u00f4nibus nos dias 20, 21 e 22 de dezembro. Shows do Natal em Natal alteram tra\u0302nsito em regio\u0303es da capital Um trecho da avenida ...\" \/>\n<meta property=\"og:url\" content=\"https:\/\/deputadotaveirajr.com.br\/index.php\/trecho-da-prudente-de-morais-sera-interditado-durante-o-natal-em-natal-veja-mudancas\/\" \/>\n<meta property=\"og:site_name\" content=\"Taveira Jr\" \/>\n<meta property=\"og:image\" content=\"https:\/\/s2-g1.glbimg.com\/PezPuxmsS659i-JZ_rdeKRdparw=\/i.s3.glbimg.com\/v1\/AUTH_59edd422c0c84a879bd37670ae4f538a\/internal_photos\/bs\/2024\/V\/W\/wCDYOAR22Leuh2MtRmfQ\/whatsapp-image-2024-12-20-at-10.23.15.jpeg\" \/>\n<meta name=\"twitter:card\" content=\"summary_large_image\" \/>\n<meta name=\"twitter:label1\" content=\"Est. tempo de leitura\" \/>\n\t<meta name=\"twitter:data1\" content=\"3 minutos\" \/>\n<script type=\"application\/ld+json\" class=\"yoast-schema-graph\">{\"@context\":\"https:\/\/schema.org\",\"@graph\":[{\"@type\":\"WebPage\",\"@id\":\"https:\/\/deputadotaveirajr.com.br\/index.php\/trecho-da-prudente-de-morais-sera-interditado-durante-o-natal-em-natal-veja-mudancas\/\",\"url\":\"https:\/\/deputadotaveirajr.com.br\/index.php\/trecho-da-prudente-de-morais-sera-interditado-durante-o-natal-em-natal-veja-mudancas\/\",\"name\":\"Trecho da Prudente de Morais ser\u00e1 interditado durante o Natal em Natal; veja mudan\u00e7as - Taveira Jr\",\"isPartOf\":{\"@id\":\"https:\/\/deputadotaveirajr.com.br\/#website\"},\"primaryImageOfPage\":{\"@id\":\"https:\/\/deputadotaveirajr.com.br\/index.php\/trecho-da-prudente-de-morais-sera-interditado-durante-o-natal-em-natal-veja-mudancas\/#primaryimage\"},\"image\":{\"@id\":\"https:\/\/deputadotaveirajr.com.br\/index.php\/trecho-da-prudente-de-morais-sera-interditado-durante-o-natal-em-natal-veja-mudancas\/#primaryimage\"},\"thumbnailUrl\":\"https:\/\/deputadotaveirajr.com.br\/wp-content\/uploads\/2024\/12\/whatsapp-image-2024-12-20-at-10.23.15-PaPKcF-scaled.jpeg\",\"datePublished\":\"2024-12-20T19:09:31+00:00\",\"breadcrumb\":{\"@id\":\"https:\/\/deputadotaveirajr.com.br\/index.php\/trecho-da-prudente-de-morais-sera-interditado-durante-o-natal-em-natal-veja-mudancas\/#breadcrumb\"},\"inLanguage\":\"pt-BR\",\"potentialAction\":[{\"@type\":\"ReadAction\",\"target\":[\"https:\/\/deputadotaveirajr.com.br\/index.php\/trecho-da-prudente-de-morais-sera-interditado-durante-o-natal-em-natal-veja-mudancas\/\"]}]},{\"@type\":\"ImageObject\",\"inLanguage\":\"pt-BR\",\"@id\":\"https:\/\/deputadotaveirajr.com.br\/index.php\/trecho-da-prudente-de-morais-sera-interditado-durante-o-natal-em-natal-veja-mudancas\/#primaryimage\",\"url\":\"https:\/\/deputadotaveirajr.com.br\/wp-content\/uploads\/2024\/12\/whatsapp-image-2024-12-20-at-10.23.15-PaPKcF-scaled.jpeg\",\"contentUrl\":\"https:\/\/deputadotaveirajr.com.br\/wp-content\/uploads\/2024\/12\/whatsapp-image-2024-12-20-at-10.23.15-PaPKcF-scaled.jpeg\",\"width\":2560,\"height\":1920},{\"@type\":\"BreadcrumbList\",\"@id\":\"https:\/\/deputadotaveirajr.com.br\/index.php\/trecho-da-prudente-de-morais-sera-interditado-durante-o-natal-em-natal-veja-mudancas\/#breadcrumb\",\"itemListElement\":[{\"@type\":\"ListItem\",\"position\":1,\"name\":\"In\u00edcio\",\"item\":\"https:\/\/deputadotaveirajr.com.br\/\"},{\"@type\":\"ListItem\",\"position\":2,\"name\":\"Trecho da Prudente de Morais ser\u00e1 interditado durante o Natal em Natal; veja mudan\u00e7as\"}]},{\"@type\":\"WebSite\",\"@id\":\"https:\/\/deputadotaveirajr.com.br\/#website\",\"url\":\"https:\/\/deputadotaveirajr.com.br\/\",\"name\":\"Taveira Jr\",\"description\":\"Deputado Estadual\",\"publisher\":{\"@id\":\"https:\/\/deputadotaveirajr.com.br\/#organization\"},\"potentialAction\":[{\"@type\":\"SearchAction\",\"target\":{\"@type\":\"EntryPoint\",\"urlTemplate\":\"https:\/\/deputadotaveirajr.com.br\/?s={search_term_string}\"},\"query-input\":{\"@type\":\"PropertyValueSpecification\",\"valueRequired\":true,\"valueName\":\"search_term_string\"}}],\"inLanguage\":\"pt-BR\"},{\"@type\":\"Organization\",\"@id\":\"https:\/\/deputadotaveirajr.com.br\/#organization\",\"name\":\"Taveira Jr\",\"url\":\"https:\/\/deputadotaveirajr.com.br\/\",\"logo\":{\"@type\":\"ImageObject\",\"inLanguage\":\"pt-BR\",\"@id\":\"https:\/\/deputadotaveirajr.com.br\/#\/schema\/logo\/image\/\",\"url\":\"https:\/\/deputadotaveirajr.com.br\/wp-content\/uploads\/2026\/01\/logolow2a.png\",\"contentUrl\":\"https:\/\/deputadotaveirajr.com.br\/wp-content\/uploads\/2026\/01\/logolow2a.png\",\"width\":290,\"height\":80,\"caption\":\"Taveira Jr\"},\"image\":{\"@id\":\"https:\/\/deputadotaveirajr.com.br\/#\/schema\/logo\/image\/\"}}]}<\/script>\n<!-- \/ Yoast SEO plugin. -->","yoast_head_json":{"title":"Trecho da Prudente de Morais ser\u00e1 interditado durante o Natal em Natal; veja mudan\u00e7as - Taveira Jr","robots":{"index":"index","follow":"follow","max-snippet":"max-snippet:-1","max-image-preview":"max-image-preview:large","max-video-preview":"max-video-preview:-1"},"canonical":"https:\/\/deputadotaveirajr.com.br\/index.php\/trecho-da-prudente-de-morais-sera-interditado-durante-o-natal-em-natal-veja-mudancas\/","og_locale":"pt_BR","og_type":"article","og_title":"Trecho da Prudente de Morais ser\u00e1 interditado durante o Natal em Natal; veja mudan\u00e7as - Taveira Jr","og_description":"Bloqueio altera tr\u00e2nsito e itiner\u00e1rios de \u00f4nibus nos dias 20, 21 e 22 de dezembro. Shows do Natal em Natal alteram tra\u0302nsito em regio\u0303es da capital Um trecho da avenida ...","og_url":"https:\/\/deputadotaveirajr.com.br\/index.php\/trecho-da-prudente-de-morais-sera-interditado-durante-o-natal-em-natal-veja-mudancas\/","og_site_name":"Taveira Jr","og_image":[{"url":"https:\/\/s2-g1.glbimg.com\/PezPuxmsS659i-JZ_rdeKRdparw=\/i.s3.glbimg.com\/v1\/AUTH_59edd422c0c84a879bd37670ae4f538a\/internal_photos\/bs\/2024\/V\/W\/wCDYOAR22Leuh2MtRmfQ\/whatsapp-image-2024-12-20-at-10.23.15.jpeg","type":"","width":"","height":""}],"twitter_card":"summary_large_image","twitter_misc":{"Est. tempo de leitura":"3 minutos"},"schema":{"@context":"https:\/\/schema.org","@graph":[{"@type":"WebPage","@id":"https:\/\/deputadotaveirajr.com.br\/index.php\/trecho-da-prudente-de-morais-sera-interditado-durante-o-natal-em-natal-veja-mudancas\/","url":"https:\/\/deputadotaveirajr.com.br\/index.php\/trecho-da-prudente-de-morais-sera-interditado-durante-o-natal-em-natal-veja-mudancas\/","name":"Trecho da Prudente de Morais ser\u00e1 interditado durante o Natal em Natal; veja mudan\u00e7as - Taveira Jr","isPartOf":{"@id":"https:\/\/deputadotaveirajr.com.br\/#website"},"primaryImageOfPage":{"@id":"https:\/\/deputadotaveirajr.com.br\/index.php\/trecho-da-prudente-de-morais-sera-interditado-durante-o-natal-em-natal-veja-mudancas\/#primaryimage"},"image":{"@id":"https:\/\/deputadotaveirajr.com.br\/index.php\/trecho-da-prudente-de-morais-sera-interditado-durante-o-natal-em-natal-veja-mudancas\/#primaryimage"},"thumbnailUrl":"https:\/\/deputadotaveirajr.com.br\/wp-content\/uploads\/2024\/12\/whatsapp-image-2024-12-20-at-10.23.15-PaPKcF-scaled.jpeg","datePublished":"2024-12-20T19:09:31+00:00","breadcrumb":{"@id":"https:\/\/deputadotaveirajr.com.br\/index.php\/trecho-da-prudente-de-morais-sera-interditado-durante-o-natal-em-natal-veja-mudancas\/#breadcrumb"},"inLanguage":"pt-BR","potentialAction":[{"@type":"ReadAction","target":["https:\/\/deputadotaveirajr.com.br\/index.php\/trecho-da-prudente-de-morais-sera-interditado-durante-o-natal-em-natal-veja-mudancas\/"]}]},{"@type":"ImageObject","inLanguage":"pt-BR","@id":"https:\/\/deputadotaveirajr.com.br\/index.php\/trecho-da-prudente-de-morais-sera-interditado-durante-o-natal-em-natal-veja-mudancas\/#primaryimage","url":"https:\/\/deputadotaveirajr.com.br\/wp-content\/uploads\/2024\/12\/whatsapp-image-2024-12-20-at-10.23.15-PaPKcF-scaled.jpeg","contentUrl":"https:\/\/deputadotaveirajr.com.br\/wp-content\/uploads\/2024\/12\/whatsapp-image-2024-12-20-at-10.23.15-PaPKcF-scaled.jpeg","width":2560,"height":1920},{"@type":"BreadcrumbList","@id":"https:\/\/deputadotaveirajr.com.br\/index.php\/trecho-da-prudente-de-morais-sera-interditado-durante-o-natal-em-natal-veja-mudancas\/#breadcrumb","itemListElement":[{"@type":"ListItem","position":1,"name":"In\u00edcio","item":"https:\/\/deputadotaveirajr.com.br\/"},{"@type":"ListItem","position":2,"name":"Trecho da Prudente de Morais ser\u00e1 interditado durante o Natal em Natal; veja mudan\u00e7as"}]},{"@type":"WebSite","@id":"https:\/\/deputadotaveirajr.com.br\/#website","url":"https:\/\/deputadotaveirajr.com.br\/","name":"Taveira Jr","description":"Deputado Estadual","publisher":{"@id":"https:\/\/deputadotaveirajr.com.br\/#organization"},"potentialAction":[{"@type":"SearchAction","target":{"@type":"EntryPoint","urlTemplate":"https:\/\/deputadotaveirajr.com.br\/?s={search_term_string}"},"query-input":{"@type":"PropertyValueSpecification","valueRequired":true,"valueName":"search_term_string"}}],"inLanguage":"pt-BR"},{"@type":"Organization","@id":"https:\/\/deputadotaveirajr.com.br\/#organization","name":"Taveira Jr","url":"https:\/\/deputadotaveirajr.com.br\/","logo":{"@type":"ImageObject","inLanguage":"pt-BR","@id":"https:\/\/deputadotaveirajr.com.br\/#\/schema\/logo\/image\/","url":"https:\/\/deputadotaveirajr.com.br\/wp-content\/uploads\/2026\/01\/logolow2a.png","contentUrl":"https:\/\/deputadotaveirajr.com.br\/wp-content\/uploads\/2026\/01\/logolow2a.png","width":290,"height":80,"caption":"Taveira Jr"},"image":{"@id":"https:\/\/deputadotaveirajr.com.br\/#\/schema\/logo\/image\/"}}]}},"_links":{"self":[{"href":"https:\/\/deputadotaveirajr.com.br\/index.php\/wp-json\/wp\/v2\/pages\/11822","targetHints":{"allow":["GET"]}}],"collection":[{"href":"https:\/\/deputadotaveirajr.com.br\/index.php\/wp-json\/wp\/v2\/pages"}],"about":[{"href":"https:\/\/deputadotaveirajr.com.br\/index.php\/wp-json\/wp\/v2\/types\/page"}],"replies":[{"embeddable":true,"href":"https:\/\/deputadotaveirajr.com.br\/index.php\/wp-json\/wp\/v2\/comments?post=11822"}],"version-history":[{"count":0,"href":"https:\/\/deputadotaveirajr.com.br\/index.php\/wp-json\/wp\/v2\/pages\/11822\/revisions"}],"wp:featuredmedia":[{"embeddable":true,"href":"https:\/\/deputadotaveirajr.com.br\/index.php\/wp-json\/wp\/v2\/media\/11823"}],"wp:attachment":[{"href":"https:\/\/deputadotaveirajr.com.br\/index.php\/wp-json\/wp\/v2\/media?parent=11822"}],"curies":[{"name":"wp","href":"https:\/\/api.w.org\/{rel}","templated":true}]}}