{"id":11830,"date":"2024-12-21T00:02:14","date_gmt":"2024-12-21T03:02:14","guid":{"rendered":"https:\/\/deputadotaveirajr.com.br\/index.php\/projeto-escolas-solares-do-rn-devera-ser-replicado-no-brasil-diz-ministra\/"},"modified":"2024-12-21T00:02:14","modified_gmt":"2024-12-21T03:02:14","slug":"projeto-escolas-solares-do-rn-devera-ser-replicado-no-brasil-diz-ministra","status":"publish","type":"page","link":"https:\/\/deputadotaveirajr.com.br\/index.php\/projeto-escolas-solares-do-rn-devera-ser-replicado-no-brasil-diz-ministra\/","title":{"rendered":"Projeto Escolas Solares, do RN, dever\u00e1 ser replicado no Brasil, diz ministra"},"content":{"rendered":"<p><img decoding=\"async\" src=\"https:\/\/s2-g1.glbimg.com\/ZOY6Cx_kb8iI4ekCXiZ4EWqrQTI=\/i.s3.glbimg.com\/v1\/AUTH_59edd422c0c84a879bd37670ae4f538a\/internal_photos\/bs\/2024\/a\/k\/B4ntktRFmffZOO1JAQpQ\/3.jpeg\" \/><br \/>     Projeto desenvolvido pelo ISI-ER, do SENAI, com recursos de emenda do ent\u00e3o senador Jean Paul Prates, visa impulsionar o ensino de matem\u00e1tica, f\u00edsica e geografia na rede p\u00fablica.  Ministra da Ci\u00eancia e Tecnologia, Luciana Santos, anunciou inten\u00e7\u00e3o de inserir projeto desenvolvido pelo ISI-ER, do SENAI, no \u201cPrograma Mais Ci\u00eancia na Escola\u201d<br \/>\nDivulga\u00e7\u00e3o<br \/>\nO projeto \u201cEscolas Solares\u201d, que prev\u00ea a introdu\u00e7\u00e3o de aulas pr\u00e1ticas na rede p\u00fablica do Rio Grande do Norte com a ajuda de mini usinas de energia solar, poder\u00e1 cruzar as fronteiras do estado e ser replicado no Brasil.<br \/>\nA perspectiva foi apresentada pela ministra da Ci\u00eancia, Tecnologia e Inova\u00e7\u00e3o, Luciana Santos, em visita na \u00faltima segunda-feira (16) \u00e0 Escola Estadual Desembargador Floriano Cavalcanti, uma das 13 do RN contempladas com o projeto original &#8211; fruto de conv\u00eanio do Minist\u00e9rio com o Instituto SENAI de Inova\u00e7\u00e3o em Energias Renov\u00e1veis (ISI-ER).<br \/>\nA ideia, afirmou a ministra, \u00e9 inserir a iniciativa no \u201cPrograma Mais Ci\u00eancia na Escola\u201d, lan\u00e7ado em junho deste ano.<br \/>\n\u201cA gente vai querer a Escola Solar como mais um instrumento de aprendizado para os estudantes brasileiros\u201d, disse Santos, ressaltando a ader\u00eancia da iniciativa ao prop\u00f3sito do Programa nacional, de ter \u201claborat\u00f3rios m\u00e3o na massa\u201d para fomentar a educa\u00e7\u00e3o cient\u00edfica. \u201cEssa experi\u00eancia tem tudo a ver com o que a gente pretende\u201d.<br \/>\nInvestimento<br \/>\nNo Rio Grande do Norte, a primeira fase do Escolas Solares recebeu R$ 1 milh\u00e3o para a instala\u00e7\u00e3o de \u201claborat\u00f3rios pr\u00e1ticos de ensino\u201d em 13 munic\u00edpios do estado, onde conceitos te\u00f3ricos de f\u00edsica, geografia e matem\u00e1tica vistos no Ensino M\u00e9dio poder\u00e3o ser aprendidos, na pr\u00e1tica, com a ajuda de mini usinas de gera\u00e7\u00e3o de energia solar.<br \/>\nPrimeira fase do projeto recebeu R$ 1 milh\u00e3o provenientes de emenda parlamentar do ent\u00e3o senador Jean Paul Prates, idealizador da proposta<br \/>\nDivulga\u00e7\u00e3o<br \/>\nOs recursos s\u00e3o provenientes de uma emenda parlamentar do ent\u00e3o senador da Rep\u00fablica Jean-Paul Prates, idealizador da proposta, e foram alocados por meio de conv\u00eanio firmado entre o Instituto SENAI de Inova\u00e7\u00e3o em Energias Renov\u00e1veis e o Minist\u00e9rio.<br \/>\nO investimento contemplou a implanta\u00e7\u00e3o dos chamados \u201ckits solares\u201d &#8211; o que engloba, entre outros equipamentos, a instala\u00e7\u00e3o das mini usinas e de esta\u00e7\u00f5es solarim\u00e9tricas port\u00e1teis &#8211; o desenvolvimento de materiais did\u00e1ticos e a capacita\u00e7\u00e3o de 41 professores\/as de Natal, Parnamirim, S\u00e3o Paulo do Potengi, Nova Cruz, Currais Novos, Caic\u00f3, S\u00e3o Gon\u00e7alo do Amarante, Cear\u00e1 Mirim, Jo\u00e3o C\u00e2mara, Macau, Pend\u00eancias, Alto do Rodrigues e Mossor\u00f3.<br \/>\nImpulso<br \/>\n\u201cEsse \u00e9 um projeto que ajuda a diminuir a conta de energia das escolas mas, principalmente, que vai formar alunos e capacitar profissionais para empregos nessa ind\u00fastria\u201d, comentou Jean Paul, nesta segunda-feira, durante a visita com a ministra, a governadora F\u00e1tima Bezerra e representantes do SENAI.<br \/>\nEle ressaltou que emendas parlamentares t\u00eam grande potencial de impulsionar a ci\u00eancia e a tecnologia, mas que poucas s\u00e3o apresentadas no pa\u00eds com esse objetivo.<br \/>\n\u201cAs emendas\u201d, acrescentou o ex-senador, \u201cpodem n\u00e3o servir para criar um programa nacional ou mesmo estadual, mas servem, certamente, para fazer uma semente como essa, do projeto, que depois pode escalar e chegar a todo o pa\u00eds\u201d.<br \/>\nEntrega<br \/>\nNa vers\u00e3o potiguar, o projeto est\u00e1 em fase de valida\u00e7\u00e3o da metodologia que ser\u00e1 aplicada nas escolas e ser\u00e1 oficialmente entregue em mar\u00e7o deste ano, disse o diretor do SENAI do Rio Grande do Norte e do Instituto SENAI de Inova\u00e7\u00e3o em Energias Renov\u00e1veis, Rodrigo Mello.<br \/>\n\u201cN\u00f3s estamos trazendo a tecnologia real para o aprendizado do que corriqueiramente se estuda apenas no quadro, na sala de aula ou por um livro\u201d, disse ele.<br \/>\n\u201cA ideia que n\u00f3s do SENAI executamos junto com Jean Paul foi a de um modelo de neg\u00f3cio educacional para firmar conte\u00fado, trazer compet\u00eancias e otimizar o processo de ensino e aprendizagem nas salas de aula, que tivesse como resultado a ader\u00eancia entre o ensino normal e a tecnologia e que pudesse, sem d\u00favida, contribuir com a melhoria do Ensino M\u00e9dio\u201d, ressaltou o executivo.<br \/>\nO projeto teve largada no in\u00edcio de 2022 e, desde ent\u00e3o, envolveu etapas como importa\u00e7\u00e3o de equipamentos, processo de libera\u00e7\u00e3o dos espa\u00e7os necess\u00e1rios nas escolas, al\u00e9m de treinamentos de equipes que, segundo o coordenador de Pesquisa &amp; Desenvolvimento do ISI-ER, Antonio Medeiros, \u201cser\u00e3o semeadores de conhecimentos sobre energias renov\u00e1veis\u201d.<br \/>\nAgora, o processo de homologa\u00e7\u00e3o das usinas est\u00e1 em tramita\u00e7\u00e3o na concession\u00e1ria de energia el\u00e9trica do estado para formaliza\u00e7\u00e3o do chamado \u201cparecer de acesso\u201d e conex\u00e3o com a rede de energia el\u00e9trica. \u201cDessa forma, poss\u00edveis excedentes de gera\u00e7\u00e3o poder\u00e3o virar cr\u00e9ditos de compensa\u00e7\u00e3o, ou seja, efetivamente economia na conta de luz das escolas\u201d, explicou o pesquisador do ISI-ER, Hudson Resende, coordenador do projeto.<br \/>\nHudson Resende, do ISI-ER, detalhou que, por meio da iniciativa, conceitos te\u00f3ricos poder\u00e3o ser aplicados em oficinas pr\u00e1ticas para estudantes do Ensino M\u00e9dio<br \/>\nDivulga\u00e7\u00e3o<br \/>\nPor meio da iniciativa, detalhou ele, conceitos te\u00f3ricos poder\u00e3o ser aplicados em oficinas pr\u00e1ticas relacionadas \u00e0s etapas de projeto, instala\u00e7\u00e3o e opera\u00e7\u00e3o de uma usina solar real conectada \u00e0 rede el\u00e9trica.<br \/>\n\u201cEsse projeto-piloto inovador integra os processos de aprendizagem da educa\u00e7\u00e3o aos processos de implanta\u00e7\u00e3o de tecnologia e informa\u00e7\u00e3o envolvidos no desenvolvimento e instala\u00e7\u00e3o de uma usina solar, al\u00e9m de gerar energia contribuindo para a efici\u00eancia energ\u00e9tica e sustentabilidade na escola\u201d, refor\u00e7ou.<br \/>\nA ministra Luciana Santos fez coro. \u201cHoje, n\u00f3s temos quase 90% da matriz energ\u00e9tica do Brasil limpa e ou renov\u00e1vel e queremos que nossos estudantes tenham familiaridade com essa nova economia, com essa nova ind\u00fastria, com os processos de transforma\u00e7\u00e3o e de inova\u00e7\u00e3o que as tecnologias est\u00e3o passando\u201d, disse.<br \/>\n\u201cA gente vai construir essa sinergia, esse ecossistema em que o SENAI participa, a escola participa, ou seja, o caminho pelo qual a gente soma esfor\u00e7os\u201d.<br \/>\nUma nova etapa do projeto, intitulada Escolas Solares SEEC\/RN, est\u00e1 em desenvolvimento &#8211; desta vez, em parceria com o governo do estado, por meio da Secretaria estadual de Educa\u00e7\u00e3o. Nessa fase, mais seis escolas ser\u00e3o beneficiadas, distribu\u00eddas entre os munic\u00edpios de Natal, Parnamirim, A\u00e7u e Mossor\u00f3.<br \/>\n\u201cN\u00e3o \u00e9 s\u00f3 uma usina solar. \u00c9 did\u00e1tica para que o RN possa avan\u00e7ar cada vez mais na educa\u00e7\u00e3o profissional e tecnol\u00f3gica e vai reduzir o custo da energia\u201d, disse a governadora F\u00e1tima Bezerra.<\/p>","protected":false},"excerpt":{"rendered":"<p>Projeto desenvolvido pelo ISI-ER, do SENAI, com recursos de emenda do ent\u00e3o senador Jean Paul Prates, visa impulsionar o ensino de matem\u00e1tica, f\u00edsica e geografia na rede p\u00fablica. Ministra da &#8230;<\/p>\n","protected":false},"author":0,"featured_media":11831,"parent":0,"menu_order":0,"comment_status":"closed","ping_status":"closed","template":"","meta":{"footnotes":""},"class_list":["post-11830","page","type-page","status-publish","has-post-thumbnail","hentry"],"yoast_head":"<!-- This site is optimized with the Yoast SEO plugin v27.1.1 - https:\/\/yoast.com\/product\/yoast-seo-wordpress\/ -->\n<title>Projeto Escolas Solares, do RN, dever\u00e1 ser replicado no Brasil, diz ministra - Taveira Jr<\/title>\n<meta name=\"robots\" content=\"index, follow, max-snippet:-1, max-image-preview:large, max-video-preview:-1\" \/>\n<link rel=\"canonical\" href=\"https:\/\/deputadotaveirajr.com.br\/index.php\/projeto-escolas-solares-do-rn-devera-ser-replicado-no-brasil-diz-ministra\/\" \/>\n<meta property=\"og:locale\" content=\"pt_BR\" \/>\n<meta property=\"og:type\" content=\"article\" \/>\n<meta property=\"og:title\" content=\"Projeto Escolas Solares, do RN, dever\u00e1 ser replicado no Brasil, diz ministra - Taveira Jr\" \/>\n<meta property=\"og:description\" content=\"Projeto desenvolvido pelo ISI-ER, do SENAI, com recursos de emenda do ent\u00e3o senador Jean Paul Prates, visa impulsionar o ensino de matem\u00e1tica, f\u00edsica e geografia na rede p\u00fablica. Ministra da ...\" \/>\n<meta property=\"og:url\" content=\"https:\/\/deputadotaveirajr.com.br\/index.php\/projeto-escolas-solares-do-rn-devera-ser-replicado-no-brasil-diz-ministra\/\" \/>\n<meta property=\"og:site_name\" content=\"Taveira Jr\" \/>\n<meta property=\"og:image\" content=\"https:\/\/s2-g1.glbimg.com\/ZOY6Cx_kb8iI4ekCXiZ4EWqrQTI=\/i.s3.glbimg.com\/v1\/AUTH_59edd422c0c84a879bd37670ae4f538a\/internal_photos\/bs\/2024\/a\/k\/B4ntktRFmffZOO1JAQpQ\/3.jpeg\" \/>\n<meta name=\"twitter:card\" content=\"summary_large_image\" \/>\n<meta name=\"twitter:label1\" content=\"Est. tempo de leitura\" \/>\n\t<meta name=\"twitter:data1\" content=\"6 minutos\" \/>\n<script type=\"application\/ld+json\" class=\"yoast-schema-graph\">{\"@context\":\"https:\/\/schema.org\",\"@graph\":[{\"@type\":\"WebPage\",\"@id\":\"https:\/\/deputadotaveirajr.com.br\/index.php\/projeto-escolas-solares-do-rn-devera-ser-replicado-no-brasil-diz-ministra\/\",\"url\":\"https:\/\/deputadotaveirajr.com.br\/index.php\/projeto-escolas-solares-do-rn-devera-ser-replicado-no-brasil-diz-ministra\/\",\"name\":\"Projeto Escolas Solares, do RN, dever\u00e1 ser replicado no Brasil, diz ministra - Taveira Jr\",\"isPartOf\":{\"@id\":\"https:\/\/deputadotaveirajr.com.br\/#website\"},\"primaryImageOfPage\":{\"@id\":\"https:\/\/deputadotaveirajr.com.br\/index.php\/projeto-escolas-solares-do-rn-devera-ser-replicado-no-brasil-diz-ministra\/#primaryimage\"},\"image\":{\"@id\":\"https:\/\/deputadotaveirajr.com.br\/index.php\/projeto-escolas-solares-do-rn-devera-ser-replicado-no-brasil-diz-ministra\/#primaryimage\"},\"thumbnailUrl\":\"https:\/\/deputadotaveirajr.com.br\/wp-content\/uploads\/2024\/12\/3-7bXQRT.png\",\"datePublished\":\"2024-12-21T03:02:14+00:00\",\"breadcrumb\":{\"@id\":\"https:\/\/deputadotaveirajr.com.br\/index.php\/projeto-escolas-solares-do-rn-devera-ser-replicado-no-brasil-diz-ministra\/#breadcrumb\"},\"inLanguage\":\"pt-BR\",\"potentialAction\":[{\"@type\":\"ReadAction\",\"target\":[\"https:\/\/deputadotaveirajr.com.br\/index.php\/projeto-escolas-solares-do-rn-devera-ser-replicado-no-brasil-diz-ministra\/\"]}]},{\"@type\":\"ImageObject\",\"inLanguage\":\"pt-BR\",\"@id\":\"https:\/\/deputadotaveirajr.com.br\/index.php\/projeto-escolas-solares-do-rn-devera-ser-replicado-no-brasil-diz-ministra\/#primaryimage\",\"url\":\"https:\/\/deputadotaveirajr.com.br\/wp-content\/uploads\/2024\/12\/3-7bXQRT.png\",\"contentUrl\":\"https:\/\/deputadotaveirajr.com.br\/wp-content\/uploads\/2024\/12\/3-7bXQRT.png\",\"width\":1474,\"height\":902},{\"@type\":\"BreadcrumbList\",\"@id\":\"https:\/\/deputadotaveirajr.com.br\/index.php\/projeto-escolas-solares-do-rn-devera-ser-replicado-no-brasil-diz-ministra\/#breadcrumb\",\"itemListElement\":[{\"@type\":\"ListItem\",\"position\":1,\"name\":\"In\u00edcio\",\"item\":\"https:\/\/deputadotaveirajr.com.br\/\"},{\"@type\":\"ListItem\",\"position\":2,\"name\":\"Projeto Escolas Solares, do RN, dever\u00e1 ser replicado no Brasil, diz ministra\"}]},{\"@type\":\"WebSite\",\"@id\":\"https:\/\/deputadotaveirajr.com.br\/#website\",\"url\":\"https:\/\/deputadotaveirajr.com.br\/\",\"name\":\"Taveira Jr\",\"description\":\"Deputado Estadual\",\"publisher\":{\"@id\":\"https:\/\/deputadotaveirajr.com.br\/#organization\"},\"potentialAction\":[{\"@type\":\"SearchAction\",\"target\":{\"@type\":\"EntryPoint\",\"urlTemplate\":\"https:\/\/deputadotaveirajr.com.br\/?s={search_term_string}\"},\"query-input\":{\"@type\":\"PropertyValueSpecification\",\"valueRequired\":true,\"valueName\":\"search_term_string\"}}],\"inLanguage\":\"pt-BR\"},{\"@type\":\"Organization\",\"@id\":\"https:\/\/deputadotaveirajr.com.br\/#organization\",\"name\":\"Taveira Jr\",\"url\":\"https:\/\/deputadotaveirajr.com.br\/\",\"logo\":{\"@type\":\"ImageObject\",\"inLanguage\":\"pt-BR\",\"@id\":\"https:\/\/deputadotaveirajr.com.br\/#\/schema\/logo\/image\/\",\"url\":\"https:\/\/deputadotaveirajr.com.br\/wp-content\/uploads\/2026\/01\/logolow2a.png\",\"contentUrl\":\"https:\/\/deputadotaveirajr.com.br\/wp-content\/uploads\/2026\/01\/logolow2a.png\",\"width\":290,\"height\":80,\"caption\":\"Taveira Jr\"},\"image\":{\"@id\":\"https:\/\/deputadotaveirajr.com.br\/#\/schema\/logo\/image\/\"}}]}<\/script>\n<!-- \/ Yoast SEO plugin. -->","yoast_head_json":{"title":"Projeto Escolas Solares, do RN, dever\u00e1 ser replicado no Brasil, diz ministra - Taveira Jr","robots":{"index":"index","follow":"follow","max-snippet":"max-snippet:-1","max-image-preview":"max-image-preview:large","max-video-preview":"max-video-preview:-1"},"canonical":"https:\/\/deputadotaveirajr.com.br\/index.php\/projeto-escolas-solares-do-rn-devera-ser-replicado-no-brasil-diz-ministra\/","og_locale":"pt_BR","og_type":"article","og_title":"Projeto Escolas Solares, do RN, dever\u00e1 ser replicado no Brasil, diz ministra - Taveira Jr","og_description":"Projeto desenvolvido pelo ISI-ER, do SENAI, com recursos de emenda do ent\u00e3o senador Jean Paul Prates, visa impulsionar o ensino de matem\u00e1tica, f\u00edsica e geografia na rede p\u00fablica. Ministra da ...","og_url":"https:\/\/deputadotaveirajr.com.br\/index.php\/projeto-escolas-solares-do-rn-devera-ser-replicado-no-brasil-diz-ministra\/","og_site_name":"Taveira Jr","og_image":[{"url":"https:\/\/s2-g1.glbimg.com\/ZOY6Cx_kb8iI4ekCXiZ4EWqrQTI=\/i.s3.glbimg.com\/v1\/AUTH_59edd422c0c84a879bd37670ae4f538a\/internal_photos\/bs\/2024\/a\/k\/B4ntktRFmffZOO1JAQpQ\/3.jpeg","type":"","width":"","height":""}],"twitter_card":"summary_large_image","twitter_misc":{"Est. tempo de leitura":"6 minutos"},"schema":{"@context":"https:\/\/schema.org","@graph":[{"@type":"WebPage","@id":"https:\/\/deputadotaveirajr.com.br\/index.php\/projeto-escolas-solares-do-rn-devera-ser-replicado-no-brasil-diz-ministra\/","url":"https:\/\/deputadotaveirajr.com.br\/index.php\/projeto-escolas-solares-do-rn-devera-ser-replicado-no-brasil-diz-ministra\/","name":"Projeto Escolas Solares, do RN, dever\u00e1 ser replicado no Brasil, diz ministra - Taveira Jr","isPartOf":{"@id":"https:\/\/deputadotaveirajr.com.br\/#website"},"primaryImageOfPage":{"@id":"https:\/\/deputadotaveirajr.com.br\/index.php\/projeto-escolas-solares-do-rn-devera-ser-replicado-no-brasil-diz-ministra\/#primaryimage"},"image":{"@id":"https:\/\/deputadotaveirajr.com.br\/index.php\/projeto-escolas-solares-do-rn-devera-ser-replicado-no-brasil-diz-ministra\/#primaryimage"},"thumbnailUrl":"https:\/\/deputadotaveirajr.com.br\/wp-content\/uploads\/2024\/12\/3-7bXQRT.png","datePublished":"2024-12-21T03:02:14+00:00","breadcrumb":{"@id":"https:\/\/deputadotaveirajr.com.br\/index.php\/projeto-escolas-solares-do-rn-devera-ser-replicado-no-brasil-diz-ministra\/#breadcrumb"},"inLanguage":"pt-BR","potentialAction":[{"@type":"ReadAction","target":["https:\/\/deputadotaveirajr.com.br\/index.php\/projeto-escolas-solares-do-rn-devera-ser-replicado-no-brasil-diz-ministra\/"]}]},{"@type":"ImageObject","inLanguage":"pt-BR","@id":"https:\/\/deputadotaveirajr.com.br\/index.php\/projeto-escolas-solares-do-rn-devera-ser-replicado-no-brasil-diz-ministra\/#primaryimage","url":"https:\/\/deputadotaveirajr.com.br\/wp-content\/uploads\/2024\/12\/3-7bXQRT.png","contentUrl":"https:\/\/deputadotaveirajr.com.br\/wp-content\/uploads\/2024\/12\/3-7bXQRT.png","width":1474,"height":902},{"@type":"BreadcrumbList","@id":"https:\/\/deputadotaveirajr.com.br\/index.php\/projeto-escolas-solares-do-rn-devera-ser-replicado-no-brasil-diz-ministra\/#breadcrumb","itemListElement":[{"@type":"ListItem","position":1,"name":"In\u00edcio","item":"https:\/\/deputadotaveirajr.com.br\/"},{"@type":"ListItem","position":2,"name":"Projeto Escolas Solares, do RN, dever\u00e1 ser replicado no Brasil, diz ministra"}]},{"@type":"WebSite","@id":"https:\/\/deputadotaveirajr.com.br\/#website","url":"https:\/\/deputadotaveirajr.com.br\/","name":"Taveira Jr","description":"Deputado Estadual","publisher":{"@id":"https:\/\/deputadotaveirajr.com.br\/#organization"},"potentialAction":[{"@type":"SearchAction","target":{"@type":"EntryPoint","urlTemplate":"https:\/\/deputadotaveirajr.com.br\/?s={search_term_string}"},"query-input":{"@type":"PropertyValueSpecification","valueRequired":true,"valueName":"search_term_string"}}],"inLanguage":"pt-BR"},{"@type":"Organization","@id":"https:\/\/deputadotaveirajr.com.br\/#organization","name":"Taveira Jr","url":"https:\/\/deputadotaveirajr.com.br\/","logo":{"@type":"ImageObject","inLanguage":"pt-BR","@id":"https:\/\/deputadotaveirajr.com.br\/#\/schema\/logo\/image\/","url":"https:\/\/deputadotaveirajr.com.br\/wp-content\/uploads\/2026\/01\/logolow2a.png","contentUrl":"https:\/\/deputadotaveirajr.com.br\/wp-content\/uploads\/2026\/01\/logolow2a.png","width":290,"height":80,"caption":"Taveira Jr"},"image":{"@id":"https:\/\/deputadotaveirajr.com.br\/#\/schema\/logo\/image\/"}}]}},"_links":{"self":[{"href":"https:\/\/deputadotaveirajr.com.br\/index.php\/wp-json\/wp\/v2\/pages\/11830","targetHints":{"allow":["GET"]}}],"collection":[{"href":"https:\/\/deputadotaveirajr.com.br\/index.php\/wp-json\/wp\/v2\/pages"}],"about":[{"href":"https:\/\/deputadotaveirajr.com.br\/index.php\/wp-json\/wp\/v2\/types\/page"}],"replies":[{"embeddable":true,"href":"https:\/\/deputadotaveirajr.com.br\/index.php\/wp-json\/wp\/v2\/comments?post=11830"}],"version-history":[{"count":0,"href":"https:\/\/deputadotaveirajr.com.br\/index.php\/wp-json\/wp\/v2\/pages\/11830\/revisions"}],"wp:featuredmedia":[{"embeddable":true,"href":"https:\/\/deputadotaveirajr.com.br\/index.php\/wp-json\/wp\/v2\/media\/11831"}],"wp:attachment":[{"href":"https:\/\/deputadotaveirajr.com.br\/index.php\/wp-json\/wp\/v2\/media?parent=11830"}],"curies":[{"name":"wp","href":"https:\/\/api.w.org\/{rel}","templated":true}]}}