{"id":11834,"date":"2024-12-21T09:01:05","date_gmt":"2024-12-21T12:01:05","guid":{"rendered":"https:\/\/deputadotaveirajr.com.br\/index.php\/motorista-e-preso-embriagado-e-com-pneu-furado-em-blitz-logo-apos-se-envolver-em-acidente-em-natal\/"},"modified":"2024-12-21T09:01:05","modified_gmt":"2024-12-21T12:01:05","slug":"motorista-e-preso-embriagado-e-com-pneu-furado-em-blitz-logo-apos-se-envolver-em-acidente-em-natal","status":"publish","type":"page","link":"https:\/\/deputadotaveirajr.com.br\/index.php\/motorista-e-preso-embriagado-e-com-pneu-furado-em-blitz-logo-apos-se-envolver-em-acidente-em-natal\/","title":{"rendered":"Motorista \u00e9 preso embriagado e com pneu furado em blitz logo ap\u00f3s se envolver em acidente em Natal"},"content":{"rendered":"<p><img decoding=\"async\" src=\"https:\/\/s2-g1.glbimg.com\/L1n5Lz_m71yOOH-KZ_2cdmQJLuM=\/i.s3.glbimg.com\/v1\/AUTH_59edd422c0c84a879bd37670ae4f538a\/internal_photos\/bs\/2024\/j\/i\/KZAOANQPyX2NzQYXfOJg\/prfj.jpg\" \/><br \/>     Caso aconteceu na madrugada deste s\u00e1bado (21) pr\u00f3ximo \u00e0 Arena das Dunas, na capital potiguar. Motorista apresentava &#8216;dificuldade de equil\u00edbrio e odor et\u00edlico&#8217;, segundo PRF. Caso aconteceu na madrugada deste s\u00e1bado (21) nas proximidades da Arena das Dunas, em Natal<br \/>\nDivulga\u00e7\u00e3o\/PRF<br \/>\nUm motorista foi preso embriagado e com o carro com o pneu furado, na madrugada deste s\u00e1bado (21), logo ap\u00f3s se envolver em um acidente na BR-101 na Zona Sul de Natal.<br \/>\nDe acordo com a Pol\u00edcia Rodovi\u00e1ria Federal (PRF), o teste do baf\u00f4metro do motorista marcou 0,88 mg por litro &#8211; resultado 22 vezes maior do que o limite permitido para dirigir (0,04 mg\/L) e mais que o dobro do que o limite que configura crime (0,34 mg\/L).<br \/>\n\ud83d\udcf3Participe do canal do g1 RN no WhatsApp<br \/>\n\ud83d\udea8 Pela lei, um teste do baf\u00f4metro n\u00e3o pode passar de 0,04 mg\/l. De 0,05 mg\/l a 0,33mg\/l \u00e9 considerada infra\u00e7\u00e3o grav\u00edssima e acima disso crime de tr\u00e2nsito.<br \/>\nO acidente no qual o motorista se envolveu aconteceu nas proximidades da Arena das Dunas, em Natal. Pouco depois de fugir da colis\u00e3o, ele foi parado na blitz da PRF.<br \/>\nOs policiais perceberam o pneu do ve\u00edculo furado, al\u00e9m do motorista apresentar, segundo a PRF, &#8220;sinais evidentes de embriaguez, como dificuldade de equil\u00edbrio e odor et\u00edlico&#8221;.<br \/>\nEnquanto ele era abordado, um outro motorista chegou ao local e alegou ter sido v\u00edtima de uma colis\u00e3o causada pelo condutor embriagado, fato que at\u00e9 ent\u00e3o era desconhecido pelos policiais.<br \/>\nMulta e crime de tr\u00e2nsito<br \/>\nO condutor foi autuado por embriaguez, sendo multado em R$ 2.934,70 e tendo a Carteira Nacional de Habilita\u00e7\u00e3o (CNH) apreendida, com suspens\u00e3o do direito de dirigir por 12 meses.<br \/>\nAl\u00e9m disso, foi enquadrado no Artigo 306 do C\u00f3digo de Tr\u00e2nsito Brasileiro por dirigir sob influ\u00eancia de \u00e1lcool. A pena para esse crime \u00e9 de deten\u00e7\u00e3o de 6 meses a 3 anos de pris\u00e3o.<br \/>\nSegundo a PRF, o delegado de plant\u00e3o da Central de Flagrantes arbitrou uma fian\u00e7a de R$ 4 mil para que o motorista pudesse responder em liberdade, mas ele informou que n\u00e3o pagaria o valor.<br \/>\nV\u00eddeos mais assistisos do g1 RN<\/p>","protected":false},"excerpt":{"rendered":"<p>Caso aconteceu na madrugada deste s\u00e1bado (21) pr\u00f3ximo \u00e0 Arena das Dunas, na capital potiguar. Motorista apresentava &#8216;dificuldade de equil\u00edbrio e odor et\u00edlico&#8217;, segundo PRF. Caso aconteceu na madrugada deste &#8230;<\/p>\n","protected":false},"author":0,"featured_media":11835,"parent":0,"menu_order":0,"comment_status":"closed","ping_status":"closed","template":"","meta":{"footnotes":""},"class_list":["post-11834","page","type-page","status-publish","has-post-thumbnail","hentry"],"yoast_head":"<!-- This site is optimized with the Yoast SEO plugin v27.1.1 - https:\/\/yoast.com\/product\/yoast-seo-wordpress\/ -->\n<title>Motorista \u00e9 preso embriagado e com pneu furado em blitz logo ap\u00f3s se envolver em acidente em Natal - Taveira Jr<\/title>\n<meta name=\"robots\" content=\"index, follow, max-snippet:-1, max-image-preview:large, max-video-preview:-1\" \/>\n<link rel=\"canonical\" href=\"https:\/\/deputadotaveirajr.com.br\/index.php\/motorista-e-preso-embriagado-e-com-pneu-furado-em-blitz-logo-apos-se-envolver-em-acidente-em-natal\/\" \/>\n<meta property=\"og:locale\" content=\"pt_BR\" \/>\n<meta property=\"og:type\" content=\"article\" \/>\n<meta property=\"og:title\" content=\"Motorista \u00e9 preso embriagado e com pneu furado em blitz logo ap\u00f3s se envolver em acidente em Natal - Taveira Jr\" \/>\n<meta property=\"og:description\" content=\"Caso aconteceu na madrugada deste s\u00e1bado (21) pr\u00f3ximo \u00e0 Arena das Dunas, na capital potiguar. Motorista apresentava &#8216;dificuldade de equil\u00edbrio e odor et\u00edlico&#8217;, segundo PRF. Caso aconteceu na madrugada deste ...\" \/>\n<meta property=\"og:url\" content=\"https:\/\/deputadotaveirajr.com.br\/index.php\/motorista-e-preso-embriagado-e-com-pneu-furado-em-blitz-logo-apos-se-envolver-em-acidente-em-natal\/\" \/>\n<meta property=\"og:site_name\" content=\"Taveira Jr\" \/>\n<meta property=\"og:image\" content=\"https:\/\/s2-g1.glbimg.com\/L1n5Lz_m71yOOH-KZ_2cdmQJLuM=\/i.s3.glbimg.com\/v1\/AUTH_59edd422c0c84a879bd37670ae4f538a\/internal_photos\/bs\/2024\/j\/i\/KZAOANQPyX2NzQYXfOJg\/prfj.jpg\" \/>\n<meta name=\"twitter:card\" content=\"summary_large_image\" \/>\n<meta name=\"twitter:label1\" content=\"Est. tempo de leitura\" \/>\n\t<meta name=\"twitter:data1\" content=\"2 minutos\" \/>\n<script type=\"application\/ld+json\" class=\"yoast-schema-graph\">{\"@context\":\"https:\/\/schema.org\",\"@graph\":[{\"@type\":\"WebPage\",\"@id\":\"https:\/\/deputadotaveirajr.com.br\/index.php\/motorista-e-preso-embriagado-e-com-pneu-furado-em-blitz-logo-apos-se-envolver-em-acidente-em-natal\/\",\"url\":\"https:\/\/deputadotaveirajr.com.br\/index.php\/motorista-e-preso-embriagado-e-com-pneu-furado-em-blitz-logo-apos-se-envolver-em-acidente-em-natal\/\",\"name\":\"Motorista \u00e9 preso embriagado e com pneu furado em blitz logo ap\u00f3s se envolver em acidente em Natal - Taveira Jr\",\"isPartOf\":{\"@id\":\"https:\/\/deputadotaveirajr.com.br\/#website\"},\"primaryImageOfPage\":{\"@id\":\"https:\/\/deputadotaveirajr.com.br\/index.php\/motorista-e-preso-embriagado-e-com-pneu-furado-em-blitz-logo-apos-se-envolver-em-acidente-em-natal\/#primaryimage\"},\"image\":{\"@id\":\"https:\/\/deputadotaveirajr.com.br\/index.php\/motorista-e-preso-embriagado-e-com-pneu-furado-em-blitz-logo-apos-se-envolver-em-acidente-em-natal\/#primaryimage\"},\"thumbnailUrl\":\"https:\/\/deputadotaveirajr.com.br\/wp-content\/uploads\/2024\/12\/prfj-qKUP0N.jpeg\",\"datePublished\":\"2024-12-21T12:01:05+00:00\",\"breadcrumb\":{\"@id\":\"https:\/\/deputadotaveirajr.com.br\/index.php\/motorista-e-preso-embriagado-e-com-pneu-furado-em-blitz-logo-apos-se-envolver-em-acidente-em-natal\/#breadcrumb\"},\"inLanguage\":\"pt-BR\",\"potentialAction\":[{\"@type\":\"ReadAction\",\"target\":[\"https:\/\/deputadotaveirajr.com.br\/index.php\/motorista-e-preso-embriagado-e-com-pneu-furado-em-blitz-logo-apos-se-envolver-em-acidente-em-natal\/\"]}]},{\"@type\":\"ImageObject\",\"inLanguage\":\"pt-BR\",\"@id\":\"https:\/\/deputadotaveirajr.com.br\/index.php\/motorista-e-preso-embriagado-e-com-pneu-furado-em-blitz-logo-apos-se-envolver-em-acidente-em-natal\/#primaryimage\",\"url\":\"https:\/\/deputadotaveirajr.com.br\/wp-content\/uploads\/2024\/12\/prfj-qKUP0N.jpeg\",\"contentUrl\":\"https:\/\/deputadotaveirajr.com.br\/wp-content\/uploads\/2024\/12\/prfj-qKUP0N.jpeg\",\"width\":713,\"height\":1152},{\"@type\":\"BreadcrumbList\",\"@id\":\"https:\/\/deputadotaveirajr.com.br\/index.php\/motorista-e-preso-embriagado-e-com-pneu-furado-em-blitz-logo-apos-se-envolver-em-acidente-em-natal\/#breadcrumb\",\"itemListElement\":[{\"@type\":\"ListItem\",\"position\":1,\"name\":\"In\u00edcio\",\"item\":\"https:\/\/deputadotaveirajr.com.br\/\"},{\"@type\":\"ListItem\",\"position\":2,\"name\":\"Motorista \u00e9 preso embriagado e com pneu furado em blitz logo ap\u00f3s se envolver em acidente em Natal\"}]},{\"@type\":\"WebSite\",\"@id\":\"https:\/\/deputadotaveirajr.com.br\/#website\",\"url\":\"https:\/\/deputadotaveirajr.com.br\/\",\"name\":\"Taveira Jr\",\"description\":\"Deputado Estadual\",\"publisher\":{\"@id\":\"https:\/\/deputadotaveirajr.com.br\/#organization\"},\"potentialAction\":[{\"@type\":\"SearchAction\",\"target\":{\"@type\":\"EntryPoint\",\"urlTemplate\":\"https:\/\/deputadotaveirajr.com.br\/?s={search_term_string}\"},\"query-input\":{\"@type\":\"PropertyValueSpecification\",\"valueRequired\":true,\"valueName\":\"search_term_string\"}}],\"inLanguage\":\"pt-BR\"},{\"@type\":\"Organization\",\"@id\":\"https:\/\/deputadotaveirajr.com.br\/#organization\",\"name\":\"Taveira Jr\",\"url\":\"https:\/\/deputadotaveirajr.com.br\/\",\"logo\":{\"@type\":\"ImageObject\",\"inLanguage\":\"pt-BR\",\"@id\":\"https:\/\/deputadotaveirajr.com.br\/#\/schema\/logo\/image\/\",\"url\":\"https:\/\/deputadotaveirajr.com.br\/wp-content\/uploads\/2026\/01\/logolow2a.png\",\"contentUrl\":\"https:\/\/deputadotaveirajr.com.br\/wp-content\/uploads\/2026\/01\/logolow2a.png\",\"width\":290,\"height\":80,\"caption\":\"Taveira Jr\"},\"image\":{\"@id\":\"https:\/\/deputadotaveirajr.com.br\/#\/schema\/logo\/image\/\"}}]}<\/script>\n<!-- \/ Yoast SEO plugin. -->","yoast_head_json":{"title":"Motorista \u00e9 preso embriagado e com pneu furado em blitz logo ap\u00f3s se envolver em acidente em Natal - Taveira Jr","robots":{"index":"index","follow":"follow","max-snippet":"max-snippet:-1","max-image-preview":"max-image-preview:large","max-video-preview":"max-video-preview:-1"},"canonical":"https:\/\/deputadotaveirajr.com.br\/index.php\/motorista-e-preso-embriagado-e-com-pneu-furado-em-blitz-logo-apos-se-envolver-em-acidente-em-natal\/","og_locale":"pt_BR","og_type":"article","og_title":"Motorista \u00e9 preso embriagado e com pneu furado em blitz logo ap\u00f3s se envolver em acidente em Natal - Taveira Jr","og_description":"Caso aconteceu na madrugada deste s\u00e1bado (21) pr\u00f3ximo \u00e0 Arena das Dunas, na capital potiguar. Motorista apresentava &#8216;dificuldade de equil\u00edbrio e odor et\u00edlico&#8217;, segundo PRF. Caso aconteceu na madrugada deste ...","og_url":"https:\/\/deputadotaveirajr.com.br\/index.php\/motorista-e-preso-embriagado-e-com-pneu-furado-em-blitz-logo-apos-se-envolver-em-acidente-em-natal\/","og_site_name":"Taveira Jr","og_image":[{"url":"https:\/\/s2-g1.glbimg.com\/L1n5Lz_m71yOOH-KZ_2cdmQJLuM=\/i.s3.glbimg.com\/v1\/AUTH_59edd422c0c84a879bd37670ae4f538a\/internal_photos\/bs\/2024\/j\/i\/KZAOANQPyX2NzQYXfOJg\/prfj.jpg","type":"","width":"","height":""}],"twitter_card":"summary_large_image","twitter_misc":{"Est. tempo de leitura":"2 minutos"},"schema":{"@context":"https:\/\/schema.org","@graph":[{"@type":"WebPage","@id":"https:\/\/deputadotaveirajr.com.br\/index.php\/motorista-e-preso-embriagado-e-com-pneu-furado-em-blitz-logo-apos-se-envolver-em-acidente-em-natal\/","url":"https:\/\/deputadotaveirajr.com.br\/index.php\/motorista-e-preso-embriagado-e-com-pneu-furado-em-blitz-logo-apos-se-envolver-em-acidente-em-natal\/","name":"Motorista \u00e9 preso embriagado e com pneu furado em blitz logo ap\u00f3s se envolver em acidente em Natal - Taveira Jr","isPartOf":{"@id":"https:\/\/deputadotaveirajr.com.br\/#website"},"primaryImageOfPage":{"@id":"https:\/\/deputadotaveirajr.com.br\/index.php\/motorista-e-preso-embriagado-e-com-pneu-furado-em-blitz-logo-apos-se-envolver-em-acidente-em-natal\/#primaryimage"},"image":{"@id":"https:\/\/deputadotaveirajr.com.br\/index.php\/motorista-e-preso-embriagado-e-com-pneu-furado-em-blitz-logo-apos-se-envolver-em-acidente-em-natal\/#primaryimage"},"thumbnailUrl":"https:\/\/deputadotaveirajr.com.br\/wp-content\/uploads\/2024\/12\/prfj-qKUP0N.jpeg","datePublished":"2024-12-21T12:01:05+00:00","breadcrumb":{"@id":"https:\/\/deputadotaveirajr.com.br\/index.php\/motorista-e-preso-embriagado-e-com-pneu-furado-em-blitz-logo-apos-se-envolver-em-acidente-em-natal\/#breadcrumb"},"inLanguage":"pt-BR","potentialAction":[{"@type":"ReadAction","target":["https:\/\/deputadotaveirajr.com.br\/index.php\/motorista-e-preso-embriagado-e-com-pneu-furado-em-blitz-logo-apos-se-envolver-em-acidente-em-natal\/"]}]},{"@type":"ImageObject","inLanguage":"pt-BR","@id":"https:\/\/deputadotaveirajr.com.br\/index.php\/motorista-e-preso-embriagado-e-com-pneu-furado-em-blitz-logo-apos-se-envolver-em-acidente-em-natal\/#primaryimage","url":"https:\/\/deputadotaveirajr.com.br\/wp-content\/uploads\/2024\/12\/prfj-qKUP0N.jpeg","contentUrl":"https:\/\/deputadotaveirajr.com.br\/wp-content\/uploads\/2024\/12\/prfj-qKUP0N.jpeg","width":713,"height":1152},{"@type":"BreadcrumbList","@id":"https:\/\/deputadotaveirajr.com.br\/index.php\/motorista-e-preso-embriagado-e-com-pneu-furado-em-blitz-logo-apos-se-envolver-em-acidente-em-natal\/#breadcrumb","itemListElement":[{"@type":"ListItem","position":1,"name":"In\u00edcio","item":"https:\/\/deputadotaveirajr.com.br\/"},{"@type":"ListItem","position":2,"name":"Motorista \u00e9 preso embriagado e com pneu furado em blitz logo ap\u00f3s se envolver em acidente em Natal"}]},{"@type":"WebSite","@id":"https:\/\/deputadotaveirajr.com.br\/#website","url":"https:\/\/deputadotaveirajr.com.br\/","name":"Taveira Jr","description":"Deputado Estadual","publisher":{"@id":"https:\/\/deputadotaveirajr.com.br\/#organization"},"potentialAction":[{"@type":"SearchAction","target":{"@type":"EntryPoint","urlTemplate":"https:\/\/deputadotaveirajr.com.br\/?s={search_term_string}"},"query-input":{"@type":"PropertyValueSpecification","valueRequired":true,"valueName":"search_term_string"}}],"inLanguage":"pt-BR"},{"@type":"Organization","@id":"https:\/\/deputadotaveirajr.com.br\/#organization","name":"Taveira Jr","url":"https:\/\/deputadotaveirajr.com.br\/","logo":{"@type":"ImageObject","inLanguage":"pt-BR","@id":"https:\/\/deputadotaveirajr.com.br\/#\/schema\/logo\/image\/","url":"https:\/\/deputadotaveirajr.com.br\/wp-content\/uploads\/2026\/01\/logolow2a.png","contentUrl":"https:\/\/deputadotaveirajr.com.br\/wp-content\/uploads\/2026\/01\/logolow2a.png","width":290,"height":80,"caption":"Taveira Jr"},"image":{"@id":"https:\/\/deputadotaveirajr.com.br\/#\/schema\/logo\/image\/"}}]}},"_links":{"self":[{"href":"https:\/\/deputadotaveirajr.com.br\/index.php\/wp-json\/wp\/v2\/pages\/11834","targetHints":{"allow":["GET"]}}],"collection":[{"href":"https:\/\/deputadotaveirajr.com.br\/index.php\/wp-json\/wp\/v2\/pages"}],"about":[{"href":"https:\/\/deputadotaveirajr.com.br\/index.php\/wp-json\/wp\/v2\/types\/page"}],"replies":[{"embeddable":true,"href":"https:\/\/deputadotaveirajr.com.br\/index.php\/wp-json\/wp\/v2\/comments?post=11834"}],"version-history":[{"count":0,"href":"https:\/\/deputadotaveirajr.com.br\/index.php\/wp-json\/wp\/v2\/pages\/11834\/revisions"}],"wp:featuredmedia":[{"embeddable":true,"href":"https:\/\/deputadotaveirajr.com.br\/index.php\/wp-json\/wp\/v2\/media\/11835"}],"wp:attachment":[{"href":"https:\/\/deputadotaveirajr.com.br\/index.php\/wp-json\/wp\/v2\/media?parent=11834"}],"curies":[{"name":"wp","href":"https:\/\/api.w.org\/{rel}","templated":true}]}}