{"id":11840,"date":"2024-12-21T11:50:30","date_gmt":"2024-12-21T14:50:30","guid":{"rendered":"https:\/\/deputadotaveirajr.com.br\/index.php\/veja-previsao-do-tempo-para-o-primeiros-dias-do-verao-no-rn\/"},"modified":"2024-12-21T11:50:30","modified_gmt":"2024-12-21T14:50:30","slug":"veja-previsao-do-tempo-para-o-primeiros-dias-do-verao-no-rn","status":"publish","type":"page","link":"https:\/\/deputadotaveirajr.com.br\/index.php\/veja-previsao-do-tempo-para-o-primeiros-dias-do-verao-no-rn\/","title":{"rendered":"Veja previs\u00e3o do tempo para o primeiros dias do ver\u00e3o no RN"},"content":{"rendered":"<p><img decoding=\"async\" src=\"https:\/\/s2-g1.glbimg.com\/Jp8pkoqQxtbBum7-7REr2tvK2_I=\/i.s3.glbimg.com\/v1\/AUTH_59edd422c0c84a879bd37670ae4f538a\/internal_photos\/bs\/2022\/Y\/3\/ikcQDuQWuto3eCRpuRUQ\/whatsapp-image-2022-12-14-at-15.41.56-1-.jpeg\" \/><br \/>     g1 reuniu previs\u00f5es de algumas das principais cidades do estado at\u00e9 o dia do Natal, em 25 de dezembro. H\u00e1 possibilidade de temperaturas elevadas e chuvas. Praia do Meio, Natal, RN<br \/>\nS\u00e9rgio Henrique Santos\/Inter TV Cabugi\/ARQUIVO<br \/>\nO Rio Grande do Norte vai ter dias de sol, temperaturas altas e alguns momentos de pancadas de chuvas em algumas das principais cidades do estado neste in\u00edcio de ver\u00e3o, que come\u00e7ou neste s\u00e1bado (21).<br \/>\n\ud83d\udcf3Participe do canal do g1 RN no WhatsApp<br \/>\nO g1 reuniu a previs\u00e3o do tempo de cidades importantes de algumas regi\u00f5es do estado &#8211; algumas delas tur\u00edsticas &#8211; para o fim de semana at\u00e9 as festas natalinas, em 24 e 25 de dezembro &#8211; ter\u00e7a e quarta.<br \/>\nAs temperaturas chegam a at\u00e9 38\u00baC, como em Caic\u00f3, mas h\u00e1 possibilidade de temperaturas mais baixas, como de 22\u00baC em Monte das Gameleiras.<br \/>\nAs informa\u00e7\u00f5es meteorol\u00f3gicas foram fornecidas pelo Climatempo.<br \/>\nNatal<br \/>\nS\u00e1bado: Sol com algumas nuvens e chuva r\u00e1pida durante o dia e \u00e0 noite.<br \/>\nM\u00ednima: 24\u00b0C | M\u00e1xima: 31\u00b0C<br \/>\nDomingo: Sol com algumas nuvens e chuva passageira durante o dia. \u00c0 noite o tempo fica firme.<br \/>\nM\u00ednima: 24\u00b0C | M\u00e1xima: 31\u00baC<br \/>\nSegunda-feira: Sol com nuvens. Chove r\u00e1pido durante o dia e \u00e0 noite.<br \/>\nM\u00ednima: 25\u00b0C | M\u00e1xima: 32\u00b0C<br \/>\nTer\u00e7a-feira: Nublado pela manh\u00e3 com possibilidade de garoa. Sol aparece a tarde, com pouca nebulosidade. Noite com algumas nuvens.<br \/>\nM\u00ednima: 24\u00baC | M\u00e1xima:  32\u00baC<br \/>\nQuarta-feira: Sol com algumas nuves e chuva passageira durante o dia. Tempo firme \u00e0 noite.<br \/>\nM\u00ednima: 24\u00baC | M\u00e1xima:  32\u00baC<br \/>\nMossor\u00f3<br \/>\nS\u00e1bado: Sol com algumas nuvens e chuva passageira. \u00c0 noite, muitas nuvens, mas com o tempo firme.<br \/>\nM\u00ednima: 25\u00b0C | M\u00e1xima: 35\u00b0C<br \/>\nDomingo: Sol e aumento de nuvens de manh\u00e3. Pancadas de chuva \u00e0 tarde. \u00c0 noite, o sol volta a limpar.<br \/>\nM\u00ednima: 25\u00b0C | M\u00e1xima: 36\u00b0C<br \/>\nSegunda-feira: Sol com muitas nuvens durante o dia e per\u00edodos de c\u00e9u nublado. Noite com muitas nuvens.<br \/>\nM\u00ednima: 24\u00b0C | M\u00e1xima: 37\u00b0C<br \/>\nTer\u00e7a-feira: Sol com algumas nuvens. Chove r\u00e1pido durante o dia e \u00e0 noite.<br \/>\nM\u00ednima: 25\u00b0C | M\u00e1xima: 35\u00b0C<br \/>\nQuarta-feira: Sol e aumento de nuvens de manh\u00e3. Pancadas de chuva \u00e0 tarde e \u00e0 noite.<br \/>\nM\u00ednima: 25\u00b0C | M\u00e1xima: 35\u00b0C<\/p>\n<p>Caic\u00f3<br \/>\nS\u00e1bado: Sol com muitas nuvens durante o dia e per\u00edodos de c\u00e9u nublado. Noite com muitas nuvens.<br \/>\nM\u00ednima: 25\u00baC | M\u00e1xima: 37\u00baC<br \/>\nDomingo: Sol com algumas nuvens. N\u00e3o chove.<br \/>\nM\u00ednima: 25\u00baC | M\u00e1xima: 38\u00baC<br \/>\nSegunda-feira: Sol com algumas nuvens e n\u00e9voa ao amanhecer. Noite com poucas nuvens.<br \/>\nM\u00ednima: 24\u00baC | M\u00e1xima: 38\u00baC<br \/>\nTer\u00e7a-feira: Sol com algumas nuvens. N\u00e3o chove.<br \/>\nM\u00ednima: 25\u00baC | M\u00e1xima: 37\u00baC<br \/>\nQuarta-feira: Sol com algumas nuves ao longo do dia. Noite de c\u00e9u limpo.<br \/>\nM\u00ednima: 24\u00baC | M\u00e1xima: 37\u00baC<\/p>\n<p>Tibau do Sul (Pipa)<br \/>\nS\u00e1bado: Sol com algumas nuvens. Chove r\u00e1pido durante o dia e \u00e0 noite. M\u00ednima: 24\u00baC | M\u00e1xima: 30\u00baC<br \/>\nDomingo: Sol com chuva de manh\u00e3 e diminui\u00e7\u00e3o de nuvens \u00e0 tarde. Noite com pouca nebulosidade.<br \/>\nM\u00ednima: 24\u00baC | M\u00e1xima: 31\u00baC<br \/>\nSegunda-feira: Sol com muitas nuvens. Pancadas de chuva \u00e0 tarde e \u00e0 noite.<br \/>\nM\u00ednima: 25\u00baC | M\u00e1xima: 31\u00baC<br \/>\nTer\u00e7a-feira: Sol com aumento de nuvens ao longo do dia. \u00c0 noite ocorrem pancadas de chuva.<br \/>\nM\u00ednima: 24\u00baC | M\u00e1xima: 31\u00baC<br \/>\nQuarta-feira: Sol com chuva de manh\u00e3 e diminui\u00e7\u00e3o de nuvens \u00e0 tarde. Noite com pouca nebulosidade.<br \/>\nM\u00ednima: 24\u00baC | M\u00e1xima: 31\u00baC<br \/>\nS\u00e3o Miguel do Gostoso<br \/>\nS\u00e1bado: Sol com panchadas de chuvas de manh\u00e3 e muitas nuvens \u00e0 tarde. \u00c0 noite, tempo firme.<br \/>\nM\u00ednima: 24\u00baC | M\u00e1xima: 31\u00baC<br \/>\nDomingo: Sol com chuva de manh\u00e3 e diminui\u00e7\u00e3o de nuvens \u00e0 tarde. Noite com pouca nebulosidade.<br \/>\nM\u00ednima: 25\u00baC | M\u00e1xima: 32\u00baC<br \/>\nSegunda-feira: Sol com algumas nuvens. N\u00e3o chove.<br \/>\nM\u00ednima: 25\u00baC | M\u00e1xima: 32\u00baC<br \/>\nTer\u00e7a-feira:  Sol com chuva de manh\u00e3 e diminui\u00e7\u00e3o de nuvens \u00e0 tarde. Noite com pouca nebulosidade.<br \/>\nM\u00ednima: 24\u00baC | M\u00e1xima: 32\u00baC<br \/>\nQuarta-feira: Sol com algumas nuvens. N\u00e3o chove.<br \/>\nM\u00ednima: 24\u00baC | M\u00e1xima: 33\u00baC<br \/>\nPau dos Ferros<br \/>\nS\u00e1bado: Sol com muitas nuvens durante o dia e per\u00edodos de c\u00e9u nublado. Noite com muitas nuvens.<br \/>\nM\u00ednima: 24\u00baC | M\u00e1xima: 35\u00baC<br \/>\nDomingo: Sol com algumas nuvens durante o dia. \u00c0 noite o c\u00e9u fica com muitas nuvens, mas n\u00e3o chove.<br \/>\nM\u00ednima: 25\u00baC | M\u00e1xima: 36\u00baC<br \/>\nSegunda-feira: Sol com muitas nuvens durante o dia e per\u00edodos de c\u00e9u nublado. Noite com muitas nuvens.<br \/>\nM\u00ednima: 25\u00baC | M\u00e1xima: 37\u00baC<br \/>\nTer\u00e7a-feira: Sol com algumas nuvens. N\u00e3o chove.<br \/>\nM\u00ednima: 25\u00baC | M\u00e1xima: 36\u00baC<br \/>\nQuarta-feira: Sol e muitas nuvens \u00e0 tarde. \u00c0 noite o c\u00e9u ainda fica com muita nebulosidade, mas n\u00e3o chove.<br \/>\nM\u00ednima: 25\u00baC | M\u00e1xima: 35\u00baC<br \/>\nMartins<br \/>\nS\u00e1bado: Sol com muitas nuvens durante o dia e per\u00edodos de c\u00e9u nublado. Noite com muitas nuvens.<br \/>\nM\u00ednima: 23\u00baC | M\u00e1xima: 34\u00baC<br \/>\nDomingo:  Sol com aumento de nuvens \u00e0 tarde. Muitas nuvens \u00e0 noite, mas n\u00e3o chove.<br \/>\nM\u00ednima: 23\u00baC | M\u00e1xima: 34\u00baC<br \/>\nSegunda-feira: Sol com muitas nuvens durante o dia e per\u00edodos de c\u00e9u nublado. Noite com muitas nuvens.<br \/>\nM\u00ednima: 23\u00baC | M\u00e1xima: 35\u00baC<br \/>\nTer\u00e7a-feira:  Sol com algumas nuvens. N\u00e3o chove<br \/>\nM\u00ednima: 24\u00baC | M\u00e1xima: 35\u00baC<br \/>\nQuarta-feira: Sol e muitas nuvens \u00e1 tarde. \u00c0 noite o c\u00e9u ainda fica com muita nebulosidade, mas n\u00e3o chove.<br \/>\nM\u00ednima: 23\u00baC | M\u00e1xima: 34\u00baC<br \/>\nMonte das Gameleiras<br \/>\nS\u00e1bado: Sol com algumas nuvens e chuva passageira. \u00c0 noite, muitas nuvens, mas com o tempo firme.<br \/>\nM\u00ednima: 23\u00baC | M\u00e1xima: 31\u00baC<br \/>\nDomingo:  Sol com chuva de manh\u00e3 e diminui\u00e7\u00e3o de nuvens \u00e0 tarde. Noite com muita nebulosidade.<br \/>\nM\u00ednima: 23\u00baC | M\u00e1xima: 32\u00baC<br \/>\nSegunda-feira: Previs\u00e3o do tempo para segunda-feira \u00e9 de sol com muitas nuvens durante o dia e per\u00edodos de c\u00e9u nublado. Noite com muitas nuvens.<br \/>\nM\u00ednima: 22\u00baC | M\u00e1xima: 33\u00baC<br \/>\nTer\u00e7a-feira:  Muitas nuvens o dia todo, com aberturas de sol.<br \/>\nM\u00ednima: 23\u00baC | M\u00e1xima: 32\u00baC<br \/>\nQuarta-feira: Dia de sol com algumas nuvens e n\u00e9voa ao amanhecer. Noite com poucas nuvens.<br \/>\nM\u00ednima: 23\u00baC | M\u00e1xima: 33\u00baC<br \/>\nVer\u00e3o come\u00e7a com temporais na maior parte do Brasil; veja a previs\u00e3o<br \/>\nV\u00eddeos mais assistidos do g1 RN<\/p>","protected":false},"excerpt":{"rendered":"<p>g1 reuniu previs\u00f5es de algumas das principais cidades do estado at\u00e9 o dia do Natal, em 25 de dezembro. H\u00e1 possibilidade de temperaturas elevadas e chuvas. Praia do Meio, Natal, &#8230;<\/p>\n","protected":false},"author":0,"featured_media":11841,"parent":0,"menu_order":0,"comment_status":"closed","ping_status":"closed","template":"","meta":{"footnotes":""},"class_list":["post-11840","page","type-page","status-publish","has-post-thumbnail","hentry"],"yoast_head":"<!-- This site is optimized with the Yoast SEO plugin v27.1.1 - https:\/\/yoast.com\/product\/yoast-seo-wordpress\/ -->\n<title>Veja previs\u00e3o do tempo para o primeiros dias do ver\u00e3o no RN - Taveira Jr<\/title>\n<meta name=\"robots\" content=\"index, follow, max-snippet:-1, max-image-preview:large, max-video-preview:-1\" \/>\n<link rel=\"canonical\" href=\"https:\/\/deputadotaveirajr.com.br\/index.php\/veja-previsao-do-tempo-para-o-primeiros-dias-do-verao-no-rn\/\" \/>\n<meta property=\"og:locale\" content=\"pt_BR\" \/>\n<meta property=\"og:type\" content=\"article\" \/>\n<meta property=\"og:title\" content=\"Veja previs\u00e3o do tempo para o primeiros dias do ver\u00e3o no RN - Taveira Jr\" \/>\n<meta property=\"og:description\" content=\"g1 reuniu previs\u00f5es de algumas das principais cidades do estado at\u00e9 o dia do Natal, em 25 de dezembro. H\u00e1 possibilidade de temperaturas elevadas e chuvas. Praia do Meio, Natal, ...\" \/>\n<meta property=\"og:url\" content=\"https:\/\/deputadotaveirajr.com.br\/index.php\/veja-previsao-do-tempo-para-o-primeiros-dias-do-verao-no-rn\/\" \/>\n<meta property=\"og:site_name\" content=\"Taveira Jr\" \/>\n<meta property=\"og:image\" content=\"https:\/\/s2-g1.glbimg.com\/Jp8pkoqQxtbBum7-7REr2tvK2_I=\/i.s3.glbimg.com\/v1\/AUTH_59edd422c0c84a879bd37670ae4f538a\/internal_photos\/bs\/2022\/Y\/3\/ikcQDuQWuto3eCRpuRUQ\/whatsapp-image-2022-12-14-at-15.41.56-1-.jpeg\" \/>\n<meta name=\"twitter:card\" content=\"summary_large_image\" \/>\n<meta name=\"twitter:label1\" content=\"Est. tempo de leitura\" \/>\n\t<meta name=\"twitter:data1\" content=\"5 minutos\" \/>\n<script type=\"application\/ld+json\" class=\"yoast-schema-graph\">{\"@context\":\"https:\/\/schema.org\",\"@graph\":[{\"@type\":\"WebPage\",\"@id\":\"https:\/\/deputadotaveirajr.com.br\/index.php\/veja-previsao-do-tempo-para-o-primeiros-dias-do-verao-no-rn\/\",\"url\":\"https:\/\/deputadotaveirajr.com.br\/index.php\/veja-previsao-do-tempo-para-o-primeiros-dias-do-verao-no-rn\/\",\"name\":\"Veja previs\u00e3o do tempo para o primeiros dias do ver\u00e3o no RN - Taveira Jr\",\"isPartOf\":{\"@id\":\"https:\/\/deputadotaveirajr.com.br\/#website\"},\"primaryImageOfPage\":{\"@id\":\"https:\/\/deputadotaveirajr.com.br\/index.php\/veja-previsao-do-tempo-para-o-primeiros-dias-do-verao-no-rn\/#primaryimage\"},\"image\":{\"@id\":\"https:\/\/deputadotaveirajr.com.br\/index.php\/veja-previsao-do-tempo-para-o-primeiros-dias-do-verao-no-rn\/#primaryimage\"},\"thumbnailUrl\":\"https:\/\/deputadotaveirajr.com.br\/wp-content\/uploads\/2024\/12\/whatsapp-image-2022-12-14-at-15.41.56-1-hyimKO.jpeg\",\"datePublished\":\"2024-12-21T14:50:30+00:00\",\"breadcrumb\":{\"@id\":\"https:\/\/deputadotaveirajr.com.br\/index.php\/veja-previsao-do-tempo-para-o-primeiros-dias-do-verao-no-rn\/#breadcrumb\"},\"inLanguage\":\"pt-BR\",\"potentialAction\":[{\"@type\":\"ReadAction\",\"target\":[\"https:\/\/deputadotaveirajr.com.br\/index.php\/veja-previsao-do-tempo-para-o-primeiros-dias-do-verao-no-rn\/\"]}]},{\"@type\":\"ImageObject\",\"inLanguage\":\"pt-BR\",\"@id\":\"https:\/\/deputadotaveirajr.com.br\/index.php\/veja-previsao-do-tempo-para-o-primeiros-dias-do-verao-no-rn\/#primaryimage\",\"url\":\"https:\/\/deputadotaveirajr.com.br\/wp-content\/uploads\/2024\/12\/whatsapp-image-2022-12-14-at-15.41.56-1-hyimKO.jpeg\",\"contentUrl\":\"https:\/\/deputadotaveirajr.com.br\/wp-content\/uploads\/2024\/12\/whatsapp-image-2022-12-14-at-15.41.56-1-hyimKO.jpeg\",\"width\":1152,\"height\":648},{\"@type\":\"BreadcrumbList\",\"@id\":\"https:\/\/deputadotaveirajr.com.br\/index.php\/veja-previsao-do-tempo-para-o-primeiros-dias-do-verao-no-rn\/#breadcrumb\",\"itemListElement\":[{\"@type\":\"ListItem\",\"position\":1,\"name\":\"In\u00edcio\",\"item\":\"https:\/\/deputadotaveirajr.com.br\/\"},{\"@type\":\"ListItem\",\"position\":2,\"name\":\"Veja previs\u00e3o do tempo para o primeiros dias do ver\u00e3o no RN\"}]},{\"@type\":\"WebSite\",\"@id\":\"https:\/\/deputadotaveirajr.com.br\/#website\",\"url\":\"https:\/\/deputadotaveirajr.com.br\/\",\"name\":\"Taveira Jr\",\"description\":\"Deputado Estadual\",\"publisher\":{\"@id\":\"https:\/\/deputadotaveirajr.com.br\/#organization\"},\"potentialAction\":[{\"@type\":\"SearchAction\",\"target\":{\"@type\":\"EntryPoint\",\"urlTemplate\":\"https:\/\/deputadotaveirajr.com.br\/?s={search_term_string}\"},\"query-input\":{\"@type\":\"PropertyValueSpecification\",\"valueRequired\":true,\"valueName\":\"search_term_string\"}}],\"inLanguage\":\"pt-BR\"},{\"@type\":\"Organization\",\"@id\":\"https:\/\/deputadotaveirajr.com.br\/#organization\",\"name\":\"Taveira Jr\",\"url\":\"https:\/\/deputadotaveirajr.com.br\/\",\"logo\":{\"@type\":\"ImageObject\",\"inLanguage\":\"pt-BR\",\"@id\":\"https:\/\/deputadotaveirajr.com.br\/#\/schema\/logo\/image\/\",\"url\":\"https:\/\/deputadotaveirajr.com.br\/wp-content\/uploads\/2026\/01\/logolow2a.png\",\"contentUrl\":\"https:\/\/deputadotaveirajr.com.br\/wp-content\/uploads\/2026\/01\/logolow2a.png\",\"width\":290,\"height\":80,\"caption\":\"Taveira Jr\"},\"image\":{\"@id\":\"https:\/\/deputadotaveirajr.com.br\/#\/schema\/logo\/image\/\"}}]}<\/script>\n<!-- \/ Yoast SEO plugin. -->","yoast_head_json":{"title":"Veja previs\u00e3o do tempo para o primeiros dias do ver\u00e3o no RN - Taveira Jr","robots":{"index":"index","follow":"follow","max-snippet":"max-snippet:-1","max-image-preview":"max-image-preview:large","max-video-preview":"max-video-preview:-1"},"canonical":"https:\/\/deputadotaveirajr.com.br\/index.php\/veja-previsao-do-tempo-para-o-primeiros-dias-do-verao-no-rn\/","og_locale":"pt_BR","og_type":"article","og_title":"Veja previs\u00e3o do tempo para o primeiros dias do ver\u00e3o no RN - Taveira Jr","og_description":"g1 reuniu previs\u00f5es de algumas das principais cidades do estado at\u00e9 o dia do Natal, em 25 de dezembro. H\u00e1 possibilidade de temperaturas elevadas e chuvas. Praia do Meio, Natal, ...","og_url":"https:\/\/deputadotaveirajr.com.br\/index.php\/veja-previsao-do-tempo-para-o-primeiros-dias-do-verao-no-rn\/","og_site_name":"Taveira Jr","og_image":[{"url":"https:\/\/s2-g1.glbimg.com\/Jp8pkoqQxtbBum7-7REr2tvK2_I=\/i.s3.glbimg.com\/v1\/AUTH_59edd422c0c84a879bd37670ae4f538a\/internal_photos\/bs\/2022\/Y\/3\/ikcQDuQWuto3eCRpuRUQ\/whatsapp-image-2022-12-14-at-15.41.56-1-.jpeg","type":"","width":"","height":""}],"twitter_card":"summary_large_image","twitter_misc":{"Est. tempo de leitura":"5 minutos"},"schema":{"@context":"https:\/\/schema.org","@graph":[{"@type":"WebPage","@id":"https:\/\/deputadotaveirajr.com.br\/index.php\/veja-previsao-do-tempo-para-o-primeiros-dias-do-verao-no-rn\/","url":"https:\/\/deputadotaveirajr.com.br\/index.php\/veja-previsao-do-tempo-para-o-primeiros-dias-do-verao-no-rn\/","name":"Veja previs\u00e3o do tempo para o primeiros dias do ver\u00e3o no RN - Taveira Jr","isPartOf":{"@id":"https:\/\/deputadotaveirajr.com.br\/#website"},"primaryImageOfPage":{"@id":"https:\/\/deputadotaveirajr.com.br\/index.php\/veja-previsao-do-tempo-para-o-primeiros-dias-do-verao-no-rn\/#primaryimage"},"image":{"@id":"https:\/\/deputadotaveirajr.com.br\/index.php\/veja-previsao-do-tempo-para-o-primeiros-dias-do-verao-no-rn\/#primaryimage"},"thumbnailUrl":"https:\/\/deputadotaveirajr.com.br\/wp-content\/uploads\/2024\/12\/whatsapp-image-2022-12-14-at-15.41.56-1-hyimKO.jpeg","datePublished":"2024-12-21T14:50:30+00:00","breadcrumb":{"@id":"https:\/\/deputadotaveirajr.com.br\/index.php\/veja-previsao-do-tempo-para-o-primeiros-dias-do-verao-no-rn\/#breadcrumb"},"inLanguage":"pt-BR","potentialAction":[{"@type":"ReadAction","target":["https:\/\/deputadotaveirajr.com.br\/index.php\/veja-previsao-do-tempo-para-o-primeiros-dias-do-verao-no-rn\/"]}]},{"@type":"ImageObject","inLanguage":"pt-BR","@id":"https:\/\/deputadotaveirajr.com.br\/index.php\/veja-previsao-do-tempo-para-o-primeiros-dias-do-verao-no-rn\/#primaryimage","url":"https:\/\/deputadotaveirajr.com.br\/wp-content\/uploads\/2024\/12\/whatsapp-image-2022-12-14-at-15.41.56-1-hyimKO.jpeg","contentUrl":"https:\/\/deputadotaveirajr.com.br\/wp-content\/uploads\/2024\/12\/whatsapp-image-2022-12-14-at-15.41.56-1-hyimKO.jpeg","width":1152,"height":648},{"@type":"BreadcrumbList","@id":"https:\/\/deputadotaveirajr.com.br\/index.php\/veja-previsao-do-tempo-para-o-primeiros-dias-do-verao-no-rn\/#breadcrumb","itemListElement":[{"@type":"ListItem","position":1,"name":"In\u00edcio","item":"https:\/\/deputadotaveirajr.com.br\/"},{"@type":"ListItem","position":2,"name":"Veja previs\u00e3o do tempo para o primeiros dias do ver\u00e3o no RN"}]},{"@type":"WebSite","@id":"https:\/\/deputadotaveirajr.com.br\/#website","url":"https:\/\/deputadotaveirajr.com.br\/","name":"Taveira Jr","description":"Deputado Estadual","publisher":{"@id":"https:\/\/deputadotaveirajr.com.br\/#organization"},"potentialAction":[{"@type":"SearchAction","target":{"@type":"EntryPoint","urlTemplate":"https:\/\/deputadotaveirajr.com.br\/?s={search_term_string}"},"query-input":{"@type":"PropertyValueSpecification","valueRequired":true,"valueName":"search_term_string"}}],"inLanguage":"pt-BR"},{"@type":"Organization","@id":"https:\/\/deputadotaveirajr.com.br\/#organization","name":"Taveira Jr","url":"https:\/\/deputadotaveirajr.com.br\/","logo":{"@type":"ImageObject","inLanguage":"pt-BR","@id":"https:\/\/deputadotaveirajr.com.br\/#\/schema\/logo\/image\/","url":"https:\/\/deputadotaveirajr.com.br\/wp-content\/uploads\/2026\/01\/logolow2a.png","contentUrl":"https:\/\/deputadotaveirajr.com.br\/wp-content\/uploads\/2026\/01\/logolow2a.png","width":290,"height":80,"caption":"Taveira Jr"},"image":{"@id":"https:\/\/deputadotaveirajr.com.br\/#\/schema\/logo\/image\/"}}]}},"_links":{"self":[{"href":"https:\/\/deputadotaveirajr.com.br\/index.php\/wp-json\/wp\/v2\/pages\/11840","targetHints":{"allow":["GET"]}}],"collection":[{"href":"https:\/\/deputadotaveirajr.com.br\/index.php\/wp-json\/wp\/v2\/pages"}],"about":[{"href":"https:\/\/deputadotaveirajr.com.br\/index.php\/wp-json\/wp\/v2\/types\/page"}],"replies":[{"embeddable":true,"href":"https:\/\/deputadotaveirajr.com.br\/index.php\/wp-json\/wp\/v2\/comments?post=11840"}],"version-history":[{"count":0,"href":"https:\/\/deputadotaveirajr.com.br\/index.php\/wp-json\/wp\/v2\/pages\/11840\/revisions"}],"wp:featuredmedia":[{"embeddable":true,"href":"https:\/\/deputadotaveirajr.com.br\/index.php\/wp-json\/wp\/v2\/media\/11841"}],"wp:attachment":[{"href":"https:\/\/deputadotaveirajr.com.br\/index.php\/wp-json\/wp\/v2\/media?parent=11840"}],"curies":[{"name":"wp","href":"https:\/\/api.w.org\/{rel}","templated":true}]}}