{"id":11846,"date":"2024-12-22T09:52:51","date_gmt":"2024-12-22T12:52:51","guid":{"rendered":"https:\/\/deputadotaveirajr.com.br\/index.php\/criminosos-furtam-fios-de-postes-e-deixam-rua-sem-iluminacao-na-zona-leste-de-natal\/"},"modified":"2024-12-22T09:52:51","modified_gmt":"2024-12-22T12:52:51","slug":"criminosos-furtam-fios-de-postes-e-deixam-rua-sem-iluminacao-na-zona-leste-de-natal","status":"publish","type":"page","link":"https:\/\/deputadotaveirajr.com.br\/index.php\/criminosos-furtam-fios-de-postes-e-deixam-rua-sem-iluminacao-na-zona-leste-de-natal\/","title":{"rendered":"Criminosos furtam fios de postes e deixam rua sem ilumina\u00e7\u00e3o na Zona Leste de Natal"},"content":{"rendered":"<p><img decoding=\"async\" src=\"https:\/\/s2-g1.glbimg.com\/-1n3fTcTJVTbLxauIBbJMUHVYkc=\/i.s3.glbimg.com\/v1\/AUTH_59edd422c0c84a879bd37670ae4f538a\/internal_photos\/bs\/2024\/8\/1\/gomuaATymgaoAk7iVIkw\/captura-de-tela-2024-12-22-095108.jpg\" \/><br \/>     Fios de seis postes foram furtados na Praia do Meio, tr\u00eas meses ap\u00f3s a instala\u00e7\u00e3o do novo sistema el\u00e9trico. Criminosos destroem cal\u00e7ada e roubam fia\u00e7\u00e3o<br \/>\nA ilumina\u00e7\u00e3o da Avenida 25 de Dezembro, na Praia do Meio, em Natal, foi comprometida ap\u00f3s criminosos furtarem os fios dos postes. Para acessar o cabeamento, os suspeitos destru\u00edram as cal\u00e7adas entre as ruas Padre Lemos e T\u00falio Fernandes, retirando pedras e condu\u00edtes.<br \/>\nSeis postes foram afetados, e buracos foram deixados ao redor das estruturas. No local, uma faca foi encontrada.<br \/>\n\ud83d\udcf3Participe do canal do g1 RN no WhatsApp<br \/>\nO sistema de ilumina\u00e7\u00e3o havia sido instalado h\u00e1 cerca tr\u00eas meses como parte de uma obra de urbaniza\u00e7\u00e3o realizada pela prefeitura.<br \/>\nA Secretaria Municipal de Servi\u00e7os Urbanos (Semsur) informou que j\u00e1 acionou a empresa respons\u00e1vel pela manuten\u00e7\u00e3o para restabelecer a ilumina\u00e7\u00e3o.<br \/>\nUm morador, que preferiu n\u00e3o se identificar, relatou que a\u00e7\u00f5es como essa s\u00e3o frequentes na regi\u00e3o. \u201cEssa avenida estava toda iluminada, como a gente quer, com mais seguran\u00e7a. Tentaram roubar a fia\u00e7\u00e3o, roubaram alguns fios e outros n\u00e3o, e a gente fica no preju\u00edzo.\u201d<br \/>\nA Prefeitura de Natal destacou que o furto de cabeamento \u00e9 crime e que todas as ocorr\u00eancias s\u00e3o repassadas \u00e0 Pol\u00edcia Civil.<br \/>\nAvenida 25 de dezembro e Rua T\u00falio Fernandes, na Praia do Meio, em Natal<br \/>\nReprodu\u00e7\u00e3o\/Inter TV Cabugi<br \/>\nVeja os v\u00eddeos mais assistidos do g1 RN<\/p>","protected":false},"excerpt":{"rendered":"<p>Fios de seis postes foram furtados na Praia do Meio, tr\u00eas meses ap\u00f3s a instala\u00e7\u00e3o do novo sistema el\u00e9trico. Criminosos destroem cal\u00e7ada e roubam fia\u00e7\u00e3o A ilumina\u00e7\u00e3o da Avenida 25 &#8230;<\/p>\n","protected":false},"author":0,"featured_media":11847,"parent":0,"menu_order":0,"comment_status":"closed","ping_status":"closed","template":"","meta":{"footnotes":""},"class_list":["post-11846","page","type-page","status-publish","has-post-thumbnail","hentry"],"yoast_head":"<!-- This site is optimized with the Yoast SEO plugin v27.1.1 - https:\/\/yoast.com\/product\/yoast-seo-wordpress\/ -->\n<title>Criminosos furtam fios de postes e deixam rua sem ilumina\u00e7\u00e3o na Zona Leste de Natal - Taveira Jr<\/title>\n<meta name=\"robots\" content=\"index, follow, max-snippet:-1, max-image-preview:large, max-video-preview:-1\" \/>\n<link rel=\"canonical\" href=\"https:\/\/deputadotaveirajr.com.br\/index.php\/criminosos-furtam-fios-de-postes-e-deixam-rua-sem-iluminacao-na-zona-leste-de-natal\/\" \/>\n<meta property=\"og:locale\" content=\"pt_BR\" \/>\n<meta property=\"og:type\" content=\"article\" \/>\n<meta property=\"og:title\" content=\"Criminosos furtam fios de postes e deixam rua sem ilumina\u00e7\u00e3o na Zona Leste de Natal - Taveira Jr\" \/>\n<meta property=\"og:description\" content=\"Fios de seis postes foram furtados na Praia do Meio, tr\u00eas meses ap\u00f3s a instala\u00e7\u00e3o do novo sistema el\u00e9trico. Criminosos destroem cal\u00e7ada e roubam fia\u00e7\u00e3o A ilumina\u00e7\u00e3o da Avenida 25 ...\" \/>\n<meta property=\"og:url\" content=\"https:\/\/deputadotaveirajr.com.br\/index.php\/criminosos-furtam-fios-de-postes-e-deixam-rua-sem-iluminacao-na-zona-leste-de-natal\/\" \/>\n<meta property=\"og:site_name\" content=\"Taveira Jr\" \/>\n<meta property=\"og:image\" content=\"https:\/\/s2-g1.glbimg.com\/-1n3fTcTJVTbLxauIBbJMUHVYkc=\/i.s3.glbimg.com\/v1\/AUTH_59edd422c0c84a879bd37670ae4f538a\/internal_photos\/bs\/2024\/8\/1\/gomuaATymgaoAk7iVIkw\/captura-de-tela-2024-12-22-095108.jpg\" \/>\n<meta name=\"twitter:card\" content=\"summary_large_image\" \/>\n<meta name=\"twitter:label1\" content=\"Est. tempo de leitura\" \/>\n\t<meta name=\"twitter:data1\" content=\"1 minuto\" \/>\n<script type=\"application\/ld+json\" class=\"yoast-schema-graph\">{\"@context\":\"https:\/\/schema.org\",\"@graph\":[{\"@type\":\"WebPage\",\"@id\":\"https:\/\/deputadotaveirajr.com.br\/index.php\/criminosos-furtam-fios-de-postes-e-deixam-rua-sem-iluminacao-na-zona-leste-de-natal\/\",\"url\":\"https:\/\/deputadotaveirajr.com.br\/index.php\/criminosos-furtam-fios-de-postes-e-deixam-rua-sem-iluminacao-na-zona-leste-de-natal\/\",\"name\":\"Criminosos furtam fios de postes e deixam rua sem ilumina\u00e7\u00e3o na Zona Leste de Natal - Taveira Jr\",\"isPartOf\":{\"@id\":\"https:\/\/deputadotaveirajr.com.br\/#website\"},\"primaryImageOfPage\":{\"@id\":\"https:\/\/deputadotaveirajr.com.br\/index.php\/criminosos-furtam-fios-de-postes-e-deixam-rua-sem-iluminacao-na-zona-leste-de-natal\/#primaryimage\"},\"image\":{\"@id\":\"https:\/\/deputadotaveirajr.com.br\/index.php\/criminosos-furtam-fios-de-postes-e-deixam-rua-sem-iluminacao-na-zona-leste-de-natal\/#primaryimage\"},\"thumbnailUrl\":\"https:\/\/deputadotaveirajr.com.br\/wp-content\/uploads\/2024\/12\/captura-de-tela-2024-12-22-095108-PedQvy.jpeg\",\"datePublished\":\"2024-12-22T12:52:51+00:00\",\"breadcrumb\":{\"@id\":\"https:\/\/deputadotaveirajr.com.br\/index.php\/criminosos-furtam-fios-de-postes-e-deixam-rua-sem-iluminacao-na-zona-leste-de-natal\/#breadcrumb\"},\"inLanguage\":\"pt-BR\",\"potentialAction\":[{\"@type\":\"ReadAction\",\"target\":[\"https:\/\/deputadotaveirajr.com.br\/index.php\/criminosos-furtam-fios-de-postes-e-deixam-rua-sem-iluminacao-na-zona-leste-de-natal\/\"]}]},{\"@type\":\"ImageObject\",\"inLanguage\":\"pt-BR\",\"@id\":\"https:\/\/deputadotaveirajr.com.br\/index.php\/criminosos-furtam-fios-de-postes-e-deixam-rua-sem-iluminacao-na-zona-leste-de-natal\/#primaryimage\",\"url\":\"https:\/\/deputadotaveirajr.com.br\/wp-content\/uploads\/2024\/12\/captura-de-tela-2024-12-22-095108-PedQvy.jpeg\",\"contentUrl\":\"https:\/\/deputadotaveirajr.com.br\/wp-content\/uploads\/2024\/12\/captura-de-tela-2024-12-22-095108-PedQvy.jpeg\",\"width\":923,\"height\":386},{\"@type\":\"BreadcrumbList\",\"@id\":\"https:\/\/deputadotaveirajr.com.br\/index.php\/criminosos-furtam-fios-de-postes-e-deixam-rua-sem-iluminacao-na-zona-leste-de-natal\/#breadcrumb\",\"itemListElement\":[{\"@type\":\"ListItem\",\"position\":1,\"name\":\"In\u00edcio\",\"item\":\"https:\/\/deputadotaveirajr.com.br\/\"},{\"@type\":\"ListItem\",\"position\":2,\"name\":\"Criminosos furtam fios de postes e deixam rua sem ilumina\u00e7\u00e3o na Zona Leste de Natal\"}]},{\"@type\":\"WebSite\",\"@id\":\"https:\/\/deputadotaveirajr.com.br\/#website\",\"url\":\"https:\/\/deputadotaveirajr.com.br\/\",\"name\":\"Taveira Jr\",\"description\":\"Deputado Estadual\",\"publisher\":{\"@id\":\"https:\/\/deputadotaveirajr.com.br\/#organization\"},\"potentialAction\":[{\"@type\":\"SearchAction\",\"target\":{\"@type\":\"EntryPoint\",\"urlTemplate\":\"https:\/\/deputadotaveirajr.com.br\/?s={search_term_string}\"},\"query-input\":{\"@type\":\"PropertyValueSpecification\",\"valueRequired\":true,\"valueName\":\"search_term_string\"}}],\"inLanguage\":\"pt-BR\"},{\"@type\":\"Organization\",\"@id\":\"https:\/\/deputadotaveirajr.com.br\/#organization\",\"name\":\"Taveira Jr\",\"url\":\"https:\/\/deputadotaveirajr.com.br\/\",\"logo\":{\"@type\":\"ImageObject\",\"inLanguage\":\"pt-BR\",\"@id\":\"https:\/\/deputadotaveirajr.com.br\/#\/schema\/logo\/image\/\",\"url\":\"https:\/\/deputadotaveirajr.com.br\/wp-content\/uploads\/2026\/01\/logolow2a.png\",\"contentUrl\":\"https:\/\/deputadotaveirajr.com.br\/wp-content\/uploads\/2026\/01\/logolow2a.png\",\"width\":290,\"height\":80,\"caption\":\"Taveira Jr\"},\"image\":{\"@id\":\"https:\/\/deputadotaveirajr.com.br\/#\/schema\/logo\/image\/\"}}]}<\/script>\n<!-- \/ Yoast SEO plugin. -->","yoast_head_json":{"title":"Criminosos furtam fios de postes e deixam rua sem ilumina\u00e7\u00e3o na Zona Leste de Natal - Taveira Jr","robots":{"index":"index","follow":"follow","max-snippet":"max-snippet:-1","max-image-preview":"max-image-preview:large","max-video-preview":"max-video-preview:-1"},"canonical":"https:\/\/deputadotaveirajr.com.br\/index.php\/criminosos-furtam-fios-de-postes-e-deixam-rua-sem-iluminacao-na-zona-leste-de-natal\/","og_locale":"pt_BR","og_type":"article","og_title":"Criminosos furtam fios de postes e deixam rua sem ilumina\u00e7\u00e3o na Zona Leste de Natal - Taveira Jr","og_description":"Fios de seis postes foram furtados na Praia do Meio, tr\u00eas meses ap\u00f3s a instala\u00e7\u00e3o do novo sistema el\u00e9trico. Criminosos destroem cal\u00e7ada e roubam fia\u00e7\u00e3o A ilumina\u00e7\u00e3o da Avenida 25 ...","og_url":"https:\/\/deputadotaveirajr.com.br\/index.php\/criminosos-furtam-fios-de-postes-e-deixam-rua-sem-iluminacao-na-zona-leste-de-natal\/","og_site_name":"Taveira Jr","og_image":[{"url":"https:\/\/s2-g1.glbimg.com\/-1n3fTcTJVTbLxauIBbJMUHVYkc=\/i.s3.glbimg.com\/v1\/AUTH_59edd422c0c84a879bd37670ae4f538a\/internal_photos\/bs\/2024\/8\/1\/gomuaATymgaoAk7iVIkw\/captura-de-tela-2024-12-22-095108.jpg","type":"","width":"","height":""}],"twitter_card":"summary_large_image","twitter_misc":{"Est. tempo de leitura":"1 minuto"},"schema":{"@context":"https:\/\/schema.org","@graph":[{"@type":"WebPage","@id":"https:\/\/deputadotaveirajr.com.br\/index.php\/criminosos-furtam-fios-de-postes-e-deixam-rua-sem-iluminacao-na-zona-leste-de-natal\/","url":"https:\/\/deputadotaveirajr.com.br\/index.php\/criminosos-furtam-fios-de-postes-e-deixam-rua-sem-iluminacao-na-zona-leste-de-natal\/","name":"Criminosos furtam fios de postes e deixam rua sem ilumina\u00e7\u00e3o na Zona Leste de Natal - Taveira Jr","isPartOf":{"@id":"https:\/\/deputadotaveirajr.com.br\/#website"},"primaryImageOfPage":{"@id":"https:\/\/deputadotaveirajr.com.br\/index.php\/criminosos-furtam-fios-de-postes-e-deixam-rua-sem-iluminacao-na-zona-leste-de-natal\/#primaryimage"},"image":{"@id":"https:\/\/deputadotaveirajr.com.br\/index.php\/criminosos-furtam-fios-de-postes-e-deixam-rua-sem-iluminacao-na-zona-leste-de-natal\/#primaryimage"},"thumbnailUrl":"https:\/\/deputadotaveirajr.com.br\/wp-content\/uploads\/2024\/12\/captura-de-tela-2024-12-22-095108-PedQvy.jpeg","datePublished":"2024-12-22T12:52:51+00:00","breadcrumb":{"@id":"https:\/\/deputadotaveirajr.com.br\/index.php\/criminosos-furtam-fios-de-postes-e-deixam-rua-sem-iluminacao-na-zona-leste-de-natal\/#breadcrumb"},"inLanguage":"pt-BR","potentialAction":[{"@type":"ReadAction","target":["https:\/\/deputadotaveirajr.com.br\/index.php\/criminosos-furtam-fios-de-postes-e-deixam-rua-sem-iluminacao-na-zona-leste-de-natal\/"]}]},{"@type":"ImageObject","inLanguage":"pt-BR","@id":"https:\/\/deputadotaveirajr.com.br\/index.php\/criminosos-furtam-fios-de-postes-e-deixam-rua-sem-iluminacao-na-zona-leste-de-natal\/#primaryimage","url":"https:\/\/deputadotaveirajr.com.br\/wp-content\/uploads\/2024\/12\/captura-de-tela-2024-12-22-095108-PedQvy.jpeg","contentUrl":"https:\/\/deputadotaveirajr.com.br\/wp-content\/uploads\/2024\/12\/captura-de-tela-2024-12-22-095108-PedQvy.jpeg","width":923,"height":386},{"@type":"BreadcrumbList","@id":"https:\/\/deputadotaveirajr.com.br\/index.php\/criminosos-furtam-fios-de-postes-e-deixam-rua-sem-iluminacao-na-zona-leste-de-natal\/#breadcrumb","itemListElement":[{"@type":"ListItem","position":1,"name":"In\u00edcio","item":"https:\/\/deputadotaveirajr.com.br\/"},{"@type":"ListItem","position":2,"name":"Criminosos furtam fios de postes e deixam rua sem ilumina\u00e7\u00e3o na Zona Leste de Natal"}]},{"@type":"WebSite","@id":"https:\/\/deputadotaveirajr.com.br\/#website","url":"https:\/\/deputadotaveirajr.com.br\/","name":"Taveira Jr","description":"Deputado Estadual","publisher":{"@id":"https:\/\/deputadotaveirajr.com.br\/#organization"},"potentialAction":[{"@type":"SearchAction","target":{"@type":"EntryPoint","urlTemplate":"https:\/\/deputadotaveirajr.com.br\/?s={search_term_string}"},"query-input":{"@type":"PropertyValueSpecification","valueRequired":true,"valueName":"search_term_string"}}],"inLanguage":"pt-BR"},{"@type":"Organization","@id":"https:\/\/deputadotaveirajr.com.br\/#organization","name":"Taveira Jr","url":"https:\/\/deputadotaveirajr.com.br\/","logo":{"@type":"ImageObject","inLanguage":"pt-BR","@id":"https:\/\/deputadotaveirajr.com.br\/#\/schema\/logo\/image\/","url":"https:\/\/deputadotaveirajr.com.br\/wp-content\/uploads\/2026\/01\/logolow2a.png","contentUrl":"https:\/\/deputadotaveirajr.com.br\/wp-content\/uploads\/2026\/01\/logolow2a.png","width":290,"height":80,"caption":"Taveira Jr"},"image":{"@id":"https:\/\/deputadotaveirajr.com.br\/#\/schema\/logo\/image\/"}}]}},"_links":{"self":[{"href":"https:\/\/deputadotaveirajr.com.br\/index.php\/wp-json\/wp\/v2\/pages\/11846","targetHints":{"allow":["GET"]}}],"collection":[{"href":"https:\/\/deputadotaveirajr.com.br\/index.php\/wp-json\/wp\/v2\/pages"}],"about":[{"href":"https:\/\/deputadotaveirajr.com.br\/index.php\/wp-json\/wp\/v2\/types\/page"}],"replies":[{"embeddable":true,"href":"https:\/\/deputadotaveirajr.com.br\/index.php\/wp-json\/wp\/v2\/comments?post=11846"}],"version-history":[{"count":0,"href":"https:\/\/deputadotaveirajr.com.br\/index.php\/wp-json\/wp\/v2\/pages\/11846\/revisions"}],"wp:featuredmedia":[{"embeddable":true,"href":"https:\/\/deputadotaveirajr.com.br\/index.php\/wp-json\/wp\/v2\/media\/11847"}],"wp:attachment":[{"href":"https:\/\/deputadotaveirajr.com.br\/index.php\/wp-json\/wp\/v2\/media?parent=11846"}],"curies":[{"name":"wp","href":"https:\/\/api.w.org\/{rel}","templated":true}]}}