{"id":11850,"date":"2024-12-22T12:54:42","date_gmt":"2024-12-22T15:54:42","guid":{"rendered":"https:\/\/deputadotaveirajr.com.br\/index.php\/grafith-mari-fernandez-e-chicabana-prefeitura-de-caico-anuncia-atracoes-do-carnaval-2025\/"},"modified":"2024-12-22T12:54:42","modified_gmt":"2024-12-22T15:54:42","slug":"grafith-mari-fernandez-e-chicabana-prefeitura-de-caico-anuncia-atracoes-do-carnaval-2025","status":"publish","type":"page","link":"https:\/\/deputadotaveirajr.com.br\/index.php\/grafith-mari-fernandez-e-chicabana-prefeitura-de-caico-anuncia-atracoes-do-carnaval-2025\/","title":{"rendered":"Grafith, Mari Fernandez e Chicabana: Prefeitura de Caic\u00f3 anuncia atra\u00e7\u00f5es do Carnaval 2025"},"content":{"rendered":"<p><img decoding=\"async\" src=\"https:\/\/s2-g1.glbimg.com\/bJWpHgU7M-V-t5F5zbLNqVzKj70=\/i.s3.glbimg.com\/v1\/AUTH_59edd422c0c84a879bd37670ae4f538a\/internal_photos\/bs\/2023\/z\/p\/GZX1B1SNKJHAtTTQeYJA\/carnaval-de-caico-1-.jpg\" \/><br \/>     Cidade da regi\u00e3o do Serid\u00f3 tem uma das festas de Carnaval mais tradicionais do Rio Grande do Norte. Programa\u00e7\u00e3o do carnaval de Caic\u00f3 \u00e9 lan\u00e7ada<br \/>\nA Prefeitura de Caic\u00f3, no Rio Grande do Norte, anunciou neste s\u00e1bado (21) a lista de atra\u00e7\u00f5es confirmadas para o Carnaval 2025. O evento contar\u00e1 com artistas locais e nacionais, com shows gratuitos em diferentes pontos da cidade.<br \/>\nO Carnaval de Caic\u00f3 acontece entre os dias 26 de fevereiro e 5 de mar\u00e7o de 2025. A cidade tem uma das festas mais tradicionais do estado.<br \/>\n\ud83d\udcf3Participe do canal do g1 RN no WhatsApp<br \/>\nEntre os nomes divulgados est\u00e3o Banda Grafith, Chicabana, Rafa e Pipo, Mari Fernandez, Michele Andrade, \u00c1vine Vinn, Giannini Alencar, Thalles Play, Nuzio Medeiros, Mateus Ximenes, Amanda e Ruama, Litto Lins, Lucas Boquinha, Kadu Martins, Solange Silva, Thiaguinho, Orquestra Flor de Mandacaru e outros.<br \/>\nA programa\u00e7\u00e3o ainda deve incluir os tradicionais blocos de rua e outras  atividades culturais.<br \/>\nA Prefeitura informou que os detalhes sobre programa\u00e7\u00e3o, hor\u00e1rios e locais das apresenta\u00e7\u00f5es ser\u00e3o divulgados em breve.<br \/>\nFesta de carnaval em Caic\u00f3, no Serid\u00f3 potiguar (Arquivo)<br \/>\nPrefeitura de Caic\u00f3\/Divulga\u00e7\u00e3o<br \/>\nVeja os v\u00eddeos mais assistidos do g1 RN<\/p>","protected":false},"excerpt":{"rendered":"<p>Cidade da regi\u00e3o do Serid\u00f3 tem uma das festas de Carnaval mais tradicionais do Rio Grande do Norte. Programa\u00e7\u00e3o do carnaval de Caic\u00f3 \u00e9 lan\u00e7ada A Prefeitura de Caic\u00f3, no &#8230;<\/p>\n","protected":false},"author":0,"featured_media":11851,"parent":0,"menu_order":0,"comment_status":"closed","ping_status":"closed","template":"","meta":{"footnotes":""},"class_list":["post-11850","page","type-page","status-publish","has-post-thumbnail","hentry"],"yoast_head":"<!-- This site is optimized with the Yoast SEO plugin v27.1.1 - https:\/\/yoast.com\/product\/yoast-seo-wordpress\/ -->\n<title>Grafith, Mari Fernandez e Chicabana: Prefeitura de Caic\u00f3 anuncia atra\u00e7\u00f5es do Carnaval 2025 - Taveira Jr<\/title>\n<meta name=\"robots\" content=\"index, follow, max-snippet:-1, max-image-preview:large, max-video-preview:-1\" \/>\n<link rel=\"canonical\" href=\"https:\/\/deputadotaveirajr.com.br\/index.php\/grafith-mari-fernandez-e-chicabana-prefeitura-de-caico-anuncia-atracoes-do-carnaval-2025\/\" \/>\n<meta property=\"og:locale\" content=\"pt_BR\" \/>\n<meta property=\"og:type\" content=\"article\" \/>\n<meta property=\"og:title\" content=\"Grafith, Mari Fernandez e Chicabana: Prefeitura de Caic\u00f3 anuncia atra\u00e7\u00f5es do Carnaval 2025 - Taveira Jr\" \/>\n<meta property=\"og:description\" content=\"Cidade da regi\u00e3o do Serid\u00f3 tem uma das festas de Carnaval mais tradicionais do Rio Grande do Norte. Programa\u00e7\u00e3o do carnaval de Caic\u00f3 \u00e9 lan\u00e7ada A Prefeitura de Caic\u00f3, no ...\" \/>\n<meta property=\"og:url\" content=\"https:\/\/deputadotaveirajr.com.br\/index.php\/grafith-mari-fernandez-e-chicabana-prefeitura-de-caico-anuncia-atracoes-do-carnaval-2025\/\" \/>\n<meta property=\"og:site_name\" content=\"Taveira Jr\" \/>\n<meta property=\"og:image\" content=\"https:\/\/s2-g1.glbimg.com\/bJWpHgU7M-V-t5F5zbLNqVzKj70=\/i.s3.glbimg.com\/v1\/AUTH_59edd422c0c84a879bd37670ae4f538a\/internal_photos\/bs\/2023\/z\/p\/GZX1B1SNKJHAtTTQeYJA\/carnaval-de-caico-1-.jpg\" \/>\n<meta name=\"twitter:card\" content=\"summary_large_image\" \/>\n<meta name=\"twitter:label1\" content=\"Est. tempo de leitura\" \/>\n\t<meta name=\"twitter:data1\" content=\"1 minuto\" \/>\n<script type=\"application\/ld+json\" class=\"yoast-schema-graph\">{\"@context\":\"https:\/\/schema.org\",\"@graph\":[{\"@type\":\"WebPage\",\"@id\":\"https:\/\/deputadotaveirajr.com.br\/index.php\/grafith-mari-fernandez-e-chicabana-prefeitura-de-caico-anuncia-atracoes-do-carnaval-2025\/\",\"url\":\"https:\/\/deputadotaveirajr.com.br\/index.php\/grafith-mari-fernandez-e-chicabana-prefeitura-de-caico-anuncia-atracoes-do-carnaval-2025\/\",\"name\":\"Grafith, Mari Fernandez e Chicabana: Prefeitura de Caic\u00f3 anuncia atra\u00e7\u00f5es do Carnaval 2025 - Taveira Jr\",\"isPartOf\":{\"@id\":\"https:\/\/deputadotaveirajr.com.br\/#website\"},\"primaryImageOfPage\":{\"@id\":\"https:\/\/deputadotaveirajr.com.br\/index.php\/grafith-mari-fernandez-e-chicabana-prefeitura-de-caico-anuncia-atracoes-do-carnaval-2025\/#primaryimage\"},\"image\":{\"@id\":\"https:\/\/deputadotaveirajr.com.br\/index.php\/grafith-mari-fernandez-e-chicabana-prefeitura-de-caico-anuncia-atracoes-do-carnaval-2025\/#primaryimage\"},\"thumbnailUrl\":\"https:\/\/deputadotaveirajr.com.br\/wp-content\/uploads\/2024\/12\/carnaval-de-caico-1-8kCdla.jpeg\",\"datePublished\":\"2024-12-22T15:54:42+00:00\",\"breadcrumb\":{\"@id\":\"https:\/\/deputadotaveirajr.com.br\/index.php\/grafith-mari-fernandez-e-chicabana-prefeitura-de-caico-anuncia-atracoes-do-carnaval-2025\/#breadcrumb\"},\"inLanguage\":\"pt-BR\",\"potentialAction\":[{\"@type\":\"ReadAction\",\"target\":[\"https:\/\/deputadotaveirajr.com.br\/index.php\/grafith-mari-fernandez-e-chicabana-prefeitura-de-caico-anuncia-atracoes-do-carnaval-2025\/\"]}]},{\"@type\":\"ImageObject\",\"inLanguage\":\"pt-BR\",\"@id\":\"https:\/\/deputadotaveirajr.com.br\/index.php\/grafith-mari-fernandez-e-chicabana-prefeitura-de-caico-anuncia-atracoes-do-carnaval-2025\/#primaryimage\",\"url\":\"https:\/\/deputadotaveirajr.com.br\/wp-content\/uploads\/2024\/12\/carnaval-de-caico-1-8kCdla.jpeg\",\"contentUrl\":\"https:\/\/deputadotaveirajr.com.br\/wp-content\/uploads\/2024\/12\/carnaval-de-caico-1-8kCdla.jpeg\",\"width\":700,\"height\":445},{\"@type\":\"BreadcrumbList\",\"@id\":\"https:\/\/deputadotaveirajr.com.br\/index.php\/grafith-mari-fernandez-e-chicabana-prefeitura-de-caico-anuncia-atracoes-do-carnaval-2025\/#breadcrumb\",\"itemListElement\":[{\"@type\":\"ListItem\",\"position\":1,\"name\":\"In\u00edcio\",\"item\":\"https:\/\/deputadotaveirajr.com.br\/\"},{\"@type\":\"ListItem\",\"position\":2,\"name\":\"Grafith, Mari Fernandez e Chicabana: Prefeitura de Caic\u00f3 anuncia atra\u00e7\u00f5es do Carnaval 2025\"}]},{\"@type\":\"WebSite\",\"@id\":\"https:\/\/deputadotaveirajr.com.br\/#website\",\"url\":\"https:\/\/deputadotaveirajr.com.br\/\",\"name\":\"Taveira Jr\",\"description\":\"Deputado Estadual\",\"publisher\":{\"@id\":\"https:\/\/deputadotaveirajr.com.br\/#organization\"},\"potentialAction\":[{\"@type\":\"SearchAction\",\"target\":{\"@type\":\"EntryPoint\",\"urlTemplate\":\"https:\/\/deputadotaveirajr.com.br\/?s={search_term_string}\"},\"query-input\":{\"@type\":\"PropertyValueSpecification\",\"valueRequired\":true,\"valueName\":\"search_term_string\"}}],\"inLanguage\":\"pt-BR\"},{\"@type\":\"Organization\",\"@id\":\"https:\/\/deputadotaveirajr.com.br\/#organization\",\"name\":\"Taveira Jr\",\"url\":\"https:\/\/deputadotaveirajr.com.br\/\",\"logo\":{\"@type\":\"ImageObject\",\"inLanguage\":\"pt-BR\",\"@id\":\"https:\/\/deputadotaveirajr.com.br\/#\/schema\/logo\/image\/\",\"url\":\"https:\/\/deputadotaveirajr.com.br\/wp-content\/uploads\/2026\/01\/logolow2a.png\",\"contentUrl\":\"https:\/\/deputadotaveirajr.com.br\/wp-content\/uploads\/2026\/01\/logolow2a.png\",\"width\":290,\"height\":80,\"caption\":\"Taveira Jr\"},\"image\":{\"@id\":\"https:\/\/deputadotaveirajr.com.br\/#\/schema\/logo\/image\/\"}}]}<\/script>\n<!-- \/ Yoast SEO plugin. -->","yoast_head_json":{"title":"Grafith, Mari Fernandez e Chicabana: Prefeitura de Caic\u00f3 anuncia atra\u00e7\u00f5es do Carnaval 2025 - Taveira Jr","robots":{"index":"index","follow":"follow","max-snippet":"max-snippet:-1","max-image-preview":"max-image-preview:large","max-video-preview":"max-video-preview:-1"},"canonical":"https:\/\/deputadotaveirajr.com.br\/index.php\/grafith-mari-fernandez-e-chicabana-prefeitura-de-caico-anuncia-atracoes-do-carnaval-2025\/","og_locale":"pt_BR","og_type":"article","og_title":"Grafith, Mari Fernandez e Chicabana: Prefeitura de Caic\u00f3 anuncia atra\u00e7\u00f5es do Carnaval 2025 - Taveira Jr","og_description":"Cidade da regi\u00e3o do Serid\u00f3 tem uma das festas de Carnaval mais tradicionais do Rio Grande do Norte. Programa\u00e7\u00e3o do carnaval de Caic\u00f3 \u00e9 lan\u00e7ada A Prefeitura de Caic\u00f3, no ...","og_url":"https:\/\/deputadotaveirajr.com.br\/index.php\/grafith-mari-fernandez-e-chicabana-prefeitura-de-caico-anuncia-atracoes-do-carnaval-2025\/","og_site_name":"Taveira Jr","og_image":[{"url":"https:\/\/s2-g1.glbimg.com\/bJWpHgU7M-V-t5F5zbLNqVzKj70=\/i.s3.glbimg.com\/v1\/AUTH_59edd422c0c84a879bd37670ae4f538a\/internal_photos\/bs\/2023\/z\/p\/GZX1B1SNKJHAtTTQeYJA\/carnaval-de-caico-1-.jpg","type":"","width":"","height":""}],"twitter_card":"summary_large_image","twitter_misc":{"Est. tempo de leitura":"1 minuto"},"schema":{"@context":"https:\/\/schema.org","@graph":[{"@type":"WebPage","@id":"https:\/\/deputadotaveirajr.com.br\/index.php\/grafith-mari-fernandez-e-chicabana-prefeitura-de-caico-anuncia-atracoes-do-carnaval-2025\/","url":"https:\/\/deputadotaveirajr.com.br\/index.php\/grafith-mari-fernandez-e-chicabana-prefeitura-de-caico-anuncia-atracoes-do-carnaval-2025\/","name":"Grafith, Mari Fernandez e Chicabana: Prefeitura de Caic\u00f3 anuncia atra\u00e7\u00f5es do Carnaval 2025 - Taveira Jr","isPartOf":{"@id":"https:\/\/deputadotaveirajr.com.br\/#website"},"primaryImageOfPage":{"@id":"https:\/\/deputadotaveirajr.com.br\/index.php\/grafith-mari-fernandez-e-chicabana-prefeitura-de-caico-anuncia-atracoes-do-carnaval-2025\/#primaryimage"},"image":{"@id":"https:\/\/deputadotaveirajr.com.br\/index.php\/grafith-mari-fernandez-e-chicabana-prefeitura-de-caico-anuncia-atracoes-do-carnaval-2025\/#primaryimage"},"thumbnailUrl":"https:\/\/deputadotaveirajr.com.br\/wp-content\/uploads\/2024\/12\/carnaval-de-caico-1-8kCdla.jpeg","datePublished":"2024-12-22T15:54:42+00:00","breadcrumb":{"@id":"https:\/\/deputadotaveirajr.com.br\/index.php\/grafith-mari-fernandez-e-chicabana-prefeitura-de-caico-anuncia-atracoes-do-carnaval-2025\/#breadcrumb"},"inLanguage":"pt-BR","potentialAction":[{"@type":"ReadAction","target":["https:\/\/deputadotaveirajr.com.br\/index.php\/grafith-mari-fernandez-e-chicabana-prefeitura-de-caico-anuncia-atracoes-do-carnaval-2025\/"]}]},{"@type":"ImageObject","inLanguage":"pt-BR","@id":"https:\/\/deputadotaveirajr.com.br\/index.php\/grafith-mari-fernandez-e-chicabana-prefeitura-de-caico-anuncia-atracoes-do-carnaval-2025\/#primaryimage","url":"https:\/\/deputadotaveirajr.com.br\/wp-content\/uploads\/2024\/12\/carnaval-de-caico-1-8kCdla.jpeg","contentUrl":"https:\/\/deputadotaveirajr.com.br\/wp-content\/uploads\/2024\/12\/carnaval-de-caico-1-8kCdla.jpeg","width":700,"height":445},{"@type":"BreadcrumbList","@id":"https:\/\/deputadotaveirajr.com.br\/index.php\/grafith-mari-fernandez-e-chicabana-prefeitura-de-caico-anuncia-atracoes-do-carnaval-2025\/#breadcrumb","itemListElement":[{"@type":"ListItem","position":1,"name":"In\u00edcio","item":"https:\/\/deputadotaveirajr.com.br\/"},{"@type":"ListItem","position":2,"name":"Grafith, Mari Fernandez e Chicabana: Prefeitura de Caic\u00f3 anuncia atra\u00e7\u00f5es do Carnaval 2025"}]},{"@type":"WebSite","@id":"https:\/\/deputadotaveirajr.com.br\/#website","url":"https:\/\/deputadotaveirajr.com.br\/","name":"Taveira Jr","description":"Deputado Estadual","publisher":{"@id":"https:\/\/deputadotaveirajr.com.br\/#organization"},"potentialAction":[{"@type":"SearchAction","target":{"@type":"EntryPoint","urlTemplate":"https:\/\/deputadotaveirajr.com.br\/?s={search_term_string}"},"query-input":{"@type":"PropertyValueSpecification","valueRequired":true,"valueName":"search_term_string"}}],"inLanguage":"pt-BR"},{"@type":"Organization","@id":"https:\/\/deputadotaveirajr.com.br\/#organization","name":"Taveira Jr","url":"https:\/\/deputadotaveirajr.com.br\/","logo":{"@type":"ImageObject","inLanguage":"pt-BR","@id":"https:\/\/deputadotaveirajr.com.br\/#\/schema\/logo\/image\/","url":"https:\/\/deputadotaveirajr.com.br\/wp-content\/uploads\/2026\/01\/logolow2a.png","contentUrl":"https:\/\/deputadotaveirajr.com.br\/wp-content\/uploads\/2026\/01\/logolow2a.png","width":290,"height":80,"caption":"Taveira Jr"},"image":{"@id":"https:\/\/deputadotaveirajr.com.br\/#\/schema\/logo\/image\/"}}]}},"_links":{"self":[{"href":"https:\/\/deputadotaveirajr.com.br\/index.php\/wp-json\/wp\/v2\/pages\/11850","targetHints":{"allow":["GET"]}}],"collection":[{"href":"https:\/\/deputadotaveirajr.com.br\/index.php\/wp-json\/wp\/v2\/pages"}],"about":[{"href":"https:\/\/deputadotaveirajr.com.br\/index.php\/wp-json\/wp\/v2\/types\/page"}],"replies":[{"embeddable":true,"href":"https:\/\/deputadotaveirajr.com.br\/index.php\/wp-json\/wp\/v2\/comments?post=11850"}],"version-history":[{"count":0,"href":"https:\/\/deputadotaveirajr.com.br\/index.php\/wp-json\/wp\/v2\/pages\/11850\/revisions"}],"wp:featuredmedia":[{"embeddable":true,"href":"https:\/\/deputadotaveirajr.com.br\/index.php\/wp-json\/wp\/v2\/media\/11851"}],"wp:attachment":[{"href":"https:\/\/deputadotaveirajr.com.br\/index.php\/wp-json\/wp\/v2\/media?parent=11850"}],"curies":[{"name":"wp","href":"https:\/\/api.w.org\/{rel}","templated":true}]}}