{"id":11856,"date":"2024-12-23T09:41:41","date_gmt":"2024-12-23T12:41:41","guid":{"rendered":"https:\/\/deputadotaveirajr.com.br\/index.php\/confira-o-que-abre-e-fecha-no-comercio-nos-dias-24-e-25-de-dezembro-em-natal\/"},"modified":"2024-12-23T09:41:41","modified_gmt":"2024-12-23T12:41:41","slug":"confira-o-que-abre-e-fecha-no-comercio-nos-dias-24-e-25-de-dezembro-em-natal","status":"publish","type":"page","link":"https:\/\/deputadotaveirajr.com.br\/index.php\/confira-o-que-abre-e-fecha-no-comercio-nos-dias-24-e-25-de-dezembro-em-natal\/","title":{"rendered":"Confira o que abre e fecha no com\u00e9rcio nos dias 24 e 25 de dezembro em Natal"},"content":{"rendered":"<p><img decoding=\"async\" src=\"https:\/\/s2-g1.glbimg.com\/I62aH2wAO-sccvukUjAzfSNSb5M=\/i.s3.glbimg.com\/v1\/AUTH_59edd422c0c84a879bd37670ae4f538a\/internal_photos\/bs\/2021\/0\/6\/6swcmJTBuUeg0jYQyAWw\/midway.jpg\" \/><br \/>     Shoppings e com\u00e9rcio de rua t\u00eam funcionado com hor\u00e1rio ampliado desde o dia 13 de dezembro. Veja programa\u00e7\u00e3o para ter\u00e7a e quarta-feira. Midway Mall, shopping, Natal<br \/>\nAugusto C\u00e9sar Gomes<br \/>\nO hor\u00e1rio de funcionamento para o per\u00edodo de Natal nos centros comerciais e nos shoppings da da capital potiguar foram ampliados desde o dia 13 de dezembro. Para v\u00e9spera e dia de Natal &#8211; nesta ter\u00e7a (24) e quarta-feira (25) -, o com\u00e9rcio mant\u00e9m um hor\u00e1rio especial.<br \/>\n\ud83d\udcf3Participe do canal do g1 RN no WhatsApp<br \/>\nConfira os hor\u00e1rios de funcionamento dos principais com\u00e9rcios da cidade:<br \/>\nCentro da Cidade<br \/>\n24\/12 \u2013 08 \u00e0s 17h<br \/>\n25\/12 \u2013 Fechado<br \/>\nAlecrim<br \/>\n24\/12 &#8211; 08 \u00e0s 17h<br \/>\n25\/12 \u2013 Fechado<br \/>\nShoppings<br \/>\nPraia Shopping<br \/>\n24\/12 \u2013Pra\u00e7a de Alimenta\u00e7\u00e3o &#8211; 11 \u00e0s 18h | Lojas e Quiosques, das 09 \u00e0s 18h<br \/>\n25\/12 \u2013 Pra\u00e7a de Alimenta\u00e7\u00e3o &#8211; das 11h \u00e0s 21h (facultativo) | Lojas e Quiosques: Fechados | Cinema: conforme programa\u00e7\u00e3o do Moviecom<br \/>\nCidade Jardim<br \/>\n24\/12 \u2013 09 \u00e0s 19h<br \/>\n25\/12 \u2013 Lojas fechadas | Alimenta\u00e7\u00e3o aberta a partir das 12h.<br \/>\nPartage Norte Shopping Natal<br \/>\n24\/12 &#8211;  10h \u00e0s 19h com todas as lojas e quiosques com funcionamento obrigat\u00f3rio |Lot\u00e9rica: 7 \u00e0s 18h | Academia: 8 \u00e0s 17h | Hipermercado: 7 \u00e0s 18h | Game Station: 10h\u00e0s 19h | Cinema: fechado.<br \/>\n25\/12 &#8211;  11h \u00e0s 22h | Alimenta\u00e7\u00e3o e Lazer: facultativo | demais lojas e quiosques: fechado | Lot\u00e9rica: fechado | Academia: fechado | Hipermercado: fechado |  Game Station: 11h \u00e0s 22h | Cinema: sess\u00f5es a partir das 16h.<br \/>\nNatal Shopping<br \/>\n24\/12 &#8211; Alimenta\u00e7\u00e3o e Lazer: 10h \u00e0s 19h | Lojas e Quiosques: 10h \u00e0s 19h | Alpendre: 14h \u00e0s 19h | Academia Bodytech: 05h \u00e0s 15h | Cinema: Conforme programa\u00e7\u00e3o<br \/>\n25 e 01\/12 \u2013 Alimenta\u00e7\u00e3o e Lazer: 11h \u00e0s 22h (facultativo) | Lojas e Quiosques: Fechadas | Alpendre: 14h \u00e0s 23h | Academia Bodytech: Fechada | Cinema: Conforme programa\u00e7\u00e3o<br \/>\nVia Direta<br \/>\n24\/12 &#8211; Lojas, quiosques e alimenta\u00e7\u00e3o \u2013 10h \u00e0s 17h<br \/>\n25\/12 &#8211; n\u00e3o informado<br \/>\nMidway Mall<br \/>\n24\/12 &#8211; 10h \u00e0s 19h<br \/>\n25\/12 &#8211; 11h \u00e0s 22h &#8211; Facultativo para alimenta\u00e7\u00e3o e lazer | Demais lojas fechadas.<br \/>\nShopping 10<br \/>\n24\/12 &#8211; 8h \u00e0s 18h;<br \/>\n25\/12 &#8211; fechado<br \/>\nShopping Cidade Verde<br \/>\n24\/12 &#8211;  Lojas diversas das 9 \u00e0s 18h | Alimenta\u00e7\u00e3o 12h \u00e0s 19h; | Cl\u00ednicas &#8211; fechadas<br \/>\n25\/12 &#8211; Lojas fechadas | Alimenta\u00e7\u00e3o e lazer 12 \u00e0s 19 | Cl\u00ednicas &#8211; fechadas<br \/>\n \ud83c\udf81 CLIQUE AQUI E CONFIRA O HOR\u00c1RIO AMPLIADO DO COM\u00c9RCIO AT\u00c9 O ANO NOVO<br \/>\nCompras no \u00faltimo fim de semana antes do Natal<br \/>\nV\u00eddeos mais assistidos do g1 RN<\/p>","protected":false},"excerpt":{"rendered":"<p>Shoppings e com\u00e9rcio de rua t\u00eam funcionado com hor\u00e1rio ampliado desde o dia 13 de dezembro. Veja programa\u00e7\u00e3o para ter\u00e7a e quarta-feira. Midway Mall, shopping, Natal Augusto C\u00e9sar Gomes O &#8230;<\/p>\n","protected":false},"author":0,"featured_media":11857,"parent":0,"menu_order":0,"comment_status":"closed","ping_status":"closed","template":"","meta":{"footnotes":""},"class_list":["post-11856","page","type-page","status-publish","has-post-thumbnail","hentry"],"yoast_head":"<!-- This site is optimized with the Yoast SEO plugin v27.1.1 - https:\/\/yoast.com\/product\/yoast-seo-wordpress\/ -->\n<title>Confira o que abre e fecha no com\u00e9rcio nos dias 24 e 25 de dezembro em Natal - Taveira Jr<\/title>\n<meta name=\"robots\" content=\"index, follow, max-snippet:-1, max-image-preview:large, max-video-preview:-1\" \/>\n<link rel=\"canonical\" href=\"https:\/\/deputadotaveirajr.com.br\/index.php\/confira-o-que-abre-e-fecha-no-comercio-nos-dias-24-e-25-de-dezembro-em-natal\/\" \/>\n<meta property=\"og:locale\" content=\"pt_BR\" \/>\n<meta property=\"og:type\" content=\"article\" \/>\n<meta property=\"og:title\" content=\"Confira o que abre e fecha no com\u00e9rcio nos dias 24 e 25 de dezembro em Natal - Taveira Jr\" \/>\n<meta property=\"og:description\" content=\"Shoppings e com\u00e9rcio de rua t\u00eam funcionado com hor\u00e1rio ampliado desde o dia 13 de dezembro. Veja programa\u00e7\u00e3o para ter\u00e7a e quarta-feira. Midway Mall, shopping, Natal Augusto C\u00e9sar Gomes O ...\" \/>\n<meta property=\"og:url\" content=\"https:\/\/deputadotaveirajr.com.br\/index.php\/confira-o-que-abre-e-fecha-no-comercio-nos-dias-24-e-25-de-dezembro-em-natal\/\" \/>\n<meta property=\"og:site_name\" content=\"Taveira Jr\" \/>\n<meta property=\"og:image\" content=\"https:\/\/s2-g1.glbimg.com\/I62aH2wAO-sccvukUjAzfSNSb5M=\/i.s3.glbimg.com\/v1\/AUTH_59edd422c0c84a879bd37670ae4f538a\/internal_photos\/bs\/2021\/0\/6\/6swcmJTBuUeg0jYQyAWw\/midway.jpg\" \/>\n<meta name=\"twitter:card\" content=\"summary_large_image\" \/>\n<meta name=\"twitter:label1\" content=\"Est. tempo de leitura\" \/>\n\t<meta name=\"twitter:data1\" content=\"2 minutos\" \/>\n<script type=\"application\/ld+json\" class=\"yoast-schema-graph\">{\"@context\":\"https:\/\/schema.org\",\"@graph\":[{\"@type\":\"WebPage\",\"@id\":\"https:\/\/deputadotaveirajr.com.br\/index.php\/confira-o-que-abre-e-fecha-no-comercio-nos-dias-24-e-25-de-dezembro-em-natal\/\",\"url\":\"https:\/\/deputadotaveirajr.com.br\/index.php\/confira-o-que-abre-e-fecha-no-comercio-nos-dias-24-e-25-de-dezembro-em-natal\/\",\"name\":\"Confira o que abre e fecha no com\u00e9rcio nos dias 24 e 25 de dezembro em Natal - Taveira Jr\",\"isPartOf\":{\"@id\":\"https:\/\/deputadotaveirajr.com.br\/#website\"},\"primaryImageOfPage\":{\"@id\":\"https:\/\/deputadotaveirajr.com.br\/index.php\/confira-o-que-abre-e-fecha-no-comercio-nos-dias-24-e-25-de-dezembro-em-natal\/#primaryimage\"},\"image\":{\"@id\":\"https:\/\/deputadotaveirajr.com.br\/index.php\/confira-o-que-abre-e-fecha-no-comercio-nos-dias-24-e-25-de-dezembro-em-natal\/#primaryimage\"},\"thumbnailUrl\":\"https:\/\/deputadotaveirajr.com.br\/wp-content\/uploads\/2024\/12\/midway-Iyl4GZ.jpeg\",\"datePublished\":\"2024-12-23T12:41:41+00:00\",\"breadcrumb\":{\"@id\":\"https:\/\/deputadotaveirajr.com.br\/index.php\/confira-o-que-abre-e-fecha-no-comercio-nos-dias-24-e-25-de-dezembro-em-natal\/#breadcrumb\"},\"inLanguage\":\"pt-BR\",\"potentialAction\":[{\"@type\":\"ReadAction\",\"target\":[\"https:\/\/deputadotaveirajr.com.br\/index.php\/confira-o-que-abre-e-fecha-no-comercio-nos-dias-24-e-25-de-dezembro-em-natal\/\"]}]},{\"@type\":\"ImageObject\",\"inLanguage\":\"pt-BR\",\"@id\":\"https:\/\/deputadotaveirajr.com.br\/index.php\/confira-o-que-abre-e-fecha-no-comercio-nos-dias-24-e-25-de-dezembro-em-natal\/#primaryimage\",\"url\":\"https:\/\/deputadotaveirajr.com.br\/wp-content\/uploads\/2024\/12\/midway-Iyl4GZ.jpeg\",\"contentUrl\":\"https:\/\/deputadotaveirajr.com.br\/wp-content\/uploads\/2024\/12\/midway-Iyl4GZ.jpeg\",\"width\":1024,\"height\":703},{\"@type\":\"BreadcrumbList\",\"@id\":\"https:\/\/deputadotaveirajr.com.br\/index.php\/confira-o-que-abre-e-fecha-no-comercio-nos-dias-24-e-25-de-dezembro-em-natal\/#breadcrumb\",\"itemListElement\":[{\"@type\":\"ListItem\",\"position\":1,\"name\":\"In\u00edcio\",\"item\":\"https:\/\/deputadotaveirajr.com.br\/\"},{\"@type\":\"ListItem\",\"position\":2,\"name\":\"Confira o que abre e fecha no com\u00e9rcio nos dias 24 e 25 de dezembro em Natal\"}]},{\"@type\":\"WebSite\",\"@id\":\"https:\/\/deputadotaveirajr.com.br\/#website\",\"url\":\"https:\/\/deputadotaveirajr.com.br\/\",\"name\":\"Taveira Jr\",\"description\":\"Deputado Estadual\",\"publisher\":{\"@id\":\"https:\/\/deputadotaveirajr.com.br\/#organization\"},\"potentialAction\":[{\"@type\":\"SearchAction\",\"target\":{\"@type\":\"EntryPoint\",\"urlTemplate\":\"https:\/\/deputadotaveirajr.com.br\/?s={search_term_string}\"},\"query-input\":{\"@type\":\"PropertyValueSpecification\",\"valueRequired\":true,\"valueName\":\"search_term_string\"}}],\"inLanguage\":\"pt-BR\"},{\"@type\":\"Organization\",\"@id\":\"https:\/\/deputadotaveirajr.com.br\/#organization\",\"name\":\"Taveira Jr\",\"url\":\"https:\/\/deputadotaveirajr.com.br\/\",\"logo\":{\"@type\":\"ImageObject\",\"inLanguage\":\"pt-BR\",\"@id\":\"https:\/\/deputadotaveirajr.com.br\/#\/schema\/logo\/image\/\",\"url\":\"https:\/\/deputadotaveirajr.com.br\/wp-content\/uploads\/2026\/01\/logolow2a.png\",\"contentUrl\":\"https:\/\/deputadotaveirajr.com.br\/wp-content\/uploads\/2026\/01\/logolow2a.png\",\"width\":290,\"height\":80,\"caption\":\"Taveira Jr\"},\"image\":{\"@id\":\"https:\/\/deputadotaveirajr.com.br\/#\/schema\/logo\/image\/\"}}]}<\/script>\n<!-- \/ Yoast SEO plugin. -->","yoast_head_json":{"title":"Confira o que abre e fecha no com\u00e9rcio nos dias 24 e 25 de dezembro em Natal - Taveira Jr","robots":{"index":"index","follow":"follow","max-snippet":"max-snippet:-1","max-image-preview":"max-image-preview:large","max-video-preview":"max-video-preview:-1"},"canonical":"https:\/\/deputadotaveirajr.com.br\/index.php\/confira-o-que-abre-e-fecha-no-comercio-nos-dias-24-e-25-de-dezembro-em-natal\/","og_locale":"pt_BR","og_type":"article","og_title":"Confira o que abre e fecha no com\u00e9rcio nos dias 24 e 25 de dezembro em Natal - Taveira Jr","og_description":"Shoppings e com\u00e9rcio de rua t\u00eam funcionado com hor\u00e1rio ampliado desde o dia 13 de dezembro. Veja programa\u00e7\u00e3o para ter\u00e7a e quarta-feira. Midway Mall, shopping, Natal Augusto C\u00e9sar Gomes O ...","og_url":"https:\/\/deputadotaveirajr.com.br\/index.php\/confira-o-que-abre-e-fecha-no-comercio-nos-dias-24-e-25-de-dezembro-em-natal\/","og_site_name":"Taveira Jr","og_image":[{"url":"https:\/\/s2-g1.glbimg.com\/I62aH2wAO-sccvukUjAzfSNSb5M=\/i.s3.glbimg.com\/v1\/AUTH_59edd422c0c84a879bd37670ae4f538a\/internal_photos\/bs\/2021\/0\/6\/6swcmJTBuUeg0jYQyAWw\/midway.jpg","type":"","width":"","height":""}],"twitter_card":"summary_large_image","twitter_misc":{"Est. tempo de leitura":"2 minutos"},"schema":{"@context":"https:\/\/schema.org","@graph":[{"@type":"WebPage","@id":"https:\/\/deputadotaveirajr.com.br\/index.php\/confira-o-que-abre-e-fecha-no-comercio-nos-dias-24-e-25-de-dezembro-em-natal\/","url":"https:\/\/deputadotaveirajr.com.br\/index.php\/confira-o-que-abre-e-fecha-no-comercio-nos-dias-24-e-25-de-dezembro-em-natal\/","name":"Confira o que abre e fecha no com\u00e9rcio nos dias 24 e 25 de dezembro em Natal - Taveira Jr","isPartOf":{"@id":"https:\/\/deputadotaveirajr.com.br\/#website"},"primaryImageOfPage":{"@id":"https:\/\/deputadotaveirajr.com.br\/index.php\/confira-o-que-abre-e-fecha-no-comercio-nos-dias-24-e-25-de-dezembro-em-natal\/#primaryimage"},"image":{"@id":"https:\/\/deputadotaveirajr.com.br\/index.php\/confira-o-que-abre-e-fecha-no-comercio-nos-dias-24-e-25-de-dezembro-em-natal\/#primaryimage"},"thumbnailUrl":"https:\/\/deputadotaveirajr.com.br\/wp-content\/uploads\/2024\/12\/midway-Iyl4GZ.jpeg","datePublished":"2024-12-23T12:41:41+00:00","breadcrumb":{"@id":"https:\/\/deputadotaveirajr.com.br\/index.php\/confira-o-que-abre-e-fecha-no-comercio-nos-dias-24-e-25-de-dezembro-em-natal\/#breadcrumb"},"inLanguage":"pt-BR","potentialAction":[{"@type":"ReadAction","target":["https:\/\/deputadotaveirajr.com.br\/index.php\/confira-o-que-abre-e-fecha-no-comercio-nos-dias-24-e-25-de-dezembro-em-natal\/"]}]},{"@type":"ImageObject","inLanguage":"pt-BR","@id":"https:\/\/deputadotaveirajr.com.br\/index.php\/confira-o-que-abre-e-fecha-no-comercio-nos-dias-24-e-25-de-dezembro-em-natal\/#primaryimage","url":"https:\/\/deputadotaveirajr.com.br\/wp-content\/uploads\/2024\/12\/midway-Iyl4GZ.jpeg","contentUrl":"https:\/\/deputadotaveirajr.com.br\/wp-content\/uploads\/2024\/12\/midway-Iyl4GZ.jpeg","width":1024,"height":703},{"@type":"BreadcrumbList","@id":"https:\/\/deputadotaveirajr.com.br\/index.php\/confira-o-que-abre-e-fecha-no-comercio-nos-dias-24-e-25-de-dezembro-em-natal\/#breadcrumb","itemListElement":[{"@type":"ListItem","position":1,"name":"In\u00edcio","item":"https:\/\/deputadotaveirajr.com.br\/"},{"@type":"ListItem","position":2,"name":"Confira o que abre e fecha no com\u00e9rcio nos dias 24 e 25 de dezembro em Natal"}]},{"@type":"WebSite","@id":"https:\/\/deputadotaveirajr.com.br\/#website","url":"https:\/\/deputadotaveirajr.com.br\/","name":"Taveira Jr","description":"Deputado Estadual","publisher":{"@id":"https:\/\/deputadotaveirajr.com.br\/#organization"},"potentialAction":[{"@type":"SearchAction","target":{"@type":"EntryPoint","urlTemplate":"https:\/\/deputadotaveirajr.com.br\/?s={search_term_string}"},"query-input":{"@type":"PropertyValueSpecification","valueRequired":true,"valueName":"search_term_string"}}],"inLanguage":"pt-BR"},{"@type":"Organization","@id":"https:\/\/deputadotaveirajr.com.br\/#organization","name":"Taveira Jr","url":"https:\/\/deputadotaveirajr.com.br\/","logo":{"@type":"ImageObject","inLanguage":"pt-BR","@id":"https:\/\/deputadotaveirajr.com.br\/#\/schema\/logo\/image\/","url":"https:\/\/deputadotaveirajr.com.br\/wp-content\/uploads\/2026\/01\/logolow2a.png","contentUrl":"https:\/\/deputadotaveirajr.com.br\/wp-content\/uploads\/2026\/01\/logolow2a.png","width":290,"height":80,"caption":"Taveira Jr"},"image":{"@id":"https:\/\/deputadotaveirajr.com.br\/#\/schema\/logo\/image\/"}}]}},"_links":{"self":[{"href":"https:\/\/deputadotaveirajr.com.br\/index.php\/wp-json\/wp\/v2\/pages\/11856","targetHints":{"allow":["GET"]}}],"collection":[{"href":"https:\/\/deputadotaveirajr.com.br\/index.php\/wp-json\/wp\/v2\/pages"}],"about":[{"href":"https:\/\/deputadotaveirajr.com.br\/index.php\/wp-json\/wp\/v2\/types\/page"}],"replies":[{"embeddable":true,"href":"https:\/\/deputadotaveirajr.com.br\/index.php\/wp-json\/wp\/v2\/comments?post=11856"}],"version-history":[{"count":0,"href":"https:\/\/deputadotaveirajr.com.br\/index.php\/wp-json\/wp\/v2\/pages\/11856\/revisions"}],"wp:featuredmedia":[{"embeddable":true,"href":"https:\/\/deputadotaveirajr.com.br\/index.php\/wp-json\/wp\/v2\/media\/11857"}],"wp:attachment":[{"href":"https:\/\/deputadotaveirajr.com.br\/index.php\/wp-json\/wp\/v2\/media?parent=11856"}],"curies":[{"name":"wp","href":"https:\/\/api.w.org\/{rel}","templated":true}]}}