{"id":11858,"date":"2024-12-23T11:52:02","date_gmt":"2024-12-23T14:52:02","guid":{"rendered":"https:\/\/deputadotaveirajr.com.br\/index.php\/veja-onde-fazer-testes-rapidos-de-covid-na-rede-publica-em-natal\/"},"modified":"2024-12-23T11:52:02","modified_gmt":"2024-12-23T14:52:02","slug":"veja-onde-fazer-testes-rapidos-de-covid-na-rede-publica-em-natal","status":"publish","type":"page","link":"https:\/\/deputadotaveirajr.com.br\/index.php\/veja-onde-fazer-testes-rapidos-de-covid-na-rede-publica-em-natal\/","title":{"rendered":"Veja onde fazer testes r\u00e1pidos de Covid na rede p\u00fablica em Natal"},"content":{"rendered":"<p><img decoding=\"async\" src=\"https:\/\/s2-g1.glbimg.com\/GVpAGbYdDlpIs6y7rY_gBGm0c-4=\/i.s3.glbimg.com\/v1\/AUTH_59edd422c0c84a879bd37670ae4f538a\/internal_photos\/bs\/2022\/W\/y\/lbDdAlSDCMV9Swda5Y3Q\/220114-cristinerochol-tendateste-covidufrgs-sms-033.jpg\" \/><br \/>     Capital potiguar recebeu 18.925 mil kits para realiza\u00e7\u00e3o de testes do tipo ant\u00edgeno (TR-Ag) de detec\u00e7\u00e3o da doen\u00e7a neste m\u00eas de dezembro. Teste de Covid<br \/>\nCristine Rochol\/PMPA<br \/>\nA Secretaria Municipal de Sa\u00fade de Natal (SMS Natal) divulgou neste m\u00eas de dezembro os locais e hor\u00e1rios para realiza\u00e7\u00e3o de testes r\u00e1pidos de detec\u00e7\u00e3o de Covid nas unidades de sa\u00fade do munic\u00edpio<br \/>\nNa semana passada a capital potiguar recebeu 18.925 mil kits para realiza\u00e7\u00e3o de testes do tipo ant\u00edgeno (TR-Ag) de detec\u00e7\u00e3o da doen\u00e7a, que foram distribu\u00eddos nas unidades de sa\u00fade e nos servi\u00e7os da Rede de Urg\u00eancia e Emerg\u00eancia do munic\u00edpio.<br \/>\n\ud83d\udcf3Participe do canal do g1 RN no WhatsApp<br \/>\nDesde outubro de 2023 Natal n\u00e3o recebia novas remessas dos kits, realizando nesse per\u00edodo testes de laborat\u00f3rio atrav\u00e9s do procedimento RT-PCR.<br \/>\n\u201cMesmo com a aus\u00eancia de testes r\u00e1pidos, Natal continuou a realiza\u00e7\u00e3o da testagem contra a Covid-19, ofertando o teste de diagn\u00f3stico laboratorial do tipo RT-PCR, em unidades de refer\u00eancia conforme a demanda recebida\u201d, explicou a secret\u00e1ria adjunta de Aten\u00e7\u00e3o Integral \u00e0 Sa\u00fade da SMS Natal,  Rayanne Ara\u00fajo<br \/>\nA secret\u00e1ria refor\u00e7ou que qualquer residente de Natal pode procurar o servi\u00e7o nas unidades de sa\u00fade em casos de suspeita da doen\u00e7a, j\u00e1 que neste per\u00edodo do ano geralmente h\u00e1 um aumento de casos de s\u00edndromes gripais.<br \/>\nEntenda o teste<br \/>\nO teste r\u00e1pido de ant\u00edgeno \u00e9 capaz de detectar prote\u00ednas produzidas na fase de replica\u00e7\u00e3o viral da doen\u00e7a. A amostra \u00e9 recolhida por meio de swab nasal (um tipo de cotonete) e o resultado para a infec\u00e7\u00e3o ou n\u00e3o pelo v\u00edrus SARS-COV-2 \u00e9 liberado entre 15 e 20 minutos.<br \/>\nOs testes r\u00e1pidos de ant\u00edgeno (TR-Ag) s\u00e3o mais eficientes na fase aguda da doen\u00e7a, podendo ser realizados preferencialmente at\u00e9 o 7\u00ba dia do aparecimento dos sintomas; e a partir do 5\u00ba dia em pessoas assintom\u00e1ticas que tiveram contato com casos positivos.<br \/>\nVeja locais por zonas<br \/>\nZona Sul<br \/>\nZona Sul<br \/>\nDivulga\u00e7\u00e3o<br \/>\nZona Oeste<br \/>\nZona Oeste<br \/>\nDivulga\u00e7\u00e3o<br \/>\nZona Oeste<br \/>\nDivulga\u00e7\u00e3o<br \/>\nZona Leste<br \/>\nZona Leste<br \/>\nDivulga\u00e7\u00e3o<br \/>\nZona Norte (regi\u00e3o 1)<br \/>\nZona Norte, regi\u00e3o 1<br \/>\nDivulga\u00e7\u00e3o<br \/>\nZona Norte (regi\u00e3o 2)<br \/>\nZona Norte, regi\u00e3o 2<br \/>\nDivulga\u00e7\u00e3o<br \/>\nV\u00eddeos mais assistidos do g1 RN<\/p>","protected":false},"excerpt":{"rendered":"<p>Capital potiguar recebeu 18.925 mil kits para realiza\u00e7\u00e3o de testes do tipo ant\u00edgeno (TR-Ag) de detec\u00e7\u00e3o da doen\u00e7a neste m\u00eas de dezembro. Teste de Covid Cristine Rochol\/PMPA A Secretaria Municipal &#8230;<\/p>\n","protected":false},"author":0,"featured_media":11859,"parent":0,"menu_order":0,"comment_status":"closed","ping_status":"closed","template":"","meta":{"footnotes":""},"class_list":["post-11858","page","type-page","status-publish","has-post-thumbnail","hentry"],"yoast_head":"<!-- This site is optimized with the Yoast SEO plugin v27.1.1 - https:\/\/yoast.com\/product\/yoast-seo-wordpress\/ -->\n<title>Veja onde fazer testes r\u00e1pidos de Covid na rede p\u00fablica em Natal - Taveira Jr<\/title>\n<meta name=\"robots\" content=\"index, follow, max-snippet:-1, max-image-preview:large, max-video-preview:-1\" \/>\n<link rel=\"canonical\" href=\"https:\/\/deputadotaveirajr.com.br\/index.php\/veja-onde-fazer-testes-rapidos-de-covid-na-rede-publica-em-natal\/\" \/>\n<meta property=\"og:locale\" content=\"pt_BR\" \/>\n<meta property=\"og:type\" content=\"article\" \/>\n<meta property=\"og:title\" content=\"Veja onde fazer testes r\u00e1pidos de Covid na rede p\u00fablica em Natal - Taveira Jr\" \/>\n<meta property=\"og:description\" content=\"Capital potiguar recebeu 18.925 mil kits para realiza\u00e7\u00e3o de testes do tipo ant\u00edgeno (TR-Ag) de detec\u00e7\u00e3o da doen\u00e7a neste m\u00eas de dezembro. Teste de Covid Cristine Rochol\/PMPA A Secretaria Municipal ...\" \/>\n<meta property=\"og:url\" content=\"https:\/\/deputadotaveirajr.com.br\/index.php\/veja-onde-fazer-testes-rapidos-de-covid-na-rede-publica-em-natal\/\" \/>\n<meta property=\"og:site_name\" content=\"Taveira Jr\" \/>\n<meta property=\"og:image\" content=\"https:\/\/s2-g1.glbimg.com\/GVpAGbYdDlpIs6y7rY_gBGm0c-4=\/i.s3.glbimg.com\/v1\/AUTH_59edd422c0c84a879bd37670ae4f538a\/internal_photos\/bs\/2022\/W\/y\/lbDdAlSDCMV9Swda5Y3Q\/220114-cristinerochol-tendateste-covidufrgs-sms-033.jpg\" \/>\n<meta name=\"twitter:card\" content=\"summary_large_image\" \/>\n<meta name=\"twitter:label1\" content=\"Est. tempo de leitura\" \/>\n\t<meta name=\"twitter:data1\" content=\"2 minutos\" \/>\n<script type=\"application\/ld+json\" class=\"yoast-schema-graph\">{\"@context\":\"https:\/\/schema.org\",\"@graph\":[{\"@type\":\"WebPage\",\"@id\":\"https:\/\/deputadotaveirajr.com.br\/index.php\/veja-onde-fazer-testes-rapidos-de-covid-na-rede-publica-em-natal\/\",\"url\":\"https:\/\/deputadotaveirajr.com.br\/index.php\/veja-onde-fazer-testes-rapidos-de-covid-na-rede-publica-em-natal\/\",\"name\":\"Veja onde fazer testes r\u00e1pidos de Covid na rede p\u00fablica em Natal - Taveira Jr\",\"isPartOf\":{\"@id\":\"https:\/\/deputadotaveirajr.com.br\/#website\"},\"primaryImageOfPage\":{\"@id\":\"https:\/\/deputadotaveirajr.com.br\/index.php\/veja-onde-fazer-testes-rapidos-de-covid-na-rede-publica-em-natal\/#primaryimage\"},\"image\":{\"@id\":\"https:\/\/deputadotaveirajr.com.br\/index.php\/veja-onde-fazer-testes-rapidos-de-covid-na-rede-publica-em-natal\/#primaryimage\"},\"thumbnailUrl\":\"https:\/\/deputadotaveirajr.com.br\/wp-content\/uploads\/2024\/12\/220114-cristinerochol-tendateste-covidufrgs-sms-033-qu1EkF.jpeg\",\"datePublished\":\"2024-12-23T14:52:02+00:00\",\"breadcrumb\":{\"@id\":\"https:\/\/deputadotaveirajr.com.br\/index.php\/veja-onde-fazer-testes-rapidos-de-covid-na-rede-publica-em-natal\/#breadcrumb\"},\"inLanguage\":\"pt-BR\",\"potentialAction\":[{\"@type\":\"ReadAction\",\"target\":[\"https:\/\/deputadotaveirajr.com.br\/index.php\/veja-onde-fazer-testes-rapidos-de-covid-na-rede-publica-em-natal\/\"]}]},{\"@type\":\"ImageObject\",\"inLanguage\":\"pt-BR\",\"@id\":\"https:\/\/deputadotaveirajr.com.br\/index.php\/veja-onde-fazer-testes-rapidos-de-covid-na-rede-publica-em-natal\/#primaryimage\",\"url\":\"https:\/\/deputadotaveirajr.com.br\/wp-content\/uploads\/2024\/12\/220114-cristinerochol-tendateste-covidufrgs-sms-033-qu1EkF.jpeg\",\"contentUrl\":\"https:\/\/deputadotaveirajr.com.br\/wp-content\/uploads\/2024\/12\/220114-cristinerochol-tendateste-covidufrgs-sms-033-qu1EkF.jpeg\",\"width\":2480,\"height\":1653},{\"@type\":\"BreadcrumbList\",\"@id\":\"https:\/\/deputadotaveirajr.com.br\/index.php\/veja-onde-fazer-testes-rapidos-de-covid-na-rede-publica-em-natal\/#breadcrumb\",\"itemListElement\":[{\"@type\":\"ListItem\",\"position\":1,\"name\":\"In\u00edcio\",\"item\":\"https:\/\/deputadotaveirajr.com.br\/\"},{\"@type\":\"ListItem\",\"position\":2,\"name\":\"Veja onde fazer testes r\u00e1pidos de Covid na rede p\u00fablica em Natal\"}]},{\"@type\":\"WebSite\",\"@id\":\"https:\/\/deputadotaveirajr.com.br\/#website\",\"url\":\"https:\/\/deputadotaveirajr.com.br\/\",\"name\":\"Taveira Jr\",\"description\":\"Deputado Estadual\",\"publisher\":{\"@id\":\"https:\/\/deputadotaveirajr.com.br\/#organization\"},\"potentialAction\":[{\"@type\":\"SearchAction\",\"target\":{\"@type\":\"EntryPoint\",\"urlTemplate\":\"https:\/\/deputadotaveirajr.com.br\/?s={search_term_string}\"},\"query-input\":{\"@type\":\"PropertyValueSpecification\",\"valueRequired\":true,\"valueName\":\"search_term_string\"}}],\"inLanguage\":\"pt-BR\"},{\"@type\":\"Organization\",\"@id\":\"https:\/\/deputadotaveirajr.com.br\/#organization\",\"name\":\"Taveira Jr\",\"url\":\"https:\/\/deputadotaveirajr.com.br\/\",\"logo\":{\"@type\":\"ImageObject\",\"inLanguage\":\"pt-BR\",\"@id\":\"https:\/\/deputadotaveirajr.com.br\/#\/schema\/logo\/image\/\",\"url\":\"https:\/\/deputadotaveirajr.com.br\/wp-content\/uploads\/2026\/01\/logolow2a.png\",\"contentUrl\":\"https:\/\/deputadotaveirajr.com.br\/wp-content\/uploads\/2026\/01\/logolow2a.png\",\"width\":290,\"height\":80,\"caption\":\"Taveira Jr\"},\"image\":{\"@id\":\"https:\/\/deputadotaveirajr.com.br\/#\/schema\/logo\/image\/\"}}]}<\/script>\n<!-- \/ Yoast SEO plugin. -->","yoast_head_json":{"title":"Veja onde fazer testes r\u00e1pidos de Covid na rede p\u00fablica em Natal - Taveira Jr","robots":{"index":"index","follow":"follow","max-snippet":"max-snippet:-1","max-image-preview":"max-image-preview:large","max-video-preview":"max-video-preview:-1"},"canonical":"https:\/\/deputadotaveirajr.com.br\/index.php\/veja-onde-fazer-testes-rapidos-de-covid-na-rede-publica-em-natal\/","og_locale":"pt_BR","og_type":"article","og_title":"Veja onde fazer testes r\u00e1pidos de Covid na rede p\u00fablica em Natal - Taveira Jr","og_description":"Capital potiguar recebeu 18.925 mil kits para realiza\u00e7\u00e3o de testes do tipo ant\u00edgeno (TR-Ag) de detec\u00e7\u00e3o da doen\u00e7a neste m\u00eas de dezembro. Teste de Covid Cristine Rochol\/PMPA A Secretaria Municipal ...","og_url":"https:\/\/deputadotaveirajr.com.br\/index.php\/veja-onde-fazer-testes-rapidos-de-covid-na-rede-publica-em-natal\/","og_site_name":"Taveira Jr","og_image":[{"url":"https:\/\/s2-g1.glbimg.com\/GVpAGbYdDlpIs6y7rY_gBGm0c-4=\/i.s3.glbimg.com\/v1\/AUTH_59edd422c0c84a879bd37670ae4f538a\/internal_photos\/bs\/2022\/W\/y\/lbDdAlSDCMV9Swda5Y3Q\/220114-cristinerochol-tendateste-covidufrgs-sms-033.jpg","type":"","width":"","height":""}],"twitter_card":"summary_large_image","twitter_misc":{"Est. tempo de leitura":"2 minutos"},"schema":{"@context":"https:\/\/schema.org","@graph":[{"@type":"WebPage","@id":"https:\/\/deputadotaveirajr.com.br\/index.php\/veja-onde-fazer-testes-rapidos-de-covid-na-rede-publica-em-natal\/","url":"https:\/\/deputadotaveirajr.com.br\/index.php\/veja-onde-fazer-testes-rapidos-de-covid-na-rede-publica-em-natal\/","name":"Veja onde fazer testes r\u00e1pidos de Covid na rede p\u00fablica em Natal - Taveira Jr","isPartOf":{"@id":"https:\/\/deputadotaveirajr.com.br\/#website"},"primaryImageOfPage":{"@id":"https:\/\/deputadotaveirajr.com.br\/index.php\/veja-onde-fazer-testes-rapidos-de-covid-na-rede-publica-em-natal\/#primaryimage"},"image":{"@id":"https:\/\/deputadotaveirajr.com.br\/index.php\/veja-onde-fazer-testes-rapidos-de-covid-na-rede-publica-em-natal\/#primaryimage"},"thumbnailUrl":"https:\/\/deputadotaveirajr.com.br\/wp-content\/uploads\/2024\/12\/220114-cristinerochol-tendateste-covidufrgs-sms-033-qu1EkF.jpeg","datePublished":"2024-12-23T14:52:02+00:00","breadcrumb":{"@id":"https:\/\/deputadotaveirajr.com.br\/index.php\/veja-onde-fazer-testes-rapidos-de-covid-na-rede-publica-em-natal\/#breadcrumb"},"inLanguage":"pt-BR","potentialAction":[{"@type":"ReadAction","target":["https:\/\/deputadotaveirajr.com.br\/index.php\/veja-onde-fazer-testes-rapidos-de-covid-na-rede-publica-em-natal\/"]}]},{"@type":"ImageObject","inLanguage":"pt-BR","@id":"https:\/\/deputadotaveirajr.com.br\/index.php\/veja-onde-fazer-testes-rapidos-de-covid-na-rede-publica-em-natal\/#primaryimage","url":"https:\/\/deputadotaveirajr.com.br\/wp-content\/uploads\/2024\/12\/220114-cristinerochol-tendateste-covidufrgs-sms-033-qu1EkF.jpeg","contentUrl":"https:\/\/deputadotaveirajr.com.br\/wp-content\/uploads\/2024\/12\/220114-cristinerochol-tendateste-covidufrgs-sms-033-qu1EkF.jpeg","width":2480,"height":1653},{"@type":"BreadcrumbList","@id":"https:\/\/deputadotaveirajr.com.br\/index.php\/veja-onde-fazer-testes-rapidos-de-covid-na-rede-publica-em-natal\/#breadcrumb","itemListElement":[{"@type":"ListItem","position":1,"name":"In\u00edcio","item":"https:\/\/deputadotaveirajr.com.br\/"},{"@type":"ListItem","position":2,"name":"Veja onde fazer testes r\u00e1pidos de Covid na rede p\u00fablica em Natal"}]},{"@type":"WebSite","@id":"https:\/\/deputadotaveirajr.com.br\/#website","url":"https:\/\/deputadotaveirajr.com.br\/","name":"Taveira Jr","description":"Deputado Estadual","publisher":{"@id":"https:\/\/deputadotaveirajr.com.br\/#organization"},"potentialAction":[{"@type":"SearchAction","target":{"@type":"EntryPoint","urlTemplate":"https:\/\/deputadotaveirajr.com.br\/?s={search_term_string}"},"query-input":{"@type":"PropertyValueSpecification","valueRequired":true,"valueName":"search_term_string"}}],"inLanguage":"pt-BR"},{"@type":"Organization","@id":"https:\/\/deputadotaveirajr.com.br\/#organization","name":"Taveira Jr","url":"https:\/\/deputadotaveirajr.com.br\/","logo":{"@type":"ImageObject","inLanguage":"pt-BR","@id":"https:\/\/deputadotaveirajr.com.br\/#\/schema\/logo\/image\/","url":"https:\/\/deputadotaveirajr.com.br\/wp-content\/uploads\/2026\/01\/logolow2a.png","contentUrl":"https:\/\/deputadotaveirajr.com.br\/wp-content\/uploads\/2026\/01\/logolow2a.png","width":290,"height":80,"caption":"Taveira Jr"},"image":{"@id":"https:\/\/deputadotaveirajr.com.br\/#\/schema\/logo\/image\/"}}]}},"_links":{"self":[{"href":"https:\/\/deputadotaveirajr.com.br\/index.php\/wp-json\/wp\/v2\/pages\/11858","targetHints":{"allow":["GET"]}}],"collection":[{"href":"https:\/\/deputadotaveirajr.com.br\/index.php\/wp-json\/wp\/v2\/pages"}],"about":[{"href":"https:\/\/deputadotaveirajr.com.br\/index.php\/wp-json\/wp\/v2\/types\/page"}],"replies":[{"embeddable":true,"href":"https:\/\/deputadotaveirajr.com.br\/index.php\/wp-json\/wp\/v2\/comments?post=11858"}],"version-history":[{"count":0,"href":"https:\/\/deputadotaveirajr.com.br\/index.php\/wp-json\/wp\/v2\/pages\/11858\/revisions"}],"wp:featuredmedia":[{"embeddable":true,"href":"https:\/\/deputadotaveirajr.com.br\/index.php\/wp-json\/wp\/v2\/media\/11859"}],"wp:attachment":[{"href":"https:\/\/deputadotaveirajr.com.br\/index.php\/wp-json\/wp\/v2\/media?parent=11858"}],"curies":[{"name":"wp","href":"https:\/\/api.w.org\/{rel}","templated":true}]}}