{"id":11860,"date":"2024-12-23T11:10:16","date_gmt":"2024-12-23T14:10:16","guid":{"rendered":"https:\/\/deputadotaveirajr.com.br\/index.php\/emparn-preve-verao-com-ate-39oc-no-interior-mas-menos-quente-que-em-2024-no-rn\/"},"modified":"2024-12-23T11:10:16","modified_gmt":"2024-12-23T14:10:16","slug":"emparn-preve-verao-com-ate-39oc-no-interior-mas-menos-quente-que-em-2024-no-rn","status":"publish","type":"page","link":"https:\/\/deputadotaveirajr.com.br\/index.php\/emparn-preve-verao-com-ate-39oc-no-interior-mas-menos-quente-que-em-2024-no-rn\/","title":{"rendered":"Emparn prev\u00ea ver\u00e3o com at\u00e9 39\u00baC no interior, mas menos quente que em 2024 no RN"},"content":{"rendered":"<p><img decoding=\"async\" src=\"https:\/\/s2-g1.glbimg.com\/JkMbrVx3usq_Viwl3fgdH40bA4o=\/i.s3.glbimg.com\/v1\/AUTH_59edd422c0c84a879bd37670ae4f538a\/internal_photos\/bs\/2022\/1\/N\/gt9DL5SZAgZGE06k6AZg\/whatsapp-image-2022-12-14-at-15.41.56.jpeg\" \/><br \/>     Fen\u00f4meno La Ni\u00f1a no Oceano Pac\u00edfico deve facilitar transi\u00e7\u00e3o de ventos na regi\u00e3o, impedindo que as temperaturas aumentem al\u00e9m da m\u00e9dia prevista, apontou progn\u00f3stico. Ver\u00e3o come\u00e7a com praias cheias em Natal<br \/>\nA Empresa de Pesquisa Agropecu\u00e1ria do Rio Grande do Norte (Emparn) prev\u00ea que o ver\u00e3o em 2025 no Rio Grande do Norte atinja temperaturas m\u00e1ximas de at\u00e9 38\u00baC ou 39\u00baC em algumas cidades do interior &#8211; sem considerar as sensa\u00e7\u00f5es t\u00e9rmicas -, mas ainda assim a esta\u00e7\u00e3o tende a ser mais amena do que foi em 2024.<br \/>\nA proje\u00e7\u00e3o foi divulgada pelo n\u00facleo de meteorologia da Emparn e vale para os primeiros tr\u00eas meses de 2025. O \u00fanico m\u00eas que ainda pode ter mudan\u00e7as na previs\u00e3o, sobretudo em rela\u00e7\u00e3o \u00e0s chuvas, \u00e9 o de mar\u00e7o, segundo o progn\u00f3stico.<br \/>\n\ud83d\udcf3Participe do canal do g1 RN no WhatsApp<br \/>\nNa capital potiguar, segundo o meteorologista Gilmar Bristot, as condi\u00e7\u00f5es presentes nos oceanos Atl\u00e2ntico e Pac\u00edfico indicam ainda que temperaturas tendem a ficar entre 32\u00baC e 33\u00baC entre janeiro e mar\u00e7o.<br \/>\nO meteorologista explicou que a a\u00e7\u00e3o do fen\u00f4meno La Ni\u00f1a no Oceano Pac\u00edfico, embora fraca, facilita a transi\u00e7\u00e3o de ventos na regi\u00e3o, o que n\u00e3o deve permitir que as temperaturas aumentem al\u00e9m da m\u00e9dia prevista para o per\u00edodo.<br \/>\n&#8220;N\u00f3s teremos uma circula\u00e7\u00e3o dos ventos melhor aqui sobre o Nordeste, n\u00e3o havendo assim o aumento exagerado da temperatura e aumento das massas de ar quente&#8221;, explicou Bisttot \u00e0 Inter TV Cabugi.<br \/>\n&#8220;N\u00f3s tamb\u00e9m teremos um ver\u00e3o mais \u00famido, os meses de janeiro e fevereiro ser\u00e3o com mais chuvas, fazendo com que as temperaturas fiquem mais amenas aqui sobre o estado&#8221;.<br \/>\nPraia do Meio, Natal, RN<br \/>\nS\u00e9rgio Henrique Santos\/Inter TV Cabugi<br \/>\nChuvas de ver\u00e3o<br \/>\nSegundo o meteorologista, a previs\u00e3o \u00e9 que as chuvas tamb\u00e9m se mantenham dentro da normalidade da m\u00e9dia hist\u00f3rica, sendo o m\u00eas de janeiro uma pouco mais chuvoso que dezembro,<br \/>\nBistrot explicou que isso se deve \u00e0 forma\u00e7\u00e3o de sistemas meteorol\u00f3gicos transientes, que devem trazer chuvas para todo o estado, principalmente na primeira quinzena do primeiro m\u00eas do ano.<br \/>\n O meteorologista, por\u00e9m, refor\u00e7a que ainda n\u00e3o h\u00e1 uma previs\u00e3o fechada sobre o m\u00eas de mar\u00e7o, pois depende da atua\u00e7\u00e3o da Zona de Converg\u00eancia Intertropical.<br \/>\n\u201cPrecisamos entender melhor o comportamento do Atl\u00e2ntico Sul, o quanto ele ir\u00e1 aquecer ainda nos pr\u00f3ximos dois meses. Se aquecer bastante, teremos uma condi\u00e7\u00e3o de mais chuvas; se ficar como est\u00e1 hoje, teremos uma situa\u00e7\u00e3o de normalidade&#8221;, explicou.<br \/>\n&#8220;Praticamente n\u00f3s teremos uma situa\u00e7\u00e3o de chuvas em torno do normal nos pr\u00f3ximos tr\u00eas meses, com janeiro mais chuvoso do que os outros meses\u201d.<br \/>\nInverno 2024: chuvas normais ou acima em 107 cidades<br \/>\nNo relat\u00f3rio, a Emparn ainda apontou que no inverno de 2024 as chuvas ficaram dentro da normalidade ou acima das m\u00e9dias hist\u00f3ricas em 107 munic\u00edpios do Rio Grande do Norte.<br \/>\nOs 55 reservat\u00f3rios p\u00fablicos monitorados pelo Instituto de Gest\u00e3o das \u00c1guas (Igarn), segundo a Emparn, chegaram \u00e0 \u00faltima quinzena de dezembro com o melhor n\u00edvel acumulado de \u00e1gua desde 2011.<br \/>\nAo todo, segundo a Emparn, foram 2,83 bilh\u00f5es de metros c\u00fabicos acumulados, representando cerca de 64,5% da capacidade total dos reservat\u00f3rios.<br \/>\nEm 2024, alguns reservat\u00f3rios voltaram a sangrar ap\u00f3s mais de um d\u00e9cadas, como foi o caso de Gargalheiras (Acari) e Po\u00e7o Branco.<\/p>","protected":false},"excerpt":{"rendered":"<p>Fen\u00f4meno La Ni\u00f1a no Oceano Pac\u00edfico deve facilitar transi\u00e7\u00e3o de ventos na regi\u00e3o, impedindo que as temperaturas aumentem al\u00e9m da m\u00e9dia prevista, apontou progn\u00f3stico. Ver\u00e3o come\u00e7a com praias cheias em &#8230;<\/p>\n","protected":false},"author":0,"featured_media":11861,"parent":0,"menu_order":0,"comment_status":"closed","ping_status":"closed","template":"","meta":{"footnotes":""},"class_list":["post-11860","page","type-page","status-publish","has-post-thumbnail","hentry"],"yoast_head":"<!-- This site is optimized with the Yoast SEO plugin v27.1.1 - https:\/\/yoast.com\/product\/yoast-seo-wordpress\/ -->\n<title>Emparn prev\u00ea ver\u00e3o com at\u00e9 39\u00baC no interior, mas menos quente que em 2024 no RN - Taveira Jr<\/title>\n<meta name=\"robots\" content=\"index, follow, max-snippet:-1, max-image-preview:large, max-video-preview:-1\" \/>\n<link rel=\"canonical\" href=\"https:\/\/deputadotaveirajr.com.br\/index.php\/emparn-preve-verao-com-ate-39oc-no-interior-mas-menos-quente-que-em-2024-no-rn\/\" \/>\n<meta property=\"og:locale\" content=\"pt_BR\" \/>\n<meta property=\"og:type\" content=\"article\" \/>\n<meta property=\"og:title\" content=\"Emparn prev\u00ea ver\u00e3o com at\u00e9 39\u00baC no interior, mas menos quente que em 2024 no RN - Taveira Jr\" \/>\n<meta property=\"og:description\" content=\"Fen\u00f4meno La Ni\u00f1a no Oceano Pac\u00edfico deve facilitar transi\u00e7\u00e3o de ventos na regi\u00e3o, impedindo que as temperaturas aumentem al\u00e9m da m\u00e9dia prevista, apontou progn\u00f3stico. Ver\u00e3o come\u00e7a com praias cheias em ...\" \/>\n<meta property=\"og:url\" content=\"https:\/\/deputadotaveirajr.com.br\/index.php\/emparn-preve-verao-com-ate-39oc-no-interior-mas-menos-quente-que-em-2024-no-rn\/\" \/>\n<meta property=\"og:site_name\" content=\"Taveira Jr\" \/>\n<meta property=\"og:image\" content=\"https:\/\/s2-g1.glbimg.com\/JkMbrVx3usq_Viwl3fgdH40bA4o=\/i.s3.glbimg.com\/v1\/AUTH_59edd422c0c84a879bd37670ae4f538a\/internal_photos\/bs\/2022\/1\/N\/gt9DL5SZAgZGE06k6AZg\/whatsapp-image-2022-12-14-at-15.41.56.jpeg\" \/>\n<meta name=\"twitter:card\" content=\"summary_large_image\" \/>\n<meta name=\"twitter:label1\" content=\"Est. tempo de leitura\" \/>\n\t<meta name=\"twitter:data1\" content=\"3 minutos\" \/>\n<script type=\"application\/ld+json\" class=\"yoast-schema-graph\">{\"@context\":\"https:\/\/schema.org\",\"@graph\":[{\"@type\":\"WebPage\",\"@id\":\"https:\/\/deputadotaveirajr.com.br\/index.php\/emparn-preve-verao-com-ate-39oc-no-interior-mas-menos-quente-que-em-2024-no-rn\/\",\"url\":\"https:\/\/deputadotaveirajr.com.br\/index.php\/emparn-preve-verao-com-ate-39oc-no-interior-mas-menos-quente-que-em-2024-no-rn\/\",\"name\":\"Emparn prev\u00ea ver\u00e3o com at\u00e9 39\u00baC no interior, mas menos quente que em 2024 no RN - Taveira Jr\",\"isPartOf\":{\"@id\":\"https:\/\/deputadotaveirajr.com.br\/#website\"},\"primaryImageOfPage\":{\"@id\":\"https:\/\/deputadotaveirajr.com.br\/index.php\/emparn-preve-verao-com-ate-39oc-no-interior-mas-menos-quente-que-em-2024-no-rn\/#primaryimage\"},\"image\":{\"@id\":\"https:\/\/deputadotaveirajr.com.br\/index.php\/emparn-preve-verao-com-ate-39oc-no-interior-mas-menos-quente-que-em-2024-no-rn\/#primaryimage\"},\"thumbnailUrl\":\"https:\/\/deputadotaveirajr.com.br\/wp-content\/uploads\/2024\/12\/whatsapp-image-2022-12-14-at-15.41.56-oj1Dza.jpeg\",\"datePublished\":\"2024-12-23T14:10:16+00:00\",\"breadcrumb\":{\"@id\":\"https:\/\/deputadotaveirajr.com.br\/index.php\/emparn-preve-verao-com-ate-39oc-no-interior-mas-menos-quente-que-em-2024-no-rn\/#breadcrumb\"},\"inLanguage\":\"pt-BR\",\"potentialAction\":[{\"@type\":\"ReadAction\",\"target\":[\"https:\/\/deputadotaveirajr.com.br\/index.php\/emparn-preve-verao-com-ate-39oc-no-interior-mas-menos-quente-que-em-2024-no-rn\/\"]}]},{\"@type\":\"ImageObject\",\"inLanguage\":\"pt-BR\",\"@id\":\"https:\/\/deputadotaveirajr.com.br\/index.php\/emparn-preve-verao-com-ate-39oc-no-interior-mas-menos-quente-que-em-2024-no-rn\/#primaryimage\",\"url\":\"https:\/\/deputadotaveirajr.com.br\/wp-content\/uploads\/2024\/12\/whatsapp-image-2022-12-14-at-15.41.56-oj1Dza.jpeg\",\"contentUrl\":\"https:\/\/deputadotaveirajr.com.br\/wp-content\/uploads\/2024\/12\/whatsapp-image-2022-12-14-at-15.41.56-oj1Dza.jpeg\",\"width\":1152,\"height\":648},{\"@type\":\"BreadcrumbList\",\"@id\":\"https:\/\/deputadotaveirajr.com.br\/index.php\/emparn-preve-verao-com-ate-39oc-no-interior-mas-menos-quente-que-em-2024-no-rn\/#breadcrumb\",\"itemListElement\":[{\"@type\":\"ListItem\",\"position\":1,\"name\":\"In\u00edcio\",\"item\":\"https:\/\/deputadotaveirajr.com.br\/\"},{\"@type\":\"ListItem\",\"position\":2,\"name\":\"Emparn prev\u00ea ver\u00e3o com at\u00e9 39\u00baC no interior, mas menos quente que em 2024 no RN\"}]},{\"@type\":\"WebSite\",\"@id\":\"https:\/\/deputadotaveirajr.com.br\/#website\",\"url\":\"https:\/\/deputadotaveirajr.com.br\/\",\"name\":\"Taveira Jr\",\"description\":\"Deputado Estadual\",\"publisher\":{\"@id\":\"https:\/\/deputadotaveirajr.com.br\/#organization\"},\"potentialAction\":[{\"@type\":\"SearchAction\",\"target\":{\"@type\":\"EntryPoint\",\"urlTemplate\":\"https:\/\/deputadotaveirajr.com.br\/?s={search_term_string}\"},\"query-input\":{\"@type\":\"PropertyValueSpecification\",\"valueRequired\":true,\"valueName\":\"search_term_string\"}}],\"inLanguage\":\"pt-BR\"},{\"@type\":\"Organization\",\"@id\":\"https:\/\/deputadotaveirajr.com.br\/#organization\",\"name\":\"Taveira Jr\",\"url\":\"https:\/\/deputadotaveirajr.com.br\/\",\"logo\":{\"@type\":\"ImageObject\",\"inLanguage\":\"pt-BR\",\"@id\":\"https:\/\/deputadotaveirajr.com.br\/#\/schema\/logo\/image\/\",\"url\":\"https:\/\/deputadotaveirajr.com.br\/wp-content\/uploads\/2026\/01\/logolow2a.png\",\"contentUrl\":\"https:\/\/deputadotaveirajr.com.br\/wp-content\/uploads\/2026\/01\/logolow2a.png\",\"width\":290,\"height\":80,\"caption\":\"Taveira Jr\"},\"image\":{\"@id\":\"https:\/\/deputadotaveirajr.com.br\/#\/schema\/logo\/image\/\"}}]}<\/script>\n<!-- \/ Yoast SEO plugin. -->","yoast_head_json":{"title":"Emparn prev\u00ea ver\u00e3o com at\u00e9 39\u00baC no interior, mas menos quente que em 2024 no RN - Taveira Jr","robots":{"index":"index","follow":"follow","max-snippet":"max-snippet:-1","max-image-preview":"max-image-preview:large","max-video-preview":"max-video-preview:-1"},"canonical":"https:\/\/deputadotaveirajr.com.br\/index.php\/emparn-preve-verao-com-ate-39oc-no-interior-mas-menos-quente-que-em-2024-no-rn\/","og_locale":"pt_BR","og_type":"article","og_title":"Emparn prev\u00ea ver\u00e3o com at\u00e9 39\u00baC no interior, mas menos quente que em 2024 no RN - Taveira Jr","og_description":"Fen\u00f4meno La Ni\u00f1a no Oceano Pac\u00edfico deve facilitar transi\u00e7\u00e3o de ventos na regi\u00e3o, impedindo que as temperaturas aumentem al\u00e9m da m\u00e9dia prevista, apontou progn\u00f3stico. Ver\u00e3o come\u00e7a com praias cheias em ...","og_url":"https:\/\/deputadotaveirajr.com.br\/index.php\/emparn-preve-verao-com-ate-39oc-no-interior-mas-menos-quente-que-em-2024-no-rn\/","og_site_name":"Taveira Jr","og_image":[{"url":"https:\/\/s2-g1.glbimg.com\/JkMbrVx3usq_Viwl3fgdH40bA4o=\/i.s3.glbimg.com\/v1\/AUTH_59edd422c0c84a879bd37670ae4f538a\/internal_photos\/bs\/2022\/1\/N\/gt9DL5SZAgZGE06k6AZg\/whatsapp-image-2022-12-14-at-15.41.56.jpeg","type":"","width":"","height":""}],"twitter_card":"summary_large_image","twitter_misc":{"Est. tempo de leitura":"3 minutos"},"schema":{"@context":"https:\/\/schema.org","@graph":[{"@type":"WebPage","@id":"https:\/\/deputadotaveirajr.com.br\/index.php\/emparn-preve-verao-com-ate-39oc-no-interior-mas-menos-quente-que-em-2024-no-rn\/","url":"https:\/\/deputadotaveirajr.com.br\/index.php\/emparn-preve-verao-com-ate-39oc-no-interior-mas-menos-quente-que-em-2024-no-rn\/","name":"Emparn prev\u00ea ver\u00e3o com at\u00e9 39\u00baC no interior, mas menos quente que em 2024 no RN - Taveira Jr","isPartOf":{"@id":"https:\/\/deputadotaveirajr.com.br\/#website"},"primaryImageOfPage":{"@id":"https:\/\/deputadotaveirajr.com.br\/index.php\/emparn-preve-verao-com-ate-39oc-no-interior-mas-menos-quente-que-em-2024-no-rn\/#primaryimage"},"image":{"@id":"https:\/\/deputadotaveirajr.com.br\/index.php\/emparn-preve-verao-com-ate-39oc-no-interior-mas-menos-quente-que-em-2024-no-rn\/#primaryimage"},"thumbnailUrl":"https:\/\/deputadotaveirajr.com.br\/wp-content\/uploads\/2024\/12\/whatsapp-image-2022-12-14-at-15.41.56-oj1Dza.jpeg","datePublished":"2024-12-23T14:10:16+00:00","breadcrumb":{"@id":"https:\/\/deputadotaveirajr.com.br\/index.php\/emparn-preve-verao-com-ate-39oc-no-interior-mas-menos-quente-que-em-2024-no-rn\/#breadcrumb"},"inLanguage":"pt-BR","potentialAction":[{"@type":"ReadAction","target":["https:\/\/deputadotaveirajr.com.br\/index.php\/emparn-preve-verao-com-ate-39oc-no-interior-mas-menos-quente-que-em-2024-no-rn\/"]}]},{"@type":"ImageObject","inLanguage":"pt-BR","@id":"https:\/\/deputadotaveirajr.com.br\/index.php\/emparn-preve-verao-com-ate-39oc-no-interior-mas-menos-quente-que-em-2024-no-rn\/#primaryimage","url":"https:\/\/deputadotaveirajr.com.br\/wp-content\/uploads\/2024\/12\/whatsapp-image-2022-12-14-at-15.41.56-oj1Dza.jpeg","contentUrl":"https:\/\/deputadotaveirajr.com.br\/wp-content\/uploads\/2024\/12\/whatsapp-image-2022-12-14-at-15.41.56-oj1Dza.jpeg","width":1152,"height":648},{"@type":"BreadcrumbList","@id":"https:\/\/deputadotaveirajr.com.br\/index.php\/emparn-preve-verao-com-ate-39oc-no-interior-mas-menos-quente-que-em-2024-no-rn\/#breadcrumb","itemListElement":[{"@type":"ListItem","position":1,"name":"In\u00edcio","item":"https:\/\/deputadotaveirajr.com.br\/"},{"@type":"ListItem","position":2,"name":"Emparn prev\u00ea ver\u00e3o com at\u00e9 39\u00baC no interior, mas menos quente que em 2024 no RN"}]},{"@type":"WebSite","@id":"https:\/\/deputadotaveirajr.com.br\/#website","url":"https:\/\/deputadotaveirajr.com.br\/","name":"Taveira Jr","description":"Deputado Estadual","publisher":{"@id":"https:\/\/deputadotaveirajr.com.br\/#organization"},"potentialAction":[{"@type":"SearchAction","target":{"@type":"EntryPoint","urlTemplate":"https:\/\/deputadotaveirajr.com.br\/?s={search_term_string}"},"query-input":{"@type":"PropertyValueSpecification","valueRequired":true,"valueName":"search_term_string"}}],"inLanguage":"pt-BR"},{"@type":"Organization","@id":"https:\/\/deputadotaveirajr.com.br\/#organization","name":"Taveira Jr","url":"https:\/\/deputadotaveirajr.com.br\/","logo":{"@type":"ImageObject","inLanguage":"pt-BR","@id":"https:\/\/deputadotaveirajr.com.br\/#\/schema\/logo\/image\/","url":"https:\/\/deputadotaveirajr.com.br\/wp-content\/uploads\/2026\/01\/logolow2a.png","contentUrl":"https:\/\/deputadotaveirajr.com.br\/wp-content\/uploads\/2026\/01\/logolow2a.png","width":290,"height":80,"caption":"Taveira Jr"},"image":{"@id":"https:\/\/deputadotaveirajr.com.br\/#\/schema\/logo\/image\/"}}]}},"_links":{"self":[{"href":"https:\/\/deputadotaveirajr.com.br\/index.php\/wp-json\/wp\/v2\/pages\/11860","targetHints":{"allow":["GET"]}}],"collection":[{"href":"https:\/\/deputadotaveirajr.com.br\/index.php\/wp-json\/wp\/v2\/pages"}],"about":[{"href":"https:\/\/deputadotaveirajr.com.br\/index.php\/wp-json\/wp\/v2\/types\/page"}],"replies":[{"embeddable":true,"href":"https:\/\/deputadotaveirajr.com.br\/index.php\/wp-json\/wp\/v2\/comments?post=11860"}],"version-history":[{"count":0,"href":"https:\/\/deputadotaveirajr.com.br\/index.php\/wp-json\/wp\/v2\/pages\/11860\/revisions"}],"wp:featuredmedia":[{"embeddable":true,"href":"https:\/\/deputadotaveirajr.com.br\/index.php\/wp-json\/wp\/v2\/media\/11861"}],"wp:attachment":[{"href":"https:\/\/deputadotaveirajr.com.br\/index.php\/wp-json\/wp\/v2\/media?parent=11860"}],"curies":[{"name":"wp","href":"https:\/\/api.w.org\/{rel}","templated":true}]}}