{"id":11868,"date":"2024-12-26T13:25:04","date_gmt":"2024-12-26T16:25:04","guid":{"rendered":"https:\/\/deputadotaveirajr.com.br\/index.php\/prefeitura-de-natal-sanciona-lei-que-permite-construcao-de-predios-residenciais-e-comerciais-na-via-costeira\/"},"modified":"2024-12-26T13:25:04","modified_gmt":"2024-12-26T16:25:04","slug":"prefeitura-de-natal-sanciona-lei-que-permite-construcao-de-predios-residenciais-e-comerciais-na-via-costeira","status":"publish","type":"page","link":"https:\/\/deputadotaveirajr.com.br\/index.php\/prefeitura-de-natal-sanciona-lei-que-permite-construcao-de-predios-residenciais-e-comerciais-na-via-costeira\/","title":{"rendered":"Prefeitura de Natal sanciona lei que permite constru\u00e7\u00e3o de pr\u00e9dios residenciais e comerciais na Via Costeira"},"content":{"rendered":"<p><img decoding=\"async\" src=\"https:\/\/s2-g1.glbimg.com\/20R8eLyWF9SQpwroOGX5EQe4xfc=\/i.s3.glbimg.com\/v1\/AUTH_59edd422c0c84a879bd37670ae4f538a\/internal_photos\/bs\/2022\/v\/K\/tSCTihRni7LTuVJfd6Fw\/whatsapp-image-2022-04-22-at-07.44.04.jpeg\" \/><br \/>     Texto foi publicado nesta quinta-feira (26) no Di\u00e1rio Oficial do Munic\u00edpio. Lei autoriza constru\u00e7\u00e3o na Via Costeira, em Natal (Arquivo)<br \/>\nVin\u00edcius Marinho\/Inter TV Cabugi<br \/>\nA Prefeitura de Natal sancionou e publicou nesta quinta-feira (26) a nova lei municipal que permite a constru\u00e7\u00e3o de pr\u00e9dios para uso misto, ou seja, residencial e comercial, na Via Costeira. A autoriza\u00e7\u00e3o ocorreu dentro da lei que trata das \u00c1reas Especiais de Interesse Tur\u00edstico e Paisag\u00edstico (AEITPs) da capital potiguar.<br \/>\nO projeto tinha sido aprovado na C\u00e2mara Municipal no dia 28 de novembro, ap\u00f3s ser inclu\u00eddo na pauta com regime de urg\u00eancia.<br \/>\n\ud83d\udcf3Participe do canal do g1 RN no WhatsApp<br \/>\nA lei permite o uso misto e residencial multifamiliar (condom\u00ednios) na \u00e1rea especial, que atualmente \u00e9 voltada apenas para hotelaria.<br \/>\nVeja que \u00e1reas de interesse:<br \/>\nAEITP-1: vai da Rotat\u00f3ria de Ponta Negra com a Via Costeira at\u00e9 o Morro do Careca<br \/>\nSubzona 1 da AEITP-1: terrenos \u00e0 esquerda da Avenida Roberto Freire no sentido Centro\/Zona Sul, no trecho entre a rotat\u00f3ria da Via Costeira at\u00e9 a rotat\u00f3ria com a Rota do Sol.<br \/>\nAEITP-2: Via Costeira, de Areia Preta at\u00e9 o Centro de Conven\u00e7\u00f5es.<br \/>\nAEITP-3: bairros de Santos Reis, Rocas, Praia do Meio e Areia Preta.<br \/>\nAEITP-4: bairro da Redinha.<br \/>\nAEITP-5: entre os bairros Guarapes e Felipe Camar\u00e3o, pr\u00f3ximo ao rio Potengi.<br \/>\n&#8220;O deferimento do pedido de licenciamento ambiental e edil\u00edcio para novos empreendimentos que pretendam se instalar na AEITP-2 ser\u00e1 condicionado \u00e0 apresenta\u00e7\u00e3o e implanta\u00e7\u00e3o de um projeto de conten\u00e7\u00e3o costeira e de estabilidade da linha de costa, o qual dever\u00e1 ser aprovado pela Semurb&#8221;, diz o texto da lei.<br \/>\n\u00c1reas Especiais de Interesse Tur\u00edstico e Paisag\u00edstico em Natal<br \/>\nReprodu\u00e7\u00e3o<br \/>\nO projeto b\u00e1sico dever\u00e1 ser apresentado na fase de Licen\u00e7a Pr\u00e9via. Caso aprovado, o interessado dever\u00e1 apresentar o Projeto Executivo na fase de Licen\u00e7a de Instala\u00e7\u00e3o.<br \/>\n&#8220;Todos os custos relacionados \u00e0 elabora\u00e7\u00e3o e implanta\u00e7\u00e3o do projeto ser\u00e3o de responsabilidade do interessado. Para fins de aprova\u00e7\u00e3o do projeto, a Semurb dever\u00e1 priorizar a utiliza\u00e7\u00e3o de solu\u00e7\u00f5es j\u00e1 existentes ao longo da costa municipal, tais como o enrocamento modular&#8221;, diz a lei.<br \/>\nA san\u00e7\u00e3o assinada por \u00c1lvaro Dias (Republicanos) ocorreu cinco dias antes do fim do mandato dele como prefeito da capital.<br \/>\nVeja a edi\u00e7\u00e3o do Di\u00e1rio Oficial do Munic\u00edpio com a lei aqui.<br \/>\nProjeto que autoriza constru\u00e7\u00f5es de uso misto na Via Costeira \u00e9 aprovado na C\u00e2mara<br \/>\nVeja os v\u00eddeos mais assistidos no g1 RN<\/p>","protected":false},"excerpt":{"rendered":"<p>Texto foi publicado nesta quinta-feira (26) no Di\u00e1rio Oficial do Munic\u00edpio. Lei autoriza constru\u00e7\u00e3o na Via Costeira, em Natal (Arquivo) Vin\u00edcius Marinho\/Inter TV Cabugi A Prefeitura de Natal sancionou e &#8230;<\/p>\n","protected":false},"author":0,"featured_media":11869,"parent":0,"menu_order":0,"comment_status":"closed","ping_status":"closed","template":"","meta":{"footnotes":""},"class_list":["post-11868","page","type-page","status-publish","has-post-thumbnail","hentry"],"yoast_head":"<!-- This site is optimized with the Yoast SEO plugin v27.1.1 - https:\/\/yoast.com\/product\/yoast-seo-wordpress\/ -->\n<title>Prefeitura de Natal sanciona lei que permite constru\u00e7\u00e3o de pr\u00e9dios residenciais e comerciais na Via Costeira - Taveira Jr<\/title>\n<meta name=\"robots\" content=\"index, follow, max-snippet:-1, max-image-preview:large, max-video-preview:-1\" \/>\n<link rel=\"canonical\" href=\"https:\/\/deputadotaveirajr.com.br\/index.php\/prefeitura-de-natal-sanciona-lei-que-permite-construcao-de-predios-residenciais-e-comerciais-na-via-costeira\/\" \/>\n<meta property=\"og:locale\" content=\"pt_BR\" \/>\n<meta property=\"og:type\" content=\"article\" \/>\n<meta property=\"og:title\" content=\"Prefeitura de Natal sanciona lei que permite constru\u00e7\u00e3o de pr\u00e9dios residenciais e comerciais na Via Costeira - Taveira Jr\" \/>\n<meta property=\"og:description\" content=\"Texto foi publicado nesta quinta-feira (26) no Di\u00e1rio Oficial do Munic\u00edpio. Lei autoriza constru\u00e7\u00e3o na Via Costeira, em Natal (Arquivo) Vin\u00edcius Marinho\/Inter TV Cabugi A Prefeitura de Natal sancionou e ...\" \/>\n<meta property=\"og:url\" content=\"https:\/\/deputadotaveirajr.com.br\/index.php\/prefeitura-de-natal-sanciona-lei-que-permite-construcao-de-predios-residenciais-e-comerciais-na-via-costeira\/\" \/>\n<meta property=\"og:site_name\" content=\"Taveira Jr\" \/>\n<meta property=\"og:image\" content=\"https:\/\/s2-g1.glbimg.com\/20R8eLyWF9SQpwroOGX5EQe4xfc=\/i.s3.glbimg.com\/v1\/AUTH_59edd422c0c84a879bd37670ae4f538a\/internal_photos\/bs\/2022\/v\/K\/tSCTihRni7LTuVJfd6Fw\/whatsapp-image-2022-04-22-at-07.44.04.jpeg\" \/>\n<meta name=\"twitter:card\" content=\"summary_large_image\" \/>\n<meta name=\"twitter:label1\" content=\"Est. tempo de leitura\" \/>\n\t<meta name=\"twitter:data1\" content=\"2 minutos\" \/>\n<script type=\"application\/ld+json\" class=\"yoast-schema-graph\">{\"@context\":\"https:\/\/schema.org\",\"@graph\":[{\"@type\":\"WebPage\",\"@id\":\"https:\/\/deputadotaveirajr.com.br\/index.php\/prefeitura-de-natal-sanciona-lei-que-permite-construcao-de-predios-residenciais-e-comerciais-na-via-costeira\/\",\"url\":\"https:\/\/deputadotaveirajr.com.br\/index.php\/prefeitura-de-natal-sanciona-lei-que-permite-construcao-de-predios-residenciais-e-comerciais-na-via-costeira\/\",\"name\":\"Prefeitura de Natal sanciona lei que permite constru\u00e7\u00e3o de pr\u00e9dios residenciais e comerciais na Via Costeira - Taveira Jr\",\"isPartOf\":{\"@id\":\"https:\/\/deputadotaveirajr.com.br\/#website\"},\"primaryImageOfPage\":{\"@id\":\"https:\/\/deputadotaveirajr.com.br\/index.php\/prefeitura-de-natal-sanciona-lei-que-permite-construcao-de-predios-residenciais-e-comerciais-na-via-costeira\/#primaryimage\"},\"image\":{\"@id\":\"https:\/\/deputadotaveirajr.com.br\/index.php\/prefeitura-de-natal-sanciona-lei-que-permite-construcao-de-predios-residenciais-e-comerciais-na-via-costeira\/#primaryimage\"},\"thumbnailUrl\":\"https:\/\/deputadotaveirajr.com.br\/wp-content\/uploads\/2024\/12\/whatsapp-image-2022-04-22-at-07.44.04-OYJXOj.jpeg\",\"datePublished\":\"2024-12-26T16:25:04+00:00\",\"breadcrumb\":{\"@id\":\"https:\/\/deputadotaveirajr.com.br\/index.php\/prefeitura-de-natal-sanciona-lei-que-permite-construcao-de-predios-residenciais-e-comerciais-na-via-costeira\/#breadcrumb\"},\"inLanguage\":\"pt-BR\",\"potentialAction\":[{\"@type\":\"ReadAction\",\"target\":[\"https:\/\/deputadotaveirajr.com.br\/index.php\/prefeitura-de-natal-sanciona-lei-que-permite-construcao-de-predios-residenciais-e-comerciais-na-via-costeira\/\"]}]},{\"@type\":\"ImageObject\",\"inLanguage\":\"pt-BR\",\"@id\":\"https:\/\/deputadotaveirajr.com.br\/index.php\/prefeitura-de-natal-sanciona-lei-que-permite-construcao-de-predios-residenciais-e-comerciais-na-via-costeira\/#primaryimage\",\"url\":\"https:\/\/deputadotaveirajr.com.br\/wp-content\/uploads\/2024\/12\/whatsapp-image-2022-04-22-at-07.44.04-OYJXOj.jpeg\",\"contentUrl\":\"https:\/\/deputadotaveirajr.com.br\/wp-content\/uploads\/2024\/12\/whatsapp-image-2022-04-22-at-07.44.04-OYJXOj.jpeg\",\"width\":1600,\"height\":1200},{\"@type\":\"BreadcrumbList\",\"@id\":\"https:\/\/deputadotaveirajr.com.br\/index.php\/prefeitura-de-natal-sanciona-lei-que-permite-construcao-de-predios-residenciais-e-comerciais-na-via-costeira\/#breadcrumb\",\"itemListElement\":[{\"@type\":\"ListItem\",\"position\":1,\"name\":\"In\u00edcio\",\"item\":\"https:\/\/deputadotaveirajr.com.br\/\"},{\"@type\":\"ListItem\",\"position\":2,\"name\":\"Prefeitura de Natal sanciona lei que permite constru\u00e7\u00e3o de pr\u00e9dios residenciais e comerciais na Via Costeira\"}]},{\"@type\":\"WebSite\",\"@id\":\"https:\/\/deputadotaveirajr.com.br\/#website\",\"url\":\"https:\/\/deputadotaveirajr.com.br\/\",\"name\":\"Taveira Jr\",\"description\":\"Deputado Estadual\",\"publisher\":{\"@id\":\"https:\/\/deputadotaveirajr.com.br\/#organization\"},\"potentialAction\":[{\"@type\":\"SearchAction\",\"target\":{\"@type\":\"EntryPoint\",\"urlTemplate\":\"https:\/\/deputadotaveirajr.com.br\/?s={search_term_string}\"},\"query-input\":{\"@type\":\"PropertyValueSpecification\",\"valueRequired\":true,\"valueName\":\"search_term_string\"}}],\"inLanguage\":\"pt-BR\"},{\"@type\":\"Organization\",\"@id\":\"https:\/\/deputadotaveirajr.com.br\/#organization\",\"name\":\"Taveira Jr\",\"url\":\"https:\/\/deputadotaveirajr.com.br\/\",\"logo\":{\"@type\":\"ImageObject\",\"inLanguage\":\"pt-BR\",\"@id\":\"https:\/\/deputadotaveirajr.com.br\/#\/schema\/logo\/image\/\",\"url\":\"https:\/\/deputadotaveirajr.com.br\/wp-content\/uploads\/2026\/01\/logolow2a.png\",\"contentUrl\":\"https:\/\/deputadotaveirajr.com.br\/wp-content\/uploads\/2026\/01\/logolow2a.png\",\"width\":290,\"height\":80,\"caption\":\"Taveira Jr\"},\"image\":{\"@id\":\"https:\/\/deputadotaveirajr.com.br\/#\/schema\/logo\/image\/\"}}]}<\/script>\n<!-- \/ Yoast SEO plugin. -->","yoast_head_json":{"title":"Prefeitura de Natal sanciona lei que permite constru\u00e7\u00e3o de pr\u00e9dios residenciais e comerciais na Via Costeira - Taveira Jr","robots":{"index":"index","follow":"follow","max-snippet":"max-snippet:-1","max-image-preview":"max-image-preview:large","max-video-preview":"max-video-preview:-1"},"canonical":"https:\/\/deputadotaveirajr.com.br\/index.php\/prefeitura-de-natal-sanciona-lei-que-permite-construcao-de-predios-residenciais-e-comerciais-na-via-costeira\/","og_locale":"pt_BR","og_type":"article","og_title":"Prefeitura de Natal sanciona lei que permite constru\u00e7\u00e3o de pr\u00e9dios residenciais e comerciais na Via Costeira - Taveira Jr","og_description":"Texto foi publicado nesta quinta-feira (26) no Di\u00e1rio Oficial do Munic\u00edpio. Lei autoriza constru\u00e7\u00e3o na Via Costeira, em Natal (Arquivo) Vin\u00edcius Marinho\/Inter TV Cabugi A Prefeitura de Natal sancionou e ...","og_url":"https:\/\/deputadotaveirajr.com.br\/index.php\/prefeitura-de-natal-sanciona-lei-que-permite-construcao-de-predios-residenciais-e-comerciais-na-via-costeira\/","og_site_name":"Taveira Jr","og_image":[{"url":"https:\/\/s2-g1.glbimg.com\/20R8eLyWF9SQpwroOGX5EQe4xfc=\/i.s3.glbimg.com\/v1\/AUTH_59edd422c0c84a879bd37670ae4f538a\/internal_photos\/bs\/2022\/v\/K\/tSCTihRni7LTuVJfd6Fw\/whatsapp-image-2022-04-22-at-07.44.04.jpeg","type":"","width":"","height":""}],"twitter_card":"summary_large_image","twitter_misc":{"Est. tempo de leitura":"2 minutos"},"schema":{"@context":"https:\/\/schema.org","@graph":[{"@type":"WebPage","@id":"https:\/\/deputadotaveirajr.com.br\/index.php\/prefeitura-de-natal-sanciona-lei-que-permite-construcao-de-predios-residenciais-e-comerciais-na-via-costeira\/","url":"https:\/\/deputadotaveirajr.com.br\/index.php\/prefeitura-de-natal-sanciona-lei-que-permite-construcao-de-predios-residenciais-e-comerciais-na-via-costeira\/","name":"Prefeitura de Natal sanciona lei que permite constru\u00e7\u00e3o de pr\u00e9dios residenciais e comerciais na Via Costeira - Taveira Jr","isPartOf":{"@id":"https:\/\/deputadotaveirajr.com.br\/#website"},"primaryImageOfPage":{"@id":"https:\/\/deputadotaveirajr.com.br\/index.php\/prefeitura-de-natal-sanciona-lei-que-permite-construcao-de-predios-residenciais-e-comerciais-na-via-costeira\/#primaryimage"},"image":{"@id":"https:\/\/deputadotaveirajr.com.br\/index.php\/prefeitura-de-natal-sanciona-lei-que-permite-construcao-de-predios-residenciais-e-comerciais-na-via-costeira\/#primaryimage"},"thumbnailUrl":"https:\/\/deputadotaveirajr.com.br\/wp-content\/uploads\/2024\/12\/whatsapp-image-2022-04-22-at-07.44.04-OYJXOj.jpeg","datePublished":"2024-12-26T16:25:04+00:00","breadcrumb":{"@id":"https:\/\/deputadotaveirajr.com.br\/index.php\/prefeitura-de-natal-sanciona-lei-que-permite-construcao-de-predios-residenciais-e-comerciais-na-via-costeira\/#breadcrumb"},"inLanguage":"pt-BR","potentialAction":[{"@type":"ReadAction","target":["https:\/\/deputadotaveirajr.com.br\/index.php\/prefeitura-de-natal-sanciona-lei-que-permite-construcao-de-predios-residenciais-e-comerciais-na-via-costeira\/"]}]},{"@type":"ImageObject","inLanguage":"pt-BR","@id":"https:\/\/deputadotaveirajr.com.br\/index.php\/prefeitura-de-natal-sanciona-lei-que-permite-construcao-de-predios-residenciais-e-comerciais-na-via-costeira\/#primaryimage","url":"https:\/\/deputadotaveirajr.com.br\/wp-content\/uploads\/2024\/12\/whatsapp-image-2022-04-22-at-07.44.04-OYJXOj.jpeg","contentUrl":"https:\/\/deputadotaveirajr.com.br\/wp-content\/uploads\/2024\/12\/whatsapp-image-2022-04-22-at-07.44.04-OYJXOj.jpeg","width":1600,"height":1200},{"@type":"BreadcrumbList","@id":"https:\/\/deputadotaveirajr.com.br\/index.php\/prefeitura-de-natal-sanciona-lei-que-permite-construcao-de-predios-residenciais-e-comerciais-na-via-costeira\/#breadcrumb","itemListElement":[{"@type":"ListItem","position":1,"name":"In\u00edcio","item":"https:\/\/deputadotaveirajr.com.br\/"},{"@type":"ListItem","position":2,"name":"Prefeitura de Natal sanciona lei que permite constru\u00e7\u00e3o de pr\u00e9dios residenciais e comerciais na Via Costeira"}]},{"@type":"WebSite","@id":"https:\/\/deputadotaveirajr.com.br\/#website","url":"https:\/\/deputadotaveirajr.com.br\/","name":"Taveira Jr","description":"Deputado Estadual","publisher":{"@id":"https:\/\/deputadotaveirajr.com.br\/#organization"},"potentialAction":[{"@type":"SearchAction","target":{"@type":"EntryPoint","urlTemplate":"https:\/\/deputadotaveirajr.com.br\/?s={search_term_string}"},"query-input":{"@type":"PropertyValueSpecification","valueRequired":true,"valueName":"search_term_string"}}],"inLanguage":"pt-BR"},{"@type":"Organization","@id":"https:\/\/deputadotaveirajr.com.br\/#organization","name":"Taveira Jr","url":"https:\/\/deputadotaveirajr.com.br\/","logo":{"@type":"ImageObject","inLanguage":"pt-BR","@id":"https:\/\/deputadotaveirajr.com.br\/#\/schema\/logo\/image\/","url":"https:\/\/deputadotaveirajr.com.br\/wp-content\/uploads\/2026\/01\/logolow2a.png","contentUrl":"https:\/\/deputadotaveirajr.com.br\/wp-content\/uploads\/2026\/01\/logolow2a.png","width":290,"height":80,"caption":"Taveira Jr"},"image":{"@id":"https:\/\/deputadotaveirajr.com.br\/#\/schema\/logo\/image\/"}}]}},"_links":{"self":[{"href":"https:\/\/deputadotaveirajr.com.br\/index.php\/wp-json\/wp\/v2\/pages\/11868","targetHints":{"allow":["GET"]}}],"collection":[{"href":"https:\/\/deputadotaveirajr.com.br\/index.php\/wp-json\/wp\/v2\/pages"}],"about":[{"href":"https:\/\/deputadotaveirajr.com.br\/index.php\/wp-json\/wp\/v2\/types\/page"}],"replies":[{"embeddable":true,"href":"https:\/\/deputadotaveirajr.com.br\/index.php\/wp-json\/wp\/v2\/comments?post=11868"}],"version-history":[{"count":0,"href":"https:\/\/deputadotaveirajr.com.br\/index.php\/wp-json\/wp\/v2\/pages\/11868\/revisions"}],"wp:featuredmedia":[{"embeddable":true,"href":"https:\/\/deputadotaveirajr.com.br\/index.php\/wp-json\/wp\/v2\/media\/11869"}],"wp:attachment":[{"href":"https:\/\/deputadotaveirajr.com.br\/index.php\/wp-json\/wp\/v2\/media?parent=11868"}],"curies":[{"name":"wp","href":"https:\/\/api.w.org\/{rel}","templated":true}]}}