{"id":11872,"date":"2024-12-26T10:42:09","date_gmt":"2024-12-26T13:42:09","guid":{"rendered":"https:\/\/deputadotaveirajr.com.br\/index.php\/mulher-morre-apos-dar-entrada-em-hospital-do-rn-com-marcas-de-espancamento-marido-e-preso-em-flagrante\/"},"modified":"2024-12-26T10:42:09","modified_gmt":"2024-12-26T13:42:09","slug":"mulher-morre-apos-dar-entrada-em-hospital-do-rn-com-marcas-de-espancamento-marido-e-preso-em-flagrante","status":"publish","type":"page","link":"https:\/\/deputadotaveirajr.com.br\/index.php\/mulher-morre-apos-dar-entrada-em-hospital-do-rn-com-marcas-de-espancamento-marido-e-preso-em-flagrante\/","title":{"rendered":"Mulher morre ap\u00f3s dar entrada em hospital do RN com marcas de espancamento; marido \u00e9 preso em flagrante"},"content":{"rendered":"<p><img decoding=\"async\" src=\"https:\/\/s2-g1.glbimg.com\/VW06DAtkdJiJss2VXcdhuWoO6ms=\/i.s3.glbimg.com\/v1\/AUTH_59edd422c0c84a879bd37670ae4f538a\/internal_photos\/bs\/2023\/b\/f\/nX2NqSSPmqGRBBnBQKNQ\/capturar.png\" \/><br \/>     Caso aconteceu na ter\u00e7a-feira (24) em Caic\u00f3, na regi\u00e3o Serid\u00f3 potiguar. Homem \u00e9 suspeito de feminic\u00eddio.  Delegado de Caic\u00f3 fala sobre morte de mulher com marcas de espancamento<br \/>\nUma mulher de 62 anos morreu na ter\u00e7a-feira (24), v\u00e9spera do Feriado de Natal, ao dar entrada no Hospital Regional do Serid\u00f3 com marcas de espancamento. O marido dela foi preso como suspeito do crime.<br \/>\nO hospital fica localizado em Caic\u00f3, a 267 km de Natal. Segundo o delegado Leonardo Germano, a equipe da unidade suspeitou das marcas de espancamento e acionou a Pol\u00edcia Militar.<br \/>\n\ud83d\udcf3Participe do canal do g1 RN no WhatsApp<br \/>\nA v\u00edtima foi identificada pelo Instituto T\u00e9cnico-Cient\u00edfico de Per\u00edcia (Itep) como Maria Francisca Pereira da Silva Santos.<br \/>\nEm nota, o Hospital Estadual Telecila Freitas Fontes, tamb\u00e9m chamado de Hospital Regional do Serid\u00f3,   informou que recebeu a paciente no pronto-socorro &#8220;j\u00e1 em estado de \u00f3bito, tendo o m\u00e9dico de plant\u00e3o identificado sinais de poss\u00edvel morte violenta e encaminhado o caso ao Instituto T\u00e9cnico-Cient\u00edfico de Per\u00edcia (ITEP) para a devida apura\u00e7\u00e3o da situa\u00e7\u00e3o&#8221;.<br \/>\nSegundo a pol\u00edcia, a v\u00edtima foi levada ao hospital pelos enteados, filhos do suspeito. Ap\u00f3s ser acionada, a Pol\u00edcia Militar at\u00e9 a casa do casal, onde prendeu o homem.<br \/>\nO delegado de plant\u00e3o na 3\u00aa Delegacia Regional de Caic\u00f3 deu voz de pris\u00e3o em flagrante contra o marido de Maria Francica, por feminic\u00eddio. Na audi\u00eancia de cust\u00f3dia, a Justi\u00e7a transformou o flagrante em pris\u00e3o preventiva.<br \/>\nA Pol\u00edcia Civil pediu ao Itep per\u00edcia no poss\u00edvel local de crime e a necr\u00f3psia e aguarda os laudos. O caso ser\u00e1 investigado pela 46\u00aa Delegacia de Pol\u00edcia de Caic\u00f3.<br \/>\n&#8220;Ele (o suspeito) tomou rem\u00e9dios psicotr\u00f3picos, estava com a capacidade psicomotora um pouco alterada, mas os elementos indicam que ele \u00e9 o principal suspeito, tendo em vista que na noite anterior j\u00e1 havia acontecido uma briga entre eles&#8221;, afirmou o delegado Thiago Rodrigo, que ser\u00e1 o respons\u00e1vel pela investiga\u00e7\u00e3o.<br \/>\nDe acordo com o delegado, o homem permaneceu em sil\u00eancio no momento do depoimento.<br \/>\nHospital Regional do Serid\u00f3, Caic\u00f3\/RN (Arquivo)<br \/>\nCaio Dantas \/ Google Street View<br \/>\nVeja os v\u00eddeos mais assistidos no g1 RN<\/p>","protected":false},"excerpt":{"rendered":"<p>Caso aconteceu na ter\u00e7a-feira (24) em Caic\u00f3, na regi\u00e3o Serid\u00f3 potiguar. Homem \u00e9 suspeito de feminic\u00eddio. Delegado de Caic\u00f3 fala sobre morte de mulher com marcas de espancamento Uma mulher &#8230;<\/p>\n","protected":false},"author":0,"featured_media":11873,"parent":0,"menu_order":0,"comment_status":"closed","ping_status":"closed","template":"","meta":{"footnotes":""},"class_list":["post-11872","page","type-page","status-publish","has-post-thumbnail","hentry"],"yoast_head":"<!-- This site is optimized with the Yoast SEO plugin v27.1.1 - https:\/\/yoast.com\/product\/yoast-seo-wordpress\/ -->\n<title>Mulher morre ap\u00f3s dar entrada em hospital do RN com marcas de espancamento; marido \u00e9 preso em flagrante - Taveira Jr<\/title>\n<meta name=\"robots\" content=\"index, follow, max-snippet:-1, max-image-preview:large, max-video-preview:-1\" \/>\n<link rel=\"canonical\" href=\"https:\/\/deputadotaveirajr.com.br\/index.php\/mulher-morre-apos-dar-entrada-em-hospital-do-rn-com-marcas-de-espancamento-marido-e-preso-em-flagrante\/\" \/>\n<meta property=\"og:locale\" content=\"pt_BR\" \/>\n<meta property=\"og:type\" content=\"article\" \/>\n<meta property=\"og:title\" content=\"Mulher morre ap\u00f3s dar entrada em hospital do RN com marcas de espancamento; marido \u00e9 preso em flagrante - Taveira Jr\" \/>\n<meta property=\"og:description\" content=\"Caso aconteceu na ter\u00e7a-feira (24) em Caic\u00f3, na regi\u00e3o Serid\u00f3 potiguar. Homem \u00e9 suspeito de feminic\u00eddio. Delegado de Caic\u00f3 fala sobre morte de mulher com marcas de espancamento Uma mulher ...\" \/>\n<meta property=\"og:url\" content=\"https:\/\/deputadotaveirajr.com.br\/index.php\/mulher-morre-apos-dar-entrada-em-hospital-do-rn-com-marcas-de-espancamento-marido-e-preso-em-flagrante\/\" \/>\n<meta property=\"og:site_name\" content=\"Taveira Jr\" \/>\n<meta property=\"og:image\" content=\"https:\/\/s2-g1.glbimg.com\/VW06DAtkdJiJss2VXcdhuWoO6ms=\/i.s3.glbimg.com\/v1\/AUTH_59edd422c0c84a879bd37670ae4f538a\/internal_photos\/bs\/2023\/b\/f\/nX2NqSSPmqGRBBnBQKNQ\/capturar.png\" \/>\n<meta name=\"twitter:card\" content=\"summary_large_image\" \/>\n<meta name=\"twitter:label1\" content=\"Est. tempo de leitura\" \/>\n\t<meta name=\"twitter:data1\" content=\"2 minutos\" \/>\n<script type=\"application\/ld+json\" class=\"yoast-schema-graph\">{\"@context\":\"https:\/\/schema.org\",\"@graph\":[{\"@type\":\"WebPage\",\"@id\":\"https:\/\/deputadotaveirajr.com.br\/index.php\/mulher-morre-apos-dar-entrada-em-hospital-do-rn-com-marcas-de-espancamento-marido-e-preso-em-flagrante\/\",\"url\":\"https:\/\/deputadotaveirajr.com.br\/index.php\/mulher-morre-apos-dar-entrada-em-hospital-do-rn-com-marcas-de-espancamento-marido-e-preso-em-flagrante\/\",\"name\":\"Mulher morre ap\u00f3s dar entrada em hospital do RN com marcas de espancamento; marido \u00e9 preso em flagrante - Taveira Jr\",\"isPartOf\":{\"@id\":\"https:\/\/deputadotaveirajr.com.br\/#website\"},\"primaryImageOfPage\":{\"@id\":\"https:\/\/deputadotaveirajr.com.br\/index.php\/mulher-morre-apos-dar-entrada-em-hospital-do-rn-com-marcas-de-espancamento-marido-e-preso-em-flagrante\/#primaryimage\"},\"image\":{\"@id\":\"https:\/\/deputadotaveirajr.com.br\/index.php\/mulher-morre-apos-dar-entrada-em-hospital-do-rn-com-marcas-de-espancamento-marido-e-preso-em-flagrante\/#primaryimage\"},\"thumbnailUrl\":\"https:\/\/deputadotaveirajr.com.br\/wp-content\/uploads\/2024\/12\/capturar-IqMytN.jpeg\",\"datePublished\":\"2024-12-26T13:42:09+00:00\",\"breadcrumb\":{\"@id\":\"https:\/\/deputadotaveirajr.com.br\/index.php\/mulher-morre-apos-dar-entrada-em-hospital-do-rn-com-marcas-de-espancamento-marido-e-preso-em-flagrante\/#breadcrumb\"},\"inLanguage\":\"pt-BR\",\"potentialAction\":[{\"@type\":\"ReadAction\",\"target\":[\"https:\/\/deputadotaveirajr.com.br\/index.php\/mulher-morre-apos-dar-entrada-em-hospital-do-rn-com-marcas-de-espancamento-marido-e-preso-em-flagrante\/\"]}]},{\"@type\":\"ImageObject\",\"inLanguage\":\"pt-BR\",\"@id\":\"https:\/\/deputadotaveirajr.com.br\/index.php\/mulher-morre-apos-dar-entrada-em-hospital-do-rn-com-marcas-de-espancamento-marido-e-preso-em-flagrante\/#primaryimage\",\"url\":\"https:\/\/deputadotaveirajr.com.br\/wp-content\/uploads\/2024\/12\/capturar-IqMytN.jpeg\",\"contentUrl\":\"https:\/\/deputadotaveirajr.com.br\/wp-content\/uploads\/2024\/12\/capturar-IqMytN.jpeg\",\"width\":1063,\"height\":629},{\"@type\":\"BreadcrumbList\",\"@id\":\"https:\/\/deputadotaveirajr.com.br\/index.php\/mulher-morre-apos-dar-entrada-em-hospital-do-rn-com-marcas-de-espancamento-marido-e-preso-em-flagrante\/#breadcrumb\",\"itemListElement\":[{\"@type\":\"ListItem\",\"position\":1,\"name\":\"In\u00edcio\",\"item\":\"https:\/\/deputadotaveirajr.com.br\/\"},{\"@type\":\"ListItem\",\"position\":2,\"name\":\"Mulher morre ap\u00f3s dar entrada em hospital do RN com marcas de espancamento; marido \u00e9 preso em flagrante\"}]},{\"@type\":\"WebSite\",\"@id\":\"https:\/\/deputadotaveirajr.com.br\/#website\",\"url\":\"https:\/\/deputadotaveirajr.com.br\/\",\"name\":\"Taveira Jr\",\"description\":\"Deputado Estadual\",\"publisher\":{\"@id\":\"https:\/\/deputadotaveirajr.com.br\/#organization\"},\"potentialAction\":[{\"@type\":\"SearchAction\",\"target\":{\"@type\":\"EntryPoint\",\"urlTemplate\":\"https:\/\/deputadotaveirajr.com.br\/?s={search_term_string}\"},\"query-input\":{\"@type\":\"PropertyValueSpecification\",\"valueRequired\":true,\"valueName\":\"search_term_string\"}}],\"inLanguage\":\"pt-BR\"},{\"@type\":\"Organization\",\"@id\":\"https:\/\/deputadotaveirajr.com.br\/#organization\",\"name\":\"Taveira Jr\",\"url\":\"https:\/\/deputadotaveirajr.com.br\/\",\"logo\":{\"@type\":\"ImageObject\",\"inLanguage\":\"pt-BR\",\"@id\":\"https:\/\/deputadotaveirajr.com.br\/#\/schema\/logo\/image\/\",\"url\":\"https:\/\/deputadotaveirajr.com.br\/wp-content\/uploads\/2026\/01\/logolow2a.png\",\"contentUrl\":\"https:\/\/deputadotaveirajr.com.br\/wp-content\/uploads\/2026\/01\/logolow2a.png\",\"width\":290,\"height\":80,\"caption\":\"Taveira Jr\"},\"image\":{\"@id\":\"https:\/\/deputadotaveirajr.com.br\/#\/schema\/logo\/image\/\"}}]}<\/script>\n<!-- \/ Yoast SEO plugin. -->","yoast_head_json":{"title":"Mulher morre ap\u00f3s dar entrada em hospital do RN com marcas de espancamento; marido \u00e9 preso em flagrante - Taveira Jr","robots":{"index":"index","follow":"follow","max-snippet":"max-snippet:-1","max-image-preview":"max-image-preview:large","max-video-preview":"max-video-preview:-1"},"canonical":"https:\/\/deputadotaveirajr.com.br\/index.php\/mulher-morre-apos-dar-entrada-em-hospital-do-rn-com-marcas-de-espancamento-marido-e-preso-em-flagrante\/","og_locale":"pt_BR","og_type":"article","og_title":"Mulher morre ap\u00f3s dar entrada em hospital do RN com marcas de espancamento; marido \u00e9 preso em flagrante - Taveira Jr","og_description":"Caso aconteceu na ter\u00e7a-feira (24) em Caic\u00f3, na regi\u00e3o Serid\u00f3 potiguar. Homem \u00e9 suspeito de feminic\u00eddio. Delegado de Caic\u00f3 fala sobre morte de mulher com marcas de espancamento Uma mulher ...","og_url":"https:\/\/deputadotaveirajr.com.br\/index.php\/mulher-morre-apos-dar-entrada-em-hospital-do-rn-com-marcas-de-espancamento-marido-e-preso-em-flagrante\/","og_site_name":"Taveira Jr","og_image":[{"url":"https:\/\/s2-g1.glbimg.com\/VW06DAtkdJiJss2VXcdhuWoO6ms=\/i.s3.glbimg.com\/v1\/AUTH_59edd422c0c84a879bd37670ae4f538a\/internal_photos\/bs\/2023\/b\/f\/nX2NqSSPmqGRBBnBQKNQ\/capturar.png","type":"","width":"","height":""}],"twitter_card":"summary_large_image","twitter_misc":{"Est. tempo de leitura":"2 minutos"},"schema":{"@context":"https:\/\/schema.org","@graph":[{"@type":"WebPage","@id":"https:\/\/deputadotaveirajr.com.br\/index.php\/mulher-morre-apos-dar-entrada-em-hospital-do-rn-com-marcas-de-espancamento-marido-e-preso-em-flagrante\/","url":"https:\/\/deputadotaveirajr.com.br\/index.php\/mulher-morre-apos-dar-entrada-em-hospital-do-rn-com-marcas-de-espancamento-marido-e-preso-em-flagrante\/","name":"Mulher morre ap\u00f3s dar entrada em hospital do RN com marcas de espancamento; marido \u00e9 preso em flagrante - Taveira Jr","isPartOf":{"@id":"https:\/\/deputadotaveirajr.com.br\/#website"},"primaryImageOfPage":{"@id":"https:\/\/deputadotaveirajr.com.br\/index.php\/mulher-morre-apos-dar-entrada-em-hospital-do-rn-com-marcas-de-espancamento-marido-e-preso-em-flagrante\/#primaryimage"},"image":{"@id":"https:\/\/deputadotaveirajr.com.br\/index.php\/mulher-morre-apos-dar-entrada-em-hospital-do-rn-com-marcas-de-espancamento-marido-e-preso-em-flagrante\/#primaryimage"},"thumbnailUrl":"https:\/\/deputadotaveirajr.com.br\/wp-content\/uploads\/2024\/12\/capturar-IqMytN.jpeg","datePublished":"2024-12-26T13:42:09+00:00","breadcrumb":{"@id":"https:\/\/deputadotaveirajr.com.br\/index.php\/mulher-morre-apos-dar-entrada-em-hospital-do-rn-com-marcas-de-espancamento-marido-e-preso-em-flagrante\/#breadcrumb"},"inLanguage":"pt-BR","potentialAction":[{"@type":"ReadAction","target":["https:\/\/deputadotaveirajr.com.br\/index.php\/mulher-morre-apos-dar-entrada-em-hospital-do-rn-com-marcas-de-espancamento-marido-e-preso-em-flagrante\/"]}]},{"@type":"ImageObject","inLanguage":"pt-BR","@id":"https:\/\/deputadotaveirajr.com.br\/index.php\/mulher-morre-apos-dar-entrada-em-hospital-do-rn-com-marcas-de-espancamento-marido-e-preso-em-flagrante\/#primaryimage","url":"https:\/\/deputadotaveirajr.com.br\/wp-content\/uploads\/2024\/12\/capturar-IqMytN.jpeg","contentUrl":"https:\/\/deputadotaveirajr.com.br\/wp-content\/uploads\/2024\/12\/capturar-IqMytN.jpeg","width":1063,"height":629},{"@type":"BreadcrumbList","@id":"https:\/\/deputadotaveirajr.com.br\/index.php\/mulher-morre-apos-dar-entrada-em-hospital-do-rn-com-marcas-de-espancamento-marido-e-preso-em-flagrante\/#breadcrumb","itemListElement":[{"@type":"ListItem","position":1,"name":"In\u00edcio","item":"https:\/\/deputadotaveirajr.com.br\/"},{"@type":"ListItem","position":2,"name":"Mulher morre ap\u00f3s dar entrada em hospital do RN com marcas de espancamento; marido \u00e9 preso em flagrante"}]},{"@type":"WebSite","@id":"https:\/\/deputadotaveirajr.com.br\/#website","url":"https:\/\/deputadotaveirajr.com.br\/","name":"Taveira Jr","description":"Deputado Estadual","publisher":{"@id":"https:\/\/deputadotaveirajr.com.br\/#organization"},"potentialAction":[{"@type":"SearchAction","target":{"@type":"EntryPoint","urlTemplate":"https:\/\/deputadotaveirajr.com.br\/?s={search_term_string}"},"query-input":{"@type":"PropertyValueSpecification","valueRequired":true,"valueName":"search_term_string"}}],"inLanguage":"pt-BR"},{"@type":"Organization","@id":"https:\/\/deputadotaveirajr.com.br\/#organization","name":"Taveira Jr","url":"https:\/\/deputadotaveirajr.com.br\/","logo":{"@type":"ImageObject","inLanguage":"pt-BR","@id":"https:\/\/deputadotaveirajr.com.br\/#\/schema\/logo\/image\/","url":"https:\/\/deputadotaveirajr.com.br\/wp-content\/uploads\/2026\/01\/logolow2a.png","contentUrl":"https:\/\/deputadotaveirajr.com.br\/wp-content\/uploads\/2026\/01\/logolow2a.png","width":290,"height":80,"caption":"Taveira Jr"},"image":{"@id":"https:\/\/deputadotaveirajr.com.br\/#\/schema\/logo\/image\/"}}]}},"_links":{"self":[{"href":"https:\/\/deputadotaveirajr.com.br\/index.php\/wp-json\/wp\/v2\/pages\/11872","targetHints":{"allow":["GET"]}}],"collection":[{"href":"https:\/\/deputadotaveirajr.com.br\/index.php\/wp-json\/wp\/v2\/pages"}],"about":[{"href":"https:\/\/deputadotaveirajr.com.br\/index.php\/wp-json\/wp\/v2\/types\/page"}],"replies":[{"embeddable":true,"href":"https:\/\/deputadotaveirajr.com.br\/index.php\/wp-json\/wp\/v2\/comments?post=11872"}],"version-history":[{"count":0,"href":"https:\/\/deputadotaveirajr.com.br\/index.php\/wp-json\/wp\/v2\/pages\/11872\/revisions"}],"wp:featuredmedia":[{"embeddable":true,"href":"https:\/\/deputadotaveirajr.com.br\/index.php\/wp-json\/wp\/v2\/media\/11873"}],"wp:attachment":[{"href":"https:\/\/deputadotaveirajr.com.br\/index.php\/wp-json\/wp\/v2\/media?parent=11872"}],"curies":[{"name":"wp","href":"https:\/\/api.w.org\/{rel}","templated":true}]}}