{"id":11874,"date":"2024-12-26T08:50:16","date_gmt":"2024-12-26T11:50:16","guid":{"rendered":"https:\/\/deputadotaveirajr.com.br\/index.php\/imagem-de-nossa-senhora-de-fatima-chega-a-natal-nesta-quinta-feira-26-para-ser-instalada-na-zona-norte\/"},"modified":"2024-12-26T08:50:16","modified_gmt":"2024-12-26T11:50:16","slug":"imagem-de-nossa-senhora-de-fatima-chega-a-natal-nesta-quinta-feira-26-para-ser-instalada-na-zona-norte","status":"publish","type":"page","link":"https:\/\/deputadotaveirajr.com.br\/index.php\/imagem-de-nossa-senhora-de-fatima-chega-a-natal-nesta-quinta-feira-26-para-ser-instalada-na-zona-norte\/","title":{"rendered":"Imagem de Nossa Senhora de F\u00e1tima chega a Natal nesta quinta-feira (26) para ser instalada na Zona Norte"},"content":{"rendered":"<p><img decoding=\"async\" src=\"https:\/\/s2-g1.glbimg.com\/0SM0C1I3VZr9ppQb-cyFssTp8hI=\/i.s3.glbimg.com\/v1\/AUTH_59edd422c0c84a879bd37670ae4f538a\/internal_photos\/bs\/2024\/f\/a\/I26AmTQpm4B3vlfAxsMg\/whatsapp-image-2024-12-26-at-08.11.19.jpeg\" \/><br \/>     Est\u00e1tua de 35 metros ser\u00e1 levada para santu\u00e1rio em constru\u00e7\u00e3o na capital potiguar.  Imagem de Nossa Senhora de F\u00e1tima chega a Natal nesta quinta-feira (26)<br \/>\nPrefeitura de Natal<br \/>\nA imagem de Nossa Senhora de F\u00e1tima que ser\u00e1 instalada em um santu\u00e1rio em constru\u00e7\u00e3o na Zona Norte de Natal, chegar\u00e1 \u00e0 capital potiguar nesta quinta-feira (26), por volta das 12h, segundo anunciou a prefeitura da capital.<br \/>\nA recep\u00e7\u00e3o ocorrer\u00e1 na entrada da cidade, de onde a est\u00e1tua ser\u00e1 conduzida ao local que promete se tornar um atrativo do turismo religioso na regi\u00e3o.<br \/>\n\ud83d\udcf3Participe do canal do g1 RN no WhatsApp<br \/>\nCom 35 metros de altura e uma base de 8 metros, a imagem \u00e9 parte de um projeto coordenado pela Secretaria Municipal de Infraestrutura, com investimento de R$ 5 milh\u00f5es. A iniciativa busca n\u00e3o apenas simbolizar a f\u00e9 dos devotos, mas tamb\u00e9m fortalecer a economia local.<br \/>\nO Complexo do Santu\u00e1rio de Nossa Senhora de F\u00e1tima ter\u00e1 infraestrutura completa para acolher fi\u00e9is e visitantes, com espa\u00e7os que promovem devo\u00e7\u00e3o, cultura e educa\u00e7\u00e3o. Entre os destaques, est\u00e1 uma pra\u00e7a em forma do Esp\u00edrito Santo, dedicada aos M\u00e1rtires de Cunha\u00fa e Urua\u00e7u, al\u00e9m de um anfiteatro para apresenta\u00e7\u00f5es culturais e um pr\u00e9dio administrativo que oferecer\u00e1 cursos de forma\u00e7\u00e3o para crian\u00e7as.<br \/>\nOutra atra\u00e7\u00e3o de grande import\u00e2ncia \u00e9 a r\u00e9plica exata da Capelinha das Apari\u00e7\u00f5es, que segue as mesmas dimens\u00f5es da original no Santu\u00e1rio de F\u00e1tima, em Portugal. O projeto tamb\u00e9m contar\u00e1 com um vitral de 13 metros, um espelho d\u2019\u00e1gua e uma imagem do Anjo, simbolizando as apari\u00e7\u00f5es de Nossa Senhora.<br \/>\nEnquanto a constru\u00e7\u00e3o da est\u00e1tua \u00e9 de responsabilidade do munic\u00edpio, as demais obras est\u00e3o sob a coordena\u00e7\u00e3o da Arquidiocese de Natal, consolidando uma parceria entre poder p\u00fablico e igreja.<br \/>\nVeja itiner\u00e1rio da imagem<br \/>\nBR 101<br \/>\nAv Sen. Salgado Filho<br \/>\nAv Hermes da Fonseca<br \/>\nAv Presidente Get\u00falio Vargas<br \/>\nAv Presidente Caf\u00e9 Filho<br \/>\nPonte Newton Navarro<br \/>\nAv Conselheiro Trist\u00e3o<br \/>\nAv Moema Tinoco<br \/>\nAv Mar do Norte<br \/>\nAv Mar do Oeste<br \/>\nSantu\u00e1rio<br \/>\nVeja os v\u00eddeos mais assistidos no g1 RN<\/p>","protected":false},"excerpt":{"rendered":"<p>Est\u00e1tua de 35 metros ser\u00e1 levada para santu\u00e1rio em constru\u00e7\u00e3o na capital potiguar. Imagem de Nossa Senhora de F\u00e1tima chega a Natal nesta quinta-feira (26) Prefeitura de Natal A imagem &#8230;<\/p>\n","protected":false},"author":0,"featured_media":11875,"parent":0,"menu_order":0,"comment_status":"closed","ping_status":"closed","template":"","meta":{"footnotes":""},"class_list":["post-11874","page","type-page","status-publish","has-post-thumbnail","hentry"],"yoast_head":"<!-- This site is optimized with the Yoast SEO plugin v27.1.1 - https:\/\/yoast.com\/product\/yoast-seo-wordpress\/ -->\n<title>Imagem de Nossa Senhora de F\u00e1tima chega a Natal nesta quinta-feira (26) para ser instalada na Zona Norte - Taveira Jr<\/title>\n<meta name=\"robots\" content=\"index, follow, max-snippet:-1, max-image-preview:large, max-video-preview:-1\" \/>\n<link rel=\"canonical\" href=\"https:\/\/deputadotaveirajr.com.br\/index.php\/imagem-de-nossa-senhora-de-fatima-chega-a-natal-nesta-quinta-feira-26-para-ser-instalada-na-zona-norte\/\" \/>\n<meta property=\"og:locale\" content=\"pt_BR\" \/>\n<meta property=\"og:type\" content=\"article\" \/>\n<meta property=\"og:title\" content=\"Imagem de Nossa Senhora de F\u00e1tima chega a Natal nesta quinta-feira (26) para ser instalada na Zona Norte - Taveira Jr\" \/>\n<meta property=\"og:description\" content=\"Est\u00e1tua de 35 metros ser\u00e1 levada para santu\u00e1rio em constru\u00e7\u00e3o na capital potiguar. Imagem de Nossa Senhora de F\u00e1tima chega a Natal nesta quinta-feira (26) Prefeitura de Natal A imagem ...\" \/>\n<meta property=\"og:url\" content=\"https:\/\/deputadotaveirajr.com.br\/index.php\/imagem-de-nossa-senhora-de-fatima-chega-a-natal-nesta-quinta-feira-26-para-ser-instalada-na-zona-norte\/\" \/>\n<meta property=\"og:site_name\" content=\"Taveira Jr\" \/>\n<meta property=\"og:image\" content=\"https:\/\/s2-g1.glbimg.com\/0SM0C1I3VZr9ppQb-cyFssTp8hI=\/i.s3.glbimg.com\/v1\/AUTH_59edd422c0c84a879bd37670ae4f538a\/internal_photos\/bs\/2024\/f\/a\/I26AmTQpm4B3vlfAxsMg\/whatsapp-image-2024-12-26-at-08.11.19.jpeg\" \/>\n<meta name=\"twitter:card\" content=\"summary_large_image\" \/>\n<meta name=\"twitter:label1\" content=\"Est. tempo de leitura\" \/>\n\t<meta name=\"twitter:data1\" content=\"2 minutos\" \/>\n<script type=\"application\/ld+json\" class=\"yoast-schema-graph\">{\"@context\":\"https:\/\/schema.org\",\"@graph\":[{\"@type\":\"WebPage\",\"@id\":\"https:\/\/deputadotaveirajr.com.br\/index.php\/imagem-de-nossa-senhora-de-fatima-chega-a-natal-nesta-quinta-feira-26-para-ser-instalada-na-zona-norte\/\",\"url\":\"https:\/\/deputadotaveirajr.com.br\/index.php\/imagem-de-nossa-senhora-de-fatima-chega-a-natal-nesta-quinta-feira-26-para-ser-instalada-na-zona-norte\/\",\"name\":\"Imagem de Nossa Senhora de F\u00e1tima chega a Natal nesta quinta-feira (26) para ser instalada na Zona Norte - Taveira Jr\",\"isPartOf\":{\"@id\":\"https:\/\/deputadotaveirajr.com.br\/#website\"},\"primaryImageOfPage\":{\"@id\":\"https:\/\/deputadotaveirajr.com.br\/index.php\/imagem-de-nossa-senhora-de-fatima-chega-a-natal-nesta-quinta-feira-26-para-ser-instalada-na-zona-norte\/#primaryimage\"},\"image\":{\"@id\":\"https:\/\/deputadotaveirajr.com.br\/index.php\/imagem-de-nossa-senhora-de-fatima-chega-a-natal-nesta-quinta-feira-26-para-ser-instalada-na-zona-norte\/#primaryimage\"},\"thumbnailUrl\":\"https:\/\/deputadotaveirajr.com.br\/wp-content\/uploads\/2024\/12\/whatsapp-image-2024-12-26-at-08.11.19-QONcHY.jpeg\",\"datePublished\":\"2024-12-26T11:50:16+00:00\",\"breadcrumb\":{\"@id\":\"https:\/\/deputadotaveirajr.com.br\/index.php\/imagem-de-nossa-senhora-de-fatima-chega-a-natal-nesta-quinta-feira-26-para-ser-instalada-na-zona-norte\/#breadcrumb\"},\"inLanguage\":\"pt-BR\",\"potentialAction\":[{\"@type\":\"ReadAction\",\"target\":[\"https:\/\/deputadotaveirajr.com.br\/index.php\/imagem-de-nossa-senhora-de-fatima-chega-a-natal-nesta-quinta-feira-26-para-ser-instalada-na-zona-norte\/\"]}]},{\"@type\":\"ImageObject\",\"inLanguage\":\"pt-BR\",\"@id\":\"https:\/\/deputadotaveirajr.com.br\/index.php\/imagem-de-nossa-senhora-de-fatima-chega-a-natal-nesta-quinta-feira-26-para-ser-instalada-na-zona-norte\/#primaryimage\",\"url\":\"https:\/\/deputadotaveirajr.com.br\/wp-content\/uploads\/2024\/12\/whatsapp-image-2024-12-26-at-08.11.19-QONcHY.jpeg\",\"contentUrl\":\"https:\/\/deputadotaveirajr.com.br\/wp-content\/uploads\/2024\/12\/whatsapp-image-2024-12-26-at-08.11.19-QONcHY.jpeg\",\"width\":1257,\"height\":881},{\"@type\":\"BreadcrumbList\",\"@id\":\"https:\/\/deputadotaveirajr.com.br\/index.php\/imagem-de-nossa-senhora-de-fatima-chega-a-natal-nesta-quinta-feira-26-para-ser-instalada-na-zona-norte\/#breadcrumb\",\"itemListElement\":[{\"@type\":\"ListItem\",\"position\":1,\"name\":\"In\u00edcio\",\"item\":\"https:\/\/deputadotaveirajr.com.br\/\"},{\"@type\":\"ListItem\",\"position\":2,\"name\":\"Imagem de Nossa Senhora de F\u00e1tima chega a Natal nesta quinta-feira (26) para ser instalada na Zona Norte\"}]},{\"@type\":\"WebSite\",\"@id\":\"https:\/\/deputadotaveirajr.com.br\/#website\",\"url\":\"https:\/\/deputadotaveirajr.com.br\/\",\"name\":\"Taveira Jr\",\"description\":\"Deputado Estadual\",\"publisher\":{\"@id\":\"https:\/\/deputadotaveirajr.com.br\/#organization\"},\"potentialAction\":[{\"@type\":\"SearchAction\",\"target\":{\"@type\":\"EntryPoint\",\"urlTemplate\":\"https:\/\/deputadotaveirajr.com.br\/?s={search_term_string}\"},\"query-input\":{\"@type\":\"PropertyValueSpecification\",\"valueRequired\":true,\"valueName\":\"search_term_string\"}}],\"inLanguage\":\"pt-BR\"},{\"@type\":\"Organization\",\"@id\":\"https:\/\/deputadotaveirajr.com.br\/#organization\",\"name\":\"Taveira Jr\",\"url\":\"https:\/\/deputadotaveirajr.com.br\/\",\"logo\":{\"@type\":\"ImageObject\",\"inLanguage\":\"pt-BR\",\"@id\":\"https:\/\/deputadotaveirajr.com.br\/#\/schema\/logo\/image\/\",\"url\":\"https:\/\/deputadotaveirajr.com.br\/wp-content\/uploads\/2026\/01\/logolow2a.png\",\"contentUrl\":\"https:\/\/deputadotaveirajr.com.br\/wp-content\/uploads\/2026\/01\/logolow2a.png\",\"width\":290,\"height\":80,\"caption\":\"Taveira Jr\"},\"image\":{\"@id\":\"https:\/\/deputadotaveirajr.com.br\/#\/schema\/logo\/image\/\"}}]}<\/script>\n<!-- \/ Yoast SEO plugin. -->","yoast_head_json":{"title":"Imagem de Nossa Senhora de F\u00e1tima chega a Natal nesta quinta-feira (26) para ser instalada na Zona Norte - Taveira Jr","robots":{"index":"index","follow":"follow","max-snippet":"max-snippet:-1","max-image-preview":"max-image-preview:large","max-video-preview":"max-video-preview:-1"},"canonical":"https:\/\/deputadotaveirajr.com.br\/index.php\/imagem-de-nossa-senhora-de-fatima-chega-a-natal-nesta-quinta-feira-26-para-ser-instalada-na-zona-norte\/","og_locale":"pt_BR","og_type":"article","og_title":"Imagem de Nossa Senhora de F\u00e1tima chega a Natal nesta quinta-feira (26) para ser instalada na Zona Norte - Taveira Jr","og_description":"Est\u00e1tua de 35 metros ser\u00e1 levada para santu\u00e1rio em constru\u00e7\u00e3o na capital potiguar. Imagem de Nossa Senhora de F\u00e1tima chega a Natal nesta quinta-feira (26) Prefeitura de Natal A imagem ...","og_url":"https:\/\/deputadotaveirajr.com.br\/index.php\/imagem-de-nossa-senhora-de-fatima-chega-a-natal-nesta-quinta-feira-26-para-ser-instalada-na-zona-norte\/","og_site_name":"Taveira Jr","og_image":[{"url":"https:\/\/s2-g1.glbimg.com\/0SM0C1I3VZr9ppQb-cyFssTp8hI=\/i.s3.glbimg.com\/v1\/AUTH_59edd422c0c84a879bd37670ae4f538a\/internal_photos\/bs\/2024\/f\/a\/I26AmTQpm4B3vlfAxsMg\/whatsapp-image-2024-12-26-at-08.11.19.jpeg","type":"","width":"","height":""}],"twitter_card":"summary_large_image","twitter_misc":{"Est. tempo de leitura":"2 minutos"},"schema":{"@context":"https:\/\/schema.org","@graph":[{"@type":"WebPage","@id":"https:\/\/deputadotaveirajr.com.br\/index.php\/imagem-de-nossa-senhora-de-fatima-chega-a-natal-nesta-quinta-feira-26-para-ser-instalada-na-zona-norte\/","url":"https:\/\/deputadotaveirajr.com.br\/index.php\/imagem-de-nossa-senhora-de-fatima-chega-a-natal-nesta-quinta-feira-26-para-ser-instalada-na-zona-norte\/","name":"Imagem de Nossa Senhora de F\u00e1tima chega a Natal nesta quinta-feira (26) para ser instalada na Zona Norte - Taveira Jr","isPartOf":{"@id":"https:\/\/deputadotaveirajr.com.br\/#website"},"primaryImageOfPage":{"@id":"https:\/\/deputadotaveirajr.com.br\/index.php\/imagem-de-nossa-senhora-de-fatima-chega-a-natal-nesta-quinta-feira-26-para-ser-instalada-na-zona-norte\/#primaryimage"},"image":{"@id":"https:\/\/deputadotaveirajr.com.br\/index.php\/imagem-de-nossa-senhora-de-fatima-chega-a-natal-nesta-quinta-feira-26-para-ser-instalada-na-zona-norte\/#primaryimage"},"thumbnailUrl":"https:\/\/deputadotaveirajr.com.br\/wp-content\/uploads\/2024\/12\/whatsapp-image-2024-12-26-at-08.11.19-QONcHY.jpeg","datePublished":"2024-12-26T11:50:16+00:00","breadcrumb":{"@id":"https:\/\/deputadotaveirajr.com.br\/index.php\/imagem-de-nossa-senhora-de-fatima-chega-a-natal-nesta-quinta-feira-26-para-ser-instalada-na-zona-norte\/#breadcrumb"},"inLanguage":"pt-BR","potentialAction":[{"@type":"ReadAction","target":["https:\/\/deputadotaveirajr.com.br\/index.php\/imagem-de-nossa-senhora-de-fatima-chega-a-natal-nesta-quinta-feira-26-para-ser-instalada-na-zona-norte\/"]}]},{"@type":"ImageObject","inLanguage":"pt-BR","@id":"https:\/\/deputadotaveirajr.com.br\/index.php\/imagem-de-nossa-senhora-de-fatima-chega-a-natal-nesta-quinta-feira-26-para-ser-instalada-na-zona-norte\/#primaryimage","url":"https:\/\/deputadotaveirajr.com.br\/wp-content\/uploads\/2024\/12\/whatsapp-image-2024-12-26-at-08.11.19-QONcHY.jpeg","contentUrl":"https:\/\/deputadotaveirajr.com.br\/wp-content\/uploads\/2024\/12\/whatsapp-image-2024-12-26-at-08.11.19-QONcHY.jpeg","width":1257,"height":881},{"@type":"BreadcrumbList","@id":"https:\/\/deputadotaveirajr.com.br\/index.php\/imagem-de-nossa-senhora-de-fatima-chega-a-natal-nesta-quinta-feira-26-para-ser-instalada-na-zona-norte\/#breadcrumb","itemListElement":[{"@type":"ListItem","position":1,"name":"In\u00edcio","item":"https:\/\/deputadotaveirajr.com.br\/"},{"@type":"ListItem","position":2,"name":"Imagem de Nossa Senhora de F\u00e1tima chega a Natal nesta quinta-feira (26) para ser instalada na Zona Norte"}]},{"@type":"WebSite","@id":"https:\/\/deputadotaveirajr.com.br\/#website","url":"https:\/\/deputadotaveirajr.com.br\/","name":"Taveira Jr","description":"Deputado Estadual","publisher":{"@id":"https:\/\/deputadotaveirajr.com.br\/#organization"},"potentialAction":[{"@type":"SearchAction","target":{"@type":"EntryPoint","urlTemplate":"https:\/\/deputadotaveirajr.com.br\/?s={search_term_string}"},"query-input":{"@type":"PropertyValueSpecification","valueRequired":true,"valueName":"search_term_string"}}],"inLanguage":"pt-BR"},{"@type":"Organization","@id":"https:\/\/deputadotaveirajr.com.br\/#organization","name":"Taveira Jr","url":"https:\/\/deputadotaveirajr.com.br\/","logo":{"@type":"ImageObject","inLanguage":"pt-BR","@id":"https:\/\/deputadotaveirajr.com.br\/#\/schema\/logo\/image\/","url":"https:\/\/deputadotaveirajr.com.br\/wp-content\/uploads\/2026\/01\/logolow2a.png","contentUrl":"https:\/\/deputadotaveirajr.com.br\/wp-content\/uploads\/2026\/01\/logolow2a.png","width":290,"height":80,"caption":"Taveira Jr"},"image":{"@id":"https:\/\/deputadotaveirajr.com.br\/#\/schema\/logo\/image\/"}}]}},"_links":{"self":[{"href":"https:\/\/deputadotaveirajr.com.br\/index.php\/wp-json\/wp\/v2\/pages\/11874","targetHints":{"allow":["GET"]}}],"collection":[{"href":"https:\/\/deputadotaveirajr.com.br\/index.php\/wp-json\/wp\/v2\/pages"}],"about":[{"href":"https:\/\/deputadotaveirajr.com.br\/index.php\/wp-json\/wp\/v2\/types\/page"}],"replies":[{"embeddable":true,"href":"https:\/\/deputadotaveirajr.com.br\/index.php\/wp-json\/wp\/v2\/comments?post=11874"}],"version-history":[{"count":0,"href":"https:\/\/deputadotaveirajr.com.br\/index.php\/wp-json\/wp\/v2\/pages\/11874\/revisions"}],"wp:featuredmedia":[{"embeddable":true,"href":"https:\/\/deputadotaveirajr.com.br\/index.php\/wp-json\/wp\/v2\/media\/11875"}],"wp:attachment":[{"href":"https:\/\/deputadotaveirajr.com.br\/index.php\/wp-json\/wp\/v2\/media?parent=11874"}],"curies":[{"name":"wp","href":"https:\/\/api.w.org\/{rel}","templated":true}]}}