{"id":11876,"date":"2024-12-26T07:54:59","date_gmt":"2024-12-26T10:54:59","guid":{"rendered":"https:\/\/deputadotaveirajr.com.br\/index.php\/duas-pessoas-morrem-e-sete-ficam-feridas-apos-carro-capotar-na-br-226-no-interior-do-rn\/"},"modified":"2024-12-26T07:54:59","modified_gmt":"2024-12-26T10:54:59","slug":"duas-pessoas-morrem-e-sete-ficam-feridas-apos-carro-capotar-na-br-226-no-interior-do-rn","status":"publish","type":"page","link":"https:\/\/deputadotaveirajr.com.br\/index.php\/duas-pessoas-morrem-e-sete-ficam-feridas-apos-carro-capotar-na-br-226-no-interior-do-rn\/","title":{"rendered":"Duas pessoas morrem e sete ficam feridas ap\u00f3s carro capotar na BR-226 no interior do RN"},"content":{"rendered":"<p><img decoding=\"async\" src=\"https:\/\/s2-g1.glbimg.com\/276f3fhSwIPmjrA6MYvbhFh5_6U=\/i.s3.glbimg.com\/v1\/AUTH_59edd422c0c84a879bd37670ae4f538a\/internal_photos\/bs\/2024\/z\/T\/og5kJYTGGavugGRgPzkA\/br-226.jpg\" \/><br \/>     Caso aconteceu no in\u00edcio da noite de quarta-feira (25) em Pau dos Ferros. Beb\u00ea de 4 meses est\u00e1 entre feridos e foi levado para Mossor\u00f3. Acidente na BR-226 deixa duas pessoas mortas e sete feridas<br \/>\nReprodu\u00e7\u00e3o<br \/>\nUma mulher e uma menina de 11 anos morreram depois que o carro em que estavam saiu da pista e capotou na BR-226, em Pau dos Ferros, no Alto Oeste potiguar. Outras sete pessoas, entre elas um beb\u00ea de 4 meses, ficaram feridas.<br \/>\nO caso aconteceu por volta das 18h desta quarta-feira (25), nas imedia\u00e7\u00f5es do km 401, e envolveu um ve\u00edculo Fiat Dobl\u00f2. Segundo o Corpo de Bombeiros, o motorista tentou desviar de um buraco na pista, perdeu o controle do carro e acabou capotando.<br \/>\n\ud83d\udcf3Participe do canal do g1 RN no WhatsApp<br \/>\nSegundo a corpora\u00e7\u00e3o, o ve\u00edculo s\u00f3 parou cerca de 300 metros ap\u00f3s o local onde o motorista perdeu o controle.<br \/>\nAs pessoas feridas foram socorridas pelo Servi\u00e7o de Atendimento M\u00f3vel de Urg\u00eancia (Samu) e encaminhadas para o Hospital Regional de Pau dos Ferros. Entre os feridos, o beb\u00ea de 4 meses e um adulto foram levados para Mossor\u00f3.<br \/>\nA Pol\u00edcia Rodovi\u00e1ria Federal (PRF), o Instituto T\u00e9cnico-Cient\u00edfico de Per\u00edcia (ITEP) e a Pol\u00edcia Civil (PC) estiveram no local do acidente para apurar as causas e dar in\u00edcio \u00e0 investiga\u00e7\u00e3o.<br \/>\nO tr\u00e1fego na BR-226 foi temporariamente interrompido para o atendimento da ocorr\u00eancia e investiga\u00e7\u00f5es e liberado em seguida.<br \/>\nAs v\u00edtimas seguiam sem identifica\u00e7\u00e3o oficial at\u00e9 o in\u00edcio da manh\u00e3 desta quinta-feira (26) no Itep.<br \/>\nA import\u00e2ncia da revis\u00e3o no carro antes de pegar estrada<br \/>\nVeja os v\u00eddeos mais assistidos no g1 RN<\/p>","protected":false},"excerpt":{"rendered":"<p>Caso aconteceu no in\u00edcio da noite de quarta-feira (25) em Pau dos Ferros. Beb\u00ea de 4 meses est\u00e1 entre feridos e foi levado para Mossor\u00f3. Acidente na BR-226 deixa duas &#8230;<\/p>\n","protected":false},"author":0,"featured_media":11877,"parent":0,"menu_order":0,"comment_status":"closed","ping_status":"closed","template":"","meta":{"footnotes":""},"class_list":["post-11876","page","type-page","status-publish","has-post-thumbnail","hentry"],"yoast_head":"<!-- This site is optimized with the Yoast SEO plugin v27.1.1 - https:\/\/yoast.com\/product\/yoast-seo-wordpress\/ -->\n<title>Duas pessoas morrem e sete ficam feridas ap\u00f3s carro capotar na BR-226 no interior do RN - Taveira Jr<\/title>\n<meta name=\"robots\" content=\"index, follow, max-snippet:-1, max-image-preview:large, max-video-preview:-1\" \/>\n<link rel=\"canonical\" href=\"https:\/\/deputadotaveirajr.com.br\/index.php\/duas-pessoas-morrem-e-sete-ficam-feridas-apos-carro-capotar-na-br-226-no-interior-do-rn\/\" \/>\n<meta property=\"og:locale\" content=\"pt_BR\" \/>\n<meta property=\"og:type\" content=\"article\" \/>\n<meta property=\"og:title\" content=\"Duas pessoas morrem e sete ficam feridas ap\u00f3s carro capotar na BR-226 no interior do RN - Taveira Jr\" \/>\n<meta property=\"og:description\" content=\"Caso aconteceu no in\u00edcio da noite de quarta-feira (25) em Pau dos Ferros. Beb\u00ea de 4 meses est\u00e1 entre feridos e foi levado para Mossor\u00f3. Acidente na BR-226 deixa duas ...\" \/>\n<meta property=\"og:url\" content=\"https:\/\/deputadotaveirajr.com.br\/index.php\/duas-pessoas-morrem-e-sete-ficam-feridas-apos-carro-capotar-na-br-226-no-interior-do-rn\/\" \/>\n<meta property=\"og:site_name\" content=\"Taveira Jr\" \/>\n<meta property=\"og:image\" content=\"https:\/\/s2-g1.glbimg.com\/276f3fhSwIPmjrA6MYvbhFh5_6U=\/i.s3.glbimg.com\/v1\/AUTH_59edd422c0c84a879bd37670ae4f538a\/internal_photos\/bs\/2024\/z\/T\/og5kJYTGGavugGRgPzkA\/br-226.jpg\" \/>\n<meta name=\"twitter:card\" content=\"summary_large_image\" \/>\n<meta name=\"twitter:label1\" content=\"Est. tempo de leitura\" \/>\n\t<meta name=\"twitter:data1\" content=\"1 minuto\" \/>\n<script type=\"application\/ld+json\" class=\"yoast-schema-graph\">{\"@context\":\"https:\/\/schema.org\",\"@graph\":[{\"@type\":\"WebPage\",\"@id\":\"https:\/\/deputadotaveirajr.com.br\/index.php\/duas-pessoas-morrem-e-sete-ficam-feridas-apos-carro-capotar-na-br-226-no-interior-do-rn\/\",\"url\":\"https:\/\/deputadotaveirajr.com.br\/index.php\/duas-pessoas-morrem-e-sete-ficam-feridas-apos-carro-capotar-na-br-226-no-interior-do-rn\/\",\"name\":\"Duas pessoas morrem e sete ficam feridas ap\u00f3s carro capotar na BR-226 no interior do RN - Taveira Jr\",\"isPartOf\":{\"@id\":\"https:\/\/deputadotaveirajr.com.br\/#website\"},\"primaryImageOfPage\":{\"@id\":\"https:\/\/deputadotaveirajr.com.br\/index.php\/duas-pessoas-morrem-e-sete-ficam-feridas-apos-carro-capotar-na-br-226-no-interior-do-rn\/#primaryimage\"},\"image\":{\"@id\":\"https:\/\/deputadotaveirajr.com.br\/index.php\/duas-pessoas-morrem-e-sete-ficam-feridas-apos-carro-capotar-na-br-226-no-interior-do-rn\/#primaryimage\"},\"thumbnailUrl\":\"https:\/\/deputadotaveirajr.com.br\/wp-content\/uploads\/2024\/12\/br-226-yxaXiz.jpeg\",\"datePublished\":\"2024-12-26T10:54:59+00:00\",\"breadcrumb\":{\"@id\":\"https:\/\/deputadotaveirajr.com.br\/index.php\/duas-pessoas-morrem-e-sete-ficam-feridas-apos-carro-capotar-na-br-226-no-interior-do-rn\/#breadcrumb\"},\"inLanguage\":\"pt-BR\",\"potentialAction\":[{\"@type\":\"ReadAction\",\"target\":[\"https:\/\/deputadotaveirajr.com.br\/index.php\/duas-pessoas-morrem-e-sete-ficam-feridas-apos-carro-capotar-na-br-226-no-interior-do-rn\/\"]}]},{\"@type\":\"ImageObject\",\"inLanguage\":\"pt-BR\",\"@id\":\"https:\/\/deputadotaveirajr.com.br\/index.php\/duas-pessoas-morrem-e-sete-ficam-feridas-apos-carro-capotar-na-br-226-no-interior-do-rn\/#primaryimage\",\"url\":\"https:\/\/deputadotaveirajr.com.br\/wp-content\/uploads\/2024\/12\/br-226-yxaXiz.jpeg\",\"contentUrl\":\"https:\/\/deputadotaveirajr.com.br\/wp-content\/uploads\/2024\/12\/br-226-yxaXiz.jpeg\",\"width\":675,\"height\":492},{\"@type\":\"BreadcrumbList\",\"@id\":\"https:\/\/deputadotaveirajr.com.br\/index.php\/duas-pessoas-morrem-e-sete-ficam-feridas-apos-carro-capotar-na-br-226-no-interior-do-rn\/#breadcrumb\",\"itemListElement\":[{\"@type\":\"ListItem\",\"position\":1,\"name\":\"In\u00edcio\",\"item\":\"https:\/\/deputadotaveirajr.com.br\/\"},{\"@type\":\"ListItem\",\"position\":2,\"name\":\"Duas pessoas morrem e sete ficam feridas ap\u00f3s carro capotar na BR-226 no interior do RN\"}]},{\"@type\":\"WebSite\",\"@id\":\"https:\/\/deputadotaveirajr.com.br\/#website\",\"url\":\"https:\/\/deputadotaveirajr.com.br\/\",\"name\":\"Taveira Jr\",\"description\":\"Deputado Estadual\",\"publisher\":{\"@id\":\"https:\/\/deputadotaveirajr.com.br\/#organization\"},\"potentialAction\":[{\"@type\":\"SearchAction\",\"target\":{\"@type\":\"EntryPoint\",\"urlTemplate\":\"https:\/\/deputadotaveirajr.com.br\/?s={search_term_string}\"},\"query-input\":{\"@type\":\"PropertyValueSpecification\",\"valueRequired\":true,\"valueName\":\"search_term_string\"}}],\"inLanguage\":\"pt-BR\"},{\"@type\":\"Organization\",\"@id\":\"https:\/\/deputadotaveirajr.com.br\/#organization\",\"name\":\"Taveira Jr\",\"url\":\"https:\/\/deputadotaveirajr.com.br\/\",\"logo\":{\"@type\":\"ImageObject\",\"inLanguage\":\"pt-BR\",\"@id\":\"https:\/\/deputadotaveirajr.com.br\/#\/schema\/logo\/image\/\",\"url\":\"https:\/\/deputadotaveirajr.com.br\/wp-content\/uploads\/2026\/01\/logolow2a.png\",\"contentUrl\":\"https:\/\/deputadotaveirajr.com.br\/wp-content\/uploads\/2026\/01\/logolow2a.png\",\"width\":290,\"height\":80,\"caption\":\"Taveira Jr\"},\"image\":{\"@id\":\"https:\/\/deputadotaveirajr.com.br\/#\/schema\/logo\/image\/\"}}]}<\/script>\n<!-- \/ Yoast SEO plugin. -->","yoast_head_json":{"title":"Duas pessoas morrem e sete ficam feridas ap\u00f3s carro capotar na BR-226 no interior do RN - Taveira Jr","robots":{"index":"index","follow":"follow","max-snippet":"max-snippet:-1","max-image-preview":"max-image-preview:large","max-video-preview":"max-video-preview:-1"},"canonical":"https:\/\/deputadotaveirajr.com.br\/index.php\/duas-pessoas-morrem-e-sete-ficam-feridas-apos-carro-capotar-na-br-226-no-interior-do-rn\/","og_locale":"pt_BR","og_type":"article","og_title":"Duas pessoas morrem e sete ficam feridas ap\u00f3s carro capotar na BR-226 no interior do RN - Taveira Jr","og_description":"Caso aconteceu no in\u00edcio da noite de quarta-feira (25) em Pau dos Ferros. Beb\u00ea de 4 meses est\u00e1 entre feridos e foi levado para Mossor\u00f3. Acidente na BR-226 deixa duas ...","og_url":"https:\/\/deputadotaveirajr.com.br\/index.php\/duas-pessoas-morrem-e-sete-ficam-feridas-apos-carro-capotar-na-br-226-no-interior-do-rn\/","og_site_name":"Taveira Jr","og_image":[{"url":"https:\/\/s2-g1.glbimg.com\/276f3fhSwIPmjrA6MYvbhFh5_6U=\/i.s3.glbimg.com\/v1\/AUTH_59edd422c0c84a879bd37670ae4f538a\/internal_photos\/bs\/2024\/z\/T\/og5kJYTGGavugGRgPzkA\/br-226.jpg","type":"","width":"","height":""}],"twitter_card":"summary_large_image","twitter_misc":{"Est. tempo de leitura":"1 minuto"},"schema":{"@context":"https:\/\/schema.org","@graph":[{"@type":"WebPage","@id":"https:\/\/deputadotaveirajr.com.br\/index.php\/duas-pessoas-morrem-e-sete-ficam-feridas-apos-carro-capotar-na-br-226-no-interior-do-rn\/","url":"https:\/\/deputadotaveirajr.com.br\/index.php\/duas-pessoas-morrem-e-sete-ficam-feridas-apos-carro-capotar-na-br-226-no-interior-do-rn\/","name":"Duas pessoas morrem e sete ficam feridas ap\u00f3s carro capotar na BR-226 no interior do RN - Taveira Jr","isPartOf":{"@id":"https:\/\/deputadotaveirajr.com.br\/#website"},"primaryImageOfPage":{"@id":"https:\/\/deputadotaveirajr.com.br\/index.php\/duas-pessoas-morrem-e-sete-ficam-feridas-apos-carro-capotar-na-br-226-no-interior-do-rn\/#primaryimage"},"image":{"@id":"https:\/\/deputadotaveirajr.com.br\/index.php\/duas-pessoas-morrem-e-sete-ficam-feridas-apos-carro-capotar-na-br-226-no-interior-do-rn\/#primaryimage"},"thumbnailUrl":"https:\/\/deputadotaveirajr.com.br\/wp-content\/uploads\/2024\/12\/br-226-yxaXiz.jpeg","datePublished":"2024-12-26T10:54:59+00:00","breadcrumb":{"@id":"https:\/\/deputadotaveirajr.com.br\/index.php\/duas-pessoas-morrem-e-sete-ficam-feridas-apos-carro-capotar-na-br-226-no-interior-do-rn\/#breadcrumb"},"inLanguage":"pt-BR","potentialAction":[{"@type":"ReadAction","target":["https:\/\/deputadotaveirajr.com.br\/index.php\/duas-pessoas-morrem-e-sete-ficam-feridas-apos-carro-capotar-na-br-226-no-interior-do-rn\/"]}]},{"@type":"ImageObject","inLanguage":"pt-BR","@id":"https:\/\/deputadotaveirajr.com.br\/index.php\/duas-pessoas-morrem-e-sete-ficam-feridas-apos-carro-capotar-na-br-226-no-interior-do-rn\/#primaryimage","url":"https:\/\/deputadotaveirajr.com.br\/wp-content\/uploads\/2024\/12\/br-226-yxaXiz.jpeg","contentUrl":"https:\/\/deputadotaveirajr.com.br\/wp-content\/uploads\/2024\/12\/br-226-yxaXiz.jpeg","width":675,"height":492},{"@type":"BreadcrumbList","@id":"https:\/\/deputadotaveirajr.com.br\/index.php\/duas-pessoas-morrem-e-sete-ficam-feridas-apos-carro-capotar-na-br-226-no-interior-do-rn\/#breadcrumb","itemListElement":[{"@type":"ListItem","position":1,"name":"In\u00edcio","item":"https:\/\/deputadotaveirajr.com.br\/"},{"@type":"ListItem","position":2,"name":"Duas pessoas morrem e sete ficam feridas ap\u00f3s carro capotar na BR-226 no interior do RN"}]},{"@type":"WebSite","@id":"https:\/\/deputadotaveirajr.com.br\/#website","url":"https:\/\/deputadotaveirajr.com.br\/","name":"Taveira Jr","description":"Deputado Estadual","publisher":{"@id":"https:\/\/deputadotaveirajr.com.br\/#organization"},"potentialAction":[{"@type":"SearchAction","target":{"@type":"EntryPoint","urlTemplate":"https:\/\/deputadotaveirajr.com.br\/?s={search_term_string}"},"query-input":{"@type":"PropertyValueSpecification","valueRequired":true,"valueName":"search_term_string"}}],"inLanguage":"pt-BR"},{"@type":"Organization","@id":"https:\/\/deputadotaveirajr.com.br\/#organization","name":"Taveira Jr","url":"https:\/\/deputadotaveirajr.com.br\/","logo":{"@type":"ImageObject","inLanguage":"pt-BR","@id":"https:\/\/deputadotaveirajr.com.br\/#\/schema\/logo\/image\/","url":"https:\/\/deputadotaveirajr.com.br\/wp-content\/uploads\/2026\/01\/logolow2a.png","contentUrl":"https:\/\/deputadotaveirajr.com.br\/wp-content\/uploads\/2026\/01\/logolow2a.png","width":290,"height":80,"caption":"Taveira Jr"},"image":{"@id":"https:\/\/deputadotaveirajr.com.br\/#\/schema\/logo\/image\/"}}]}},"_links":{"self":[{"href":"https:\/\/deputadotaveirajr.com.br\/index.php\/wp-json\/wp\/v2\/pages\/11876","targetHints":{"allow":["GET"]}}],"collection":[{"href":"https:\/\/deputadotaveirajr.com.br\/index.php\/wp-json\/wp\/v2\/pages"}],"about":[{"href":"https:\/\/deputadotaveirajr.com.br\/index.php\/wp-json\/wp\/v2\/types\/page"}],"replies":[{"embeddable":true,"href":"https:\/\/deputadotaveirajr.com.br\/index.php\/wp-json\/wp\/v2\/comments?post=11876"}],"version-history":[{"count":0,"href":"https:\/\/deputadotaveirajr.com.br\/index.php\/wp-json\/wp\/v2\/pages\/11876\/revisions"}],"wp:featuredmedia":[{"embeddable":true,"href":"https:\/\/deputadotaveirajr.com.br\/index.php\/wp-json\/wp\/v2\/media\/11877"}],"wp:attachment":[{"href":"https:\/\/deputadotaveirajr.com.br\/index.php\/wp-json\/wp\/v2\/media?parent=11876"}],"curies":[{"name":"wp","href":"https:\/\/api.w.org\/{rel}","templated":true}]}}