{"id":11882,"date":"2024-12-26T15:58:35","date_gmt":"2024-12-26T18:58:35","guid":{"rendered":"https:\/\/deputadotaveirajr.com.br\/index.php\/homem-e-encontrado-morto-na-lagoa-de-extremoz-na-grande-natal\/"},"modified":"2024-12-26T15:58:35","modified_gmt":"2024-12-26T18:58:35","slug":"homem-e-encontrado-morto-na-lagoa-de-extremoz-na-grande-natal","status":"publish","type":"page","link":"https:\/\/deputadotaveirajr.com.br\/index.php\/homem-e-encontrado-morto-na-lagoa-de-extremoz-na-grande-natal\/","title":{"rendered":"Homem \u00e9 encontrado morto na Lagoa de Extremoz, na Grande Natal"},"content":{"rendered":"<p><img decoding=\"async\" src=\"https:\/\/s2-g1.glbimg.com\/Z66jdwXUAWL9p8N0BBXLuhzjMjc=\/i.s3.glbimg.com\/v1\/AUTH_59edd422c0c84a879bd37670ae4f538a\/internal_photos\/bs\/2023\/p\/8\/CcTwSSTJimsbtUoYt8oQ\/whatsapp-image-2023-05-12-at-17.26.47.jpeg\" \/><br \/>     Popula\u00e7\u00e3o acionou pol\u00edcia ap\u00f3s encontrar corpo na manh\u00e3 desta quinta-feira (26); suspeita \u00e9 de afogamento.  Corpo e\u0301 encontrado na Lagoa de Extremoz, na Grande Natal<br \/>\nO corpo de um homem de 37 anos foi encontrado na manh\u00e3 desta quinta-feira (26) na Lagoa de Extremoz, na Grande Natal.<br \/>\nDe acordo com informa\u00e7\u00f5es do 16\u00ba Batalh\u00e3o da Pol\u00edcia Militar, o homem havia sa\u00eddo de casa na quarta-feira (25) para aproveitar o feriado e n\u00e3o retornou.<br \/>\n\ud83d\udcf3Participe do canal do g1 RN no WhatsApp<br \/>\nPopulares que estavam na regi\u00e3o acionaram a pol\u00edcia ao avistar o corpo na lagoa, que \u00e9 utilizada como balne\u00e1rio.<br \/>\nEm seguida, o Instituto T\u00e9cnico-Cient\u00edfico de Per\u00edcia (Itep) foi chamado para realizar a remo\u00e7\u00e3o e os exames necess\u00e1rios.<br \/>\nA principal suspeita \u00e9 de que o homem tenha se afogado ainda na tarde do dia anterior.<br \/>\nO Corpo de Bombeiros tamb\u00e9m esteve no local, mas n\u00e3o havia mais nenhuma a\u00e7\u00e3o a ser realizada. A ocorr\u00eancia segue em investiga\u00e7\u00e3o.<br \/>\nInstituto T\u00e9cnico-Cient\u00edfico de Per\u00edcia do Rio Grande do Norte RN (Itep) foi acionado<br \/>\nFrancielly Medeiros\/Inter TV Cabugi<br \/>\nVeja os v\u00eddeos mais assistidos do g1 RN<\/p>","protected":false},"excerpt":{"rendered":"<p>Popula\u00e7\u00e3o acionou pol\u00edcia ap\u00f3s encontrar corpo na manh\u00e3 desta quinta-feira (26); suspeita \u00e9 de afogamento. Corpo e\u0301 encontrado na Lagoa de Extremoz, na Grande Natal O corpo de um homem &#8230;<\/p>\n","protected":false},"author":0,"featured_media":11883,"parent":0,"menu_order":0,"comment_status":"closed","ping_status":"closed","template":"","meta":{"footnotes":""},"class_list":["post-11882","page","type-page","status-publish","has-post-thumbnail","hentry"],"yoast_head":"<!-- This site is optimized with the Yoast SEO plugin v27.1.1 - https:\/\/yoast.com\/product\/yoast-seo-wordpress\/ -->\n<title>Homem \u00e9 encontrado morto na Lagoa de Extremoz, na Grande Natal - Taveira Jr<\/title>\n<meta name=\"robots\" content=\"index, follow, max-snippet:-1, max-image-preview:large, max-video-preview:-1\" \/>\n<link rel=\"canonical\" href=\"https:\/\/deputadotaveirajr.com.br\/index.php\/homem-e-encontrado-morto-na-lagoa-de-extremoz-na-grande-natal\/\" \/>\n<meta property=\"og:locale\" content=\"pt_BR\" \/>\n<meta property=\"og:type\" content=\"article\" \/>\n<meta property=\"og:title\" content=\"Homem \u00e9 encontrado morto na Lagoa de Extremoz, na Grande Natal - Taveira Jr\" \/>\n<meta property=\"og:description\" content=\"Popula\u00e7\u00e3o acionou pol\u00edcia ap\u00f3s encontrar corpo na manh\u00e3 desta quinta-feira (26); suspeita \u00e9 de afogamento. Corpo e\u0301 encontrado na Lagoa de Extremoz, na Grande Natal O corpo de um homem ...\" \/>\n<meta property=\"og:url\" content=\"https:\/\/deputadotaveirajr.com.br\/index.php\/homem-e-encontrado-morto-na-lagoa-de-extremoz-na-grande-natal\/\" \/>\n<meta property=\"og:site_name\" content=\"Taveira Jr\" \/>\n<meta property=\"og:image\" content=\"https:\/\/s2-g1.glbimg.com\/Z66jdwXUAWL9p8N0BBXLuhzjMjc=\/i.s3.glbimg.com\/v1\/AUTH_59edd422c0c84a879bd37670ae4f538a\/internal_photos\/bs\/2023\/p\/8\/CcTwSSTJimsbtUoYt8oQ\/whatsapp-image-2023-05-12-at-17.26.47.jpeg\" \/>\n<meta name=\"twitter:card\" content=\"summary_large_image\" \/>\n<meta name=\"twitter:label1\" content=\"Est. tempo de leitura\" \/>\n\t<meta name=\"twitter:data1\" content=\"1 minuto\" \/>\n<script type=\"application\/ld+json\" class=\"yoast-schema-graph\">{\"@context\":\"https:\/\/schema.org\",\"@graph\":[{\"@type\":\"WebPage\",\"@id\":\"https:\/\/deputadotaveirajr.com.br\/index.php\/homem-e-encontrado-morto-na-lagoa-de-extremoz-na-grande-natal\/\",\"url\":\"https:\/\/deputadotaveirajr.com.br\/index.php\/homem-e-encontrado-morto-na-lagoa-de-extremoz-na-grande-natal\/\",\"name\":\"Homem \u00e9 encontrado morto na Lagoa de Extremoz, na Grande Natal - Taveira Jr\",\"isPartOf\":{\"@id\":\"https:\/\/deputadotaveirajr.com.br\/#website\"},\"primaryImageOfPage\":{\"@id\":\"https:\/\/deputadotaveirajr.com.br\/index.php\/homem-e-encontrado-morto-na-lagoa-de-extremoz-na-grande-natal\/#primaryimage\"},\"image\":{\"@id\":\"https:\/\/deputadotaveirajr.com.br\/index.php\/homem-e-encontrado-morto-na-lagoa-de-extremoz-na-grande-natal\/#primaryimage\"},\"thumbnailUrl\":\"https:\/\/deputadotaveirajr.com.br\/wp-content\/uploads\/2024\/12\/whatsapp-image-2023-05-12-at-17.26.47-sN4Ux8.jpeg\",\"datePublished\":\"2024-12-26T18:58:35+00:00\",\"breadcrumb\":{\"@id\":\"https:\/\/deputadotaveirajr.com.br\/index.php\/homem-e-encontrado-morto-na-lagoa-de-extremoz-na-grande-natal\/#breadcrumb\"},\"inLanguage\":\"pt-BR\",\"potentialAction\":[{\"@type\":\"ReadAction\",\"target\":[\"https:\/\/deputadotaveirajr.com.br\/index.php\/homem-e-encontrado-morto-na-lagoa-de-extremoz-na-grande-natal\/\"]}]},{\"@type\":\"ImageObject\",\"inLanguage\":\"pt-BR\",\"@id\":\"https:\/\/deputadotaveirajr.com.br\/index.php\/homem-e-encontrado-morto-na-lagoa-de-extremoz-na-grande-natal\/#primaryimage\",\"url\":\"https:\/\/deputadotaveirajr.com.br\/wp-content\/uploads\/2024\/12\/whatsapp-image-2023-05-12-at-17.26.47-sN4Ux8.jpeg\",\"contentUrl\":\"https:\/\/deputadotaveirajr.com.br\/wp-content\/uploads\/2024\/12\/whatsapp-image-2023-05-12-at-17.26.47-sN4Ux8.jpeg\",\"width\":1600,\"height\":900},{\"@type\":\"BreadcrumbList\",\"@id\":\"https:\/\/deputadotaveirajr.com.br\/index.php\/homem-e-encontrado-morto-na-lagoa-de-extremoz-na-grande-natal\/#breadcrumb\",\"itemListElement\":[{\"@type\":\"ListItem\",\"position\":1,\"name\":\"In\u00edcio\",\"item\":\"https:\/\/deputadotaveirajr.com.br\/\"},{\"@type\":\"ListItem\",\"position\":2,\"name\":\"Homem \u00e9 encontrado morto na Lagoa de Extremoz, na Grande Natal\"}]},{\"@type\":\"WebSite\",\"@id\":\"https:\/\/deputadotaveirajr.com.br\/#website\",\"url\":\"https:\/\/deputadotaveirajr.com.br\/\",\"name\":\"Taveira Jr\",\"description\":\"Deputado Estadual\",\"publisher\":{\"@id\":\"https:\/\/deputadotaveirajr.com.br\/#organization\"},\"potentialAction\":[{\"@type\":\"SearchAction\",\"target\":{\"@type\":\"EntryPoint\",\"urlTemplate\":\"https:\/\/deputadotaveirajr.com.br\/?s={search_term_string}\"},\"query-input\":{\"@type\":\"PropertyValueSpecification\",\"valueRequired\":true,\"valueName\":\"search_term_string\"}}],\"inLanguage\":\"pt-BR\"},{\"@type\":\"Organization\",\"@id\":\"https:\/\/deputadotaveirajr.com.br\/#organization\",\"name\":\"Taveira Jr\",\"url\":\"https:\/\/deputadotaveirajr.com.br\/\",\"logo\":{\"@type\":\"ImageObject\",\"inLanguage\":\"pt-BR\",\"@id\":\"https:\/\/deputadotaveirajr.com.br\/#\/schema\/logo\/image\/\",\"url\":\"https:\/\/deputadotaveirajr.com.br\/wp-content\/uploads\/2026\/01\/logolow2a.png\",\"contentUrl\":\"https:\/\/deputadotaveirajr.com.br\/wp-content\/uploads\/2026\/01\/logolow2a.png\",\"width\":290,\"height\":80,\"caption\":\"Taveira Jr\"},\"image\":{\"@id\":\"https:\/\/deputadotaveirajr.com.br\/#\/schema\/logo\/image\/\"}}]}<\/script>\n<!-- \/ Yoast SEO plugin. -->","yoast_head_json":{"title":"Homem \u00e9 encontrado morto na Lagoa de Extremoz, na Grande Natal - Taveira Jr","robots":{"index":"index","follow":"follow","max-snippet":"max-snippet:-1","max-image-preview":"max-image-preview:large","max-video-preview":"max-video-preview:-1"},"canonical":"https:\/\/deputadotaveirajr.com.br\/index.php\/homem-e-encontrado-morto-na-lagoa-de-extremoz-na-grande-natal\/","og_locale":"pt_BR","og_type":"article","og_title":"Homem \u00e9 encontrado morto na Lagoa de Extremoz, na Grande Natal - Taveira Jr","og_description":"Popula\u00e7\u00e3o acionou pol\u00edcia ap\u00f3s encontrar corpo na manh\u00e3 desta quinta-feira (26); suspeita \u00e9 de afogamento. Corpo e\u0301 encontrado na Lagoa de Extremoz, na Grande Natal O corpo de um homem ...","og_url":"https:\/\/deputadotaveirajr.com.br\/index.php\/homem-e-encontrado-morto-na-lagoa-de-extremoz-na-grande-natal\/","og_site_name":"Taveira Jr","og_image":[{"url":"https:\/\/s2-g1.glbimg.com\/Z66jdwXUAWL9p8N0BBXLuhzjMjc=\/i.s3.glbimg.com\/v1\/AUTH_59edd422c0c84a879bd37670ae4f538a\/internal_photos\/bs\/2023\/p\/8\/CcTwSSTJimsbtUoYt8oQ\/whatsapp-image-2023-05-12-at-17.26.47.jpeg","type":"","width":"","height":""}],"twitter_card":"summary_large_image","twitter_misc":{"Est. tempo de leitura":"1 minuto"},"schema":{"@context":"https:\/\/schema.org","@graph":[{"@type":"WebPage","@id":"https:\/\/deputadotaveirajr.com.br\/index.php\/homem-e-encontrado-morto-na-lagoa-de-extremoz-na-grande-natal\/","url":"https:\/\/deputadotaveirajr.com.br\/index.php\/homem-e-encontrado-morto-na-lagoa-de-extremoz-na-grande-natal\/","name":"Homem \u00e9 encontrado morto na Lagoa de Extremoz, na Grande Natal - Taveira Jr","isPartOf":{"@id":"https:\/\/deputadotaveirajr.com.br\/#website"},"primaryImageOfPage":{"@id":"https:\/\/deputadotaveirajr.com.br\/index.php\/homem-e-encontrado-morto-na-lagoa-de-extremoz-na-grande-natal\/#primaryimage"},"image":{"@id":"https:\/\/deputadotaveirajr.com.br\/index.php\/homem-e-encontrado-morto-na-lagoa-de-extremoz-na-grande-natal\/#primaryimage"},"thumbnailUrl":"https:\/\/deputadotaveirajr.com.br\/wp-content\/uploads\/2024\/12\/whatsapp-image-2023-05-12-at-17.26.47-sN4Ux8.jpeg","datePublished":"2024-12-26T18:58:35+00:00","breadcrumb":{"@id":"https:\/\/deputadotaveirajr.com.br\/index.php\/homem-e-encontrado-morto-na-lagoa-de-extremoz-na-grande-natal\/#breadcrumb"},"inLanguage":"pt-BR","potentialAction":[{"@type":"ReadAction","target":["https:\/\/deputadotaveirajr.com.br\/index.php\/homem-e-encontrado-morto-na-lagoa-de-extremoz-na-grande-natal\/"]}]},{"@type":"ImageObject","inLanguage":"pt-BR","@id":"https:\/\/deputadotaveirajr.com.br\/index.php\/homem-e-encontrado-morto-na-lagoa-de-extremoz-na-grande-natal\/#primaryimage","url":"https:\/\/deputadotaveirajr.com.br\/wp-content\/uploads\/2024\/12\/whatsapp-image-2023-05-12-at-17.26.47-sN4Ux8.jpeg","contentUrl":"https:\/\/deputadotaveirajr.com.br\/wp-content\/uploads\/2024\/12\/whatsapp-image-2023-05-12-at-17.26.47-sN4Ux8.jpeg","width":1600,"height":900},{"@type":"BreadcrumbList","@id":"https:\/\/deputadotaveirajr.com.br\/index.php\/homem-e-encontrado-morto-na-lagoa-de-extremoz-na-grande-natal\/#breadcrumb","itemListElement":[{"@type":"ListItem","position":1,"name":"In\u00edcio","item":"https:\/\/deputadotaveirajr.com.br\/"},{"@type":"ListItem","position":2,"name":"Homem \u00e9 encontrado morto na Lagoa de Extremoz, na Grande Natal"}]},{"@type":"WebSite","@id":"https:\/\/deputadotaveirajr.com.br\/#website","url":"https:\/\/deputadotaveirajr.com.br\/","name":"Taveira Jr","description":"Deputado Estadual","publisher":{"@id":"https:\/\/deputadotaveirajr.com.br\/#organization"},"potentialAction":[{"@type":"SearchAction","target":{"@type":"EntryPoint","urlTemplate":"https:\/\/deputadotaveirajr.com.br\/?s={search_term_string}"},"query-input":{"@type":"PropertyValueSpecification","valueRequired":true,"valueName":"search_term_string"}}],"inLanguage":"pt-BR"},{"@type":"Organization","@id":"https:\/\/deputadotaveirajr.com.br\/#organization","name":"Taveira Jr","url":"https:\/\/deputadotaveirajr.com.br\/","logo":{"@type":"ImageObject","inLanguage":"pt-BR","@id":"https:\/\/deputadotaveirajr.com.br\/#\/schema\/logo\/image\/","url":"https:\/\/deputadotaveirajr.com.br\/wp-content\/uploads\/2026\/01\/logolow2a.png","contentUrl":"https:\/\/deputadotaveirajr.com.br\/wp-content\/uploads\/2026\/01\/logolow2a.png","width":290,"height":80,"caption":"Taveira Jr"},"image":{"@id":"https:\/\/deputadotaveirajr.com.br\/#\/schema\/logo\/image\/"}}]}},"_links":{"self":[{"href":"https:\/\/deputadotaveirajr.com.br\/index.php\/wp-json\/wp\/v2\/pages\/11882","targetHints":{"allow":["GET"]}}],"collection":[{"href":"https:\/\/deputadotaveirajr.com.br\/index.php\/wp-json\/wp\/v2\/pages"}],"about":[{"href":"https:\/\/deputadotaveirajr.com.br\/index.php\/wp-json\/wp\/v2\/types\/page"}],"replies":[{"embeddable":true,"href":"https:\/\/deputadotaveirajr.com.br\/index.php\/wp-json\/wp\/v2\/comments?post=11882"}],"version-history":[{"count":0,"href":"https:\/\/deputadotaveirajr.com.br\/index.php\/wp-json\/wp\/v2\/pages\/11882\/revisions"}],"wp:featuredmedia":[{"embeddable":true,"href":"https:\/\/deputadotaveirajr.com.br\/index.php\/wp-json\/wp\/v2\/media\/11883"}],"wp:attachment":[{"href":"https:\/\/deputadotaveirajr.com.br\/index.php\/wp-json\/wp\/v2\/media?parent=11882"}],"curies":[{"name":"wp","href":"https:\/\/api.w.org\/{rel}","templated":true}]}}